{"id":6100,"date":"2020-02-01T16:10:53","date_gmt":"2020-02-01T15:10:53","guid":{"rendered":"https:\/\/www.oudadl.testontwikkeling.nl\/product\/import-placeholder-for-235352\/"},"modified":"2025-12-01T12:26:44","modified_gmt":"2025-12-01T11:26:44","slug":"led-markeringslamp-rood-28mm","status":"publish","type":"product","link":"https:\/\/www.oudadl.testontwikkeling.nl\/nl\/product\/led-markeringslamp-rood-28mm\/","title":{"rendered":"LED markeringslamp rood 28mm"},"content":{"rendered":"<p><span style=\"color: #000000\"><strong>LED inbouw markeringslamp rood 28mm, voor 12 &amp; 24 volt.\u00a0<\/strong><\/span><\/p>\n<p><span style=\"color: #000000\">Wilt u uw auto, vrachtwagen of aanhanger voorzien van een kleine ronde markeringslamp, maar weet u niet wat u precies zoekt? Wellicht is de rood oplichtende markeringslamp van Nedking dan wel d\u00e9 lamp die u zoekt. Deze LED lamp is voorzien van 3 LED punten en is te gebruiken op 12 en 24 volt. Dit betekend dat u de LED lamp bijvoorbeeld kunt gebruiken voor uw auto, camper, bestelwagen, vrachtwagen, aanhanger of ander soort voertuig. <\/span><\/p>\n<p><span style=\"color: #000000\">Gezien u v\u00f3\u00f3r de aankoop zeker wilt weten dat dit d\u00e9 LED lamp is die u zoekt, hebben we wat eigenschappen uitgeschreven. De ROOD oplichtende LED markeringslamp 28mm van het merk Nedking is voorzien van het ECE R10 keurmerk. Dit keurmerk geeft aan dat bij juiste installatie de lamp niet zal storen op bijvoorbeeld uw radiosignaal. Verder is de LED lamp voorzien van een rubber ring waarmee u de lamp eenvoudig in het voorgeboorde gat vast kunt zetten. Tevens is de lamp voorzien van 15 centimeter aansluitkabel.\u00a0<\/span><\/p>\n<h5><span style=\"color: #000000\"><strong>Afmetingen:<\/strong><\/span><\/h5>\n<p><span style=\"color: #000000\">Om er zeker van te zijn dat u de ronde LED markeringslamp met rood glas kunt monteren waar u wilt hebben we hieronder de afmetingen genoteerd. De afmetingen van de rode LED lamp van het merk Nedking zijn als volgend:<\/span><\/p>\n<ul>\n<li><span style=\"color: #000000\">Diameter: 28 mm<\/span><\/li>\n<li><span style=\"color: #000000\">Hoogte: 25 mm<\/span><\/li>\n<li><span style=\"color: #000000\">Inbouw dikte: 20 mm<\/span><\/li>\n<\/ul>\n<h5><span style=\"color: #000000\"><strong>Overige kleuren:<\/strong><\/span><\/h5>\n<p><span style=\"color: #000000\">Is de ronde LED lamp met rood glas wel naar wens maar is de kleur niet de kleur die u zoekt? Weet dan dat de Nedking LED markeringslamp rood ook beschikbaar is in de volgende kleuren:<\/span><\/p>\n<ul>\n<li><span style=\"color: #000000\"><strong><a style=\"color: #000000\" href=\"https:\/\/www.oudadl.testontwikkeling.nl\/product\/led-markeringslamp-wit-28mm\/\">LED markeringslamp 28mm wit<\/a><\/strong><\/span><\/li>\n<li><span style=\"color: #000000\"><strong><a style=\"color: #000000\" href=\"https:\/\/www.oudadl.testontwikkeling.nl\/product\/led-markeringslamp-oranje-28mm\/\">LED markeringslamp 28mm oranje<\/a><\/strong><\/span><\/li>\n<\/ul>\n<p><span style=\"color: #000000\">Bent u toch van mening dat de Nedking LED markeringslamp rood niet is wat u zoekt? Simpelweg omdat de kleur of vorm niet naar wens is? Neem dan ook zeker eens een kijkje op onze pagina <a style=\"color: #000000\" href=\"https:\/\/www.oudadl.testontwikkeling.nl\/product-categorie\/positielampen\/markeringslampen\/\">markeringslampen<\/a>. Wellicht vind u hier wel het model lamp waarnaar u opzoek bent.<\/span><\/p>\n","protected":false},"excerpt":{"rendered":"<p>LED inbouw markeringslamp rood 28mm, voor 12 &amp; 24 volt.\u00a0 Wilt u uw auto, vrachtwagen of aanhanger voorzien van een kleine ronde markeringslamp, maar weet u niet wat u precies zoekt? Wellicht is de rood oplichtende markeringslamp van Nedking dan wel d\u00e9 lamp die u zoekt. Deze LED lamp is voorzien van 3 LED punten [&hellip;]<\/p>\n","protected":false},"featured_media":23942,"comment_status":"open","ping_status":"closed","template":"","meta":{"_acf_changed":false,"site-sidebar-layout":"default","site-content-layout":"default","ast-site-content-layout":"default","site-content-style":"default","site-sidebar-style":"default","ast-global-header-display":"","ast-banner-title-visibility":"","ast-main-header-display":"","ast-hfb-above-header-display":"","ast-hfb-below-header-display":"","ast-hfb-mobile-header-display":"","site-post-title":"","ast-breadcrumbs-content":"","ast-featured-img":"","footer-sml-layout":"","ast-disable-related-posts":"","theme-transparent-header-meta":"default","adv-header-id-meta":"","stick-header-meta":"","header-above-stick-meta":"","header-main-stick-meta":"","header-below-stick-meta":"","astra-migrate-meta-layouts":"set","ast-page-background-enabled":"default","ast-page-background-meta":{"desktop":{"background-color":"","background-image":"","background-repeat":"repeat","background-position":"center center","background-size":"auto","background-attachment":"scroll","background-type":"","background-media":"","overlay-type":"","overlay-color":"","overlay-opacity":"","overlay-gradient":""},"tablet":{"background-color":"","background-image":"","background-repeat":"repeat","background-position":"center center","background-size":"auto","background-attachment":"scroll","background-type":"","background-media":"","overlay-type":"","overlay-color":"","overlay-opacity":"","overlay-gradient":""},"mobile":{"background-color":"","background-image":"","background-repeat":"repeat","background-position":"center center","background-size":"auto","background-attachment":"scroll","background-type":"","background-media":"","overlay-type":"","overlay-color":"","overlay-opacity":"","overlay-gradient":""}},"ast-content-background-meta":{"desktop":{"background-color":"var(--ast-global-color-5)","background-image":"","background-repeat":"repeat","background-position":"center center","background-size":"auto","background-attachment":"scroll","background-type":"","background-media":"","overlay-type":"","overlay-color":"","overlay-opacity":"","overlay-gradient":""},"tablet":{"background-color":"var(--ast-global-color-5)","background-image":"","background-repeat":"repeat","background-position":"center center","background-size":"auto","background-attachment":"scroll","background-type":"","background-media":"","overlay-type":"","overlay-color":"","overlay-opacity":"","overlay-gradient":""},"mobile":{"background-color":"var(--ast-global-color-5)","background-image":"","background-repeat":"repeat","background-position":"center center","background-size":"auto","background-attachment":"scroll","background-type":"","background-media":"","overlay-type":"","overlay-color":"","overlay-opacity":"","overlay-gradient":""}}},"product_brand":[],"product_cat":[383,268,262],"product_tag":[263,2478,2476,5486,5485,2555,2473,2477,2474,2475],"class_list":{"0":"post-6100","1":"product","2":"type-product","3":"status-publish","4":"has-post-thumbnail","6":"product_cat-inbouw-verlichting-24-volt","7":"product_cat-inbouw-verlichting-12-volt","8":"product_cat-markeringslampen","9":"product_tag-contourverlichting","10":"product_tag-led-markering-rood","11":"product_tag-led-markeringslamp","12":"product_tag-led-markeringslamp-12-volt","13":"product_tag-led-markeringslamp-24-volt","14":"product_tag-led-markeringslamp-rood","15":"product_tag-markeringslamp-aanhanger","16":"product_tag-markeringslamp-camper","17":"product_tag-markeringslamp-trailer","18":"product_tag-markeringslamp-vrachtwagen","19":"pa_merkk-product-nedking","20":"desktop-align-left","21":"tablet-align-left","22":"mobile-align-left","24":"first","25":"instock","26":"taxable","27":"shipping-taxable","28":"purchasable","29":"product-type-simple"},"acf":[],"yoast_head":"<!-- This site is optimized with the Yoast SEO Premium plugin v25.9 (Yoast SEO v27.6) - https:\/\/yoast.com\/product\/yoast-seo-premium-wordpress\/ -->\n<title>LED markeringslamp rond rood 28mm - All Day Led - 12&amp;24 Volt<\/title>\n<meta name=\"description\" content=\"Markeringslamp rond rood LED - Nedking LED markeringslamp ROOD - voor 12&amp;24 volt - voor auto, tractor, shovel, aanhanger, vrachtwagen en meer\" \/>\n<meta name=\"robots\" content=\"noindex, follow, max-snippet:-1, max-image-preview:large, max-video-preview:-1\" \/>\n<meta property=\"og:locale\" content=\"nl_NL\" \/>\n<meta property=\"og:type\" content=\"article\" \/>\n<meta property=\"og:title\" content=\"LED markeringslamp rond rood 28mm - All Day Led - 12&amp;24 Volt\" \/>\n<meta property=\"og:description\" content=\"Markeringslamp rond rood LED - Nedking LED markeringslamp ROOD - voor 12&amp;24 volt - voor auto, tractor, shovel, aanhanger, vrachtwagen en meer\" \/>\n<meta property=\"og:url\" content=\"https:\/\/www.oudadl.testontwikkeling.nl\/nl\/product\/led-markeringslamp-rood-28mm\/\" \/>\n<meta property=\"og:site_name\" content=\"All Day Led\" \/>\n<meta property=\"article:publisher\" content=\"https:\/\/www.facebook.com\/alldayled\/\" \/>\n<meta property=\"article:modified_time\" content=\"2025-12-01T11:26:44+00:00\" \/>\n<meta property=\"og:image\" content=\"https:\/\/www.oudadl.testontwikkeling.nl\/wp-content\/uploads\/2024\/09\/ADL08406.01.png\" \/>\n\t<meta property=\"og:image:width\" content=\"800\" \/>\n\t<meta property=\"og:image:height\" content=\"800\" \/>\n\t<meta property=\"og:image:type\" content=\"image\/png\" \/>\n<meta name=\"twitter:label1\" content=\"Prijs\" \/>\n\t<meta name=\"twitter:data1\" content=\"&euro;8,95\" \/>\n\t<meta name=\"twitter:label2\" content=\"Beschikbaarheid\" \/>\n\t<meta name=\"twitter:data2\" content=\"Op voorraad\" \/>\n<script type=\"application\/ld+json\" class=\"yoast-schema-graph\">{\"@context\":\"https:\\\/\\\/schema.org\",\"@graph\":[{\"@type\":\"WebPage\",\"@id\":\"https:\\\/\\\/www.oudadl.testontwikkeling.nl\\\/product\\\/led-markeringslamp-rood-28mm\\\/\",\"url\":\"https:\\\/\\\/www.oudadl.testontwikkeling.nl\\\/product\\\/led-markeringslamp-rood-28mm\\\/\",\"name\":\"LED markeringslamp rond rood 28mm - All Day Led - 12&24 Volt\",\"isPartOf\":{\"@id\":\"https:\\\/\\\/www.oudadl.testontwikkeling.nl\\\/#website\"},\"primaryImageOfPage\":{\"@id\":\"https:\\\/\\\/www.oudadl.testontwikkeling.nl\\\/product\\\/led-markeringslamp-rood-28mm\\\/#primaryimage\"},\"image\":{\"@id\":\"https:\\\/\\\/www.oudadl.testontwikkeling.nl\\\/product\\\/led-markeringslamp-rood-28mm\\\/#primaryimage\"},\"thumbnailUrl\":\"https:\\\/\\\/www.oudadl.testontwikkeling.nl\\\/wp-content\\\/uploads\\\/2020\\\/03\\\/ADL08406..png\",\"datePublished\":\"2020-02-01T15:10:53+00:00\",\"dateModified\":\"2025-12-01T11:26:44+00:00\",\"description\":\"Markeringslamp rond rood LED - Nedking LED markeringslamp ROOD - voor 12&24 volt - voor auto, tractor, shovel, aanhanger, vrachtwagen en meer\",\"breadcrumb\":{\"@id\":\"https:\\\/\\\/www.oudadl.testontwikkeling.nl\\\/product\\\/led-markeringslamp-rood-28mm\\\/#breadcrumb\"},\"inLanguage\":\"nl-NL\",\"potentialAction\":[{\"@type\":\"ReadAction\",\"target\":[\"https:\\\/\\\/www.oudadl.testontwikkeling.nl\\\/product\\\/led-markeringslamp-rood-28mm\\\/\"]}]},{\"@type\":\"ImageObject\",\"inLanguage\":\"nl-NL\",\"@id\":\"https:\\\/\\\/www.oudadl.testontwikkeling.nl\\\/product\\\/led-markeringslamp-rood-28mm\\\/#primaryimage\",\"url\":\"https:\\\/\\\/www.oudadl.testontwikkeling.nl\\\/wp-content\\\/uploads\\\/2020\\\/03\\\/ADL08406..png\",\"contentUrl\":\"https:\\\/\\\/www.oudadl.testontwikkeling.nl\\\/wp-content\\\/uploads\\\/2020\\\/03\\\/ADL08406..png\",\"width\":800,\"height\":600,\"caption\":\"Nedking LED markeringslamp rond rood inbouw - voor 12 & 24 volt gebruik - 28mm - EAN: 6090552640643\"},{\"@type\":\"BreadcrumbList\",\"@id\":\"https:\\\/\\\/www.oudadl.testontwikkeling.nl\\\/product\\\/led-markeringslamp-rood-28mm\\\/#breadcrumb\",\"itemListElement\":[{\"@type\":\"ListItem\",\"position\":1,\"name\":\"Home\",\"item\":\"https:\\\/\\\/www.oudadl.testontwikkeling.nl\\\/\"},{\"@type\":\"ListItem\",\"position\":2,\"name\":\"Shop\",\"item\":\"https:\\\/\\\/www.oudadl.testontwikkeling.nl\\\/de\\\/shop\\\/\"},{\"@type\":\"ListItem\",\"position\":3,\"name\":\"Positielampen\",\"item\":\"https:\\\/\\\/www.oudadl.testontwikkeling.nl\\\/product-categorie\\\/positielampen\\\/\"},{\"@type\":\"ListItem\",\"position\":4,\"name\":\"Markeringslampen\",\"item\":\"https:\\\/\\\/www.oudadl.testontwikkeling.nl\\\/product-categorie\\\/positielampen\\\/markeringslampen\\\/\"},{\"@type\":\"ListItem\",\"position\":5,\"name\":\"LED markeringslamp rood 28mm\"}]},{\"@type\":\"WebSite\",\"@id\":\"https:\\\/\\\/www.oudadl.testontwikkeling.nl\\\/#website\",\"url\":\"https:\\\/\\\/www.oudadl.testontwikkeling.nl\\\/\",\"name\":\"All Day Led\",\"description\":\"\",\"publisher\":{\"@id\":\"https:\\\/\\\/www.oudadl.testontwikkeling.nl\\\/#organization\"},\"potentialAction\":[{\"@type\":\"SearchAction\",\"target\":{\"@type\":\"EntryPoint\",\"urlTemplate\":\"https:\\\/\\\/www.oudadl.testontwikkeling.nl\\\/?s={search_term_string}\"},\"query-input\":{\"@type\":\"PropertyValueSpecification\",\"valueRequired\":true,\"valueName\":\"search_term_string\"}}],\"inLanguage\":\"nl-NL\"},{\"@type\":\"Organization\",\"@id\":\"https:\\\/\\\/www.oudadl.testontwikkeling.nl\\\/#organization\",\"name\":\"All Day Led\",\"url\":\"https:\\\/\\\/www.oudadl.testontwikkeling.nl\\\/\",\"logo\":{\"@type\":\"ImageObject\",\"inLanguage\":\"nl-NL\",\"@id\":\"https:\\\/\\\/www.oudadl.testontwikkeling.nl\\\/#\\\/schema\\\/logo\\\/image\\\/\",\"url\":\"https:\\\/\\\/www.oudadl.testontwikkeling.nl\\\/wp-content\\\/uploads\\\/2022\\\/08\\\/Logo-ALL-DAY-LED-800x800-zwart-witte-letters.png\",\"contentUrl\":\"https:\\\/\\\/www.oudadl.testontwikkeling.nl\\\/wp-content\\\/uploads\\\/2022\\\/08\\\/Logo-ALL-DAY-LED-800x800-zwart-witte-letters.png\",\"width\":800,\"height\":800,\"caption\":\"All Day Led\"},\"image\":{\"@id\":\"https:\\\/\\\/www.oudadl.testontwikkeling.nl\\\/#\\\/schema\\\/logo\\\/image\\\/\"},\"sameAs\":[\"https:\\\/\\\/www.facebook.com\\\/alldayled\\\/\",\"https:\\\/\\\/www.instagram.com\\\/alldayled\\\/\"],\"vatID\":\"NL863960133B01\",\"taxID\":\"86416545\",\"hasMerchantReturnPolicy\":{\"@type\":\"MerchantReturnPolicy\",\"merchantReturnLink\":\"https:\\\/\\\/www.oudadl.testontwikkeling.nl\\\/nl\\\/verzenden-retourneren\\\/\"}}]}<\/script>\n<meta property=\"product:brand\" content=\"Nedking\" \/>\n<meta property=\"product:price:amount\" content=\"8.95\" \/>\n<meta property=\"product:price:currency\" content=\"EUR\" \/>\n<meta property=\"og:availability\" content=\"instock\" \/>\n<meta property=\"product:availability\" content=\"instock\" \/>\n<meta property=\"product:retailer_item_id\" content=\"ADL08406\" \/>\n<meta property=\"product:condition\" content=\"new\" \/>\n<!-- \/ Yoast SEO Premium plugin. -->","yoast_head_json":{"title":"LED markeringslamp rond rood 28mm - All Day Led - 12&24 Volt","description":"Markeringslamp rond rood LED - Nedking LED markeringslamp ROOD - voor 12&24 volt - voor auto, tractor, shovel, aanhanger, vrachtwagen en meer","robots":{"index":"noindex","follow":"follow","max-snippet":"max-snippet:-1","max-image-preview":"max-image-preview:large","max-video-preview":"max-video-preview:-1"},"og_locale":"nl_NL","og_type":"article","og_title":"LED markeringslamp rond rood 28mm - All Day Led - 12&24 Volt","og_description":"Markeringslamp rond rood LED - Nedking LED markeringslamp ROOD - voor 12&24 volt - voor auto, tractor, shovel, aanhanger, vrachtwagen en meer","og_url":"https:\/\/www.oudadl.testontwikkeling.nl\/nl\/product\/led-markeringslamp-rood-28mm\/","og_site_name":"All Day Led","article_publisher":"https:\/\/www.facebook.com\/alldayled\/","article_modified_time":"2025-12-01T11:26:44+00:00","og_image":[{"width":800,"height":800,"url":"https:\/\/www.oudadl.testontwikkeling.nl\/wp-content\/uploads\/2024\/09\/ADL08406.01.png","type":"image\/png"}],"twitter_misc":{"Prijs":"&euro;8,95","Beschikbaarheid":"Op voorraad"},"schema":{"@context":"https:\/\/schema.org","@graph":[{"@type":"WebPage","@id":"https:\/\/www.oudadl.testontwikkeling.nl\/product\/led-markeringslamp-rood-28mm\/","url":"https:\/\/www.oudadl.testontwikkeling.nl\/product\/led-markeringslamp-rood-28mm\/","name":"LED markeringslamp rond rood 28mm - All Day Led - 12&24 Volt","isPartOf":{"@id":"https:\/\/www.oudadl.testontwikkeling.nl\/#website"},"primaryImageOfPage":{"@id":"https:\/\/www.oudadl.testontwikkeling.nl\/product\/led-markeringslamp-rood-28mm\/#primaryimage"},"image":{"@id":"https:\/\/www.oudadl.testontwikkeling.nl\/product\/led-markeringslamp-rood-28mm\/#primaryimage"},"thumbnailUrl":"https:\/\/www.oudadl.testontwikkeling.nl\/wp-content\/uploads\/2020\/03\/ADL08406..png","datePublished":"2020-02-01T15:10:53+00:00","dateModified":"2025-12-01T11:26:44+00:00","description":"Markeringslamp rond rood LED - Nedking LED markeringslamp ROOD - voor 12&24 volt - voor auto, tractor, shovel, aanhanger, vrachtwagen en meer","breadcrumb":{"@id":"https:\/\/www.oudadl.testontwikkeling.nl\/product\/led-markeringslamp-rood-28mm\/#breadcrumb"},"inLanguage":"nl-NL","potentialAction":[{"@type":"ReadAction","target":["https:\/\/www.oudadl.testontwikkeling.nl\/product\/led-markeringslamp-rood-28mm\/"]}]},{"@type":"ImageObject","inLanguage":"nl-NL","@id":"https:\/\/www.oudadl.testontwikkeling.nl\/product\/led-markeringslamp-rood-28mm\/#primaryimage","url":"https:\/\/www.oudadl.testontwikkeling.nl\/wp-content\/uploads\/2020\/03\/ADL08406..png","contentUrl":"https:\/\/www.oudadl.testontwikkeling.nl\/wp-content\/uploads\/2020\/03\/ADL08406..png","width":800,"height":600,"caption":"Nedking LED markeringslamp rond rood inbouw - voor 12 & 24 volt gebruik - 28mm - EAN: 6090552640643"},{"@type":"BreadcrumbList","@id":"https:\/\/www.oudadl.testontwikkeling.nl\/product\/led-markeringslamp-rood-28mm\/#breadcrumb","itemListElement":[{"@type":"ListItem","position":1,"name":"Home","item":"https:\/\/www.oudadl.testontwikkeling.nl\/"},{"@type":"ListItem","position":2,"name":"Shop","item":"https:\/\/www.oudadl.testontwikkeling.nl\/de\/shop\/"},{"@type":"ListItem","position":3,"name":"Positielampen","item":"https:\/\/www.oudadl.testontwikkeling.nl\/product-categorie\/positielampen\/"},{"@type":"ListItem","position":4,"name":"Markeringslampen","item":"https:\/\/www.oudadl.testontwikkeling.nl\/product-categorie\/positielampen\/markeringslampen\/"},{"@type":"ListItem","position":5,"name":"LED markeringslamp rood 28mm"}]},{"@type":"WebSite","@id":"https:\/\/www.oudadl.testontwikkeling.nl\/#website","url":"https:\/\/www.oudadl.testontwikkeling.nl\/","name":"All Day Led","description":"","publisher":{"@id":"https:\/\/www.oudadl.testontwikkeling.nl\/#organization"},"potentialAction":[{"@type":"SearchAction","target":{"@type":"EntryPoint","urlTemplate":"https:\/\/www.oudadl.testontwikkeling.nl\/?s={search_term_string}"},"query-input":{"@type":"PropertyValueSpecification","valueRequired":true,"valueName":"search_term_string"}}],"inLanguage":"nl-NL"},{"@type":"Organization","@id":"https:\/\/www.oudadl.testontwikkeling.nl\/#organization","name":"All Day Led","url":"https:\/\/www.oudadl.testontwikkeling.nl\/","logo":{"@type":"ImageObject","inLanguage":"nl-NL","@id":"https:\/\/www.oudadl.testontwikkeling.nl\/#\/schema\/logo\/image\/","url":"https:\/\/www.oudadl.testontwikkeling.nl\/wp-content\/uploads\/2022\/08\/Logo-ALL-DAY-LED-800x800-zwart-witte-letters.png","contentUrl":"https:\/\/www.oudadl.testontwikkeling.nl\/wp-content\/uploads\/2022\/08\/Logo-ALL-DAY-LED-800x800-zwart-witte-letters.png","width":800,"height":800,"caption":"All Day Led"},"image":{"@id":"https:\/\/www.oudadl.testontwikkeling.nl\/#\/schema\/logo\/image\/"},"sameAs":["https:\/\/www.facebook.com\/alldayled\/","https:\/\/www.instagram.com\/alldayled\/"],"vatID":"NL863960133B01","taxID":"86416545","hasMerchantReturnPolicy":{"@type":"MerchantReturnPolicy","merchantReturnLink":"https:\/\/www.oudadl.testontwikkeling.nl\/nl\/verzenden-retourneren\/"}}]},"product_brand":"Nedking","product_price_amount":"8.95","product_price_currency":"EUR","og_availability":"instock","product_availability":"instock","product_retailer_item_id":"ADL08406","product_condition":"new"},"_links":{"self":[{"href":"https:\/\/www.oudadl.testontwikkeling.nl\/nl\/wp-json\/wp\/v2\/product\/6100","targetHints":{"allow":["GET"]}}],"collection":[{"href":"https:\/\/www.oudadl.testontwikkeling.nl\/nl\/wp-json\/wp\/v2\/product"}],"about":[{"href":"https:\/\/www.oudadl.testontwikkeling.nl\/nl\/wp-json\/wp\/v2\/types\/product"}],"replies":[{"embeddable":true,"href":"https:\/\/www.oudadl.testontwikkeling.nl\/nl\/wp-json\/wp\/v2\/comments?post=6100"}],"wp:featuredmedia":[{"embeddable":true,"href":"https:\/\/www.oudadl.testontwikkeling.nl\/nl\/wp-json\/wp\/v2\/media\/23942"}],"wp:attachment":[{"href":"https:\/\/www.oudadl.testontwikkeling.nl\/nl\/wp-json\/wp\/v2\/media?parent=6100"}],"wp:term":[{"taxonomy":"product_brand","embeddable":true,"href":"https:\/\/www.oudadl.testontwikkeling.nl\/nl\/wp-json\/wp\/v2\/product_brand?post=6100"},{"taxonomy":"product_cat","embeddable":true,"href":"https:\/\/www.oudadl.testontwikkeling.nl\/nl\/wp-json\/wp\/v2\/product_cat?post=6100"},{"taxonomy":"product_tag","embeddable":true,"href":"https:\/\/www.oudadl.testontwikkeling.nl\/nl\/wp-json\/wp\/v2\/product_tag?post=6100"}],"curies":[{"name":"wp","href":"https:\/\/api.w.org\/{rel}","templated":true}]}}