{"id":49858,"date":"2024-10-10T15:10:54","date_gmt":"2024-10-10T14:10:54","guid":{"rendered":"https:\/\/www.oudadl.testontwikkeling.nl\/?post_type=product&#038;p=49858"},"modified":"2025-07-03T15:52:56","modified_gmt":"2025-07-03T13:52:56","slug":"mtrs-zonneklep-lamp-warm-wit-wit","status":"publish","type":"product","link":"https:\/\/www.oudadl.testontwikkeling.nl\/nl\/product\/mtrs-zonneklep-lamp-warm-wit-wit\/","title":{"rendered":"MTRS zonneklep lamp warm wit &#8211; WIT"},"content":{"rendered":"<p><span style=\"color: #000000\"><strong>MTRS zonneklep lamp warm wit 24 volt wit, geschikt voor onder andere Scania Next Gen.<\/strong><\/span><\/p>\n<p><span style=\"color: #000000\">Bent u op zoek naar een LED toplamp die u bijvoorbeeld kunt monteren in de zonneklep van uw vrachtwagen? Maar wilt u niet de koud witte LED kleur? Dan is de MTRS zonneklep lamp WARM WIT wit, wellicht d\u00e9 lamp waar u naar op zoek bent. De zonneklep lamp heeft 12 LED punten en zal oplichten in de kleur WARM WIT met kleurcode 3000k. Verder is LED lamp voorzien van een witte behuizing en zit er een 10 centimeter lange aansluitkabel aan. De SINGLE COLOR toplamp werkt enkel op 24 volt. Dit houdt in dat u de zonneklep lamp alleen kunt gebruiken voor bijvoorbeeld uw vrachtwagen of trailer. <\/span><\/p>\n<p><span style=\"color: #000000\">Omdat u v\u00f3\u00f3r aankoop zeker wilt weten dat dit d\u00e9 lamp is die u zoekt. Hebben we hieronder wat eigenschappen van de LED lamp uitgeschreven. De MTRS zonneklep lamp WARM WIT met wit huis is bijvoorbeeld voorzien van een originele aansluitstekker. Dit, in combinatie met zijn goede pasvorm, maakt het installeren en aansluiten van de lamp zeer eenvoudig. Verder zijn er twee klemmen op de lamp aangebracht waardoor de lamp zeer goed op zijn plaats blijft zitten. Ten slotte wordt de lamp geleverd met melkglas, hierdoor is het aanzicht bij een uitgeschakelde lamp ook mooi.<\/span><\/p>\n<h5><span style=\"color: #000000\"><strong>Overige opties:<\/strong><\/span><\/h5>\n<p><span style=\"color: #000000\">Wilt u uw vrachtwagen voorzien van een WARM WIT oplichtende zonneklep lamp, maar is dit niet de uitvoering die u zoekt? Of bent u simpelweg op zoek naar een tweekleurige lamp of module waarmee u de lamp van kleur kunt laten wisselen? Bekijk dan hier de onderdelen die wij naast de MTRS zonneklep lamp WARM WIT met wit huis aanbieden.\u00a0<\/span><\/p>\n<ul>\n<li><span style=\"color: #000000\"><a style=\"color: #000000\" href=\"https:\/\/www.oudadl.testontwikkeling.nl\/product\/mtrs-zonneklep-lamp-wit-oranje-zwart\/\"><strong>DUAL COLOR lamp ZWART<\/strong><\/a><\/span><\/li>\n<li><a href=\"https:\/\/www.oudadl.testontwikkeling.nl\/product\/mtrs-zonneklep-lamp-warm-wit-zwart\/\"><span style=\"color: #000000\"><strong>WARM WIT lamp ZWART<\/strong><\/span><\/a><\/li>\n<li><span style=\"color: #000000\"><a style=\"color: #000000\" href=\"https:\/\/www.oudadl.testontwikkeling.nl\/product\/mtrs-zonneklep-lamp-wit-oranje-wit\/\"><strong>DUAL COLOR lamp WIT<\/strong><\/a><\/span><\/li>\n<li><span style=\"color: #000000\"><a style=\"color: #000000\" href=\"https:\/\/www.oudadl.testontwikkeling.nl\/product\/dual-color-zonneklep-lamp-adapter\/\"><strong>Lamp adapter<\/strong><\/a><\/span><\/li>\n<\/ul>\n<p><span style=\"color: #000000\">Bent u toch na het lezen van alles toch van mening dat de zonneklep lamp WARM WIT met wit huis niet is wat u zoekt? Simpel weg omdat de kleur van de behuizing, vorm van de lamp of voltage niet naar wens is? Neem dan ook zeker eens een kijkje op onze pagina <a style=\"color: #000000\" href=\"https:\/\/www.oudadl.testontwikkeling.nl\/product-categorie\/verlichting-vrachtwagen\/\">vrachtwagen verlichting<\/a>. Wellicht vindt u hier wel het model lamp of onderdeel waar naar u op zoek bent.<\/span><\/p>\n","protected":false},"excerpt":{"rendered":"<p>MTRS zonneklep lamp warm wit 24 volt wit, geschikt voor onder andere Scania Next Gen. Bent u op zoek naar een LED toplamp die u bijvoorbeeld kunt monteren in de zonneklep van uw vrachtwagen? Maar wilt u niet de koud witte LED kleur? Dan is de MTRS zonneklep lamp WARM WIT wit, wellicht d\u00e9 lamp [&hellip;]<\/p>\n","protected":false},"featured_media":50387,"comment_status":"open","ping_status":"closed","template":"","meta":{"_acf_changed":false,"site-sidebar-layout":"default","site-content-layout":"default","ast-site-content-layout":"default","site-content-style":"default","site-sidebar-style":"default","ast-global-header-display":"","ast-banner-title-visibility":"","ast-main-header-display":"","ast-hfb-above-header-display":"","ast-hfb-below-header-display":"","ast-hfb-mobile-header-display":"","site-post-title":"","ast-breadcrumbs-content":"","ast-featured-img":"","footer-sml-layout":"","ast-disable-related-posts":"","theme-transparent-header-meta":"default","adv-header-id-meta":"","stick-header-meta":"","header-above-stick-meta":"","header-main-stick-meta":"","header-below-stick-meta":"","astra-migrate-meta-layouts":"set","ast-page-background-enabled":"default","ast-page-background-meta":{"desktop":{"background-color":"","background-image":"","background-repeat":"repeat","background-position":"center center","background-size":"auto","background-attachment":"scroll","background-type":"","background-media":"","overlay-type":"","overlay-color":"","overlay-opacity":"","overlay-gradient":""},"tablet":{"background-color":"","background-image":"","background-repeat":"repeat","background-position":"center center","background-size":"auto","background-attachment":"scroll","background-type":"","background-media":"","overlay-type":"","overlay-color":"","overlay-opacity":"","overlay-gradient":""},"mobile":{"background-color":"","background-image":"","background-repeat":"repeat","background-position":"center center","background-size":"auto","background-attachment":"scroll","background-type":"","background-media":"","overlay-type":"","overlay-color":"","overlay-opacity":"","overlay-gradient":""}},"ast-content-background-meta":{"desktop":{"background-color":"var(--ast-global-color-5)","background-image":"","background-repeat":"repeat","background-position":"center center","background-size":"auto","background-attachment":"scroll","background-type":"","background-media":"","overlay-type":"","overlay-color":"","overlay-opacity":"","overlay-gradient":""},"tablet":{"background-color":"var(--ast-global-color-5)","background-image":"","background-repeat":"repeat","background-position":"center center","background-size":"auto","background-attachment":"scroll","background-type":"","background-media":"","overlay-type":"","overlay-color":"","overlay-opacity":"","overlay-gradient":""},"mobile":{"background-color":"var(--ast-global-color-5)","background-image":"","background-repeat":"repeat","background-position":"center center","background-size":"auto","background-attachment":"scroll","background-type":"","background-media":"","overlay-type":"","overlay-color":"","overlay-opacity":"","overlay-gradient":""}}},"product_brand":[],"product_cat":[217,270],"product_tag":[289,290,2236],"class_list":{"0":"post-49858","1":"product","2":"type-product","3":"status-publish","4":"has-post-thumbnail","6":"product_cat-scania-verlichting","7":"product_cat-toplichten","8":"product_tag-scania","9":"product_tag-scania-next-gen","10":"product_tag-scania-toplamp","11":"pa_merkk-mtrs","12":"desktop-align-left","13":"tablet-align-left","14":"mobile-align-left","16":"first","17":"instock","18":"taxable","19":"shipping-taxable","20":"purchasable","21":"product-type-simple"},"acf":[],"yoast_head":"<!-- This site is optimized with the Yoast SEO Premium plugin v25.9 (Yoast SEO v27.6) - https:\/\/yoast.com\/product\/yoast-seo-premium-wordpress\/ -->\n<title>MTRS zonneklep lamp WARM WIT wit - All Day Led - Kleur: 3000K<\/title>\n<meta name=\"description\" content=\"MTRS zonneklep lamp WARM WIT wit huis - LED lamp voor vrachtwagen - geschikt voor o.a. Scania zonneklep met nieuwe lampgaten - 3000K HALOGEEN KLEUR\" \/>\n<meta name=\"robots\" content=\"noindex, follow, max-snippet:-1, max-image-preview:large, max-video-preview:-1\" \/>\n<meta property=\"og:locale\" content=\"nl_NL\" \/>\n<meta property=\"og:type\" content=\"article\" \/>\n<meta property=\"og:title\" content=\"MTRS zonneklep lamp WARM WIT wit - All Day Led - Kleur: 3000K\" \/>\n<meta property=\"og:description\" content=\"MTRS zonneklep lamp WARM WIT wit huis - LED lamp voor vrachtwagen - geschikt voor o.a. Scania zonneklep met nieuwe lampgaten - 3000K HALOGEEN KLEUR\" \/>\n<meta property=\"og:url\" content=\"https:\/\/www.oudadl.testontwikkeling.nl\/nl\/product\/mtrs-zonneklep-lamp-warm-wit-wit\/\" \/>\n<meta property=\"og:site_name\" content=\"All Day Led\" \/>\n<meta property=\"article:publisher\" content=\"https:\/\/www.facebook.com\/alldayled\/\" \/>\n<meta property=\"article:modified_time\" content=\"2025-07-03T13:52:56+00:00\" \/>\n<meta property=\"og:image\" content=\"https:\/\/www.oudadl.testontwikkeling.nl\/wp-content\/uploads\/2024\/10\/ADL40925-WW-01.png\" \/>\n\t<meta property=\"og:image:width\" content=\"800\" \/>\n\t<meta property=\"og:image:height\" content=\"600\" \/>\n\t<meta property=\"og:image:type\" content=\"image\/png\" \/>\n<meta name=\"twitter:label1\" content=\"Prijs\" \/>\n\t<meta name=\"twitter:data1\" content=\"&euro;44,95\" \/>\n\t<meta name=\"twitter:label2\" content=\"Beschikbaarheid\" \/>\n\t<meta name=\"twitter:data2\" content=\"Op voorraad\" \/>\n<script type=\"application\/ld+json\" class=\"yoast-schema-graph\">{\"@context\":\"https:\\\/\\\/schema.org\",\"@graph\":[{\"@type\":\"WebPage\",\"@id\":\"https:\\\/\\\/www.oudadl.testontwikkeling.nl\\\/product\\\/mtrs-zonneklep-lamp-warm-wit-wit\\\/\",\"url\":\"https:\\\/\\\/www.oudadl.testontwikkeling.nl\\\/product\\\/mtrs-zonneklep-lamp-warm-wit-wit\\\/\",\"name\":\"MTRS zonneklep lamp WARM WIT wit - All Day Led - Kleur: 3000K\",\"isPartOf\":{\"@id\":\"https:\\\/\\\/www.oudadl.testontwikkeling.nl\\\/#website\"},\"primaryImageOfPage\":{\"@id\":\"https:\\\/\\\/www.oudadl.testontwikkeling.nl\\\/product\\\/mtrs-zonneklep-lamp-warm-wit-wit\\\/#primaryimage\"},\"image\":{\"@id\":\"https:\\\/\\\/www.oudadl.testontwikkeling.nl\\\/product\\\/mtrs-zonneklep-lamp-warm-wit-wit\\\/#primaryimage\"},\"thumbnailUrl\":\"https:\\\/\\\/www.oudadl.testontwikkeling.nl\\\/wp-content\\\/uploads\\\/2024\\\/10\\\/ADL40925-WW.png\",\"datePublished\":\"2024-10-10T14:10:54+00:00\",\"dateModified\":\"2025-07-03T13:52:56+00:00\",\"description\":\"MTRS zonneklep lamp WARM WIT wit huis - LED lamp voor vrachtwagen - geschikt voor o.a. Scania zonneklep met nieuwe lampgaten - 3000K HALOGEEN KLEUR\",\"breadcrumb\":{\"@id\":\"https:\\\/\\\/www.oudadl.testontwikkeling.nl\\\/product\\\/mtrs-zonneklep-lamp-warm-wit-wit\\\/#breadcrumb\"},\"inLanguage\":\"nl-NL\",\"potentialAction\":[{\"@type\":\"ReadAction\",\"target\":[\"https:\\\/\\\/www.oudadl.testontwikkeling.nl\\\/product\\\/mtrs-zonneklep-lamp-warm-wit-wit\\\/\"]}]},{\"@type\":\"ImageObject\",\"inLanguage\":\"nl-NL\",\"@id\":\"https:\\\/\\\/www.oudadl.testontwikkeling.nl\\\/product\\\/mtrs-zonneklep-lamp-warm-wit-wit\\\/#primaryimage\",\"url\":\"https:\\\/\\\/www.oudadl.testontwikkeling.nl\\\/wp-content\\\/uploads\\\/2024\\\/10\\\/ADL40925-WW.png\",\"contentUrl\":\"https:\\\/\\\/www.oudadl.testontwikkeling.nl\\\/wp-content\\\/uploads\\\/2024\\\/10\\\/ADL40925-WW.png\",\"width\":800,\"height\":600,\"caption\":\"MTRS zonneklep lamp LED WARM WIT - geschikt voor onder andere Scania Next Gen vrachtwagen - voor nieuwe lampgaten - behuizing is WIT van kleur - Matronics nummer 240925-WW - EAN:\"},{\"@type\":\"BreadcrumbList\",\"@id\":\"https:\\\/\\\/www.oudadl.testontwikkeling.nl\\\/product\\\/mtrs-zonneklep-lamp-warm-wit-wit\\\/#breadcrumb\",\"itemListElement\":[{\"@type\":\"ListItem\",\"position\":1,\"name\":\"Home\",\"item\":\"https:\\\/\\\/www.oudadl.testontwikkeling.nl\\\/\"},{\"@type\":\"ListItem\",\"position\":2,\"name\":\"Shop\",\"item\":\"https:\\\/\\\/www.oudadl.testontwikkeling.nl\\\/de\\\/shop\\\/\"},{\"@type\":\"ListItem\",\"position\":3,\"name\":\"Overige\",\"item\":\"https:\\\/\\\/www.oudadl.testontwikkeling.nl\\\/product-categorie\\\/overige-producten\\\/\"},{\"@type\":\"ListItem\",\"position\":4,\"name\":\"Toplichten\",\"item\":\"https:\\\/\\\/www.oudadl.testontwikkeling.nl\\\/product-categorie\\\/overige-producten\\\/toplichten\\\/\"},{\"@type\":\"ListItem\",\"position\":5,\"name\":\"MTRS zonneklep lamp warm wit &#8211; WIT\"}]},{\"@type\":\"WebSite\",\"@id\":\"https:\\\/\\\/www.oudadl.testontwikkeling.nl\\\/#website\",\"url\":\"https:\\\/\\\/www.oudadl.testontwikkeling.nl\\\/\",\"name\":\"All Day Led\",\"description\":\"\",\"publisher\":{\"@id\":\"https:\\\/\\\/www.oudadl.testontwikkeling.nl\\\/#organization\"},\"potentialAction\":[{\"@type\":\"SearchAction\",\"target\":{\"@type\":\"EntryPoint\",\"urlTemplate\":\"https:\\\/\\\/www.oudadl.testontwikkeling.nl\\\/?s={search_term_string}\"},\"query-input\":{\"@type\":\"PropertyValueSpecification\",\"valueRequired\":true,\"valueName\":\"search_term_string\"}}],\"inLanguage\":\"nl-NL\"},{\"@type\":\"Organization\",\"@id\":\"https:\\\/\\\/www.oudadl.testontwikkeling.nl\\\/#organization\",\"name\":\"All Day Led\",\"url\":\"https:\\\/\\\/www.oudadl.testontwikkeling.nl\\\/\",\"logo\":{\"@type\":\"ImageObject\",\"inLanguage\":\"nl-NL\",\"@id\":\"https:\\\/\\\/www.oudadl.testontwikkeling.nl\\\/#\\\/schema\\\/logo\\\/image\\\/\",\"url\":\"https:\\\/\\\/www.oudadl.testontwikkeling.nl\\\/wp-content\\\/uploads\\\/2022\\\/08\\\/Logo-ALL-DAY-LED-800x800-zwart-witte-letters.png\",\"contentUrl\":\"https:\\\/\\\/www.oudadl.testontwikkeling.nl\\\/wp-content\\\/uploads\\\/2022\\\/08\\\/Logo-ALL-DAY-LED-800x800-zwart-witte-letters.png\",\"width\":800,\"height\":800,\"caption\":\"All Day Led\"},\"image\":{\"@id\":\"https:\\\/\\\/www.oudadl.testontwikkeling.nl\\\/#\\\/schema\\\/logo\\\/image\\\/\"},\"sameAs\":[\"https:\\\/\\\/www.facebook.com\\\/alldayled\\\/\",\"https:\\\/\\\/www.instagram.com\\\/alldayled\\\/\"],\"vatID\":\"NL863960133B01\",\"taxID\":\"86416545\",\"hasMerchantReturnPolicy\":{\"@type\":\"MerchantReturnPolicy\",\"merchantReturnLink\":\"https:\\\/\\\/www.oudadl.testontwikkeling.nl\\\/nl\\\/verzenden-retourneren\\\/\"}}]}<\/script>\n<meta property=\"product:brand\" content=\"MTRS\" \/>\n<meta property=\"product:price:amount\" content=\"44.95\" \/>\n<meta property=\"product:price:currency\" content=\"EUR\" \/>\n<meta property=\"og:availability\" content=\"instock\" \/>\n<meta property=\"product:availability\" content=\"instock\" \/>\n<meta property=\"product:retailer_item_id\" content=\"ADL40925-WW\" \/>\n<meta property=\"product:condition\" content=\"new\" \/>\n<!-- \/ Yoast SEO Premium plugin. -->","yoast_head_json":{"title":"MTRS zonneklep lamp WARM WIT wit - All Day Led - Kleur: 3000K","description":"MTRS zonneklep lamp WARM WIT wit huis - LED lamp voor vrachtwagen - geschikt voor o.a. Scania zonneklep met nieuwe lampgaten - 3000K HALOGEEN KLEUR","robots":{"index":"noindex","follow":"follow","max-snippet":"max-snippet:-1","max-image-preview":"max-image-preview:large","max-video-preview":"max-video-preview:-1"},"og_locale":"nl_NL","og_type":"article","og_title":"MTRS zonneklep lamp WARM WIT wit - All Day Led - Kleur: 3000K","og_description":"MTRS zonneklep lamp WARM WIT wit huis - LED lamp voor vrachtwagen - geschikt voor o.a. Scania zonneklep met nieuwe lampgaten - 3000K HALOGEEN KLEUR","og_url":"https:\/\/www.oudadl.testontwikkeling.nl\/nl\/product\/mtrs-zonneklep-lamp-warm-wit-wit\/","og_site_name":"All Day Led","article_publisher":"https:\/\/www.facebook.com\/alldayled\/","article_modified_time":"2025-07-03T13:52:56+00:00","og_image":[{"width":800,"height":600,"url":"https:\/\/www.oudadl.testontwikkeling.nl\/wp-content\/uploads\/2024\/10\/ADL40925-WW-01.png","type":"image\/png"}],"twitter_misc":{"Prijs":"&euro;44,95","Beschikbaarheid":"Op voorraad"},"schema":{"@context":"https:\/\/schema.org","@graph":[{"@type":"WebPage","@id":"https:\/\/www.oudadl.testontwikkeling.nl\/product\/mtrs-zonneklep-lamp-warm-wit-wit\/","url":"https:\/\/www.oudadl.testontwikkeling.nl\/product\/mtrs-zonneklep-lamp-warm-wit-wit\/","name":"MTRS zonneklep lamp WARM WIT wit - All Day Led - Kleur: 3000K","isPartOf":{"@id":"https:\/\/www.oudadl.testontwikkeling.nl\/#website"},"primaryImageOfPage":{"@id":"https:\/\/www.oudadl.testontwikkeling.nl\/product\/mtrs-zonneklep-lamp-warm-wit-wit\/#primaryimage"},"image":{"@id":"https:\/\/www.oudadl.testontwikkeling.nl\/product\/mtrs-zonneklep-lamp-warm-wit-wit\/#primaryimage"},"thumbnailUrl":"https:\/\/www.oudadl.testontwikkeling.nl\/wp-content\/uploads\/2024\/10\/ADL40925-WW.png","datePublished":"2024-10-10T14:10:54+00:00","dateModified":"2025-07-03T13:52:56+00:00","description":"MTRS zonneklep lamp WARM WIT wit huis - LED lamp voor vrachtwagen - geschikt voor o.a. Scania zonneklep met nieuwe lampgaten - 3000K HALOGEEN KLEUR","breadcrumb":{"@id":"https:\/\/www.oudadl.testontwikkeling.nl\/product\/mtrs-zonneklep-lamp-warm-wit-wit\/#breadcrumb"},"inLanguage":"nl-NL","potentialAction":[{"@type":"ReadAction","target":["https:\/\/www.oudadl.testontwikkeling.nl\/product\/mtrs-zonneklep-lamp-warm-wit-wit\/"]}]},{"@type":"ImageObject","inLanguage":"nl-NL","@id":"https:\/\/www.oudadl.testontwikkeling.nl\/product\/mtrs-zonneklep-lamp-warm-wit-wit\/#primaryimage","url":"https:\/\/www.oudadl.testontwikkeling.nl\/wp-content\/uploads\/2024\/10\/ADL40925-WW.png","contentUrl":"https:\/\/www.oudadl.testontwikkeling.nl\/wp-content\/uploads\/2024\/10\/ADL40925-WW.png","width":800,"height":600,"caption":"MTRS zonneklep lamp LED WARM WIT - geschikt voor onder andere Scania Next Gen vrachtwagen - voor nieuwe lampgaten - behuizing is WIT van kleur - Matronics nummer 240925-WW - EAN:"},{"@type":"BreadcrumbList","@id":"https:\/\/www.oudadl.testontwikkeling.nl\/product\/mtrs-zonneklep-lamp-warm-wit-wit\/#breadcrumb","itemListElement":[{"@type":"ListItem","position":1,"name":"Home","item":"https:\/\/www.oudadl.testontwikkeling.nl\/"},{"@type":"ListItem","position":2,"name":"Shop","item":"https:\/\/www.oudadl.testontwikkeling.nl\/de\/shop\/"},{"@type":"ListItem","position":3,"name":"Overige","item":"https:\/\/www.oudadl.testontwikkeling.nl\/product-categorie\/overige-producten\/"},{"@type":"ListItem","position":4,"name":"Toplichten","item":"https:\/\/www.oudadl.testontwikkeling.nl\/product-categorie\/overige-producten\/toplichten\/"},{"@type":"ListItem","position":5,"name":"MTRS zonneklep lamp warm wit &#8211; WIT"}]},{"@type":"WebSite","@id":"https:\/\/www.oudadl.testontwikkeling.nl\/#website","url":"https:\/\/www.oudadl.testontwikkeling.nl\/","name":"All Day Led","description":"","publisher":{"@id":"https:\/\/www.oudadl.testontwikkeling.nl\/#organization"},"potentialAction":[{"@type":"SearchAction","target":{"@type":"EntryPoint","urlTemplate":"https:\/\/www.oudadl.testontwikkeling.nl\/?s={search_term_string}"},"query-input":{"@type":"PropertyValueSpecification","valueRequired":true,"valueName":"search_term_string"}}],"inLanguage":"nl-NL"},{"@type":"Organization","@id":"https:\/\/www.oudadl.testontwikkeling.nl\/#organization","name":"All Day Led","url":"https:\/\/www.oudadl.testontwikkeling.nl\/","logo":{"@type":"ImageObject","inLanguage":"nl-NL","@id":"https:\/\/www.oudadl.testontwikkeling.nl\/#\/schema\/logo\/image\/","url":"https:\/\/www.oudadl.testontwikkeling.nl\/wp-content\/uploads\/2022\/08\/Logo-ALL-DAY-LED-800x800-zwart-witte-letters.png","contentUrl":"https:\/\/www.oudadl.testontwikkeling.nl\/wp-content\/uploads\/2022\/08\/Logo-ALL-DAY-LED-800x800-zwart-witte-letters.png","width":800,"height":800,"caption":"All Day Led"},"image":{"@id":"https:\/\/www.oudadl.testontwikkeling.nl\/#\/schema\/logo\/image\/"},"sameAs":["https:\/\/www.facebook.com\/alldayled\/","https:\/\/www.instagram.com\/alldayled\/"],"vatID":"NL863960133B01","taxID":"86416545","hasMerchantReturnPolicy":{"@type":"MerchantReturnPolicy","merchantReturnLink":"https:\/\/www.oudadl.testontwikkeling.nl\/nl\/verzenden-retourneren\/"}}]},"product_brand":"MTRS","product_price_amount":"44.95","product_price_currency":"EUR","og_availability":"instock","product_availability":"instock","product_retailer_item_id":"ADL40925-WW","product_condition":"new"},"_links":{"self":[{"href":"https:\/\/www.oudadl.testontwikkeling.nl\/nl\/wp-json\/wp\/v2\/product\/49858","targetHints":{"allow":["GET"]}}],"collection":[{"href":"https:\/\/www.oudadl.testontwikkeling.nl\/nl\/wp-json\/wp\/v2\/product"}],"about":[{"href":"https:\/\/www.oudadl.testontwikkeling.nl\/nl\/wp-json\/wp\/v2\/types\/product"}],"replies":[{"embeddable":true,"href":"https:\/\/www.oudadl.testontwikkeling.nl\/nl\/wp-json\/wp\/v2\/comments?post=49858"}],"wp:featuredmedia":[{"embeddable":true,"href":"https:\/\/www.oudadl.testontwikkeling.nl\/nl\/wp-json\/wp\/v2\/media\/50387"}],"wp:attachment":[{"href":"https:\/\/www.oudadl.testontwikkeling.nl\/nl\/wp-json\/wp\/v2\/media?parent=49858"}],"wp:term":[{"taxonomy":"product_brand","embeddable":true,"href":"https:\/\/www.oudadl.testontwikkeling.nl\/nl\/wp-json\/wp\/v2\/product_brand?post=49858"},{"taxonomy":"product_cat","embeddable":true,"href":"https:\/\/www.oudadl.testontwikkeling.nl\/nl\/wp-json\/wp\/v2\/product_cat?post=49858"},{"taxonomy":"product_tag","embeddable":true,"href":"https:\/\/www.oudadl.testontwikkeling.nl\/nl\/wp-json\/wp\/v2\/product_tag?post=49858"}],"curies":[{"name":"wp","href":"https:\/\/api.w.org\/{rel}","templated":true}]}}