{"id":49796,"date":"2024-10-10T14:55:33","date_gmt":"2024-10-10T13:55:33","guid":{"rendered":"https:\/\/www.oudadl.testontwikkeling.nl\/?post_type=product&#038;p=49796"},"modified":"2025-11-02T16:59:09","modified_gmt":"2025-11-02T15:59:09","slug":"mtrs-zonneklep-lamp-wit-oranje-wit","status":"publish","type":"product","link":"https:\/\/www.oudadl.testontwikkeling.nl\/nl\/product\/mtrs-zonneklep-lamp-wit-oranje-wit\/","title":{"rendered":"MTRS zonneklep lamp wit \/ oranje &#8211; WIT"},"content":{"rendered":"<p><span style=\"color: #000000\"><strong>MTRS zonneklep lamp DUAL COLOR 24 volt wit, geschikt voor onder andere Scania Next Gen.<\/strong><\/span><\/p>\n<p><span style=\"color: #000000\">Bent u op zoek naar een LED toplamp die u bijvoorbeeld kunt monteren in de zonneklep van uw vrachtwagen? Maar wilt u deze kunnen laten wisselen tussen de kleur wit en oranje? Dan is de MTRS zonneklep lamp DUAL COLOR wit, wellicht d\u00e9 lamp waar u naar op zoek bent. De zonneklep lamp heeft 12 LED punten en kunt u laten oplichten in de kleur WIT of ORANJE. Verder is LED lamp voorzien van een witte behuizing en zit er een 10 centimeter lange aansluitkabel aan. De DUAL COLOR toplamp werkt enkel op 24 volt. Dit houdt in dat u de zonneklep lamp alleen kunt gebruiken voor bijvoorbeeld uw vrachtwagen of trailer.<\/span><\/p>\n<p><span style=\"color: #000000\">Omdat u v\u00f3\u00f3r aankoop zeker wilt weten dat dit d\u00e9 lamp is die u zoekt. Hebben we hieronder wat eigenschappen van de LED lamp uitgeschreven. De MTRS zonneklep lamp DUAL COLOR met wit huis is bijvoorbeeld voorzien van een originele aansluitstekker. Dit, in combinatie met zijn goede pasvorm, maakt het installeren en aansluiten van de lamp zeer eenvoudig. Verder zijn er twee klemmen op de lamp aangebracht waardoor de lamp zeer goed op zijn plaats blijft zitten. Verder is het van belang te weten dat de switch middels een plus en min wissel werkt. Ten slotte wordt de lamp geleverd met melkglas, hierdoor is het aanzicht bij een uitgeschakelde lamp ook mooi.<\/span><\/p>\n<h5><span style=\"color: #000000\"><strong>Overige opties:<\/strong><\/span><\/h5>\n<p><span style=\"color: #000000\">Wilt u uw vrachtwagen voorzien van een DUAL COLOR zonneklep lamp, maar is dit niet de uitvoering die u zoekt? Of bent u simpelweg op zoek naar een module waarmee u de lamp van kleur kunt laten wisselen? Bekijk dan hier de onderdelen die wij naast de MTRS zonneklep lamp DUAL COLOR met wit huis aanbieden.\u00a0<\/span><\/p>\n<ul>\n<li><span style=\"color: #000000\"><a style=\"color: #000000\" href=\"https:\/\/www.oudadl.testontwikkeling.nl\/product\/mtrs-zonneklep-lamp-wit-oranje-zwart\/\"><strong>DUAL COLOR lamp ZWART<\/strong><\/a><\/span><\/li>\n<li><span style=\"color: #000000\"><a style=\"color: #000000\" href=\"https:\/\/www.oudadl.testontwikkeling.nl\/product\/dual-color-zonneklep-lamp-adapter\/\"><strong>Lamp adapter<\/strong><\/a><\/span><\/li>\n<\/ul>\n<p><span style=\"color: #000000\">Bent u toch na het lezen van alles toch van mening dat de zonneklep lamp DUAL COLOR met wit huis niet is wat u zoekt? Simpel weg omdat de kleur of voltage niet naar wens is? Neem dan ook zeker eens een kijkje op onze pagina <a style=\"color: #000000\" href=\"https:\/\/www.oudadl.testontwikkeling.nl\/product-categorie\/verlichting-vrachtwagen\/\">vrachtwagen verlichting<\/a>. Wellicht vindt u hier wel het model lamp of onderdeel waar naar u op zoek bent.\u00a0<\/span><\/p>\n","protected":false},"excerpt":{"rendered":"<p>MTRS zonneklep lamp DUAL COLOR 24 volt wit, geschikt voor onder andere Scania Next Gen. Bent u op zoek naar een LED toplamp die u bijvoorbeeld kunt monteren in de zonneklep van uw vrachtwagen? Maar wilt u deze kunnen laten wisselen tussen de kleur wit en oranje? Dan is de MTRS zonneklep lamp DUAL COLOR [&hellip;]<\/p>\n","protected":false},"featured_media":49873,"comment_status":"open","ping_status":"closed","template":"","meta":{"_acf_changed":false,"site-sidebar-layout":"default","site-content-layout":"default","ast-site-content-layout":"default","site-content-style":"default","site-sidebar-style":"default","ast-global-header-display":"","ast-banner-title-visibility":"","ast-main-header-display":"","ast-hfb-above-header-display":"","ast-hfb-below-header-display":"","ast-hfb-mobile-header-display":"","site-post-title":"","ast-breadcrumbs-content":"","ast-featured-img":"","footer-sml-layout":"","ast-disable-related-posts":"","theme-transparent-header-meta":"default","adv-header-id-meta":"","stick-header-meta":"","header-above-stick-meta":"","header-main-stick-meta":"","header-below-stick-meta":"","astra-migrate-meta-layouts":"set","ast-page-background-enabled":"default","ast-page-background-meta":{"desktop":{"background-color":"","background-image":"","background-repeat":"repeat","background-position":"center center","background-size":"auto","background-attachment":"scroll","background-type":"","background-media":"","overlay-type":"","overlay-color":"","overlay-opacity":"","overlay-gradient":""},"tablet":{"background-color":"","background-image":"","background-repeat":"repeat","background-position":"center center","background-size":"auto","background-attachment":"scroll","background-type":"","background-media":"","overlay-type":"","overlay-color":"","overlay-opacity":"","overlay-gradient":""},"mobile":{"background-color":"","background-image":"","background-repeat":"repeat","background-position":"center center","background-size":"auto","background-attachment":"scroll","background-type":"","background-media":"","overlay-type":"","overlay-color":"","overlay-opacity":"","overlay-gradient":""}},"ast-content-background-meta":{"desktop":{"background-color":"var(--ast-global-color-5)","background-image":"","background-repeat":"repeat","background-position":"center center","background-size":"auto","background-attachment":"scroll","background-type":"","background-media":"","overlay-type":"","overlay-color":"","overlay-opacity":"","overlay-gradient":""},"tablet":{"background-color":"var(--ast-global-color-5)","background-image":"","background-repeat":"repeat","background-position":"center center","background-size":"auto","background-attachment":"scroll","background-type":"","background-media":"","overlay-type":"","overlay-color":"","overlay-opacity":"","overlay-gradient":""},"mobile":{"background-color":"var(--ast-global-color-5)","background-image":"","background-repeat":"repeat","background-position":"center center","background-size":"auto","background-attachment":"scroll","background-type":"","background-media":"","overlay-type":"","overlay-color":"","overlay-opacity":"","overlay-gradient":""}}},"product_brand":[],"product_cat":[217,270],"product_tag":[289,290,2236],"class_list":{"0":"post-49796","1":"product","2":"type-product","3":"status-publish","4":"has-post-thumbnail","6":"product_cat-scania-verlichting","7":"product_cat-toplichten","8":"product_tag-scania","9":"product_tag-scania-next-gen","10":"product_tag-scania-toplamp","11":"pa_merkk-mtrs","12":"desktop-align-left","13":"tablet-align-left","14":"mobile-align-left","16":"first","17":"instock","18":"taxable","19":"shipping-taxable","20":"purchasable","21":"product-type-simple"},"acf":[],"yoast_head":"<!-- This site is optimized with the Yoast SEO Premium plugin v25.9 (Yoast SEO v27.6) - https:\/\/yoast.com\/product\/yoast-seo-premium-wordpress\/ -->\n<title>MTRS zonneklep lamp DUAL COLOR wit - All Day Led - Kleur: WIT \/ ORANJE<\/title>\n<meta name=\"description\" content=\"MTRS zonneklep lamp DUAL COLOR wit - schakelbare LED lamp - geschikt voor Scania zonneklep met nieuwe lampgaten - WIT en ORANJE in \u00e9\u00e9n lamp\" \/>\n<meta name=\"robots\" content=\"noindex, follow, max-snippet:-1, max-image-preview:large, max-video-preview:-1\" \/>\n<meta property=\"og:locale\" content=\"nl_NL\" \/>\n<meta property=\"og:type\" content=\"article\" \/>\n<meta property=\"og:title\" content=\"MTRS zonneklep lamp DUAL COLOR wit - All Day Led - Kleur: WIT \/ ORANJE\" \/>\n<meta property=\"og:description\" content=\"MTRS zonneklep lamp DUAL COLOR wit - schakelbare LED lamp - geschikt voor Scania zonneklep met nieuwe lampgaten - WIT en ORANJE in \u00e9\u00e9n lamp\" \/>\n<meta property=\"og:url\" content=\"https:\/\/www.oudadl.testontwikkeling.nl\/nl\/product\/mtrs-zonneklep-lamp-wit-oranje-wit\/\" \/>\n<meta property=\"og:site_name\" content=\"All Day Led\" \/>\n<meta property=\"article:publisher\" content=\"https:\/\/www.facebook.com\/alldayled\/\" \/>\n<meta property=\"article:modified_time\" content=\"2025-11-02T15:59:09+00:00\" \/>\n<meta property=\"og:image\" content=\"https:\/\/www.oudadl.testontwikkeling.nl\/wp-content\/uploads\/2024\/10\/ADL40925.png\" \/>\n\t<meta property=\"og:image:width\" content=\"800\" \/>\n\t<meta property=\"og:image:height\" content=\"600\" \/>\n\t<meta property=\"og:image:type\" content=\"image\/png\" \/>\n<meta name=\"twitter:label1\" content=\"Prijs\" \/>\n\t<meta name=\"twitter:data1\" content=\"&euro;64,95\" \/>\n\t<meta name=\"twitter:label2\" content=\"Beschikbaarheid\" \/>\n\t<meta name=\"twitter:data2\" content=\"Op voorraad\" \/>\n<script type=\"application\/ld+json\" class=\"yoast-schema-graph\">{\"@context\":\"https:\\\/\\\/schema.org\",\"@graph\":[{\"@type\":\"WebPage\",\"@id\":\"https:\\\/\\\/www.oudadl.testontwikkeling.nl\\\/product\\\/mtrs-zonneklep-lamp-wit-oranje-wit\\\/\",\"url\":\"https:\\\/\\\/www.oudadl.testontwikkeling.nl\\\/product\\\/mtrs-zonneklep-lamp-wit-oranje-wit\\\/\",\"name\":\"MTRS zonneklep lamp DUAL COLOR wit - All Day Led - Kleur: WIT \\\/ ORANJE\",\"isPartOf\":{\"@id\":\"https:\\\/\\\/www.oudadl.testontwikkeling.nl\\\/#website\"},\"primaryImageOfPage\":{\"@id\":\"https:\\\/\\\/www.oudadl.testontwikkeling.nl\\\/product\\\/mtrs-zonneklep-lamp-wit-oranje-wit\\\/#primaryimage\"},\"image\":{\"@id\":\"https:\\\/\\\/www.oudadl.testontwikkeling.nl\\\/product\\\/mtrs-zonneklep-lamp-wit-oranje-wit\\\/#primaryimage\"},\"thumbnailUrl\":\"https:\\\/\\\/www.oudadl.testontwikkeling.nl\\\/wp-content\\\/uploads\\\/2024\\\/10\\\/ADL40925.png\",\"datePublished\":\"2024-10-10T13:55:33+00:00\",\"dateModified\":\"2025-11-02T15:59:09+00:00\",\"description\":\"MTRS zonneklep lamp DUAL COLOR wit - schakelbare LED lamp - geschikt voor Scania zonneklep met nieuwe lampgaten - WIT en ORANJE in \u00e9\u00e9n lamp\",\"breadcrumb\":{\"@id\":\"https:\\\/\\\/www.oudadl.testontwikkeling.nl\\\/product\\\/mtrs-zonneklep-lamp-wit-oranje-wit\\\/#breadcrumb\"},\"inLanguage\":\"nl-NL\",\"potentialAction\":[{\"@type\":\"ReadAction\",\"target\":[\"https:\\\/\\\/www.oudadl.testontwikkeling.nl\\\/product\\\/mtrs-zonneklep-lamp-wit-oranje-wit\\\/\"]}]},{\"@type\":\"ImageObject\",\"inLanguage\":\"nl-NL\",\"@id\":\"https:\\\/\\\/www.oudadl.testontwikkeling.nl\\\/product\\\/mtrs-zonneklep-lamp-wit-oranje-wit\\\/#primaryimage\",\"url\":\"https:\\\/\\\/www.oudadl.testontwikkeling.nl\\\/wp-content\\\/uploads\\\/2024\\\/10\\\/ADL40925.png\",\"contentUrl\":\"https:\\\/\\\/www.oudadl.testontwikkeling.nl\\\/wp-content\\\/uploads\\\/2024\\\/10\\\/ADL40925.png\",\"width\":800,\"height\":600,\"caption\":\"MTRS Scania Next Gen LED zonneklep lamp DUAL COLOR - zonneklep lamp voor nieuwe lampgaten - schakelbaar tussen ORANJE en WIT - behuizing is WIT van kleur - Matronics nummer 240925-AMCW - EAN:\"},{\"@type\":\"BreadcrumbList\",\"@id\":\"https:\\\/\\\/www.oudadl.testontwikkeling.nl\\\/product\\\/mtrs-zonneklep-lamp-wit-oranje-wit\\\/#breadcrumb\",\"itemListElement\":[{\"@type\":\"ListItem\",\"position\":1,\"name\":\"Home\",\"item\":\"https:\\\/\\\/www.oudadl.testontwikkeling.nl\\\/\"},{\"@type\":\"ListItem\",\"position\":2,\"name\":\"Shop\",\"item\":\"https:\\\/\\\/www.oudadl.testontwikkeling.nl\\\/de\\\/shop\\\/\"},{\"@type\":\"ListItem\",\"position\":3,\"name\":\"Overige\",\"item\":\"https:\\\/\\\/www.oudadl.testontwikkeling.nl\\\/product-categorie\\\/overige-producten\\\/\"},{\"@type\":\"ListItem\",\"position\":4,\"name\":\"Toplichten\",\"item\":\"https:\\\/\\\/www.oudadl.testontwikkeling.nl\\\/product-categorie\\\/overige-producten\\\/toplichten\\\/\"},{\"@type\":\"ListItem\",\"position\":5,\"name\":\"MTRS zonneklep lamp wit \\\/ oranje &#8211; WIT\"}]},{\"@type\":\"WebSite\",\"@id\":\"https:\\\/\\\/www.oudadl.testontwikkeling.nl\\\/#website\",\"url\":\"https:\\\/\\\/www.oudadl.testontwikkeling.nl\\\/\",\"name\":\"All Day Led\",\"description\":\"\",\"publisher\":{\"@id\":\"https:\\\/\\\/www.oudadl.testontwikkeling.nl\\\/#organization\"},\"potentialAction\":[{\"@type\":\"SearchAction\",\"target\":{\"@type\":\"EntryPoint\",\"urlTemplate\":\"https:\\\/\\\/www.oudadl.testontwikkeling.nl\\\/?s={search_term_string}\"},\"query-input\":{\"@type\":\"PropertyValueSpecification\",\"valueRequired\":true,\"valueName\":\"search_term_string\"}}],\"inLanguage\":\"nl-NL\"},{\"@type\":\"Organization\",\"@id\":\"https:\\\/\\\/www.oudadl.testontwikkeling.nl\\\/#organization\",\"name\":\"All Day Led\",\"url\":\"https:\\\/\\\/www.oudadl.testontwikkeling.nl\\\/\",\"logo\":{\"@type\":\"ImageObject\",\"inLanguage\":\"nl-NL\",\"@id\":\"https:\\\/\\\/www.oudadl.testontwikkeling.nl\\\/#\\\/schema\\\/logo\\\/image\\\/\",\"url\":\"https:\\\/\\\/www.oudadl.testontwikkeling.nl\\\/wp-content\\\/uploads\\\/2022\\\/08\\\/Logo-ALL-DAY-LED-800x800-zwart-witte-letters.png\",\"contentUrl\":\"https:\\\/\\\/www.oudadl.testontwikkeling.nl\\\/wp-content\\\/uploads\\\/2022\\\/08\\\/Logo-ALL-DAY-LED-800x800-zwart-witte-letters.png\",\"width\":800,\"height\":800,\"caption\":\"All Day Led\"},\"image\":{\"@id\":\"https:\\\/\\\/www.oudadl.testontwikkeling.nl\\\/#\\\/schema\\\/logo\\\/image\\\/\"},\"sameAs\":[\"https:\\\/\\\/www.facebook.com\\\/alldayled\\\/\",\"https:\\\/\\\/www.instagram.com\\\/alldayled\\\/\"],\"vatID\":\"NL863960133B01\",\"taxID\":\"86416545\",\"hasMerchantReturnPolicy\":{\"@type\":\"MerchantReturnPolicy\",\"merchantReturnLink\":\"https:\\\/\\\/www.oudadl.testontwikkeling.nl\\\/nl\\\/verzenden-retourneren\\\/\"}}]}<\/script>\n<meta property=\"product:brand\" content=\"MTRS\" \/>\n<meta property=\"product:price:amount\" content=\"64.95\" \/>\n<meta property=\"product:price:currency\" content=\"EUR\" \/>\n<meta property=\"og:availability\" content=\"instock\" \/>\n<meta property=\"product:availability\" content=\"instock\" \/>\n<meta property=\"product:retailer_item_id\" content=\"ADL40925\" \/>\n<meta property=\"product:condition\" content=\"new\" \/>\n<!-- \/ Yoast SEO Premium plugin. -->","yoast_head_json":{"title":"MTRS zonneklep lamp DUAL COLOR wit - All Day Led - Kleur: WIT \/ ORANJE","description":"MTRS zonneklep lamp DUAL COLOR wit - schakelbare LED lamp - geschikt voor Scania zonneklep met nieuwe lampgaten - WIT en ORANJE in \u00e9\u00e9n lamp","robots":{"index":"noindex","follow":"follow","max-snippet":"max-snippet:-1","max-image-preview":"max-image-preview:large","max-video-preview":"max-video-preview:-1"},"og_locale":"nl_NL","og_type":"article","og_title":"MTRS zonneklep lamp DUAL COLOR wit - All Day Led - Kleur: WIT \/ ORANJE","og_description":"MTRS zonneklep lamp DUAL COLOR wit - schakelbare LED lamp - geschikt voor Scania zonneklep met nieuwe lampgaten - WIT en ORANJE in \u00e9\u00e9n lamp","og_url":"https:\/\/www.oudadl.testontwikkeling.nl\/nl\/product\/mtrs-zonneklep-lamp-wit-oranje-wit\/","og_site_name":"All Day Led","article_publisher":"https:\/\/www.facebook.com\/alldayled\/","article_modified_time":"2025-11-02T15:59:09+00:00","og_image":[{"width":800,"height":600,"url":"https:\/\/www.oudadl.testontwikkeling.nl\/wp-content\/uploads\/2024\/10\/ADL40925.png","type":"image\/png"}],"twitter_misc":{"Prijs":"&euro;64,95","Beschikbaarheid":"Op voorraad"},"schema":{"@context":"https:\/\/schema.org","@graph":[{"@type":"WebPage","@id":"https:\/\/www.oudadl.testontwikkeling.nl\/product\/mtrs-zonneklep-lamp-wit-oranje-wit\/","url":"https:\/\/www.oudadl.testontwikkeling.nl\/product\/mtrs-zonneklep-lamp-wit-oranje-wit\/","name":"MTRS zonneklep lamp DUAL COLOR wit - All Day Led - Kleur: WIT \/ ORANJE","isPartOf":{"@id":"https:\/\/www.oudadl.testontwikkeling.nl\/#website"},"primaryImageOfPage":{"@id":"https:\/\/www.oudadl.testontwikkeling.nl\/product\/mtrs-zonneklep-lamp-wit-oranje-wit\/#primaryimage"},"image":{"@id":"https:\/\/www.oudadl.testontwikkeling.nl\/product\/mtrs-zonneklep-lamp-wit-oranje-wit\/#primaryimage"},"thumbnailUrl":"https:\/\/www.oudadl.testontwikkeling.nl\/wp-content\/uploads\/2024\/10\/ADL40925.png","datePublished":"2024-10-10T13:55:33+00:00","dateModified":"2025-11-02T15:59:09+00:00","description":"MTRS zonneklep lamp DUAL COLOR wit - schakelbare LED lamp - geschikt voor Scania zonneklep met nieuwe lampgaten - WIT en ORANJE in \u00e9\u00e9n lamp","breadcrumb":{"@id":"https:\/\/www.oudadl.testontwikkeling.nl\/product\/mtrs-zonneklep-lamp-wit-oranje-wit\/#breadcrumb"},"inLanguage":"nl-NL","potentialAction":[{"@type":"ReadAction","target":["https:\/\/www.oudadl.testontwikkeling.nl\/product\/mtrs-zonneklep-lamp-wit-oranje-wit\/"]}]},{"@type":"ImageObject","inLanguage":"nl-NL","@id":"https:\/\/www.oudadl.testontwikkeling.nl\/product\/mtrs-zonneklep-lamp-wit-oranje-wit\/#primaryimage","url":"https:\/\/www.oudadl.testontwikkeling.nl\/wp-content\/uploads\/2024\/10\/ADL40925.png","contentUrl":"https:\/\/www.oudadl.testontwikkeling.nl\/wp-content\/uploads\/2024\/10\/ADL40925.png","width":800,"height":600,"caption":"MTRS Scania Next Gen LED zonneklep lamp DUAL COLOR - zonneklep lamp voor nieuwe lampgaten - schakelbaar tussen ORANJE en WIT - behuizing is WIT van kleur - Matronics nummer 240925-AMCW - EAN:"},{"@type":"BreadcrumbList","@id":"https:\/\/www.oudadl.testontwikkeling.nl\/product\/mtrs-zonneklep-lamp-wit-oranje-wit\/#breadcrumb","itemListElement":[{"@type":"ListItem","position":1,"name":"Home","item":"https:\/\/www.oudadl.testontwikkeling.nl\/"},{"@type":"ListItem","position":2,"name":"Shop","item":"https:\/\/www.oudadl.testontwikkeling.nl\/de\/shop\/"},{"@type":"ListItem","position":3,"name":"Overige","item":"https:\/\/www.oudadl.testontwikkeling.nl\/product-categorie\/overige-producten\/"},{"@type":"ListItem","position":4,"name":"Toplichten","item":"https:\/\/www.oudadl.testontwikkeling.nl\/product-categorie\/overige-producten\/toplichten\/"},{"@type":"ListItem","position":5,"name":"MTRS zonneklep lamp wit \/ oranje &#8211; WIT"}]},{"@type":"WebSite","@id":"https:\/\/www.oudadl.testontwikkeling.nl\/#website","url":"https:\/\/www.oudadl.testontwikkeling.nl\/","name":"All Day Led","description":"","publisher":{"@id":"https:\/\/www.oudadl.testontwikkeling.nl\/#organization"},"potentialAction":[{"@type":"SearchAction","target":{"@type":"EntryPoint","urlTemplate":"https:\/\/www.oudadl.testontwikkeling.nl\/?s={search_term_string}"},"query-input":{"@type":"PropertyValueSpecification","valueRequired":true,"valueName":"search_term_string"}}],"inLanguage":"nl-NL"},{"@type":"Organization","@id":"https:\/\/www.oudadl.testontwikkeling.nl\/#organization","name":"All Day Led","url":"https:\/\/www.oudadl.testontwikkeling.nl\/","logo":{"@type":"ImageObject","inLanguage":"nl-NL","@id":"https:\/\/www.oudadl.testontwikkeling.nl\/#\/schema\/logo\/image\/","url":"https:\/\/www.oudadl.testontwikkeling.nl\/wp-content\/uploads\/2022\/08\/Logo-ALL-DAY-LED-800x800-zwart-witte-letters.png","contentUrl":"https:\/\/www.oudadl.testontwikkeling.nl\/wp-content\/uploads\/2022\/08\/Logo-ALL-DAY-LED-800x800-zwart-witte-letters.png","width":800,"height":800,"caption":"All Day Led"},"image":{"@id":"https:\/\/www.oudadl.testontwikkeling.nl\/#\/schema\/logo\/image\/"},"sameAs":["https:\/\/www.facebook.com\/alldayled\/","https:\/\/www.instagram.com\/alldayled\/"],"vatID":"NL863960133B01","taxID":"86416545","hasMerchantReturnPolicy":{"@type":"MerchantReturnPolicy","merchantReturnLink":"https:\/\/www.oudadl.testontwikkeling.nl\/nl\/verzenden-retourneren\/"}}]},"product_brand":"MTRS","product_price_amount":"64.95","product_price_currency":"EUR","og_availability":"instock","product_availability":"instock","product_retailer_item_id":"ADL40925","product_condition":"new"},"_links":{"self":[{"href":"https:\/\/www.oudadl.testontwikkeling.nl\/nl\/wp-json\/wp\/v2\/product\/49796","targetHints":{"allow":["GET"]}}],"collection":[{"href":"https:\/\/www.oudadl.testontwikkeling.nl\/nl\/wp-json\/wp\/v2\/product"}],"about":[{"href":"https:\/\/www.oudadl.testontwikkeling.nl\/nl\/wp-json\/wp\/v2\/types\/product"}],"replies":[{"embeddable":true,"href":"https:\/\/www.oudadl.testontwikkeling.nl\/nl\/wp-json\/wp\/v2\/comments?post=49796"}],"wp:featuredmedia":[{"embeddable":true,"href":"https:\/\/www.oudadl.testontwikkeling.nl\/nl\/wp-json\/wp\/v2\/media\/49873"}],"wp:attachment":[{"href":"https:\/\/www.oudadl.testontwikkeling.nl\/nl\/wp-json\/wp\/v2\/media?parent=49796"}],"wp:term":[{"taxonomy":"product_brand","embeddable":true,"href":"https:\/\/www.oudadl.testontwikkeling.nl\/nl\/wp-json\/wp\/v2\/product_brand?post=49796"},{"taxonomy":"product_cat","embeddable":true,"href":"https:\/\/www.oudadl.testontwikkeling.nl\/nl\/wp-json\/wp\/v2\/product_cat?post=49796"},{"taxonomy":"product_tag","embeddable":true,"href":"https:\/\/www.oudadl.testontwikkeling.nl\/nl\/wp-json\/wp\/v2\/product_tag?post=49796"}],"curies":[{"name":"wp","href":"https:\/\/api.w.org\/{rel}","templated":true}]}}