{"id":41557,"date":"2022-12-27T20:15:27","date_gmt":"2022-12-27T19:15:27","guid":{"rendered":"https:\/\/www.oudadl.testontwikkeling.nl\/?post_type=product&#038;p=41557"},"modified":"2025-11-28T20:27:10","modified_gmt":"2025-11-28T19:27:10","slug":"strands-siberia-kabel-kit-met-1x-dt4-stekker-12v","status":"publish","type":"product","link":"https:\/\/www.oudadl.testontwikkeling.nl\/nl\/product\/strands-siberia-kabel-kit-met-1x-dt4-stekker-12v\/","title":{"rendered":"Strands Siberia kabel kit met 1x DT4 stekker 12V"},"content":{"rendered":"<p><span style=\"color: #000000;\"><strong>Strands Siberia kabel kit met 1x DT4 stekker, voor 12 volt.\u00a0<\/strong><\/span><\/p>\n<p><span style=\"color: #000000;\">Heeft u een lamp gekocht met een DT4 aansluiting en wilt u deze eenvoudig op uw voertuig aansluiten? Dan is de Strands kabel kit met 1x DT4 stekker wellicht d\u00e9 aansluit set waarnaar u opzoek bent. De VDE kabel is voorzien van 2.5 meter kabel en heeft aan het uiteinde \u00e9\u00e9n DT4 stekker. De volledig waterdichte Strands kabel kit is voorzien van een 12v &#8211; 30A relais en is hiermee dus enkel geschikt voor 12 volt. Dit houd in dat u de Strands kabel kit bijvoorbeeld kunt gebruiken voor op uw auto, aanhanger, tractor of ander soort voertuig. Let op, u kunt de relais ook vervangen voor een 24v variant. Door de relais te vervangen, kunt u de Strands kabel kit ook kunt gebruiken voor bijvoorbeeld uw vrachtwagen.\u00a0 <\/span><\/p>\n<p><span style=\"color: #000000;\">Om er zeker van te zijn dat de Strands Siberia kabel kit met 1x DT4 stekker geschikt is voor uw voertuig of aanhanger. Hebben we hieronder een aantal specificaties uitgeschreven. Dit alles om u duidelijk te maken waarom dit wellicht d\u00e9 kabel kit is waarnaar u opzoek bent. De aansluitkabel is onder andere voorzien van een een 1,5mm\u00b2 kabel. De kabeldikte zorgt ervoor dat u hier een lamp op aan kan sluiten die maximaal 145w verbruikt. Verwijdert u de DT4 stekker, dan kunt u er verlichting op aansluiten die maximaal 360w verbruikt.<\/span><\/p>\n<h5><span style=\"color: #000000;\"><strong>Overige kabels:\u00a0<\/strong><\/span><\/h5>\n<p><span style=\"color: #000000;\">Bent u wel op zoek naar een aansluit kabel van het merk Strands? Maar is de Strands Siberia kabel kit met 1x DT4 stekker niet waar u naar opzoek bent? Bekijk dan hier de overige kabels die Strands aanbied:\u00a0<\/span><\/p>\n<ul>\n<li><span style=\"color: #000000;\"><a style=\"color: #000000;\" href=\"https:\/\/www.oudadl.testontwikkeling.nl\/product\/strands-siberia-kabel-kit-met-3x-dt4-stekker-12v\/\" target=\"_blank\" rel=\"noopener\"><strong>Kabelkit met 3* DT stekker<\/strong><\/a><\/span><\/li>\n<\/ul>\n<p><span style=\"color: #000000;\">Bent u toch van mening dat de Strands Siberia kabel kit met 1x DT 4 stekker niet is wat u zoekt? Simpelweg omdat de stekker, voltage of kabellengte niet naar wens is? Neem dan ook zeker eens een kijkje op onze pagina <a style=\"color: #000000;\" href=\"https:\/\/www.oudadl.testontwikkeling.nl\/product-categorie\/overige-producten\/fittingen-en-kabels\/\">fittingen en kabels<\/a>. Wellicht vind u hier wel de fitting of kabel waarnaar u opzoek bent.\u00a0<\/span><\/p>\n","protected":false},"excerpt":{"rendered":"<p>Strands Siberia kabel kit met 1x DT4 stekker, voor 12 volt.\u00a0 Heeft u een lamp gekocht met een DT4 aansluiting en wilt u deze eenvoudig op uw voertuig aansluiten? Dan is de Strands kabel kit met 1x DT4 stekker wellicht d\u00e9 aansluit set waarnaar u opzoek bent. De VDE kabel is voorzien van 2.5 meter [&hellip;]<\/p>\n","protected":false},"featured_media":41559,"comment_status":"open","ping_status":"closed","template":"","meta":{"_acf_changed":false,"site-sidebar-layout":"default","site-content-layout":"default","ast-site-content-layout":"default","site-content-style":"default","site-sidebar-style":"default","ast-global-header-display":"","ast-banner-title-visibility":"","ast-main-header-display":"","ast-hfb-above-header-display":"","ast-hfb-below-header-display":"","ast-hfb-mobile-header-display":"","site-post-title":"","ast-breadcrumbs-content":"","ast-featured-img":"","footer-sml-layout":"","ast-disable-related-posts":"","theme-transparent-header-meta":"default","adv-header-id-meta":"","stick-header-meta":"","header-above-stick-meta":"","header-main-stick-meta":"","header-below-stick-meta":"","astra-migrate-meta-layouts":"set","ast-page-background-enabled":"default","ast-page-background-meta":{"desktop":{"background-color":"","background-image":"","background-repeat":"repeat","background-position":"center center","background-size":"auto","background-attachment":"scroll","background-type":"","background-media":"","overlay-type":"","overlay-color":"","overlay-opacity":"","overlay-gradient":""},"tablet":{"background-color":"","background-image":"","background-repeat":"repeat","background-position":"center center","background-size":"auto","background-attachment":"scroll","background-type":"","background-media":"","overlay-type":"","overlay-color":"","overlay-opacity":"","overlay-gradient":""},"mobile":{"background-color":"","background-image":"","background-repeat":"repeat","background-position":"center center","background-size":"auto","background-attachment":"scroll","background-type":"","background-media":"","overlay-type":"","overlay-color":"","overlay-opacity":"","overlay-gradient":""}},"ast-content-background-meta":{"desktop":{"background-color":"var(--ast-global-color-5)","background-image":"","background-repeat":"repeat","background-position":"center center","background-size":"auto","background-attachment":"scroll","background-type":"","background-media":"","overlay-type":"","overlay-color":"","overlay-opacity":"","overlay-gradient":""},"tablet":{"background-color":"var(--ast-global-color-5)","background-image":"","background-repeat":"repeat","background-position":"center center","background-size":"auto","background-attachment":"scroll","background-type":"","background-media":"","overlay-type":"","overlay-color":"","overlay-opacity":"","overlay-gradient":""},"mobile":{"background-color":"var(--ast-global-color-5)","background-image":"","background-repeat":"repeat","background-position":"center center","background-size":"auto","background-attachment":"scroll","background-type":"","background-media":"","overlay-type":"","overlay-color":"","overlay-opacity":"","overlay-gradient":""}}},"product_brand":[],"product_cat":[384,8152],"product_tag":[2427],"class_list":{"0":"post-41557","1":"product","2":"type-product","3":"status-publish","4":"has-post-thumbnail","6":"product_cat-fittingen-en-kabels","7":"product_cat-werklamp-toebehoren","8":"product_tag-strands-lighting-division","9":"pa_merkk-product-strands-lighting-division","10":"desktop-align-left","11":"tablet-align-left","12":"mobile-align-left","14":"first","15":"instock","16":"taxable","17":"shipping-taxable","18":"purchasable","19":"product-type-simple"},"acf":[],"yoast_head":"<!-- This site is optimized with the Yoast SEO Premium plugin v25.9 (Yoast SEO v27.6) - https:\/\/yoast.com\/product\/yoast-seo-premium-wordpress\/ -->\n<title>Strands Siberia kabel kit 1x DT4 stekker - All Day Led - voor 12 Volt<\/title>\n<meta name=\"description\" content=\"Strands Siberia kabel kit 1x DT4 stekker - vrouwelijke aansluiting - met aan\/uit schakelaar - 2 x 1,5MM\u00b2 kabel - voor 12 volt relais - 3 meter kabel\" \/>\n<meta name=\"robots\" content=\"noindex, follow, max-snippet:-1, max-image-preview:large, max-video-preview:-1\" \/>\n<meta property=\"og:locale\" content=\"nl_NL\" \/>\n<meta property=\"og:type\" content=\"article\" \/>\n<meta property=\"og:title\" content=\"Strands Siberia kabel kit 1x DT4 stekker - All Day Led - voor 12 Volt\" \/>\n<meta property=\"og:description\" content=\"Strands Siberia kabel kit 1x DT4 stekker - vrouwelijke aansluiting - met aan\/uit schakelaar - 2 x 1,5MM\u00b2 kabel - voor 12 volt relais - 3 meter kabel\" \/>\n<meta property=\"og:url\" content=\"https:\/\/www.oudadl.testontwikkeling.nl\/nl\/product\/strands-siberia-kabel-kit-met-1x-dt4-stekker-12v\/\" \/>\n<meta property=\"og:site_name\" content=\"All Day Led\" \/>\n<meta property=\"article:publisher\" content=\"https:\/\/www.facebook.com\/alldayled\/\" \/>\n<meta property=\"article:modified_time\" content=\"2025-11-28T19:27:10+00:00\" \/>\n<meta property=\"og:image\" content=\"https:\/\/www.oudadl.testontwikkeling.nl\/wp-content\/uploads\/2024\/11\/ADL270477.01.png\" \/>\n\t<meta property=\"og:image:width\" content=\"800\" \/>\n\t<meta property=\"og:image:height\" content=\"800\" \/>\n\t<meta property=\"og:image:type\" content=\"image\/png\" \/>\n<meta name=\"twitter:label1\" content=\"Prijs\" \/>\n\t<meta name=\"twitter:data1\" content=\"&euro;58,95\" \/>\n\t<meta name=\"twitter:label2\" content=\"Beschikbaarheid\" \/>\n\t<meta name=\"twitter:data2\" content=\"Op voorraad\" \/>\n<script type=\"application\/ld+json\" class=\"yoast-schema-graph\">{\"@context\":\"https:\\\/\\\/schema.org\",\"@graph\":[{\"@type\":\"WebPage\",\"@id\":\"https:\\\/\\\/www.oudadl.testontwikkeling.nl\\\/product\\\/strands-siberia-kabel-kit-met-1x-dt4-stekker-12v\\\/\",\"url\":\"https:\\\/\\\/www.oudadl.testontwikkeling.nl\\\/product\\\/strands-siberia-kabel-kit-met-1x-dt4-stekker-12v\\\/\",\"name\":\"Strands Siberia kabel kit 1x DT4 stekker - All Day Led - voor 12 Volt\",\"isPartOf\":{\"@id\":\"https:\\\/\\\/www.oudadl.testontwikkeling.nl\\\/#website\"},\"primaryImageOfPage\":{\"@id\":\"https:\\\/\\\/www.oudadl.testontwikkeling.nl\\\/product\\\/strands-siberia-kabel-kit-met-1x-dt4-stekker-12v\\\/#primaryimage\"},\"image\":{\"@id\":\"https:\\\/\\\/www.oudadl.testontwikkeling.nl\\\/product\\\/strands-siberia-kabel-kit-met-1x-dt4-stekker-12v\\\/#primaryimage\"},\"thumbnailUrl\":\"https:\\\/\\\/www.oudadl.testontwikkeling.nl\\\/wp-content\\\/uploads\\\/2023\\\/12\\\/ADL70477.png\",\"datePublished\":\"2022-12-27T19:15:27+00:00\",\"dateModified\":\"2025-11-28T19:27:10+00:00\",\"description\":\"Strands Siberia kabel kit 1x DT4 stekker - vrouwelijke aansluiting - met aan\\\/uit schakelaar - 2 x 1,5MM\u00b2 kabel - voor 12 volt relais - 3 meter kabel\",\"breadcrumb\":{\"@id\":\"https:\\\/\\\/www.oudadl.testontwikkeling.nl\\\/product\\\/strands-siberia-kabel-kit-met-1x-dt4-stekker-12v\\\/#breadcrumb\"},\"inLanguage\":\"nl-NL\",\"potentialAction\":[{\"@type\":\"ReadAction\",\"target\":[\"https:\\\/\\\/www.oudadl.testontwikkeling.nl\\\/product\\\/strands-siberia-kabel-kit-met-1x-dt4-stekker-12v\\\/\"]}]},{\"@type\":\"ImageObject\",\"inLanguage\":\"nl-NL\",\"@id\":\"https:\\\/\\\/www.oudadl.testontwikkeling.nl\\\/product\\\/strands-siberia-kabel-kit-met-1x-dt4-stekker-12v\\\/#primaryimage\",\"url\":\"https:\\\/\\\/www.oudadl.testontwikkeling.nl\\\/wp-content\\\/uploads\\\/2023\\\/12\\\/ADL70477.png\",\"contentUrl\":\"https:\\\/\\\/www.oudadl.testontwikkeling.nl\\\/wp-content\\\/uploads\\\/2023\\\/12\\\/ADL70477.png\",\"width\":800,\"height\":600,\"caption\":\"Strands Siberia kabel kit met 1x DT4 aansluiting - aansluit set LED verlichting voor 12 volt - EAN: 7323030187927\"},{\"@type\":\"BreadcrumbList\",\"@id\":\"https:\\\/\\\/www.oudadl.testontwikkeling.nl\\\/product\\\/strands-siberia-kabel-kit-met-1x-dt4-stekker-12v\\\/#breadcrumb\",\"itemListElement\":[{\"@type\":\"ListItem\",\"position\":1,\"name\":\"Home\",\"item\":\"https:\\\/\\\/www.oudadl.testontwikkeling.nl\\\/\"},{\"@type\":\"ListItem\",\"position\":2,\"name\":\"Shop\",\"item\":\"https:\\\/\\\/www.oudadl.testontwikkeling.nl\\\/de\\\/shop\\\/\"},{\"@type\":\"ListItem\",\"position\":3,\"name\":\"Overige\",\"item\":\"https:\\\/\\\/www.oudadl.testontwikkeling.nl\\\/product-categorie\\\/overige-producten\\\/\"},{\"@type\":\"ListItem\",\"position\":4,\"name\":\"Fittingen en kabels\",\"item\":\"https:\\\/\\\/www.oudadl.testontwikkeling.nl\\\/product-categorie\\\/overige-producten\\\/fittingen-en-kabels\\\/\"},{\"@type\":\"ListItem\",\"position\":5,\"name\":\"Strands Siberia kabel kit met 1x DT4 stekker 12V\"}]},{\"@type\":\"WebSite\",\"@id\":\"https:\\\/\\\/www.oudadl.testontwikkeling.nl\\\/#website\",\"url\":\"https:\\\/\\\/www.oudadl.testontwikkeling.nl\\\/\",\"name\":\"All Day Led\",\"description\":\"\",\"publisher\":{\"@id\":\"https:\\\/\\\/www.oudadl.testontwikkeling.nl\\\/#organization\"},\"potentialAction\":[{\"@type\":\"SearchAction\",\"target\":{\"@type\":\"EntryPoint\",\"urlTemplate\":\"https:\\\/\\\/www.oudadl.testontwikkeling.nl\\\/?s={search_term_string}\"},\"query-input\":{\"@type\":\"PropertyValueSpecification\",\"valueRequired\":true,\"valueName\":\"search_term_string\"}}],\"inLanguage\":\"nl-NL\"},{\"@type\":\"Organization\",\"@id\":\"https:\\\/\\\/www.oudadl.testontwikkeling.nl\\\/#organization\",\"name\":\"All Day Led\",\"url\":\"https:\\\/\\\/www.oudadl.testontwikkeling.nl\\\/\",\"logo\":{\"@type\":\"ImageObject\",\"inLanguage\":\"nl-NL\",\"@id\":\"https:\\\/\\\/www.oudadl.testontwikkeling.nl\\\/#\\\/schema\\\/logo\\\/image\\\/\",\"url\":\"https:\\\/\\\/www.oudadl.testontwikkeling.nl\\\/wp-content\\\/uploads\\\/2022\\\/08\\\/Logo-ALL-DAY-LED-800x800-zwart-witte-letters.png\",\"contentUrl\":\"https:\\\/\\\/www.oudadl.testontwikkeling.nl\\\/wp-content\\\/uploads\\\/2022\\\/08\\\/Logo-ALL-DAY-LED-800x800-zwart-witte-letters.png\",\"width\":800,\"height\":800,\"caption\":\"All Day Led\"},\"image\":{\"@id\":\"https:\\\/\\\/www.oudadl.testontwikkeling.nl\\\/#\\\/schema\\\/logo\\\/image\\\/\"},\"sameAs\":[\"https:\\\/\\\/www.facebook.com\\\/alldayled\\\/\",\"https:\\\/\\\/www.instagram.com\\\/alldayled\\\/\"],\"vatID\":\"NL863960133B01\",\"taxID\":\"86416545\",\"hasMerchantReturnPolicy\":{\"@type\":\"MerchantReturnPolicy\",\"merchantReturnLink\":\"https:\\\/\\\/www.oudadl.testontwikkeling.nl\\\/nl\\\/verzenden-retourneren\\\/\"}}]}<\/script>\n<meta property=\"product:brand\" content=\"Strands\" \/>\n<meta property=\"product:price:amount\" content=\"58.95\" \/>\n<meta property=\"product:price:currency\" content=\"EUR\" \/>\n<meta property=\"og:availability\" content=\"instock\" \/>\n<meta property=\"product:availability\" content=\"instock\" \/>\n<meta property=\"product:retailer_item_id\" content=\"ADL270477\" \/>\n<meta property=\"product:condition\" content=\"new\" \/>\n<!-- \/ Yoast SEO Premium plugin. -->","yoast_head_json":{"title":"Strands Siberia kabel kit 1x DT4 stekker - All Day Led - voor 12 Volt","description":"Strands Siberia kabel kit 1x DT4 stekker - vrouwelijke aansluiting - met aan\/uit schakelaar - 2 x 1,5MM\u00b2 kabel - voor 12 volt relais - 3 meter kabel","robots":{"index":"noindex","follow":"follow","max-snippet":"max-snippet:-1","max-image-preview":"max-image-preview:large","max-video-preview":"max-video-preview:-1"},"og_locale":"nl_NL","og_type":"article","og_title":"Strands Siberia kabel kit 1x DT4 stekker - All Day Led - voor 12 Volt","og_description":"Strands Siberia kabel kit 1x DT4 stekker - vrouwelijke aansluiting - met aan\/uit schakelaar - 2 x 1,5MM\u00b2 kabel - voor 12 volt relais - 3 meter kabel","og_url":"https:\/\/www.oudadl.testontwikkeling.nl\/nl\/product\/strands-siberia-kabel-kit-met-1x-dt4-stekker-12v\/","og_site_name":"All Day Led","article_publisher":"https:\/\/www.facebook.com\/alldayled\/","article_modified_time":"2025-11-28T19:27:10+00:00","og_image":[{"width":800,"height":800,"url":"https:\/\/www.oudadl.testontwikkeling.nl\/wp-content\/uploads\/2024\/11\/ADL270477.01.png","type":"image\/png"}],"twitter_misc":{"Prijs":"&euro;58,95","Beschikbaarheid":"Op voorraad"},"schema":{"@context":"https:\/\/schema.org","@graph":[{"@type":"WebPage","@id":"https:\/\/www.oudadl.testontwikkeling.nl\/product\/strands-siberia-kabel-kit-met-1x-dt4-stekker-12v\/","url":"https:\/\/www.oudadl.testontwikkeling.nl\/product\/strands-siberia-kabel-kit-met-1x-dt4-stekker-12v\/","name":"Strands Siberia kabel kit 1x DT4 stekker - All Day Led - voor 12 Volt","isPartOf":{"@id":"https:\/\/www.oudadl.testontwikkeling.nl\/#website"},"primaryImageOfPage":{"@id":"https:\/\/www.oudadl.testontwikkeling.nl\/product\/strands-siberia-kabel-kit-met-1x-dt4-stekker-12v\/#primaryimage"},"image":{"@id":"https:\/\/www.oudadl.testontwikkeling.nl\/product\/strands-siberia-kabel-kit-met-1x-dt4-stekker-12v\/#primaryimage"},"thumbnailUrl":"https:\/\/www.oudadl.testontwikkeling.nl\/wp-content\/uploads\/2023\/12\/ADL70477.png","datePublished":"2022-12-27T19:15:27+00:00","dateModified":"2025-11-28T19:27:10+00:00","description":"Strands Siberia kabel kit 1x DT4 stekker - vrouwelijke aansluiting - met aan\/uit schakelaar - 2 x 1,5MM\u00b2 kabel - voor 12 volt relais - 3 meter kabel","breadcrumb":{"@id":"https:\/\/www.oudadl.testontwikkeling.nl\/product\/strands-siberia-kabel-kit-met-1x-dt4-stekker-12v\/#breadcrumb"},"inLanguage":"nl-NL","potentialAction":[{"@type":"ReadAction","target":["https:\/\/www.oudadl.testontwikkeling.nl\/product\/strands-siberia-kabel-kit-met-1x-dt4-stekker-12v\/"]}]},{"@type":"ImageObject","inLanguage":"nl-NL","@id":"https:\/\/www.oudadl.testontwikkeling.nl\/product\/strands-siberia-kabel-kit-met-1x-dt4-stekker-12v\/#primaryimage","url":"https:\/\/www.oudadl.testontwikkeling.nl\/wp-content\/uploads\/2023\/12\/ADL70477.png","contentUrl":"https:\/\/www.oudadl.testontwikkeling.nl\/wp-content\/uploads\/2023\/12\/ADL70477.png","width":800,"height":600,"caption":"Strands Siberia kabel kit met 1x DT4 aansluiting - aansluit set LED verlichting voor 12 volt - EAN: 7323030187927"},{"@type":"BreadcrumbList","@id":"https:\/\/www.oudadl.testontwikkeling.nl\/product\/strands-siberia-kabel-kit-met-1x-dt4-stekker-12v\/#breadcrumb","itemListElement":[{"@type":"ListItem","position":1,"name":"Home","item":"https:\/\/www.oudadl.testontwikkeling.nl\/"},{"@type":"ListItem","position":2,"name":"Shop","item":"https:\/\/www.oudadl.testontwikkeling.nl\/de\/shop\/"},{"@type":"ListItem","position":3,"name":"Overige","item":"https:\/\/www.oudadl.testontwikkeling.nl\/product-categorie\/overige-producten\/"},{"@type":"ListItem","position":4,"name":"Fittingen en kabels","item":"https:\/\/www.oudadl.testontwikkeling.nl\/product-categorie\/overige-producten\/fittingen-en-kabels\/"},{"@type":"ListItem","position":5,"name":"Strands Siberia kabel kit met 1x DT4 stekker 12V"}]},{"@type":"WebSite","@id":"https:\/\/www.oudadl.testontwikkeling.nl\/#website","url":"https:\/\/www.oudadl.testontwikkeling.nl\/","name":"All Day Led","description":"","publisher":{"@id":"https:\/\/www.oudadl.testontwikkeling.nl\/#organization"},"potentialAction":[{"@type":"SearchAction","target":{"@type":"EntryPoint","urlTemplate":"https:\/\/www.oudadl.testontwikkeling.nl\/?s={search_term_string}"},"query-input":{"@type":"PropertyValueSpecification","valueRequired":true,"valueName":"search_term_string"}}],"inLanguage":"nl-NL"},{"@type":"Organization","@id":"https:\/\/www.oudadl.testontwikkeling.nl\/#organization","name":"All Day Led","url":"https:\/\/www.oudadl.testontwikkeling.nl\/","logo":{"@type":"ImageObject","inLanguage":"nl-NL","@id":"https:\/\/www.oudadl.testontwikkeling.nl\/#\/schema\/logo\/image\/","url":"https:\/\/www.oudadl.testontwikkeling.nl\/wp-content\/uploads\/2022\/08\/Logo-ALL-DAY-LED-800x800-zwart-witte-letters.png","contentUrl":"https:\/\/www.oudadl.testontwikkeling.nl\/wp-content\/uploads\/2022\/08\/Logo-ALL-DAY-LED-800x800-zwart-witte-letters.png","width":800,"height":800,"caption":"All Day Led"},"image":{"@id":"https:\/\/www.oudadl.testontwikkeling.nl\/#\/schema\/logo\/image\/"},"sameAs":["https:\/\/www.facebook.com\/alldayled\/","https:\/\/www.instagram.com\/alldayled\/"],"vatID":"NL863960133B01","taxID":"86416545","hasMerchantReturnPolicy":{"@type":"MerchantReturnPolicy","merchantReturnLink":"https:\/\/www.oudadl.testontwikkeling.nl\/nl\/verzenden-retourneren\/"}}]},"product_brand":"Strands","product_price_amount":"58.95","product_price_currency":"EUR","og_availability":"instock","product_availability":"instock","product_retailer_item_id":"ADL270477","product_condition":"new"},"_links":{"self":[{"href":"https:\/\/www.oudadl.testontwikkeling.nl\/nl\/wp-json\/wp\/v2\/product\/41557","targetHints":{"allow":["GET"]}}],"collection":[{"href":"https:\/\/www.oudadl.testontwikkeling.nl\/nl\/wp-json\/wp\/v2\/product"}],"about":[{"href":"https:\/\/www.oudadl.testontwikkeling.nl\/nl\/wp-json\/wp\/v2\/types\/product"}],"replies":[{"embeddable":true,"href":"https:\/\/www.oudadl.testontwikkeling.nl\/nl\/wp-json\/wp\/v2\/comments?post=41557"}],"wp:featuredmedia":[{"embeddable":true,"href":"https:\/\/www.oudadl.testontwikkeling.nl\/nl\/wp-json\/wp\/v2\/media\/41559"}],"wp:attachment":[{"href":"https:\/\/www.oudadl.testontwikkeling.nl\/nl\/wp-json\/wp\/v2\/media?parent=41557"}],"wp:term":[{"taxonomy":"product_brand","embeddable":true,"href":"https:\/\/www.oudadl.testontwikkeling.nl\/nl\/wp-json\/wp\/v2\/product_brand?post=41557"},{"taxonomy":"product_cat","embeddable":true,"href":"https:\/\/www.oudadl.testontwikkeling.nl\/nl\/wp-json\/wp\/v2\/product_cat?post=41557"},{"taxonomy":"product_tag","embeddable":true,"href":"https:\/\/www.oudadl.testontwikkeling.nl\/nl\/wp-json\/wp\/v2\/product_tag?post=41557"}],"curies":[{"name":"wp","href":"https:\/\/api.w.org\/{rel}","templated":true}]}}