{"id":40561,"date":"2023-11-16T08:38:28","date_gmt":"2023-11-16T07:38:28","guid":{"rendered":"https:\/\/www.oudadl.testontwikkeling.nl\/?post_type=product&#038;p=40561"},"modified":"2025-10-02T11:37:25","modified_gmt":"2025-10-02T09:37:25","slug":"was-w174-markeringslamp-oranje","status":"publish","type":"product","link":"https:\/\/www.oudadl.testontwikkeling.nl\/nl\/product\/was-w174-markeringslamp-oranje\/","title":{"rendered":"WA\u015a W174 markeringslamp oranje"},"content":{"rendered":"<p><span style=\"color: #000000\"><strong>WA\u015a W174 markeringslamp oranje.<\/strong><\/span><\/p>\n<p><span style=\"color: #000000\">Bent u opzoek naar een goede LED markeringslamp met NEON look en een ingebouwde reflector? Dan is de oranje markeringslamp van merk WA\u015a wellicht d\u00e9 lamp waar u naar op zoek bent. De oranje oplichtende contourlamp is voorzien van een NEON look LED streep en word geleverd met bevestigingsbeugel en schroeven. De WA\u015a W174 LED markeringslamp oranje, werkt op 12 &amp; 24 volt. U kunt de markeringslamp hierdoor bijvoorbeeld monteren op een auto, vrachtwagen,\u00a0 camper of ander soort voertuig.\u00a0<\/span><\/p>\n<p><span style=\"color: #000000\">Om er zeker van te zijn dat de WA\u015a W174 LED markeringslamp oranje met NEON look geschikt is voor uw voertuig of aanhanger. Hebben we hieronder een aantal specificaties uitgeschreven. Dit alles om u duidelijk te maken waarom dit wellicht d\u00e9 LED lamp is waarnaar u opzoek bent. De LED markeringslamp is onder andere voorzien van het ECE R10 keurmerk. Dit keurmerk wil zeggen dat de lamp tijdens activatie geen storing zal geven, op bijvoorbeeld uw radiosignaal. Ook is de LED markeringslamp oranje van WA\u015a voorzien van het ECE R3 en R91 keurmerk. De keurmerken geven aan dat u de LED lamp met reflector als markeringslamp mag gebruiken.\u00a0<\/span><\/p>\n<h5><span style=\"color: #000000\"><strong>Afmetingen:<\/strong><\/span><\/h5>\n<p><span style=\"color: #000000\">Omdat u er voor aankoop zeker van wilt zijn dat u de lamp kan monteren waar u wilt. Hebben we hieronder de afmetingen van de LED contourlamp genoteerd. De afmetingen van de WA\u015a W174 LED markeringslamp oranje met houder zijn als volgt.<\/span><\/p>\n<ul>\n<li><span style=\"color: #000000\">Lengte: 115.3 mm<\/span><\/li>\n<li><span style=\"color: #000000\">Hoogte: 41.3 mm<\/span><\/li>\n<li><span style=\"color: #000000\">Dikte: 20 mm\u00a0<\/span><\/li>\n<li><span style=\"color: #000000\">H.o.H: 75mm<\/span><\/li>\n<\/ul>\n<h5><span style=\"color: #000000\"><strong>Overige kleuren:<\/strong><\/span><\/h5>\n<p><span style=\"color: #000000\">Wilt u wel een contourlamp van het merk WA\u015a kopen? Maar is de WA\u015a W174 markeringslamp ORANJE in NEON look nu niet de kleur die u zoekt? Weet dan dit model van WA\u015a ook beschikbaar is in de volgende kleuren:<\/span><\/p>\n<ul>\n<li><span style=\"color: #000000\"><a style=\"color: #000000\" href=\"https:\/\/www.oudadl.testontwikkeling.nl\/product\/was-w174-markeringslamp-rood\/\"><strong>W174 contourlamp ROOD<\/strong><\/a><\/span><\/li>\n<li><span style=\"color: #000000\"><a style=\"color: #000000\" href=\"https:\/\/www.oudadl.testontwikkeling.nl\/product\/was-w174-markeringslamp-wit\/\" target=\"_blank\" rel=\"noopener\"><strong>W174 contourlamp WIT<\/strong><\/a><\/span><\/li>\n<\/ul>\n<p><span style=\"color: #000000\">Bent u nog steeds niet overtuigd dat de WA\u015a W174 LED markeringslamp oranje is waarnaar u opzoek bent? Simpelweg omdat de lichtopbrengst, wattage of vorm niet naar wens is? Bekijk dan hier het complete aanbod van <a style=\"color: #000000\" href=\"https:\/\/www.oudadl.testontwikkeling.nl\/merk\/product-was\/\" target=\"_blank\" rel=\"noopener\">WA\u015a<\/a>. Wellicht vind u hier wel het model lamp waarnaar u opzoek bent.<\/span><\/p>\n","protected":false},"excerpt":{"rendered":"<p>WA\u015a W174 markeringslamp oranje. Bent u opzoek naar een goede LED markeringslamp met NEON look en een ingebouwde reflector? Dan is de oranje markeringslamp van merk WA\u015a wellicht d\u00e9 lamp waar u naar op zoek bent. De oranje oplichtende contourlamp is voorzien van een NEON look LED streep en word geleverd met bevestigingsbeugel en schroeven. [&hellip;]<\/p>\n","protected":false},"featured_media":40780,"comment_status":"open","ping_status":"closed","template":"","meta":{"_acf_changed":false,"site-sidebar-layout":"default","site-content-layout":"default","ast-site-content-layout":"default","site-content-style":"default","site-sidebar-style":"default","ast-global-header-display":"","ast-banner-title-visibility":"","ast-main-header-display":"","ast-hfb-above-header-display":"","ast-hfb-below-header-display":"","ast-hfb-mobile-header-display":"","site-post-title":"","ast-breadcrumbs-content":"","ast-featured-img":"","footer-sml-layout":"","ast-disable-related-posts":"","theme-transparent-header-meta":"default","adv-header-id-meta":"","stick-header-meta":"","header-above-stick-meta":"","header-main-stick-meta":"","header-below-stick-meta":"","astra-migrate-meta-layouts":"set","ast-page-background-enabled":"default","ast-page-background-meta":{"desktop":{"background-color":"","background-image":"","background-repeat":"repeat","background-position":"center center","background-size":"auto","background-attachment":"scroll","background-type":"","background-media":"","overlay-type":"","overlay-color":"","overlay-opacity":"","overlay-gradient":""},"tablet":{"background-color":"","background-image":"","background-repeat":"repeat","background-position":"center center","background-size":"auto","background-attachment":"scroll","background-type":"","background-media":"","overlay-type":"","overlay-color":"","overlay-opacity":"","overlay-gradient":""},"mobile":{"background-color":"","background-image":"","background-repeat":"repeat","background-position":"center center","background-size":"auto","background-attachment":"scroll","background-type":"","background-media":"","overlay-type":"","overlay-color":"","overlay-opacity":"","overlay-gradient":""}},"ast-content-background-meta":{"desktop":{"background-color":"var(--ast-global-color-5)","background-image":"","background-repeat":"repeat","background-position":"center center","background-size":"auto","background-attachment":"scroll","background-type":"","background-media":"","overlay-type":"","overlay-color":"","overlay-opacity":"","overlay-gradient":""},"tablet":{"background-color":"var(--ast-global-color-5)","background-image":"","background-repeat":"repeat","background-position":"center center","background-size":"auto","background-attachment":"scroll","background-type":"","background-media":"","overlay-type":"","overlay-color":"","overlay-opacity":"","overlay-gradient":""},"mobile":{"background-color":"var(--ast-global-color-5)","background-image":"","background-repeat":"repeat","background-position":"center center","background-size":"auto","background-attachment":"scroll","background-type":"","background-media":"","overlay-type":"","overlay-color":"","overlay-opacity":"","overlay-gradient":""}}},"product_brand":[],"product_cat":[262],"product_tag":[263,2476,5486,5485,2553,2473,2477,2474,2475,2519,2481],"class_list":{"0":"post-40561","1":"product","2":"type-product","3":"status-publish","4":"has-post-thumbnail","6":"product_cat-markeringslampen","7":"product_tag-contourverlichting","8":"product_tag-led-markeringslamp","9":"product_tag-led-markeringslamp-12-volt","10":"product_tag-led-markeringslamp-24-volt","11":"product_tag-led-markeringslamp-oranje","12":"product_tag-markeringslamp-aanhanger","13":"product_tag-markeringslamp-camper","14":"product_tag-markeringslamp-trailer","15":"product_tag-markeringslamp-vrachtwagen","16":"product_tag-was-led-verlichting","17":"product_tag-zijmarkering","18":"pa_merkk-product-was","19":"desktop-align-left","20":"tablet-align-left","21":"mobile-align-left","23":"first","24":"instock","25":"taxable","26":"shipping-taxable","27":"purchasable","28":"product-type-simple"},"acf":[],"yoast_head":"<!-- This site is optimized with the Yoast SEO Premium plugin v25.9 (Yoast SEO v27.6) - https:\/\/yoast.com\/product\/yoast-seo-premium-wordpress\/ -->\n<title>W174 markeringslamp oranje - WA\u015a - All Day Led - geschikt voor 12&amp;24 volt<\/title>\n<meta name=\"description\" content=\"W174 markeringslamp oranje - WA\u015a - 12-24 volt - auto, aanhanger, vrachtwagen en meer - ECE R91 keurmerk - NEON look LED lamp - met houder\" \/>\n<meta name=\"robots\" content=\"noindex, follow, max-snippet:-1, max-image-preview:large, max-video-preview:-1\" \/>\n<meta property=\"og:locale\" content=\"nl_NL\" \/>\n<meta property=\"og:type\" content=\"article\" \/>\n<meta property=\"og:title\" content=\"W174 markeringslamp oranje - WA\u015a - All Day Led - geschikt voor 12&amp;24 volt\" \/>\n<meta property=\"og:description\" content=\"W174 markeringslamp oranje - WA\u015a - 12-24 volt - auto, aanhanger, vrachtwagen en meer - ECE R91 keurmerk - NEON look LED lamp - met houder\" \/>\n<meta property=\"og:url\" content=\"https:\/\/www.oudadl.testontwikkeling.nl\/nl\/product\/was-w174-markeringslamp-oranje\/\" \/>\n<meta property=\"og:site_name\" content=\"All Day Led\" \/>\n<meta property=\"article:publisher\" content=\"https:\/\/www.facebook.com\/alldayled\/\" \/>\n<meta property=\"article:modified_time\" content=\"2025-10-02T09:37:25+00:00\" \/>\n<meta property=\"og:image\" content=\"https:\/\/www.oudadl.testontwikkeling.nl\/wp-content\/uploads\/2024\/05\/ADL01219.png\" \/>\n\t<meta property=\"og:image:width\" content=\"800\" \/>\n\t<meta property=\"og:image:height\" content=\"800\" \/>\n\t<meta property=\"og:image:type\" content=\"image\/png\" \/>\n<meta name=\"twitter:label1\" content=\"Prijs\" \/>\n\t<meta name=\"twitter:data1\" content=\"&euro;11,95\" \/>\n\t<meta name=\"twitter:label2\" content=\"Beschikbaarheid\" \/>\n\t<meta name=\"twitter:data2\" content=\"Op voorraad\" \/>\n<script type=\"application\/ld+json\" class=\"yoast-schema-graph\">{\"@context\":\"https:\\\/\\\/schema.org\",\"@graph\":[{\"@type\":\"WebPage\",\"@id\":\"https:\\\/\\\/www.oudadl.testontwikkeling.nl\\\/product\\\/was-w174-markeringslamp-oranje\\\/\",\"url\":\"https:\\\/\\\/www.oudadl.testontwikkeling.nl\\\/product\\\/was-w174-markeringslamp-oranje\\\/\",\"name\":\"W174 markeringslamp oranje - WA\u015a - All Day Led - geschikt voor 12&24 volt\",\"isPartOf\":{\"@id\":\"https:\\\/\\\/www.oudadl.testontwikkeling.nl\\\/#website\"},\"primaryImageOfPage\":{\"@id\":\"https:\\\/\\\/www.oudadl.testontwikkeling.nl\\\/product\\\/was-w174-markeringslamp-oranje\\\/#primaryimage\"},\"image\":{\"@id\":\"https:\\\/\\\/www.oudadl.testontwikkeling.nl\\\/product\\\/was-w174-markeringslamp-oranje\\\/#primaryimage\"},\"thumbnailUrl\":\"https:\\\/\\\/www.oudadl.testontwikkeling.nl\\\/wp-content\\\/uploads\\\/2023\\\/11\\\/ADL01219.png\",\"datePublished\":\"2023-11-16T07:38:28+00:00\",\"dateModified\":\"2025-10-02T09:37:25+00:00\",\"description\":\"W174 markeringslamp oranje - WA\u015a - 12-24 volt - auto, aanhanger, vrachtwagen en meer - ECE R91 keurmerk - NEON look LED lamp - met houder\",\"breadcrumb\":{\"@id\":\"https:\\\/\\\/www.oudadl.testontwikkeling.nl\\\/product\\\/was-w174-markeringslamp-oranje\\\/#breadcrumb\"},\"inLanguage\":\"nl-NL\",\"potentialAction\":[{\"@type\":\"ReadAction\",\"target\":[\"https:\\\/\\\/www.oudadl.testontwikkeling.nl\\\/product\\\/was-w174-markeringslamp-oranje\\\/\"]}]},{\"@type\":\"ImageObject\",\"inLanguage\":\"nl-NL\",\"@id\":\"https:\\\/\\\/www.oudadl.testontwikkeling.nl\\\/product\\\/was-w174-markeringslamp-oranje\\\/#primaryimage\",\"url\":\"https:\\\/\\\/www.oudadl.testontwikkeling.nl\\\/wp-content\\\/uploads\\\/2023\\\/11\\\/ADL01219.png\",\"contentUrl\":\"https:\\\/\\\/www.oudadl.testontwikkeling.nl\\\/wp-content\\\/uploads\\\/2023\\\/11\\\/ADL01219.png\",\"width\":800,\"height\":600,\"caption\":\"WA\u015a W174 markeringslamp ORANJE - contourverlichting voor 12 en 24 volt gebruik - LED lamp met NEON look - voor auto, vrachtwagen, tractor, camper en meer - EAN: 5903098103576\"},{\"@type\":\"BreadcrumbList\",\"@id\":\"https:\\\/\\\/www.oudadl.testontwikkeling.nl\\\/product\\\/was-w174-markeringslamp-oranje\\\/#breadcrumb\",\"itemListElement\":[{\"@type\":\"ListItem\",\"position\":1,\"name\":\"Home\",\"item\":\"https:\\\/\\\/www.oudadl.testontwikkeling.nl\\\/\"},{\"@type\":\"ListItem\",\"position\":2,\"name\":\"Shop\",\"item\":\"https:\\\/\\\/www.oudadl.testontwikkeling.nl\\\/de\\\/shop\\\/\"},{\"@type\":\"ListItem\",\"position\":3,\"name\":\"Positielampen\",\"item\":\"https:\\\/\\\/www.oudadl.testontwikkeling.nl\\\/product-categorie\\\/positielampen\\\/\"},{\"@type\":\"ListItem\",\"position\":4,\"name\":\"Markeringslampen\",\"item\":\"https:\\\/\\\/www.oudadl.testontwikkeling.nl\\\/product-categorie\\\/positielampen\\\/markeringslampen\\\/\"},{\"@type\":\"ListItem\",\"position\":5,\"name\":\"WA\u015a W174 markeringslamp oranje\"}]},{\"@type\":\"WebSite\",\"@id\":\"https:\\\/\\\/www.oudadl.testontwikkeling.nl\\\/#website\",\"url\":\"https:\\\/\\\/www.oudadl.testontwikkeling.nl\\\/\",\"name\":\"All Day Led\",\"description\":\"\",\"publisher\":{\"@id\":\"https:\\\/\\\/www.oudadl.testontwikkeling.nl\\\/#organization\"},\"potentialAction\":[{\"@type\":\"SearchAction\",\"target\":{\"@type\":\"EntryPoint\",\"urlTemplate\":\"https:\\\/\\\/www.oudadl.testontwikkeling.nl\\\/?s={search_term_string}\"},\"query-input\":{\"@type\":\"PropertyValueSpecification\",\"valueRequired\":true,\"valueName\":\"search_term_string\"}}],\"inLanguage\":\"nl-NL\"},{\"@type\":\"Organization\",\"@id\":\"https:\\\/\\\/www.oudadl.testontwikkeling.nl\\\/#organization\",\"name\":\"All Day Led\",\"url\":\"https:\\\/\\\/www.oudadl.testontwikkeling.nl\\\/\",\"logo\":{\"@type\":\"ImageObject\",\"inLanguage\":\"nl-NL\",\"@id\":\"https:\\\/\\\/www.oudadl.testontwikkeling.nl\\\/#\\\/schema\\\/logo\\\/image\\\/\",\"url\":\"https:\\\/\\\/www.oudadl.testontwikkeling.nl\\\/wp-content\\\/uploads\\\/2022\\\/08\\\/Logo-ALL-DAY-LED-800x800-zwart-witte-letters.png\",\"contentUrl\":\"https:\\\/\\\/www.oudadl.testontwikkeling.nl\\\/wp-content\\\/uploads\\\/2022\\\/08\\\/Logo-ALL-DAY-LED-800x800-zwart-witte-letters.png\",\"width\":800,\"height\":800,\"caption\":\"All Day Led\"},\"image\":{\"@id\":\"https:\\\/\\\/www.oudadl.testontwikkeling.nl\\\/#\\\/schema\\\/logo\\\/image\\\/\"},\"sameAs\":[\"https:\\\/\\\/www.facebook.com\\\/alldayled\\\/\",\"https:\\\/\\\/www.instagram.com\\\/alldayled\\\/\"],\"vatID\":\"NL863960133B01\",\"taxID\":\"86416545\",\"hasMerchantReturnPolicy\":{\"@type\":\"MerchantReturnPolicy\",\"merchantReturnLink\":\"https:\\\/\\\/www.oudadl.testontwikkeling.nl\\\/nl\\\/verzenden-retourneren\\\/\"}}]}<\/script>\n<meta property=\"product:brand\" content=\"WA\u015a\" \/>\n<meta property=\"product:price:amount\" content=\"11.95\" \/>\n<meta property=\"product:price:currency\" content=\"EUR\" \/>\n<meta property=\"og:availability\" content=\"instock\" \/>\n<meta property=\"product:availability\" content=\"instock\" \/>\n<meta property=\"product:retailer_item_id\" content=\"ADL01219\" \/>\n<meta property=\"product:condition\" content=\"new\" \/>\n<!-- \/ Yoast SEO Premium plugin. -->","yoast_head_json":{"title":"W174 markeringslamp oranje - WA\u015a - All Day Led - geschikt voor 12&24 volt","description":"W174 markeringslamp oranje - WA\u015a - 12-24 volt - auto, aanhanger, vrachtwagen en meer - ECE R91 keurmerk - NEON look LED lamp - met houder","robots":{"index":"noindex","follow":"follow","max-snippet":"max-snippet:-1","max-image-preview":"max-image-preview:large","max-video-preview":"max-video-preview:-1"},"og_locale":"nl_NL","og_type":"article","og_title":"W174 markeringslamp oranje - WA\u015a - All Day Led - geschikt voor 12&24 volt","og_description":"W174 markeringslamp oranje - WA\u015a - 12-24 volt - auto, aanhanger, vrachtwagen en meer - ECE R91 keurmerk - NEON look LED lamp - met houder","og_url":"https:\/\/www.oudadl.testontwikkeling.nl\/nl\/product\/was-w174-markeringslamp-oranje\/","og_site_name":"All Day Led","article_publisher":"https:\/\/www.facebook.com\/alldayled\/","article_modified_time":"2025-10-02T09:37:25+00:00","og_image":[{"width":800,"height":800,"url":"https:\/\/www.oudadl.testontwikkeling.nl\/wp-content\/uploads\/2024\/05\/ADL01219.png","type":"image\/png"}],"twitter_misc":{"Prijs":"&euro;11,95","Beschikbaarheid":"Op voorraad"},"schema":{"@context":"https:\/\/schema.org","@graph":[{"@type":"WebPage","@id":"https:\/\/www.oudadl.testontwikkeling.nl\/product\/was-w174-markeringslamp-oranje\/","url":"https:\/\/www.oudadl.testontwikkeling.nl\/product\/was-w174-markeringslamp-oranje\/","name":"W174 markeringslamp oranje - WA\u015a - All Day Led - geschikt voor 12&24 volt","isPartOf":{"@id":"https:\/\/www.oudadl.testontwikkeling.nl\/#website"},"primaryImageOfPage":{"@id":"https:\/\/www.oudadl.testontwikkeling.nl\/product\/was-w174-markeringslamp-oranje\/#primaryimage"},"image":{"@id":"https:\/\/www.oudadl.testontwikkeling.nl\/product\/was-w174-markeringslamp-oranje\/#primaryimage"},"thumbnailUrl":"https:\/\/www.oudadl.testontwikkeling.nl\/wp-content\/uploads\/2023\/11\/ADL01219.png","datePublished":"2023-11-16T07:38:28+00:00","dateModified":"2025-10-02T09:37:25+00:00","description":"W174 markeringslamp oranje - WA\u015a - 12-24 volt - auto, aanhanger, vrachtwagen en meer - ECE R91 keurmerk - NEON look LED lamp - met houder","breadcrumb":{"@id":"https:\/\/www.oudadl.testontwikkeling.nl\/product\/was-w174-markeringslamp-oranje\/#breadcrumb"},"inLanguage":"nl-NL","potentialAction":[{"@type":"ReadAction","target":["https:\/\/www.oudadl.testontwikkeling.nl\/product\/was-w174-markeringslamp-oranje\/"]}]},{"@type":"ImageObject","inLanguage":"nl-NL","@id":"https:\/\/www.oudadl.testontwikkeling.nl\/product\/was-w174-markeringslamp-oranje\/#primaryimage","url":"https:\/\/www.oudadl.testontwikkeling.nl\/wp-content\/uploads\/2023\/11\/ADL01219.png","contentUrl":"https:\/\/www.oudadl.testontwikkeling.nl\/wp-content\/uploads\/2023\/11\/ADL01219.png","width":800,"height":600,"caption":"WA\u015a W174 markeringslamp ORANJE - contourverlichting voor 12 en 24 volt gebruik - LED lamp met NEON look - voor auto, vrachtwagen, tractor, camper en meer - EAN: 5903098103576"},{"@type":"BreadcrumbList","@id":"https:\/\/www.oudadl.testontwikkeling.nl\/product\/was-w174-markeringslamp-oranje\/#breadcrumb","itemListElement":[{"@type":"ListItem","position":1,"name":"Home","item":"https:\/\/www.oudadl.testontwikkeling.nl\/"},{"@type":"ListItem","position":2,"name":"Shop","item":"https:\/\/www.oudadl.testontwikkeling.nl\/de\/shop\/"},{"@type":"ListItem","position":3,"name":"Positielampen","item":"https:\/\/www.oudadl.testontwikkeling.nl\/product-categorie\/positielampen\/"},{"@type":"ListItem","position":4,"name":"Markeringslampen","item":"https:\/\/www.oudadl.testontwikkeling.nl\/product-categorie\/positielampen\/markeringslampen\/"},{"@type":"ListItem","position":5,"name":"WA\u015a W174 markeringslamp oranje"}]},{"@type":"WebSite","@id":"https:\/\/www.oudadl.testontwikkeling.nl\/#website","url":"https:\/\/www.oudadl.testontwikkeling.nl\/","name":"All Day Led","description":"","publisher":{"@id":"https:\/\/www.oudadl.testontwikkeling.nl\/#organization"},"potentialAction":[{"@type":"SearchAction","target":{"@type":"EntryPoint","urlTemplate":"https:\/\/www.oudadl.testontwikkeling.nl\/?s={search_term_string}"},"query-input":{"@type":"PropertyValueSpecification","valueRequired":true,"valueName":"search_term_string"}}],"inLanguage":"nl-NL"},{"@type":"Organization","@id":"https:\/\/www.oudadl.testontwikkeling.nl\/#organization","name":"All Day Led","url":"https:\/\/www.oudadl.testontwikkeling.nl\/","logo":{"@type":"ImageObject","inLanguage":"nl-NL","@id":"https:\/\/www.oudadl.testontwikkeling.nl\/#\/schema\/logo\/image\/","url":"https:\/\/www.oudadl.testontwikkeling.nl\/wp-content\/uploads\/2022\/08\/Logo-ALL-DAY-LED-800x800-zwart-witte-letters.png","contentUrl":"https:\/\/www.oudadl.testontwikkeling.nl\/wp-content\/uploads\/2022\/08\/Logo-ALL-DAY-LED-800x800-zwart-witte-letters.png","width":800,"height":800,"caption":"All Day Led"},"image":{"@id":"https:\/\/www.oudadl.testontwikkeling.nl\/#\/schema\/logo\/image\/"},"sameAs":["https:\/\/www.facebook.com\/alldayled\/","https:\/\/www.instagram.com\/alldayled\/"],"vatID":"NL863960133B01","taxID":"86416545","hasMerchantReturnPolicy":{"@type":"MerchantReturnPolicy","merchantReturnLink":"https:\/\/www.oudadl.testontwikkeling.nl\/nl\/verzenden-retourneren\/"}}]},"product_brand":"WA\u015a","product_price_amount":"11.95","product_price_currency":"EUR","og_availability":"instock","product_availability":"instock","product_retailer_item_id":"ADL01219","product_condition":"new"},"_links":{"self":[{"href":"https:\/\/www.oudadl.testontwikkeling.nl\/nl\/wp-json\/wp\/v2\/product\/40561","targetHints":{"allow":["GET"]}}],"collection":[{"href":"https:\/\/www.oudadl.testontwikkeling.nl\/nl\/wp-json\/wp\/v2\/product"}],"about":[{"href":"https:\/\/www.oudadl.testontwikkeling.nl\/nl\/wp-json\/wp\/v2\/types\/product"}],"replies":[{"embeddable":true,"href":"https:\/\/www.oudadl.testontwikkeling.nl\/nl\/wp-json\/wp\/v2\/comments?post=40561"}],"wp:featuredmedia":[{"embeddable":true,"href":"https:\/\/www.oudadl.testontwikkeling.nl\/nl\/wp-json\/wp\/v2\/media\/40780"}],"wp:attachment":[{"href":"https:\/\/www.oudadl.testontwikkeling.nl\/nl\/wp-json\/wp\/v2\/media?parent=40561"}],"wp:term":[{"taxonomy":"product_brand","embeddable":true,"href":"https:\/\/www.oudadl.testontwikkeling.nl\/nl\/wp-json\/wp\/v2\/product_brand?post=40561"},{"taxonomy":"product_cat","embeddable":true,"href":"https:\/\/www.oudadl.testontwikkeling.nl\/nl\/wp-json\/wp\/v2\/product_cat?post=40561"},{"taxonomy":"product_tag","embeddable":true,"href":"https:\/\/www.oudadl.testontwikkeling.nl\/nl\/wp-json\/wp\/v2\/product_tag?post=40561"}],"curies":[{"name":"wp","href":"https:\/\/api.w.org\/{rel}","templated":true}]}}