{"id":29174,"date":"2020-07-26T15:50:30","date_gmt":"2020-07-26T14:50:30","guid":{"rendered":"https:\/\/www.oudadl.testontwikkeling.nl\/?post_type=product&#038;p=29174"},"modified":"2025-10-13T21:27:01","modified_gmt":"2025-10-13T19:27:01","slug":"mtrs-type-5-toplamp-warm-wit","status":"publish","type":"product","link":"https:\/\/www.oudadl.testontwikkeling.nl\/nl\/product\/mtrs-type-5-toplamp-warm-wit\/","title":{"rendered":"MTRS type 5 toplamp warm wit"},"content":{"rendered":"<p><span style=\"color: #000000;\"><strong>MTRS type 5 toplamp WARM WIT, geschikt voor Volvo FH vrachtwagen met verstralers.<\/strong><\/span><\/p>\n<p><span style=\"color: #000000;\">Heeft u een Volvo FH vrachtwagen waar verstralers in het dak zijn ge\u00efntegreerd, en wilt u de positielamp die ernaast zit in een andere kleur hebben? Wellicht is de MTRS toplamp type 5 dan wel d\u00e9 lamp die u zoekt. De toplamp heeft 2 LED punten en en zal oplichten in de kleur WARM WIT met kleurcode 3000k. Met \u00e9\u00e9n set kunt u zowel de linker als rechter zijde voorzien van een andere lamp. Verder gaat het hier om een op maat gemaakt artikel en zult u deze niet op andere merken kunnen monteren.<\/span><\/p>\n<p><span style=\"color: #000000;\">Om er zeker van te zijn dat de MTRS type 5 toplamp WARM WIT geschikt is voor uw vrachtwagen. Hebben we hieronder een aantal specificaties uitgeschreven. Dit alles om u duidelijk te maken waarom dit wellicht d\u00e9 LED lamp is waarnaar u op zoek bent. De Volvo LED toplamp type 5 warm wit is onder andere voorzien van het ECE R10 keurmerk. Dit keurmerk wil zeggen dat de lamp bij juiste installatie tijdens activatie geen storing zal geven, op bijvoorbeeld uw radiosignaal. Om het geheel af te maken, word de toplamp lamp geleverd met een originele aansluit stekker. Daarmee is het aansluiten zeer eenvoudig gemaakt.<\/span><\/p>\n<h5><span style=\"color: #000000;\"><strong>Overige modellen:\u00a0<\/strong><\/span><\/h5>\n<p><span style=\"color: #000000;\">Bent u wel op zoek naar een toplamp die u in uw vrachtwagen kunt monteren? Maar is de MTRS type 5 toplamp nu niet het model wat u zoekt? Weet dan dat wij ook nog diverse andere modellen voor de vrachtwagen aanbieden. Hieronder vindt u een lijst met de overige opties die wij kunnen uitleveren.<\/span><\/p>\n<ul>\n<li><span style=\"color: #000000;\"><a style=\"color: #000000;\" href=\"https:\/\/www.oudadl.testontwikkeling.nl\/product\/volvo-led-toplamp-type-2-oranje\/\"><strong>Volvo toplicht type 2 &#8211; oranje<\/strong><\/a><\/span><\/li>\n<li><span style=\"color: #000000;\"><a style=\"color: #000000;\" href=\"https:\/\/www.oudadl.testontwikkeling.nl\/product\/mtrs-type-5-toplamp-dual-color\/\"><strong>Volvo toplicht type 5 oranje\/wit<\/strong><\/a><\/span><\/li>\n<li><span style=\"color: #000000;\"><a style=\"color: #000000;\" href=\"https:\/\/www.oudadl.testontwikkeling.nl\/product\/mtrs-type-5-toplamp-oranje\/\"><strong>Volvo toplicht type 5 &#8211; oranje<\/strong><\/a><\/span><\/li>\n<\/ul>\n<p><span style=\"color: #000000;\">Bent u toch na het lezen van alles toch van mening dat de MTRS type 5 toplamp WARM WIT niet is wat u zoekt? Simpel weg omdat de kleur of voltage niet naar wens is? Neem dan ook zeker eens een kijkje op onze pagina <a style=\"color: #000000;\" href=\"https:\/\/www.oudadl.testontwikkeling.nl\/product-categorie\/verlichting-vrachtwagen\/\">vrachtwagen verlichting<\/a>. Wellicht vindt u hier wel het model lamp of onderdeel waar naar u op zoek bent.\u00a0<\/span><\/p>\n","protected":false},"excerpt":{"rendered":"<p>MTRS type 5 toplamp WARM WIT, geschikt voor Volvo FH vrachtwagen met verstralers. Heeft u een Volvo FH vrachtwagen waar verstralers in het dak zijn ge\u00efntegreerd, en wilt u de positielamp die ernaast zit in een andere kleur hebben? Wellicht is de MTRS toplamp type 5 dan wel d\u00e9 lamp die u zoekt. De toplamp [&hellip;]<\/p>\n","protected":false},"featured_media":32848,"comment_status":"open","ping_status":"closed","template":"","meta":{"_acf_changed":false,"site-sidebar-layout":"default","site-content-layout":"default","ast-site-content-layout":"default","site-content-style":"default","site-sidebar-style":"default","ast-global-header-display":"","ast-banner-title-visibility":"","ast-main-header-display":"","ast-hfb-above-header-display":"","ast-hfb-below-header-display":"","ast-hfb-mobile-header-display":"","site-post-title":"","ast-breadcrumbs-content":"","ast-featured-img":"","footer-sml-layout":"","ast-disable-related-posts":"","theme-transparent-header-meta":"default","adv-header-id-meta":"","stick-header-meta":"","header-above-stick-meta":"","header-main-stick-meta":"","header-below-stick-meta":"","astra-migrate-meta-layouts":"set","ast-page-background-enabled":"default","ast-page-background-meta":{"desktop":{"background-color":"","background-image":"","background-repeat":"repeat","background-position":"center center","background-size":"auto","background-attachment":"scroll","background-type":"","background-media":"","overlay-type":"","overlay-color":"","overlay-opacity":"","overlay-gradient":""},"tablet":{"background-color":"","background-image":"","background-repeat":"repeat","background-position":"center center","background-size":"auto","background-attachment":"scroll","background-type":"","background-media":"","overlay-type":"","overlay-color":"","overlay-opacity":"","overlay-gradient":""},"mobile":{"background-color":"","background-image":"","background-repeat":"repeat","background-position":"center center","background-size":"auto","background-attachment":"scroll","background-type":"","background-media":"","overlay-type":"","overlay-color":"","overlay-opacity":"","overlay-gradient":""}},"ast-content-background-meta":{"desktop":{"background-color":"var(--ast-global-color-5)","background-image":"","background-repeat":"repeat","background-position":"center center","background-size":"auto","background-attachment":"scroll","background-type":"","background-media":"","overlay-type":"","overlay-color":"","overlay-opacity":"","overlay-gradient":""},"tablet":{"background-color":"var(--ast-global-color-5)","background-image":"","background-repeat":"repeat","background-position":"center center","background-size":"auto","background-attachment":"scroll","background-type":"","background-media":"","overlay-type":"","overlay-color":"","overlay-opacity":"","overlay-gradient":""},"mobile":{"background-color":"var(--ast-global-color-5)","background-image":"","background-repeat":"repeat","background-position":"center center","background-size":"auto","background-attachment":"scroll","background-type":"","background-media":"","overlay-type":"","overlay-color":"","overlay-opacity":"","overlay-gradient":""}}},"product_brand":[],"product_cat":[270,222],"product_tag":[2662,287,2004,2003,2661,2663],"class_list":{"0":"post-29174","1":"product","2":"type-product","3":"status-publish","4":"has-post-thumbnail","6":"product_cat-toplichten","7":"product_cat-volvo-verlichting","8":"product_tag-led-verlichting-volvo","9":"product_tag-volvo-fh","10":"product_tag-volvo-fh16","11":"product_tag-volvo-fh4","12":"product_tag-volvo-toplamp","13":"product_tag-volvo-vrachtwagen","14":"pa_merkk-mtrs","15":"desktop-align-left","16":"tablet-align-left","17":"mobile-align-left","19":"first","20":"instock","21":"taxable","22":"shipping-taxable","23":"purchasable","24":"product-type-simple"},"acf":[],"yoast_head":"<!-- This site is optimized with the Yoast SEO Premium plugin v25.9 (Yoast SEO v27.6) - https:\/\/yoast.com\/product\/yoast-seo-premium-wordpress\/ -->\n<title>MTRS type 5 toplamp WARM WIT - All Day Led - geschikt voor Volvo FH trucks<\/title>\n<meta name=\"description\" content=\"MTRS type 5 toplamp WARM WIT - LED positielamp voor naast de verstraler- geschikt voor Volvo FH vrachtwagen met verstralers - set voor links en rechts\" \/>\n<meta name=\"robots\" content=\"noindex, follow, max-snippet:-1, max-image-preview:large, max-video-preview:-1\" \/>\n<meta property=\"og:locale\" content=\"nl_NL\" \/>\n<meta property=\"og:type\" content=\"article\" \/>\n<meta property=\"og:title\" content=\"MTRS type 5 toplamp WARM WIT - All Day Led - geschikt voor Volvo FH trucks\" \/>\n<meta property=\"og:description\" content=\"MTRS type 5 toplamp WARM WIT - LED positielamp voor naast de verstraler- geschikt voor Volvo FH vrachtwagen met verstralers - set voor links en rechts\" \/>\n<meta property=\"og:url\" content=\"https:\/\/www.oudadl.testontwikkeling.nl\/nl\/product\/mtrs-type-5-toplamp-warm-wit\/\" \/>\n<meta property=\"og:site_name\" content=\"All Day Led\" \/>\n<meta property=\"article:publisher\" content=\"https:\/\/www.facebook.com\/alldayled\/\" \/>\n<meta property=\"article:modified_time\" content=\"2025-10-13T19:27:01+00:00\" \/>\n<meta property=\"og:image\" content=\"https:\/\/www.oudadl.testontwikkeling.nl\/wp-content\/uploads\/2020\/07\/ADL00770-.WW-1.png\" \/>\n\t<meta property=\"og:image:width\" content=\"800\" \/>\n\t<meta property=\"og:image:height\" content=\"600\" \/>\n\t<meta property=\"og:image:type\" content=\"image\/png\" \/>\n<meta name=\"twitter:label1\" content=\"Prijs\" \/>\n\t<meta name=\"twitter:data1\" content=\"&euro;29,95\" \/>\n\t<meta name=\"twitter:label2\" content=\"Beschikbaarheid\" \/>\n\t<meta name=\"twitter:data2\" content=\"Op voorraad\" \/>\n<script type=\"application\/ld+json\" class=\"yoast-schema-graph\">{\"@context\":\"https:\\\/\\\/schema.org\",\"@graph\":[{\"@type\":\"WebPage\",\"@id\":\"https:\\\/\\\/www.oudadl.testontwikkeling.nl\\\/product\\\/mtrs-type-5-toplamp-warm-wit\\\/\",\"url\":\"https:\\\/\\\/www.oudadl.testontwikkeling.nl\\\/product\\\/mtrs-type-5-toplamp-warm-wit\\\/\",\"name\":\"MTRS type 5 toplamp WARM WIT - All Day Led - geschikt voor Volvo FH trucks\",\"isPartOf\":{\"@id\":\"https:\\\/\\\/www.oudadl.testontwikkeling.nl\\\/#website\"},\"primaryImageOfPage\":{\"@id\":\"https:\\\/\\\/www.oudadl.testontwikkeling.nl\\\/product\\\/mtrs-type-5-toplamp-warm-wit\\\/#primaryimage\"},\"image\":{\"@id\":\"https:\\\/\\\/www.oudadl.testontwikkeling.nl\\\/product\\\/mtrs-type-5-toplamp-warm-wit\\\/#primaryimage\"},\"thumbnailUrl\":\"https:\\\/\\\/www.oudadl.testontwikkeling.nl\\\/wp-content\\\/uploads\\\/2020\\\/07\\\/ADL00770-.WW_.png\",\"datePublished\":\"2020-07-26T14:50:30+00:00\",\"dateModified\":\"2025-10-13T19:27:01+00:00\",\"description\":\"MTRS type 5 toplamp WARM WIT - LED positielamp voor naast de verstraler- geschikt voor Volvo FH vrachtwagen met verstralers - set voor links en rechts\",\"breadcrumb\":{\"@id\":\"https:\\\/\\\/www.oudadl.testontwikkeling.nl\\\/product\\\/mtrs-type-5-toplamp-warm-wit\\\/#breadcrumb\"},\"inLanguage\":\"nl-NL\",\"potentialAction\":[{\"@type\":\"ReadAction\",\"target\":[\"https:\\\/\\\/www.oudadl.testontwikkeling.nl\\\/product\\\/mtrs-type-5-toplamp-warm-wit\\\/\"]}]},{\"@type\":\"ImageObject\",\"inLanguage\":\"nl-NL\",\"@id\":\"https:\\\/\\\/www.oudadl.testontwikkeling.nl\\\/product\\\/mtrs-type-5-toplamp-warm-wit\\\/#primaryimage\",\"url\":\"https:\\\/\\\/www.oudadl.testontwikkeling.nl\\\/wp-content\\\/uploads\\\/2020\\\/07\\\/ADL00770-.WW_.png\",\"contentUrl\":\"https:\\\/\\\/www.oudadl.testontwikkeling.nl\\\/wp-content\\\/uploads\\\/2020\\\/07\\\/ADL00770-.WW_.png\",\"width\":800,\"height\":600,\"caption\":\"MTRS type 5 toplamp WARM WIT - lamp voor Volvo vrachtwagen met ge\u00efntegreerde verstraler in het dak lampgaten - set van twee stuks - Matronics nummer 240770-WW - EAN:\"},{\"@type\":\"BreadcrumbList\",\"@id\":\"https:\\\/\\\/www.oudadl.testontwikkeling.nl\\\/product\\\/mtrs-type-5-toplamp-warm-wit\\\/#breadcrumb\",\"itemListElement\":[{\"@type\":\"ListItem\",\"position\":1,\"name\":\"Home\",\"item\":\"https:\\\/\\\/www.oudadl.testontwikkeling.nl\\\/\"},{\"@type\":\"ListItem\",\"position\":2,\"name\":\"Shop\",\"item\":\"https:\\\/\\\/www.oudadl.testontwikkeling.nl\\\/de\\\/shop\\\/\"},{\"@type\":\"ListItem\",\"position\":3,\"name\":\"Verlichting vrachtwagen\",\"item\":\"https:\\\/\\\/www.oudadl.testontwikkeling.nl\\\/product-categorie\\\/verlichting-vrachtwagen\\\/\"},{\"@type\":\"ListItem\",\"position\":4,\"name\":\"Volvo verlichting\",\"item\":\"https:\\\/\\\/www.oudadl.testontwikkeling.nl\\\/product-categorie\\\/verlichting-vrachtwagen\\\/volvo-verlichting\\\/\"},{\"@type\":\"ListItem\",\"position\":5,\"name\":\"MTRS type 5 toplamp warm wit\"}]},{\"@type\":\"WebSite\",\"@id\":\"https:\\\/\\\/www.oudadl.testontwikkeling.nl\\\/#website\",\"url\":\"https:\\\/\\\/www.oudadl.testontwikkeling.nl\\\/\",\"name\":\"All Day Led\",\"description\":\"\",\"publisher\":{\"@id\":\"https:\\\/\\\/www.oudadl.testontwikkeling.nl\\\/#organization\"},\"potentialAction\":[{\"@type\":\"SearchAction\",\"target\":{\"@type\":\"EntryPoint\",\"urlTemplate\":\"https:\\\/\\\/www.oudadl.testontwikkeling.nl\\\/?s={search_term_string}\"},\"query-input\":{\"@type\":\"PropertyValueSpecification\",\"valueRequired\":true,\"valueName\":\"search_term_string\"}}],\"inLanguage\":\"nl-NL\"},{\"@type\":\"Organization\",\"@id\":\"https:\\\/\\\/www.oudadl.testontwikkeling.nl\\\/#organization\",\"name\":\"All Day Led\",\"url\":\"https:\\\/\\\/www.oudadl.testontwikkeling.nl\\\/\",\"logo\":{\"@type\":\"ImageObject\",\"inLanguage\":\"nl-NL\",\"@id\":\"https:\\\/\\\/www.oudadl.testontwikkeling.nl\\\/#\\\/schema\\\/logo\\\/image\\\/\",\"url\":\"https:\\\/\\\/www.oudadl.testontwikkeling.nl\\\/wp-content\\\/uploads\\\/2022\\\/08\\\/Logo-ALL-DAY-LED-800x800-zwart-witte-letters.png\",\"contentUrl\":\"https:\\\/\\\/www.oudadl.testontwikkeling.nl\\\/wp-content\\\/uploads\\\/2022\\\/08\\\/Logo-ALL-DAY-LED-800x800-zwart-witte-letters.png\",\"width\":800,\"height\":800,\"caption\":\"All Day Led\"},\"image\":{\"@id\":\"https:\\\/\\\/www.oudadl.testontwikkeling.nl\\\/#\\\/schema\\\/logo\\\/image\\\/\"},\"sameAs\":[\"https:\\\/\\\/www.facebook.com\\\/alldayled\\\/\",\"https:\\\/\\\/www.instagram.com\\\/alldayled\\\/\"],\"vatID\":\"NL863960133B01\",\"taxID\":\"86416545\",\"hasMerchantReturnPolicy\":{\"@type\":\"MerchantReturnPolicy\",\"merchantReturnLink\":\"https:\\\/\\\/www.oudadl.testontwikkeling.nl\\\/nl\\\/verzenden-retourneren\\\/\"}}]}<\/script>\n<meta property=\"product:brand\" content=\"MTRS\" \/>\n<meta property=\"product:price:amount\" content=\"29.95\" \/>\n<meta property=\"product:price:currency\" content=\"EUR\" \/>\n<meta property=\"og:availability\" content=\"instock\" \/>\n<meta property=\"product:availability\" content=\"instock\" \/>\n<meta property=\"product:retailer_item_id\" content=\"ADL00770-WW\" \/>\n<meta property=\"product:condition\" content=\"new\" \/>\n<!-- \/ Yoast SEO Premium plugin. -->","yoast_head_json":{"title":"MTRS type 5 toplamp WARM WIT - All Day Led - geschikt voor Volvo FH trucks","description":"MTRS type 5 toplamp WARM WIT - LED positielamp voor naast de verstraler- geschikt voor Volvo FH vrachtwagen met verstralers - set voor links en rechts","robots":{"index":"noindex","follow":"follow","max-snippet":"max-snippet:-1","max-image-preview":"max-image-preview:large","max-video-preview":"max-video-preview:-1"},"og_locale":"nl_NL","og_type":"article","og_title":"MTRS type 5 toplamp WARM WIT - All Day Led - geschikt voor Volvo FH trucks","og_description":"MTRS type 5 toplamp WARM WIT - LED positielamp voor naast de verstraler- geschikt voor Volvo FH vrachtwagen met verstralers - set voor links en rechts","og_url":"https:\/\/www.oudadl.testontwikkeling.nl\/nl\/product\/mtrs-type-5-toplamp-warm-wit\/","og_site_name":"All Day Led","article_publisher":"https:\/\/www.facebook.com\/alldayled\/","article_modified_time":"2025-10-13T19:27:01+00:00","og_image":[{"width":800,"height":600,"url":"https:\/\/www.oudadl.testontwikkeling.nl\/wp-content\/uploads\/2020\/07\/ADL00770-.WW-1.png","type":"image\/png"}],"twitter_misc":{"Prijs":"&euro;29,95","Beschikbaarheid":"Op voorraad"},"schema":{"@context":"https:\/\/schema.org","@graph":[{"@type":"WebPage","@id":"https:\/\/www.oudadl.testontwikkeling.nl\/product\/mtrs-type-5-toplamp-warm-wit\/","url":"https:\/\/www.oudadl.testontwikkeling.nl\/product\/mtrs-type-5-toplamp-warm-wit\/","name":"MTRS type 5 toplamp WARM WIT - All Day Led - geschikt voor Volvo FH trucks","isPartOf":{"@id":"https:\/\/www.oudadl.testontwikkeling.nl\/#website"},"primaryImageOfPage":{"@id":"https:\/\/www.oudadl.testontwikkeling.nl\/product\/mtrs-type-5-toplamp-warm-wit\/#primaryimage"},"image":{"@id":"https:\/\/www.oudadl.testontwikkeling.nl\/product\/mtrs-type-5-toplamp-warm-wit\/#primaryimage"},"thumbnailUrl":"https:\/\/www.oudadl.testontwikkeling.nl\/wp-content\/uploads\/2020\/07\/ADL00770-.WW_.png","datePublished":"2020-07-26T14:50:30+00:00","dateModified":"2025-10-13T19:27:01+00:00","description":"MTRS type 5 toplamp WARM WIT - LED positielamp voor naast de verstraler- geschikt voor Volvo FH vrachtwagen met verstralers - set voor links en rechts","breadcrumb":{"@id":"https:\/\/www.oudadl.testontwikkeling.nl\/product\/mtrs-type-5-toplamp-warm-wit\/#breadcrumb"},"inLanguage":"nl-NL","potentialAction":[{"@type":"ReadAction","target":["https:\/\/www.oudadl.testontwikkeling.nl\/product\/mtrs-type-5-toplamp-warm-wit\/"]}]},{"@type":"ImageObject","inLanguage":"nl-NL","@id":"https:\/\/www.oudadl.testontwikkeling.nl\/product\/mtrs-type-5-toplamp-warm-wit\/#primaryimage","url":"https:\/\/www.oudadl.testontwikkeling.nl\/wp-content\/uploads\/2020\/07\/ADL00770-.WW_.png","contentUrl":"https:\/\/www.oudadl.testontwikkeling.nl\/wp-content\/uploads\/2020\/07\/ADL00770-.WW_.png","width":800,"height":600,"caption":"MTRS type 5 toplamp WARM WIT - lamp voor Volvo vrachtwagen met ge\u00efntegreerde verstraler in het dak lampgaten - set van twee stuks - Matronics nummer 240770-WW - EAN:"},{"@type":"BreadcrumbList","@id":"https:\/\/www.oudadl.testontwikkeling.nl\/product\/mtrs-type-5-toplamp-warm-wit\/#breadcrumb","itemListElement":[{"@type":"ListItem","position":1,"name":"Home","item":"https:\/\/www.oudadl.testontwikkeling.nl\/"},{"@type":"ListItem","position":2,"name":"Shop","item":"https:\/\/www.oudadl.testontwikkeling.nl\/de\/shop\/"},{"@type":"ListItem","position":3,"name":"Verlichting vrachtwagen","item":"https:\/\/www.oudadl.testontwikkeling.nl\/product-categorie\/verlichting-vrachtwagen\/"},{"@type":"ListItem","position":4,"name":"Volvo verlichting","item":"https:\/\/www.oudadl.testontwikkeling.nl\/product-categorie\/verlichting-vrachtwagen\/volvo-verlichting\/"},{"@type":"ListItem","position":5,"name":"MTRS type 5 toplamp warm wit"}]},{"@type":"WebSite","@id":"https:\/\/www.oudadl.testontwikkeling.nl\/#website","url":"https:\/\/www.oudadl.testontwikkeling.nl\/","name":"All Day Led","description":"","publisher":{"@id":"https:\/\/www.oudadl.testontwikkeling.nl\/#organization"},"potentialAction":[{"@type":"SearchAction","target":{"@type":"EntryPoint","urlTemplate":"https:\/\/www.oudadl.testontwikkeling.nl\/?s={search_term_string}"},"query-input":{"@type":"PropertyValueSpecification","valueRequired":true,"valueName":"search_term_string"}}],"inLanguage":"nl-NL"},{"@type":"Organization","@id":"https:\/\/www.oudadl.testontwikkeling.nl\/#organization","name":"All Day Led","url":"https:\/\/www.oudadl.testontwikkeling.nl\/","logo":{"@type":"ImageObject","inLanguage":"nl-NL","@id":"https:\/\/www.oudadl.testontwikkeling.nl\/#\/schema\/logo\/image\/","url":"https:\/\/www.oudadl.testontwikkeling.nl\/wp-content\/uploads\/2022\/08\/Logo-ALL-DAY-LED-800x800-zwart-witte-letters.png","contentUrl":"https:\/\/www.oudadl.testontwikkeling.nl\/wp-content\/uploads\/2022\/08\/Logo-ALL-DAY-LED-800x800-zwart-witte-letters.png","width":800,"height":800,"caption":"All Day Led"},"image":{"@id":"https:\/\/www.oudadl.testontwikkeling.nl\/#\/schema\/logo\/image\/"},"sameAs":["https:\/\/www.facebook.com\/alldayled\/","https:\/\/www.instagram.com\/alldayled\/"],"vatID":"NL863960133B01","taxID":"86416545","hasMerchantReturnPolicy":{"@type":"MerchantReturnPolicy","merchantReturnLink":"https:\/\/www.oudadl.testontwikkeling.nl\/nl\/verzenden-retourneren\/"}}]},"product_brand":"MTRS","product_price_amount":"29.95","product_price_currency":"EUR","og_availability":"instock","product_availability":"instock","product_retailer_item_id":"ADL00770-WW","product_condition":"new"},"_links":{"self":[{"href":"https:\/\/www.oudadl.testontwikkeling.nl\/nl\/wp-json\/wp\/v2\/product\/29174","targetHints":{"allow":["GET"]}}],"collection":[{"href":"https:\/\/www.oudadl.testontwikkeling.nl\/nl\/wp-json\/wp\/v2\/product"}],"about":[{"href":"https:\/\/www.oudadl.testontwikkeling.nl\/nl\/wp-json\/wp\/v2\/types\/product"}],"replies":[{"embeddable":true,"href":"https:\/\/www.oudadl.testontwikkeling.nl\/nl\/wp-json\/wp\/v2\/comments?post=29174"}],"wp:featuredmedia":[{"embeddable":true,"href":"https:\/\/www.oudadl.testontwikkeling.nl\/nl\/wp-json\/wp\/v2\/media\/32848"}],"wp:attachment":[{"href":"https:\/\/www.oudadl.testontwikkeling.nl\/nl\/wp-json\/wp\/v2\/media?parent=29174"}],"wp:term":[{"taxonomy":"product_brand","embeddable":true,"href":"https:\/\/www.oudadl.testontwikkeling.nl\/nl\/wp-json\/wp\/v2\/product_brand?post=29174"},{"taxonomy":"product_cat","embeddable":true,"href":"https:\/\/www.oudadl.testontwikkeling.nl\/nl\/wp-json\/wp\/v2\/product_cat?post=29174"},{"taxonomy":"product_tag","embeddable":true,"href":"https:\/\/www.oudadl.testontwikkeling.nl\/nl\/wp-json\/wp\/v2\/product_tag?post=29174"}],"curies":[{"name":"wp","href":"https:\/\/api.w.org\/{rel}","templated":true}]}}