{"id":41005,"date":"2023-12-01T14:37:47","date_gmt":"2023-12-01T13:37:47","guid":{"rendered":"https:\/\/www.oudadl.testontwikkeling.nl\/?page_id=41005"},"modified":"2025-03-07T09:05:15","modified_gmt":"2025-03-07T08:05:15","slug":"impressum","status":"publish","type":"page","link":"https:\/\/www.oudadl.testontwikkeling.nl\/nl\/impressum\/","title":{"rendered":"Impressum"},"content":{"rendered":"\t\t<div data-elementor-type=\"wp-page\" data-elementor-id=\"41005\" class=\"elementor elementor-41005\" data-elementor-post-type=\"page\">\n\t\t\t\t\t\t<section class=\"elementor-section elementor-top-section elementor-element elementor-element-1307692 elementor-section-boxed elementor-section-height-default elementor-section-height-default\" data-id=\"1307692\" data-element_type=\"section\" data-e-type=\"section\">\n\t\t\t\t\t\t<div class=\"elementor-container elementor-column-gap-default\">\n\t\t\t\t\t<div class=\"elementor-column elementor-col-100 elementor-top-column elementor-element elementor-element-c7afc9b\" data-id=\"c7afc9b\" data-element_type=\"column\" data-e-type=\"column\">\n\t\t\t<div class=\"elementor-widget-wrap elementor-element-populated\">\n\t\t\t\t\t\t<div class=\"elementor-element elementor-element-436da97 elementor-widget elementor-widget-heading\" data-id=\"436da97\" data-element_type=\"widget\" data-e-type=\"widget\" data-widget_type=\"heading.default\">\n\t\t\t\t<div class=\"elementor-widget-container\">\n\t\t\t\t\t<h1 class=\"elementor-heading-title elementor-size-default\">Impressum<\/h1>\t\t\t\t<\/div>\n\t\t\t\t<\/div>\n\t\t\t\t<div class=\"elementor-element elementor-element-9088b75 elementor-widget elementor-widget-text-editor\" data-id=\"9088b75\" data-element_type=\"widget\" data-e-type=\"widget\" data-widget_type=\"text-editor.default\">\n\t\t\t\t<div class=\"elementor-widget-container\">\n\t\t\t\t\t\t\t\t\t<p><span style=\"color: #000000;\"><b>All Day Led B.V.<br \/><\/b><span style=\"font-weight: 400;\">Fabrieksweg 3c <br \/>5531pp Bladel\u00a0<\/span><span style=\"font-weight: 400;\"><br \/><\/span><span style=\"font-weight: 400;\">Niederlande\u00a0<\/span><\/span><\/p><p><span style=\"color: #000000;\"><span style=\"font-weight: 400;\"><strong>Telefon:<\/strong> 0031-(0)85-1302280<\/span><span style=\"font-weight: 400;\"><br \/><\/span><span style=\"font-weight: 400;\"><strong>Mail:<\/strong> info@alldayled.com\u00a0<\/span><\/span><\/p><p><span style=\"color: #000000;\"><strong>Gesch\u00e4ftsf\u00fchrer:<\/strong> <span style=\"font-weight: 400;\">Carlo Lavrijsen\u00a0<\/span><\/span><br \/><span style=\"color: #000000;\"><strong>Handelsregister Nr.:<\/strong>\u00a0<span style=\"font-weight: 400;\">86416545<\/span><\/span><br \/><span style=\"color: #000000;\"><strong>USt-IdNr.:<\/strong> <span style=\"font-weight: 400;\">NL 863960133B01<br \/><\/span><\/span><\/p><div class=\"vc_row wpb_row vc_row-fluid\"><div class=\"container\"><div class=\"row\"><div class=\"wpb_column vc_column_container vc_col-sm-12\"><div class=\"vc_column-inner\"><div class=\"wpb_wrapper\"><p class=\"vc_custom_heading\"><span style=\"color: #000000;\"><strong>Datenschutzbeauftragter<br \/><\/strong><span style=\"font-size: 16px;\">Wir sind auf Grund der f\u00fcr uns geltenden gesetzlichen Vorschriften nicht zur Bestellung eines Datenschutzbeauftragten verpflichtet und haben auch keinen Datenschutzbeauftragten bestellt.<\/span><\/span><\/p><p class=\"vc_custom_heading\"><span style=\"color: #000000;\"><strong style=\"font-size: 16px;\">Online-Streitschlichtung<br \/><\/strong><span lang=\"DE\" style=\"font-size: 16px;\">Die EU-Kommission hat eine\u00a0<\/span><a style=\"font-size: 16px; background-color: #ffffff; color: #000000;\" href=\"https:\/\/ec.europa.eu\/consumers\/odr\/main\/index.cfm?event=main.home2.show&amp;lng=DE\" target=\"_blank\" rel=\"noopener\"><span lang=\"DE\">Online-Plattform zur<\/span><span lang=\"DE\"> Online-Streitbeilegung<\/span><\/a> <span lang=\"DE\" style=\"font-size: 16px;\">bereitgestellt. \u00dcber diese Internetplattform k\u00f6nnen Sie eine au\u00dfergerichtliche Streitbeilegung starten. Zur Teilnahme an einem Streitbeilegungsverfahren vor einer Verbraucherschlichtungsstelle sind wir nicht verpflichtet und grunds\u00e4tzlich nicht bereit.<\/span><\/span><\/p><\/div><\/div><\/div><\/div><\/div><\/div><div class=\"vc_row wpb_row vc_row-fluid\"><div class=\"container\"><div class=\"row\"><div class=\"wpb_column vc_column_container vc_col-sm-12\"><div class=\"vc_column-inner\"><div class=\"wpb_wrapper\"><div class=\"wpb_text_column wpb_content_element \"><div class=\"wpb_wrapper\"><div class=\"woocommerce woocommerce-gzd woocommerce-gzd-complaints-shortcode\"><p><span style=\"color: #000000;\"><strong>Alternative Streitbeilegung gem\u00e4\u00df Art. 14 Abs. 1 ODR-VO und \u00a7 36 VSBG:<br \/><\/strong>Die Europ\u00e4ische Kommission stellt eine Plattform zur Online-Streitbeilegung (OS) bereit, die du unter\u00a0<a style=\"color: #000000;\" href=\"https:\/\/ec.europa.eu\/consumers\/odr\" target=\"_blank\" rel=\"noopener\">https:\/\/ec.europa.eu\/consumers\/odr<\/a>\u00a0findest. Zur Teilnahme an einem Streitbeilegungsverfahren vor einer Verbraucherschlichtungsstelle sind wir nicht verpflichtet und nicht bereit.<\/span><\/p><\/div><\/div><\/div><\/div><\/div><\/div><\/div><\/div><\/div>\t\t\t\t\t\t\t\t<\/div>\n\t\t\t\t<\/div>\n\t\t\t\t\t<\/div>\n\t\t<\/div>\n\t\t\t\t\t<\/div>\n\t\t<\/section>\n\t\t\t\t<\/div>\n\t\t","protected":false},"excerpt":{"rendered":"<p>Impressum All Day Led B.V.Fabrieksweg 3c 5531pp Bladel\u00a0Niederlande\u00a0 Telefon: 0031-(0)85-1302280Mail: info@alldayled.com\u00a0 Gesch\u00e4ftsf\u00fchrer: Carlo Lavrijsen\u00a0Handelsregister Nr.:\u00a086416545USt-IdNr.: NL 863960133B01 DatenschutzbeauftragterWir sind auf Grund der f\u00fcr uns geltenden gesetzlichen Vorschriften nicht zur Bestellung eines Datenschutzbeauftragten verpflichtet und haben auch keinen Datenschutzbeauftragten bestellt. Online-StreitschlichtungDie EU-Kommission hat eine\u00a0Online-Plattform zur Online-Streitbeilegung bereitgestellt. \u00dcber diese Internetplattform k\u00f6nnen Sie eine au\u00dfergerichtliche Streitbeilegung starten. [&hellip;]<\/p>\n","protected":false},"author":7,"featured_media":0,"parent":0,"menu_order":0,"comment_status":"closed","ping_status":"closed","template":"","meta":{"_acf_changed":false,"site-sidebar-layout":"no-sidebar","site-content-layout":"page-builder","ast-site-content-layout":"full-width-container","site-content-style":"unboxed","site-sidebar-style":"unboxed","ast-global-header-display":"","ast-banner-title-visibility":"","ast-main-header-display":"","ast-hfb-above-header-display":"","ast-hfb-below-header-display":"","ast-hfb-mobile-header-display":"","site-post-title":"disabled","ast-breadcrumbs-content":"","ast-featured-img":"disabled","footer-sml-layout":"","ast-disable-related-posts":"","theme-transparent-header-meta":"default","adv-header-id-meta":"","stick-header-meta":"","header-above-stick-meta":"","header-main-stick-meta":"","header-below-stick-meta":"","astra-migrate-meta-layouts":"set","ast-page-background-enabled":"default","ast-page-background-meta":{"desktop":{"background-color":"","background-image":"","background-repeat":"repeat","background-position":"center center","background-size":"auto","background-attachment":"scroll","background-type":"","background-media":"","overlay-type":"","overlay-color":"","overlay-opacity":"","overlay-gradient":""},"tablet":{"background-color":"","background-image":"","background-repeat":"repeat","background-position":"center center","background-size":"auto","background-attachment":"scroll","background-type":"","background-media":"","overlay-type":"","overlay-color":"","overlay-opacity":"","overlay-gradient":""},"mobile":{"background-color":"","background-image":"","background-repeat":"repeat","background-position":"center center","background-size":"auto","background-attachment":"scroll","background-type":"","background-media":"","overlay-type":"","overlay-color":"","overlay-opacity":"","overlay-gradient":""}},"ast-content-background-meta":{"desktop":{"background-color":"var(--ast-global-color-5)","background-image":"","background-repeat":"repeat","background-position":"center center","background-size":"auto","background-attachment":"scroll","background-type":"","background-media":"","overlay-type":"","overlay-color":"","overlay-opacity":"","overlay-gradient":""},"tablet":{"background-color":"var(--ast-global-color-5)","background-image":"","background-repeat":"repeat","background-position":"center center","background-size":"auto","background-attachment":"scroll","background-type":"","background-media":"","overlay-type":"","overlay-color":"","overlay-opacity":"","overlay-gradient":""},"mobile":{"background-color":"var(--ast-global-color-5)","background-image":"","background-repeat":"repeat","background-position":"center center","background-size":"auto","background-attachment":"scroll","background-type":"","background-media":"","overlay-type":"","overlay-color":"","overlay-opacity":"","overlay-gradient":""}},"footnotes":""},"class_list":["post-41005","page","type-page","status-publish","hentry"],"acf":[],"yoast_head":"<!-- This site is optimized with the Yoast SEO Premium plugin v25.9 (Yoast SEO v27.6) - https:\/\/yoast.com\/product\/yoast-seo-premium-wordpress\/ -->\n<title>Impressum - All Day Led - overzicht van Impressum<\/title>\n<meta name=\"description\" content=\"Impressum - overzicht pagina - bekijk hier alles wat er te bekijken valt i.v.m. het Impressum - All Day Led B.V.\" \/>\n<meta name=\"robots\" content=\"noindex, nofollow\" \/>\n<meta property=\"og:locale\" content=\"nl_NL\" \/>\n<meta property=\"og:type\" content=\"article\" \/>\n<meta property=\"og:title\" content=\"Impressum - All Day Led - overzicht van Impressum\" \/>\n<meta property=\"og:description\" content=\"Impressum - overzicht pagina - bekijk hier alles wat er te bekijken valt i.v.m. het Impressum - All Day Led B.V.\" \/>\n<meta property=\"og:url\" content=\"https:\/\/www.oudadl.testontwikkeling.nl\/nl\/impressum\/\" \/>\n<meta property=\"og:site_name\" content=\"All Day Led\" \/>\n<meta property=\"article:publisher\" content=\"https:\/\/www.facebook.com\/alldayled\/\" \/>\n<meta property=\"article:modified_time\" content=\"2025-03-07T08:05:15+00:00\" \/>\n<meta property=\"og:image\" content=\"https:\/\/www.oudadl.testontwikkeling.nl\/wp-content\/uploads\/2022\/07\/Logo-ALL-DAY-LED-800x800-zwart-witte-letters.png\" \/>\n\t<meta property=\"og:image:width\" content=\"800\" \/>\n\t<meta property=\"og:image:height\" content=\"800\" \/>\n\t<meta property=\"og:image:type\" content=\"image\/png\" \/>\n<meta name=\"twitter:label1\" content=\"Geschatte leestijd\" \/>\n\t<meta name=\"twitter:data1\" content=\"1 minuut\" \/>\n<script type=\"application\/ld+json\" class=\"yoast-schema-graph\">{\"@context\":\"https:\\\/\\\/schema.org\",\"@graph\":[{\"@type\":\"WebPage\",\"@id\":\"https:\\\/\\\/www.oudadl.testontwikkeling.nl\\\/impressum\\\/\",\"url\":\"https:\\\/\\\/www.oudadl.testontwikkeling.nl\\\/impressum\\\/\",\"name\":\"Impressum - All Day Led - overzicht van Impressum\",\"isPartOf\":{\"@id\":\"https:\\\/\\\/www.oudadl.testontwikkeling.nl\\\/#website\"},\"datePublished\":\"2023-12-01T13:37:47+00:00\",\"dateModified\":\"2025-03-07T08:05:15+00:00\",\"description\":\"Impressum - overzicht pagina - bekijk hier alles wat er te bekijken valt i.v.m. het Impressum - All Day Led B.V.\",\"breadcrumb\":{\"@id\":\"https:\\\/\\\/www.oudadl.testontwikkeling.nl\\\/impressum\\\/#breadcrumb\"},\"inLanguage\":\"nl-NL\",\"potentialAction\":[{\"@type\":\"ReadAction\",\"target\":[\"https:\\\/\\\/www.oudadl.testontwikkeling.nl\\\/impressum\\\/\"]}]},{\"@type\":\"BreadcrumbList\",\"@id\":\"https:\\\/\\\/www.oudadl.testontwikkeling.nl\\\/impressum\\\/#breadcrumb\",\"itemListElement\":[{\"@type\":\"ListItem\",\"position\":1,\"name\":\"Home\",\"item\":\"https:\\\/\\\/www.oudadl.testontwikkeling.nl\\\/\"},{\"@type\":\"ListItem\",\"position\":2,\"name\":\"Impressum\"}]},{\"@type\":\"WebSite\",\"@id\":\"https:\\\/\\\/www.oudadl.testontwikkeling.nl\\\/#website\",\"url\":\"https:\\\/\\\/www.oudadl.testontwikkeling.nl\\\/\",\"name\":\"All Day Led\",\"description\":\"\",\"publisher\":{\"@id\":\"https:\\\/\\\/www.oudadl.testontwikkeling.nl\\\/#organization\"},\"potentialAction\":[{\"@type\":\"SearchAction\",\"target\":{\"@type\":\"EntryPoint\",\"urlTemplate\":\"https:\\\/\\\/www.oudadl.testontwikkeling.nl\\\/?s={search_term_string}\"},\"query-input\":{\"@type\":\"PropertyValueSpecification\",\"valueRequired\":true,\"valueName\":\"search_term_string\"}}],\"inLanguage\":\"nl-NL\"},{\"@type\":\"Organization\",\"@id\":\"https:\\\/\\\/www.oudadl.testontwikkeling.nl\\\/#organization\",\"name\":\"All Day Led\",\"url\":\"https:\\\/\\\/www.oudadl.testontwikkeling.nl\\\/\",\"logo\":{\"@type\":\"ImageObject\",\"inLanguage\":\"nl-NL\",\"@id\":\"https:\\\/\\\/www.oudadl.testontwikkeling.nl\\\/#\\\/schema\\\/logo\\\/image\\\/\",\"url\":\"https:\\\/\\\/www.oudadl.testontwikkeling.nl\\\/wp-content\\\/uploads\\\/2022\\\/08\\\/Logo-ALL-DAY-LED-800x800-zwart-witte-letters.png\",\"contentUrl\":\"https:\\\/\\\/www.oudadl.testontwikkeling.nl\\\/wp-content\\\/uploads\\\/2022\\\/08\\\/Logo-ALL-DAY-LED-800x800-zwart-witte-letters.png\",\"width\":800,\"height\":800,\"caption\":\"All Day Led\"},\"image\":{\"@id\":\"https:\\\/\\\/www.oudadl.testontwikkeling.nl\\\/#\\\/schema\\\/logo\\\/image\\\/\"},\"sameAs\":[\"https:\\\/\\\/www.facebook.com\\\/alldayled\\\/\",\"https:\\\/\\\/www.instagram.com\\\/alldayled\\\/\"],\"vatID\":\"NL863960133B01\",\"taxID\":\"86416545\",\"hasMerchantReturnPolicy\":{\"@type\":\"MerchantReturnPolicy\",\"merchantReturnLink\":\"https:\\\/\\\/www.oudadl.testontwikkeling.nl\\\/nl\\\/verzenden-retourneren\\\/\"}}]}<\/script>\n<!-- \/ Yoast SEO Premium plugin. -->","yoast_head_json":{"title":"Impressum - All Day Led - overzicht van Impressum","description":"Impressum - overzicht pagina - bekijk hier alles wat er te bekijken valt i.v.m. het Impressum - All Day Led B.V.","robots":{"index":"noindex","follow":"nofollow"},"og_locale":"nl_NL","og_type":"article","og_title":"Impressum - All Day Led - overzicht van Impressum","og_description":"Impressum - overzicht pagina - bekijk hier alles wat er te bekijken valt i.v.m. het Impressum - All Day Led B.V.","og_url":"https:\/\/www.oudadl.testontwikkeling.nl\/nl\/impressum\/","og_site_name":"All Day Led","article_publisher":"https:\/\/www.facebook.com\/alldayled\/","article_modified_time":"2025-03-07T08:05:15+00:00","og_image":[{"width":800,"height":800,"url":"https:\/\/www.oudadl.testontwikkeling.nl\/wp-content\/uploads\/2022\/07\/Logo-ALL-DAY-LED-800x800-zwart-witte-letters.png","type":"image\/png"}],"twitter_misc":{"Geschatte leestijd":"1 minuut"},"schema":{"@context":"https:\/\/schema.org","@graph":[{"@type":"WebPage","@id":"https:\/\/www.oudadl.testontwikkeling.nl\/impressum\/","url":"https:\/\/www.oudadl.testontwikkeling.nl\/impressum\/","name":"Impressum - All Day Led - overzicht van Impressum","isPartOf":{"@id":"https:\/\/www.oudadl.testontwikkeling.nl\/#website"},"datePublished":"2023-12-01T13:37:47+00:00","dateModified":"2025-03-07T08:05:15+00:00","description":"Impressum - overzicht pagina - bekijk hier alles wat er te bekijken valt i.v.m. het Impressum - All Day Led B.V.","breadcrumb":{"@id":"https:\/\/www.oudadl.testontwikkeling.nl\/impressum\/#breadcrumb"},"inLanguage":"nl-NL","potentialAction":[{"@type":"ReadAction","target":["https:\/\/www.oudadl.testontwikkeling.nl\/impressum\/"]}]},{"@type":"BreadcrumbList","@id":"https:\/\/www.oudadl.testontwikkeling.nl\/impressum\/#breadcrumb","itemListElement":[{"@type":"ListItem","position":1,"name":"Home","item":"https:\/\/www.oudadl.testontwikkeling.nl\/"},{"@type":"ListItem","position":2,"name":"Impressum"}]},{"@type":"WebSite","@id":"https:\/\/www.oudadl.testontwikkeling.nl\/#website","url":"https:\/\/www.oudadl.testontwikkeling.nl\/","name":"All Day Led","description":"","publisher":{"@id":"https:\/\/www.oudadl.testontwikkeling.nl\/#organization"},"potentialAction":[{"@type":"SearchAction","target":{"@type":"EntryPoint","urlTemplate":"https:\/\/www.oudadl.testontwikkeling.nl\/?s={search_term_string}"},"query-input":{"@type":"PropertyValueSpecification","valueRequired":true,"valueName":"search_term_string"}}],"inLanguage":"nl-NL"},{"@type":"Organization","@id":"https:\/\/www.oudadl.testontwikkeling.nl\/#organization","name":"All Day Led","url":"https:\/\/www.oudadl.testontwikkeling.nl\/","logo":{"@type":"ImageObject","inLanguage":"nl-NL","@id":"https:\/\/www.oudadl.testontwikkeling.nl\/#\/schema\/logo\/image\/","url":"https:\/\/www.oudadl.testontwikkeling.nl\/wp-content\/uploads\/2022\/08\/Logo-ALL-DAY-LED-800x800-zwart-witte-letters.png","contentUrl":"https:\/\/www.oudadl.testontwikkeling.nl\/wp-content\/uploads\/2022\/08\/Logo-ALL-DAY-LED-800x800-zwart-witte-letters.png","width":800,"height":800,"caption":"All Day Led"},"image":{"@id":"https:\/\/www.oudadl.testontwikkeling.nl\/#\/schema\/logo\/image\/"},"sameAs":["https:\/\/www.facebook.com\/alldayled\/","https:\/\/www.instagram.com\/alldayled\/"],"vatID":"NL863960133B01","taxID":"86416545","hasMerchantReturnPolicy":{"@type":"MerchantReturnPolicy","merchantReturnLink":"https:\/\/www.oudadl.testontwikkeling.nl\/nl\/verzenden-retourneren\/"}}]}},"_links":{"self":[{"href":"https:\/\/www.oudadl.testontwikkeling.nl\/nl\/wp-json\/wp\/v2\/pages\/41005","targetHints":{"allow":["GET"]}}],"collection":[{"href":"https:\/\/www.oudadl.testontwikkeling.nl\/nl\/wp-json\/wp\/v2\/pages"}],"about":[{"href":"https:\/\/www.oudadl.testontwikkeling.nl\/nl\/wp-json\/wp\/v2\/types\/page"}],"author":[{"embeddable":true,"href":"https:\/\/www.oudadl.testontwikkeling.nl\/nl\/wp-json\/wp\/v2\/users\/7"}],"replies":[{"embeddable":true,"href":"https:\/\/www.oudadl.testontwikkeling.nl\/nl\/wp-json\/wp\/v2\/comments?post=41005"}],"version-history":[{"count":45,"href":"https:\/\/www.oudadl.testontwikkeling.nl\/nl\/wp-json\/wp\/v2\/pages\/41005\/revisions"}],"predecessor-version":[{"id":53824,"href":"https:\/\/www.oudadl.testontwikkeling.nl\/nl\/wp-json\/wp\/v2\/pages\/41005\/revisions\/53824"}],"wp:attachment":[{"href":"https:\/\/www.oudadl.testontwikkeling.nl\/nl\/wp-json\/wp\/v2\/media?parent=41005"}],"curies":[{"name":"wp","href":"https:\/\/api.w.org\/{rel}","templated":true}]}}