{"id":6088,"date":"2020-02-20T16:59:50","date_gmt":"2020-02-20T14:59:50","guid":{"rendered":"https:\/\/www.oudadl.testontwikkeling.nl\/product\/import-placeholder-for-adl00205-o\/"},"modified":"2025-11-07T18:33:59","modified_gmt":"2025-11-07T17:33:59","slug":"was-led-marking-lamp-orange-9-32v","status":"publish","type":"product","link":"https:\/\/www.oudadl.testontwikkeling.nl\/en\/product\/was-led-markeringslamp-oranje-9-32v\/","title":{"rendered":"WA\u015a LED marker lamp orange"},"content":{"rendered":"<p><span style=\"color: #000000\"><strong>WA\u015a LED marker lamp orange, for 12 and 24 volt use.\u00a0<\/strong><\/span><\/p>\n<p><span style=\"color: #000000\">Are you looking for a flat contour lamp with orange glass? Then the WA\u015a LED marking lamp orange may be the lamp you are looking for. This is a contour lamp that does what is expected of it. The LED lamp is equipped with 3 LED&#039;s, so you are assured that you can go on the road with a low power consumption. The WA\u015a LED marking lamp orange can be used on 12 and 24 volts. This means that you can use the LED marking lamp, for example, for your car, truck, tractor, trailer or other type of vehicle.<\/span><\/p>\n<p><span style=\"color: #000000\">To make sure that the WA\u015a LED orange marker lamp is suitable for your vehicle or trailer, we have written a number of specifications below. All this to make it clear to you why this may be the LED lamp you are looking for. The LED marking lamp has, among other things, the ECE R10 quality mark. This quality mark means that the lamp will not cause any interference during activation, for example on your radio signal. The WA\u015a marking lamp also bears the ECE R91 quality mark. This quality mark indicates that the LED lamp may be used as a side marker lamp.<\/span><\/p>\n<h5><span style=\"color: #000000\"><strong>Dimensions:<\/strong><\/span><\/h5>\n<p><span style=\"color: #000000\">To make sure you can mount the LED marking lamp where you want, we have noted the dimensions below. The dimensions of the WA\u015a LED orange marker lamp with 3 LEDs are as follows:<\/span><\/p>\n<ul>\n<li><span style=\"color: #000000\">Length: 84mm<\/span><\/li>\n<li><span style=\"color: #000000\">Height: 24mm<\/span><\/li>\n<li><span style=\"color: #000000\">Thickness: 10.4mm<\/span><\/li>\n<li><span style=\"color: #000000\">HC: 61 mm<\/span><\/li>\n<\/ul>\n<h5><span style=\"color: #000000\"><strong>Other colors:<\/strong><\/span><\/h5>\n<p><span style=\"color: #000000\">Would you like to purchase a WA\u015a LED marking lamp? But is the WA\u015a LED orange marker lamp not what you are looking for? Then know that WA\u015a also has several other models, below you will find some of them:\u00a0<\/span><\/p>\n<ul>\n<li><span style=\"color: #000000\"><strong><a style=\"color: #000000\" href=\"https:\/\/www.oudadl.testontwikkeling.nl\/en\/product\/was-led-marking-lamp-red-9-32v\/\">WA\u015a LED marker lamp red<\/a><\/strong><\/span><\/li>\n<li><span style=\"color: #000000\"><strong><a style=\"color: #000000\" href=\"https:\/\/www.oudadl.testontwikkeling.nl\/en\/product\/was-led-marking-lamp-white-9-32v\/\">WA\u015a LED marker lamp white<\/a><\/strong><\/span><\/li>\n<\/ul>\n<p><span style=\"color: #000000\">Are you of the opinion that the WA\u015a orange marker lamp with 3 LED's is not what you are looking for? Simply because the color or shape is not to your liking? Be sure to take a look at our page <strong><a style=\"color: #000000\" href=\"https:\/\/www.oudadl.testontwikkeling.nl\/en\/product-category\/position-lights\/markeringslampen\/\">marker lamps<\/a><\/strong>. You may find the lamp model you are looking for here.<\/span><\/p>","protected":false},"excerpt":{"rendered":"<p>WA\u015a LED markeringslamp oranje, voor 12 en 24 volt gebruik.\u00a0 Bent u opzoek naar een platte contourlamp met oranje glas? Dan is de WA\u015a LED markeringslamp oranje wellicht d\u00e9 lamp waar u naar op zoek bent. Dit is een contourlamp die doet wat ervan word verwacht. De LED lamp is voorzien van 3 LED&#8217;s, hierdoor [&hellip;]<\/p>\n","protected":false},"featured_media":21580,"comment_status":"open","ping_status":"closed","template":"","meta":{"_acf_changed":false,"site-sidebar-layout":"default","site-content-layout":"default","ast-site-content-layout":"default","site-content-style":"default","site-sidebar-style":"default","ast-global-header-display":"","ast-banner-title-visibility":"","ast-main-header-display":"","ast-hfb-above-header-display":"","ast-hfb-below-header-display":"","ast-hfb-mobile-header-display":"","site-post-title":"","ast-breadcrumbs-content":"","ast-featured-img":"","footer-sml-layout":"","ast-disable-related-posts":"","theme-transparent-header-meta":"default","adv-header-id-meta":"","stick-header-meta":"","header-above-stick-meta":"","header-main-stick-meta":"","header-below-stick-meta":"","astra-migrate-meta-layouts":"default","ast-page-background-enabled":"default","ast-page-background-meta":{"desktop":{"background-color":"","background-image":"","background-repeat":"repeat","background-position":"center center","background-size":"auto","background-attachment":"scroll","background-type":"","background-media":"","overlay-type":"","overlay-color":"","overlay-opacity":"","overlay-gradient":""},"tablet":{"background-color":"","background-image":"","background-repeat":"repeat","background-position":"center center","background-size":"auto","background-attachment":"scroll","background-type":"","background-media":"","overlay-type":"","overlay-color":"","overlay-opacity":"","overlay-gradient":""},"mobile":{"background-color":"","background-image":"","background-repeat":"repeat","background-position":"center center","background-size":"auto","background-attachment":"scroll","background-type":"","background-media":"","overlay-type":"","overlay-color":"","overlay-opacity":"","overlay-gradient":""}},"ast-content-background-meta":{"desktop":{"background-color":"var(--ast-global-color-5)","background-image":"","background-repeat":"repeat","background-position":"center center","background-size":"auto","background-attachment":"scroll","background-type":"","background-media":"","overlay-type":"","overlay-color":"","overlay-opacity":"","overlay-gradient":""},"tablet":{"background-color":"var(--ast-global-color-5)","background-image":"","background-repeat":"repeat","background-position":"center center","background-size":"auto","background-attachment":"scroll","background-type":"","background-media":"","overlay-type":"","overlay-color":"","overlay-opacity":"","overlay-gradient":""},"mobile":{"background-color":"var(--ast-global-color-5)","background-image":"","background-repeat":"repeat","background-position":"center center","background-size":"auto","background-attachment":"scroll","background-type":"","background-media":"","overlay-type":"","overlay-color":"","overlay-opacity":"","overlay-gradient":""}}},"product_brand":[],"product_cat":[262],"product_tag":[263,2480,2476,5486,5485,2553,2473,2477,2474,2475,2519,2481],"class_list":{"0":"post-6088","1":"product","2":"type-product","3":"status-publish","4":"has-post-thumbnail","6":"product_cat-markeringslampen","7":"product_tag-contourverlichting","8":"product_tag-led-markering-oranje","9":"product_tag-led-markeringslamp","10":"product_tag-led-markeringslamp-12-volt","11":"product_tag-led-markeringslamp-24-volt","12":"product_tag-led-markeringslamp-oranje","13":"product_tag-markeringslamp-aanhanger","14":"product_tag-markeringslamp-camper","15":"product_tag-markeringslamp-trailer","16":"product_tag-markeringslamp-vrachtwagen","17":"product_tag-was-led-verlichting","18":"product_tag-zijmarkering","19":"pa_merkk-product-was","20":"desktop-align-left","21":"tablet-align-left","22":"mobile-align-left","24":"first","25":"instock","26":"taxable","27":"shipping-taxable","28":"purchasable","29":"product-type-simple"},"acf":[],"yoast_head":"<!-- This site is optimized with the Yoast SEO Premium plugin v25.9 (Yoast SEO v27.6) - https:\/\/yoast.com\/product\/yoast-seo-premium-wordpress\/ -->\n<title>WAS LED markeringslamp oranje - All Day Led - voor 12&amp;24V<\/title>\n<meta name=\"description\" content=\"WAS LED markeringslamp oranje - 12&amp;24 Volt - beste prijs\/kwaliteit - dunne opbouw lamp - 3 LED&#039;s - voor vrachtwagen, trailer, tractor en meer\" \/>\n<meta name=\"robots\" content=\"noindex, follow, max-snippet:-1, max-image-preview:large, max-video-preview:-1\" \/>\n<meta property=\"og:locale\" content=\"en_GB\" \/>\n<meta property=\"og:type\" content=\"article\" \/>\n<meta property=\"og:title\" content=\"WAS LED markeringslamp oranje - All Day Led - voor 12&amp;24V\" \/>\n<meta property=\"og:description\" content=\"WAS LED markeringslamp oranje - 12&amp;24 Volt - beste prijs\/kwaliteit - dunne opbouw lamp - 3 LED&#039;s - voor vrachtwagen, trailer, tractor en meer\" \/>\n<meta property=\"og:url\" content=\"https:\/\/www.oudadl.testontwikkeling.nl\/en\/product\/was-led-marking-lamp-orange-9-32v\/\" \/>\n<meta property=\"og:site_name\" content=\"All Day Led\" \/>\n<meta property=\"article:publisher\" content=\"https:\/\/www.facebook.com\/alldayled\/\" \/>\n<meta property=\"article:modified_time\" content=\"2025-11-07T17:33:59+00:00\" \/>\n<meta property=\"og:image\" content=\"https:\/\/www.oudadl.testontwikkeling.nl\/wp-content\/uploads\/2020\/03\/ADL00205.-O-1.png\" \/>\n\t<meta property=\"og:image:width\" content=\"800\" \/>\n\t<meta property=\"og:image:height\" content=\"600\" \/>\n\t<meta property=\"og:image:type\" content=\"image\/png\" \/>\n<meta name=\"twitter:label1\" content=\"Price\" \/>\n\t<meta name=\"twitter:data1\" content=\"&euro;7,95\" \/>\n\t<meta name=\"twitter:label2\" content=\"Availability\" \/>\n\t<meta name=\"twitter:data2\" content=\"In stock\" \/>\n<script type=\"application\/ld+json\" class=\"yoast-schema-graph\">{\"@context\":\"https:\\\/\\\/schema.org\",\"@graph\":[{\"@type\":\"WebPage\",\"@id\":\"https:\\\/\\\/www.oudadl.testontwikkeling.nl\\\/product\\\/was-led-markeringslamp-oranje-9-32v\\\/\",\"url\":\"https:\\\/\\\/www.oudadl.testontwikkeling.nl\\\/product\\\/was-led-markeringslamp-oranje-9-32v\\\/\",\"name\":\"WAS LED markeringslamp oranje - All Day Led - voor 12&24V\",\"isPartOf\":{\"@id\":\"https:\\\/\\\/www.oudadl.testontwikkeling.nl\\\/#website\"},\"primaryImageOfPage\":{\"@id\":\"https:\\\/\\\/www.oudadl.testontwikkeling.nl\\\/product\\\/was-led-markeringslamp-oranje-9-32v\\\/#primaryimage\"},\"image\":{\"@id\":\"https:\\\/\\\/www.oudadl.testontwikkeling.nl\\\/product\\\/was-led-markeringslamp-oranje-9-32v\\\/#primaryimage\"},\"thumbnailUrl\":\"https:\\\/\\\/www.oudadl.testontwikkeling.nl\\\/wp-content\\\/uploads\\\/2020\\\/03\\\/ADL00205.-O.png\",\"datePublished\":\"2020-02-20T14:59:50+00:00\",\"dateModified\":\"2025-11-07T17:33:59+00:00\",\"description\":\"WAS LED markeringslamp oranje - 12&24 Volt - beste prijs\\\/kwaliteit - dunne opbouw lamp - 3 LED's - voor vrachtwagen, trailer, tractor en meer\",\"breadcrumb\":{\"@id\":\"https:\\\/\\\/www.oudadl.testontwikkeling.nl\\\/product\\\/was-led-markeringslamp-oranje-9-32v\\\/#breadcrumb\"},\"inLanguage\":\"en-GB\",\"potentialAction\":[{\"@type\":\"ReadAction\",\"target\":[\"https:\\\/\\\/www.oudadl.testontwikkeling.nl\\\/product\\\/was-led-markeringslamp-oranje-9-32v\\\/\"]}]},{\"@type\":\"ImageObject\",\"inLanguage\":\"en-GB\",\"@id\":\"https:\\\/\\\/www.oudadl.testontwikkeling.nl\\\/product\\\/was-led-markeringslamp-oranje-9-32v\\\/#primaryimage\",\"url\":\"https:\\\/\\\/www.oudadl.testontwikkeling.nl\\\/wp-content\\\/uploads\\\/2020\\\/03\\\/ADL00205.-O.png\",\"contentUrl\":\"https:\\\/\\\/www.oudadl.testontwikkeling.nl\\\/wp-content\\\/uploads\\\/2020\\\/03\\\/ADL00205.-O.png\",\"width\":800,\"height\":600,\"caption\":\"WA\u015a LED markeringslamp oranje met 3 LED's - geschikt voor 12 en 24 volt gebruik - auto, aanhanger, tractor, vrachtwagen, camper en meer - EAN: 5901323111525\"},{\"@type\":\"BreadcrumbList\",\"@id\":\"https:\\\/\\\/www.oudadl.testontwikkeling.nl\\\/product\\\/was-led-markeringslamp-oranje-9-32v\\\/#breadcrumb\",\"itemListElement\":[{\"@type\":\"ListItem\",\"position\":1,\"name\":\"Home\",\"item\":\"https:\\\/\\\/www.oudadl.testontwikkeling.nl\\\/\"},{\"@type\":\"ListItem\",\"position\":2,\"name\":\"Shop\",\"item\":\"https:\\\/\\\/www.oudadl.testontwikkeling.nl\\\/de\\\/shop\\\/\"},{\"@type\":\"ListItem\",\"position\":3,\"name\":\"Positielampen\",\"item\":\"https:\\\/\\\/www.oudadl.testontwikkeling.nl\\\/product-categorie\\\/positielampen\\\/\"},{\"@type\":\"ListItem\",\"position\":4,\"name\":\"Markeringslampen\",\"item\":\"https:\\\/\\\/www.oudadl.testontwikkeling.nl\\\/product-categorie\\\/positielampen\\\/markeringslampen\\\/\"},{\"@type\":\"ListItem\",\"position\":5,\"name\":\"WA\u015a LED markeringslamp oranje\"}]},{\"@type\":\"WebSite\",\"@id\":\"https:\\\/\\\/www.oudadl.testontwikkeling.nl\\\/#website\",\"url\":\"https:\\\/\\\/www.oudadl.testontwikkeling.nl\\\/\",\"name\":\"All Day Led\",\"description\":\"\",\"publisher\":{\"@id\":\"https:\\\/\\\/www.oudadl.testontwikkeling.nl\\\/#organization\"},\"potentialAction\":[{\"@type\":\"SearchAction\",\"target\":{\"@type\":\"EntryPoint\",\"urlTemplate\":\"https:\\\/\\\/www.oudadl.testontwikkeling.nl\\\/?s={search_term_string}\"},\"query-input\":{\"@type\":\"PropertyValueSpecification\",\"valueRequired\":true,\"valueName\":\"search_term_string\"}}],\"inLanguage\":\"en-GB\"},{\"@type\":\"Organization\",\"@id\":\"https:\\\/\\\/www.oudadl.testontwikkeling.nl\\\/#organization\",\"name\":\"All Day Led\",\"url\":\"https:\\\/\\\/www.oudadl.testontwikkeling.nl\\\/\",\"logo\":{\"@type\":\"ImageObject\",\"inLanguage\":\"en-GB\",\"@id\":\"https:\\\/\\\/www.oudadl.testontwikkeling.nl\\\/#\\\/schema\\\/logo\\\/image\\\/\",\"url\":\"https:\\\/\\\/www.oudadl.testontwikkeling.nl\\\/wp-content\\\/uploads\\\/2022\\\/08\\\/Logo-ALL-DAY-LED-800x800-zwart-witte-letters.png\",\"contentUrl\":\"https:\\\/\\\/www.oudadl.testontwikkeling.nl\\\/wp-content\\\/uploads\\\/2022\\\/08\\\/Logo-ALL-DAY-LED-800x800-zwart-witte-letters.png\",\"width\":800,\"height\":800,\"caption\":\"All Day Led\"},\"image\":{\"@id\":\"https:\\\/\\\/www.oudadl.testontwikkeling.nl\\\/#\\\/schema\\\/logo\\\/image\\\/\"},\"sameAs\":[\"https:\\\/\\\/www.facebook.com\\\/alldayled\\\/\",\"https:\\\/\\\/www.instagram.com\\\/alldayled\\\/\"],\"vatID\":\"NL863960133B01\",\"taxID\":\"86416545\",\"hasMerchantReturnPolicy\":{\"@type\":\"MerchantReturnPolicy\",\"merchantReturnLink\":\"https:\\\/\\\/www.oudadl.testontwikkeling.nl\\\/en\\\/verzenden-retourneren\\\/\"}}]}<\/script>\n<meta property=\"product:brand\" content=\"WA\u015a\" \/>\n<meta property=\"product:price:amount\" content=\"7.95\" \/>\n<meta property=\"product:price:currency\" content=\"EUR\" \/>\n<meta property=\"og:availability\" content=\"instock\" \/>\n<meta property=\"product:availability\" content=\"instock\" \/>\n<meta property=\"product:retailer_item_id\" content=\"ADL00205-O\" \/>\n<meta property=\"product:condition\" content=\"new\" \/>\n<!-- \/ Yoast SEO Premium plugin. -->","yoast_head_json":{"title":"WAS LED marker lamp orange - All Day Led - for 12&amp;24V","description":"WAS LED marking lamp orange - 12&amp;24 Volt - best price\/quality - thin surface-mounted lamp - 3 LED&#039;s - for truck, trailer, tractor and more","robots":{"index":"noindex","follow":"follow","max-snippet":"max-snippet:-1","max-image-preview":"max-image-preview:large","max-video-preview":"max-video-preview:-1"},"og_locale":"en_GB","og_type":"article","og_title":"WAS LED markeringslamp oranje - All Day Led - voor 12&24V","og_description":"WAS LED markeringslamp oranje - 12&24 Volt - beste prijs\/kwaliteit - dunne opbouw lamp - 3 LED's - voor vrachtwagen, trailer, tractor en meer","og_url":"https:\/\/www.oudadl.testontwikkeling.nl\/en\/product\/was-led-marking-lamp-orange-9-32v\/","og_site_name":"All Day Led","article_publisher":"https:\/\/www.facebook.com\/alldayled\/","article_modified_time":"2025-11-07T17:33:59+00:00","og_image":[{"width":800,"height":600,"url":"https:\/\/www.oudadl.testontwikkeling.nl\/wp-content\/uploads\/2020\/03\/ADL00205.-O-1.png","type":"image\/png"}],"twitter_misc":{"Price":"&euro;7,95","Availability":"In stock"},"schema":{"@context":"https:\/\/schema.org","@graph":[{"@type":"WebPage","@id":"https:\/\/www.oudadl.testontwikkeling.nl\/product\/was-led-markeringslamp-oranje-9-32v\/","url":"https:\/\/www.oudadl.testontwikkeling.nl\/product\/was-led-markeringslamp-oranje-9-32v\/","name":"WAS LED marker lamp orange - All Day Led - for 12&amp;24V","isPartOf":{"@id":"https:\/\/www.oudadl.testontwikkeling.nl\/#website"},"primaryImageOfPage":{"@id":"https:\/\/www.oudadl.testontwikkeling.nl\/product\/was-led-markeringslamp-oranje-9-32v\/#primaryimage"},"image":{"@id":"https:\/\/www.oudadl.testontwikkeling.nl\/product\/was-led-markeringslamp-oranje-9-32v\/#primaryimage"},"thumbnailUrl":"https:\/\/www.oudadl.testontwikkeling.nl\/wp-content\/uploads\/2020\/03\/ADL00205.-O.png","datePublished":"2020-02-20T14:59:50+00:00","dateModified":"2025-11-07T17:33:59+00:00","description":"WAS LED marking lamp orange - 12&amp;24 Volt - best price\/quality - thin surface-mounted lamp - 3 LED&#039;s - for truck, trailer, tractor and more","breadcrumb":{"@id":"https:\/\/www.oudadl.testontwikkeling.nl\/product\/was-led-markeringslamp-oranje-9-32v\/#breadcrumb"},"inLanguage":"en-GB","potentialAction":[{"@type":"ReadAction","target":["https:\/\/www.oudadl.testontwikkeling.nl\/product\/was-led-markeringslamp-oranje-9-32v\/"]}]},{"@type":"ImageObject","inLanguage":"en-GB","@id":"https:\/\/www.oudadl.testontwikkeling.nl\/product\/was-led-markeringslamp-oranje-9-32v\/#primaryimage","url":"https:\/\/www.oudadl.testontwikkeling.nl\/wp-content\/uploads\/2020\/03\/ADL00205.-O.png","contentUrl":"https:\/\/www.oudadl.testontwikkeling.nl\/wp-content\/uploads\/2020\/03\/ADL00205.-O.png","width":800,"height":600,"caption":"WA\u015a LED markeringslamp oranje met 3 LED's - geschikt voor 12 en 24 volt gebruik - auto, aanhanger, tractor, vrachtwagen, camper en meer - EAN: 5901323111525"},{"@type":"BreadcrumbList","@id":"https:\/\/www.oudadl.testontwikkeling.nl\/product\/was-led-markeringslamp-oranje-9-32v\/#breadcrumb","itemListElement":[{"@type":"ListItem","position":1,"name":"Home","item":"https:\/\/www.oudadl.testontwikkeling.nl\/"},{"@type":"ListItem","position":2,"name":"Shop","item":"https:\/\/www.oudadl.testontwikkeling.nl\/de\/shop\/"},{"@type":"ListItem","position":3,"name":"Positielampen","item":"https:\/\/www.oudadl.testontwikkeling.nl\/product-categorie\/positielampen\/"},{"@type":"ListItem","position":4,"name":"Markeringslampen","item":"https:\/\/www.oudadl.testontwikkeling.nl\/product-categorie\/positielampen\/markeringslampen\/"},{"@type":"ListItem","position":5,"name":"WA\u015a LED markeringslamp oranje"}]},{"@type":"WebSite","@id":"https:\/\/www.oudadl.testontwikkeling.nl\/#website","url":"https:\/\/www.oudadl.testontwikkeling.nl\/","name":"All Day Led","description":"","publisher":{"@id":"https:\/\/www.oudadl.testontwikkeling.nl\/#organization"},"potentialAction":[{"@type":"SearchAction","target":{"@type":"EntryPoint","urlTemplate":"https:\/\/www.oudadl.testontwikkeling.nl\/?s={search_term_string}"},"query-input":{"@type":"PropertyValueSpecification","valueRequired":true,"valueName":"search_term_string"}}],"inLanguage":"en-GB"},{"@type":"Organization","@id":"https:\/\/www.oudadl.testontwikkeling.nl\/#organization","name":"All Day Led","url":"https:\/\/www.oudadl.testontwikkeling.nl\/","logo":{"@type":"ImageObject","inLanguage":"en-GB","@id":"https:\/\/www.oudadl.testontwikkeling.nl\/#\/schema\/logo\/image\/","url":"https:\/\/www.oudadl.testontwikkeling.nl\/wp-content\/uploads\/2022\/08\/Logo-ALL-DAY-LED-800x800-zwart-witte-letters.png","contentUrl":"https:\/\/www.oudadl.testontwikkeling.nl\/wp-content\/uploads\/2022\/08\/Logo-ALL-DAY-LED-800x800-zwart-witte-letters.png","width":800,"height":800,"caption":"All Day Led"},"image":{"@id":"https:\/\/www.oudadl.testontwikkeling.nl\/#\/schema\/logo\/image\/"},"sameAs":["https:\/\/www.facebook.com\/alldayled\/","https:\/\/www.instagram.com\/alldayled\/"],"vatID":"NL863960133B01","taxID":"86416545","hasMerchantReturnPolicy":{"@type":"MerchantReturnPolicy","merchantReturnLink":"https:\/\/www.oudadl.testontwikkeling.nl\/en\/verzenden-retourneren\/"}}]},"product_brand":"WA\u015a","product_price_amount":"7.95","product_price_currency":"EUR","og_availability":"instock","product_availability":"instock","product_retailer_item_id":"ADL00205-O","product_condition":"new"},"_links":{"self":[{"href":"https:\/\/www.oudadl.testontwikkeling.nl\/en\/wp-json\/wp\/v2\/product\/6088","targetHints":{"allow":["GET"]}}],"collection":[{"href":"https:\/\/www.oudadl.testontwikkeling.nl\/en\/wp-json\/wp\/v2\/product"}],"about":[{"href":"https:\/\/www.oudadl.testontwikkeling.nl\/en\/wp-json\/wp\/v2\/types\/product"}],"replies":[{"embeddable":true,"href":"https:\/\/www.oudadl.testontwikkeling.nl\/en\/wp-json\/wp\/v2\/comments?post=6088"}],"wp:featuredmedia":[{"embeddable":true,"href":"https:\/\/www.oudadl.testontwikkeling.nl\/en\/wp-json\/wp\/v2\/media\/21580"}],"wp:attachment":[{"href":"https:\/\/www.oudadl.testontwikkeling.nl\/en\/wp-json\/wp\/v2\/media?parent=6088"}],"wp:term":[{"taxonomy":"product_brand","embeddable":true,"href":"https:\/\/www.oudadl.testontwikkeling.nl\/en\/wp-json\/wp\/v2\/product_brand?post=6088"},{"taxonomy":"product_cat","embeddable":true,"href":"https:\/\/www.oudadl.testontwikkeling.nl\/en\/wp-json\/wp\/v2\/product_cat?post=6088"},{"taxonomy":"product_tag","embeddable":true,"href":"https:\/\/www.oudadl.testontwikkeling.nl\/en\/wp-json\/wp\/v2\/product_tag?post=6088"}],"curies":[{"name":"wp","href":"https:\/\/api.w.org\/{rel}","templated":true}]}}