{"id":59464,"date":"2025-05-16T12:00:48","date_gmt":"2025-05-16T10:00:48","guid":{"rendered":"https:\/\/www.oudadl.testontwikkeling.nl\/?post_type=product&#038;p=59464"},"modified":"2025-12-09T13:36:08","modified_gmt":"2025-12-09T12:36:08","slug":"strands-for9t-orbi-mist-achteruitrijlicht","status":"publish","type":"product","link":"https:\/\/www.oudadl.testontwikkeling.nl\/en\/product\/strands-for9t-orbi-mist-achteruitrijlicht\/","title":{"rendered":"Strands FOR9T Orbi fog - reversing light"},"content":{"rendered":"<p><span style=\"color: #000000;\"><strong>Strands FOR9T Orbi fog - reversing light, for 12 &amp; 24 volt.<\/strong><\/span><\/p>\n<p><span style=\"color: #000000;\">Are you looking for a round LED rear light that&#039;s not only practical but also gives your vehicle a modern look? Then the Strands FOR9T Orbi reversing light is exactly what you&#039;re looking for. This light combines two functions in one: reversing light and rear fog light. Thanks to its stylish dark lens, it perfectly matches the rest of the FOR9T series and seamlessly complements the look of your vehicle.<\/span><\/p>\n<p><span style=\"color: #000000;\">The FOR9T Orbi is suitable for 12 and 24 volts and comes with a sturdy 2.5-meter cable. This allows you to quickly, easily, and flexibly mount the light on various vehicles, such as trucks, campers, cars, or trailers. Moreover, the reversing light is ECE R148 approved, meaning it can be officially used as both a reversing and rear fog light. Furthermore, the light has an IP67 rating, meaning it is dustproof and waterproof. Thanks to the durable materials, smart design, and robust construction, you are assured of a light that not only looks modern and stylish but is also reliable and can withstand intensive use and all weather conditions for long periods of time. This way, you combine design, safety, and functionality in one complete LED solution.<\/span><\/p>\n<h5><span style=\"color: #000000;\"><strong>Dimensions:<\/strong><\/span><\/h5>\n<p><span style=\"color: #000000;\">To ensure the FOR9T Orbi taillight is a perfect fit for your vehicle, we&#039;ve listed its key features below. This way, you&#039;ll immediately know if this model is suitable for your application.<\/span><\/p>\n<ul>\n<li><span style=\"color: #000000;\">Case diameter: 151 mm<\/span><\/li>\n<li><span style=\"color: #000000;\">Lamp diameter: 114 mm\u00a0<\/span><\/li>\n<li><span style=\"color: #000000;\">Installation depth: 56 mm<\/span><\/li>\n<li><span style=\"color: #000000;\">HoH: 130 mm<\/span><\/li>\n<\/ul>\n<h5><span style=\"color: #000000;\"><strong>Other models:<\/strong><\/span><\/h5>\n<p><span style=\"color: #000000;\">Do you want a round LED taillight, but the Strands FOR9T Orbi reversing light isn&#039;t quite what you&#039;re looking for? No worries! The Strands FOR9T series offers several versions, so you&#039;re sure to find one that perfectly suits your needs and vehicle. Below, we&#039;ve listed the other models for you:<\/span><\/p>\n<ul>\n<li><a href=\"https:\/\/www.oudadl.testontwikkeling.nl\/en\/product\/strands-for9t-orbi-3-kamer-led-achterlicht\/\"><span style=\"color: #000000;\"><strong>FOR9T Orbi 3-chamber LED rear light<\/strong><\/span><\/a><\/li>\n<\/ul>\n<p><span style=\"color: #000000;\">Still think the Strands FOR9T Orbi reversing light isn&#039;t quite what you&#039;re looking for? Perhaps the shape, light output, or design don&#039;t perfectly suit your needs. No problem! The Strands FOR9T series includes several models and variations, so there&#039;s always a light that fits your vehicle. Discover the complete range here. <a style=\"color: #000000;\" href=\"https:\/\/www.oudadl.testontwikkeling.nl\/en\/product-category\/strands-for9t\/\">FOR9T series<\/a> and find exactly the lamp that gives your truck, camper or trailer the look and functionality you want.<\/span><\/p>","protected":false},"excerpt":{"rendered":"<p>Strands FOR9T Orbi mist &#8211; achteruitrijlicht, voor 12&amp; 24 volt. Ben jij op zoek naar een rond LED achterlicht dat niet alleen praktisch is? Maar jouw voertuig ook direct een moderne uitstraling geeft? Dan is het Strands FOR9T Orbi achteruitrijlicht precies wat je zoekt. Deze lamp combineert namelijk twee functies in \u00e9\u00e9n: achteruitrijlicht \u00e9n mistachterlicht. [&hellip;]<\/p>\n","protected":false},"featured_media":59472,"comment_status":"open","ping_status":"closed","template":"","meta":{"_acf_changed":false,"site-sidebar-layout":"default","site-content-layout":"default","ast-site-content-layout":"default","site-content-style":"default","site-sidebar-style":"default","ast-global-header-display":"","ast-banner-title-visibility":"","ast-main-header-display":"","ast-hfb-above-header-display":"","ast-hfb-below-header-display":"","ast-hfb-mobile-header-display":"","site-post-title":"","ast-breadcrumbs-content":"","ast-featured-img":"","footer-sml-layout":"","ast-disable-related-posts":"","theme-transparent-header-meta":"default","adv-header-id-meta":"","stick-header-meta":"","header-above-stick-meta":"","header-main-stick-meta":"","header-below-stick-meta":"","astra-migrate-meta-layouts":"set","ast-page-background-enabled":"default","ast-page-background-meta":{"desktop":{"background-color":"","background-image":"","background-repeat":"repeat","background-position":"center center","background-size":"auto","background-attachment":"scroll","background-type":"","background-media":"","overlay-type":"","overlay-color":"","overlay-opacity":"","overlay-gradient":""},"tablet":{"background-color":"","background-image":"","background-repeat":"repeat","background-position":"center center","background-size":"auto","background-attachment":"scroll","background-type":"","background-media":"","overlay-type":"","overlay-color":"","overlay-opacity":"","overlay-gradient":""},"mobile":{"background-color":"","background-image":"","background-repeat":"repeat","background-position":"center center","background-size":"auto","background-attachment":"scroll","background-type":"","background-media":"","overlay-type":"","overlay-color":"","overlay-opacity":"","overlay-gradient":""}},"ast-content-background-meta":{"desktop":{"background-color":"var(--ast-global-color-5)","background-image":"","background-repeat":"repeat","background-position":"center center","background-size":"auto","background-attachment":"scroll","background-type":"","background-media":"","overlay-type":"","overlay-color":"","overlay-opacity":"","overlay-gradient":""},"tablet":{"background-color":"var(--ast-global-color-5)","background-image":"","background-repeat":"repeat","background-position":"center center","background-size":"auto","background-attachment":"scroll","background-type":"","background-media":"","overlay-type":"","overlay-color":"","overlay-opacity":"","overlay-gradient":""},"mobile":{"background-color":"var(--ast-global-color-5)","background-image":"","background-repeat":"repeat","background-position":"center center","background-size":"auto","background-attachment":"scroll","background-type":"","background-media":"","overlay-type":"","overlay-color":"","overlay-opacity":"","overlay-gradient":""}}},"product_brand":[],"product_cat":[8134,8108],"product_tag":[2505,2426,2427,252],"class_list":{"0":"post-59464","1":"product","2":"type-product","3":"status-publish","4":"has-post-thumbnail","6":"product_cat-achterlicht-rond","7":"product_cat-strands-for9t","8":"product_tag-led-achterlicht","9":"product_tag-strands-led-verlichting","10":"product_tag-strands-lighting-division","11":"product_tag-truckstyling","12":"pa_merkk-product-strands-lighting-division","13":"desktop-align-left","14":"tablet-align-left","15":"mobile-align-left","17":"first","18":"instock","19":"taxable","20":"shipping-taxable","21":"purchasable","22":"product-type-simple"},"acf":[],"yoast_head":"<!-- This site is optimized with the Yoast SEO Premium plugin v25.9 (Yoast SEO v27.6) - https:\/\/yoast.com\/product\/yoast-seo-premium-wordpress\/ -->\n<title>Strands FOR9T Orbi achteruitrijlicht - mistlicht - All Day Led - 12&amp;24V<\/title>\n<meta name=\"description\" content=\"Strands FOR9T Orbi achteruitrijlicht met mistlicht functie - voor auto, vrachtwagen en meer - direct leverbaar - rond LED achterlicht - 12&amp;24V\" \/>\n<meta name=\"robots\" content=\"noindex, follow, max-snippet:-1, max-image-preview:large, max-video-preview:-1\" \/>\n<meta property=\"og:locale\" content=\"en_GB\" \/>\n<meta property=\"og:type\" content=\"article\" \/>\n<meta property=\"og:title\" content=\"Strands FOR9T Orbi achteruitrijlicht - mistlicht - All Day Led - 12&amp;24V\" \/>\n<meta property=\"og:description\" content=\"Strands FOR9T Orbi achteruitrijlicht met mistlicht functie - voor auto, vrachtwagen en meer - direct leverbaar - rond LED achterlicht - 12&amp;24V\" \/>\n<meta property=\"og:url\" content=\"https:\/\/www.oudadl.testontwikkeling.nl\/en\/product\/strands-for9t-orbi-mist-achteruitrijlicht\/\" \/>\n<meta property=\"og:site_name\" content=\"All Day Led\" \/>\n<meta property=\"article:publisher\" content=\"https:\/\/www.facebook.com\/alldayled\/\" \/>\n<meta property=\"article:modified_time\" content=\"2025-12-09T12:36:08+00:00\" \/>\n<meta property=\"og:image\" content=\"https:\/\/www.oudadl.testontwikkeling.nl\/wp-content\/uploads\/2025\/08\/ADL800652-SM.png\" \/>\n\t<meta property=\"og:image:width\" content=\"800\" \/>\n\t<meta property=\"og:image:height\" content=\"800\" \/>\n\t<meta property=\"og:image:type\" content=\"image\/png\" \/>\n<meta name=\"twitter:label1\" content=\"Price\" \/>\n\t<meta name=\"twitter:data1\" content=\"&euro;79,00\" \/>\n\t<meta name=\"twitter:label2\" content=\"Availability\" \/>\n\t<meta name=\"twitter:data2\" content=\"In stock\" \/>\n<script type=\"application\/ld+json\" class=\"yoast-schema-graph\">{\"@context\":\"https:\\\/\\\/schema.org\",\"@graph\":[{\"@type\":\"WebPage\",\"@id\":\"https:\\\/\\\/www.oudadl.testontwikkeling.nl\\\/product\\\/strands-for9t-orbi-mist-achteruitrijlicht\\\/\",\"url\":\"https:\\\/\\\/www.oudadl.testontwikkeling.nl\\\/product\\\/strands-for9t-orbi-mist-achteruitrijlicht\\\/\",\"name\":\"Strands FOR9T Orbi achteruitrijlicht - mistlicht - All Day Led - 12&24V\",\"isPartOf\":{\"@id\":\"https:\\\/\\\/www.oudadl.testontwikkeling.nl\\\/#website\"},\"primaryImageOfPage\":{\"@id\":\"https:\\\/\\\/www.oudadl.testontwikkeling.nl\\\/product\\\/strands-for9t-orbi-mist-achteruitrijlicht\\\/#primaryimage\"},\"image\":{\"@id\":\"https:\\\/\\\/www.oudadl.testontwikkeling.nl\\\/product\\\/strands-for9t-orbi-mist-achteruitrijlicht\\\/#primaryimage\"},\"thumbnailUrl\":\"https:\\\/\\\/www.oudadl.testontwikkeling.nl\\\/wp-content\\\/uploads\\\/2025\\\/08\\\/ADL800652.png\",\"datePublished\":\"2025-05-16T10:00:48+00:00\",\"dateModified\":\"2025-12-09T12:36:08+00:00\",\"description\":\"Strands FOR9T Orbi achteruitrijlicht met mistlicht functie - voor auto, vrachtwagen en meer - direct leverbaar - rond LED achterlicht - 12&24V\",\"breadcrumb\":{\"@id\":\"https:\\\/\\\/www.oudadl.testontwikkeling.nl\\\/product\\\/strands-for9t-orbi-mist-achteruitrijlicht\\\/#breadcrumb\"},\"inLanguage\":\"en-GB\",\"potentialAction\":[{\"@type\":\"ReadAction\",\"target\":[\"https:\\\/\\\/www.oudadl.testontwikkeling.nl\\\/product\\\/strands-for9t-orbi-mist-achteruitrijlicht\\\/\"]}]},{\"@type\":\"ImageObject\",\"inLanguage\":\"en-GB\",\"@id\":\"https:\\\/\\\/www.oudadl.testontwikkeling.nl\\\/product\\\/strands-for9t-orbi-mist-achteruitrijlicht\\\/#primaryimage\",\"url\":\"https:\\\/\\\/www.oudadl.testontwikkeling.nl\\\/wp-content\\\/uploads\\\/2025\\\/08\\\/ADL800652.png\",\"contentUrl\":\"https:\\\/\\\/www.oudadl.testontwikkeling.nl\\\/wp-content\\\/uploads\\\/2025\\\/08\\\/ADL800652.png\",\"width\":800,\"height\":600,\"caption\":\"Strands FOR9T Orbi mist - achteruitrijlicht - ECE R148 - 800652 - 3 kamer LED achterlicht - geschikt voor 12&24V - IP67\"},{\"@type\":\"BreadcrumbList\",\"@id\":\"https:\\\/\\\/www.oudadl.testontwikkeling.nl\\\/product\\\/strands-for9t-orbi-mist-achteruitrijlicht\\\/#breadcrumb\",\"itemListElement\":[{\"@type\":\"ListItem\",\"position\":1,\"name\":\"Home\",\"item\":\"https:\\\/\\\/www.oudadl.testontwikkeling.nl\\\/\"},{\"@type\":\"ListItem\",\"position\":2,\"name\":\"Shop\",\"item\":\"https:\\\/\\\/www.oudadl.testontwikkeling.nl\\\/de\\\/shop\\\/\"},{\"@type\":\"ListItem\",\"position\":3,\"name\":\"Achterlichten\",\"item\":\"https:\\\/\\\/www.oudadl.testontwikkeling.nl\\\/product-categorie\\\/achterlichten\\\/\"},{\"@type\":\"ListItem\",\"position\":4,\"name\":\"Achterlicht rond\",\"item\":\"https:\\\/\\\/www.oudadl.testontwikkeling.nl\\\/product-categorie\\\/achterlichten\\\/achterlicht-rond\\\/\"},{\"@type\":\"ListItem\",\"position\":5,\"name\":\"Strands FOR9T Orbi mist \u2013 achteruitrijlicht\"}]},{\"@type\":\"WebSite\",\"@id\":\"https:\\\/\\\/www.oudadl.testontwikkeling.nl\\\/#website\",\"url\":\"https:\\\/\\\/www.oudadl.testontwikkeling.nl\\\/\",\"name\":\"All Day Led\",\"description\":\"\",\"publisher\":{\"@id\":\"https:\\\/\\\/www.oudadl.testontwikkeling.nl\\\/#organization\"},\"potentialAction\":[{\"@type\":\"SearchAction\",\"target\":{\"@type\":\"EntryPoint\",\"urlTemplate\":\"https:\\\/\\\/www.oudadl.testontwikkeling.nl\\\/?s={search_term_string}\"},\"query-input\":{\"@type\":\"PropertyValueSpecification\",\"valueRequired\":true,\"valueName\":\"search_term_string\"}}],\"inLanguage\":\"en-GB\"},{\"@type\":\"Organization\",\"@id\":\"https:\\\/\\\/www.oudadl.testontwikkeling.nl\\\/#organization\",\"name\":\"All Day Led\",\"url\":\"https:\\\/\\\/www.oudadl.testontwikkeling.nl\\\/\",\"logo\":{\"@type\":\"ImageObject\",\"inLanguage\":\"en-GB\",\"@id\":\"https:\\\/\\\/www.oudadl.testontwikkeling.nl\\\/#\\\/schema\\\/logo\\\/image\\\/\",\"url\":\"https:\\\/\\\/www.oudadl.testontwikkeling.nl\\\/wp-content\\\/uploads\\\/2022\\\/08\\\/Logo-ALL-DAY-LED-800x800-zwart-witte-letters.png\",\"contentUrl\":\"https:\\\/\\\/www.oudadl.testontwikkeling.nl\\\/wp-content\\\/uploads\\\/2022\\\/08\\\/Logo-ALL-DAY-LED-800x800-zwart-witte-letters.png\",\"width\":800,\"height\":800,\"caption\":\"All Day Led\"},\"image\":{\"@id\":\"https:\\\/\\\/www.oudadl.testontwikkeling.nl\\\/#\\\/schema\\\/logo\\\/image\\\/\"},\"sameAs\":[\"https:\\\/\\\/www.facebook.com\\\/alldayled\\\/\",\"https:\\\/\\\/www.instagram.com\\\/alldayled\\\/\"],\"vatID\":\"NL863960133B01\",\"taxID\":\"86416545\",\"hasMerchantReturnPolicy\":{\"@type\":\"MerchantReturnPolicy\",\"merchantReturnLink\":\"https:\\\/\\\/www.oudadl.testontwikkeling.nl\\\/en\\\/verzenden-retourneren\\\/\"}}]}<\/script>\n<meta property=\"product:brand\" content=\"Strands\" \/>\n<meta property=\"product:price:amount\" content=\"79.00\" \/>\n<meta property=\"product:price:currency\" content=\"EUR\" \/>\n<meta property=\"og:availability\" content=\"instock\" \/>\n<meta property=\"product:availability\" content=\"instock\" \/>\n<meta property=\"product:retailer_item_id\" content=\"ADL800652\" \/>\n<meta property=\"product:condition\" content=\"new\" \/>\n<!-- \/ Yoast SEO Premium plugin. -->","yoast_head_json":{"title":"Strands FOR9T Orbi reversing light - fog light - All Day Led - 12&amp;24V","description":"Strands FOR9T Orbi reversing light with fog light function - for car, truck and more - immediately available - round LED rear light - 12&amp;24V","robots":{"index":"noindex","follow":"follow","max-snippet":"max-snippet:-1","max-image-preview":"max-image-preview:large","max-video-preview":"max-video-preview:-1"},"og_locale":"en_GB","og_type":"article","og_title":"Strands FOR9T Orbi achteruitrijlicht - mistlicht - All Day Led - 12&24V","og_description":"Strands FOR9T Orbi achteruitrijlicht met mistlicht functie - voor auto, vrachtwagen en meer - direct leverbaar - rond LED achterlicht - 12&24V","og_url":"https:\/\/www.oudadl.testontwikkeling.nl\/en\/product\/strands-for9t-orbi-mist-achteruitrijlicht\/","og_site_name":"All Day Led","article_publisher":"https:\/\/www.facebook.com\/alldayled\/","article_modified_time":"2025-12-09T12:36:08+00:00","og_image":[{"width":800,"height":800,"url":"https:\/\/www.oudadl.testontwikkeling.nl\/wp-content\/uploads\/2025\/08\/ADL800652-SM.png","type":"image\/png"}],"twitter_misc":{"Price":"&euro;79,00","Availability":"In stock"},"schema":{"@context":"https:\/\/schema.org","@graph":[{"@type":"WebPage","@id":"https:\/\/www.oudadl.testontwikkeling.nl\/product\/strands-for9t-orbi-mist-achteruitrijlicht\/","url":"https:\/\/www.oudadl.testontwikkeling.nl\/product\/strands-for9t-orbi-mist-achteruitrijlicht\/","name":"Strands FOR9T Orbi reversing light - fog light - All Day Led - 12&amp;24V","isPartOf":{"@id":"https:\/\/www.oudadl.testontwikkeling.nl\/#website"},"primaryImageOfPage":{"@id":"https:\/\/www.oudadl.testontwikkeling.nl\/product\/strands-for9t-orbi-mist-achteruitrijlicht\/#primaryimage"},"image":{"@id":"https:\/\/www.oudadl.testontwikkeling.nl\/product\/strands-for9t-orbi-mist-achteruitrijlicht\/#primaryimage"},"thumbnailUrl":"https:\/\/www.oudadl.testontwikkeling.nl\/wp-content\/uploads\/2025\/08\/ADL800652.png","datePublished":"2025-05-16T10:00:48+00:00","dateModified":"2025-12-09T12:36:08+00:00","description":"Strands FOR9T Orbi reversing light with fog light function - for car, truck and more - immediately available - round LED rear light - 12&amp;24V","breadcrumb":{"@id":"https:\/\/www.oudadl.testontwikkeling.nl\/product\/strands-for9t-orbi-mist-achteruitrijlicht\/#breadcrumb"},"inLanguage":"en-GB","potentialAction":[{"@type":"ReadAction","target":["https:\/\/www.oudadl.testontwikkeling.nl\/product\/strands-for9t-orbi-mist-achteruitrijlicht\/"]}]},{"@type":"ImageObject","inLanguage":"en-GB","@id":"https:\/\/www.oudadl.testontwikkeling.nl\/product\/strands-for9t-orbi-mist-achteruitrijlicht\/#primaryimage","url":"https:\/\/www.oudadl.testontwikkeling.nl\/wp-content\/uploads\/2025\/08\/ADL800652.png","contentUrl":"https:\/\/www.oudadl.testontwikkeling.nl\/wp-content\/uploads\/2025\/08\/ADL800652.png","width":800,"height":600,"caption":"Strands FOR9T Orbi mist - achteruitrijlicht - ECE R148 - 800652 - 3 kamer LED achterlicht - geschikt voor 12&24V - IP67"},{"@type":"BreadcrumbList","@id":"https:\/\/www.oudadl.testontwikkeling.nl\/product\/strands-for9t-orbi-mist-achteruitrijlicht\/#breadcrumb","itemListElement":[{"@type":"ListItem","position":1,"name":"Home","item":"https:\/\/www.oudadl.testontwikkeling.nl\/"},{"@type":"ListItem","position":2,"name":"Shop","item":"https:\/\/www.oudadl.testontwikkeling.nl\/de\/shop\/"},{"@type":"ListItem","position":3,"name":"Achterlichten","item":"https:\/\/www.oudadl.testontwikkeling.nl\/product-categorie\/achterlichten\/"},{"@type":"ListItem","position":4,"name":"Achterlicht rond","item":"https:\/\/www.oudadl.testontwikkeling.nl\/product-categorie\/achterlichten\/achterlicht-rond\/"},{"@type":"ListItem","position":5,"name":"Strands FOR9T Orbi mist \u2013 achteruitrijlicht"}]},{"@type":"WebSite","@id":"https:\/\/www.oudadl.testontwikkeling.nl\/#website","url":"https:\/\/www.oudadl.testontwikkeling.nl\/","name":"All Day Led","description":"","publisher":{"@id":"https:\/\/www.oudadl.testontwikkeling.nl\/#organization"},"potentialAction":[{"@type":"SearchAction","target":{"@type":"EntryPoint","urlTemplate":"https:\/\/www.oudadl.testontwikkeling.nl\/?s={search_term_string}"},"query-input":{"@type":"PropertyValueSpecification","valueRequired":true,"valueName":"search_term_string"}}],"inLanguage":"en-GB"},{"@type":"Organization","@id":"https:\/\/www.oudadl.testontwikkeling.nl\/#organization","name":"All Day Led","url":"https:\/\/www.oudadl.testontwikkeling.nl\/","logo":{"@type":"ImageObject","inLanguage":"en-GB","@id":"https:\/\/www.oudadl.testontwikkeling.nl\/#\/schema\/logo\/image\/","url":"https:\/\/www.oudadl.testontwikkeling.nl\/wp-content\/uploads\/2022\/08\/Logo-ALL-DAY-LED-800x800-zwart-witte-letters.png","contentUrl":"https:\/\/www.oudadl.testontwikkeling.nl\/wp-content\/uploads\/2022\/08\/Logo-ALL-DAY-LED-800x800-zwart-witte-letters.png","width":800,"height":800,"caption":"All Day Led"},"image":{"@id":"https:\/\/www.oudadl.testontwikkeling.nl\/#\/schema\/logo\/image\/"},"sameAs":["https:\/\/www.facebook.com\/alldayled\/","https:\/\/www.instagram.com\/alldayled\/"],"vatID":"NL863960133B01","taxID":"86416545","hasMerchantReturnPolicy":{"@type":"MerchantReturnPolicy","merchantReturnLink":"https:\/\/www.oudadl.testontwikkeling.nl\/en\/verzenden-retourneren\/"}}]},"product_brand":"Strands","product_price_amount":"79.00","product_price_currency":"EUR","og_availability":"instock","product_availability":"instock","product_retailer_item_id":"ADL800652","product_condition":"new"},"_links":{"self":[{"href":"https:\/\/www.oudadl.testontwikkeling.nl\/en\/wp-json\/wp\/v2\/product\/59464","targetHints":{"allow":["GET"]}}],"collection":[{"href":"https:\/\/www.oudadl.testontwikkeling.nl\/en\/wp-json\/wp\/v2\/product"}],"about":[{"href":"https:\/\/www.oudadl.testontwikkeling.nl\/en\/wp-json\/wp\/v2\/types\/product"}],"replies":[{"embeddable":true,"href":"https:\/\/www.oudadl.testontwikkeling.nl\/en\/wp-json\/wp\/v2\/comments?post=59464"}],"wp:featuredmedia":[{"embeddable":true,"href":"https:\/\/www.oudadl.testontwikkeling.nl\/en\/wp-json\/wp\/v2\/media\/59472"}],"wp:attachment":[{"href":"https:\/\/www.oudadl.testontwikkeling.nl\/en\/wp-json\/wp\/v2\/media?parent=59464"}],"wp:term":[{"taxonomy":"product_brand","embeddable":true,"href":"https:\/\/www.oudadl.testontwikkeling.nl\/en\/wp-json\/wp\/v2\/product_brand?post=59464"},{"taxonomy":"product_cat","embeddable":true,"href":"https:\/\/www.oudadl.testontwikkeling.nl\/en\/wp-json\/wp\/v2\/product_cat?post=59464"},{"taxonomy":"product_tag","embeddable":true,"href":"https:\/\/www.oudadl.testontwikkeling.nl\/en\/wp-json\/wp\/v2\/product_tag?post=59464"}],"curies":[{"name":"wp","href":"https:\/\/api.w.org\/{rel}","templated":true}]}}