{"id":55848,"date":"2025-02-27T16:10:06","date_gmt":"2025-02-27T15:10:06","guid":{"rendered":"https:\/\/www.oudadl.testontwikkeling.nl\/?post_type=product&#038;p=55848"},"modified":"2025-12-03T10:14:40","modified_gmt":"2025-12-03T09:14:40","slug":"horpol-ld2186-breedtelamp","status":"publish","type":"product","link":"https:\/\/www.oudadl.testontwikkeling.nl\/en\/product\/horpol-ld2186-breedtelamp\/","title":{"rendered":"Horpol LD2186 side marker"},"content":{"rendered":"<p><span style=\"color: #000000\"><strong>Horpol LD2186 GRAPHITE side marker, for 12 and 24 volt.\u00a0<\/strong><\/span><\/p>\n<p><span style=\"color: #000000\">Are you looking for a compact, affordable LED width lamp with a modern look and a sleek look? Then the Horpol LD2186 side marker lamp GRAPHITE is exactly what you are looking for. This LED contour lamp is equipped with 4 LEDs: one white, one red and two orange. Thanks to this combination you are clearly visible all around, ideal for extra safety in traffic, both during the day and in the evening. The smart construction of the lens, with one orange cover and two clear lenses, provides a striking xenon white and red light at the front and rear.<\/span><\/p>\n<p><span style=\"color: #000000\">This Horpol LD2186 width lamp works on 12 and 24 volts, making it widely applicable on vehicles such as trailers, trucks, agricultural vehicles and machines. Thanks to the symmetrical design, the lamp can be mounted on both the left and right - super handy during installation. The Horpol LD2186 has the ECE R10 quality mark, which means that it does not cause interference with, for example, your radio signal. It also has an ECE R148 approval, which means it meets the requirements for marker lights. In short: a compact, stylish and clearly visible position lamp that is easy to install and does what you expect it to do.<\/span><\/p>\n<div class=\"truncated\">\n<h5><span style=\"color: #000000\"><strong>Dimensions:<\/strong><\/span><\/h5>\n<p><span style=\"color: #000000\">Want to make sure the Horpol LD2186 width lamp fits where you want to mount it? To help you with this, we have noted the exact dimensions of this compact LED lamp for you below:<\/span><\/p>\n<ul>\n<li><span style=\"color: #000000\">Height: 100 mm<\/span><\/li>\n<li><span style=\"color: #000000\">Width: 55 mm<\/span><\/li>\n<li><span style=\"color: #000000\">Thickness: 64 mm<\/span><\/li>\n<\/ul>\n<h5><span style=\"color: #000000\"><strong>Other versions:\u00a0<\/strong><\/span><\/h5>\n<p><span style=\"color: #000000\">Are you planning to buy a LED width light from the brand Horpol? But the Horpol LD2186 LED width light is not what you are looking for? The Horpol also has the following models in its range:\u00a0<\/span><\/p>\n<ul>\n<li><span style=\"color: #000000\"><strong><a style=\"color: #000000\" href=\"https:\/\/www.oudadl.testontwikkeling.nl\/en\/product\/horpol-ld2191-breedtelamp\/\">Horpol LD2191 GRAPHITE side marker lamp<\/a><\/strong><\/span><\/li>\n<li><span style=\"color: #000000\"><strong><a style=\"color: #000000\" href=\"https:\/\/www.oudadl.testontwikkeling.nl\/en\/product\/horpol-ld2167-led-breedtelamp\/\">Horpol LD2167  side marker lamp<\/a><\/strong><\/span><\/li>\n<li><span style=\"color: #000000\"><strong>Horpol LD534 side marker lamp<\/strong><\/span><\/li>\n<\/ul>\n<p><span style=\"color: #000000\">Are you still unsure whether the Horpol LD2186 GRAPHITE is really what you are looking for? Maybe the color, shape or appearance does not completely match your vehicle. No worries! Then take a look at our page with all <a style=\"color: #000000\" href=\"https:\/\/www.oudadl.testontwikkeling.nl\/en\/product-category\/position-lights\/breedtelampen\/\">width lamps<\/a>Who knows, you might find the model that best suits your needs there.<\/span><\/p>\n<\/div>","protected":false},"excerpt":{"rendered":"<p>Horpol LD2186 GRAPHITE breedtelamp, voor 12 en 24 volt gebruik.\u00a0 Ben je op zoek naar een compacte, betaalbare LED breedtelamp met een moderne uitstraling en een strakke look? Dan is de Horpol LD2186 breedtelamp GRAPHITE precies wat je zoekt. Deze LED contourlamp is voorzien van 4 LED\u2019s: \u00e9\u00e9n wit, \u00e9\u00e9n rood en twee oranje. Dankzij [&hellip;]<\/p>\n","protected":false},"featured_media":56914,"comment_status":"open","ping_status":"closed","template":"","meta":{"_acf_changed":false,"site-sidebar-layout":"default","site-content-layout":"default","ast-site-content-layout":"default","site-content-style":"default","site-sidebar-style":"default","ast-global-header-display":"","ast-banner-title-visibility":"","ast-main-header-display":"","ast-hfb-above-header-display":"","ast-hfb-below-header-display":"","ast-hfb-mobile-header-display":"","site-post-title":"","ast-breadcrumbs-content":"","ast-featured-img":"","footer-sml-layout":"","ast-disable-related-posts":"","theme-transparent-header-meta":"default","adv-header-id-meta":"","stick-header-meta":"","header-above-stick-meta":"","header-main-stick-meta":"","header-below-stick-meta":"","astra-migrate-meta-layouts":"set","ast-page-background-enabled":"default","ast-page-background-meta":{"desktop":{"background-color":"","background-image":"","background-repeat":"repeat","background-position":"center center","background-size":"auto","background-attachment":"scroll","background-type":"","background-media":"","overlay-type":"","overlay-color":"","overlay-opacity":"","overlay-gradient":""},"tablet":{"background-color":"","background-image":"","background-repeat":"repeat","background-position":"center center","background-size":"auto","background-attachment":"scroll","background-type":"","background-media":"","overlay-type":"","overlay-color":"","overlay-opacity":"","overlay-gradient":""},"mobile":{"background-color":"","background-image":"","background-repeat":"repeat","background-position":"center center","background-size":"auto","background-attachment":"scroll","background-type":"","background-media":"","overlay-type":"","overlay-color":"","overlay-opacity":"","overlay-gradient":""}},"ast-content-background-meta":{"desktop":{"background-color":"var(--ast-global-color-5)","background-image":"","background-repeat":"repeat","background-position":"center center","background-size":"auto","background-attachment":"scroll","background-type":"","background-media":"","overlay-type":"","overlay-color":"","overlay-opacity":"","overlay-gradient":""},"tablet":{"background-color":"var(--ast-global-color-5)","background-image":"","background-repeat":"repeat","background-position":"center center","background-size":"auto","background-attachment":"scroll","background-type":"","background-media":"","overlay-type":"","overlay-color":"","overlay-opacity":"","overlay-gradient":""},"mobile":{"background-color":"var(--ast-global-color-5)","background-image":"","background-repeat":"repeat","background-position":"center center","background-size":"auto","background-attachment":"scroll","background-type":"","background-media":"","overlay-type":"","overlay-color":"","overlay-opacity":"","overlay-gradient":""}}},"product_brand":[],"product_cat":[295],"product_tag":[4169,4168,4170,2514,2516,2517,2515,2513,5150,5151,2518],"class_list":{"0":"post-55848","1":"product","2":"type-product","3":"status-publish","4":"has-post-thumbnail","6":"product_cat-breedtelampen","7":"product_tag-breedtelamp-aanhanger","8":"product_tag-breedtelamp-camper","9":"product_tag-breedtelamp-vrachtwagen","10":"product_tag-breedtelicht-aanhanger","11":"product_tag-breedtelicht-trailer","12":"product_tag-breedtelicht-vrachtwagen","13":"product_tag-horpol-led-verlichting","14":"product_tag-led-breedtelamp","15":"product_tag-led-breedtelamp-12-volt","16":"product_tag-led-breedtelamp-24-volt","17":"product_tag-led-breedtelicht","18":"pa_merkk-product-horpol","19":"desktop-align-left","20":"tablet-align-left","21":"mobile-align-left","23":"first","24":"instock","25":"taxable","26":"shipping-taxable","27":"purchasable","28":"product-type-simple"},"acf":[],"yoast_head":"<!-- This site is optimized with the Yoast SEO Premium plugin v25.9 (Yoast SEO v27.6) - https:\/\/yoast.com\/product\/yoast-seo-premium-wordpress\/ -->\n<title>Horpol LD2186 breedtelamp kort - All Day Led - voor 12&amp;24V<\/title>\n<meta name=\"description\" content=\"Horpol LD2186 breedtelamp - GRAPHITE model \/ 12&amp;24 volt - camper, vrachtwagen, tractor, aanhanger en meer - wit, oranje en rode LED - HOR 77AG\" \/>\n<meta name=\"robots\" content=\"noindex, follow, max-snippet:-1, max-image-preview:large, max-video-preview:-1\" \/>\n<meta property=\"og:locale\" content=\"en_GB\" \/>\n<meta property=\"og:type\" content=\"article\" \/>\n<meta property=\"og:title\" content=\"Horpol LD2186 breedtelamp kort - All Day Led - voor 12&amp;24V\" \/>\n<meta property=\"og:description\" content=\"Horpol LD2186 breedtelamp - GRAPHITE model \/ 12&amp;24 volt - camper, vrachtwagen, tractor, aanhanger en meer - wit, oranje en rode LED - HOR 77AG\" \/>\n<meta property=\"og:url\" content=\"https:\/\/www.oudadl.testontwikkeling.nl\/en\/product\/horpol-ld2186-breedtelamp\/\" \/>\n<meta property=\"og:site_name\" content=\"All Day Led\" \/>\n<meta property=\"article:publisher\" content=\"https:\/\/www.facebook.com\/alldayled\/\" \/>\n<meta property=\"article:modified_time\" content=\"2025-12-03T09:14:40+00:00\" \/>\n<meta property=\"og:image\" content=\"https:\/\/www.oudadl.testontwikkeling.nl\/wp-content\/uploads\/2025\/05\/ADL202186-SM.png\" \/>\n\t<meta property=\"og:image:width\" content=\"800\" \/>\n\t<meta property=\"og:image:height\" content=\"800\" \/>\n\t<meta property=\"og:image:type\" content=\"image\/png\" \/>\n<meta name=\"twitter:label1\" content=\"Price\" \/>\n\t<meta name=\"twitter:data1\" content=\"&euro;16,50\" \/>\n\t<meta name=\"twitter:label2\" content=\"Availability\" \/>\n\t<meta name=\"twitter:data2\" content=\"In stock\" \/>\n<script type=\"application\/ld+json\" class=\"yoast-schema-graph\">{\"@context\":\"https:\\\/\\\/schema.org\",\"@graph\":[{\"@type\":\"WebPage\",\"@id\":\"https:\\\/\\\/www.oudadl.testontwikkeling.nl\\\/product\\\/horpol-ld2186-breedtelamp\\\/\",\"url\":\"https:\\\/\\\/www.oudadl.testontwikkeling.nl\\\/product\\\/horpol-ld2186-breedtelamp\\\/\",\"name\":\"Horpol LD2186 breedtelamp kort - All Day Led - voor 12&24V\",\"isPartOf\":{\"@id\":\"https:\\\/\\\/www.oudadl.testontwikkeling.nl\\\/#website\"},\"primaryImageOfPage\":{\"@id\":\"https:\\\/\\\/www.oudadl.testontwikkeling.nl\\\/product\\\/horpol-ld2186-breedtelamp\\\/#primaryimage\"},\"image\":{\"@id\":\"https:\\\/\\\/www.oudadl.testontwikkeling.nl\\\/product\\\/horpol-ld2186-breedtelamp\\\/#primaryimage\"},\"thumbnailUrl\":\"https:\\\/\\\/www.oudadl.testontwikkeling.nl\\\/wp-content\\\/uploads\\\/2025\\\/05\\\/ADL202186.png\",\"datePublished\":\"2025-02-27T15:10:06+00:00\",\"dateModified\":\"2025-12-03T09:14:40+00:00\",\"description\":\"Horpol LD2186 breedtelamp - GRAPHITE model \\\/ 12&24 volt - camper, vrachtwagen, tractor, aanhanger en meer - wit, oranje en rode LED - HOR 77AG\",\"breadcrumb\":{\"@id\":\"https:\\\/\\\/www.oudadl.testontwikkeling.nl\\\/product\\\/horpol-ld2186-breedtelamp\\\/#breadcrumb\"},\"inLanguage\":\"en-GB\",\"potentialAction\":[{\"@type\":\"ReadAction\",\"target\":[\"https:\\\/\\\/www.oudadl.testontwikkeling.nl\\\/product\\\/horpol-ld2186-breedtelamp\\\/\"]}]},{\"@type\":\"ImageObject\",\"inLanguage\":\"en-GB\",\"@id\":\"https:\\\/\\\/www.oudadl.testontwikkeling.nl\\\/product\\\/horpol-ld2186-breedtelamp\\\/#primaryimage\",\"url\":\"https:\\\/\\\/www.oudadl.testontwikkeling.nl\\\/wp-content\\\/uploads\\\/2025\\\/05\\\/ADL202186.png\",\"contentUrl\":\"https:\\\/\\\/www.oudadl.testontwikkeling.nl\\\/wp-content\\\/uploads\\\/2025\\\/05\\\/ADL202186.png\",\"width\":800,\"height\":600,\"caption\":\"Horpol LD2186 GRAPHITE - breedtelamp - oranje, rood, wit LED - EAN: 5901958853838- HOR 77AG product groep\"},{\"@type\":\"BreadcrumbList\",\"@id\":\"https:\\\/\\\/www.oudadl.testontwikkeling.nl\\\/product\\\/horpol-ld2186-breedtelamp\\\/#breadcrumb\",\"itemListElement\":[{\"@type\":\"ListItem\",\"position\":1,\"name\":\"Home\",\"item\":\"https:\\\/\\\/www.oudadl.testontwikkeling.nl\\\/\"},{\"@type\":\"ListItem\",\"position\":2,\"name\":\"Shop\",\"item\":\"https:\\\/\\\/www.oudadl.testontwikkeling.nl\\\/de\\\/shop\\\/\"},{\"@type\":\"ListItem\",\"position\":3,\"name\":\"Positielampen\",\"item\":\"https:\\\/\\\/www.oudadl.testontwikkeling.nl\\\/product-categorie\\\/positielampen\\\/\"},{\"@type\":\"ListItem\",\"position\":4,\"name\":\"Breedtelampen\",\"item\":\"https:\\\/\\\/www.oudadl.testontwikkeling.nl\\\/product-categorie\\\/positielampen\\\/breedtelampen\\\/\"},{\"@type\":\"ListItem\",\"position\":5,\"name\":\"Horpol LD2186 breedtelamp\"}]},{\"@type\":\"WebSite\",\"@id\":\"https:\\\/\\\/www.oudadl.testontwikkeling.nl\\\/#website\",\"url\":\"https:\\\/\\\/www.oudadl.testontwikkeling.nl\\\/\",\"name\":\"All Day Led\",\"description\":\"\",\"publisher\":{\"@id\":\"https:\\\/\\\/www.oudadl.testontwikkeling.nl\\\/#organization\"},\"potentialAction\":[{\"@type\":\"SearchAction\",\"target\":{\"@type\":\"EntryPoint\",\"urlTemplate\":\"https:\\\/\\\/www.oudadl.testontwikkeling.nl\\\/?s={search_term_string}\"},\"query-input\":{\"@type\":\"PropertyValueSpecification\",\"valueRequired\":true,\"valueName\":\"search_term_string\"}}],\"inLanguage\":\"en-GB\"},{\"@type\":\"Organization\",\"@id\":\"https:\\\/\\\/www.oudadl.testontwikkeling.nl\\\/#organization\",\"name\":\"All Day Led\",\"url\":\"https:\\\/\\\/www.oudadl.testontwikkeling.nl\\\/\",\"logo\":{\"@type\":\"ImageObject\",\"inLanguage\":\"en-GB\",\"@id\":\"https:\\\/\\\/www.oudadl.testontwikkeling.nl\\\/#\\\/schema\\\/logo\\\/image\\\/\",\"url\":\"https:\\\/\\\/www.oudadl.testontwikkeling.nl\\\/wp-content\\\/uploads\\\/2022\\\/08\\\/Logo-ALL-DAY-LED-800x800-zwart-witte-letters.png\",\"contentUrl\":\"https:\\\/\\\/www.oudadl.testontwikkeling.nl\\\/wp-content\\\/uploads\\\/2022\\\/08\\\/Logo-ALL-DAY-LED-800x800-zwart-witte-letters.png\",\"width\":800,\"height\":800,\"caption\":\"All Day Led\"},\"image\":{\"@id\":\"https:\\\/\\\/www.oudadl.testontwikkeling.nl\\\/#\\\/schema\\\/logo\\\/image\\\/\"},\"sameAs\":[\"https:\\\/\\\/www.facebook.com\\\/alldayled\\\/\",\"https:\\\/\\\/www.instagram.com\\\/alldayled\\\/\"],\"vatID\":\"NL863960133B01\",\"taxID\":\"86416545\",\"hasMerchantReturnPolicy\":{\"@type\":\"MerchantReturnPolicy\",\"merchantReturnLink\":\"https:\\\/\\\/www.oudadl.testontwikkeling.nl\\\/en\\\/verzenden-retourneren\\\/\"}}]}<\/script>\n<meta property=\"product:brand\" content=\"Horpol\" \/>\n<meta property=\"product:price:amount\" content=\"16.50\" \/>\n<meta property=\"product:price:currency\" content=\"EUR\" \/>\n<meta property=\"og:availability\" content=\"instock\" \/>\n<meta property=\"product:availability\" content=\"instock\" \/>\n<meta property=\"product:retailer_item_id\" content=\"ADL202186\" \/>\n<meta property=\"product:condition\" content=\"new\" \/>\n<!-- \/ Yoast SEO Premium plugin. -->","yoast_head_json":{"title":"Horpol LD2186 side marker short - All Day Led - for 12&amp;24V","description":"Horpol LD2186 side marker - GRAPHITE model \/ 12&amp;24 volt - camper, truck, tractor, trailer and more - white, orange and red LED - HOR 77AG","robots":{"index":"noindex","follow":"follow","max-snippet":"max-snippet:-1","max-image-preview":"max-image-preview:large","max-video-preview":"max-video-preview:-1"},"og_locale":"en_GB","og_type":"article","og_title":"Horpol LD2186 breedtelamp kort - All Day Led - voor 12&24V","og_description":"Horpol LD2186 breedtelamp - GRAPHITE model \/ 12&24 volt - camper, vrachtwagen, tractor, aanhanger en meer - wit, oranje en rode LED - HOR 77AG","og_url":"https:\/\/www.oudadl.testontwikkeling.nl\/en\/product\/horpol-ld2186-breedtelamp\/","og_site_name":"All Day Led","article_publisher":"https:\/\/www.facebook.com\/alldayled\/","article_modified_time":"2025-12-03T09:14:40+00:00","og_image":[{"width":800,"height":800,"url":"https:\/\/www.oudadl.testontwikkeling.nl\/wp-content\/uploads\/2025\/05\/ADL202186-SM.png","type":"image\/png"}],"twitter_misc":{"Price":"&euro;16,50","Availability":"In stock"},"schema":{"@context":"https:\/\/schema.org","@graph":[{"@type":"WebPage","@id":"https:\/\/www.oudadl.testontwikkeling.nl\/product\/horpol-ld2186-breedtelamp\/","url":"https:\/\/www.oudadl.testontwikkeling.nl\/product\/horpol-ld2186-breedtelamp\/","name":"Horpol LD2186 side marker short - All Day Led - for 12&amp;24V","isPartOf":{"@id":"https:\/\/www.oudadl.testontwikkeling.nl\/#website"},"primaryImageOfPage":{"@id":"https:\/\/www.oudadl.testontwikkeling.nl\/product\/horpol-ld2186-breedtelamp\/#primaryimage"},"image":{"@id":"https:\/\/www.oudadl.testontwikkeling.nl\/product\/horpol-ld2186-breedtelamp\/#primaryimage"},"thumbnailUrl":"https:\/\/www.oudadl.testontwikkeling.nl\/wp-content\/uploads\/2025\/05\/ADL202186.png","datePublished":"2025-02-27T15:10:06+00:00","dateModified":"2025-12-03T09:14:40+00:00","description":"Horpol LD2186 side marker - GRAPHITE model \/ 12&amp;24 volt - camper, truck, tractor, trailer and more - white, orange and red LED - HOR 77AG","breadcrumb":{"@id":"https:\/\/www.oudadl.testontwikkeling.nl\/product\/horpol-ld2186-breedtelamp\/#breadcrumb"},"inLanguage":"en-GB","potentialAction":[{"@type":"ReadAction","target":["https:\/\/www.oudadl.testontwikkeling.nl\/product\/horpol-ld2186-breedtelamp\/"]}]},{"@type":"ImageObject","inLanguage":"en-GB","@id":"https:\/\/www.oudadl.testontwikkeling.nl\/product\/horpol-ld2186-breedtelamp\/#primaryimage","url":"https:\/\/www.oudadl.testontwikkeling.nl\/wp-content\/uploads\/2025\/05\/ADL202186.png","contentUrl":"https:\/\/www.oudadl.testontwikkeling.nl\/wp-content\/uploads\/2025\/05\/ADL202186.png","width":800,"height":600,"caption":"Horpol LD2186 GRAPHITE - breedtelamp - oranje, rood, wit LED - EAN: 5901958853838- HOR 77AG product groep"},{"@type":"BreadcrumbList","@id":"https:\/\/www.oudadl.testontwikkeling.nl\/product\/horpol-ld2186-breedtelamp\/#breadcrumb","itemListElement":[{"@type":"ListItem","position":1,"name":"Home","item":"https:\/\/www.oudadl.testontwikkeling.nl\/"},{"@type":"ListItem","position":2,"name":"Shop","item":"https:\/\/www.oudadl.testontwikkeling.nl\/de\/shop\/"},{"@type":"ListItem","position":3,"name":"Positielampen","item":"https:\/\/www.oudadl.testontwikkeling.nl\/product-categorie\/positielampen\/"},{"@type":"ListItem","position":4,"name":"Breedtelampen","item":"https:\/\/www.oudadl.testontwikkeling.nl\/product-categorie\/positielampen\/breedtelampen\/"},{"@type":"ListItem","position":5,"name":"Horpol LD2186 breedtelamp"}]},{"@type":"WebSite","@id":"https:\/\/www.oudadl.testontwikkeling.nl\/#website","url":"https:\/\/www.oudadl.testontwikkeling.nl\/","name":"All Day Led","description":"","publisher":{"@id":"https:\/\/www.oudadl.testontwikkeling.nl\/#organization"},"potentialAction":[{"@type":"SearchAction","target":{"@type":"EntryPoint","urlTemplate":"https:\/\/www.oudadl.testontwikkeling.nl\/?s={search_term_string}"},"query-input":{"@type":"PropertyValueSpecification","valueRequired":true,"valueName":"search_term_string"}}],"inLanguage":"en-GB"},{"@type":"Organization","@id":"https:\/\/www.oudadl.testontwikkeling.nl\/#organization","name":"All Day Led","url":"https:\/\/www.oudadl.testontwikkeling.nl\/","logo":{"@type":"ImageObject","inLanguage":"en-GB","@id":"https:\/\/www.oudadl.testontwikkeling.nl\/#\/schema\/logo\/image\/","url":"https:\/\/www.oudadl.testontwikkeling.nl\/wp-content\/uploads\/2022\/08\/Logo-ALL-DAY-LED-800x800-zwart-witte-letters.png","contentUrl":"https:\/\/www.oudadl.testontwikkeling.nl\/wp-content\/uploads\/2022\/08\/Logo-ALL-DAY-LED-800x800-zwart-witte-letters.png","width":800,"height":800,"caption":"All Day Led"},"image":{"@id":"https:\/\/www.oudadl.testontwikkeling.nl\/#\/schema\/logo\/image\/"},"sameAs":["https:\/\/www.facebook.com\/alldayled\/","https:\/\/www.instagram.com\/alldayled\/"],"vatID":"NL863960133B01","taxID":"86416545","hasMerchantReturnPolicy":{"@type":"MerchantReturnPolicy","merchantReturnLink":"https:\/\/www.oudadl.testontwikkeling.nl\/en\/verzenden-retourneren\/"}}]},"product_brand":"Horpol","product_price_amount":"16.50","product_price_currency":"EUR","og_availability":"instock","product_availability":"instock","product_retailer_item_id":"ADL202186","product_condition":"new"},"_links":{"self":[{"href":"https:\/\/www.oudadl.testontwikkeling.nl\/en\/wp-json\/wp\/v2\/product\/55848","targetHints":{"allow":["GET"]}}],"collection":[{"href":"https:\/\/www.oudadl.testontwikkeling.nl\/en\/wp-json\/wp\/v2\/product"}],"about":[{"href":"https:\/\/www.oudadl.testontwikkeling.nl\/en\/wp-json\/wp\/v2\/types\/product"}],"replies":[{"embeddable":true,"href":"https:\/\/www.oudadl.testontwikkeling.nl\/en\/wp-json\/wp\/v2\/comments?post=55848"}],"wp:featuredmedia":[{"embeddable":true,"href":"https:\/\/www.oudadl.testontwikkeling.nl\/en\/wp-json\/wp\/v2\/media\/56914"}],"wp:attachment":[{"href":"https:\/\/www.oudadl.testontwikkeling.nl\/en\/wp-json\/wp\/v2\/media?parent=55848"}],"wp:term":[{"taxonomy":"product_brand","embeddable":true,"href":"https:\/\/www.oudadl.testontwikkeling.nl\/en\/wp-json\/wp\/v2\/product_brand?post=55848"},{"taxonomy":"product_cat","embeddable":true,"href":"https:\/\/www.oudadl.testontwikkeling.nl\/en\/wp-json\/wp\/v2\/product_cat?post=55848"},{"taxonomy":"product_tag","embeddable":true,"href":"https:\/\/www.oudadl.testontwikkeling.nl\/en\/wp-json\/wp\/v2\/product_tag?post=55848"}],"curies":[{"name":"wp","href":"https:\/\/api.w.org\/{rel}","templated":true}]}}