{"id":12342,"date":"2020-12-04T12:34:39","date_gmt":"2020-12-04T11:34:39","guid":{"rendered":"https:\/\/www.oudadl.testontwikkeling.nl\/?post_type=product&#038;p=12342"},"modified":"2025-10-09T19:04:40","modified_gmt":"2025-10-09T17:04:40","slug":"was-mini-led-side-marker-w56-12-24-volt","status":"publish","type":"product","link":"https:\/\/www.oudadl.testontwikkeling.nl\/en\/product\/was-mini-led-breedtelamp-w56-12-24-volt\/","title":{"rendered":"WA\u015a W56 mini LED side marker"},"content":{"rendered":"<p><span style=\"color: #000000\"><strong>WA\u015a W56 mini LED position lamp, suitable for 12 &amp; 24 volt use.<\/strong><\/span><\/p>\n<p><span style=\"color: #000000\">Are you looking for a mini LED position lamp with a long connection cable? Then this LED width lamp from WA\u015a may be the lamp you are looking for. This is a contour lamp that does what is expected of it. The LED lamp is equipped with 2 LED&#039;s, the colors of the LED&#039;s are white and red. Thanks to the 2 LEDs, you are assured that you can get on the road with a low power consumption. This ensures that you are clearly visible both during the day and in the evening. The WA\u015a mini LED side lamp can be used on 12 and 24 volts. This means that you can use the LED lamp, for example, to illuminate your car, truck, camper, trailer or other type of vehicle.<\/span><\/p>\n<p><span style=\"color: #000000\">To ensure that this WA\u015a W56 LED width lamp is suitable for your vehicle or trailer, we have listed a number of specifications below. All this to make clear why this may be the LED lamp you are looking for. This LED lamp has, among other things, the ECE R10 quality mark. This quality mark means that the lamp will not malfunction during activation, for example on your radio signal. This LED lamp is also provided with the ECE R7 quality mark. This quality mark indicates that the LED lamp may be used as a position lamp.<\/span><\/p>\n<h5><span style=\"color: #000000\"><strong>Dimensions:<\/strong><\/span><\/h5>\n<p><span style=\"color: #000000\">To ensure that you can mount the WA\u015a W56 mini LED width lamp wherever you want, we have noted the dimensions below. The dimensions of this small WA\u015a LED width lamp are as follows:<\/span><\/p>\n<ul>\n<li><span style=\"color: #000000\">Height: 60 mm (incl. mounting foot)<\/span><\/li>\n<li><span style=\"color: #000000\">Width: 50mm<\/span><\/li>\n<li><span style=\"color: #000000\">Thickness: 48mm\u00a0<\/span><\/li>\n<\/ul>\n<h5><span style=\"color: #000000\"><strong>Other versions:\u00a0<\/strong><\/span><\/h5>\n<p><span style=\"color: #000000\">Would you like to purchase a LED lamp from the WA\u015a brand? But is the WA\u015a W56 LED side lamp not what you are looking for? Then know that WA\u015a also has the following models available:<\/span><\/p>\n<ul>\n<li><span style=\"color: #000000\"><a style=\"color: #000000\" href=\"https:\/\/www.oudadl.testontwikkeling.nl\/en\/product\/was-w107-led-side-marker-12-24-volt\/\"><strong>WA\u015a W107 width lamp<\/strong><\/a><\/span><\/li>\n<\/ul>\n<p><span style=\"color: #000000\">Still think that this mini LED width lamp is not what you are looking for? Simply because the color, size or shape is not what you want? Check out our page <a style=\"color: #000000\" href=\"https:\/\/www.oudadl.testontwikkeling.nl\/en\/product-category\/position-lights\/breedtelampen\/\">width lamps<\/a>. You may find the model you are looking for here.\u00a0<\/span><\/p>","protected":false},"excerpt":{"rendered":"<p>WA\u015a W56 mini LED breedtelamp, geschikt voor 12 &amp; 24 volt gebruik. Bent u opzoek naar een mini LED breedtelamp met een lange aansluitkabel? Dan is deze LED breedtelamp van merk WA\u015a wellicht d\u00e9 lamp waar u naar op zoek bent. Dit is een contourlamp die doet wat ervan word verwacht. De LED lamp is [&hellip;]<\/p>\n","protected":false},"featured_media":24717,"comment_status":"open","ping_status":"closed","template":"","meta":{"_acf_changed":false,"site-sidebar-layout":"default","site-content-layout":"default","ast-site-content-layout":"default","site-content-style":"default","site-sidebar-style":"default","ast-global-header-display":"","ast-banner-title-visibility":"","ast-main-header-display":"","ast-hfb-above-header-display":"","ast-hfb-below-header-display":"","ast-hfb-mobile-header-display":"","site-post-title":"","ast-breadcrumbs-content":"","ast-featured-img":"","footer-sml-layout":"","ast-disable-related-posts":"","theme-transparent-header-meta":"default","adv-header-id-meta":"","stick-header-meta":"","header-above-stick-meta":"","header-main-stick-meta":"","header-below-stick-meta":"","astra-migrate-meta-layouts":"set","ast-page-background-enabled":"default","ast-page-background-meta":{"desktop":{"background-color":"","background-image":"","background-repeat":"repeat","background-position":"center center","background-size":"auto","background-attachment":"scroll","background-type":"","background-media":"","overlay-type":"","overlay-color":"","overlay-opacity":"","overlay-gradient":""},"tablet":{"background-color":"","background-image":"","background-repeat":"repeat","background-position":"center center","background-size":"auto","background-attachment":"scroll","background-type":"","background-media":"","overlay-type":"","overlay-color":"","overlay-opacity":"","overlay-gradient":""},"mobile":{"background-color":"","background-image":"","background-repeat":"repeat","background-position":"center center","background-size":"auto","background-attachment":"scroll","background-type":"","background-media":"","overlay-type":"","overlay-color":"","overlay-opacity":"","overlay-gradient":""}},"ast-content-background-meta":{"desktop":{"background-color":"var(--ast-global-color-5)","background-image":"","background-repeat":"repeat","background-position":"center center","background-size":"auto","background-attachment":"scroll","background-type":"","background-media":"","overlay-type":"","overlay-color":"","overlay-opacity":"","overlay-gradient":""},"tablet":{"background-color":"var(--ast-global-color-5)","background-image":"","background-repeat":"repeat","background-position":"center center","background-size":"auto","background-attachment":"scroll","background-type":"","background-media":"","overlay-type":"","overlay-color":"","overlay-opacity":"","overlay-gradient":""},"mobile":{"background-color":"var(--ast-global-color-5)","background-image":"","background-repeat":"repeat","background-position":"center center","background-size":"auto","background-attachment":"scroll","background-type":"","background-media":"","overlay-type":"","overlay-color":"","overlay-opacity":"","overlay-gradient":""}}},"product_brand":[],"product_cat":[295],"product_tag":[4169,4168,4170,2514,2516,2517,2513,5150,5151,2518,2519],"class_list":{"0":"post-12342","1":"product","2":"type-product","3":"status-publish","4":"has-post-thumbnail","6":"product_cat-breedtelampen","7":"product_tag-breedtelamp-aanhanger","8":"product_tag-breedtelamp-camper","9":"product_tag-breedtelamp-vrachtwagen","10":"product_tag-breedtelicht-aanhanger","11":"product_tag-breedtelicht-trailer","12":"product_tag-breedtelicht-vrachtwagen","13":"product_tag-led-breedtelamp","14":"product_tag-led-breedtelamp-12-volt","15":"product_tag-led-breedtelamp-24-volt","16":"product_tag-led-breedtelicht","17":"product_tag-was-led-verlichting","18":"pa_merkk-product-was","19":"desktop-align-left","20":"tablet-align-left","21":"mobile-align-left","23":"first","24":"instock","25":"taxable","26":"shipping-taxable","27":"purchasable","28":"product-type-simple"},"acf":[],"yoast_head":"<!-- This site is optimized with the Yoast SEO Premium plugin v25.9 (Yoast SEO v27.6) - https:\/\/yoast.com\/product\/yoast-seo-premium-wordpress\/ -->\n<title>Mini LED breedtelamp - WA\u015a - All Day Led - 12&amp;24 Volt<\/title>\n<meta name=\"description\" content=\"WA\u015a W56 mini LED breedtelamp voor 12&amp;24 volt - eenvoudige montage - lange aansluitkabel - vrachtwagen, tractor, aanhanger en meer\" \/>\n<meta name=\"robots\" content=\"noindex, follow, max-snippet:-1, max-image-preview:large, max-video-preview:-1\" \/>\n<meta property=\"og:locale\" content=\"en_GB\" \/>\n<meta property=\"og:type\" content=\"article\" \/>\n<meta property=\"og:title\" content=\"Mini LED breedtelamp - WA\u015a - All Day Led - 12&amp;24 Volt\" \/>\n<meta property=\"og:description\" content=\"WA\u015a W56 mini LED breedtelamp voor 12&amp;24 volt - eenvoudige montage - lange aansluitkabel - vrachtwagen, tractor, aanhanger en meer\" \/>\n<meta property=\"og:url\" content=\"https:\/\/www.oudadl.testontwikkeling.nl\/en\/product\/was-mini-led-side-marker-w56-12-24-volt\/\" \/>\n<meta property=\"og:site_name\" content=\"All Day Led\" \/>\n<meta property=\"article:publisher\" content=\"https:\/\/www.facebook.com\/alldayled\/\" \/>\n<meta property=\"article:modified_time\" content=\"2025-10-09T17:04:40+00:00\" \/>\n<meta property=\"og:image\" content=\"https:\/\/www.oudadl.testontwikkeling.nl\/wp-content\/uploads\/2024\/08\/ADL70275.01.png\" \/>\n\t<meta property=\"og:image:width\" content=\"800\" \/>\n\t<meta property=\"og:image:height\" content=\"800\" \/>\n\t<meta property=\"og:image:type\" content=\"image\/png\" \/>\n<meta name=\"twitter:label1\" content=\"Price\" \/>\n\t<meta name=\"twitter:data1\" content=\"&euro;9,95\" \/>\n\t<meta name=\"twitter:label2\" content=\"Availability\" \/>\n\t<meta name=\"twitter:data2\" content=\"In stock\" \/>\n<script type=\"application\/ld+json\" class=\"yoast-schema-graph\">{\"@context\":\"https:\\\/\\\/schema.org\",\"@graph\":[{\"@type\":\"WebPage\",\"@id\":\"https:\\\/\\\/www.oudadl.testontwikkeling.nl\\\/product\\\/was-mini-led-breedtelamp-w56-12-24-volt\\\/\",\"url\":\"https:\\\/\\\/www.oudadl.testontwikkeling.nl\\\/product\\\/was-mini-led-breedtelamp-w56-12-24-volt\\\/\",\"name\":\"Mini LED breedtelamp - WA\u015a - All Day Led - 12&24 Volt\",\"isPartOf\":{\"@id\":\"https:\\\/\\\/www.oudadl.testontwikkeling.nl\\\/#website\"},\"primaryImageOfPage\":{\"@id\":\"https:\\\/\\\/www.oudadl.testontwikkeling.nl\\\/product\\\/was-mini-led-breedtelamp-w56-12-24-volt\\\/#primaryimage\"},\"image\":{\"@id\":\"https:\\\/\\\/www.oudadl.testontwikkeling.nl\\\/product\\\/was-mini-led-breedtelamp-w56-12-24-volt\\\/#primaryimage\"},\"thumbnailUrl\":\"https:\\\/\\\/www.oudadl.testontwikkeling.nl\\\/wp-content\\\/uploads\\\/2020\\\/12\\\/ADL70275..png\",\"datePublished\":\"2020-12-04T11:34:39+00:00\",\"dateModified\":\"2025-10-09T17:04:40+00:00\",\"description\":\"WA\u015a W56 mini LED breedtelamp voor 12&24 volt - eenvoudige montage - lange aansluitkabel - vrachtwagen, tractor, aanhanger en meer\",\"breadcrumb\":{\"@id\":\"https:\\\/\\\/www.oudadl.testontwikkeling.nl\\\/product\\\/was-mini-led-breedtelamp-w56-12-24-volt\\\/#breadcrumb\"},\"inLanguage\":\"en-GB\",\"potentialAction\":[{\"@type\":\"ReadAction\",\"target\":[\"https:\\\/\\\/www.oudadl.testontwikkeling.nl\\\/product\\\/was-mini-led-breedtelamp-w56-12-24-volt\\\/\"]}]},{\"@type\":\"ImageObject\",\"inLanguage\":\"en-GB\",\"@id\":\"https:\\\/\\\/www.oudadl.testontwikkeling.nl\\\/product\\\/was-mini-led-breedtelamp-w56-12-24-volt\\\/#primaryimage\",\"url\":\"https:\\\/\\\/www.oudadl.testontwikkeling.nl\\\/wp-content\\\/uploads\\\/2020\\\/12\\\/ADL70275..png\",\"contentUrl\":\"https:\\\/\\\/www.oudadl.testontwikkeling.nl\\\/wp-content\\\/uploads\\\/2020\\\/12\\\/ADL70275..png\",\"width\":800,\"height\":600,\"caption\":\"Mini LED breedtelamp van het merk WAS - te gebruiken op 12 volt en 24 volt - voor vrachtwagen, aanhanger, tractor, camper en meer - EAN: 5903098035433\"},{\"@type\":\"BreadcrumbList\",\"@id\":\"https:\\\/\\\/www.oudadl.testontwikkeling.nl\\\/product\\\/was-mini-led-breedtelamp-w56-12-24-volt\\\/#breadcrumb\",\"itemListElement\":[{\"@type\":\"ListItem\",\"position\":1,\"name\":\"Home\",\"item\":\"https:\\\/\\\/www.oudadl.testontwikkeling.nl\\\/\"},{\"@type\":\"ListItem\",\"position\":2,\"name\":\"Shop\",\"item\":\"https:\\\/\\\/www.oudadl.testontwikkeling.nl\\\/de\\\/shop\\\/\"},{\"@type\":\"ListItem\",\"position\":3,\"name\":\"Positielampen\",\"item\":\"https:\\\/\\\/www.oudadl.testontwikkeling.nl\\\/product-categorie\\\/positielampen\\\/\"},{\"@type\":\"ListItem\",\"position\":4,\"name\":\"Breedtelampen\",\"item\":\"https:\\\/\\\/www.oudadl.testontwikkeling.nl\\\/product-categorie\\\/positielampen\\\/breedtelampen\\\/\"},{\"@type\":\"ListItem\",\"position\":5,\"name\":\"WA\u015a W56 mini LED breedtelamp\"}]},{\"@type\":\"WebSite\",\"@id\":\"https:\\\/\\\/www.oudadl.testontwikkeling.nl\\\/#website\",\"url\":\"https:\\\/\\\/www.oudadl.testontwikkeling.nl\\\/\",\"name\":\"All Day Led\",\"description\":\"\",\"publisher\":{\"@id\":\"https:\\\/\\\/www.oudadl.testontwikkeling.nl\\\/#organization\"},\"potentialAction\":[{\"@type\":\"SearchAction\",\"target\":{\"@type\":\"EntryPoint\",\"urlTemplate\":\"https:\\\/\\\/www.oudadl.testontwikkeling.nl\\\/?s={search_term_string}\"},\"query-input\":{\"@type\":\"PropertyValueSpecification\",\"valueRequired\":true,\"valueName\":\"search_term_string\"}}],\"inLanguage\":\"en-GB\"},{\"@type\":\"Organization\",\"@id\":\"https:\\\/\\\/www.oudadl.testontwikkeling.nl\\\/#organization\",\"name\":\"All Day Led\",\"url\":\"https:\\\/\\\/www.oudadl.testontwikkeling.nl\\\/\",\"logo\":{\"@type\":\"ImageObject\",\"inLanguage\":\"en-GB\",\"@id\":\"https:\\\/\\\/www.oudadl.testontwikkeling.nl\\\/#\\\/schema\\\/logo\\\/image\\\/\",\"url\":\"https:\\\/\\\/www.oudadl.testontwikkeling.nl\\\/wp-content\\\/uploads\\\/2022\\\/08\\\/Logo-ALL-DAY-LED-800x800-zwart-witte-letters.png\",\"contentUrl\":\"https:\\\/\\\/www.oudadl.testontwikkeling.nl\\\/wp-content\\\/uploads\\\/2022\\\/08\\\/Logo-ALL-DAY-LED-800x800-zwart-witte-letters.png\",\"width\":800,\"height\":800,\"caption\":\"All Day Led\"},\"image\":{\"@id\":\"https:\\\/\\\/www.oudadl.testontwikkeling.nl\\\/#\\\/schema\\\/logo\\\/image\\\/\"},\"sameAs\":[\"https:\\\/\\\/www.facebook.com\\\/alldayled\\\/\",\"https:\\\/\\\/www.instagram.com\\\/alldayled\\\/\"],\"vatID\":\"NL863960133B01\",\"taxID\":\"86416545\",\"hasMerchantReturnPolicy\":{\"@type\":\"MerchantReturnPolicy\",\"merchantReturnLink\":\"https:\\\/\\\/www.oudadl.testontwikkeling.nl\\\/en\\\/verzenden-retourneren\\\/\"}}]}<\/script>\n<meta property=\"product:brand\" content=\"WA\u015a\" \/>\n<meta property=\"product:price:amount\" content=\"9.95\" \/>\n<meta property=\"product:price:currency\" content=\"EUR\" \/>\n<meta property=\"og:availability\" content=\"instock\" \/>\n<meta property=\"product:availability\" content=\"instock\" \/>\n<meta property=\"product:retailer_item_id\" content=\"ADL70275\" \/>\n<meta property=\"product:condition\" content=\"new\" \/>\n<!-- \/ Yoast SEO Premium plugin. -->","yoast_head_json":{"title":"Mini LED position lamp - WA\u015a - All Day Led - 12&amp;24 Volt","description":"WA\u015a W56 mini LED width lamp for 12 &amp; 24 volt - easy installation - long connection cable - truck, tractor, trailer and more","robots":{"index":"noindex","follow":"follow","max-snippet":"max-snippet:-1","max-image-preview":"max-image-preview:large","max-video-preview":"max-video-preview:-1"},"og_locale":"en_GB","og_type":"article","og_title":"Mini LED breedtelamp - WA\u015a - All Day Led - 12&24 Volt","og_description":"WA\u015a W56 mini LED breedtelamp voor 12&24 volt - eenvoudige montage - lange aansluitkabel - vrachtwagen, tractor, aanhanger en meer","og_url":"https:\/\/www.oudadl.testontwikkeling.nl\/en\/product\/was-mini-led-side-marker-w56-12-24-volt\/","og_site_name":"All Day Led","article_publisher":"https:\/\/www.facebook.com\/alldayled\/","article_modified_time":"2025-10-09T17:04:40+00:00","og_image":[{"width":800,"height":800,"url":"https:\/\/www.oudadl.testontwikkeling.nl\/wp-content\/uploads\/2024\/08\/ADL70275.01.png","type":"image\/png"}],"twitter_misc":{"Price":"&euro;9,95","Availability":"In stock"},"schema":{"@context":"https:\/\/schema.org","@graph":[{"@type":"WebPage","@id":"https:\/\/www.oudadl.testontwikkeling.nl\/product\/was-mini-led-breedtelamp-w56-12-24-volt\/","url":"https:\/\/www.oudadl.testontwikkeling.nl\/product\/was-mini-led-breedtelamp-w56-12-24-volt\/","name":"Mini LED position lamp - WA\u015a - All Day Led - 12&amp;24 Volt","isPartOf":{"@id":"https:\/\/www.oudadl.testontwikkeling.nl\/#website"},"primaryImageOfPage":{"@id":"https:\/\/www.oudadl.testontwikkeling.nl\/product\/was-mini-led-breedtelamp-w56-12-24-volt\/#primaryimage"},"image":{"@id":"https:\/\/www.oudadl.testontwikkeling.nl\/product\/was-mini-led-breedtelamp-w56-12-24-volt\/#primaryimage"},"thumbnailUrl":"https:\/\/www.oudadl.testontwikkeling.nl\/wp-content\/uploads\/2020\/12\/ADL70275..png","datePublished":"2020-12-04T11:34:39+00:00","dateModified":"2025-10-09T17:04:40+00:00","description":"WA\u015a W56 mini LED width lamp for 12 &amp; 24 volt - easy installation - long connection cable - truck, tractor, trailer and more","breadcrumb":{"@id":"https:\/\/www.oudadl.testontwikkeling.nl\/product\/was-mini-led-breedtelamp-w56-12-24-volt\/#breadcrumb"},"inLanguage":"en-GB","potentialAction":[{"@type":"ReadAction","target":["https:\/\/www.oudadl.testontwikkeling.nl\/product\/was-mini-led-breedtelamp-w56-12-24-volt\/"]}]},{"@type":"ImageObject","inLanguage":"en-GB","@id":"https:\/\/www.oudadl.testontwikkeling.nl\/product\/was-mini-led-breedtelamp-w56-12-24-volt\/#primaryimage","url":"https:\/\/www.oudadl.testontwikkeling.nl\/wp-content\/uploads\/2020\/12\/ADL70275..png","contentUrl":"https:\/\/www.oudadl.testontwikkeling.nl\/wp-content\/uploads\/2020\/12\/ADL70275..png","width":800,"height":600,"caption":"Mini LED breedtelamp van het merk WAS - te gebruiken op 12 volt en 24 volt - voor vrachtwagen, aanhanger, tractor, camper en meer - EAN: 5903098035433"},{"@type":"BreadcrumbList","@id":"https:\/\/www.oudadl.testontwikkeling.nl\/product\/was-mini-led-breedtelamp-w56-12-24-volt\/#breadcrumb","itemListElement":[{"@type":"ListItem","position":1,"name":"Home","item":"https:\/\/www.oudadl.testontwikkeling.nl\/"},{"@type":"ListItem","position":2,"name":"Shop","item":"https:\/\/www.oudadl.testontwikkeling.nl\/de\/shop\/"},{"@type":"ListItem","position":3,"name":"Positielampen","item":"https:\/\/www.oudadl.testontwikkeling.nl\/product-categorie\/positielampen\/"},{"@type":"ListItem","position":4,"name":"Breedtelampen","item":"https:\/\/www.oudadl.testontwikkeling.nl\/product-categorie\/positielampen\/breedtelampen\/"},{"@type":"ListItem","position":5,"name":"WA\u015a W56 mini LED breedtelamp"}]},{"@type":"WebSite","@id":"https:\/\/www.oudadl.testontwikkeling.nl\/#website","url":"https:\/\/www.oudadl.testontwikkeling.nl\/","name":"All Day Led","description":"","publisher":{"@id":"https:\/\/www.oudadl.testontwikkeling.nl\/#organization"},"potentialAction":[{"@type":"SearchAction","target":{"@type":"EntryPoint","urlTemplate":"https:\/\/www.oudadl.testontwikkeling.nl\/?s={search_term_string}"},"query-input":{"@type":"PropertyValueSpecification","valueRequired":true,"valueName":"search_term_string"}}],"inLanguage":"en-GB"},{"@type":"Organization","@id":"https:\/\/www.oudadl.testontwikkeling.nl\/#organization","name":"All Day Led","url":"https:\/\/www.oudadl.testontwikkeling.nl\/","logo":{"@type":"ImageObject","inLanguage":"en-GB","@id":"https:\/\/www.oudadl.testontwikkeling.nl\/#\/schema\/logo\/image\/","url":"https:\/\/www.oudadl.testontwikkeling.nl\/wp-content\/uploads\/2022\/08\/Logo-ALL-DAY-LED-800x800-zwart-witte-letters.png","contentUrl":"https:\/\/www.oudadl.testontwikkeling.nl\/wp-content\/uploads\/2022\/08\/Logo-ALL-DAY-LED-800x800-zwart-witte-letters.png","width":800,"height":800,"caption":"All Day Led"},"image":{"@id":"https:\/\/www.oudadl.testontwikkeling.nl\/#\/schema\/logo\/image\/"},"sameAs":["https:\/\/www.facebook.com\/alldayled\/","https:\/\/www.instagram.com\/alldayled\/"],"vatID":"NL863960133B01","taxID":"86416545","hasMerchantReturnPolicy":{"@type":"MerchantReturnPolicy","merchantReturnLink":"https:\/\/www.oudadl.testontwikkeling.nl\/en\/verzenden-retourneren\/"}}]},"product_brand":"WA\u015a","product_price_amount":"9.95","product_price_currency":"EUR","og_availability":"instock","product_availability":"instock","product_retailer_item_id":"ADL70275","product_condition":"new"},"_links":{"self":[{"href":"https:\/\/www.oudadl.testontwikkeling.nl\/en\/wp-json\/wp\/v2\/product\/12342","targetHints":{"allow":["GET"]}}],"collection":[{"href":"https:\/\/www.oudadl.testontwikkeling.nl\/en\/wp-json\/wp\/v2\/product"}],"about":[{"href":"https:\/\/www.oudadl.testontwikkeling.nl\/en\/wp-json\/wp\/v2\/types\/product"}],"replies":[{"embeddable":true,"href":"https:\/\/www.oudadl.testontwikkeling.nl\/en\/wp-json\/wp\/v2\/comments?post=12342"}],"wp:featuredmedia":[{"embeddable":true,"href":"https:\/\/www.oudadl.testontwikkeling.nl\/en\/wp-json\/wp\/v2\/media\/24717"}],"wp:attachment":[{"href":"https:\/\/www.oudadl.testontwikkeling.nl\/en\/wp-json\/wp\/v2\/media?parent=12342"}],"wp:term":[{"taxonomy":"product_brand","embeddable":true,"href":"https:\/\/www.oudadl.testontwikkeling.nl\/en\/wp-json\/wp\/v2\/product_brand?post=12342"},{"taxonomy":"product_cat","embeddable":true,"href":"https:\/\/www.oudadl.testontwikkeling.nl\/en\/wp-json\/wp\/v2\/product_cat?post=12342"},{"taxonomy":"product_tag","embeddable":true,"href":"https:\/\/www.oudadl.testontwikkeling.nl\/en\/wp-json\/wp\/v2\/product_tag?post=12342"}],"curies":[{"name":"wp","href":"https:\/\/api.w.org\/{rel}","templated":true}]}}