{"id":9444,"date":"2020-11-10T17:30:10","date_gmt":"2020-11-10T15:30:10","guid":{"rendered":"https:\/\/www.oudadl.testontwikkeling.nl\/?post_type=product&#038;p=9444"},"modified":"2024-11-16T10:29:07","modified_gmt":"2024-11-16T09:29:07","slug":"hb3-led-lampenset-12-24-volt-weis","status":"publish","type":"product","link":"https:\/\/www.oudadl.testontwikkeling.nl\/de\/product\/set-hb3-led-lampen-12-24volt\/","title":{"rendered":"HB3 LED Lampenset 12\/24 Volt wei\u00df"},"content":{"rendered":"<p><span style=\"color: #000000;\"><strong>HB3 \u2013 9005 LED Lampenset, geeignet f\u00fcr 12 &amp; 24 Volt Einsatz.\u00a0<\/strong><\/span><\/p>\n<p><span style=\"color: #000000;\">Suchen Sie eine gute LED-Lampe, die Sie gegen Ihre original montierte HB3-Halogenlampe austauschen k\u00f6nnen? Dann ist diese HB3 \u2013 9005 LED Lampe vielleicht die Lampe, die Sie suchen. Die LED Leuchte ist mit 2 LED best\u00fcckt und wird pro Set zu 2 St\u00fcck geliefert. Diese LED-Lampe hat eine Lichtleistung, die Sie mit einer 50-W-Halogenlampe vergleichen k\u00f6nnen. Die Lampe HB3 \u2013 9005 LED wei\u00df kann sowohl mit 12 als auch mit 24 Volt betrieben werden. Das bedeutet, dass Sie die HB3 LED-Lampe beispielsweise in Ihrem Auto, Motorrad, LKW, Wohnmobil oder einem anderen Fahrzeugtyp verwenden k\u00f6nnen. Damit die wei\u00dfe LED-Lampe passt, muss die urspr\u00fcnglich eingebaute Lampe der in Bild 3 gezeigten entsprechen. Wenn diese nicht \u00fcbereinstimmt, passt die LED-Lampe nicht.<\/span><\/p>\n<p><span style=\"color: #000000;\">Um sicherzustellen, dass die wei\u00dfe Lampe HB3 LED f\u00fcr Ihr Fahrzeug oder Ihren Anh\u00e4nger geeignet ist, haben wir unten eine Reihe von Spezifikationen geschrieben. All dies, um Ihnen zu verdeutlichen, warum dies die HB3 \u2013 9005 LED-Lampe sein k\u00f6nnte, die Sie suchen. Die LED Lampe hat unter anderem das ECE R10 G\u00fctezeichen. Dieses G\u00fctezeichen bedeutet, dass die Leuchte beim Einschalten keine St\u00f6rungen verursacht, beispielsweise auf Ihrem Funksignal. Die Lampe LED kann auch bis 32 Volt verwendet werden. Dies bedeutet, dass die LED-Lampe gegen Spannungsspitzen gesch\u00fctzt ist, die beim Starten Ihres Fahrzeugs auftreten k\u00f6nnen.<\/span><\/p>\n<h5><span style=\"color: #000000;\"><strong>Lichtleistung:<\/strong><\/span><\/h5>\n<p><span style=\"color: #000000;\">Die HB3 LED Lampe ist mit 2 Hi-Power LED ausgestattet. Diese beiden LED liefern eine Lichtleistung von 1800 Lumen pro Lampe. Ein montiertes Set liefert nicht weniger als 3600 Lumen. Dies reicht aus, um Ihnen den Weg gut zu erleuchten. Eine HB3-Lampe befindet sich oft im Nebelscheinwerfer oder im Fernlicht Ihres Autos, Motorrads, Lastwagens oder anderen Fahrzeugtyps.<\/span><\/p>\n<p><span style=\"color: #000000;\"><em>Bitte beachten Sie, dass diese LED Lampen in den meisten F\u00e4llen CAN-Bus-sicher sind. Dies bedeutet, dass die Lampe keine Meldung auf Ihrem Dashboard ausgibt. Dies gilt vor allem f\u00fcr etwas \u00e4ltere Pkw- und Lkw-Modelle. Neuere Fahrzeuge k\u00f6nnen in einigen F\u00e4llen eine Meldung auf dem Armaturenbrett erhalten. Zus\u00e4tzliche Beleuchtung wie Strahler oder Oberlichter sind von diesem System ausgenommen.<\/em><\/span><\/p>\n<h5><span style=\"color: #000000;\"><strong>Andere Versionen:\u00a0<\/strong><\/span><\/h5>\n<p><span style=\"color: #000000;\">M\u00f6chten Sie eine LED-Lampe kaufen? Aber ist die Version HB3 \u2013 9005 nicht die Lampe, die Sie suchen? Dann wissen Sie, dass die Ersatzlampe LED auch in folgenden Ausf\u00fchrungen erh\u00e4ltlich ist: <\/span><\/p>\n<ul>\n<li><span style=\"color: #000000;\"><strong><a style=\"color: #000000;\" href=\"https:\/\/www.oudadl.testontwikkeling.nl\/de\/produkt\/set-h4-led-lampen-12-24volt\/\">H4 LED Lampenset<\/a> <\/strong><\/span><\/li>\n<li><span style=\"color: #000000;\"><strong><a style=\"color: #000000;\" href=\"https:\/\/www.oudadl.testontwikkeling.nl\/de\/produkt\/set-h7-led-lampe-12-24v\/\">H7 LED Lampenset<\/a><\/strong><\/span><\/li>\n<li><span style=\"color: #000000;\"><strong><a style=\"color: #000000;\" href=\"https:\/\/www.oudadl.testontwikkeling.nl\/de\/produkt\/h11-led-lampen-set-12-24-volt-typ-1\/\">H11 LED Lampenset\u00a0<\/a><\/strong><\/span><\/li>\n<li><span style=\"color: #000000;\"><a style=\"color: #000000;\" href=\"https:\/\/www.oudadl.testontwikkeling.nl\/de\/produkt\/hb4-led-lampenset-12-24-volt-weis\/\"><strong>HB4 LED Lampenset<\/strong><\/a><\/span><\/li>\n<\/ul>\n<h5><span style=\"color: #000000;\"><strong>Warum hat diese LED-Lampe kein E-Pr\u00fcfzeichen:<\/strong><\/span><\/h5>\n<p><span style=\"color: #000000;\">Ersatzscheinwerfer m\u00fcssen den europ\u00e4ischen Normen bez\u00fcglich Sicherheit, Wasserdichtheit und Kurzschlusspr\u00e4vention (ECE-R37) entsprechen. Diese Normen basieren auf den Gl\u00fch- und Halogenlampen der Vergangenheit. LED-Ersatzscheinwerfer k\u00f6nnen diese Standards nicht erf\u00fcllen, da sie kein Filament enthalten. Deshalb erhalten sie kein E-Pr\u00fcfzeichen R37 und d\u00fcrfen daher offiziell nicht im \u00f6ffentlichen Stra\u00dfenverkehr verwendet werden. Autofahrer k\u00f6nnen bei einer Kontrolle von der Polizei mit einer Geldstrafe belegt werden, obwohl das Lichtbild der Lampe durch den T\u00dcV kommt. Sie sollten die HB3 LED Lampen zum Beispiel auf Ihrem eigenen Gel\u00e4nde oder im Rennsport verwenden d\u00fcrfen.<\/span><\/p>","protected":false},"excerpt":{"rendered":"<p>HB3 &#8211; 9005 LED lampen set, geschikt voor 12 &amp; 24 volt gebruik.\u00a0 Bent u opzoek naar een goede LED lamp die u kunt wisselen voor uw origineel gemonteerde HB3 halogeen lamp? Dan is deze HB3 &#8211; 9005 LED lamp wellicht d\u00e9 lamp waar u naar op zoek bent. De LED lamp is voorzien van [&hellip;]<\/p>\n","protected":false},"featured_media":23191,"comment_status":"open","ping_status":"closed","template":"","meta":{"_acf_changed":false,"site-sidebar-layout":"default","site-content-layout":"default","ast-site-content-layout":"default","site-content-style":"default","site-sidebar-style":"default","ast-global-header-display":"","ast-banner-title-visibility":"","ast-main-header-display":"","ast-hfb-above-header-display":"","ast-hfb-below-header-display":"","ast-hfb-mobile-header-display":"","site-post-title":"","ast-breadcrumbs-content":"","ast-featured-img":"","footer-sml-layout":"","ast-disable-related-posts":"","theme-transparent-header-meta":"default","adv-header-id-meta":"","stick-header-meta":"","header-above-stick-meta":"","header-main-stick-meta":"","header-below-stick-meta":"","astra-migrate-meta-layouts":"set","ast-page-background-enabled":"default","ast-page-background-meta":{"desktop":{"background-color":"","background-image":"","background-repeat":"repeat","background-position":"center center","background-size":"auto","background-attachment":"scroll","background-type":"","background-media":"","overlay-type":"","overlay-color":"","overlay-opacity":"","overlay-gradient":""},"tablet":{"background-color":"","background-image":"","background-repeat":"repeat","background-position":"center center","background-size":"auto","background-attachment":"scroll","background-type":"","background-media":"","overlay-type":"","overlay-color":"","overlay-opacity":"","overlay-gradient":""},"mobile":{"background-color":"","background-image":"","background-repeat":"repeat","background-position":"center center","background-size":"auto","background-attachment":"scroll","background-type":"","background-media":"","overlay-type":"","overlay-color":"","overlay-opacity":"","overlay-gradient":""}},"ast-content-background-meta":{"desktop":{"background-color":"var(--ast-global-color-5)","background-image":"","background-repeat":"repeat","background-position":"center center","background-size":"auto","background-attachment":"scroll","background-type":"","background-media":"","overlay-type":"","overlay-color":"","overlay-opacity":"","overlay-gradient":""},"tablet":{"background-color":"var(--ast-global-color-5)","background-image":"","background-repeat":"repeat","background-position":"center center","background-size":"auto","background-attachment":"scroll","background-type":"","background-media":"","overlay-type":"","overlay-color":"","overlay-opacity":"","overlay-gradient":""},"mobile":{"background-color":"var(--ast-global-color-5)","background-image":"","background-repeat":"repeat","background-position":"center center","background-size":"auto","background-attachment":"scroll","background-type":"","background-media":"","overlay-type":"","overlay-color":"","overlay-opacity":"","overlay-gradient":""}}},"product_brand":[],"product_cat":[359],"product_tag":[4243,2035,4228,4229,4227,4230,2036,4317],"class_list":{"0":"post-9444","1":"product","2":"type-product","3":"status-publish","4":"has-post-thumbnail","6":"product_cat-dimlicht-mistlicht","7":"product_tag-hb3-led-lamp","8":"product_tag-led-dimlicht","9":"product_tag-led-dimlicht-auto","10":"product_tag-led-dimlicht-motor","11":"product_tag-led-dimlicht-vrachtwagen","12":"product_tag-led-lamp-tractor","13":"product_tag-led-mistlicht","14":"product_tag-new-single-page","15":"pa_merkk-mtrs","16":"desktop-align-left","17":"tablet-align-left","18":"mobile-align-left","20":"first","21":"instock","22":"taxable","23":"shipping-taxable","24":"purchasable","25":"product-type-simple"},"acf":[],"yoast_head":"<!-- This site is optimized with the Yoast SEO Premium plugin v25.9 (Yoast SEO v27.6) - https:\/\/yoast.com\/product\/yoast-seo-premium-wordpress\/ -->\n<title>HB3 LED lampen set 12\/24 Volt wit - voor 12 en 24 volt gebruik<\/title>\n<meta name=\"description\" content=\"Krachtige HB3 LED lampen set - voor 12 en 24 volt - APK proof - auto, motor, vrachtwagen - goed lichtbeeld - 3600 Lumen per set - 9005 LED\" \/>\n<meta name=\"robots\" content=\"noindex, follow, max-snippet:-1, max-image-preview:large, max-video-preview:-1\" \/>\n<meta property=\"og:locale\" content=\"de_DE\" \/>\n<meta property=\"og:type\" content=\"article\" \/>\n<meta property=\"og:title\" content=\"HB3 LED lampen set 12\/24 Volt wit - voor 12 en 24 volt gebruik\" \/>\n<meta property=\"og:description\" content=\"Krachtige HB3 LED lampen set - voor 12 en 24 volt - APK proof - auto, motor, vrachtwagen - goed lichtbeeld - 3600 Lumen per set - 9005 LED\" \/>\n<meta property=\"og:url\" content=\"https:\/\/www.oudadl.testontwikkeling.nl\/de\/produkt\/hb3-led-lampenset-12-24-volt-weis\/\" \/>\n<meta property=\"og:site_name\" content=\"All Day Led\" \/>\n<meta property=\"article:publisher\" content=\"https:\/\/www.facebook.com\/alldayled\/\" \/>\n<meta property=\"article:modified_time\" content=\"2024-11-16T09:29:07+00:00\" \/>\n<meta property=\"og:image\" content=\"https:\/\/www.oudadl.testontwikkeling.nl\/wp-content\/uploads\/2020\/11\/ADL00165..-HB-3.png\" \/>\n\t<meta property=\"og:image:width\" content=\"800\" \/>\n\t<meta property=\"og:image:height\" content=\"600\" \/>\n\t<meta property=\"og:image:type\" content=\"image\/png\" \/>\n<meta name=\"twitter:label1\" content=\"Preis\" \/>\n\t<meta name=\"twitter:data1\" content=\"&euro;59,00\" \/>\n\t<meta name=\"twitter:label2\" content=\"Verf\u00fcgbarkeit\" \/>\n\t<meta name=\"twitter:data2\" content=\"Auf Lager\" \/>\n<script type=\"application\/ld+json\" class=\"yoast-schema-graph\">{\"@context\":\"https:\\\/\\\/schema.org\",\"@graph\":[{\"@type\":[\"WebPage\",\"ItemPage\"],\"@id\":\"https:\\\/\\\/www.oudadl.testontwikkeling.nl\\\/nl\\\/product\\\/set-hb3-led-lampen-12-24volt\\\/\",\"url\":\"https:\\\/\\\/www.oudadl.testontwikkeling.nl\\\/nl\\\/product\\\/set-hb3-led-lampen-12-24volt\\\/\",\"name\":\"HB3 LED lampen set 12\\\/24 Volt wit - voor 12 en 24 volt gebruik\",\"isPartOf\":{\"@id\":\"https:\\\/\\\/www.oudadl.testontwikkeling.nl\\\/#website\"},\"primaryImageOfPage\":{\"@id\":\"https:\\\/\\\/www.oudadl.testontwikkeling.nl\\\/nl\\\/product\\\/set-hb3-led-lampen-12-24volt\\\/#primaryimage\"},\"image\":{\"@id\":\"https:\\\/\\\/www.oudadl.testontwikkeling.nl\\\/nl\\\/product\\\/set-hb3-led-lampen-12-24volt\\\/#primaryimage\"},\"thumbnailUrl\":\"https:\\\/\\\/www.oudadl.testontwikkeling.nl\\\/wp-content\\\/uploads\\\/2020\\\/11\\\/ADL00165..-HB-3.png\",\"datePublished\":\"2020-11-10T15:30:10+00:00\",\"dateModified\":\"2024-11-16T09:29:07+00:00\",\"description\":\"Krachtige HB3 LED lampen set - voor 12 en 24 volt - APK proof - auto, motor, vrachtwagen - goed lichtbeeld - 3600 Lumen per set - 9005 LED\",\"breadcrumb\":{\"@id\":\"https:\\\/\\\/www.oudadl.testontwikkeling.nl\\\/nl\\\/product\\\/set-hb3-led-lampen-12-24volt\\\/#breadcrumb\"},\"inLanguage\":\"de\",\"potentialAction\":[{\"@type\":\"ReadAction\",\"target\":[\"https:\\\/\\\/www.oudadl.testontwikkeling.nl\\\/nl\\\/product\\\/set-hb3-led-lampen-12-24volt\\\/\"]}]},{\"@type\":\"ImageObject\",\"inLanguage\":\"de\",\"@id\":\"https:\\\/\\\/www.oudadl.testontwikkeling.nl\\\/nl\\\/product\\\/set-hb3-led-lampen-12-24volt\\\/#primaryimage\",\"url\":\"https:\\\/\\\/www.oudadl.testontwikkeling.nl\\\/wp-content\\\/uploads\\\/2020\\\/11\\\/ADL00165..-HB-3.png\",\"contentUrl\":\"https:\\\/\\\/www.oudadl.testontwikkeling.nl\\\/wp-content\\\/uploads\\\/2020\\\/11\\\/ADL00165..-HB-3.png\",\"width\":800,\"height\":600,\"caption\":\"HB3 - 9005 LED lampen set voor 12 & 24 volt - te gebruiken in auto, vrachtwagen, camper, tractor en meer - EAN: 6090438827892\"},{\"@type\":\"BreadcrumbList\",\"@id\":\"https:\\\/\\\/www.oudadl.testontwikkeling.nl\\\/nl\\\/product\\\/set-hb3-led-lampen-12-24volt\\\/#breadcrumb\",\"itemListElement\":[{\"@type\":\"ListItem\",\"position\":1,\"name\":\"Home\",\"item\":\"https:\\\/\\\/www.oudadl.testontwikkeling.nl\\\/\"},{\"@type\":\"ListItem\",\"position\":2,\"name\":\"Shop\",\"item\":\"https:\\\/\\\/www.oudadl.testontwikkeling.nl\\\/de\\\/shop\\\/\"},{\"@type\":\"ListItem\",\"position\":3,\"name\":\"Dimlicht\\\/ Mistlicht\",\"item\":\"https:\\\/\\\/www.oudadl.testontwikkeling.nl\\\/product-categorie\\\/dimlicht-mistlicht\\\/\"},{\"@type\":\"ListItem\",\"position\":4,\"name\":\"HB3 LED lampen set 12\\\/24 Volt wit\"}]},{\"@type\":\"WebSite\",\"@id\":\"https:\\\/\\\/www.oudadl.testontwikkeling.nl\\\/#website\",\"url\":\"https:\\\/\\\/www.oudadl.testontwikkeling.nl\\\/\",\"name\":\"All Day Led\",\"description\":\"\",\"publisher\":{\"@id\":\"https:\\\/\\\/www.oudadl.testontwikkeling.nl\\\/#organization\"},\"potentialAction\":[{\"@type\":\"SearchAction\",\"target\":{\"@type\":\"EntryPoint\",\"urlTemplate\":\"https:\\\/\\\/www.oudadl.testontwikkeling.nl\\\/?s={search_term_string}\"},\"query-input\":{\"@type\":\"PropertyValueSpecification\",\"valueRequired\":true,\"valueName\":\"search_term_string\"}}],\"inLanguage\":\"de\"},{\"@type\":\"Organization\",\"@id\":\"https:\\\/\\\/www.oudadl.testontwikkeling.nl\\\/#organization\",\"name\":\"All Day Led\",\"url\":\"https:\\\/\\\/www.oudadl.testontwikkeling.nl\\\/\",\"logo\":{\"@type\":\"ImageObject\",\"inLanguage\":\"de\",\"@id\":\"https:\\\/\\\/www.oudadl.testontwikkeling.nl\\\/#\\\/schema\\\/logo\\\/image\\\/\",\"url\":\"https:\\\/\\\/www.oudadl.testontwikkeling.nl\\\/wp-content\\\/uploads\\\/2022\\\/08\\\/Logo-ALL-DAY-LED-800x800-zwart-witte-letters.png\",\"contentUrl\":\"https:\\\/\\\/www.oudadl.testontwikkeling.nl\\\/wp-content\\\/uploads\\\/2022\\\/08\\\/Logo-ALL-DAY-LED-800x800-zwart-witte-letters.png\",\"width\":800,\"height\":800,\"caption\":\"All Day Led\"},\"image\":{\"@id\":\"https:\\\/\\\/www.oudadl.testontwikkeling.nl\\\/#\\\/schema\\\/logo\\\/image\\\/\"},\"sameAs\":[\"https:\\\/\\\/www.facebook.com\\\/alldayled\\\/\",\"https:\\\/\\\/www.instagram.com\\\/alldayled\\\/\"],\"vatID\":\"NL863960133B01\",\"taxID\":\"86416545\",\"hasMerchantReturnPolicy\":{\"@type\":\"MerchantReturnPolicy\",\"merchantReturnLink\":\"https:\\\/\\\/www.oudadl.testontwikkeling.nl\\\/de\\\/verzenden-retourneren\\\/\"}}]}<\/script>\n<meta property=\"product:brand\" content=\"MTRS\" \/>\n<meta property=\"product:price:amount\" content=\"59.00\" \/>\n<meta property=\"product:price:currency\" content=\"EUR\" \/>\n<meta property=\"og:availability\" content=\"instock\" \/>\n<meta property=\"product:availability\" content=\"instock\" \/>\n<meta property=\"product:retailer_item_id\" content=\"ADL00165\" \/>\n<meta property=\"product:condition\" content=\"new\" \/>\n<!-- \/ Yoast SEO Premium plugin. -->","yoast_head_json":{"title":"HB3 LED Gl\u00fchlampenset 12\/24 Volt wei\u00df - f\u00fcr 12 und 24 Volt Einsatz","description":"Leistungsstarkes HB3 LED Lampenset - f\u00fcr 12 und 24 Volt - APK-gesch\u00fctzt - PKW, Motorrad, LKW - gutes Lichtbild - 3600 Lumen pro Set - 9005 LED","robots":{"index":"noindex","follow":"follow","max-snippet":"max-snippet:-1","max-image-preview":"max-image-preview:large","max-video-preview":"max-video-preview:-1"},"og_locale":"de_DE","og_type":"article","og_title":"HB3 LED lampen set 12\/24 Volt wit - voor 12 en 24 volt gebruik","og_description":"Krachtige HB3 LED lampen set - voor 12 en 24 volt - APK proof - auto, motor, vrachtwagen - goed lichtbeeld - 3600 Lumen per set - 9005 LED","og_url":"https:\/\/www.oudadl.testontwikkeling.nl\/de\/produkt\/hb3-led-lampenset-12-24-volt-weis\/","og_site_name":"All Day Led","article_publisher":"https:\/\/www.facebook.com\/alldayled\/","article_modified_time":"2024-11-16T09:29:07+00:00","og_image":[{"width":800,"height":600,"url":"https:\/\/www.oudadl.testontwikkeling.nl\/wp-content\/uploads\/2020\/11\/ADL00165..-HB-3.png","type":"image\/png"}],"twitter_misc":{"Preis":"&euro;59,00","Verf\u00fcgbarkeit":"Auf Lager"},"schema":{"@context":"https:\/\/schema.org","@graph":[{"@type":["WebPage","ItemPage"],"@id":"https:\/\/www.oudadl.testontwikkeling.nl\/nl\/product\/set-hb3-led-lampen-12-24volt\/","url":"https:\/\/www.oudadl.testontwikkeling.nl\/nl\/product\/set-hb3-led-lampen-12-24volt\/","name":"HB3 LED Gl\u00fchlampenset 12\/24 Volt wei\u00df - f\u00fcr 12 und 24 Volt Einsatz","isPartOf":{"@id":"https:\/\/www.oudadl.testontwikkeling.nl\/#website"},"primaryImageOfPage":{"@id":"https:\/\/www.oudadl.testontwikkeling.nl\/nl\/product\/set-hb3-led-lampen-12-24volt\/#primaryimage"},"image":{"@id":"https:\/\/www.oudadl.testontwikkeling.nl\/nl\/product\/set-hb3-led-lampen-12-24volt\/#primaryimage"},"thumbnailUrl":"https:\/\/www.oudadl.testontwikkeling.nl\/wp-content\/uploads\/2020\/11\/ADL00165..-HB-3.png","datePublished":"2020-11-10T15:30:10+00:00","dateModified":"2024-11-16T09:29:07+00:00","description":"Leistungsstarkes HB3 LED Lampenset - f\u00fcr 12 und 24 Volt - APK-gesch\u00fctzt - PKW, Motorrad, LKW - gutes Lichtbild - 3600 Lumen pro Set - 9005 LED","breadcrumb":{"@id":"https:\/\/www.oudadl.testontwikkeling.nl\/nl\/product\/set-hb3-led-lampen-12-24volt\/#breadcrumb"},"inLanguage":"de","potentialAction":[{"@type":"ReadAction","target":["https:\/\/www.oudadl.testontwikkeling.nl\/nl\/product\/set-hb3-led-lampen-12-24volt\/"]}]},{"@type":"ImageObject","inLanguage":"de","@id":"https:\/\/www.oudadl.testontwikkeling.nl\/nl\/product\/set-hb3-led-lampen-12-24volt\/#primaryimage","url":"https:\/\/www.oudadl.testontwikkeling.nl\/wp-content\/uploads\/2020\/11\/ADL00165..-HB-3.png","contentUrl":"https:\/\/www.oudadl.testontwikkeling.nl\/wp-content\/uploads\/2020\/11\/ADL00165..-HB-3.png","width":800,"height":600,"caption":"HB3 - 9005 LED lampen set voor 12 & 24 volt - te gebruiken in auto, vrachtwagen, camper, tractor en meer - EAN: 6090438827892"},{"@type":"BreadcrumbList","@id":"https:\/\/www.oudadl.testontwikkeling.nl\/nl\/product\/set-hb3-led-lampen-12-24volt\/#breadcrumb","itemListElement":[{"@type":"ListItem","position":1,"name":"Home","item":"https:\/\/www.oudadl.testontwikkeling.nl\/"},{"@type":"ListItem","position":2,"name":"Shop","item":"https:\/\/www.oudadl.testontwikkeling.nl\/de\/shop\/"},{"@type":"ListItem","position":3,"name":"Dimlicht\/ Mistlicht","item":"https:\/\/www.oudadl.testontwikkeling.nl\/product-categorie\/dimlicht-mistlicht\/"},{"@type":"ListItem","position":4,"name":"HB3 LED lampen set 12\/24 Volt wit"}]},{"@type":"WebSite","@id":"https:\/\/www.oudadl.testontwikkeling.nl\/#website","url":"https:\/\/www.oudadl.testontwikkeling.nl\/","name":"All Day Led","description":"","publisher":{"@id":"https:\/\/www.oudadl.testontwikkeling.nl\/#organization"},"potentialAction":[{"@type":"SearchAction","target":{"@type":"EntryPoint","urlTemplate":"https:\/\/www.oudadl.testontwikkeling.nl\/?s={search_term_string}"},"query-input":{"@type":"PropertyValueSpecification","valueRequired":true,"valueName":"search_term_string"}}],"inLanguage":"de"},{"@type":"Organization","@id":"https:\/\/www.oudadl.testontwikkeling.nl\/#organization","name":"All Day Led","url":"https:\/\/www.oudadl.testontwikkeling.nl\/","logo":{"@type":"ImageObject","inLanguage":"de","@id":"https:\/\/www.oudadl.testontwikkeling.nl\/#\/schema\/logo\/image\/","url":"https:\/\/www.oudadl.testontwikkeling.nl\/wp-content\/uploads\/2022\/08\/Logo-ALL-DAY-LED-800x800-zwart-witte-letters.png","contentUrl":"https:\/\/www.oudadl.testontwikkeling.nl\/wp-content\/uploads\/2022\/08\/Logo-ALL-DAY-LED-800x800-zwart-witte-letters.png","width":800,"height":800,"caption":"All Day Led"},"image":{"@id":"https:\/\/www.oudadl.testontwikkeling.nl\/#\/schema\/logo\/image\/"},"sameAs":["https:\/\/www.facebook.com\/alldayled\/","https:\/\/www.instagram.com\/alldayled\/"],"vatID":"NL863960133B01","taxID":"86416545","hasMerchantReturnPolicy":{"@type":"MerchantReturnPolicy","merchantReturnLink":"https:\/\/www.oudadl.testontwikkeling.nl\/de\/verzenden-retourneren\/"}}]},"product_brand":"MTRS","product_price_amount":"59.00","product_price_currency":"EUR","og_availability":"instock","product_availability":"instock","product_retailer_item_id":"ADL00165","product_condition":"new"},"_links":{"self":[{"href":"https:\/\/www.oudadl.testontwikkeling.nl\/de\/wp-json\/wp\/v2\/product\/9444","targetHints":{"allow":["GET"]}}],"collection":[{"href":"https:\/\/www.oudadl.testontwikkeling.nl\/de\/wp-json\/wp\/v2\/product"}],"about":[{"href":"https:\/\/www.oudadl.testontwikkeling.nl\/de\/wp-json\/wp\/v2\/types\/product"}],"replies":[{"embeddable":true,"href":"https:\/\/www.oudadl.testontwikkeling.nl\/de\/wp-json\/wp\/v2\/comments?post=9444"}],"wp:featuredmedia":[{"embeddable":true,"href":"https:\/\/www.oudadl.testontwikkeling.nl\/de\/wp-json\/wp\/v2\/media\/23191"}],"wp:attachment":[{"href":"https:\/\/www.oudadl.testontwikkeling.nl\/de\/wp-json\/wp\/v2\/media?parent=9444"}],"wp:term":[{"taxonomy":"product_brand","embeddable":true,"href":"https:\/\/www.oudadl.testontwikkeling.nl\/de\/wp-json\/wp\/v2\/product_brand?post=9444"},{"taxonomy":"product_cat","embeddable":true,"href":"https:\/\/www.oudadl.testontwikkeling.nl\/de\/wp-json\/wp\/v2\/product_cat?post=9444"},{"taxonomy":"product_tag","embeddable":true,"href":"https:\/\/www.oudadl.testontwikkeling.nl\/de\/wp-json\/wp\/v2\/product_tag?post=9444"}],"curies":[{"name":"wp","href":"https:\/\/api.w.org\/{rel}","templated":true}]}}