{"id":7529,"date":"2020-11-01T15:55:22","date_gmt":"2020-11-01T13:55:22","guid":{"rendered":"https:\/\/www.oudadl.testontwikkeling.nl\/?post_type=product&#038;p=7529"},"modified":"2025-11-13T15:43:37","modified_gmt":"2025-11-13T14:43:37","slug":"3-led-flash-orange-5m-kabel-12-24v","status":"publish","type":"product","link":"https:\/\/www.oudadl.testontwikkeling.nl\/de\/product\/3-led-flitser-oranje-5m-kabel-12-24v\/","title":{"rendered":"TruckLED 3 LED Blitzer orange- 5m Kabel"},"content":{"rendered":"<p><span style=\"color: #000000\"><strong>TruckLED 3 LED oranger Blitz mit 5m Kabel, geeignet f\u00fcr 12 und 24 Volt Betrieb.\u00a0<\/strong><\/span><\/p>\n<p><span style=\"color: #000000\">Suchen Sie einen kleinen 3 LED Blitz, der in der Farbe Orange leuchtet? Aber auch eine, die ein 5 Meter langes Anschlusskabel hat? Dann k\u00f6nnte dieser LED Blitz mit Klarglas von TruckLED die Lampe sein, die Sie suchen. Die LED Lampe ist mit 3 LED best\u00fcckt und hat eine Lichtst\u00e4rke von 9 Watt. Mit den 3 eingebauten LEDs k\u00f6nnen Sie sicher sein, dass Sie mit geringem Stromverbrauch gut beleuchtet unterwegs sind. So sind Sie sowohl tags\u00fcber als auch abends gut sichtbar. Der 3 LED Blitz der Marke TruckLED kann mit 12 und 24 Volt betrieben werden. Dies bedeutet, dass Sie den LED-Blitz zum Beispiel an Ihrem Auto, LKW, Anh\u00e4nger oder anderen Fahrzeugtyp verwenden k\u00f6nnen.\u00a0<\/span><\/p>\n<p><span style=\"color: #000000\">Damit dieser 3 LED orangefarbene Blinker der Marke TruckLED f\u00fcr Ihr Fahrzeug oder Ihren Anh\u00e4nger geeignet ist, haben wir nachfolgend einige Eigenschaften aufgeschrieben. All dies, um Ihnen zu verdeutlichen, warum dies m\u00f6glicherweise die LED-Lampe ist, die Sie suchen. Diese LED Lampe mit Blitzfunktion tr\u00e4gt das ECE R10 G\u00fctezeichen. Das G\u00fctezeichen ECE R10 bedeutet, dass die Leuchte beim Einschalten keine St\u00f6rungen verursacht, beispielsweise auf Ihrem Funksignal. Der Blitz ist zudem mit dem IP68-G\u00fctezeichen versehen. Dieses G\u00fctezeichen weist darauf hin, dass die LED-Lampe staub- und wasserdicht ist. Kurz gesagt, dies ist ein gro\u00dfartiger LED-Blitz f\u00fcr Ihren LKW oder einen anderen Fahrzeugtyp.\u00a0<\/span><\/p>\n<h5><span style=\"color: #000000\"><strong>Abmessungen:<\/strong><\/span><\/h5>\n<p><span style=\"color: #000000\">Damit Sie den TruckLED 3 LED Blitz mit 5m Kabel \u00fcberall montieren k\u00f6nnen, haben wir uns die Ma\u00dfe unten notiert. Die Abmessungen dieses kleinen LED Blitzes der Marke TruckLED sind wie folgt:<\/span><\/p>\n<ul>\n<li><span style=\"color: #000000\">L\u00e4nge: 80mm<\/span><\/li>\n<li><span style=\"color: #000000\">H\u00f6he: 28 mm<\/span><\/li>\n<li><span style=\"color: #000000\">Dicke: 19mm<\/span><\/li>\n<\/ul>\n<h5><span style=\"color: #000000\"><strong>Andere Versionen:\u00a0<\/strong><\/span><\/h5>\n<p><span style=\"color: #000000\">Sie m\u00f6chten einen LED-Blitz kaufen, aber der Mini-Blitz ist nicht das, wonach Sie suchen? Dann wissen Sie, dass TruckLED auch mehrere andere Modelle hat, unten finden Sie einige davon:\u00a0<\/span><\/p>\n<ul>\n<li><a href=\"https:\/\/www.oudadl.testontwikkeling.nl\/de\/produkt\/3-led-blitz-orange-12-24v\/\"><span style=\"color: #000000\"><b>TruckLED 3 LED Blitz 30cm Kabel<\/b><\/span><\/a><\/li>\n<li><a href=\"https:\/\/www.oudadl.testontwikkeling.nl\/de\/produkt\/lkwled-mini-led-blitzer-orange-12-24-volt\/\"><span style=\"color: #000000\"><strong>TruckLED Mini-LED-Blitz<\/strong><\/span><\/a><\/li>\n<\/ul>\n<p><span style=\"color: #000000\">Sind Sie der Meinung, dass das Blitzger\u00e4t TruckLED 3 LED nicht das ist, was Sie suchen? Einfach weil die Lichtleistung oder Wattzahl nicht hoch genug oder sogar zu hoch ist? Schauen Sie sich unbedingt auf unserer Seite um <a style=\"color: #000000\" href=\"https:\/\/www.oudadl.testontwikkeling.nl\/de\/produkt-kategorie\/blitzlichter\/\"><strong>Warnleuchten<\/strong><\/a>. M\u00f6glicherweise finden Sie hier den gew\u00fcnschten Warnlampentyp.<\/span><\/p>","protected":false},"excerpt":{"rendered":"<p>TruckLED 3 LED flitser oranje met 5m kabel, geschikt voor 12 en 24 volt gebruik.\u00a0 Bent u opzoek naar een kleine 3 LED flitser die oplicht in de kleur oranje? Maar ook een die nog eens een 5 meter lange aansluitkabel heeft? Dan is deze LED flitser met helder glas van merk TruckLED wellicht d\u00e9 [&hellip;]<\/p>\n","protected":false},"featured_media":25085,"comment_status":"open","ping_status":"closed","template":"","meta":{"_acf_changed":false,"site-sidebar-layout":"default","site-content-layout":"default","ast-site-content-layout":"default","site-content-style":"default","site-sidebar-style":"default","ast-global-header-display":"","ast-banner-title-visibility":"","ast-main-header-display":"","ast-hfb-above-header-display":"","ast-hfb-below-header-display":"","ast-hfb-mobile-header-display":"","site-post-title":"","ast-breadcrumbs-content":"","ast-featured-img":"","footer-sml-layout":"","ast-disable-related-posts":"","theme-transparent-header-meta":"default","adv-header-id-meta":"","stick-header-meta":"","header-above-stick-meta":"","header-main-stick-meta":"","header-below-stick-meta":"","astra-migrate-meta-layouts":"default","ast-page-background-enabled":"default","ast-page-background-meta":{"desktop":{"background-color":"","background-image":"","background-repeat":"repeat","background-position":"center center","background-size":"auto","background-attachment":"scroll","background-type":"","background-media":"","overlay-type":"","overlay-color":"","overlay-opacity":"","overlay-gradient":""},"tablet":{"background-color":"","background-image":"","background-repeat":"repeat","background-position":"center center","background-size":"auto","background-attachment":"scroll","background-type":"","background-media":"","overlay-type":"","overlay-color":"","overlay-opacity":"","overlay-gradient":""},"mobile":{"background-color":"","background-image":"","background-repeat":"repeat","background-position":"center center","background-size":"auto","background-attachment":"scroll","background-type":"","background-media":"","overlay-type":"","overlay-color":"","overlay-opacity":"","overlay-gradient":""}},"ast-content-background-meta":{"desktop":{"background-color":"var(--ast-global-color-5)","background-image":"","background-repeat":"repeat","background-position":"center center","background-size":"auto","background-attachment":"scroll","background-type":"","background-media":"","overlay-type":"","overlay-color":"","overlay-opacity":"","overlay-gradient":""},"tablet":{"background-color":"var(--ast-global-color-5)","background-image":"","background-repeat":"repeat","background-position":"center center","background-size":"auto","background-attachment":"scroll","background-type":"","background-media":"","overlay-type":"","overlay-color":"","overlay-opacity":"","overlay-gradient":""},"mobile":{"background-color":"var(--ast-global-color-5)","background-image":"","background-repeat":"repeat","background-position":"center center","background-size":"auto","background-attachment":"scroll","background-type":"","background-media":"","overlay-type":"","overlay-color":"","overlay-opacity":"","overlay-gradient":""}}},"product_brand":[],"product_cat":[8146],"product_tag":[390,4861,4855,4862,4856,4860,4857,4864,4859,4858,6411],"class_list":{"0":"post-7529","1":"product","2":"type-product","3":"status-publish","4":"has-post-thumbnail","6":"product_cat-flitser","7":"product_tag-led-flitser","8":"product_tag-led-flitser-12-volt","9":"product_tag-led-flitser-12v","10":"product_tag-led-flitser-24-volt","11":"product_tag-led-flitser-24v","12":"product_tag-led-flitser-aanhanger","13":"product_tag-led-flitser-auto","14":"product_tag-led-flitser-oranje","15":"product_tag-led-flitster-tractor","16":"product_tag-led-flitser-vrachtwagen","17":"product_tag-truckled-led-flitser","18":"pa_merkk-product-truckled","19":"desktop-align-left","20":"tablet-align-left","21":"mobile-align-left","23":"first","24":"instock","25":"taxable","26":"shipping-taxable","27":"purchasable","28":"product-type-simple"},"acf":[],"yoast_head":"<!-- This site is optimized with the Yoast SEO Premium plugin v25.9 (Yoast SEO v27.6) - https:\/\/yoast.com\/product\/yoast-seo-premium-wordpress\/ -->\n<title>TruckLED 3 LED flitser oranje - 5m kabel - All Day Led - 12&amp;24V<\/title>\n<meta name=\"description\" content=\"TruckLED 3 LED flitser oranje - 9W - voor 12&amp;24 Volt gebruik - met 5 meter kabel - LED waarschuwingslamp - vrachtwagen, auto, tractor\" \/>\n<meta name=\"robots\" content=\"noindex, follow, max-snippet:-1, max-image-preview:large, max-video-preview:-1\" \/>\n<meta property=\"og:locale\" content=\"de_DE\" \/>\n<meta property=\"og:type\" content=\"article\" \/>\n<meta property=\"og:title\" content=\"TruckLED 3 LED flitser oranje - 5m kabel - All Day Led - 12&amp;24V\" \/>\n<meta property=\"og:description\" content=\"TruckLED 3 LED flitser oranje - 9W - voor 12&amp;24 Volt gebruik - met 5 meter kabel - LED waarschuwingslamp - vrachtwagen, auto, tractor\" \/>\n<meta property=\"og:url\" content=\"https:\/\/www.oudadl.testontwikkeling.nl\/de\/produkt\/3-led-flash-orange-5m-kabel-12-24v\/\" \/>\n<meta property=\"og:site_name\" content=\"All Day Led\" \/>\n<meta property=\"article:publisher\" content=\"https:\/\/www.facebook.com\/alldayled\/\" \/>\n<meta property=\"article:modified_time\" content=\"2025-11-13T14:43:37+00:00\" \/>\n<meta property=\"og:image\" content=\"https:\/\/www.oudadl.testontwikkeling.nl\/wp-content\/uploads\/2020\/11\/ADL50102.-O.png\" \/>\n\t<meta property=\"og:image:width\" content=\"800\" \/>\n\t<meta property=\"og:image:height\" content=\"600\" \/>\n\t<meta property=\"og:image:type\" content=\"image\/png\" \/>\n<meta name=\"twitter:label1\" content=\"Preis\" \/>\n\t<meta name=\"twitter:data1\" content=\"&euro;24,95\" \/>\n\t<meta name=\"twitter:label2\" content=\"Verf\u00fcgbarkeit\" \/>\n\t<meta name=\"twitter:data2\" content=\"Auf Lager\" \/>\n<script type=\"application\/ld+json\" class=\"yoast-schema-graph\">{\"@context\":\"https:\\\/\\\/schema.org\",\"@graph\":[{\"@type\":\"WebPage\",\"@id\":\"https:\\\/\\\/www.oudadl.testontwikkeling.nl\\\/product\\\/3-led-flitser-oranje-5m-kabel-12-24v\\\/\",\"url\":\"https:\\\/\\\/www.oudadl.testontwikkeling.nl\\\/product\\\/3-led-flitser-oranje-5m-kabel-12-24v\\\/\",\"name\":\"TruckLED 3 LED flitser oranje - 5m kabel - All Day Led - 12&24V\",\"isPartOf\":{\"@id\":\"https:\\\/\\\/www.oudadl.testontwikkeling.nl\\\/#website\"},\"primaryImageOfPage\":{\"@id\":\"https:\\\/\\\/www.oudadl.testontwikkeling.nl\\\/product\\\/3-led-flitser-oranje-5m-kabel-12-24v\\\/#primaryimage\"},\"image\":{\"@id\":\"https:\\\/\\\/www.oudadl.testontwikkeling.nl\\\/product\\\/3-led-flitser-oranje-5m-kabel-12-24v\\\/#primaryimage\"},\"thumbnailUrl\":\"https:\\\/\\\/www.oudadl.testontwikkeling.nl\\\/wp-content\\\/uploads\\\/2020\\\/11\\\/ADL50102.-O.png\",\"datePublished\":\"2020-11-01T13:55:22+00:00\",\"dateModified\":\"2025-11-13T14:43:37+00:00\",\"description\":\"TruckLED 3 LED flitser oranje - 9W - voor 12&24 Volt gebruik - met 5 meter kabel - LED waarschuwingslamp - vrachtwagen, auto, tractor\",\"breadcrumb\":{\"@id\":\"https:\\\/\\\/www.oudadl.testontwikkeling.nl\\\/product\\\/3-led-flitser-oranje-5m-kabel-12-24v\\\/#breadcrumb\"},\"inLanguage\":\"de\",\"potentialAction\":[{\"@type\":\"ReadAction\",\"target\":[\"https:\\\/\\\/www.oudadl.testontwikkeling.nl\\\/product\\\/3-led-flitser-oranje-5m-kabel-12-24v\\\/\"]}]},{\"@type\":\"ImageObject\",\"inLanguage\":\"de\",\"@id\":\"https:\\\/\\\/www.oudadl.testontwikkeling.nl\\\/product\\\/3-led-flitser-oranje-5m-kabel-12-24v\\\/#primaryimage\",\"url\":\"https:\\\/\\\/www.oudadl.testontwikkeling.nl\\\/wp-content\\\/uploads\\\/2020\\\/11\\\/ADL50102.-O.png\",\"contentUrl\":\"https:\\\/\\\/www.oudadl.testontwikkeling.nl\\\/wp-content\\\/uploads\\\/2020\\\/11\\\/ADL50102.-O.png\",\"width\":800,\"height\":600,\"caption\":\"TruckLED LED flitser met 3 LED's - kleur: ORANJE - LED waarschuwingslamp met 5 meter aansluitkabel - EAN: 2000019063455\"},{\"@type\":\"BreadcrumbList\",\"@id\":\"https:\\\/\\\/www.oudadl.testontwikkeling.nl\\\/product\\\/3-led-flitser-oranje-5m-kabel-12-24v\\\/#breadcrumb\",\"itemListElement\":[{\"@type\":\"ListItem\",\"position\":1,\"name\":\"Home\",\"item\":\"https:\\\/\\\/www.oudadl.testontwikkeling.nl\\\/\"},{\"@type\":\"ListItem\",\"position\":2,\"name\":\"Shop\",\"item\":\"https:\\\/\\\/www.oudadl.testontwikkeling.nl\\\/de\\\/shop\\\/\"},{\"@type\":\"ListItem\",\"position\":3,\"name\":\"Flitsers en zwaailampen\",\"item\":\"https:\\\/\\\/www.oudadl.testontwikkeling.nl\\\/product-categorie\\\/flitsers-zwaailampen\\\/\"},{\"@type\":\"ListItem\",\"position\":4,\"name\":\"Flitser\",\"item\":\"https:\\\/\\\/www.oudadl.testontwikkeling.nl\\\/product-categorie\\\/flitsers-zwaailampen\\\/flitser\\\/\"},{\"@type\":\"ListItem\",\"position\":5,\"name\":\"TruckLED 3 LED flitser oranje &#8211; 5m kabel\"}]},{\"@type\":\"WebSite\",\"@id\":\"https:\\\/\\\/www.oudadl.testontwikkeling.nl\\\/#website\",\"url\":\"https:\\\/\\\/www.oudadl.testontwikkeling.nl\\\/\",\"name\":\"All Day Led\",\"description\":\"\",\"publisher\":{\"@id\":\"https:\\\/\\\/www.oudadl.testontwikkeling.nl\\\/#organization\"},\"potentialAction\":[{\"@type\":\"SearchAction\",\"target\":{\"@type\":\"EntryPoint\",\"urlTemplate\":\"https:\\\/\\\/www.oudadl.testontwikkeling.nl\\\/?s={search_term_string}\"},\"query-input\":{\"@type\":\"PropertyValueSpecification\",\"valueRequired\":true,\"valueName\":\"search_term_string\"}}],\"inLanguage\":\"de\"},{\"@type\":\"Organization\",\"@id\":\"https:\\\/\\\/www.oudadl.testontwikkeling.nl\\\/#organization\",\"name\":\"All Day Led\",\"url\":\"https:\\\/\\\/www.oudadl.testontwikkeling.nl\\\/\",\"logo\":{\"@type\":\"ImageObject\",\"inLanguage\":\"de\",\"@id\":\"https:\\\/\\\/www.oudadl.testontwikkeling.nl\\\/#\\\/schema\\\/logo\\\/image\\\/\",\"url\":\"https:\\\/\\\/www.oudadl.testontwikkeling.nl\\\/wp-content\\\/uploads\\\/2022\\\/08\\\/Logo-ALL-DAY-LED-800x800-zwart-witte-letters.png\",\"contentUrl\":\"https:\\\/\\\/www.oudadl.testontwikkeling.nl\\\/wp-content\\\/uploads\\\/2022\\\/08\\\/Logo-ALL-DAY-LED-800x800-zwart-witte-letters.png\",\"width\":800,\"height\":800,\"caption\":\"All Day Led\"},\"image\":{\"@id\":\"https:\\\/\\\/www.oudadl.testontwikkeling.nl\\\/#\\\/schema\\\/logo\\\/image\\\/\"},\"sameAs\":[\"https:\\\/\\\/www.facebook.com\\\/alldayled\\\/\",\"https:\\\/\\\/www.instagram.com\\\/alldayled\\\/\"],\"vatID\":\"NL863960133B01\",\"taxID\":\"86416545\",\"hasMerchantReturnPolicy\":{\"@type\":\"MerchantReturnPolicy\",\"merchantReturnLink\":\"https:\\\/\\\/www.oudadl.testontwikkeling.nl\\\/de\\\/verzenden-retourneren\\\/\"}}]}<\/script>\n<meta property=\"product:brand\" content=\"TruckLED\" \/>\n<meta property=\"product:price:amount\" content=\"24.95\" \/>\n<meta property=\"product:price:currency\" content=\"EUR\" \/>\n<meta property=\"og:availability\" content=\"instock\" \/>\n<meta property=\"product:availability\" content=\"instock\" \/>\n<meta property=\"product:retailer_item_id\" content=\"ADL50102-O\" \/>\n<meta property=\"product:condition\" content=\"new\" \/>\n<!-- \/ Yoast SEO Premium plugin. -->","yoast_head_json":{"title":"TruckLED 3 LED Blitz orange - 5m Kabel - All Day Led - 12&amp;24V","description":"TruckLED 3 LED orange blinkend - 9W - f\u00fcr 12&amp;24 Volt Gebrauch - mit 5 Meter Kabel - LED Warnlampe - LKW, PKW, Traktor","robots":{"index":"noindex","follow":"follow","max-snippet":"max-snippet:-1","max-image-preview":"max-image-preview:large","max-video-preview":"max-video-preview:-1"},"og_locale":"de_DE","og_type":"article","og_title":"TruckLED 3 LED flitser oranje - 5m kabel - All Day Led - 12&24V","og_description":"TruckLED 3 LED flitser oranje - 9W - voor 12&24 Volt gebruik - met 5 meter kabel - LED waarschuwingslamp - vrachtwagen, auto, tractor","og_url":"https:\/\/www.oudadl.testontwikkeling.nl\/de\/produkt\/3-led-flash-orange-5m-kabel-12-24v\/","og_site_name":"All Day Led","article_publisher":"https:\/\/www.facebook.com\/alldayled\/","article_modified_time":"2025-11-13T14:43:37+00:00","og_image":[{"width":800,"height":600,"url":"https:\/\/www.oudadl.testontwikkeling.nl\/wp-content\/uploads\/2020\/11\/ADL50102.-O.png","type":"image\/png"}],"twitter_misc":{"Preis":"&euro;24,95","Verf\u00fcgbarkeit":"Auf Lager"},"schema":{"@context":"https:\/\/schema.org","@graph":[{"@type":"WebPage","@id":"https:\/\/www.oudadl.testontwikkeling.nl\/product\/3-led-flitser-oranje-5m-kabel-12-24v\/","url":"https:\/\/www.oudadl.testontwikkeling.nl\/product\/3-led-flitser-oranje-5m-kabel-12-24v\/","name":"TruckLED 3 LED Blitz orange - 5m Kabel - All Day Led - 12&amp;24V","isPartOf":{"@id":"https:\/\/www.oudadl.testontwikkeling.nl\/#website"},"primaryImageOfPage":{"@id":"https:\/\/www.oudadl.testontwikkeling.nl\/product\/3-led-flitser-oranje-5m-kabel-12-24v\/#primaryimage"},"image":{"@id":"https:\/\/www.oudadl.testontwikkeling.nl\/product\/3-led-flitser-oranje-5m-kabel-12-24v\/#primaryimage"},"thumbnailUrl":"https:\/\/www.oudadl.testontwikkeling.nl\/wp-content\/uploads\/2020\/11\/ADL50102.-O.png","datePublished":"2020-11-01T13:55:22+00:00","dateModified":"2025-11-13T14:43:37+00:00","description":"TruckLED 3 LED orange blinkend - 9W - f\u00fcr 12&amp;24 Volt Gebrauch - mit 5 Meter Kabel - LED Warnlampe - LKW, PKW, Traktor","breadcrumb":{"@id":"https:\/\/www.oudadl.testontwikkeling.nl\/product\/3-led-flitser-oranje-5m-kabel-12-24v\/#breadcrumb"},"inLanguage":"de","potentialAction":[{"@type":"ReadAction","target":["https:\/\/www.oudadl.testontwikkeling.nl\/product\/3-led-flitser-oranje-5m-kabel-12-24v\/"]}]},{"@type":"ImageObject","inLanguage":"de","@id":"https:\/\/www.oudadl.testontwikkeling.nl\/product\/3-led-flitser-oranje-5m-kabel-12-24v\/#primaryimage","url":"https:\/\/www.oudadl.testontwikkeling.nl\/wp-content\/uploads\/2020\/11\/ADL50102.-O.png","contentUrl":"https:\/\/www.oudadl.testontwikkeling.nl\/wp-content\/uploads\/2020\/11\/ADL50102.-O.png","width":800,"height":600,"caption":"TruckLED LED flitser met 3 LED's - kleur: ORANJE - LED waarschuwingslamp met 5 meter aansluitkabel - EAN: 2000019063455"},{"@type":"BreadcrumbList","@id":"https:\/\/www.oudadl.testontwikkeling.nl\/product\/3-led-flitser-oranje-5m-kabel-12-24v\/#breadcrumb","itemListElement":[{"@type":"ListItem","position":1,"name":"Home","item":"https:\/\/www.oudadl.testontwikkeling.nl\/"},{"@type":"ListItem","position":2,"name":"Shop","item":"https:\/\/www.oudadl.testontwikkeling.nl\/de\/shop\/"},{"@type":"ListItem","position":3,"name":"Flitsers en zwaailampen","item":"https:\/\/www.oudadl.testontwikkeling.nl\/product-categorie\/flitsers-zwaailampen\/"},{"@type":"ListItem","position":4,"name":"Flitser","item":"https:\/\/www.oudadl.testontwikkeling.nl\/product-categorie\/flitsers-zwaailampen\/flitser\/"},{"@type":"ListItem","position":5,"name":"TruckLED 3 LED flitser oranje &#8211; 5m kabel"}]},{"@type":"WebSite","@id":"https:\/\/www.oudadl.testontwikkeling.nl\/#website","url":"https:\/\/www.oudadl.testontwikkeling.nl\/","name":"All Day Led","description":"","publisher":{"@id":"https:\/\/www.oudadl.testontwikkeling.nl\/#organization"},"potentialAction":[{"@type":"SearchAction","target":{"@type":"EntryPoint","urlTemplate":"https:\/\/www.oudadl.testontwikkeling.nl\/?s={search_term_string}"},"query-input":{"@type":"PropertyValueSpecification","valueRequired":true,"valueName":"search_term_string"}}],"inLanguage":"de"},{"@type":"Organization","@id":"https:\/\/www.oudadl.testontwikkeling.nl\/#organization","name":"All Day Led","url":"https:\/\/www.oudadl.testontwikkeling.nl\/","logo":{"@type":"ImageObject","inLanguage":"de","@id":"https:\/\/www.oudadl.testontwikkeling.nl\/#\/schema\/logo\/image\/","url":"https:\/\/www.oudadl.testontwikkeling.nl\/wp-content\/uploads\/2022\/08\/Logo-ALL-DAY-LED-800x800-zwart-witte-letters.png","contentUrl":"https:\/\/www.oudadl.testontwikkeling.nl\/wp-content\/uploads\/2022\/08\/Logo-ALL-DAY-LED-800x800-zwart-witte-letters.png","width":800,"height":800,"caption":"All Day Led"},"image":{"@id":"https:\/\/www.oudadl.testontwikkeling.nl\/#\/schema\/logo\/image\/"},"sameAs":["https:\/\/www.facebook.com\/alldayled\/","https:\/\/www.instagram.com\/alldayled\/"],"vatID":"NL863960133B01","taxID":"86416545","hasMerchantReturnPolicy":{"@type":"MerchantReturnPolicy","merchantReturnLink":"https:\/\/www.oudadl.testontwikkeling.nl\/de\/verzenden-retourneren\/"}}]},"product_brand":"TruckLED","product_price_amount":"24.95","product_price_currency":"EUR","og_availability":"instock","product_availability":"instock","product_retailer_item_id":"ADL50102-O","product_condition":"new"},"_links":{"self":[{"href":"https:\/\/www.oudadl.testontwikkeling.nl\/de\/wp-json\/wp\/v2\/product\/7529","targetHints":{"allow":["GET"]}}],"collection":[{"href":"https:\/\/www.oudadl.testontwikkeling.nl\/de\/wp-json\/wp\/v2\/product"}],"about":[{"href":"https:\/\/www.oudadl.testontwikkeling.nl\/de\/wp-json\/wp\/v2\/types\/product"}],"replies":[{"embeddable":true,"href":"https:\/\/www.oudadl.testontwikkeling.nl\/de\/wp-json\/wp\/v2\/comments?post=7529"}],"wp:featuredmedia":[{"embeddable":true,"href":"https:\/\/www.oudadl.testontwikkeling.nl\/de\/wp-json\/wp\/v2\/media\/25085"}],"wp:attachment":[{"href":"https:\/\/www.oudadl.testontwikkeling.nl\/de\/wp-json\/wp\/v2\/media?parent=7529"}],"wp:term":[{"taxonomy":"product_brand","embeddable":true,"href":"https:\/\/www.oudadl.testontwikkeling.nl\/de\/wp-json\/wp\/v2\/product_brand?post=7529"},{"taxonomy":"product_cat","embeddable":true,"href":"https:\/\/www.oudadl.testontwikkeling.nl\/de\/wp-json\/wp\/v2\/product_cat?post=7529"},{"taxonomy":"product_tag","embeddable":true,"href":"https:\/\/www.oudadl.testontwikkeling.nl\/de\/wp-json\/wp\/v2\/product_tag?post=7529"}],"curies":[{"name":"wp","href":"https:\/\/api.w.org\/{rel}","templated":true}]}}