{"id":7229,"date":"2020-04-23T16:55:48","date_gmt":"2020-04-23T14:55:48","guid":{"rendered":"https:\/\/www.oudadl.testontwikkeling.nl\/?post_type=product&#038;p=7229"},"modified":"2025-12-06T22:24:52","modified_gmt":"2025-12-06T21:24:52","slug":"led-innen-spot-rot-10-30-volt","status":"publish","type":"product","link":"https:\/\/www.oudadl.testontwikkeling.nl\/de\/product\/led-interieur-spot-rood-10-30-volt\/","title":{"rendered":"LED interior spot rot 10\/30V"},"content":{"rendered":"<p><span style=\"color: #000000\"><strong>GU5.3 LED interior spot rot, geeignet f\u00fcr 10\/30 Volt.\u00a0<\/strong><\/span><\/p>\n<p><span style=\"color: #000000\">Da dieser LED-Innenraumspot zwischen 10 und 30 Volt arbeitet, k\u00f6nnen Sie ihn f\u00fcr Ihr Auto, Ihren Van, LKW, Traktor, Anh\u00e4nger, Wohnmobil \/ Wohnwagen oder Boot verwenden. Da die Spots bis zu 30 Volt aktiv sind, sind sie auch gegen Spitzenspannung gesch\u00fctzt. Dieser rote gu5.3-Spot ist nicht dimmbar und mit 15 LEDs ausgestattet.<\/span><\/p>\n<p><span style=\"color: #000000\">Wenn Sie diese Lampe im Inneren Ihrer Kabine installieren m\u00f6chten, m\u00fcssen Sie auch eine Leuchte kaufen. Mit dieser Leuchte k\u00f6nnen Sie beispielsweise den LED-Scheinwerfer am Himmel Ihrer Kabine platzieren. Um diesen vertieften Punkt verarbeiten zu k\u00f6nnen, ben\u00f6tigen Sie eine H\u00f6he von mindestens 65 Millimetern.<\/span><\/p>\n<p><span style=\"color: #000000\"><em><strong>ACHTUNG<\/strong><\/em>:\u00a0<em>Dieser GU5.3-Innenstrahler kann St\u00f6rungen Ihres DAB+-Radiosignals verursachen. Dies gilt vor allem f\u00fcr LKW's, die ein DAB+-Radio eingebaut haben.\u00a0\u00a0<\/em><\/span><\/p>\n<h5><span style=\"color: #000000\"><strong>Geeignete Leuchten:<\/strong><\/span><\/h5>\n<p><span style=\"color: #000000\">Wenn Sie nach einem Ger\u00e4t suchen, das diesen GU5.3 LED-Spot enth\u00e4lt, wissen Sie bitte, dass wir die folgenden Ger\u00e4te in unserem Sortiment haben:<\/span><\/p>\n<ul>\n<li><span style=\"color: #000000\"><strong><a style=\"color: #000000\" href=\"https:\/\/www.oudadl.testontwikkeling.nl\/de\/produkt\/led-punkt-24v-einbau-50mm-rot\/\">Schwarzes Ger\u00e4t<\/a><\/strong><\/span><\/li>\n<li><span style=\"color: #000000\"><strong><a style=\"color: #000000\" href=\"https:\/\/www.oudadl.testontwikkeling.nl\/de\/produkt\/leuchte-weis-kanlux\/\">Wei\u00dfe Leuchte<\/a><\/strong><\/span><\/li>\n<li><span style=\"color: #000000\"><strong><a style=\"color: #000000\" href=\"https:\/\/www.oudadl.testontwikkeling.nl\/de\/produkt\/edelstahlbefestigung\/\">Edelstahlbefestigung<\/a><\/strong><\/span><\/li>\n<\/ul>\n<p><span style=\"color: #000000\">Mit den oben gezeigten Leuchten k\u00f6nnen Sie den Innenraum nach Ihren W\u00fcnschen zusammenstellen, egal ob Sie innen einen Schwarz-, Wei\u00df- oder Edelstahl-Look w\u00fcnschen, alle Kombinationen sind m\u00f6glich. Sie k\u00f6nnen auch die Farbe des Spots \u00e4ndern.<\/span><\/p>\n<h5><span style=\"color: #000000\"><strong>Andere verf\u00fcgbare Farben:<\/strong><\/span><\/h5>\n<p><span style=\"color: #000000\">Suchen Sie einen LED-Spot f\u00fcr Ihr Interieur, m\u00f6chten aber nicht die Farbe Rot? Sehen Sie sich unten die andere Farbe an, die wir in unserem Sortiment haben:<\/span><\/p>\n<ul>\n<li><span style=\"color: #000000\"><strong><a style=\"color: #000000\" href=\"https:\/\/www.oudadl.testontwikkeling.nl\/de\/produkt\/led-innenfleck-warmweis-10-30-volt\/\">LED interior spot warm wei\u00df 10\/30V<\/a><\/strong><\/span><\/li>\n<\/ul>\n<p><span style=\"color: #000000\">Der oben erw\u00e4hnte LED-Punkt arbeitet mit 10 bis 30 Volt. So k\u00f6nnen Sie es beispielsweise als Innenbeleuchtung f\u00fcr Ihr Auto, Ihren Lieferwagen, Ihren LKW, Ihren Anh\u00e4nger, Ihr Wohnmobil \/ Ihren Wohnwagen und mehr montieren. Wenn Sie beispielsweise 2 LED-Strahler in Ihrer LKW-Kabine montieren, k\u00f6nnen Sie sicher sein, dass die gesamte Kabine beleuchtet ist.<\/span><\/p>","protected":false},"excerpt":{"rendered":"<p>GU5.3 LED interieur spot rood, geschikt voor 10\/30 volt gebruik.\u00a0 Doordat deze LED interieur spot werkzaam is van 10 tot 30 volt, kunt u deze gebruiken voor bijvoorbeeld uw auto, bestelwagen, vrachtwagen, tractor, trailer, camper\/caravan of boot. Doordat de spots werkzaam zijn tot 30 volt, zijn deze tevens beschermd tegen piekspanning. Deze rode gu5.3 spot [&hellip;]<\/p>\n","protected":false},"featured_media":7146,"comment_status":"open","ping_status":"closed","template":"","meta":{"_acf_changed":false,"site-sidebar-layout":"default","site-content-layout":"default","ast-site-content-layout":"default","site-content-style":"default","site-sidebar-style":"default","ast-global-header-display":"","ast-banner-title-visibility":"","ast-main-header-display":"","ast-hfb-above-header-display":"","ast-hfb-below-header-display":"","ast-hfb-mobile-header-display":"","site-post-title":"","ast-breadcrumbs-content":"","ast-featured-img":"","footer-sml-layout":"","ast-disable-related-posts":"","theme-transparent-header-meta":"default","adv-header-id-meta":"","stick-header-meta":"","header-above-stick-meta":"","header-main-stick-meta":"","header-below-stick-meta":"","astra-migrate-meta-layouts":"set","ast-page-background-enabled":"default","ast-page-background-meta":{"desktop":{"background-color":"","background-image":"","background-repeat":"repeat","background-position":"center center","background-size":"auto","background-attachment":"scroll","background-type":"","background-media":"","overlay-type":"","overlay-color":"","overlay-opacity":"","overlay-gradient":""},"tablet":{"background-color":"","background-image":"","background-repeat":"repeat","background-position":"center center","background-size":"auto","background-attachment":"scroll","background-type":"","background-media":"","overlay-type":"","overlay-color":"","overlay-opacity":"","overlay-gradient":""},"mobile":{"background-color":"","background-image":"","background-repeat":"repeat","background-position":"center center","background-size":"auto","background-attachment":"scroll","background-type":"","background-media":"","overlay-type":"","overlay-color":"","overlay-opacity":"","overlay-gradient":""}},"ast-content-background-meta":{"desktop":{"background-color":"var(--ast-global-color-5)","background-image":"","background-repeat":"repeat","background-position":"center center","background-size":"auto","background-attachment":"scroll","background-type":"","background-media":"","overlay-type":"","overlay-color":"","overlay-opacity":"","overlay-gradient":""},"tablet":{"background-color":"var(--ast-global-color-5)","background-image":"","background-repeat":"repeat","background-position":"center center","background-size":"auto","background-attachment":"scroll","background-type":"","background-media":"","overlay-type":"","overlay-color":"","overlay-opacity":"","overlay-gradient":""},"mobile":{"background-color":"var(--ast-global-color-5)","background-image":"","background-repeat":"repeat","background-position":"center center","background-size":"auto","background-attachment":"scroll","background-type":"","background-media":"","overlay-type":"","overlay-color":"","overlay-opacity":"","overlay-gradient":""}}},"product_brand":[],"product_cat":[268,383],"product_tag":[1961,3871,3872,1869,3869],"class_list":{"0":"post-7229","1":"product","2":"type-product","3":"status-publish","4":"has-post-thumbnail","6":"product_cat-inbouw-verlichting-12-volt","7":"product_cat-inbouw-verlichting-24-volt","8":"product_tag-cabine-verlichting","9":"product_tag-gu5-3-led","10":"product_tag-gu5-3-spot","11":"product_tag-interieurverlichting","12":"product_tag-led-inbouw-spot","13":"pa_merkk-product-all-day-led","14":"desktop-align-left","15":"tablet-align-left","16":"mobile-align-left","18":"first","19":"instock","20":"taxable","21":"shipping-taxable","22":"purchasable","23":"product-type-simple"},"acf":[],"yoast_head":"<!-- This site is optimized with the Yoast SEO Premium plugin v25.9 (Yoast SEO v27.6) - https:\/\/yoast.com\/product\/yoast-seo-premium-wordpress\/ -->\n<title>LED interieur spot rood 10\/30V All Day Led - voor 12&amp;24 Volt<\/title>\n<meta name=\"description\" content=\"LED interieur spot rood voor 12 en 24 volt - rode cabine LED verlichting - cabine verlichting - 12&amp;24 volt - GU5.3 LED spot\" \/>\n<meta name=\"robots\" content=\"noindex, follow, max-snippet:-1, max-image-preview:large, max-video-preview:-1\" \/>\n<meta property=\"og:locale\" content=\"de_DE\" \/>\n<meta property=\"og:type\" content=\"article\" \/>\n<meta property=\"og:title\" content=\"LED interieur spot rood 10\/30V\" \/>\n<meta property=\"og:description\" content=\"GU5.3 LED interieur spot rood, geschikt voor 10\/30 volt gebruik.\u00a0 Doordat deze LED interieur spot werkzaam is van 10 tot 30 volt, kunt u deze gebruiken\" \/>\n<meta property=\"og:url\" content=\"https:\/\/www.oudadl.testontwikkeling.nl\/de\/produkt\/led-innen-spot-rot-10-30-volt\/\" \/>\n<meta property=\"og:site_name\" content=\"All Day Led\" \/>\n<meta property=\"article:publisher\" content=\"https:\/\/www.facebook.com\/alldayled\/\" \/>\n<meta property=\"article:modified_time\" content=\"2025-12-06T21:24:52+00:00\" \/>\n<meta property=\"og:image\" content=\"https:\/\/www.oudadl.testontwikkeling.nl\/wp-content\/uploads\/2020\/03\/ADL00500-R-spot-1.jpg\" \/>\n\t<meta property=\"og:image:width\" content=\"800\" \/>\n\t<meta property=\"og:image:height\" content=\"600\" \/>\n\t<meta property=\"og:image:type\" content=\"image\/jpeg\" \/>\n<meta name=\"twitter:label1\" content=\"Preis\" \/>\n\t<meta name=\"twitter:data1\" content=\"&euro;7,00\" \/>\n\t<meta name=\"twitter:label2\" content=\"Verf\u00fcgbarkeit\" \/>\n\t<meta name=\"twitter:data2\" content=\"Auf Lager\" \/>\n<script type=\"application\/ld+json\" class=\"yoast-schema-graph\">{\"@context\":\"https:\\\/\\\/schema.org\",\"@graph\":[{\"@type\":\"WebPage\",\"@id\":\"https:\\\/\\\/www.oudadl.testontwikkeling.nl\\\/nl\\\/product\\\/led-interieur-spot-rood-10-30-volt\\\/\",\"url\":\"https:\\\/\\\/www.oudadl.testontwikkeling.nl\\\/nl\\\/product\\\/led-interieur-spot-rood-10-30-volt\\\/\",\"name\":\"LED interieur spot rood 10\\\/30V All Day Led - voor 12&24 Volt\",\"isPartOf\":{\"@id\":\"https:\\\/\\\/www.oudadl.testontwikkeling.nl\\\/#website\"},\"primaryImageOfPage\":{\"@id\":\"https:\\\/\\\/www.oudadl.testontwikkeling.nl\\\/nl\\\/product\\\/led-interieur-spot-rood-10-30-volt\\\/#primaryimage\"},\"image\":{\"@id\":\"https:\\\/\\\/www.oudadl.testontwikkeling.nl\\\/nl\\\/product\\\/led-interieur-spot-rood-10-30-volt\\\/#primaryimage\"},\"thumbnailUrl\":\"https:\\\/\\\/www.oudadl.testontwikkeling.nl\\\/wp-content\\\/uploads\\\/2020\\\/03\\\/ADL00500-R-spot-1.jpg\",\"datePublished\":\"2020-04-23T14:55:48+00:00\",\"dateModified\":\"2025-12-06T21:24:52+00:00\",\"description\":\"LED interieur spot rood voor 12 en 24 volt - rode cabine LED verlichting - cabine verlichting - 12&24 volt - GU5.3 LED spot\",\"breadcrumb\":{\"@id\":\"https:\\\/\\\/www.oudadl.testontwikkeling.nl\\\/nl\\\/product\\\/led-interieur-spot-rood-10-30-volt\\\/#breadcrumb\"},\"inLanguage\":\"de\",\"potentialAction\":[{\"@type\":\"ReadAction\",\"target\":[\"https:\\\/\\\/www.oudadl.testontwikkeling.nl\\\/nl\\\/product\\\/led-interieur-spot-rood-10-30-volt\\\/\"]}]},{\"@type\":\"ImageObject\",\"inLanguage\":\"de\",\"@id\":\"https:\\\/\\\/www.oudadl.testontwikkeling.nl\\\/nl\\\/product\\\/led-interieur-spot-rood-10-30-volt\\\/#primaryimage\",\"url\":\"https:\\\/\\\/www.oudadl.testontwikkeling.nl\\\/wp-content\\\/uploads\\\/2020\\\/03\\\/ADL00500-R-spot-1.jpg\",\"contentUrl\":\"https:\\\/\\\/www.oudadl.testontwikkeling.nl\\\/wp-content\\\/uploads\\\/2020\\\/03\\\/ADL00500-R-spot-1.jpg\",\"width\":800,\"height\":600,\"caption\":\"LED interieur spot rood 10\\\/30 volt - rode LED spot interieur verlichting vrachtwagen - camper - caravan - boot\"},{\"@type\":\"BreadcrumbList\",\"@id\":\"https:\\\/\\\/www.oudadl.testontwikkeling.nl\\\/nl\\\/product\\\/led-interieur-spot-rood-10-30-volt\\\/#breadcrumb\",\"itemListElement\":[{\"@type\":\"ListItem\",\"position\":1,\"name\":\"Home\",\"item\":\"https:\\\/\\\/www.oudadl.testontwikkeling.nl\\\/\"},{\"@type\":\"ListItem\",\"position\":2,\"name\":\"Shop\",\"item\":\"https:\\\/\\\/www.oudadl.testontwikkeling.nl\\\/de\\\/shop\\\/\"},{\"@type\":\"ListItem\",\"position\":3,\"name\":\"Verlichting\",\"item\":\"https:\\\/\\\/www.oudadl.testontwikkeling.nl\\\/product-categorie\\\/verlichting\\\/\"},{\"@type\":\"ListItem\",\"position\":4,\"name\":\"Verlichting 24 Volt\",\"item\":\"https:\\\/\\\/www.oudadl.testontwikkeling.nl\\\/product-categorie\\\/verlichting\\\/verlichting-24-volt\\\/\"},{\"@type\":\"ListItem\",\"position\":5,\"name\":\"Inbouw verlichting\",\"item\":\"https:\\\/\\\/www.oudadl.testontwikkeling.nl\\\/product-categorie\\\/verlichting\\\/verlichting-24-volt\\\/inbouw-verlichting-24-volt\\\/\"},{\"@type\":\"ListItem\",\"position\":6,\"name\":\"LED interieur spot rood 10\\\/30V\"}]},{\"@type\":\"WebSite\",\"@id\":\"https:\\\/\\\/www.oudadl.testontwikkeling.nl\\\/#website\",\"url\":\"https:\\\/\\\/www.oudadl.testontwikkeling.nl\\\/\",\"name\":\"All Day Led\",\"description\":\"\",\"publisher\":{\"@id\":\"https:\\\/\\\/www.oudadl.testontwikkeling.nl\\\/#organization\"},\"potentialAction\":[{\"@type\":\"SearchAction\",\"target\":{\"@type\":\"EntryPoint\",\"urlTemplate\":\"https:\\\/\\\/www.oudadl.testontwikkeling.nl\\\/?s={search_term_string}\"},\"query-input\":{\"@type\":\"PropertyValueSpecification\",\"valueRequired\":true,\"valueName\":\"search_term_string\"}}],\"inLanguage\":\"de\"},{\"@type\":\"Organization\",\"@id\":\"https:\\\/\\\/www.oudadl.testontwikkeling.nl\\\/#organization\",\"name\":\"All Day Led\",\"url\":\"https:\\\/\\\/www.oudadl.testontwikkeling.nl\\\/\",\"logo\":{\"@type\":\"ImageObject\",\"inLanguage\":\"de\",\"@id\":\"https:\\\/\\\/www.oudadl.testontwikkeling.nl\\\/#\\\/schema\\\/logo\\\/image\\\/\",\"url\":\"https:\\\/\\\/www.oudadl.testontwikkeling.nl\\\/wp-content\\\/uploads\\\/2022\\\/08\\\/Logo-ALL-DAY-LED-800x800-zwart-witte-letters.png\",\"contentUrl\":\"https:\\\/\\\/www.oudadl.testontwikkeling.nl\\\/wp-content\\\/uploads\\\/2022\\\/08\\\/Logo-ALL-DAY-LED-800x800-zwart-witte-letters.png\",\"width\":800,\"height\":800,\"caption\":\"All Day Led\"},\"image\":{\"@id\":\"https:\\\/\\\/www.oudadl.testontwikkeling.nl\\\/#\\\/schema\\\/logo\\\/image\\\/\"},\"sameAs\":[\"https:\\\/\\\/www.facebook.com\\\/alldayled\\\/\",\"https:\\\/\\\/www.instagram.com\\\/alldayled\\\/\"],\"vatID\":\"NL863960133B01\",\"taxID\":\"86416545\",\"hasMerchantReturnPolicy\":{\"@type\":\"MerchantReturnPolicy\",\"merchantReturnLink\":\"https:\\\/\\\/www.oudadl.testontwikkeling.nl\\\/de\\\/verzenden-retourneren\\\/\"}}]}<\/script>\n<meta property=\"product:brand\" content=\"All Day Led\" \/>\n<meta property=\"product:price:amount\" content=\"7.00\" \/>\n<meta property=\"product:price:currency\" content=\"EUR\" \/>\n<meta property=\"og:availability\" content=\"instock\" \/>\n<meta property=\"product:availability\" content=\"instock\" \/>\n<meta property=\"product:retailer_item_id\" content=\"ADL00500-R\" \/>\n<meta property=\"product:condition\" content=\"new\" \/>\n<!-- \/ Yoast SEO Premium plugin. -->","yoast_head_json":{"title":"LED Innenspot rot 10\/30V All Day Led - f\u00fcr 12&amp;24 Volt","description":"LED Innenfleck rot f\u00fcr 12 und 24 Volt - rote Kabine LED Beleuchtung - Kabinenbeleuchtung - 12 &amp; 24 Volt - GU5.3 LED Punkt","robots":{"index":"noindex","follow":"follow","max-snippet":"max-snippet:-1","max-image-preview":"max-image-preview:large","max-video-preview":"max-video-preview:-1"},"og_locale":"de_DE","og_type":"article","og_title":"LED interieur spot rood 10\/30V","og_description":"GU5.3 LED interieur spot rood, geschikt voor 10\/30 volt gebruik.\u00a0 Doordat deze LED interieur spot werkzaam is van 10 tot 30 volt, kunt u deze gebruiken","og_url":"https:\/\/www.oudadl.testontwikkeling.nl\/de\/produkt\/led-innen-spot-rot-10-30-volt\/","og_site_name":"All Day Led","article_publisher":"https:\/\/www.facebook.com\/alldayled\/","article_modified_time":"2025-12-06T21:24:52+00:00","og_image":[{"width":800,"height":600,"url":"https:\/\/www.oudadl.testontwikkeling.nl\/wp-content\/uploads\/2020\/03\/ADL00500-R-spot-1.jpg","type":"image\/jpeg"}],"twitter_misc":{"Preis":"&euro;7,00","Verf\u00fcgbarkeit":"Auf Lager"},"schema":{"@context":"https:\/\/schema.org","@graph":[{"@type":"WebPage","@id":"https:\/\/www.oudadl.testontwikkeling.nl\/nl\/product\/led-interieur-spot-rood-10-30-volt\/","url":"https:\/\/www.oudadl.testontwikkeling.nl\/nl\/product\/led-interieur-spot-rood-10-30-volt\/","name":"LED Innenspot rot 10\/30V All Day Led - f\u00fcr 12&amp;24 Volt","isPartOf":{"@id":"https:\/\/www.oudadl.testontwikkeling.nl\/#website"},"primaryImageOfPage":{"@id":"https:\/\/www.oudadl.testontwikkeling.nl\/nl\/product\/led-interieur-spot-rood-10-30-volt\/#primaryimage"},"image":{"@id":"https:\/\/www.oudadl.testontwikkeling.nl\/nl\/product\/led-interieur-spot-rood-10-30-volt\/#primaryimage"},"thumbnailUrl":"https:\/\/www.oudadl.testontwikkeling.nl\/wp-content\/uploads\/2020\/03\/ADL00500-R-spot-1.jpg","datePublished":"2020-04-23T14:55:48+00:00","dateModified":"2025-12-06T21:24:52+00:00","description":"LED Innenfleck rot f\u00fcr 12 und 24 Volt - rote Kabine LED Beleuchtung - Kabinenbeleuchtung - 12 &amp; 24 Volt - GU5.3 LED Punkt","breadcrumb":{"@id":"https:\/\/www.oudadl.testontwikkeling.nl\/nl\/product\/led-interieur-spot-rood-10-30-volt\/#breadcrumb"},"inLanguage":"de","potentialAction":[{"@type":"ReadAction","target":["https:\/\/www.oudadl.testontwikkeling.nl\/nl\/product\/led-interieur-spot-rood-10-30-volt\/"]}]},{"@type":"ImageObject","inLanguage":"de","@id":"https:\/\/www.oudadl.testontwikkeling.nl\/nl\/product\/led-interieur-spot-rood-10-30-volt\/#primaryimage","url":"https:\/\/www.oudadl.testontwikkeling.nl\/wp-content\/uploads\/2020\/03\/ADL00500-R-spot-1.jpg","contentUrl":"https:\/\/www.oudadl.testontwikkeling.nl\/wp-content\/uploads\/2020\/03\/ADL00500-R-spot-1.jpg","width":800,"height":600,"caption":"LED interieur spot rood 10\/30 volt - rode LED spot interieur verlichting vrachtwagen - camper - caravan - boot"},{"@type":"BreadcrumbList","@id":"https:\/\/www.oudadl.testontwikkeling.nl\/nl\/product\/led-interieur-spot-rood-10-30-volt\/#breadcrumb","itemListElement":[{"@type":"ListItem","position":1,"name":"Home","item":"https:\/\/www.oudadl.testontwikkeling.nl\/"},{"@type":"ListItem","position":2,"name":"Shop","item":"https:\/\/www.oudadl.testontwikkeling.nl\/de\/shop\/"},{"@type":"ListItem","position":3,"name":"Verlichting","item":"https:\/\/www.oudadl.testontwikkeling.nl\/product-categorie\/verlichting\/"},{"@type":"ListItem","position":4,"name":"Verlichting 24 Volt","item":"https:\/\/www.oudadl.testontwikkeling.nl\/product-categorie\/verlichting\/verlichting-24-volt\/"},{"@type":"ListItem","position":5,"name":"Inbouw verlichting","item":"https:\/\/www.oudadl.testontwikkeling.nl\/product-categorie\/verlichting\/verlichting-24-volt\/inbouw-verlichting-24-volt\/"},{"@type":"ListItem","position":6,"name":"LED interieur spot rood 10\/30V"}]},{"@type":"WebSite","@id":"https:\/\/www.oudadl.testontwikkeling.nl\/#website","url":"https:\/\/www.oudadl.testontwikkeling.nl\/","name":"All Day Led","description":"","publisher":{"@id":"https:\/\/www.oudadl.testontwikkeling.nl\/#organization"},"potentialAction":[{"@type":"SearchAction","target":{"@type":"EntryPoint","urlTemplate":"https:\/\/www.oudadl.testontwikkeling.nl\/?s={search_term_string}"},"query-input":{"@type":"PropertyValueSpecification","valueRequired":true,"valueName":"search_term_string"}}],"inLanguage":"de"},{"@type":"Organization","@id":"https:\/\/www.oudadl.testontwikkeling.nl\/#organization","name":"All Day Led","url":"https:\/\/www.oudadl.testontwikkeling.nl\/","logo":{"@type":"ImageObject","inLanguage":"de","@id":"https:\/\/www.oudadl.testontwikkeling.nl\/#\/schema\/logo\/image\/","url":"https:\/\/www.oudadl.testontwikkeling.nl\/wp-content\/uploads\/2022\/08\/Logo-ALL-DAY-LED-800x800-zwart-witte-letters.png","contentUrl":"https:\/\/www.oudadl.testontwikkeling.nl\/wp-content\/uploads\/2022\/08\/Logo-ALL-DAY-LED-800x800-zwart-witte-letters.png","width":800,"height":800,"caption":"All Day Led"},"image":{"@id":"https:\/\/www.oudadl.testontwikkeling.nl\/#\/schema\/logo\/image\/"},"sameAs":["https:\/\/www.facebook.com\/alldayled\/","https:\/\/www.instagram.com\/alldayled\/"],"vatID":"NL863960133B01","taxID":"86416545","hasMerchantReturnPolicy":{"@type":"MerchantReturnPolicy","merchantReturnLink":"https:\/\/www.oudadl.testontwikkeling.nl\/de\/verzenden-retourneren\/"}}]},"product_brand":"All Day Led","product_price_amount":"7.00","product_price_currency":"EUR","og_availability":"instock","product_availability":"instock","product_retailer_item_id":"ADL00500-R","product_condition":"new"},"_links":{"self":[{"href":"https:\/\/www.oudadl.testontwikkeling.nl\/de\/wp-json\/wp\/v2\/product\/7229","targetHints":{"allow":["GET"]}}],"collection":[{"href":"https:\/\/www.oudadl.testontwikkeling.nl\/de\/wp-json\/wp\/v2\/product"}],"about":[{"href":"https:\/\/www.oudadl.testontwikkeling.nl\/de\/wp-json\/wp\/v2\/types\/product"}],"replies":[{"embeddable":true,"href":"https:\/\/www.oudadl.testontwikkeling.nl\/de\/wp-json\/wp\/v2\/comments?post=7229"}],"wp:featuredmedia":[{"embeddable":true,"href":"https:\/\/www.oudadl.testontwikkeling.nl\/de\/wp-json\/wp\/v2\/media\/7146"}],"wp:attachment":[{"href":"https:\/\/www.oudadl.testontwikkeling.nl\/de\/wp-json\/wp\/v2\/media?parent=7229"}],"wp:term":[{"taxonomy":"product_brand","embeddable":true,"href":"https:\/\/www.oudadl.testontwikkeling.nl\/de\/wp-json\/wp\/v2\/product_brand?post=7229"},{"taxonomy":"product_cat","embeddable":true,"href":"https:\/\/www.oudadl.testontwikkeling.nl\/de\/wp-json\/wp\/v2\/product_cat?post=7229"},{"taxonomy":"product_tag","embeddable":true,"href":"https:\/\/www.oudadl.testontwikkeling.nl\/de\/wp-json\/wp\/v2\/product_tag?post=7229"}],"curies":[{"name":"wp","href":"https:\/\/api.w.org\/{rel}","templated":true}]}}