{"id":6300,"date":"2020-11-10T18:00:20","date_gmt":"2020-11-10T17:00:20","guid":{"rendered":"https:\/\/www.oudadl.testontwikkeling.nl\/product\/import-placeholder-for-236445\/"},"modified":"2025-12-10T09:59:50","modified_gmt":"2025-12-10T08:59:50","slug":"set-h4-led-lampen-12-24volt","status":"publish","type":"product","link":"https:\/\/www.oudadl.testontwikkeling.nl\/de\/product\/set-h4-led-lampen-12-24volt\/","title":{"rendered":"H4 LED Lampenset 12\/24 Volt wei\u00df"},"content":{"rendered":"<p><span style=\"color: #000000\"><strong>H4 LED Lampenset, geeignet f\u00fcr 12 &amp; 24 Volt Einsatz.\u00a0<\/strong><\/span><\/p>\n<p><span style=\"color: #000000\">Sie suchen eine gute LED Lampe, die Sie gegen Ihre original verbaute H4 Halogenlampe tauschen k\u00f6nnen? Dann ist diese H4 LED-Lampe m\u00f6glicherweise die Lampe, nach der Sie suchen. Die LED Leuchte ist mit 4 LED best\u00fcckt und wird pro Set zu 2 St\u00fcck geliefert. Diese LED-Lampe hat eine Lichtleistung, die Sie mit einer 50-W-Halogenlampe vergleichen k\u00f6nnen. Die H4 LED Lampe wei\u00df kann sowohl mit 12 als auch mit 24 Volt betrieben werden. Das bedeutet, dass Sie die H4 LED-Lampe beispielsweise in Ihrem Auto, Motorrad, LKW, Wohnmobil oder einem anderen Fahrzeugtyp verwenden k\u00f6nnen. Damit die wei\u00dfe LED-Lampe passt, muss die urspr\u00fcnglich eingebaute Lampe der in Bild 3 gezeigten entsprechen. Wenn diese nicht \u00fcbereinstimmt, passt die LED-Lampe nicht.<\/span><\/p>\n<p><span style=\"color: #000000\">Um sicherzustellen, dass die wei\u00dfe Lampe H4 LED f\u00fcr Ihr Fahrzeug oder Ihren Anh\u00e4nger geeignet ist, haben wir unten eine Reihe von Spezifikationen geschrieben. All dies, um Ihnen zu verdeutlichen, warum dies m\u00f6glicherweise die H4 LED-Lampe ist, die Sie suchen. Die LED Lampe hat unter anderem das ECE R10 G\u00fctezeichen. Dieses G\u00fctezeichen bedeutet, dass die Leuchte beim Einschalten keine St\u00f6rungen verursacht, beispielsweise auf Ihrem Funksignal. Die Lampe LED kann auch bis 32 Volt verwendet werden. Dies bedeutet, dass die LED-Lampe gegen Spannungsspitzen gesch\u00fctzt ist, die beim Starten Ihres Fahrzeugs auftreten k\u00f6nnen.<\/span><\/p>\n<h5><span style=\"color: #000000\"><strong>Lichtleistung:<\/strong><\/span><\/h5>\n<p><span style=\"color: #000000\">Die H4 LED Lampe ist mit 4 Hi-Power LEDs ausgestattet. Diese beiden LED liefern eine Lichtleistung von 1800 Lumen pro Lampe. Ein montiertes Set liefert nicht weniger als 3600 Lumen. Dies reicht aus, um Ihnen den Weg gut zu erleuchten. Eine H4-Lampe befindet sich oft im Scheinwerfer eines Autos, Motorrads, Lastwagens oder anderen Fahrzeugtyps.\u00a0<\/span><\/p>\n<p><span style=\"color: #000000\"><em>Bitte beachten Sie, dass diese LED Lampen in den meisten F\u00e4llen CAN-Bus-sicher sind. Dies bedeutet, dass die Lampe keine Meldung auf Ihrem Dashboard ausgibt. Dies gilt vor allem f\u00fcr etwas \u00e4ltere Pkw- und Lkw-Modelle. Neuere Fahrzeuge k\u00f6nnen in einigen F\u00e4llen eine Meldung auf dem Armaturenbrett erhalten. Zus\u00e4tzliche Beleuchtung wie Strahler oder Oberlichter sind von diesem System ausgenommen.<\/em><\/span><\/p>\n<h5><span style=\"color: #000000\"><strong>Andere Versionen:\u00a0<\/strong><\/span><\/h5>\n<p><span style=\"color: #000000\">M\u00f6chten Sie eine LED Lampe kaufen? Aber ist die H4-Version nicht die Lampe, die Sie suchen? Dann wissen Sie, dass die Ersatzlampe LED auch in folgenden Ausf\u00fchrungen erh\u00e4ltlich ist: <\/span><\/p>\n<ul>\n<li><span style=\"color: #000000\"><a style=\"color: #000000\" href=\"https:\/\/www.oudadl.testontwikkeling.nl\/de\/produkt\/set-h7-led-lampe-12-24v\/\"><strong>H7 LED Lampenset <\/strong><\/a><strong><br \/>\n<\/strong><\/span><\/li>\n<li><span style=\"color: #000000\"><strong><a style=\"color: #000000\" href=\"https:\/\/www.oudadl.testontwikkeling.nl\/de\/produkt\/h11-led-lampen-set-12-24-volt-typ-1\/\">H11 LED Lampenset\u00a0<\/a><\/strong><\/span><\/li>\n<li><span style=\"color: #000000\"><a style=\"color: #000000\" href=\"https:\/\/www.oudadl.testontwikkeling.nl\/de\/produkt\/set-h3-led-lampen-12-24volt\/\"><strong>HB3 LED Lampenset\u00a0<\/strong><\/a><\/span><\/li>\n<li><span style=\"color: #000000\"><a style=\"color: #000000\" href=\"https:\/\/www.oudadl.testontwikkeling.nl\/de\/produkt\/hb4-led-lampenset-12-24-volt-weis\/\"><strong>HB4 LED Lampenset<\/strong><\/a><\/span><\/li>\n<\/ul>\n<h5><span style=\"color: #000000\"><strong>Warum hat diese LED-Lampe kein E-Pr\u00fcfzeichen:<\/strong><\/span><\/h5>\n<p><span style=\"color: #000000\">Ersatzscheinwerfer m\u00fcssen den europ\u00e4ischen Normen bez\u00fcglich Sicherheit, Wasserdichtheit und Kurzschlusspr\u00e4vention (ECE-R37) entsprechen. Diese Normen basieren auf den Gl\u00fch- und Halogenlampen der Vergangenheit. LED-Ersatzscheinwerfer k\u00f6nnen diese Standards nicht erf\u00fcllen, da sie kein Filament enthalten. Deshalb erhalten sie kein E-Pr\u00fcfzeichen R37 und d\u00fcrfen daher offiziell nicht im \u00f6ffentlichen Stra\u00dfenverkehr verwendet werden. Autofahrer k\u00f6nnen bei einer Kontrolle von der Polizei mit einer Geldstrafe belegt werden, obwohl das Lichtbild der Lampe durch den T\u00dcV kommt. Sie sollten die H4 LED Lampen zum Beispiel im eigenen Gel\u00e4nde oder im Rennsport verwenden d\u00fcrfen.<\/span><\/p>","protected":false},"excerpt":{"rendered":"<p>H4 LED lampen set, geschikt voor 12 &amp; 24 volt gebruik.\u00a0 Bent u opzoek naar een goede LED lamp die u kunt wisselen voor uw origineel gemonteerde H4 halogeen lamp? Dan is deze H4 LED lamp wellicht d\u00e9 lamp waar u naar op zoek bent. De LED lamp is voorzien van 4 LED&#8217;s en word [&hellip;]<\/p>\n","protected":false},"featured_media":23177,"comment_status":"open","ping_status":"closed","template":"","meta":{"_acf_changed":false,"site-sidebar-layout":"default","site-content-layout":"default","ast-site-content-layout":"default","site-content-style":"default","site-sidebar-style":"default","ast-global-header-display":"","ast-banner-title-visibility":"","ast-main-header-display":"","ast-hfb-above-header-display":"","ast-hfb-below-header-display":"","ast-hfb-mobile-header-display":"","site-post-title":"","ast-breadcrumbs-content":"","ast-featured-img":"","footer-sml-layout":"","ast-disable-related-posts":"","theme-transparent-header-meta":"default","adv-header-id-meta":"","stick-header-meta":"","header-above-stick-meta":"","header-main-stick-meta":"","header-below-stick-meta":"","astra-migrate-meta-layouts":"set","ast-page-background-enabled":"default","ast-page-background-meta":{"desktop":{"background-color":"","background-image":"","background-repeat":"repeat","background-position":"center center","background-size":"auto","background-attachment":"scroll","background-type":"","background-media":"","overlay-type":"","overlay-color":"","overlay-opacity":"","overlay-gradient":""},"tablet":{"background-color":"","background-image":"","background-repeat":"repeat","background-position":"center center","background-size":"auto","background-attachment":"scroll","background-type":"","background-media":"","overlay-type":"","overlay-color":"","overlay-opacity":"","overlay-gradient":""},"mobile":{"background-color":"","background-image":"","background-repeat":"repeat","background-position":"center center","background-size":"auto","background-attachment":"scroll","background-type":"","background-media":"","overlay-type":"","overlay-color":"","overlay-opacity":"","overlay-gradient":""}},"ast-content-background-meta":{"desktop":{"background-color":"var(--ast-global-color-5)","background-image":"","background-repeat":"repeat","background-position":"center center","background-size":"auto","background-attachment":"scroll","background-type":"","background-media":"","overlay-type":"","overlay-color":"","overlay-opacity":"","overlay-gradient":""},"tablet":{"background-color":"var(--ast-global-color-5)","background-image":"","background-repeat":"repeat","background-position":"center center","background-size":"auto","background-attachment":"scroll","background-type":"","background-media":"","overlay-type":"","overlay-color":"","overlay-opacity":"","overlay-gradient":""},"mobile":{"background-color":"var(--ast-global-color-5)","background-image":"","background-repeat":"repeat","background-position":"center center","background-size":"auto","background-attachment":"scroll","background-type":"","background-media":"","overlay-type":"","overlay-color":"","overlay-opacity":"","overlay-gradient":""}}},"product_brand":[],"product_cat":[359],"product_tag":[4233,2035,4228,4229,4227,4234,4230,2036],"class_list":{"0":"post-6300","1":"product","2":"type-product","3":"status-publish","4":"has-post-thumbnail","6":"product_cat-dimlicht-mistlicht","7":"product_tag-h4-led-lamp","8":"product_tag-led-dimlicht","9":"product_tag-led-dimlicht-auto","10":"product_tag-led-dimlicht-motor","11":"product_tag-led-dimlicht-vrachtwagen","12":"product_tag-led-groot-licht","13":"product_tag-led-lamp-tractor","14":"product_tag-led-mistlicht","15":"pa_merkk-mtrs","16":"desktop-align-left","17":"tablet-align-left","18":"mobile-align-left","20":"first","21":"instock","22":"taxable","23":"shipping-taxable","24":"purchasable","25":"product-type-simple"},"acf":[],"yoast_head":"<!-- This site is optimized with the Yoast SEO Premium plugin v25.9 (Yoast SEO v27.6) - https:\/\/yoast.com\/product\/yoast-seo-premium-wordpress\/ -->\n<title>H4 LED lampen set 12\/24 Volt wit - voor 12 en 24 volt gebruik<\/title>\n<meta name=\"description\" content=\"Krachtige H4 LED lampen set - hoog lichtopbrengst - xenon wit - voor 12 &amp; 24 volt - auto, motor, vrachtwagen en meer - goed lichtbeeld\" \/>\n<meta name=\"robots\" content=\"noindex, follow, max-snippet:-1, max-image-preview:large, max-video-preview:-1\" \/>\n<meta property=\"og:locale\" content=\"de_DE\" \/>\n<meta property=\"og:type\" content=\"article\" \/>\n<meta property=\"og:title\" content=\"H4 LED lampen set 12\/24 Volt wit - voor 12 en 24 volt gebruik\" \/>\n<meta property=\"og:description\" content=\"Krachtige H4 LED lampen set - hoog lichtopbrengst - xenon wit - voor 12 &amp; 24 volt - auto, motor, vrachtwagen en meer - goed lichtbeeld\" \/>\n<meta property=\"og:url\" content=\"https:\/\/www.oudadl.testontwikkeling.nl\/de\/produkt\/set-h4-led-lampen-12-24volt\/\" \/>\n<meta property=\"og:site_name\" content=\"All Day Led\" \/>\n<meta property=\"article:publisher\" content=\"https:\/\/www.facebook.com\/alldayled\/\" \/>\n<meta property=\"article:modified_time\" content=\"2025-12-10T08:59:50+00:00\" \/>\n<meta property=\"og:image\" content=\"https:\/\/www.oudadl.testontwikkeling.nl\/wp-content\/uploads\/2020\/11\/ADL00162..-H4.png\" \/>\n\t<meta property=\"og:image:width\" content=\"800\" \/>\n\t<meta property=\"og:image:height\" content=\"600\" \/>\n\t<meta property=\"og:image:type\" content=\"image\/png\" \/>\n<meta name=\"twitter:label1\" content=\"Preis\" \/>\n\t<meta name=\"twitter:data1\" content=\"&euro;69,00\" \/>\n\t<meta name=\"twitter:label2\" content=\"Verf\u00fcgbarkeit\" \/>\n\t<meta name=\"twitter:data2\" content=\"Auf Lager\" \/>\n<script type=\"application\/ld+json\" class=\"yoast-schema-graph\">{\"@context\":\"https:\\\/\\\/schema.org\",\"@graph\":[{\"@type\":\"WebPage\",\"@id\":\"https:\\\/\\\/www.oudadl.testontwikkeling.nl\\\/en\\\/product\\\/set-h4-led-lamps-12-24volt\\\/\",\"url\":\"https:\\\/\\\/www.oudadl.testontwikkeling.nl\\\/en\\\/product\\\/set-h4-led-lamps-12-24volt\\\/\",\"name\":\"H4 LED lampen set 12\\\/24 Volt wit - voor 12 en 24 volt gebruik\",\"isPartOf\":{\"@id\":\"https:\\\/\\\/www.oudadl.testontwikkeling.nl\\\/#website\"},\"primaryImageOfPage\":{\"@id\":\"https:\\\/\\\/www.oudadl.testontwikkeling.nl\\\/en\\\/product\\\/set-h4-led-lamps-12-24volt\\\/#primaryimage\"},\"image\":{\"@id\":\"https:\\\/\\\/www.oudadl.testontwikkeling.nl\\\/en\\\/product\\\/set-h4-led-lamps-12-24volt\\\/#primaryimage\"},\"thumbnailUrl\":\"https:\\\/\\\/www.oudadl.testontwikkeling.nl\\\/wp-content\\\/uploads\\\/2020\\\/11\\\/ADL00162..-H4.png\",\"datePublished\":\"2020-11-10T17:00:20+00:00\",\"dateModified\":\"2025-12-10T08:59:50+00:00\",\"description\":\"Krachtige H4 LED lampen set - hoog lichtopbrengst - xenon wit - voor 12 & 24 volt - auto, motor, vrachtwagen en meer - goed lichtbeeld\",\"breadcrumb\":{\"@id\":\"https:\\\/\\\/www.oudadl.testontwikkeling.nl\\\/en\\\/product\\\/set-h4-led-lamps-12-24volt\\\/#breadcrumb\"},\"inLanguage\":\"de\",\"potentialAction\":[{\"@type\":\"ReadAction\",\"target\":[\"https:\\\/\\\/www.oudadl.testontwikkeling.nl\\\/en\\\/product\\\/set-h4-led-lamps-12-24volt\\\/\"]}]},{\"@type\":\"ImageObject\",\"inLanguage\":\"de\",\"@id\":\"https:\\\/\\\/www.oudadl.testontwikkeling.nl\\\/en\\\/product\\\/set-h4-led-lamps-12-24volt\\\/#primaryimage\",\"url\":\"https:\\\/\\\/www.oudadl.testontwikkeling.nl\\\/wp-content\\\/uploads\\\/2020\\\/11\\\/ADL00162..-H4.png\",\"contentUrl\":\"https:\\\/\\\/www.oudadl.testontwikkeling.nl\\\/wp-content\\\/uploads\\\/2020\\\/11\\\/ADL00162..-H4.png\",\"width\":800,\"height\":600,\"caption\":\"H4 LED lampen set voor 12 & 24 volt - te gebruiken in auto, vrachtwagen, camper, tractor en meer - EAN: 6090535474418\"},{\"@type\":\"BreadcrumbList\",\"@id\":\"https:\\\/\\\/www.oudadl.testontwikkeling.nl\\\/en\\\/product\\\/set-h4-led-lamps-12-24volt\\\/#breadcrumb\",\"itemListElement\":[{\"@type\":\"ListItem\",\"position\":1,\"name\":\"Home\",\"item\":\"https:\\\/\\\/www.oudadl.testontwikkeling.nl\\\/\"},{\"@type\":\"ListItem\",\"position\":2,\"name\":\"Shop\",\"item\":\"https:\\\/\\\/www.oudadl.testontwikkeling.nl\\\/de\\\/shop\\\/\"},{\"@type\":\"ListItem\",\"position\":3,\"name\":\"Dimlicht\\\/ Mistlicht\",\"item\":\"https:\\\/\\\/www.oudadl.testontwikkeling.nl\\\/product-categorie\\\/dimlicht-mistlicht\\\/\"},{\"@type\":\"ListItem\",\"position\":4,\"name\":\"H4 LED lampen set 12\\\/24 Volt wit\"}]},{\"@type\":\"WebSite\",\"@id\":\"https:\\\/\\\/www.oudadl.testontwikkeling.nl\\\/#website\",\"url\":\"https:\\\/\\\/www.oudadl.testontwikkeling.nl\\\/\",\"name\":\"All Day Led\",\"description\":\"\",\"publisher\":{\"@id\":\"https:\\\/\\\/www.oudadl.testontwikkeling.nl\\\/#organization\"},\"potentialAction\":[{\"@type\":\"SearchAction\",\"target\":{\"@type\":\"EntryPoint\",\"urlTemplate\":\"https:\\\/\\\/www.oudadl.testontwikkeling.nl\\\/?s={search_term_string}\"},\"query-input\":{\"@type\":\"PropertyValueSpecification\",\"valueRequired\":true,\"valueName\":\"search_term_string\"}}],\"inLanguage\":\"de\"},{\"@type\":\"Organization\",\"@id\":\"https:\\\/\\\/www.oudadl.testontwikkeling.nl\\\/#organization\",\"name\":\"All Day Led\",\"url\":\"https:\\\/\\\/www.oudadl.testontwikkeling.nl\\\/\",\"logo\":{\"@type\":\"ImageObject\",\"inLanguage\":\"de\",\"@id\":\"https:\\\/\\\/www.oudadl.testontwikkeling.nl\\\/#\\\/schema\\\/logo\\\/image\\\/\",\"url\":\"https:\\\/\\\/www.oudadl.testontwikkeling.nl\\\/wp-content\\\/uploads\\\/2022\\\/08\\\/Logo-ALL-DAY-LED-800x800-zwart-witte-letters.png\",\"contentUrl\":\"https:\\\/\\\/www.oudadl.testontwikkeling.nl\\\/wp-content\\\/uploads\\\/2022\\\/08\\\/Logo-ALL-DAY-LED-800x800-zwart-witte-letters.png\",\"width\":800,\"height\":800,\"caption\":\"All Day Led\"},\"image\":{\"@id\":\"https:\\\/\\\/www.oudadl.testontwikkeling.nl\\\/#\\\/schema\\\/logo\\\/image\\\/\"},\"sameAs\":[\"https:\\\/\\\/www.facebook.com\\\/alldayled\\\/\",\"https:\\\/\\\/www.instagram.com\\\/alldayled\\\/\"],\"vatID\":\"NL863960133B01\",\"taxID\":\"86416545\",\"hasMerchantReturnPolicy\":{\"@type\":\"MerchantReturnPolicy\",\"merchantReturnLink\":\"https:\\\/\\\/www.oudadl.testontwikkeling.nl\\\/de\\\/verzenden-retourneren\\\/\"}}]}<\/script>\n<meta property=\"product:brand\" content=\"MTRS\" \/>\n<meta property=\"product:price:amount\" content=\"69.00\" \/>\n<meta property=\"product:price:currency\" content=\"EUR\" \/>\n<meta property=\"og:availability\" content=\"instock\" \/>\n<meta property=\"product:availability\" content=\"instock\" \/>\n<meta property=\"product:retailer_item_id\" content=\"ADL00162\" \/>\n<meta property=\"product:condition\" content=\"new\" \/>\n<!-- \/ Yoast SEO Premium plugin. -->","yoast_head_json":{"title":"H4 LED Gl\u00fchlampenset 12\/24 Volt wei\u00df - f\u00fcr 12 und 24 Volt Einsatz","description":"Leistungsstarkes H4 LED Lampenset - hohe Lichtleistung - Xenon wei\u00df - f\u00fcr 12 &amp; 24 Volt - PKW, Motorrad, LKW und mehr - gutes Lichtbild","robots":{"index":"noindex","follow":"follow","max-snippet":"max-snippet:-1","max-image-preview":"max-image-preview:large","max-video-preview":"max-video-preview:-1"},"og_locale":"de_DE","og_type":"article","og_title":"H4 LED lampen set 12\/24 Volt wit - voor 12 en 24 volt gebruik","og_description":"Krachtige H4 LED lampen set - hoog lichtopbrengst - xenon wit - voor 12 & 24 volt - auto, motor, vrachtwagen en meer - goed lichtbeeld","og_url":"https:\/\/www.oudadl.testontwikkeling.nl\/de\/produkt\/set-h4-led-lampen-12-24volt\/","og_site_name":"All Day Led","article_publisher":"https:\/\/www.facebook.com\/alldayled\/","article_modified_time":"2025-12-10T08:59:50+00:00","og_image":[{"width":800,"height":600,"url":"https:\/\/www.oudadl.testontwikkeling.nl\/wp-content\/uploads\/2020\/11\/ADL00162..-H4.png","type":"image\/png"}],"twitter_misc":{"Preis":"&euro;69,00","Verf\u00fcgbarkeit":"Auf Lager"},"schema":{"@context":"https:\/\/schema.org","@graph":[{"@type":"WebPage","@id":"https:\/\/www.oudadl.testontwikkeling.nl\/en\/product\/set-h4-led-lamps-12-24volt\/","url":"https:\/\/www.oudadl.testontwikkeling.nl\/en\/product\/set-h4-led-lamps-12-24volt\/","name":"H4 LED Gl\u00fchlampenset 12\/24 Volt wei\u00df - f\u00fcr 12 und 24 Volt Einsatz","isPartOf":{"@id":"https:\/\/www.oudadl.testontwikkeling.nl\/#website"},"primaryImageOfPage":{"@id":"https:\/\/www.oudadl.testontwikkeling.nl\/en\/product\/set-h4-led-lamps-12-24volt\/#primaryimage"},"image":{"@id":"https:\/\/www.oudadl.testontwikkeling.nl\/en\/product\/set-h4-led-lamps-12-24volt\/#primaryimage"},"thumbnailUrl":"https:\/\/www.oudadl.testontwikkeling.nl\/wp-content\/uploads\/2020\/11\/ADL00162..-H4.png","datePublished":"2020-11-10T17:00:20+00:00","dateModified":"2025-12-10T08:59:50+00:00","description":"Leistungsstarkes H4 LED Lampenset - hohe Lichtleistung - Xenon wei\u00df - f\u00fcr 12 &amp; 24 Volt - PKW, Motorrad, LKW und mehr - gutes Lichtbild","breadcrumb":{"@id":"https:\/\/www.oudadl.testontwikkeling.nl\/en\/product\/set-h4-led-lamps-12-24volt\/#breadcrumb"},"inLanguage":"de","potentialAction":[{"@type":"ReadAction","target":["https:\/\/www.oudadl.testontwikkeling.nl\/en\/product\/set-h4-led-lamps-12-24volt\/"]}]},{"@type":"ImageObject","inLanguage":"de","@id":"https:\/\/www.oudadl.testontwikkeling.nl\/en\/product\/set-h4-led-lamps-12-24volt\/#primaryimage","url":"https:\/\/www.oudadl.testontwikkeling.nl\/wp-content\/uploads\/2020\/11\/ADL00162..-H4.png","contentUrl":"https:\/\/www.oudadl.testontwikkeling.nl\/wp-content\/uploads\/2020\/11\/ADL00162..-H4.png","width":800,"height":600,"caption":"H4 LED lampen set voor 12 & 24 volt - te gebruiken in auto, vrachtwagen, camper, tractor en meer - EAN: 6090535474418"},{"@type":"BreadcrumbList","@id":"https:\/\/www.oudadl.testontwikkeling.nl\/en\/product\/set-h4-led-lamps-12-24volt\/#breadcrumb","itemListElement":[{"@type":"ListItem","position":1,"name":"Home","item":"https:\/\/www.oudadl.testontwikkeling.nl\/"},{"@type":"ListItem","position":2,"name":"Shop","item":"https:\/\/www.oudadl.testontwikkeling.nl\/de\/shop\/"},{"@type":"ListItem","position":3,"name":"Dimlicht\/ Mistlicht","item":"https:\/\/www.oudadl.testontwikkeling.nl\/product-categorie\/dimlicht-mistlicht\/"},{"@type":"ListItem","position":4,"name":"H4 LED lampen set 12\/24 Volt wit"}]},{"@type":"WebSite","@id":"https:\/\/www.oudadl.testontwikkeling.nl\/#website","url":"https:\/\/www.oudadl.testontwikkeling.nl\/","name":"All Day Led","description":"","publisher":{"@id":"https:\/\/www.oudadl.testontwikkeling.nl\/#organization"},"potentialAction":[{"@type":"SearchAction","target":{"@type":"EntryPoint","urlTemplate":"https:\/\/www.oudadl.testontwikkeling.nl\/?s={search_term_string}"},"query-input":{"@type":"PropertyValueSpecification","valueRequired":true,"valueName":"search_term_string"}}],"inLanguage":"de"},{"@type":"Organization","@id":"https:\/\/www.oudadl.testontwikkeling.nl\/#organization","name":"All Day Led","url":"https:\/\/www.oudadl.testontwikkeling.nl\/","logo":{"@type":"ImageObject","inLanguage":"de","@id":"https:\/\/www.oudadl.testontwikkeling.nl\/#\/schema\/logo\/image\/","url":"https:\/\/www.oudadl.testontwikkeling.nl\/wp-content\/uploads\/2022\/08\/Logo-ALL-DAY-LED-800x800-zwart-witte-letters.png","contentUrl":"https:\/\/www.oudadl.testontwikkeling.nl\/wp-content\/uploads\/2022\/08\/Logo-ALL-DAY-LED-800x800-zwart-witte-letters.png","width":800,"height":800,"caption":"All Day Led"},"image":{"@id":"https:\/\/www.oudadl.testontwikkeling.nl\/#\/schema\/logo\/image\/"},"sameAs":["https:\/\/www.facebook.com\/alldayled\/","https:\/\/www.instagram.com\/alldayled\/"],"vatID":"NL863960133B01","taxID":"86416545","hasMerchantReturnPolicy":{"@type":"MerchantReturnPolicy","merchantReturnLink":"https:\/\/www.oudadl.testontwikkeling.nl\/de\/verzenden-retourneren\/"}}]},"product_brand":"MTRS","product_price_amount":"69.00","product_price_currency":"EUR","og_availability":"instock","product_availability":"instock","product_retailer_item_id":"ADL00162","product_condition":"new"},"_links":{"self":[{"href":"https:\/\/www.oudadl.testontwikkeling.nl\/de\/wp-json\/wp\/v2\/product\/6300","targetHints":{"allow":["GET"]}}],"collection":[{"href":"https:\/\/www.oudadl.testontwikkeling.nl\/de\/wp-json\/wp\/v2\/product"}],"about":[{"href":"https:\/\/www.oudadl.testontwikkeling.nl\/de\/wp-json\/wp\/v2\/types\/product"}],"replies":[{"embeddable":true,"href":"https:\/\/www.oudadl.testontwikkeling.nl\/de\/wp-json\/wp\/v2\/comments?post=6300"}],"wp:featuredmedia":[{"embeddable":true,"href":"https:\/\/www.oudadl.testontwikkeling.nl\/de\/wp-json\/wp\/v2\/media\/23177"}],"wp:attachment":[{"href":"https:\/\/www.oudadl.testontwikkeling.nl\/de\/wp-json\/wp\/v2\/media?parent=6300"}],"wp:term":[{"taxonomy":"product_brand","embeddable":true,"href":"https:\/\/www.oudadl.testontwikkeling.nl\/de\/wp-json\/wp\/v2\/product_brand?post=6300"},{"taxonomy":"product_cat","embeddable":true,"href":"https:\/\/www.oudadl.testontwikkeling.nl\/de\/wp-json\/wp\/v2\/product_cat?post=6300"},{"taxonomy":"product_tag","embeddable":true,"href":"https:\/\/www.oudadl.testontwikkeling.nl\/de\/wp-json\/wp\/v2\/product_tag?post=6300"}],"curies":[{"name":"wp","href":"https:\/\/api.w.org\/{rel}","templated":true}]}}