{"id":6295,"date":"2020-03-26T16:24:20","date_gmt":"2020-03-26T14:24:20","guid":{"rendered":"https:\/\/www.oudadl.testontwikkeling.nl\/product\/import-placeholder-for-236420\/"},"modified":"2025-11-26T14:08:01","modified_gmt":"2025-11-26T13:08:01","slug":"ba15s-passend-1-teilig","status":"publish","type":"product","link":"https:\/\/www.oudadl.testontwikkeling.nl\/de\/product\/ba15s-lampfitting-aluminium-1-stuk\/","title":{"rendered":"BA15S Aluminium Lampenfassung"},"content":{"rendered":"<p><strong>BA15S Lampenfassung aus Aluminium f\u00fcr eine R5W- oder R10W-Lampe.\u00a0<\/strong><\/p>\n<p>Mit dieser losen Lampenfassung k\u00f6nnen Sie leicht einen zus\u00e4tzlichen Lichtpunkt erzeugen. Sie k\u00f6nnen diese Aluminiumlampenfassung f\u00fcr eine 12- und 24-Volt-Lampe verwenden. Auf diese Weise k\u00f6nnen Sie diese Armatur f\u00fcr Ihr Auto, Ihren LKW, Ihren Traktor, Ihr Wohnmobil und mehr verwenden. Mit dieser Lampenfassung k\u00f6nnen Sie ganz einfach einen zus\u00e4tzlichen Lichtpunkt beispielsweise in Ihrer Nebelscheinwerfer oder Fernlichteinheit erzeugen. Sie k\u00f6nnen diese Lampenfassung auch f\u00fcr verschiedene andere Zwecke verwenden.<\/p>\n<p>Diese BA15S Lampenfassung besteht aus Aluminium und ist hitzebest\u00e4ndig. Auf diese Weise k\u00f6nnen Sie die Lampenfassung mit einem versehen <em>r5w<\/em> oder <em>r10w<\/em> Halogenlampe (<em>Foto 2<\/em>). Sie k\u00f6nnen diese lose Fassung auch mit einer ba15S LED-Lampe versehen. Wenn Sie nach einer passenden BA15S LED Lampe suchen, sehen Sie sich hier unser umfangreiches Sortiment an <a href=\"https:\/\/www.oudadl.testontwikkeling.nl\/de\/produkt-kategorie\/beleuchtung\/verlichting-24-volt\/bajonet-24-volt\/ba15s-24-volt-led\/\"><em>BA15S LED Lampen<\/em><\/a>. Diese LED-Lampen arbeiten mit 12 und 24 Volt.<\/p>\n<p>Da die Aluminiumlampenfassung aus hochwertigem Material besteht, ist eine lange Lebensdauer garantiert. Diese lose BA15S-Lampenfassung l\u00e4sst sich leicht in dem von Ihnen gebohrten Loch befestigen. Nach der Best\u00e4tigung empfehlen wir, immer etwas Silikondichtmittel darauf zu legen, um sicherzustellen, dass die Lampe wieder 100% wasserdicht ist.<\/p>\n<h5><strong>Vorteilsverpackung:\u00a0<\/strong><\/h5>\n<p>Reichen Ihnen ein oder zwei separate Lampenfassungen nicht aus? Dann wissen Sie, dass diese BA15S Lampenfassung auch in einem Rabattpaket erh\u00e4ltlich ist. Dieses Paket enth\u00e4lt 5 Teile und ist hier zu finden.<\/p>","protected":false},"excerpt":{"rendered":"<p>BA15S lampfitting van aluminium voor een r5w of r10w lamp.\u00a0 Met deze losse lampfitting kunt u eenvoudig een extra lichtpunt cre\u00ebren. U kunt deze aluminium lamp fitting gebruiken voor een 12 en 24 volts lampje. Hierdoor kunt u deze fitting bijvoorbeeld gebruiken voor uw auto, vrachtwagen, tractor, camper en meer. Met deze lampfitting kunt u [&hellip;]<\/p>\n","protected":false},"featured_media":10601,"comment_status":"open","ping_status":"closed","template":"","meta":{"_acf_changed":false,"site-sidebar-layout":"default","site-content-layout":"default","ast-site-content-layout":"default","site-content-style":"default","site-sidebar-style":"default","ast-global-header-display":"","ast-banner-title-visibility":"","ast-main-header-display":"","ast-hfb-above-header-display":"","ast-hfb-below-header-display":"","ast-hfb-mobile-header-display":"","site-post-title":"","ast-breadcrumbs-content":"","ast-featured-img":"","footer-sml-layout":"","ast-disable-related-posts":"","theme-transparent-header-meta":"default","adv-header-id-meta":"","stick-header-meta":"","header-above-stick-meta":"","header-main-stick-meta":"","header-below-stick-meta":"","astra-migrate-meta-layouts":"default","ast-page-background-enabled":"default","ast-page-background-meta":{"desktop":{"background-color":"","background-image":"","background-repeat":"repeat","background-position":"center center","background-size":"auto","background-attachment":"scroll","background-type":"","background-media":"","overlay-type":"","overlay-color":"","overlay-opacity":"","overlay-gradient":""},"tablet":{"background-color":"","background-image":"","background-repeat":"repeat","background-position":"center center","background-size":"auto","background-attachment":"scroll","background-type":"","background-media":"","overlay-type":"","overlay-color":"","overlay-opacity":"","overlay-gradient":""},"mobile":{"background-color":"","background-image":"","background-repeat":"repeat","background-position":"center center","background-size":"auto","background-attachment":"scroll","background-type":"","background-media":"","overlay-type":"","overlay-color":"","overlay-opacity":"","overlay-gradient":""}},"ast-content-background-meta":{"desktop":{"background-color":"var(--ast-global-color-5)","background-image":"","background-repeat":"repeat","background-position":"center center","background-size":"auto","background-attachment":"scroll","background-type":"","background-media":"","overlay-type":"","overlay-color":"","overlay-opacity":"","overlay-gradient":""},"tablet":{"background-color":"var(--ast-global-color-5)","background-image":"","background-repeat":"repeat","background-position":"center center","background-size":"auto","background-attachment":"scroll","background-type":"","background-media":"","overlay-type":"","overlay-color":"","overlay-opacity":"","overlay-gradient":""},"mobile":{"background-color":"var(--ast-global-color-5)","background-image":"","background-repeat":"repeat","background-position":"center center","background-size":"auto","background-attachment":"scroll","background-type":"","background-media":"","overlay-type":"","overlay-color":"","overlay-opacity":"","overlay-gradient":""}}},"product_brand":[],"product_cat":[384],"product_tag":[],"class_list":{"0":"post-6295","1":"product","2":"type-product","3":"status-publish","4":"has-post-thumbnail","6":"product_cat-fittingen-en-kabels","7":"pa_merkk-product-all-day-led","8":"desktop-align-left","9":"tablet-align-left","10":"mobile-align-left","12":"first","13":"instock","14":"taxable","15":"shipping-taxable","16":"purchasable","17":"product-type-simple"},"acf":[],"yoast_head":"<!-- This site is optimized with the Yoast SEO Premium plugin v25.9 (Yoast SEO v27.6) - https:\/\/yoast.com\/product\/yoast-seo-premium-wordpress\/ -->\n<title>BA15S lampfitting per stuk leverbaar - verlichting voor 12 en 24 Volt<\/title>\n<meta name=\"description\" content=\"BA15S lampfitting - aluminium - voor 12 en 24 volt - R5W, R10W lampfitting - eenvoudige montage - direct leverbaar - ook voor LED\" \/>\n<meta name=\"robots\" content=\"noindex, follow, max-snippet:-1, max-image-preview:large, max-video-preview:-1\" \/>\n<meta property=\"og:locale\" content=\"de_DE\" \/>\n<meta property=\"og:type\" content=\"article\" \/>\n<meta property=\"og:title\" content=\"BA15S aluminium lampfitting\" \/>\n<meta property=\"og:description\" content=\"BA15S lampfitting van aluminium voor een r5w of r10w lamp.\u00a0 Met deze losse lampfitting kunt u eenvoudig een extra lichtpunt cre\u00ebren. U kunt deze aluminium\" \/>\n<meta property=\"og:url\" content=\"https:\/\/www.oudadl.testontwikkeling.nl\/de\/produkt\/ba15s-passend-1-teilig\/\" \/>\n<meta property=\"og:site_name\" content=\"All Day Led\" \/>\n<meta property=\"article:publisher\" content=\"https:\/\/www.facebook.com\/alldayled\/\" \/>\n<meta property=\"article:modified_time\" content=\"2025-11-26T13:08:01+00:00\" \/>\n<meta property=\"og:image\" content=\"https:\/\/www.oudadl.testontwikkeling.nl\/wp-content\/uploads\/2020\/03\/ADL02086-ba15s-2.jpg\" \/>\n\t<meta property=\"og:image:width\" content=\"800\" \/>\n\t<meta property=\"og:image:height\" content=\"600\" \/>\n\t<meta property=\"og:image:type\" content=\"image\/jpeg\" \/>\n<meta name=\"twitter:label1\" content=\"Preis\" \/>\n\t<meta name=\"twitter:data1\" content=\"&euro;2,30\" \/>\n\t<meta name=\"twitter:label2\" content=\"Verf\u00fcgbarkeit\" \/>\n\t<meta name=\"twitter:data2\" content=\"Auf Lager\" \/>\n<script type=\"application\/ld+json\" class=\"yoast-schema-graph\">{\"@context\":\"https:\\\/\\\/schema.org\",\"@graph\":[{\"@type\":\"WebPage\",\"@id\":\"https:\\\/\\\/www.oudadl.testontwikkeling.nl\\\/en\\\/product\\\/ba15s-fitting-1-piece\\\/\",\"url\":\"https:\\\/\\\/www.oudadl.testontwikkeling.nl\\\/en\\\/product\\\/ba15s-fitting-1-piece\\\/\",\"name\":\"BA15S lampfitting per stuk leverbaar - verlichting voor 12 en 24 Volt\",\"isPartOf\":{\"@id\":\"https:\\\/\\\/www.oudadl.testontwikkeling.nl\\\/#website\"},\"primaryImageOfPage\":{\"@id\":\"https:\\\/\\\/www.oudadl.testontwikkeling.nl\\\/en\\\/product\\\/ba15s-fitting-1-piece\\\/#primaryimage\"},\"image\":{\"@id\":\"https:\\\/\\\/www.oudadl.testontwikkeling.nl\\\/en\\\/product\\\/ba15s-fitting-1-piece\\\/#primaryimage\"},\"thumbnailUrl\":\"https:\\\/\\\/www.oudadl.testontwikkeling.nl\\\/wp-content\\\/uploads\\\/2020\\\/03\\\/ADL02086-ba15s-2.jpg\",\"datePublished\":\"2020-03-26T14:24:20+00:00\",\"dateModified\":\"2025-11-26T13:08:01+00:00\",\"description\":\"BA15S lampfitting - aluminium - voor 12 en 24 volt - R5W, R10W lampfitting - eenvoudige montage - direct leverbaar - ook voor LED\",\"breadcrumb\":{\"@id\":\"https:\\\/\\\/www.oudadl.testontwikkeling.nl\\\/en\\\/product\\\/ba15s-fitting-1-piece\\\/#breadcrumb\"},\"inLanguage\":\"de\",\"potentialAction\":[{\"@type\":\"ReadAction\",\"target\":[\"https:\\\/\\\/www.oudadl.testontwikkeling.nl\\\/en\\\/product\\\/ba15s-fitting-1-piece\\\/\"]}]},{\"@type\":\"ImageObject\",\"inLanguage\":\"de\",\"@id\":\"https:\\\/\\\/www.oudadl.testontwikkeling.nl\\\/en\\\/product\\\/ba15s-fitting-1-piece\\\/#primaryimage\",\"url\":\"https:\\\/\\\/www.oudadl.testontwikkeling.nl\\\/wp-content\\\/uploads\\\/2020\\\/03\\\/ADL02086-ba15s-2.jpg\",\"contentUrl\":\"https:\\\/\\\/www.oudadl.testontwikkeling.nl\\\/wp-content\\\/uploads\\\/2020\\\/03\\\/ADL02086-ba15s-2.jpg\",\"width\":800,\"height\":600,\"caption\":\"BA15S aluminium lampfitting per stuk - voor 12 en 24 volt gebruik\"},{\"@type\":\"BreadcrumbList\",\"@id\":\"https:\\\/\\\/www.oudadl.testontwikkeling.nl\\\/en\\\/product\\\/ba15s-fitting-1-piece\\\/#breadcrumb\",\"itemListElement\":[{\"@type\":\"ListItem\",\"position\":1,\"name\":\"Home\",\"item\":\"https:\\\/\\\/www.oudadl.testontwikkeling.nl\\\/\"},{\"@type\":\"ListItem\",\"position\":2,\"name\":\"Shop\",\"item\":\"https:\\\/\\\/www.oudadl.testontwikkeling.nl\\\/de\\\/shop\\\/\"},{\"@type\":\"ListItem\",\"position\":3,\"name\":\"Overige\",\"item\":\"https:\\\/\\\/www.oudadl.testontwikkeling.nl\\\/product-categorie\\\/overige-producten\\\/\"},{\"@type\":\"ListItem\",\"position\":4,\"name\":\"Fittingen en kabels\",\"item\":\"https:\\\/\\\/www.oudadl.testontwikkeling.nl\\\/product-categorie\\\/overige-producten\\\/fittingen-en-kabels\\\/\"},{\"@type\":\"ListItem\",\"position\":5,\"name\":\"BA15S aluminium lampfitting\"}]},{\"@type\":\"WebSite\",\"@id\":\"https:\\\/\\\/www.oudadl.testontwikkeling.nl\\\/#website\",\"url\":\"https:\\\/\\\/www.oudadl.testontwikkeling.nl\\\/\",\"name\":\"All Day Led\",\"description\":\"\",\"publisher\":{\"@id\":\"https:\\\/\\\/www.oudadl.testontwikkeling.nl\\\/#organization\"},\"potentialAction\":[{\"@type\":\"SearchAction\",\"target\":{\"@type\":\"EntryPoint\",\"urlTemplate\":\"https:\\\/\\\/www.oudadl.testontwikkeling.nl\\\/?s={search_term_string}\"},\"query-input\":{\"@type\":\"PropertyValueSpecification\",\"valueRequired\":true,\"valueName\":\"search_term_string\"}}],\"inLanguage\":\"de\"},{\"@type\":\"Organization\",\"@id\":\"https:\\\/\\\/www.oudadl.testontwikkeling.nl\\\/#organization\",\"name\":\"All Day Led\",\"url\":\"https:\\\/\\\/www.oudadl.testontwikkeling.nl\\\/\",\"logo\":{\"@type\":\"ImageObject\",\"inLanguage\":\"de\",\"@id\":\"https:\\\/\\\/www.oudadl.testontwikkeling.nl\\\/#\\\/schema\\\/logo\\\/image\\\/\",\"url\":\"https:\\\/\\\/www.oudadl.testontwikkeling.nl\\\/wp-content\\\/uploads\\\/2022\\\/08\\\/Logo-ALL-DAY-LED-800x800-zwart-witte-letters.png\",\"contentUrl\":\"https:\\\/\\\/www.oudadl.testontwikkeling.nl\\\/wp-content\\\/uploads\\\/2022\\\/08\\\/Logo-ALL-DAY-LED-800x800-zwart-witte-letters.png\",\"width\":800,\"height\":800,\"caption\":\"All Day Led\"},\"image\":{\"@id\":\"https:\\\/\\\/www.oudadl.testontwikkeling.nl\\\/#\\\/schema\\\/logo\\\/image\\\/\"},\"sameAs\":[\"https:\\\/\\\/www.facebook.com\\\/alldayled\\\/\",\"https:\\\/\\\/www.instagram.com\\\/alldayled\\\/\"],\"vatID\":\"NL863960133B01\",\"taxID\":\"86416545\",\"hasMerchantReturnPolicy\":{\"@type\":\"MerchantReturnPolicy\",\"merchantReturnLink\":\"https:\\\/\\\/www.oudadl.testontwikkeling.nl\\\/de\\\/verzenden-retourneren\\\/\"}}]}<\/script>\n<meta property=\"product:brand\" content=\"All Day Led\" \/>\n<meta property=\"product:price:amount\" content=\"2.30\" \/>\n<meta property=\"product:price:currency\" content=\"EUR\" \/>\n<meta property=\"og:availability\" content=\"instock\" \/>\n<meta property=\"product:availability\" content=\"instock\" \/>\n<meta property=\"product:retailer_item_id\" content=\"ADL00199\" \/>\n<meta property=\"product:condition\" content=\"new\" \/>\n<!-- \/ Yoast SEO Premium plugin. -->","yoast_head_json":{"title":"BA15S Lampenfassung pro St\u00fcck erh\u00e4ltlich - Beleuchtung f\u00fcr 12 und 24 Volt","description":"BA15S Lampenfassung - Aluminium - f\u00fcr 12 und 24 Volt - R5W, R10W Lampenfassung - einfache Installation - sofort verf\u00fcgbar - auch f\u00fcr LED","robots":{"index":"noindex","follow":"follow","max-snippet":"max-snippet:-1","max-image-preview":"max-image-preview:large","max-video-preview":"max-video-preview:-1"},"og_locale":"de_DE","og_type":"article","og_title":"BA15S aluminium lampfitting","og_description":"BA15S lampfitting van aluminium voor een r5w of r10w lamp.\u00a0 Met deze losse lampfitting kunt u eenvoudig een extra lichtpunt cre\u00ebren. U kunt deze aluminium","og_url":"https:\/\/www.oudadl.testontwikkeling.nl\/de\/produkt\/ba15s-passend-1-teilig\/","og_site_name":"All Day Led","article_publisher":"https:\/\/www.facebook.com\/alldayled\/","article_modified_time":"2025-11-26T13:08:01+00:00","og_image":[{"width":800,"height":600,"url":"https:\/\/www.oudadl.testontwikkeling.nl\/wp-content\/uploads\/2020\/03\/ADL02086-ba15s-2.jpg","type":"image\/jpeg"}],"twitter_misc":{"Preis":"&euro;2,30","Verf\u00fcgbarkeit":"Auf Lager"},"schema":{"@context":"https:\/\/schema.org","@graph":[{"@type":"WebPage","@id":"https:\/\/www.oudadl.testontwikkeling.nl\/en\/product\/ba15s-fitting-1-piece\/","url":"https:\/\/www.oudadl.testontwikkeling.nl\/en\/product\/ba15s-fitting-1-piece\/","name":"BA15S Lampenfassung pro St\u00fcck erh\u00e4ltlich - Beleuchtung f\u00fcr 12 und 24 Volt","isPartOf":{"@id":"https:\/\/www.oudadl.testontwikkeling.nl\/#website"},"primaryImageOfPage":{"@id":"https:\/\/www.oudadl.testontwikkeling.nl\/en\/product\/ba15s-fitting-1-piece\/#primaryimage"},"image":{"@id":"https:\/\/www.oudadl.testontwikkeling.nl\/en\/product\/ba15s-fitting-1-piece\/#primaryimage"},"thumbnailUrl":"https:\/\/www.oudadl.testontwikkeling.nl\/wp-content\/uploads\/2020\/03\/ADL02086-ba15s-2.jpg","datePublished":"2020-03-26T14:24:20+00:00","dateModified":"2025-11-26T13:08:01+00:00","description":"BA15S Lampenfassung - Aluminium - f\u00fcr 12 und 24 Volt - R5W, R10W Lampenfassung - einfache Installation - sofort verf\u00fcgbar - auch f\u00fcr LED","breadcrumb":{"@id":"https:\/\/www.oudadl.testontwikkeling.nl\/en\/product\/ba15s-fitting-1-piece\/#breadcrumb"},"inLanguage":"de","potentialAction":[{"@type":"ReadAction","target":["https:\/\/www.oudadl.testontwikkeling.nl\/en\/product\/ba15s-fitting-1-piece\/"]}]},{"@type":"ImageObject","inLanguage":"de","@id":"https:\/\/www.oudadl.testontwikkeling.nl\/en\/product\/ba15s-fitting-1-piece\/#primaryimage","url":"https:\/\/www.oudadl.testontwikkeling.nl\/wp-content\/uploads\/2020\/03\/ADL02086-ba15s-2.jpg","contentUrl":"https:\/\/www.oudadl.testontwikkeling.nl\/wp-content\/uploads\/2020\/03\/ADL02086-ba15s-2.jpg","width":800,"height":600,"caption":"BA15S aluminium lampfitting per stuk - voor 12 en 24 volt gebruik"},{"@type":"BreadcrumbList","@id":"https:\/\/www.oudadl.testontwikkeling.nl\/en\/product\/ba15s-fitting-1-piece\/#breadcrumb","itemListElement":[{"@type":"ListItem","position":1,"name":"Home","item":"https:\/\/www.oudadl.testontwikkeling.nl\/"},{"@type":"ListItem","position":2,"name":"Shop","item":"https:\/\/www.oudadl.testontwikkeling.nl\/de\/shop\/"},{"@type":"ListItem","position":3,"name":"Overige","item":"https:\/\/www.oudadl.testontwikkeling.nl\/product-categorie\/overige-producten\/"},{"@type":"ListItem","position":4,"name":"Fittingen en kabels","item":"https:\/\/www.oudadl.testontwikkeling.nl\/product-categorie\/overige-producten\/fittingen-en-kabels\/"},{"@type":"ListItem","position":5,"name":"BA15S aluminium lampfitting"}]},{"@type":"WebSite","@id":"https:\/\/www.oudadl.testontwikkeling.nl\/#website","url":"https:\/\/www.oudadl.testontwikkeling.nl\/","name":"All Day Led","description":"","publisher":{"@id":"https:\/\/www.oudadl.testontwikkeling.nl\/#organization"},"potentialAction":[{"@type":"SearchAction","target":{"@type":"EntryPoint","urlTemplate":"https:\/\/www.oudadl.testontwikkeling.nl\/?s={search_term_string}"},"query-input":{"@type":"PropertyValueSpecification","valueRequired":true,"valueName":"search_term_string"}}],"inLanguage":"de"},{"@type":"Organization","@id":"https:\/\/www.oudadl.testontwikkeling.nl\/#organization","name":"All Day Led","url":"https:\/\/www.oudadl.testontwikkeling.nl\/","logo":{"@type":"ImageObject","inLanguage":"de","@id":"https:\/\/www.oudadl.testontwikkeling.nl\/#\/schema\/logo\/image\/","url":"https:\/\/www.oudadl.testontwikkeling.nl\/wp-content\/uploads\/2022\/08\/Logo-ALL-DAY-LED-800x800-zwart-witte-letters.png","contentUrl":"https:\/\/www.oudadl.testontwikkeling.nl\/wp-content\/uploads\/2022\/08\/Logo-ALL-DAY-LED-800x800-zwart-witte-letters.png","width":800,"height":800,"caption":"All Day Led"},"image":{"@id":"https:\/\/www.oudadl.testontwikkeling.nl\/#\/schema\/logo\/image\/"},"sameAs":["https:\/\/www.facebook.com\/alldayled\/","https:\/\/www.instagram.com\/alldayled\/"],"vatID":"NL863960133B01","taxID":"86416545","hasMerchantReturnPolicy":{"@type":"MerchantReturnPolicy","merchantReturnLink":"https:\/\/www.oudadl.testontwikkeling.nl\/de\/verzenden-retourneren\/"}}]},"product_brand":"All Day Led","product_price_amount":"2.30","product_price_currency":"EUR","og_availability":"instock","product_availability":"instock","product_retailer_item_id":"ADL00199","product_condition":"new"},"_links":{"self":[{"href":"https:\/\/www.oudadl.testontwikkeling.nl\/de\/wp-json\/wp\/v2\/product\/6295","targetHints":{"allow":["GET"]}}],"collection":[{"href":"https:\/\/www.oudadl.testontwikkeling.nl\/de\/wp-json\/wp\/v2\/product"}],"about":[{"href":"https:\/\/www.oudadl.testontwikkeling.nl\/de\/wp-json\/wp\/v2\/types\/product"}],"replies":[{"embeddable":true,"href":"https:\/\/www.oudadl.testontwikkeling.nl\/de\/wp-json\/wp\/v2\/comments?post=6295"}],"wp:featuredmedia":[{"embeddable":true,"href":"https:\/\/www.oudadl.testontwikkeling.nl\/de\/wp-json\/wp\/v2\/media\/10601"}],"wp:attachment":[{"href":"https:\/\/www.oudadl.testontwikkeling.nl\/de\/wp-json\/wp\/v2\/media?parent=6295"}],"wp:term":[{"taxonomy":"product_brand","embeddable":true,"href":"https:\/\/www.oudadl.testontwikkeling.nl\/de\/wp-json\/wp\/v2\/product_brand?post=6295"},{"taxonomy":"product_cat","embeddable":true,"href":"https:\/\/www.oudadl.testontwikkeling.nl\/de\/wp-json\/wp\/v2\/product_cat?post=6295"},{"taxonomy":"product_tag","embeddable":true,"href":"https:\/\/www.oudadl.testontwikkeling.nl\/de\/wp-json\/wp\/v2\/product_tag?post=6295"}],"curies":[{"name":"wp","href":"https:\/\/api.w.org\/{rel}","templated":true}]}}