{"id":6274,"date":"2020-05-01T04:58:17","date_gmt":"2020-05-01T03:58:17","guid":{"rendered":"https:\/\/www.oudadl.testontwikkeling.nl\/product\/import-placeholder-for-236387\/"},"modified":"2025-10-20T11:18:57","modified_gmt":"2025-10-20T09:18:57","slug":"poppy-led-ring-weis-12-24-volt","status":"publish","type":"product","link":"https:\/\/www.oudadl.testontwikkeling.nl\/de\/product\/poppy-led-ring-wit-12-24volt\/","title":{"rendered":"Poppy LED Ring - wei\u00df"},"content":{"rendered":"<p><span style=\"color: #000000\"><strong>Poppy LED Ring wei\u00df, geeignet f\u00fcr 12 und 24 Volt Einsatz.\u00a0<\/strong><\/span><\/p>\n<p><span style=\"color: #000000\">Suchen Sie eine LED Lampe, die Sie unter Ihrem Poppy Grace Mate Lufterfrischer platzieren k\u00f6nnen? Dann ist dieser LED Ring wei\u00df der Marke Poppy Grace Mate vielleicht die LED Lampe die Sie suchen. Die LED Lampe ist mit 5 LED best\u00fcckt. Die 5 LED sorgen daf\u00fcr, dass der gesamte Glas-Lufterfrischer in Farbe leuchtet. Die Lampe LED kann mit 12 und 24 Volt betrieben werden. Dies bedeutet, dass Sie diesen LED-Ring beispielsweise im Auto, LKW, Wohnmobil, Anh\u00e4nger oder anderen Fahrzeugtyp verwenden k\u00f6nnen.<\/span><\/p>\n<p><span style=\"color: #000000\">Um sicherzustellen, dass der Poppy LED Ring wei\u00df f\u00fcr Ihr Fahrzeug oder Ihren Anh\u00e4nger geeignet ist, haben wir unten eine Reihe von Spezifikationen geschrieben. All dies, um Ihnen zu verdeutlichen, warum dies m\u00f6glicherweise die LED-Lampe ist, die Sie suchen. Der LED Ring ist unter anderem mit dem ECE R10 G\u00fctezeichen versehen. Dieses G\u00fctezeichen bedeutet, dass die Leuchte beim Einschalten keine St\u00f6rungen verursacht, beispielsweise auf Ihrem Funksignal. Diese wei\u00dfe LED-Lampe ist au\u00dferdem mit einem 1 Meter langen Kabel mit einem Feuerzeugstecker am Ende ausgestattet. Dadurch k\u00f6nnen Sie die Lampe ganz einfach in Ihrem Fahrzeug oder Wohnwagen anschlie\u00dfen. Um das Ganze abzurunden, ist der Poppy LED Ring wei\u00df mit 3M Klebeband. So k\u00f6nnen Sie den LED-Ring einfach am Glas-Lufterfrischer befestigen, damit er nicht einfach umfallen kann. <\/span><\/p>\n<h5><span style=\"color: #000000\"><strong>Andere Farben:<\/strong><\/span><\/h5>\n<p><span style=\"color: #000000\">Ist der Poppy LED Ring wei\u00df nicht die Farbe, die Sie suchen? Dann wissen Sie, dass der LED-Ring auch in folgenden Farben erh\u00e4ltlich ist:<\/span><\/p>\n<ul>\n<li><span style=\"color: #000000\"><strong>Poppy LED Ring - blau<\/strong><\/span><\/li>\n<li><span style=\"color: #000000\"><strong><a style=\"color: #000000\" href=\"https:\/\/www.oudadl.testontwikkeling.nl\/de\/produkt\/poppy-led-ring-grun-12-24volt\/\">Poppy LED Ring - gr\u00fcn<\/a><\/strong><\/span><\/li>\n<li><span style=\"color: #000000\"><a style=\"color: #000000\" href=\"https:\/\/www.oudadl.testontwikkeling.nl\/de\/produkt\/poppy-led-ring-red-12-24volt\/\"><strong>Poppy LED Ring - rot<\/strong><\/a><\/span><\/li>\n<li><span style=\"color: #000000\"><a style=\"color: #000000\" href=\"https:\/\/www.oudadl.testontwikkeling.nl\/de\/produkt\/poppy-led-ring-rgb-12-24volt\/\"><strong>Poppy LED-Ring - RGB<\/strong><\/a><\/span><\/li>\n<\/ul>\n<p><span style=\"color: #000000\">Sind Sie der Meinung, dass die LED Lampe nicht das ist, was Sie suchen? Einfach weil die Farbe oder Form nicht Ihren Vorstellungen entspricht? Schaut unbedingt auf unserer Seite vorbei <a style=\"color: #000000\" href=\"https:\/\/www.oudadl.testontwikkeling.nl\/de\/produkt-kategorie\/andere-produkte\/poppy-luchtverfrisser\/\"><strong>Poppy Lufterfrischer<\/strong><\/a>. Hier finden Sie m\u00f6glicherweise den Duft oder die LED-Lampe, die Sie suchen.<\/span><\/p>","protected":false},"excerpt":{"rendered":"<p>Poppy LED ring wit, geschikt voor 12 en 24 volt gebruik.\u00a0 Bent u opzoek naar een LED lamp die u onder uw Poppy Grace Mate luchtverfrisser kunt plaatsen? Dan is deze LED ring wit van het merk Poppy Grace Mate wellicht d\u00e9 LED lamp waarnaar u opzoek bent. De LED lamp is voorzien van 5 [&hellip;]<\/p>\n","protected":false},"featured_media":10637,"comment_status":"open","ping_status":"closed","template":"","meta":{"_acf_changed":false,"site-sidebar-layout":"default","site-content-layout":"default","ast-site-content-layout":"default","site-content-style":"default","site-sidebar-style":"default","ast-global-header-display":"","ast-banner-title-visibility":"","ast-main-header-display":"","ast-hfb-above-header-display":"","ast-hfb-below-header-display":"","ast-hfb-mobile-header-display":"","site-post-title":"","ast-breadcrumbs-content":"","ast-featured-img":"","footer-sml-layout":"","ast-disable-related-posts":"","theme-transparent-header-meta":"default","adv-header-id-meta":"","stick-header-meta":"","header-above-stick-meta":"","header-main-stick-meta":"","header-below-stick-meta":"","astra-migrate-meta-layouts":"set","ast-page-background-enabled":"default","ast-page-background-meta":{"desktop":{"background-color":"","background-image":"","background-repeat":"repeat","background-position":"center center","background-size":"auto","background-attachment":"scroll","background-type":"","background-media":"","overlay-type":"","overlay-color":"","overlay-opacity":"","overlay-gradient":""},"tablet":{"background-color":"","background-image":"","background-repeat":"repeat","background-position":"center center","background-size":"auto","background-attachment":"scroll","background-type":"","background-media":"","overlay-type":"","overlay-color":"","overlay-opacity":"","overlay-gradient":""},"mobile":{"background-color":"","background-image":"","background-repeat":"repeat","background-position":"center center","background-size":"auto","background-attachment":"scroll","background-type":"","background-media":"","overlay-type":"","overlay-color":"","overlay-opacity":"","overlay-gradient":""}},"ast-content-background-meta":{"desktop":{"background-color":"var(--ast-global-color-5)","background-image":"","background-repeat":"repeat","background-position":"center center","background-size":"auto","background-attachment":"scroll","background-type":"","background-media":"","overlay-type":"","overlay-color":"","overlay-opacity":"","overlay-gradient":""},"tablet":{"background-color":"var(--ast-global-color-5)","background-image":"","background-repeat":"repeat","background-position":"center center","background-size":"auto","background-attachment":"scroll","background-type":"","background-media":"","overlay-type":"","overlay-color":"","overlay-opacity":"","overlay-gradient":""},"mobile":{"background-color":"var(--ast-global-color-5)","background-image":"","background-repeat":"repeat","background-position":"center center","background-size":"auto","background-attachment":"scroll","background-type":"","background-media":"","overlay-type":"","overlay-color":"","overlay-opacity":"","overlay-gradient":""}}},"product_brand":[],"product_cat":[347],"product_tag":[3071,3070],"class_list":{"0":"post-6274","1":"product","2":"type-product","3":"status-publish","4":"has-post-thumbnail","6":"product_cat-poppy-luchtverfrisser","7":"product_tag-poppy-led-ring","8":"product_tag-poppy-led-verlichting","9":"pa_merkk-poppy-grace-mate","10":"desktop-align-left","11":"tablet-align-left","12":"mobile-align-left","14":"first","15":"instock","16":"taxable","17":"shipping-taxable","18":"purchasable","19":"product-type-simple"},"acf":[],"yoast_head":"<!-- This site is optimized with the Yoast SEO Premium plugin v25.9 (Yoast SEO v27.6) - https:\/\/yoast.com\/product\/yoast-seo-premium-wordpress\/ -->\n<title>Poppy LED ring WIT - aanstekerplug - All Day Led - 12&amp;24V<\/title>\n<meta name=\"description\" content=\"Poppy LED ring WIT - Original Poppy Grace mate\u00ae - voor Poppy Grace Mate luchtverfrisser - voor 12&amp;24 volt - met aanstekerplug\" \/>\n<meta name=\"robots\" content=\"noindex, follow, max-snippet:-1, max-image-preview:large, max-video-preview:-1\" \/>\n<meta property=\"og:locale\" content=\"de_DE\" \/>\n<meta property=\"og:type\" content=\"article\" \/>\n<meta property=\"og:title\" content=\"Poppy LED ring WIT - aanstekerplug - All Day Led - 12&amp;24V\" \/>\n<meta property=\"og:description\" content=\"Poppy LED ring WIT - Original Poppy Grace mate\u00ae - voor Poppy Grace Mate luchtverfrisser - voor 12&amp;24 volt - met aanstekerplug\" \/>\n<meta property=\"og:url\" content=\"https:\/\/www.oudadl.testontwikkeling.nl\/de\/produkt\/poppy-led-ring-weis-12-24-volt\/\" \/>\n<meta property=\"og:site_name\" content=\"All Day Led\" \/>\n<meta property=\"article:publisher\" content=\"https:\/\/www.facebook.com\/alldayled\/\" \/>\n<meta property=\"article:modified_time\" content=\"2025-10-20T09:18:57+00:00\" \/>\n<meta property=\"og:image\" content=\"https:\/\/www.oudadl.testontwikkeling.nl\/wp-content\/uploads\/2020\/03\/ADL07004-W.jpg\" \/>\n\t<meta property=\"og:image:width\" content=\"800\" \/>\n\t<meta property=\"og:image:height\" content=\"600\" \/>\n\t<meta property=\"og:image:type\" content=\"image\/jpeg\" \/>\n<meta name=\"twitter:label1\" content=\"Preis\" \/>\n\t<meta name=\"twitter:data1\" content=\"&euro;11,95\" \/>\n\t<meta name=\"twitter:label2\" content=\"Verf\u00fcgbarkeit\" \/>\n\t<meta name=\"twitter:data2\" content=\"Auf Lager\" \/>\n<script type=\"application\/ld+json\" class=\"yoast-schema-graph\">{\"@context\":\"https:\\\/\\\/schema.org\",\"@graph\":[{\"@type\":\"WebPage\",\"@id\":\"https:\\\/\\\/www.oudadl.testontwikkeling.nl\\\/nl\\\/product\\\/poppy-led-ring-wit-12-24volt\\\/\",\"url\":\"https:\\\/\\\/www.oudadl.testontwikkeling.nl\\\/nl\\\/product\\\/poppy-led-ring-wit-12-24volt\\\/\",\"name\":\"Poppy LED ring WIT - aanstekerplug - All Day Led - 12&24V\",\"isPartOf\":{\"@id\":\"https:\\\/\\\/www.oudadl.testontwikkeling.nl\\\/#website\"},\"primaryImageOfPage\":{\"@id\":\"https:\\\/\\\/www.oudadl.testontwikkeling.nl\\\/nl\\\/product\\\/poppy-led-ring-wit-12-24volt\\\/#primaryimage\"},\"image\":{\"@id\":\"https:\\\/\\\/www.oudadl.testontwikkeling.nl\\\/nl\\\/product\\\/poppy-led-ring-wit-12-24volt\\\/#primaryimage\"},\"thumbnailUrl\":\"https:\\\/\\\/www.oudadl.testontwikkeling.nl\\\/wp-content\\\/uploads\\\/2020\\\/03\\\/ADL07004-W.jpg\",\"datePublished\":\"2020-05-01T03:58:17+00:00\",\"dateModified\":\"2025-10-20T09:18:57+00:00\",\"description\":\"Poppy LED ring WIT - Original Poppy Grace mate\u00ae - voor Poppy Grace Mate luchtverfrisser - voor 12&24 volt - met aanstekerplug\",\"breadcrumb\":{\"@id\":\"https:\\\/\\\/www.oudadl.testontwikkeling.nl\\\/nl\\\/product\\\/poppy-led-ring-wit-12-24volt\\\/#breadcrumb\"},\"inLanguage\":\"de\",\"potentialAction\":[{\"@type\":\"ReadAction\",\"target\":[\"https:\\\/\\\/www.oudadl.testontwikkeling.nl\\\/nl\\\/product\\\/poppy-led-ring-wit-12-24volt\\\/\"]}]},{\"@type\":\"ImageObject\",\"inLanguage\":\"de\",\"@id\":\"https:\\\/\\\/www.oudadl.testontwikkeling.nl\\\/nl\\\/product\\\/poppy-led-ring-wit-12-24volt\\\/#primaryimage\",\"url\":\"https:\\\/\\\/www.oudadl.testontwikkeling.nl\\\/wp-content\\\/uploads\\\/2020\\\/03\\\/ADL07004-W.jpg\",\"contentUrl\":\"https:\\\/\\\/www.oudadl.testontwikkeling.nl\\\/wp-content\\\/uploads\\\/2020\\\/03\\\/ADL07004-W.jpg\",\"width\":800,\"height\":600,\"caption\":\"Poppy Grace Mate LED ring WIT voor 12 volt en 24 volt EAN: 7111309548520\"},{\"@type\":\"BreadcrumbList\",\"@id\":\"https:\\\/\\\/www.oudadl.testontwikkeling.nl\\\/nl\\\/product\\\/poppy-led-ring-wit-12-24volt\\\/#breadcrumb\",\"itemListElement\":[{\"@type\":\"ListItem\",\"position\":1,\"name\":\"Home\",\"item\":\"https:\\\/\\\/www.oudadl.testontwikkeling.nl\\\/\"},{\"@type\":\"ListItem\",\"position\":2,\"name\":\"Shop\",\"item\":\"https:\\\/\\\/www.oudadl.testontwikkeling.nl\\\/de\\\/shop\\\/\"},{\"@type\":\"ListItem\",\"position\":3,\"name\":\"Overige\",\"item\":\"https:\\\/\\\/www.oudadl.testontwikkeling.nl\\\/product-categorie\\\/overige-producten\\\/\"},{\"@type\":\"ListItem\",\"position\":4,\"name\":\"Poppy luchtverfrisser\",\"item\":\"https:\\\/\\\/www.oudadl.testontwikkeling.nl\\\/product-categorie\\\/overige-producten\\\/poppy-luchtverfrisser\\\/\"},{\"@type\":\"ListItem\",\"position\":5,\"name\":\"Poppy LED ring &#8211; wit\"}]},{\"@type\":\"WebSite\",\"@id\":\"https:\\\/\\\/www.oudadl.testontwikkeling.nl\\\/#website\",\"url\":\"https:\\\/\\\/www.oudadl.testontwikkeling.nl\\\/\",\"name\":\"All Day Led\",\"description\":\"\",\"publisher\":{\"@id\":\"https:\\\/\\\/www.oudadl.testontwikkeling.nl\\\/#organization\"},\"potentialAction\":[{\"@type\":\"SearchAction\",\"target\":{\"@type\":\"EntryPoint\",\"urlTemplate\":\"https:\\\/\\\/www.oudadl.testontwikkeling.nl\\\/?s={search_term_string}\"},\"query-input\":{\"@type\":\"PropertyValueSpecification\",\"valueRequired\":true,\"valueName\":\"search_term_string\"}}],\"inLanguage\":\"de\"},{\"@type\":\"Organization\",\"@id\":\"https:\\\/\\\/www.oudadl.testontwikkeling.nl\\\/#organization\",\"name\":\"All Day Led\",\"url\":\"https:\\\/\\\/www.oudadl.testontwikkeling.nl\\\/\",\"logo\":{\"@type\":\"ImageObject\",\"inLanguage\":\"de\",\"@id\":\"https:\\\/\\\/www.oudadl.testontwikkeling.nl\\\/#\\\/schema\\\/logo\\\/image\\\/\",\"url\":\"https:\\\/\\\/www.oudadl.testontwikkeling.nl\\\/wp-content\\\/uploads\\\/2022\\\/08\\\/Logo-ALL-DAY-LED-800x800-zwart-witte-letters.png\",\"contentUrl\":\"https:\\\/\\\/www.oudadl.testontwikkeling.nl\\\/wp-content\\\/uploads\\\/2022\\\/08\\\/Logo-ALL-DAY-LED-800x800-zwart-witte-letters.png\",\"width\":800,\"height\":800,\"caption\":\"All Day Led\"},\"image\":{\"@id\":\"https:\\\/\\\/www.oudadl.testontwikkeling.nl\\\/#\\\/schema\\\/logo\\\/image\\\/\"},\"sameAs\":[\"https:\\\/\\\/www.facebook.com\\\/alldayled\\\/\",\"https:\\\/\\\/www.instagram.com\\\/alldayled\\\/\"],\"vatID\":\"NL863960133B01\",\"taxID\":\"86416545\",\"hasMerchantReturnPolicy\":{\"@type\":\"MerchantReturnPolicy\",\"merchantReturnLink\":\"https:\\\/\\\/www.oudadl.testontwikkeling.nl\\\/de\\\/verzenden-retourneren\\\/\"}}]}<\/script>\n<meta property=\"product:brand\" content=\"Poppy Grace Mate\" \/>\n<meta property=\"product:price:amount\" content=\"11.95\" \/>\n<meta property=\"product:price:currency\" content=\"EUR\" \/>\n<meta property=\"og:availability\" content=\"instock\" \/>\n<meta property=\"product:availability\" content=\"instock\" \/>\n<meta property=\"product:retailer_item_id\" content=\"ADL50205\" \/>\n<meta property=\"product:condition\" content=\"new\" \/>\n<!-- \/ Yoast SEO Premium plugin. -->","yoast_head_json":{"title":"Poppy LED Ring WEISS - Feuerzeugstecker - All Day Led - 12&amp;24V","description":"Poppy LED Ring WEISS - Original Poppy Grace Mate\u00ae - f\u00fcr Poppy Grace Mate Lufterfrischer - f\u00fcr 12&amp;24 volt - mit Feuerzeugstecker","robots":{"index":"noindex","follow":"follow","max-snippet":"max-snippet:-1","max-image-preview":"max-image-preview:large","max-video-preview":"max-video-preview:-1"},"og_locale":"de_DE","og_type":"article","og_title":"Poppy LED ring WIT - aanstekerplug - All Day Led - 12&24V","og_description":"Poppy LED ring WIT - Original Poppy Grace mate\u00ae - voor Poppy Grace Mate luchtverfrisser - voor 12&24 volt - met aanstekerplug","og_url":"https:\/\/www.oudadl.testontwikkeling.nl\/de\/produkt\/poppy-led-ring-weis-12-24-volt\/","og_site_name":"All Day Led","article_publisher":"https:\/\/www.facebook.com\/alldayled\/","article_modified_time":"2025-10-20T09:18:57+00:00","og_image":[{"width":800,"height":600,"url":"https:\/\/www.oudadl.testontwikkeling.nl\/wp-content\/uploads\/2020\/03\/ADL07004-W.jpg","type":"image\/jpeg"}],"twitter_misc":{"Preis":"&euro;11,95","Verf\u00fcgbarkeit":"Auf Lager"},"schema":{"@context":"https:\/\/schema.org","@graph":[{"@type":"WebPage","@id":"https:\/\/www.oudadl.testontwikkeling.nl\/nl\/product\/poppy-led-ring-wit-12-24volt\/","url":"https:\/\/www.oudadl.testontwikkeling.nl\/nl\/product\/poppy-led-ring-wit-12-24volt\/","name":"Poppy LED Ring WEISS - Feuerzeugstecker - All Day Led - 12&amp;24V","isPartOf":{"@id":"https:\/\/www.oudadl.testontwikkeling.nl\/#website"},"primaryImageOfPage":{"@id":"https:\/\/www.oudadl.testontwikkeling.nl\/nl\/product\/poppy-led-ring-wit-12-24volt\/#primaryimage"},"image":{"@id":"https:\/\/www.oudadl.testontwikkeling.nl\/nl\/product\/poppy-led-ring-wit-12-24volt\/#primaryimage"},"thumbnailUrl":"https:\/\/www.oudadl.testontwikkeling.nl\/wp-content\/uploads\/2020\/03\/ADL07004-W.jpg","datePublished":"2020-05-01T03:58:17+00:00","dateModified":"2025-10-20T09:18:57+00:00","description":"Poppy LED Ring WEISS - Original Poppy Grace Mate\u00ae - f\u00fcr Poppy Grace Mate Lufterfrischer - f\u00fcr 12&amp;24 volt - mit Feuerzeugstecker","breadcrumb":{"@id":"https:\/\/www.oudadl.testontwikkeling.nl\/nl\/product\/poppy-led-ring-wit-12-24volt\/#breadcrumb"},"inLanguage":"de","potentialAction":[{"@type":"ReadAction","target":["https:\/\/www.oudadl.testontwikkeling.nl\/nl\/product\/poppy-led-ring-wit-12-24volt\/"]}]},{"@type":"ImageObject","inLanguage":"de","@id":"https:\/\/www.oudadl.testontwikkeling.nl\/nl\/product\/poppy-led-ring-wit-12-24volt\/#primaryimage","url":"https:\/\/www.oudadl.testontwikkeling.nl\/wp-content\/uploads\/2020\/03\/ADL07004-W.jpg","contentUrl":"https:\/\/www.oudadl.testontwikkeling.nl\/wp-content\/uploads\/2020\/03\/ADL07004-W.jpg","width":800,"height":600,"caption":"Poppy Grace Mate LED ring WIT voor 12 volt en 24 volt EAN: 7111309548520"},{"@type":"BreadcrumbList","@id":"https:\/\/www.oudadl.testontwikkeling.nl\/nl\/product\/poppy-led-ring-wit-12-24volt\/#breadcrumb","itemListElement":[{"@type":"ListItem","position":1,"name":"Home","item":"https:\/\/www.oudadl.testontwikkeling.nl\/"},{"@type":"ListItem","position":2,"name":"Shop","item":"https:\/\/www.oudadl.testontwikkeling.nl\/de\/shop\/"},{"@type":"ListItem","position":3,"name":"Overige","item":"https:\/\/www.oudadl.testontwikkeling.nl\/product-categorie\/overige-producten\/"},{"@type":"ListItem","position":4,"name":"Poppy luchtverfrisser","item":"https:\/\/www.oudadl.testontwikkeling.nl\/product-categorie\/overige-producten\/poppy-luchtverfrisser\/"},{"@type":"ListItem","position":5,"name":"Poppy LED ring &#8211; wit"}]},{"@type":"WebSite","@id":"https:\/\/www.oudadl.testontwikkeling.nl\/#website","url":"https:\/\/www.oudadl.testontwikkeling.nl\/","name":"All Day Led","description":"","publisher":{"@id":"https:\/\/www.oudadl.testontwikkeling.nl\/#organization"},"potentialAction":[{"@type":"SearchAction","target":{"@type":"EntryPoint","urlTemplate":"https:\/\/www.oudadl.testontwikkeling.nl\/?s={search_term_string}"},"query-input":{"@type":"PropertyValueSpecification","valueRequired":true,"valueName":"search_term_string"}}],"inLanguage":"de"},{"@type":"Organization","@id":"https:\/\/www.oudadl.testontwikkeling.nl\/#organization","name":"All Day Led","url":"https:\/\/www.oudadl.testontwikkeling.nl\/","logo":{"@type":"ImageObject","inLanguage":"de","@id":"https:\/\/www.oudadl.testontwikkeling.nl\/#\/schema\/logo\/image\/","url":"https:\/\/www.oudadl.testontwikkeling.nl\/wp-content\/uploads\/2022\/08\/Logo-ALL-DAY-LED-800x800-zwart-witte-letters.png","contentUrl":"https:\/\/www.oudadl.testontwikkeling.nl\/wp-content\/uploads\/2022\/08\/Logo-ALL-DAY-LED-800x800-zwart-witte-letters.png","width":800,"height":800,"caption":"All Day Led"},"image":{"@id":"https:\/\/www.oudadl.testontwikkeling.nl\/#\/schema\/logo\/image\/"},"sameAs":["https:\/\/www.facebook.com\/alldayled\/","https:\/\/www.instagram.com\/alldayled\/"],"vatID":"NL863960133B01","taxID":"86416545","hasMerchantReturnPolicy":{"@type":"MerchantReturnPolicy","merchantReturnLink":"https:\/\/www.oudadl.testontwikkeling.nl\/de\/verzenden-retourneren\/"}}]},"product_brand":"Poppy Grace Mate","product_price_amount":"11.95","product_price_currency":"EUR","og_availability":"instock","product_availability":"instock","product_retailer_item_id":"ADL50205","product_condition":"new"},"_links":{"self":[{"href":"https:\/\/www.oudadl.testontwikkeling.nl\/de\/wp-json\/wp\/v2\/product\/6274","targetHints":{"allow":["GET"]}}],"collection":[{"href":"https:\/\/www.oudadl.testontwikkeling.nl\/de\/wp-json\/wp\/v2\/product"}],"about":[{"href":"https:\/\/www.oudadl.testontwikkeling.nl\/de\/wp-json\/wp\/v2\/types\/product"}],"replies":[{"embeddable":true,"href":"https:\/\/www.oudadl.testontwikkeling.nl\/de\/wp-json\/wp\/v2\/comments?post=6274"}],"wp:featuredmedia":[{"embeddable":true,"href":"https:\/\/www.oudadl.testontwikkeling.nl\/de\/wp-json\/wp\/v2\/media\/10637"}],"wp:attachment":[{"href":"https:\/\/www.oudadl.testontwikkeling.nl\/de\/wp-json\/wp\/v2\/media?parent=6274"}],"wp:term":[{"taxonomy":"product_brand","embeddable":true,"href":"https:\/\/www.oudadl.testontwikkeling.nl\/de\/wp-json\/wp\/v2\/product_brand?post=6274"},{"taxonomy":"product_cat","embeddable":true,"href":"https:\/\/www.oudadl.testontwikkeling.nl\/de\/wp-json\/wp\/v2\/product_cat?post=6274"},{"taxonomy":"product_tag","embeddable":true,"href":"https:\/\/www.oudadl.testontwikkeling.nl\/de\/wp-json\/wp\/v2\/product_tag?post=6274"}],"curies":[{"name":"wp","href":"https:\/\/api.w.org\/{rel}","templated":true}]}}