{"id":6265,"date":"2020-01-22T15:58:16","date_gmt":"2020-01-22T14:58:16","guid":{"rendered":"https:\/\/www.oudadl.testontwikkeling.nl\/product\/import-placeholder-for-236350\/"},"modified":"2025-11-19T22:02:58","modified_gmt":"2025-11-19T21:02:58","slug":"ultradunn-6-led-blitzrot","status":"publish","type":"product","link":"https:\/\/www.oudadl.testontwikkeling.nl\/de\/product\/ultra-dunne-6-led-flitser-rood\/","title":{"rendered":"Ultrad\u00fcnne 6 LED blitzer rot"},"content":{"rendered":"<p><span style=\"color: #000000\"><strong>Axixtech ultrad\u00fcnne 6 LED Blitzer rot, geeignet f\u00fcr 12 &amp; 24 Volt.\u00a0<\/strong><\/span><\/p>\n<p><span style=\"color: #000000\">Suchen Sie einen ultrad\u00fcnnen LED Blitzer, der in der Farbe Rot leuchtet? Dann k\u00f6nnte diese LED Lampe von Axixtech die Lampe sein, die Sie suchen. Dies ist ein LED-Blitzer, der tut, was von ihm erwartet wird. Die LED Lampe ist mit 6 LED best\u00fcckt. Mit den 6 LED's k\u00f6nnen Sie sicher sein, dass Sie mit geringem Stromverbrauch gut ausgeleuchtet unterwegs sind. So sind Sie sowohl tags\u00fcber als auch abends gut sichtbar. Der LED Blitz mit 6 LEDs der Marke Axixtech kann an 12 und 24 Volt verwendet werden. Dies bedeutet, dass Sie diesen LED-Blitzer zum Beispiel an Ihrem Auto, LKW, Anh\u00e4nger oder einem anderen Fahrzeugtyp verwenden k\u00f6nnen.\u00a0<\/span><\/p>\n<p><span style=\"color: #000000\">Damit der 6 LED flash red der Marke Axixtech f\u00fcr Ihr Fahrzeug oder Ihren Anh\u00e4nger geeignet ist, haben wir nachfolgend einige Spezifikationen verfasst. All dies, um Ihnen zu verdeutlichen, warum dies m\u00f6glicherweise die LED-Lampe ist, die Sie suchen. Diese LED Warnleuchte ist unter anderem mit dem ECE R10 G\u00fctezeichen versehen. Das G\u00fctezeichen ECE R10 bedeutet, dass die Leuchte beim Einschalten keine St\u00f6rungen verursacht, beispielsweise auf Ihrem Funksignal. Auch der rote Blitz 6 LED tr\u00e4gt das G\u00fctezeichen ECE R65. Dieses G\u00fctezeichen weist darauf hin, dass die Lampe LED als Warnlampe verwendet werden darf. Kurz gesagt, dies ist ein perfekter LED-Blitz f\u00fcr Ihren LKW oder Anh\u00e4nger!\u00a0<\/span><\/p>\n<h5><span style=\"color: #000000\"><strong>Abmessungen:<\/strong><\/span><\/h5>\n<p><span style=\"color: #000000\">Damit Sie den LED Blitzer \u00fcberall montieren k\u00f6nnen, haben wir unten die Ma\u00dfe notiert. Die Abmessungen des ultrad\u00fcnnen 6 LED Blitzer rot der Marke Axixtech sind wie folgt:<\/span><\/p>\n<ul>\n<li><span style=\"color: #000000\">L\u00e4nge: 130mm<\/span><\/li>\n<li><span style=\"color: #000000\">H\u00f6he: 30 mm<br \/>\n<\/span><\/li>\n<li><span style=\"color: #000000\">Dicke: 7 mm<\/span><\/li>\n<\/ul>\n<h5><span style=\"color: #000000\"><strong>Andere Versionen:\u00a0<\/strong><\/span><\/h5>\n<p><span style=\"color: #000000\">Sie m\u00f6chten einen flachen LED Blitz erwerben, aber die Version mit roten LED's ist nicht das was Sie suchen? Dann wissen Sie, dass der flache LED Blitzer der Marke Axixtech auch in folgenden Ausf\u00fchrungen erh\u00e4ltlich ist:\u00a0<\/span><\/p>\n<ul>\n<li><span style=\"color: #000000\"><a style=\"color: #000000\" href=\"https:\/\/www.oudadl.testontwikkeling.nl\/de\/produkt\/ultradunne-6-led-blitz-orange\/\"><strong>Ultrad\u00fcnne 6 LED blitzer orange<\/strong><\/a><\/span><\/li>\n<li><span style=\"color: #000000\"><strong><a style=\"color: #000000\" href=\"https:\/\/www.oudadl.testontwikkeling.nl\/de\/produkt\/ultradunnes-6-led-blitzweis\/\">Ultrad\u00fcnne 6 LED blitzer wei\u00df\u00a0<\/a><\/strong><\/span><\/li>\n<\/ul>\n<p><span style=\"color: #000000\">Sind Sie der Meinung, dass der ultrad\u00fcnne 6 LED Blitz in Rot nicht das Richtige f\u00fcr Sie ist? Einfach weil die Lichtleistung oder Wattzahl nicht hoch genug oder sogar zu hoch ist? Schaut unbedingt auf unserer Seite vorbei <a style=\"color: #000000\" href=\"https:\/\/www.oudadl.testontwikkeling.nl\/de\/produkt-kategorie\/blitzlichter\/\">Warnleuchten<\/a>. M\u00f6glicherweise finden Sie hier die Lampe Modell LED, die Sie suchen.<\/span><\/p>","protected":false},"excerpt":{"rendered":"<p>Axixtech ultra dunne 6 LED flitser rood, geschikt voor 12 &amp; 24 volt gebruik.\u00a0 Bent u opzoek naar een ultra dunne LED flitser die oplicht in de kleur rood? Dan is deze LED lamp van merk Axixtech wellicht d\u00e9 lamp die u zoekt. Dit is een LED flitser die doet wat ervan word verwacht. De [&hellip;]<\/p>\n","protected":false},"featured_media":21270,"comment_status":"open","ping_status":"closed","template":"","meta":{"_acf_changed":false,"site-sidebar-layout":"default","site-content-layout":"default","ast-site-content-layout":"default","site-content-style":"default","site-sidebar-style":"default","ast-global-header-display":"","ast-banner-title-visibility":"","ast-main-header-display":"","ast-hfb-above-header-display":"","ast-hfb-below-header-display":"","ast-hfb-mobile-header-display":"","site-post-title":"","ast-breadcrumbs-content":"","ast-featured-img":"","footer-sml-layout":"","ast-disable-related-posts":"","theme-transparent-header-meta":"default","adv-header-id-meta":"","stick-header-meta":"","header-above-stick-meta":"","header-main-stick-meta":"","header-below-stick-meta":"","astra-migrate-meta-layouts":"set","ast-page-background-enabled":"default","ast-page-background-meta":{"desktop":{"background-color":"","background-image":"","background-repeat":"repeat","background-position":"center center","background-size":"auto","background-attachment":"scroll","background-type":"","background-media":"","overlay-type":"","overlay-color":"","overlay-opacity":"","overlay-gradient":""},"tablet":{"background-color":"","background-image":"","background-repeat":"repeat","background-position":"center center","background-size":"auto","background-attachment":"scroll","background-type":"","background-media":"","overlay-type":"","overlay-color":"","overlay-opacity":"","overlay-gradient":""},"mobile":{"background-color":"","background-image":"","background-repeat":"repeat","background-position":"center center","background-size":"auto","background-attachment":"scroll","background-type":"","background-media":"","overlay-type":"","overlay-color":"","overlay-opacity":"","overlay-gradient":""}},"ast-content-background-meta":{"desktop":{"background-color":"var(--ast-global-color-5)","background-image":"","background-repeat":"repeat","background-position":"center center","background-size":"auto","background-attachment":"scroll","background-type":"","background-media":"","overlay-type":"","overlay-color":"","overlay-opacity":"","overlay-gradient":""},"tablet":{"background-color":"var(--ast-global-color-5)","background-image":"","background-repeat":"repeat","background-position":"center center","background-size":"auto","background-attachment":"scroll","background-type":"","background-media":"","overlay-type":"","overlay-color":"","overlay-opacity":"","overlay-gradient":""},"mobile":{"background-color":"var(--ast-global-color-5)","background-image":"","background-repeat":"repeat","background-position":"center center","background-size":"auto","background-attachment":"scroll","background-type":"","background-media":"","overlay-type":"","overlay-color":"","overlay-opacity":"","overlay-gradient":""}}},"product_brand":[],"product_cat":[8146],"product_tag":[390,4861,4855,4862,4856,4860,4857,4863,4859,4858],"class_list":{"0":"post-6265","1":"product","2":"type-product","3":"status-publish","4":"has-post-thumbnail","6":"product_cat-flitser","7":"product_tag-led-flitser","8":"product_tag-led-flitser-12-volt","9":"product_tag-led-flitser-12v","10":"product_tag-led-flitser-24-volt","11":"product_tag-led-flitser-24v","12":"product_tag-led-flitser-aanhanger","13":"product_tag-led-flitser-auto","14":"product_tag-led-flitser-rood","15":"product_tag-led-flitster-tractor","16":"product_tag-led-flitser-vrachtwagen","17":"pa_merkk-axixtech","18":"desktop-align-left","19":"tablet-align-left","20":"mobile-align-left","22":"first","23":"instock","24":"taxable","25":"shipping-taxable","26":"purchasable","27":"product-type-simple"},"acf":[],"yoast_head":"<!-- This site is optimized with the Yoast SEO Premium plugin v25.9 (Yoast SEO v27.6) - https:\/\/yoast.com\/product\/yoast-seo-premium-wordpress\/ -->\n<title>6 LED flitser rood - ultra dun - All Day Led - 12&amp;24 Volt<\/title>\n<meta name=\"description\" content=\"6 LED flitser rood - ECE R65 goedkeuring - ultra dunne opbouw - voor 12&amp;24 volt - vrachtwagen, aanhanger, tractor en meer\" \/>\n<meta name=\"robots\" content=\"noindex, follow, max-snippet:-1, max-image-preview:large, max-video-preview:-1\" \/>\n<meta property=\"og:locale\" content=\"de_DE\" \/>\n<meta property=\"og:type\" content=\"article\" \/>\n<meta property=\"og:title\" content=\"6 LED flitser rood - ultra dun - All Day Led - 12&amp;24 Volt\" \/>\n<meta property=\"og:description\" content=\"6 LED flitser rood - ECE R65 goedkeuring - ultra dunne opbouw - voor 12&amp;24 volt - vrachtwagen, aanhanger, tractor en meer\" \/>\n<meta property=\"og:url\" content=\"https:\/\/www.oudadl.testontwikkeling.nl\/de\/produkt\/ultradunn-6-led-blitzrot\/\" \/>\n<meta property=\"og:site_name\" content=\"All Day Led\" \/>\n<meta property=\"article:publisher\" content=\"https:\/\/www.facebook.com\/alldayled\/\" \/>\n<meta property=\"article:modified_time\" content=\"2025-11-19T21:02:58+00:00\" \/>\n<meta property=\"og:image\" content=\"https:\/\/www.oudadl.testontwikkeling.nl\/wp-content\/uploads\/2024\/06\/ADL70166-R.png\" \/>\n\t<meta property=\"og:image:width\" content=\"800\" \/>\n\t<meta property=\"og:image:height\" content=\"800\" \/>\n\t<meta property=\"og:image:type\" content=\"image\/png\" \/>\n<meta name=\"twitter:label1\" content=\"Preis\" \/>\n\t<meta name=\"twitter:data1\" content=\"&euro;55,00\" \/>\n\t<meta name=\"twitter:label2\" content=\"Verf\u00fcgbarkeit\" \/>\n\t<meta name=\"twitter:data2\" content=\"Auf Lager\" \/>\n<script type=\"application\/ld+json\" class=\"yoast-schema-graph\">{\"@context\":\"https:\\\/\\\/schema.org\",\"@graph\":[{\"@type\":\"WebPage\",\"@id\":\"https:\\\/\\\/www.oudadl.testontwikkeling.nl\\\/product\\\/ultra-dunne-6-led-flitser-rood\\\/\",\"url\":\"https:\\\/\\\/www.oudadl.testontwikkeling.nl\\\/product\\\/ultra-dunne-6-led-flitser-rood\\\/\",\"name\":\"6 LED flitser rood - ultra dun - All Day Led - 12&24 Volt\",\"isPartOf\":{\"@id\":\"https:\\\/\\\/www.oudadl.testontwikkeling.nl\\\/#website\"},\"primaryImageOfPage\":{\"@id\":\"https:\\\/\\\/www.oudadl.testontwikkeling.nl\\\/product\\\/ultra-dunne-6-led-flitser-rood\\\/#primaryimage\"},\"image\":{\"@id\":\"https:\\\/\\\/www.oudadl.testontwikkeling.nl\\\/product\\\/ultra-dunne-6-led-flitser-rood\\\/#primaryimage\"},\"thumbnailUrl\":\"https:\\\/\\\/www.oudadl.testontwikkeling.nl\\\/wp-content\\\/uploads\\\/2020\\\/03\\\/ADL70166-R00.png\",\"datePublished\":\"2020-01-22T14:58:16+00:00\",\"dateModified\":\"2025-11-19T21:02:58+00:00\",\"description\":\"6 LED flitser rood - ECE R65 goedkeuring - ultra dunne opbouw - voor 12&24 volt - vrachtwagen, aanhanger, tractor en meer\",\"breadcrumb\":{\"@id\":\"https:\\\/\\\/www.oudadl.testontwikkeling.nl\\\/product\\\/ultra-dunne-6-led-flitser-rood\\\/#breadcrumb\"},\"inLanguage\":\"de\",\"potentialAction\":[{\"@type\":\"ReadAction\",\"target\":[\"https:\\\/\\\/www.oudadl.testontwikkeling.nl\\\/product\\\/ultra-dunne-6-led-flitser-rood\\\/\"]}]},{\"@type\":\"ImageObject\",\"inLanguage\":\"de\",\"@id\":\"https:\\\/\\\/www.oudadl.testontwikkeling.nl\\\/product\\\/ultra-dunne-6-led-flitser-rood\\\/#primaryimage\",\"url\":\"https:\\\/\\\/www.oudadl.testontwikkeling.nl\\\/wp-content\\\/uploads\\\/2020\\\/03\\\/ADL70166-R00.png\",\"contentUrl\":\"https:\\\/\\\/www.oudadl.testontwikkeling.nl\\\/wp-content\\\/uploads\\\/2020\\\/03\\\/ADL70166-R00.png\",\"width\":800,\"height\":600,\"caption\":\"Ultra dunne 6 LED flitser ROOD voor opbouw montage - plat model voor de voorgrille of achterkant van uw auto, vrachtwagen, aanhanger, tractor en meer - te gebruiken voor 12 & 24 volt - EAN: 6090441210292\"},{\"@type\":\"BreadcrumbList\",\"@id\":\"https:\\\/\\\/www.oudadl.testontwikkeling.nl\\\/product\\\/ultra-dunne-6-led-flitser-rood\\\/#breadcrumb\",\"itemListElement\":[{\"@type\":\"ListItem\",\"position\":1,\"name\":\"Home\",\"item\":\"https:\\\/\\\/www.oudadl.testontwikkeling.nl\\\/\"},{\"@type\":\"ListItem\",\"position\":2,\"name\":\"Shop\",\"item\":\"https:\\\/\\\/www.oudadl.testontwikkeling.nl\\\/de\\\/shop\\\/\"},{\"@type\":\"ListItem\",\"position\":3,\"name\":\"Flitsers en zwaailampen\",\"item\":\"https:\\\/\\\/www.oudadl.testontwikkeling.nl\\\/product-categorie\\\/flitsers-zwaailampen\\\/\"},{\"@type\":\"ListItem\",\"position\":4,\"name\":\"Flitser\",\"item\":\"https:\\\/\\\/www.oudadl.testontwikkeling.nl\\\/product-categorie\\\/flitsers-zwaailampen\\\/flitser\\\/\"},{\"@type\":\"ListItem\",\"position\":5,\"name\":\"Ultra dunne 6 LED flitser rood\"}]},{\"@type\":\"WebSite\",\"@id\":\"https:\\\/\\\/www.oudadl.testontwikkeling.nl\\\/#website\",\"url\":\"https:\\\/\\\/www.oudadl.testontwikkeling.nl\\\/\",\"name\":\"All Day Led\",\"description\":\"\",\"publisher\":{\"@id\":\"https:\\\/\\\/www.oudadl.testontwikkeling.nl\\\/#organization\"},\"potentialAction\":[{\"@type\":\"SearchAction\",\"target\":{\"@type\":\"EntryPoint\",\"urlTemplate\":\"https:\\\/\\\/www.oudadl.testontwikkeling.nl\\\/?s={search_term_string}\"},\"query-input\":{\"@type\":\"PropertyValueSpecification\",\"valueRequired\":true,\"valueName\":\"search_term_string\"}}],\"inLanguage\":\"de\"},{\"@type\":\"Organization\",\"@id\":\"https:\\\/\\\/www.oudadl.testontwikkeling.nl\\\/#organization\",\"name\":\"All Day Led\",\"url\":\"https:\\\/\\\/www.oudadl.testontwikkeling.nl\\\/\",\"logo\":{\"@type\":\"ImageObject\",\"inLanguage\":\"de\",\"@id\":\"https:\\\/\\\/www.oudadl.testontwikkeling.nl\\\/#\\\/schema\\\/logo\\\/image\\\/\",\"url\":\"https:\\\/\\\/www.oudadl.testontwikkeling.nl\\\/wp-content\\\/uploads\\\/2022\\\/08\\\/Logo-ALL-DAY-LED-800x800-zwart-witte-letters.png\",\"contentUrl\":\"https:\\\/\\\/www.oudadl.testontwikkeling.nl\\\/wp-content\\\/uploads\\\/2022\\\/08\\\/Logo-ALL-DAY-LED-800x800-zwart-witte-letters.png\",\"width\":800,\"height\":800,\"caption\":\"All Day Led\"},\"image\":{\"@id\":\"https:\\\/\\\/www.oudadl.testontwikkeling.nl\\\/#\\\/schema\\\/logo\\\/image\\\/\"},\"sameAs\":[\"https:\\\/\\\/www.facebook.com\\\/alldayled\\\/\",\"https:\\\/\\\/www.instagram.com\\\/alldayled\\\/\"],\"vatID\":\"NL863960133B01\",\"taxID\":\"86416545\",\"hasMerchantReturnPolicy\":{\"@type\":\"MerchantReturnPolicy\",\"merchantReturnLink\":\"https:\\\/\\\/www.oudadl.testontwikkeling.nl\\\/de\\\/verzenden-retourneren\\\/\"}}]}<\/script>\n<meta property=\"product:brand\" content=\"Axixtech\" \/>\n<meta property=\"product:price:amount\" content=\"55.00\" \/>\n<meta property=\"product:price:currency\" content=\"EUR\" \/>\n<meta property=\"og:availability\" content=\"instock\" \/>\n<meta property=\"product:availability\" content=\"instock\" \/>\n<meta property=\"product:retailer_item_id\" content=\"ADL70166-R\" \/>\n<meta property=\"product:condition\" content=\"new\" \/>\n<!-- \/ Yoast SEO Premium plugin. -->","yoast_head_json":{"title":"6 LED Blitz rot - ultrad\u00fcnn - All Day Led - 12&amp;24 Volt","description":"6 LED flash red - ECE R65 Zulassung - ultrad\u00fcnne Karosserie - f\u00fcr 12&amp;24 volt - Truck, Trailer, Traktor und mehr","robots":{"index":"noindex","follow":"follow","max-snippet":"max-snippet:-1","max-image-preview":"max-image-preview:large","max-video-preview":"max-video-preview:-1"},"og_locale":"de_DE","og_type":"article","og_title":"6 LED flitser rood - ultra dun - All Day Led - 12&24 Volt","og_description":"6 LED flitser rood - ECE R65 goedkeuring - ultra dunne opbouw - voor 12&24 volt - vrachtwagen, aanhanger, tractor en meer","og_url":"https:\/\/www.oudadl.testontwikkeling.nl\/de\/produkt\/ultradunn-6-led-blitzrot\/","og_site_name":"All Day Led","article_publisher":"https:\/\/www.facebook.com\/alldayled\/","article_modified_time":"2025-11-19T21:02:58+00:00","og_image":[{"width":800,"height":800,"url":"https:\/\/www.oudadl.testontwikkeling.nl\/wp-content\/uploads\/2024\/06\/ADL70166-R.png","type":"image\/png"}],"twitter_misc":{"Preis":"&euro;55,00","Verf\u00fcgbarkeit":"Auf Lager"},"schema":{"@context":"https:\/\/schema.org","@graph":[{"@type":"WebPage","@id":"https:\/\/www.oudadl.testontwikkeling.nl\/product\/ultra-dunne-6-led-flitser-rood\/","url":"https:\/\/www.oudadl.testontwikkeling.nl\/product\/ultra-dunne-6-led-flitser-rood\/","name":"6 LED Blitz rot - ultrad\u00fcnn - All Day Led - 12&amp;24 Volt","isPartOf":{"@id":"https:\/\/www.oudadl.testontwikkeling.nl\/#website"},"primaryImageOfPage":{"@id":"https:\/\/www.oudadl.testontwikkeling.nl\/product\/ultra-dunne-6-led-flitser-rood\/#primaryimage"},"image":{"@id":"https:\/\/www.oudadl.testontwikkeling.nl\/product\/ultra-dunne-6-led-flitser-rood\/#primaryimage"},"thumbnailUrl":"https:\/\/www.oudadl.testontwikkeling.nl\/wp-content\/uploads\/2020\/03\/ADL70166-R00.png","datePublished":"2020-01-22T14:58:16+00:00","dateModified":"2025-11-19T21:02:58+00:00","description":"6 LED flash red - ECE R65 Zulassung - ultrad\u00fcnne Karosserie - f\u00fcr 12&amp;24 volt - Truck, Trailer, Traktor und mehr","breadcrumb":{"@id":"https:\/\/www.oudadl.testontwikkeling.nl\/product\/ultra-dunne-6-led-flitser-rood\/#breadcrumb"},"inLanguage":"de","potentialAction":[{"@type":"ReadAction","target":["https:\/\/www.oudadl.testontwikkeling.nl\/product\/ultra-dunne-6-led-flitser-rood\/"]}]},{"@type":"ImageObject","inLanguage":"de","@id":"https:\/\/www.oudadl.testontwikkeling.nl\/product\/ultra-dunne-6-led-flitser-rood\/#primaryimage","url":"https:\/\/www.oudadl.testontwikkeling.nl\/wp-content\/uploads\/2020\/03\/ADL70166-R00.png","contentUrl":"https:\/\/www.oudadl.testontwikkeling.nl\/wp-content\/uploads\/2020\/03\/ADL70166-R00.png","width":800,"height":600,"caption":"Ultra dunne 6 LED flitser ROOD voor opbouw montage - plat model voor de voorgrille of achterkant van uw auto, vrachtwagen, aanhanger, tractor en meer - te gebruiken voor 12 & 24 volt - EAN: 6090441210292"},{"@type":"BreadcrumbList","@id":"https:\/\/www.oudadl.testontwikkeling.nl\/product\/ultra-dunne-6-led-flitser-rood\/#breadcrumb","itemListElement":[{"@type":"ListItem","position":1,"name":"Home","item":"https:\/\/www.oudadl.testontwikkeling.nl\/"},{"@type":"ListItem","position":2,"name":"Shop","item":"https:\/\/www.oudadl.testontwikkeling.nl\/de\/shop\/"},{"@type":"ListItem","position":3,"name":"Flitsers en zwaailampen","item":"https:\/\/www.oudadl.testontwikkeling.nl\/product-categorie\/flitsers-zwaailampen\/"},{"@type":"ListItem","position":4,"name":"Flitser","item":"https:\/\/www.oudadl.testontwikkeling.nl\/product-categorie\/flitsers-zwaailampen\/flitser\/"},{"@type":"ListItem","position":5,"name":"Ultra dunne 6 LED flitser rood"}]},{"@type":"WebSite","@id":"https:\/\/www.oudadl.testontwikkeling.nl\/#website","url":"https:\/\/www.oudadl.testontwikkeling.nl\/","name":"All Day Led","description":"","publisher":{"@id":"https:\/\/www.oudadl.testontwikkeling.nl\/#organization"},"potentialAction":[{"@type":"SearchAction","target":{"@type":"EntryPoint","urlTemplate":"https:\/\/www.oudadl.testontwikkeling.nl\/?s={search_term_string}"},"query-input":{"@type":"PropertyValueSpecification","valueRequired":true,"valueName":"search_term_string"}}],"inLanguage":"de"},{"@type":"Organization","@id":"https:\/\/www.oudadl.testontwikkeling.nl\/#organization","name":"All Day Led","url":"https:\/\/www.oudadl.testontwikkeling.nl\/","logo":{"@type":"ImageObject","inLanguage":"de","@id":"https:\/\/www.oudadl.testontwikkeling.nl\/#\/schema\/logo\/image\/","url":"https:\/\/www.oudadl.testontwikkeling.nl\/wp-content\/uploads\/2022\/08\/Logo-ALL-DAY-LED-800x800-zwart-witte-letters.png","contentUrl":"https:\/\/www.oudadl.testontwikkeling.nl\/wp-content\/uploads\/2022\/08\/Logo-ALL-DAY-LED-800x800-zwart-witte-letters.png","width":800,"height":800,"caption":"All Day Led"},"image":{"@id":"https:\/\/www.oudadl.testontwikkeling.nl\/#\/schema\/logo\/image\/"},"sameAs":["https:\/\/www.facebook.com\/alldayled\/","https:\/\/www.instagram.com\/alldayled\/"],"vatID":"NL863960133B01","taxID":"86416545","hasMerchantReturnPolicy":{"@type":"MerchantReturnPolicy","merchantReturnLink":"https:\/\/www.oudadl.testontwikkeling.nl\/de\/verzenden-retourneren\/"}}]},"product_brand":"Axixtech","product_price_amount":"55.00","product_price_currency":"EUR","og_availability":"instock","product_availability":"instock","product_retailer_item_id":"ADL70166-R","product_condition":"new"},"_links":{"self":[{"href":"https:\/\/www.oudadl.testontwikkeling.nl\/de\/wp-json\/wp\/v2\/product\/6265","targetHints":{"allow":["GET"]}}],"collection":[{"href":"https:\/\/www.oudadl.testontwikkeling.nl\/de\/wp-json\/wp\/v2\/product"}],"about":[{"href":"https:\/\/www.oudadl.testontwikkeling.nl\/de\/wp-json\/wp\/v2\/types\/product"}],"replies":[{"embeddable":true,"href":"https:\/\/www.oudadl.testontwikkeling.nl\/de\/wp-json\/wp\/v2\/comments?post=6265"}],"wp:featuredmedia":[{"embeddable":true,"href":"https:\/\/www.oudadl.testontwikkeling.nl\/de\/wp-json\/wp\/v2\/media\/21270"}],"wp:attachment":[{"href":"https:\/\/www.oudadl.testontwikkeling.nl\/de\/wp-json\/wp\/v2\/media?parent=6265"}],"wp:term":[{"taxonomy":"product_brand","embeddable":true,"href":"https:\/\/www.oudadl.testontwikkeling.nl\/de\/wp-json\/wp\/v2\/product_brand?post=6265"},{"taxonomy":"product_cat","embeddable":true,"href":"https:\/\/www.oudadl.testontwikkeling.nl\/de\/wp-json\/wp\/v2\/product_cat?post=6265"},{"taxonomy":"product_tag","embeddable":true,"href":"https:\/\/www.oudadl.testontwikkeling.nl\/de\/wp-json\/wp\/v2\/product_tag?post=6265"}],"curies":[{"name":"wp","href":"https:\/\/api.w.org\/{rel}","templated":true}]}}