{"id":6260,"date":"2020-01-22T15:50:16","date_gmt":"2020-01-22T14:50:16","guid":{"rendered":"https:\/\/www.oudadl.testontwikkeling.nl\/product\/import-placeholder-for-236327\/"},"modified":"2025-09-11T14:00:25","modified_gmt":"2025-09-11T12:00:25","slug":"ultradunne-3-led-blitz-orange","status":"publish","type":"product","link":"https:\/\/www.oudadl.testontwikkeling.nl\/de\/product\/ultra-dunne-3-led-flitser-oranje\/","title":{"rendered":"Ultrad\u00fcnne 3 LED blitzer orange"},"content":{"rendered":"<p><span style=\"color: #000000\"><strong>Axixtech ultrad\u00fcnnes 3 LED Blitzer Orange, geeignet f\u00fcr 12 &amp; 24 Volt.\u00a0<\/strong><\/span><\/p>\n<p><span style=\"color: #000000\">Suchen Sie einen kleinen extrem d\u00fcnnen LED-Blitzer, der orange leuchtet? Dann k\u00f6nnte diese LED-Lampe der Marke Axixtech genau die Lampe sein, nach der Sie suchen. Dies ist ein LED-Flash, der das tut, was von ihm erwartet wird. Die LED-Lampe ist mit 3 Hi-Power LED ausgestattet. Mit den 3 LED's k\u00f6nnen Sie sicher sein, dass Sie mit geringem Stromverbrauch gut beleuchtet fahren k\u00f6nnen. So sind Sie sowohl tags\u00fcber als auch abends gut sichtbar. Der LED-Blitz mit 3 LED der Marke Axixtech kann mit 12 und 24 Volt betrieben werden. Dies bedeutet, dass Sie dieses LED-Blitzger\u00e4t beispielsweise an Ihrem Auto, LKW, Anh\u00e4nger oder einem anderen Fahrzeugtyp verwenden k\u00f6nnen.<\/span><\/p>\n<p><span style=\"color: #000000\">Um sicherzustellen, dass dieser 3 LED Flash Orange der Marke Axixtech f\u00fcr Ihr Fahrzeug oder Ihren Anh\u00e4nger geeignet ist, haben wir nachfolgend eine Reihe von Spezifikationen aufgef\u00fchrt. All dies, um zu verdeutlichen, warum dies m\u00f6glicherweise die LED-Lampe ist, nach der Sie suchen. Diese LED-Warnleuchte ist unter anderem mit dem ECE R10-Qualit\u00e4tszeichen versehen. Das ECE R10-Qualit\u00e4tszeichen bedeutet, dass die Lampe w\u00e4hrend der Aktivierung keine St\u00f6rungen verursacht, z. B. bei Ihrem Funksignal. Dieser orangefarbene 3 LED-Blitz ist auch mit dem ECE R65-Qualit\u00e4tszeichen versehen. Dieses Qualit\u00e4tszeichen zeigt an, dass die LED-Lampe als Warnlampe verwendet werden kann. Kurz gesagt, dies ist ein perfekter LED-Blitz f\u00fcr Ihren LKW oder Anh\u00e4nger!\u00a0<\/span><\/p>\n<h5><span style=\"color: #000000\"><strong>Abmessungen:<\/strong><\/span><\/h5>\n<p><span style=\"color: #000000\">Um sicherzustellen, dass Sie den LED-Blitz \u00fcberall anbringen k\u00f6nnen, haben wir die folgenden Abmessungen aufgef\u00fchrt. Die Abmessungen dieses ultrad\u00fcnnen 3 LED Flash Orange der Marke Axixtech sind wie folgt:<\/span><\/p>\n<ul>\n<li><span style=\"color: #000000\">L\u00e4nge: 88 mm<\/span><\/li>\n<li><span style=\"color: #000000\">H\u00f6he: 30 mm<br \/>\n<\/span><\/li>\n<li><span style=\"color: #000000\">Dicke: 7 mm<\/span><\/li>\n<\/ul>\n<h5><span style=\"color: #000000\"><strong>Andere Versionen:\u00a0<\/strong><\/span><\/h5>\n<p><span style=\"color: #000000\">M\u00f6chten Sie einen ultrad\u00fcnnen LED-Blitz kaufen, aber die Version mit orangefarbenen LEDs ist nicht das, wonach Sie suchen? Dann wissen Sie, dass dieser flache LED-Blitz der Marke Axixtech auch in folgenden Versionen erh\u00e4ltlich ist:\u00a0<\/span><\/p>\n<ul>\n<li><span style=\"color: #000000\"><a style=\"color: #000000\" href=\"https:\/\/www.oudadl.testontwikkeling.nl\/de\/produkt\/ultradunn-3-led-blitzrot\/\"><strong>Ultrad\u00fcnne 3 LED blitzer rot\u00a0<\/strong><\/a><\/span><\/li>\n<li><span style=\"color: #000000\"><a style=\"color: #000000\" href=\"https:\/\/www.oudadl.testontwikkeling.nl\/de\/produkt\/ultradunnes-3-led-blitzweis\/\"><strong>Ultrad\u00fcnne 3 LED blitzer wei\u00df\u00a0<\/strong><\/a><\/span><\/li>\n<\/ul>\n<p><span style=\"color: #000000\">Sind Sie immer noch der Meinung, dass dieser ultrad\u00fcnne 3 LED-Blitz in der Farbe Orange nicht das ist, wonach Sie suchen? Einfach weil die Lichtleistung oder Leistung nicht hoch genug oder gar zu hoch ist? Schauen Sie sich unbedingt unsere Seite an <a style=\"color: #000000\" href=\"https:\/\/www.oudadl.testontwikkeling.nl\/de\/produkt-kategorie\/blitzlichter\/\">Warnleuchten<\/a>. M\u00f6glicherweise finden Sie hier die Lampe Modell LED, die Sie suchen.<\/span><\/p>","protected":false},"excerpt":{"rendered":"<p>Axixtech ultra dunne 3 LED flitser oranje, geschikt voor 12 &amp; 24 volt gebruik.\u00a0 Bent u opzoek naar een kleine extreem dunne LED flitser die oplicht in de kleur oranje? Dan is deze LED lamp van merk Axixtech wellicht d\u00e9 lamp die u zoekt. Dit is een LED flitser die doet wat ervan word verwacht. [&hellip;]<\/p>\n","protected":false},"featured_media":19185,"comment_status":"open","ping_status":"closed","template":"","meta":{"_acf_changed":false,"site-sidebar-layout":"default","site-content-layout":"default","ast-site-content-layout":"default","site-content-style":"default","site-sidebar-style":"default","ast-global-header-display":"","ast-banner-title-visibility":"","ast-main-header-display":"","ast-hfb-above-header-display":"","ast-hfb-below-header-display":"","ast-hfb-mobile-header-display":"","site-post-title":"","ast-breadcrumbs-content":"","ast-featured-img":"","footer-sml-layout":"","ast-disable-related-posts":"","theme-transparent-header-meta":"default","adv-header-id-meta":"","stick-header-meta":"","header-above-stick-meta":"","header-main-stick-meta":"","header-below-stick-meta":"","astra-migrate-meta-layouts":"set","ast-page-background-enabled":"default","ast-page-background-meta":{"desktop":{"background-color":"","background-image":"","background-repeat":"repeat","background-position":"center center","background-size":"auto","background-attachment":"scroll","background-type":"","background-media":"","overlay-type":"","overlay-color":"","overlay-opacity":"","overlay-gradient":""},"tablet":{"background-color":"","background-image":"","background-repeat":"repeat","background-position":"center center","background-size":"auto","background-attachment":"scroll","background-type":"","background-media":"","overlay-type":"","overlay-color":"","overlay-opacity":"","overlay-gradient":""},"mobile":{"background-color":"","background-image":"","background-repeat":"repeat","background-position":"center center","background-size":"auto","background-attachment":"scroll","background-type":"","background-media":"","overlay-type":"","overlay-color":"","overlay-opacity":"","overlay-gradient":""}},"ast-content-background-meta":{"desktop":{"background-color":"var(--ast-global-color-5)","background-image":"","background-repeat":"repeat","background-position":"center center","background-size":"auto","background-attachment":"scroll","background-type":"","background-media":"","overlay-type":"","overlay-color":"","overlay-opacity":"","overlay-gradient":""},"tablet":{"background-color":"var(--ast-global-color-5)","background-image":"","background-repeat":"repeat","background-position":"center center","background-size":"auto","background-attachment":"scroll","background-type":"","background-media":"","overlay-type":"","overlay-color":"","overlay-opacity":"","overlay-gradient":""},"mobile":{"background-color":"var(--ast-global-color-5)","background-image":"","background-repeat":"repeat","background-position":"center center","background-size":"auto","background-attachment":"scroll","background-type":"","background-media":"","overlay-type":"","overlay-color":"","overlay-opacity":"","overlay-gradient":""}}},"product_brand":[],"product_cat":[8146],"product_tag":[390,4861,4855,4862,4856,4860,4857,4864,4859,4858],"class_list":{"0":"post-6260","1":"product","2":"type-product","3":"status-publish","4":"has-post-thumbnail","6":"product_cat-flitser","7":"product_tag-led-flitser","8":"product_tag-led-flitser-12-volt","9":"product_tag-led-flitser-12v","10":"product_tag-led-flitser-24-volt","11":"product_tag-led-flitser-24v","12":"product_tag-led-flitser-aanhanger","13":"product_tag-led-flitser-auto","14":"product_tag-led-flitser-oranje","15":"product_tag-led-flitster-tractor","16":"product_tag-led-flitser-vrachtwagen","17":"pa_merkk-axixtech","18":"desktop-align-left","19":"tablet-align-left","20":"mobile-align-left","22":"first","23":"instock","24":"taxable","25":"shipping-taxable","26":"purchasable","27":"product-type-simple"},"acf":[],"yoast_head":"<!-- This site is optimized with the Yoast SEO Premium plugin v25.9 (Yoast SEO v27.6) - https:\/\/yoast.com\/product\/yoast-seo-premium-wordpress\/ -->\n<title>3 LED flitser oranje - ultra dun - All Day Led - 12&amp;24 Volt<\/title>\n<meta name=\"description\" content=\"3 LED flitser oranje - met ECE R65 goedkeuring - ultra dunne opbouw - voor 12&amp;24 volt - vrachtwagen, aanhanger, tractor en meer\" \/>\n<meta name=\"robots\" content=\"noindex, follow, max-snippet:-1, max-image-preview:large, max-video-preview:-1\" \/>\n<meta property=\"og:locale\" content=\"de_DE\" \/>\n<meta property=\"og:type\" content=\"article\" \/>\n<meta property=\"og:title\" content=\"3 LED flitser oranje - ultra dun - All Day Led - 12&amp;24 Volt\" \/>\n<meta property=\"og:description\" content=\"3 LED flitser oranje - met ECE R65 goedkeuring - ultra dunne opbouw - voor 12&amp;24 volt - vrachtwagen, aanhanger, tractor en meer\" \/>\n<meta property=\"og:url\" content=\"https:\/\/www.oudadl.testontwikkeling.nl\/de\/produkt\/ultradunne-3-led-blitz-orange\/\" \/>\n<meta property=\"og:site_name\" content=\"All Day Led\" \/>\n<meta property=\"article:publisher\" content=\"https:\/\/www.facebook.com\/alldayled\/\" \/>\n<meta property=\"article:modified_time\" content=\"2025-09-11T12:00:25+00:00\" \/>\n<meta property=\"og:image\" content=\"https:\/\/www.oudadl.testontwikkeling.nl\/wp-content\/uploads\/2024\/06\/ADL70133-O.png\" \/>\n\t<meta property=\"og:image:width\" content=\"800\" \/>\n\t<meta property=\"og:image:height\" content=\"800\" \/>\n\t<meta property=\"og:image:type\" content=\"image\/png\" \/>\n<meta name=\"twitter:label1\" content=\"Preis\" \/>\n\t<meta name=\"twitter:data1\" content=\"&euro;45,00\" \/>\n\t<meta name=\"twitter:label2\" content=\"Verf\u00fcgbarkeit\" \/>\n\t<meta name=\"twitter:data2\" content=\"Auf Lager\" \/>\n<script type=\"application\/ld+json\" class=\"yoast-schema-graph\">{\"@context\":\"https:\\\/\\\/schema.org\",\"@graph\":[{\"@type\":\"WebPage\",\"@id\":\"https:\\\/\\\/www.oudadl.testontwikkeling.nl\\\/product\\\/ultra-dunne-3-led-flitser-oranje\\\/\",\"url\":\"https:\\\/\\\/www.oudadl.testontwikkeling.nl\\\/product\\\/ultra-dunne-3-led-flitser-oranje\\\/\",\"name\":\"3 LED flitser oranje - ultra dun - All Day Led - 12&24 Volt\",\"isPartOf\":{\"@id\":\"https:\\\/\\\/www.oudadl.testontwikkeling.nl\\\/#website\"},\"primaryImageOfPage\":{\"@id\":\"https:\\\/\\\/www.oudadl.testontwikkeling.nl\\\/product\\\/ultra-dunne-3-led-flitser-oranje\\\/#primaryimage\"},\"image\":{\"@id\":\"https:\\\/\\\/www.oudadl.testontwikkeling.nl\\\/product\\\/ultra-dunne-3-led-flitser-oranje\\\/#primaryimage\"},\"thumbnailUrl\":\"https:\\\/\\\/www.oudadl.testontwikkeling.nl\\\/wp-content\\\/uploads\\\/2020\\\/03\\\/ADL70133-O.png\",\"datePublished\":\"2020-01-22T14:50:16+00:00\",\"dateModified\":\"2025-09-11T12:00:25+00:00\",\"description\":\"3 LED flitser oranje - met ECE R65 goedkeuring - ultra dunne opbouw - voor 12&24 volt - vrachtwagen, aanhanger, tractor en meer\",\"breadcrumb\":{\"@id\":\"https:\\\/\\\/www.oudadl.testontwikkeling.nl\\\/product\\\/ultra-dunne-3-led-flitser-oranje\\\/#breadcrumb\"},\"inLanguage\":\"de\",\"potentialAction\":[{\"@type\":\"ReadAction\",\"target\":[\"https:\\\/\\\/www.oudadl.testontwikkeling.nl\\\/product\\\/ultra-dunne-3-led-flitser-oranje\\\/\"]}]},{\"@type\":\"ImageObject\",\"inLanguage\":\"de\",\"@id\":\"https:\\\/\\\/www.oudadl.testontwikkeling.nl\\\/product\\\/ultra-dunne-3-led-flitser-oranje\\\/#primaryimage\",\"url\":\"https:\\\/\\\/www.oudadl.testontwikkeling.nl\\\/wp-content\\\/uploads\\\/2020\\\/03\\\/ADL70133-O.png\",\"contentUrl\":\"https:\\\/\\\/www.oudadl.testontwikkeling.nl\\\/wp-content\\\/uploads\\\/2020\\\/03\\\/ADL70133-O.png\",\"width\":800,\"height\":600,\"caption\":\"Ultra dunne 3 LED flitser ORANJE voor opbouw montage - plat model voor de voorgrille of achterkant van uw auto, vrachtwagen, aanhanger, tractor en meer - te gebruiken voor 12 & 24 volt - EAN: 6090429260226\"},{\"@type\":\"BreadcrumbList\",\"@id\":\"https:\\\/\\\/www.oudadl.testontwikkeling.nl\\\/product\\\/ultra-dunne-3-led-flitser-oranje\\\/#breadcrumb\",\"itemListElement\":[{\"@type\":\"ListItem\",\"position\":1,\"name\":\"Home\",\"item\":\"https:\\\/\\\/www.oudadl.testontwikkeling.nl\\\/\"},{\"@type\":\"ListItem\",\"position\":2,\"name\":\"Shop\",\"item\":\"https:\\\/\\\/www.oudadl.testontwikkeling.nl\\\/de\\\/shop\\\/\"},{\"@type\":\"ListItem\",\"position\":3,\"name\":\"Flitsers en zwaailampen\",\"item\":\"https:\\\/\\\/www.oudadl.testontwikkeling.nl\\\/product-categorie\\\/flitsers-zwaailampen\\\/\"},{\"@type\":\"ListItem\",\"position\":4,\"name\":\"Flitser\",\"item\":\"https:\\\/\\\/www.oudadl.testontwikkeling.nl\\\/product-categorie\\\/flitsers-zwaailampen\\\/flitser\\\/\"},{\"@type\":\"ListItem\",\"position\":5,\"name\":\"Ultra dunne 3 LED flitser oranje\"}]},{\"@type\":\"WebSite\",\"@id\":\"https:\\\/\\\/www.oudadl.testontwikkeling.nl\\\/#website\",\"url\":\"https:\\\/\\\/www.oudadl.testontwikkeling.nl\\\/\",\"name\":\"All Day Led\",\"description\":\"\",\"publisher\":{\"@id\":\"https:\\\/\\\/www.oudadl.testontwikkeling.nl\\\/#organization\"},\"potentialAction\":[{\"@type\":\"SearchAction\",\"target\":{\"@type\":\"EntryPoint\",\"urlTemplate\":\"https:\\\/\\\/www.oudadl.testontwikkeling.nl\\\/?s={search_term_string}\"},\"query-input\":{\"@type\":\"PropertyValueSpecification\",\"valueRequired\":true,\"valueName\":\"search_term_string\"}}],\"inLanguage\":\"de\"},{\"@type\":\"Organization\",\"@id\":\"https:\\\/\\\/www.oudadl.testontwikkeling.nl\\\/#organization\",\"name\":\"All Day Led\",\"url\":\"https:\\\/\\\/www.oudadl.testontwikkeling.nl\\\/\",\"logo\":{\"@type\":\"ImageObject\",\"inLanguage\":\"de\",\"@id\":\"https:\\\/\\\/www.oudadl.testontwikkeling.nl\\\/#\\\/schema\\\/logo\\\/image\\\/\",\"url\":\"https:\\\/\\\/www.oudadl.testontwikkeling.nl\\\/wp-content\\\/uploads\\\/2022\\\/08\\\/Logo-ALL-DAY-LED-800x800-zwart-witte-letters.png\",\"contentUrl\":\"https:\\\/\\\/www.oudadl.testontwikkeling.nl\\\/wp-content\\\/uploads\\\/2022\\\/08\\\/Logo-ALL-DAY-LED-800x800-zwart-witte-letters.png\",\"width\":800,\"height\":800,\"caption\":\"All Day Led\"},\"image\":{\"@id\":\"https:\\\/\\\/www.oudadl.testontwikkeling.nl\\\/#\\\/schema\\\/logo\\\/image\\\/\"},\"sameAs\":[\"https:\\\/\\\/www.facebook.com\\\/alldayled\\\/\",\"https:\\\/\\\/www.instagram.com\\\/alldayled\\\/\"],\"vatID\":\"NL863960133B01\",\"taxID\":\"86416545\",\"hasMerchantReturnPolicy\":{\"@type\":\"MerchantReturnPolicy\",\"merchantReturnLink\":\"https:\\\/\\\/www.oudadl.testontwikkeling.nl\\\/de\\\/verzenden-retourneren\\\/\"}}]}<\/script>\n<meta property=\"product:brand\" content=\"Axixtech\" \/>\n<meta property=\"product:price:amount\" content=\"45.00\" \/>\n<meta property=\"product:price:currency\" content=\"EUR\" \/>\n<meta property=\"og:availability\" content=\"instock\" \/>\n<meta property=\"product:availability\" content=\"instock\" \/>\n<meta property=\"product:retailer_item_id\" content=\"ADL70133-O\" \/>\n<meta property=\"product:condition\" content=\"new\" \/>\n<!-- \/ Yoast SEO Premium plugin. -->","yoast_head_json":{"title":"3 LED Blitzorange - ultrad\u00fcnn - All Day LED - 12&amp;24 Volt","description":"3 LED orangefarbener Blinker - mit ECE R65 Zulassung - ultrad\u00fcnne Bauweise - f\u00fcr 12&amp;24 volt - LKW, Anh\u00e4nger, Zugmaschine und mehr","robots":{"index":"noindex","follow":"follow","max-snippet":"max-snippet:-1","max-image-preview":"max-image-preview:large","max-video-preview":"max-video-preview:-1"},"og_locale":"de_DE","og_type":"article","og_title":"3 LED flitser oranje - ultra dun - All Day Led - 12&24 Volt","og_description":"3 LED flitser oranje - met ECE R65 goedkeuring - ultra dunne opbouw - voor 12&24 volt - vrachtwagen, aanhanger, tractor en meer","og_url":"https:\/\/www.oudadl.testontwikkeling.nl\/de\/produkt\/ultradunne-3-led-blitz-orange\/","og_site_name":"All Day Led","article_publisher":"https:\/\/www.facebook.com\/alldayled\/","article_modified_time":"2025-09-11T12:00:25+00:00","og_image":[{"width":800,"height":800,"url":"https:\/\/www.oudadl.testontwikkeling.nl\/wp-content\/uploads\/2024\/06\/ADL70133-O.png","type":"image\/png"}],"twitter_misc":{"Preis":"&euro;45,00","Verf\u00fcgbarkeit":"Auf Lager"},"schema":{"@context":"https:\/\/schema.org","@graph":[{"@type":"WebPage","@id":"https:\/\/www.oudadl.testontwikkeling.nl\/product\/ultra-dunne-3-led-flitser-oranje\/","url":"https:\/\/www.oudadl.testontwikkeling.nl\/product\/ultra-dunne-3-led-flitser-oranje\/","name":"3 LED Blitzorange - ultrad\u00fcnn - All Day LED - 12&amp;24 Volt","isPartOf":{"@id":"https:\/\/www.oudadl.testontwikkeling.nl\/#website"},"primaryImageOfPage":{"@id":"https:\/\/www.oudadl.testontwikkeling.nl\/product\/ultra-dunne-3-led-flitser-oranje\/#primaryimage"},"image":{"@id":"https:\/\/www.oudadl.testontwikkeling.nl\/product\/ultra-dunne-3-led-flitser-oranje\/#primaryimage"},"thumbnailUrl":"https:\/\/www.oudadl.testontwikkeling.nl\/wp-content\/uploads\/2020\/03\/ADL70133-O.png","datePublished":"2020-01-22T14:50:16+00:00","dateModified":"2025-09-11T12:00:25+00:00","description":"3 LED orangefarbener Blinker - mit ECE R65 Zulassung - ultrad\u00fcnne Bauweise - f\u00fcr 12&amp;24 volt - LKW, Anh\u00e4nger, Zugmaschine und mehr","breadcrumb":{"@id":"https:\/\/www.oudadl.testontwikkeling.nl\/product\/ultra-dunne-3-led-flitser-oranje\/#breadcrumb"},"inLanguage":"de","potentialAction":[{"@type":"ReadAction","target":["https:\/\/www.oudadl.testontwikkeling.nl\/product\/ultra-dunne-3-led-flitser-oranje\/"]}]},{"@type":"ImageObject","inLanguage":"de","@id":"https:\/\/www.oudadl.testontwikkeling.nl\/product\/ultra-dunne-3-led-flitser-oranje\/#primaryimage","url":"https:\/\/www.oudadl.testontwikkeling.nl\/wp-content\/uploads\/2020\/03\/ADL70133-O.png","contentUrl":"https:\/\/www.oudadl.testontwikkeling.nl\/wp-content\/uploads\/2020\/03\/ADL70133-O.png","width":800,"height":600,"caption":"Ultra dunne 3 LED flitser ORANJE voor opbouw montage - plat model voor de voorgrille of achterkant van uw auto, vrachtwagen, aanhanger, tractor en meer - te gebruiken voor 12 & 24 volt - EAN: 6090429260226"},{"@type":"BreadcrumbList","@id":"https:\/\/www.oudadl.testontwikkeling.nl\/product\/ultra-dunne-3-led-flitser-oranje\/#breadcrumb","itemListElement":[{"@type":"ListItem","position":1,"name":"Home","item":"https:\/\/www.oudadl.testontwikkeling.nl\/"},{"@type":"ListItem","position":2,"name":"Shop","item":"https:\/\/www.oudadl.testontwikkeling.nl\/de\/shop\/"},{"@type":"ListItem","position":3,"name":"Flitsers en zwaailampen","item":"https:\/\/www.oudadl.testontwikkeling.nl\/product-categorie\/flitsers-zwaailampen\/"},{"@type":"ListItem","position":4,"name":"Flitser","item":"https:\/\/www.oudadl.testontwikkeling.nl\/product-categorie\/flitsers-zwaailampen\/flitser\/"},{"@type":"ListItem","position":5,"name":"Ultra dunne 3 LED flitser oranje"}]},{"@type":"WebSite","@id":"https:\/\/www.oudadl.testontwikkeling.nl\/#website","url":"https:\/\/www.oudadl.testontwikkeling.nl\/","name":"All Day Led","description":"","publisher":{"@id":"https:\/\/www.oudadl.testontwikkeling.nl\/#organization"},"potentialAction":[{"@type":"SearchAction","target":{"@type":"EntryPoint","urlTemplate":"https:\/\/www.oudadl.testontwikkeling.nl\/?s={search_term_string}"},"query-input":{"@type":"PropertyValueSpecification","valueRequired":true,"valueName":"search_term_string"}}],"inLanguage":"de"},{"@type":"Organization","@id":"https:\/\/www.oudadl.testontwikkeling.nl\/#organization","name":"All Day Led","url":"https:\/\/www.oudadl.testontwikkeling.nl\/","logo":{"@type":"ImageObject","inLanguage":"de","@id":"https:\/\/www.oudadl.testontwikkeling.nl\/#\/schema\/logo\/image\/","url":"https:\/\/www.oudadl.testontwikkeling.nl\/wp-content\/uploads\/2022\/08\/Logo-ALL-DAY-LED-800x800-zwart-witte-letters.png","contentUrl":"https:\/\/www.oudadl.testontwikkeling.nl\/wp-content\/uploads\/2022\/08\/Logo-ALL-DAY-LED-800x800-zwart-witte-letters.png","width":800,"height":800,"caption":"All Day Led"},"image":{"@id":"https:\/\/www.oudadl.testontwikkeling.nl\/#\/schema\/logo\/image\/"},"sameAs":["https:\/\/www.facebook.com\/alldayled\/","https:\/\/www.instagram.com\/alldayled\/"],"vatID":"NL863960133B01","taxID":"86416545","hasMerchantReturnPolicy":{"@type":"MerchantReturnPolicy","merchantReturnLink":"https:\/\/www.oudadl.testontwikkeling.nl\/de\/verzenden-retourneren\/"}}]},"product_brand":"Axixtech","product_price_amount":"45.00","product_price_currency":"EUR","og_availability":"instock","product_availability":"instock","product_retailer_item_id":"ADL70133-O","product_condition":"new"},"_links":{"self":[{"href":"https:\/\/www.oudadl.testontwikkeling.nl\/de\/wp-json\/wp\/v2\/product\/6260","targetHints":{"allow":["GET"]}}],"collection":[{"href":"https:\/\/www.oudadl.testontwikkeling.nl\/de\/wp-json\/wp\/v2\/product"}],"about":[{"href":"https:\/\/www.oudadl.testontwikkeling.nl\/de\/wp-json\/wp\/v2\/types\/product"}],"replies":[{"embeddable":true,"href":"https:\/\/www.oudadl.testontwikkeling.nl\/de\/wp-json\/wp\/v2\/comments?post=6260"}],"wp:featuredmedia":[{"embeddable":true,"href":"https:\/\/www.oudadl.testontwikkeling.nl\/de\/wp-json\/wp\/v2\/media\/19185"}],"wp:attachment":[{"href":"https:\/\/www.oudadl.testontwikkeling.nl\/de\/wp-json\/wp\/v2\/media?parent=6260"}],"wp:term":[{"taxonomy":"product_brand","embeddable":true,"href":"https:\/\/www.oudadl.testontwikkeling.nl\/de\/wp-json\/wp\/v2\/product_brand?post=6260"},{"taxonomy":"product_cat","embeddable":true,"href":"https:\/\/www.oudadl.testontwikkeling.nl\/de\/wp-json\/wp\/v2\/product_cat?post=6260"},{"taxonomy":"product_tag","embeddable":true,"href":"https:\/\/www.oudadl.testontwikkeling.nl\/de\/wp-json\/wp\/v2\/product_tag?post=6260"}],"curies":[{"name":"wp","href":"https:\/\/api.w.org\/{rel}","templated":true}]}}