{"id":6238,"date":"2020-03-11T15:46:12","date_gmt":"2020-03-11T13:46:12","guid":{"rendered":"https:\/\/www.oudadl.testontwikkeling.nl\/product\/import-placeholder-for-236274\/"},"modified":"2025-12-04T21:47:11","modified_gmt":"2025-12-04T20:47:11","slug":"led-streifen-24-volt-rot-2-5-65-3528","status":"publish","type":"product","link":"https:\/\/www.oudadl.testontwikkeling.nl\/de\/product\/led-strip-24-volt-rood-2-5-65-3528\/","title":{"rendered":"LED band 24 Volt rot 3528 IP65 2,5 Meter"},"content":{"rendered":"<p><span style=\"color: #000000;\"><strong>LED Strip 3528 IP65 (mit Silikonschicht) 2,5 Meter rot, geeignet f\u00fcr 24 Volt Einsatz.\u00a0<\/strong><\/span><\/p>\n<p><span style=\"color: #000000;\">Suchen Sie eine LED-Leiste, die Sie beispielsweise in Ihrer LKW-Kabine montieren k\u00f6nnen? Dann ist dieser IP65 LED Streifen rot m\u00f6glicherweise der LED Streifen, den Sie suchen. Der 3528 LED Streifen rot hat 60 LEDs pro Meter. Und kann pro 10 Zentimeter gek\u00fcrzt und wieder verbunden werden. Die Menge an LED&#039;s sorgt daf\u00fcr, dass Sie den gesamten Raum in Rot erleuchten k\u00f6nnen. Der LED-Streifen hat die wasserdichte Art IP65, was bedeutet, dass der Streifen mit einer Silikonschicht versehen ist und somit spritzwassergesch\u00fctzt ist. Dadurch ist der Streifen f\u00fcr den Innen- und Au\u00dfenbereich geeignet. Hinweis f\u00fcr den Au\u00dfeneinsatz, der Anschluss ist NICHT wasserdicht. Der LED Streifen rot kann nur mit 24 Volt betrieben werden. Dies bedeutet, dass Sie diese LED-Beleuchtung beispielsweise nur f\u00fcr Ihren LKW oder Anh\u00e4nger verwenden k\u00f6nnen.<\/span><\/p>\n<p><span style=\"color: #000000;\">Um sicherzustellen, dass die 24 Volt LED-Leiste f\u00fcr Ihren LKW oder Anh\u00e4nger geeignet ist, haben wir unten eine Reihe von Spezifikationen geschrieben. All dies, um Ihnen zu verdeutlichen, warum dies der LED-Streifen sein k\u00f6nnte, den Sie suchen. Der LED-Streifen ist unter anderem mit dem ECE-R10-G\u00fctezeichen versehen. Dieses G\u00fctezeichen bedeutet, dass die Leuchte beim Einschalten keine St\u00f6rungen verursacht, beispielsweise auf Ihrem Funksignal. Nicht unwichtig ist auch, dass dem LED Strip ein 50 Zentimeter langes Anschlusskabel beiliegt. Auf diese Weise k\u00f6nnen Sie die LED-Leiste einfach an den Ort Ihrer Wahl anschlie\u00dfen. Kurz gesagt, dieser LED-Streifen ist perfekt f\u00fcr den Einsatz in Ihrem LKW- oder Anh\u00e4nger-Innenraum.\u00a0<\/span><\/p>\n<h5><span style=\"color: #000000;\"><strong>Abmessungen:<\/strong><\/span><\/h5>\n<p><span style=\"color: #000000;\">Damit Sie den 24 Volt LED Streifen rot dort montieren k\u00f6nnen, wo Sie m\u00f6chten, haben wir uns die Ma\u00dfe unten notiert. Die Abmessungen des LED Streifens rot sind wie folgt:<\/span><\/p>\n<ul>\n<li><span style=\"color: #000000;\">L\u00e4nge: 2,5 Meter<\/span><\/li>\n<li><span style=\"color: #000000;\">Breite: 8 mm<\/span><\/li>\n<li><span style=\"color: #000000;\">Dicke: 6 mm<\/span><\/li>\n<\/ul>\n<h5><span style=\"color: #000000;\"><strong>Andere Version:<\/strong><\/span><\/h5>\n<p><span style=\"color: #000000;\">Sie suchen einen LED-Streifen, m\u00f6chten aber nicht die Version mit Silikonschicht? Dann wissen Sie, dass der 24 Volt LED Streifen rot auch ohne Silikonschicht erh\u00e4ltlich ist. Die 2,5 Meter Version ohne Silikonschicht finden Sie hier:\u00a0<\/span><\/p>\n<ul>\n<li><span style=\"color: #000000;\"><a style=\"color: #000000;\" href=\"https:\/\/www.oudadl.testontwikkeling.nl\/de\/produkt\/led-streifen-24-volt-rot-2-5-33-3528\/\"><b>LED Streifen 24 Volt rot \u2013 IP33<\/b><\/a><\/span><\/li>\n<\/ul>\n<p><span style=\"color: #000000;\">Sind Sie der Meinung, dass der LED-Streifen nicht das ist, was Sie suchen? Einfach weil die Farbe oder L\u00e4nge des Streifens nicht Ihren Vorstellungen entspricht? Schaut unbedingt auf unserer Seite vorbei <a style=\"color: #000000;\" href=\"https:\/\/www.oudadl.testontwikkeling.nl\/de\/produkt-kategorie\/beleuchtung\/verlichting-24-volt\/led-strip-24-volt\/\"><strong>LED band 24 volt<\/strong><\/a>. Hier finden Sie m\u00f6glicherweise das Modell LED, das Sie suchen.\u00a0<\/span><\/p>","protected":false},"excerpt":{"rendered":"<p>LED strip 3528 IP65 (met silicone laag) 2,5 meter rood, geschikt voor 24 volt gebruik.\u00a0 Bent u opzoek naar een LED strip die u kunt monteren in bijvoorbeeld uw vrachtwagen cabine? Dan is deze IP65 LED strip rood wellicht d\u00e9 LEDstrip waar u naar op zoek bent. De 3528 LED strip rood is voorzien van [&hellip;]<\/p>\n","protected":false},"featured_media":17274,"comment_status":"open","ping_status":"closed","template":"","meta":{"_acf_changed":false,"site-sidebar-layout":"default","site-content-layout":"default","ast-site-content-layout":"default","site-content-style":"default","site-sidebar-style":"default","ast-global-header-display":"","ast-banner-title-visibility":"","ast-main-header-display":"","ast-hfb-above-header-display":"","ast-hfb-below-header-display":"","ast-hfb-mobile-header-display":"","site-post-title":"","ast-breadcrumbs-content":"","ast-featured-img":"","footer-sml-layout":"","ast-disable-related-posts":"","theme-transparent-header-meta":"default","adv-header-id-meta":"","stick-header-meta":"","header-above-stick-meta":"","header-main-stick-meta":"","header-below-stick-meta":"","astra-migrate-meta-layouts":"set","ast-page-background-enabled":"default","ast-page-background-meta":{"desktop":{"background-color":"","background-image":"","background-repeat":"repeat","background-position":"center center","background-size":"auto","background-attachment":"scroll","background-type":"","background-media":"","overlay-type":"","overlay-color":"","overlay-opacity":"","overlay-gradient":""},"tablet":{"background-color":"","background-image":"","background-repeat":"repeat","background-position":"center center","background-size":"auto","background-attachment":"scroll","background-type":"","background-media":"","overlay-type":"","overlay-color":"","overlay-opacity":"","overlay-gradient":""},"mobile":{"background-color":"","background-image":"","background-repeat":"repeat","background-position":"center center","background-size":"auto","background-attachment":"scroll","background-type":"","background-media":"","overlay-type":"","overlay-color":"","overlay-opacity":"","overlay-gradient":""}},"ast-content-background-meta":{"desktop":{"background-color":"var(--ast-global-color-5)","background-image":"","background-repeat":"repeat","background-position":"center center","background-size":"auto","background-attachment":"scroll","background-type":"","background-media":"","overlay-type":"","overlay-color":"","overlay-opacity":"","overlay-gradient":""},"tablet":{"background-color":"var(--ast-global-color-5)","background-image":"","background-repeat":"repeat","background-position":"center center","background-size":"auto","background-attachment":"scroll","background-type":"","background-media":"","overlay-type":"","overlay-color":"","overlay-opacity":"","overlay-gradient":""},"mobile":{"background-color":"var(--ast-global-color-5)","background-image":"","background-repeat":"repeat","background-position":"center center","background-size":"auto","background-attachment":"scroll","background-type":"","background-media":"","overlay-type":"","overlay-color":"","overlay-opacity":"","overlay-gradient":""}}},"product_brand":[],"product_cat":[335],"product_tag":[4210,4206,4209,4213,4214,4204,252],"class_list":{"0":"post-6238","1":"product","2":"type-product","3":"status-publish","4":"has-post-thumbnail","6":"product_cat-led-strip-24-volt","7":"product_tag-cabine-led-strip","8":"product_tag-led-strip-24-volt","9":"product_tag-led-strip-24v","10":"product_tag-led-strip-rood","11":"product_tag-led-strip-rood-24-volt","12":"product_tag-led-strip-vrachtwagen","13":"product_tag-truckstyling","14":"pa_merkk-product-all-day-led","15":"desktop-align-left","16":"tablet-align-left","17":"mobile-align-left","19":"first","20":"instock","21":"taxable","22":"shipping-taxable","23":"purchasable","24":"product-type-simple"},"acf":[],"yoast_head":"<!-- This site is optimized with the Yoast SEO Premium plugin v25.9 (Yoast SEO v27.6) - https:\/\/yoast.com\/product\/yoast-seo-premium-wordpress\/ -->\n<title>24 Volt LED strip rood - IP65 - 2,5 meter - All Day Led<\/title>\n<meta name=\"description\" content=\"24 Volt LED strip rood - rood verlichte vrachtwagen cabine - past in de gordijn rails van een vrachtwagen - met silicone laag\" \/>\n<meta name=\"robots\" content=\"noindex, follow, max-snippet:-1, max-image-preview:large, max-video-preview:-1\" \/>\n<meta property=\"og:locale\" content=\"de_DE\" \/>\n<meta property=\"og:type\" content=\"article\" \/>\n<meta property=\"og:title\" content=\"24 Volt LED strip rood - IP65 - 2,5 meter - All Day Led\" \/>\n<meta property=\"og:description\" content=\"24 Volt LED strip rood - rood verlichte vrachtwagen cabine - past in de gordijn rails van een vrachtwagen - met silicone laag\" \/>\n<meta property=\"og:url\" content=\"https:\/\/www.oudadl.testontwikkeling.nl\/de\/produkt\/led-streifen-24-volt-rot-2-5-65-3528\/\" \/>\n<meta property=\"og:site_name\" content=\"All Day Led\" \/>\n<meta property=\"article:publisher\" content=\"https:\/\/www.facebook.com\/alldayled\/\" \/>\n<meta property=\"article:modified_time\" content=\"2025-12-04T20:47:11+00:00\" \/>\n<meta property=\"og:image\" content=\"https:\/\/www.oudadl.testontwikkeling.nl\/wp-content\/uploads\/2020\/03\/ADL653525-R-1.png\" \/>\n\t<meta property=\"og:image:width\" content=\"800\" \/>\n\t<meta property=\"og:image:height\" content=\"600\" \/>\n\t<meta property=\"og:image:type\" content=\"image\/png\" \/>\n<meta name=\"twitter:label1\" content=\"Preis\" \/>\n\t<meta name=\"twitter:data1\" content=\"&euro;17,50\" \/>\n\t<meta name=\"twitter:label2\" content=\"Verf\u00fcgbarkeit\" \/>\n\t<meta name=\"twitter:data2\" content=\"Auf Lager\" \/>\n<script type=\"application\/ld+json\" class=\"yoast-schema-graph\">{\"@context\":\"https:\\\/\\\/schema.org\",\"@graph\":[{\"@type\":\"WebPage\",\"@id\":\"https:\\\/\\\/www.oudadl.testontwikkeling.nl\\\/nl\\\/product\\\/led-strip-24-volt-rood-2-5-65-3528\\\/\",\"url\":\"https:\\\/\\\/www.oudadl.testontwikkeling.nl\\\/nl\\\/product\\\/led-strip-24-volt-rood-2-5-65-3528\\\/\",\"name\":\"24 Volt LED strip rood - IP65 - 2,5 meter - All Day Led\",\"isPartOf\":{\"@id\":\"https:\\\/\\\/www.oudadl.testontwikkeling.nl\\\/#website\"},\"primaryImageOfPage\":{\"@id\":\"https:\\\/\\\/www.oudadl.testontwikkeling.nl\\\/nl\\\/product\\\/led-strip-24-volt-rood-2-5-65-3528\\\/#primaryimage\"},\"image\":{\"@id\":\"https:\\\/\\\/www.oudadl.testontwikkeling.nl\\\/nl\\\/product\\\/led-strip-24-volt-rood-2-5-65-3528\\\/#primaryimage\"},\"thumbnailUrl\":\"https:\\\/\\\/www.oudadl.testontwikkeling.nl\\\/wp-content\\\/uploads\\\/2020\\\/03\\\/ADL653525-R.png\",\"datePublished\":\"2020-03-11T13:46:12+00:00\",\"dateModified\":\"2025-12-04T20:47:11+00:00\",\"description\":\"24 Volt LED strip rood - rood verlichte vrachtwagen cabine - past in de gordijn rails van een vrachtwagen - met silicone laag\",\"breadcrumb\":{\"@id\":\"https:\\\/\\\/www.oudadl.testontwikkeling.nl\\\/nl\\\/product\\\/led-strip-24-volt-rood-2-5-65-3528\\\/#breadcrumb\"},\"inLanguage\":\"de\",\"potentialAction\":[{\"@type\":\"ReadAction\",\"target\":[\"https:\\\/\\\/www.oudadl.testontwikkeling.nl\\\/nl\\\/product\\\/led-strip-24-volt-rood-2-5-65-3528\\\/\"]}]},{\"@type\":\"ImageObject\",\"inLanguage\":\"de\",\"@id\":\"https:\\\/\\\/www.oudadl.testontwikkeling.nl\\\/nl\\\/product\\\/led-strip-24-volt-rood-2-5-65-3528\\\/#primaryimage\",\"url\":\"https:\\\/\\\/www.oudadl.testontwikkeling.nl\\\/wp-content\\\/uploads\\\/2020\\\/03\\\/ADL653525-R.png\",\"contentUrl\":\"https:\\\/\\\/www.oudadl.testontwikkeling.nl\\\/wp-content\\\/uploads\\\/2020\\\/03\\\/ADL653525-R.png\",\"width\":800,\"height\":600,\"caption\":\"24 Volt LED strip rood 2.5 met silicone laag IP65 - EAN: 6090450388364\"},{\"@type\":\"BreadcrumbList\",\"@id\":\"https:\\\/\\\/www.oudadl.testontwikkeling.nl\\\/nl\\\/product\\\/led-strip-24-volt-rood-2-5-65-3528\\\/#breadcrumb\",\"itemListElement\":[{\"@type\":\"ListItem\",\"position\":1,\"name\":\"Home\",\"item\":\"https:\\\/\\\/www.oudadl.testontwikkeling.nl\\\/\"},{\"@type\":\"ListItem\",\"position\":2,\"name\":\"Shop\",\"item\":\"https:\\\/\\\/www.oudadl.testontwikkeling.nl\\\/de\\\/shop\\\/\"},{\"@type\":\"ListItem\",\"position\":3,\"name\":\"Verlichting\",\"item\":\"https:\\\/\\\/www.oudadl.testontwikkeling.nl\\\/product-categorie\\\/verlichting\\\/\"},{\"@type\":\"ListItem\",\"position\":4,\"name\":\"Verlichting 24 Volt\",\"item\":\"https:\\\/\\\/www.oudadl.testontwikkeling.nl\\\/product-categorie\\\/verlichting\\\/verlichting-24-volt\\\/\"},{\"@type\":\"ListItem\",\"position\":5,\"name\":\"LED strip 24 volt\",\"item\":\"https:\\\/\\\/www.oudadl.testontwikkeling.nl\\\/product-categorie\\\/verlichting\\\/verlichting-24-volt\\\/led-strip-24-volt\\\/\"},{\"@type\":\"ListItem\",\"position\":6,\"name\":\"LED strip 24 volt rood 3528 IP65 2,5 meter\"}]},{\"@type\":\"WebSite\",\"@id\":\"https:\\\/\\\/www.oudadl.testontwikkeling.nl\\\/#website\",\"url\":\"https:\\\/\\\/www.oudadl.testontwikkeling.nl\\\/\",\"name\":\"All Day Led\",\"description\":\"\",\"publisher\":{\"@id\":\"https:\\\/\\\/www.oudadl.testontwikkeling.nl\\\/#organization\"},\"potentialAction\":[{\"@type\":\"SearchAction\",\"target\":{\"@type\":\"EntryPoint\",\"urlTemplate\":\"https:\\\/\\\/www.oudadl.testontwikkeling.nl\\\/?s={search_term_string}\"},\"query-input\":{\"@type\":\"PropertyValueSpecification\",\"valueRequired\":true,\"valueName\":\"search_term_string\"}}],\"inLanguage\":\"de\"},{\"@type\":\"Organization\",\"@id\":\"https:\\\/\\\/www.oudadl.testontwikkeling.nl\\\/#organization\",\"name\":\"All Day Led\",\"url\":\"https:\\\/\\\/www.oudadl.testontwikkeling.nl\\\/\",\"logo\":{\"@type\":\"ImageObject\",\"inLanguage\":\"de\",\"@id\":\"https:\\\/\\\/www.oudadl.testontwikkeling.nl\\\/#\\\/schema\\\/logo\\\/image\\\/\",\"url\":\"https:\\\/\\\/www.oudadl.testontwikkeling.nl\\\/wp-content\\\/uploads\\\/2022\\\/08\\\/Logo-ALL-DAY-LED-800x800-zwart-witte-letters.png\",\"contentUrl\":\"https:\\\/\\\/www.oudadl.testontwikkeling.nl\\\/wp-content\\\/uploads\\\/2022\\\/08\\\/Logo-ALL-DAY-LED-800x800-zwart-witte-letters.png\",\"width\":800,\"height\":800,\"caption\":\"All Day Led\"},\"image\":{\"@id\":\"https:\\\/\\\/www.oudadl.testontwikkeling.nl\\\/#\\\/schema\\\/logo\\\/image\\\/\"},\"sameAs\":[\"https:\\\/\\\/www.facebook.com\\\/alldayled\\\/\",\"https:\\\/\\\/www.instagram.com\\\/alldayled\\\/\"],\"vatID\":\"NL863960133B01\",\"taxID\":\"86416545\",\"hasMerchantReturnPolicy\":{\"@type\":\"MerchantReturnPolicy\",\"merchantReturnLink\":\"https:\\\/\\\/www.oudadl.testontwikkeling.nl\\\/de\\\/verzenden-retourneren\\\/\"}}]}<\/script>\n<meta property=\"product:brand\" content=\"All Day Led\" \/>\n<meta property=\"product:price:amount\" content=\"17.50\" \/>\n<meta property=\"product:price:currency\" content=\"EUR\" \/>\n<meta property=\"og:availability\" content=\"instock\" \/>\n<meta property=\"product:availability\" content=\"instock\" \/>\n<meta property=\"product:retailer_item_id\" content=\"ADL653525-R\" \/>\n<meta property=\"product:condition\" content=\"new\" \/>\n<!-- \/ Yoast SEO Premium plugin. -->","yoast_head_json":{"title":"24 Volt LED Streifen rot - IP65 - 2,5 Meter - All Day Led","description":"24 Volt LED Streifen rot - rot beleuchtete LKW-Kabine - passt in die Vorhangschienen eines LKW - mit Silikonschicht","robots":{"index":"noindex","follow":"follow","max-snippet":"max-snippet:-1","max-image-preview":"max-image-preview:large","max-video-preview":"max-video-preview:-1"},"og_locale":"de_DE","og_type":"article","og_title":"24 Volt LED strip rood - IP65 - 2,5 meter - All Day Led","og_description":"24 Volt LED strip rood - rood verlichte vrachtwagen cabine - past in de gordijn rails van een vrachtwagen - met silicone laag","og_url":"https:\/\/www.oudadl.testontwikkeling.nl\/de\/produkt\/led-streifen-24-volt-rot-2-5-65-3528\/","og_site_name":"All Day Led","article_publisher":"https:\/\/www.facebook.com\/alldayled\/","article_modified_time":"2025-12-04T20:47:11+00:00","og_image":[{"width":800,"height":600,"url":"https:\/\/www.oudadl.testontwikkeling.nl\/wp-content\/uploads\/2020\/03\/ADL653525-R-1.png","type":"image\/png"}],"twitter_misc":{"Preis":"&euro;17,50","Verf\u00fcgbarkeit":"Auf Lager"},"schema":{"@context":"https:\/\/schema.org","@graph":[{"@type":"WebPage","@id":"https:\/\/www.oudadl.testontwikkeling.nl\/nl\/product\/led-strip-24-volt-rood-2-5-65-3528\/","url":"https:\/\/www.oudadl.testontwikkeling.nl\/nl\/product\/led-strip-24-volt-rood-2-5-65-3528\/","name":"24 Volt LED Streifen rot - IP65 - 2,5 Meter - All Day Led","isPartOf":{"@id":"https:\/\/www.oudadl.testontwikkeling.nl\/#website"},"primaryImageOfPage":{"@id":"https:\/\/www.oudadl.testontwikkeling.nl\/nl\/product\/led-strip-24-volt-rood-2-5-65-3528\/#primaryimage"},"image":{"@id":"https:\/\/www.oudadl.testontwikkeling.nl\/nl\/product\/led-strip-24-volt-rood-2-5-65-3528\/#primaryimage"},"thumbnailUrl":"https:\/\/www.oudadl.testontwikkeling.nl\/wp-content\/uploads\/2020\/03\/ADL653525-R.png","datePublished":"2020-03-11T13:46:12+00:00","dateModified":"2025-12-04T20:47:11+00:00","description":"24 Volt LED Streifen rot - rot beleuchtete LKW-Kabine - passt in die Vorhangschienen eines LKW - mit Silikonschicht","breadcrumb":{"@id":"https:\/\/www.oudadl.testontwikkeling.nl\/nl\/product\/led-strip-24-volt-rood-2-5-65-3528\/#breadcrumb"},"inLanguage":"de","potentialAction":[{"@type":"ReadAction","target":["https:\/\/www.oudadl.testontwikkeling.nl\/nl\/product\/led-strip-24-volt-rood-2-5-65-3528\/"]}]},{"@type":"ImageObject","inLanguage":"de","@id":"https:\/\/www.oudadl.testontwikkeling.nl\/nl\/product\/led-strip-24-volt-rood-2-5-65-3528\/#primaryimage","url":"https:\/\/www.oudadl.testontwikkeling.nl\/wp-content\/uploads\/2020\/03\/ADL653525-R.png","contentUrl":"https:\/\/www.oudadl.testontwikkeling.nl\/wp-content\/uploads\/2020\/03\/ADL653525-R.png","width":800,"height":600,"caption":"24 Volt LED strip rood 2.5 met silicone laag IP65 - EAN: 6090450388364"},{"@type":"BreadcrumbList","@id":"https:\/\/www.oudadl.testontwikkeling.nl\/nl\/product\/led-strip-24-volt-rood-2-5-65-3528\/#breadcrumb","itemListElement":[{"@type":"ListItem","position":1,"name":"Home","item":"https:\/\/www.oudadl.testontwikkeling.nl\/"},{"@type":"ListItem","position":2,"name":"Shop","item":"https:\/\/www.oudadl.testontwikkeling.nl\/de\/shop\/"},{"@type":"ListItem","position":3,"name":"Verlichting","item":"https:\/\/www.oudadl.testontwikkeling.nl\/product-categorie\/verlichting\/"},{"@type":"ListItem","position":4,"name":"Verlichting 24 Volt","item":"https:\/\/www.oudadl.testontwikkeling.nl\/product-categorie\/verlichting\/verlichting-24-volt\/"},{"@type":"ListItem","position":5,"name":"LED strip 24 volt","item":"https:\/\/www.oudadl.testontwikkeling.nl\/product-categorie\/verlichting\/verlichting-24-volt\/led-strip-24-volt\/"},{"@type":"ListItem","position":6,"name":"LED strip 24 volt rood 3528 IP65 2,5 meter"}]},{"@type":"WebSite","@id":"https:\/\/www.oudadl.testontwikkeling.nl\/#website","url":"https:\/\/www.oudadl.testontwikkeling.nl\/","name":"All Day Led","description":"","publisher":{"@id":"https:\/\/www.oudadl.testontwikkeling.nl\/#organization"},"potentialAction":[{"@type":"SearchAction","target":{"@type":"EntryPoint","urlTemplate":"https:\/\/www.oudadl.testontwikkeling.nl\/?s={search_term_string}"},"query-input":{"@type":"PropertyValueSpecification","valueRequired":true,"valueName":"search_term_string"}}],"inLanguage":"de"},{"@type":"Organization","@id":"https:\/\/www.oudadl.testontwikkeling.nl\/#organization","name":"All Day Led","url":"https:\/\/www.oudadl.testontwikkeling.nl\/","logo":{"@type":"ImageObject","inLanguage":"de","@id":"https:\/\/www.oudadl.testontwikkeling.nl\/#\/schema\/logo\/image\/","url":"https:\/\/www.oudadl.testontwikkeling.nl\/wp-content\/uploads\/2022\/08\/Logo-ALL-DAY-LED-800x800-zwart-witte-letters.png","contentUrl":"https:\/\/www.oudadl.testontwikkeling.nl\/wp-content\/uploads\/2022\/08\/Logo-ALL-DAY-LED-800x800-zwart-witte-letters.png","width":800,"height":800,"caption":"All Day Led"},"image":{"@id":"https:\/\/www.oudadl.testontwikkeling.nl\/#\/schema\/logo\/image\/"},"sameAs":["https:\/\/www.facebook.com\/alldayled\/","https:\/\/www.instagram.com\/alldayled\/"],"vatID":"NL863960133B01","taxID":"86416545","hasMerchantReturnPolicy":{"@type":"MerchantReturnPolicy","merchantReturnLink":"https:\/\/www.oudadl.testontwikkeling.nl\/de\/verzenden-retourneren\/"}}]},"product_brand":"All Day Led","product_price_amount":"17.50","product_price_currency":"EUR","og_availability":"instock","product_availability":"instock","product_retailer_item_id":"ADL653525-R","product_condition":"new"},"_links":{"self":[{"href":"https:\/\/www.oudadl.testontwikkeling.nl\/de\/wp-json\/wp\/v2\/product\/6238","targetHints":{"allow":["GET"]}}],"collection":[{"href":"https:\/\/www.oudadl.testontwikkeling.nl\/de\/wp-json\/wp\/v2\/product"}],"about":[{"href":"https:\/\/www.oudadl.testontwikkeling.nl\/de\/wp-json\/wp\/v2\/types\/product"}],"replies":[{"embeddable":true,"href":"https:\/\/www.oudadl.testontwikkeling.nl\/de\/wp-json\/wp\/v2\/comments?post=6238"}],"wp:featuredmedia":[{"embeddable":true,"href":"https:\/\/www.oudadl.testontwikkeling.nl\/de\/wp-json\/wp\/v2\/media\/17274"}],"wp:attachment":[{"href":"https:\/\/www.oudadl.testontwikkeling.nl\/de\/wp-json\/wp\/v2\/media?parent=6238"}],"wp:term":[{"taxonomy":"product_brand","embeddable":true,"href":"https:\/\/www.oudadl.testontwikkeling.nl\/de\/wp-json\/wp\/v2\/product_brand?post=6238"},{"taxonomy":"product_cat","embeddable":true,"href":"https:\/\/www.oudadl.testontwikkeling.nl\/de\/wp-json\/wp\/v2\/product_cat?post=6238"},{"taxonomy":"product_tag","embeddable":true,"href":"https:\/\/www.oudadl.testontwikkeling.nl\/de\/wp-json\/wp\/v2\/product_tag?post=6238"}],"curies":[{"name":"wp","href":"https:\/\/api.w.org\/{rel}","templated":true}]}}