{"id":6224,"date":"2019-03-26T16:21:12","date_gmt":"2019-03-26T14:21:12","guid":{"rendered":"https:\/\/www.oudadl.testontwikkeling.nl\/product\/import-placeholder-for-236237\/"},"modified":"2025-11-04T15:15:54","modified_gmt":"2025-11-04T14:15:54","slug":"leuchtkasten-illumiled-140308-24v","status":"publish","type":"product","link":"https:\/\/www.oudadl.testontwikkeling.nl\/de\/product\/lichtbak-illumiled-140308-24v\/","title":{"rendered":"IllumiLED Leuchtkasten 140*30*8 24V"},"content":{"rendered":"<p><span style=\"color: #000000\"><strong>LED Leuchtkasten IllumiLED 140 x 30 x 8 cm f\u00fcr 24 Volt.<\/strong><\/span><\/p>\n<p><span style=\"color: #000000\">Suchen Sie nach einer M\u00f6glichkeit, Ihren Firmennamen oder Ihre Werbung auf Ihrem LKW sichtbar zu machen? Dann k\u00f6nnte diese 8 cm tiefe LED-Leuchtbox der Marke IllumiLED die L\u00f6sung sein, nach der Sie suchen. Mit einer LED-Leuchtbox k\u00f6nnen Sie sicher sein, dass Ihr Firmenname oder Ihre Werbung nicht nur bei Tageslicht, sondern auch bei Nacht sichtbar ist. Diese aus Kunststoff gefertigte LED-Leuchtbox wird mit durchscheinendem Milchglas geliefert. Auf diese Weise k\u00f6nnen Sie dem Plexiglas auf einfache Weise Ihren Firmennamen oder Ihre Werbung geben. Die Lichtbox IllumiLED LED 140x30x8 cm kann nur mit 24 Volt verwendet werden. Dies bedeutet, dass Sie diese LED-Leuchtbox beispielsweise nur f\u00fcr Ihren LKW verwenden k\u00f6nnen.\u00a0<\/span><\/p>\n<p><span style=\"color: #000000\">Diese LED-Leuchtbox der Marke IllumiLED besteht aus hochwertigem Material, sodass Sie sicher sein k\u00f6nnen, dass sie einige Zeit h\u00e4lt. Diese LED Leuchtbox besteht komplett aus Kunststoff ledig und ist daher extrem leicht. Auf der R\u00fcckseite des LED-Leuchtkastens sind Montageschienen montiert. Diese Schienen bestehen aus Aluminium. Da die Schienen aus Aluminium bestehen, k\u00f6nnen Sie sicher sein, dass die Montage auch lange h\u00e4lt. Diese LED Leuchtbox der Marke IllumiLED hat eine Dicke von 8 Zentimetern, die H\u00f6he der Leuchtbox betr\u00e4gt 30 Zentimeter.<\/span><\/p>\n<h5><span style=\"color: #000000\"><strong>Abmessungen:<\/strong><\/span><\/h5>\n<p><span style=\"color: #000000\">Die Abmessungen dieses LED Leuchtkasten der Marke IllumiLED sind wie folgt:<\/span><\/p>\n<ul>\n<li><span style=\"color: #000000\">L\u00e4nge: 140 cm<\/span><\/li>\n<li><span style=\"color: #000000\">H\u00f6he: 30 cm<\/span><\/li>\n<li><span style=\"color: #000000\">Dicke: 8 cm<\/span><\/li>\n<\/ul>\n<h5><span style=\"color: #000000\"><strong>Befestigungsmaterial:<\/strong><\/span><\/h5>\n<p><span style=\"color: #000000\">Es gibt drei M\u00f6glichkeiten, diesen Leuchtkasten IllumiLED 140x30x8 an Ihrer LKW-Kabine zu montieren. Folgende Optionen stehen f\u00fcr die Montage des LED-Leuchtkastens an Ihrem LKW zur Verf\u00fcgung:<\/span><\/p>\n<ul>\n<li><span style=\"color: #000000\"><strong><a style=\"color: #000000\" href=\"https:\/\/www.oudadl.testontwikkeling.nl\/de\/produkt\/montagehalterung-lichtbox-frontkabine\/\">Kabinenfront Montagesatz<\/a><\/strong><\/span><\/li>\n<li><span style=\"color: #000000\"><strong><a style=\"color: #000000\" href=\"https:\/\/www.oudadl.testontwikkeling.nl\/de\/produkt\/montagehalterung-lichtbox-lampenhalterung\/\">Lampenhalterungs Montagesatz\u00a0<\/a><\/strong><\/span><\/li>\n<li><span style=\"color: #000000\"><strong><a style=\"color: #000000\" href=\"https:\/\/www.oudadl.testontwikkeling.nl\/de\/produkt\/montagehalterung-lichtbox-fur-dachkabine\/\">Kabinendach Montagesatz<\/a><\/strong><\/span><\/li>\n<\/ul>\n<h5><span style=\"color: #000000\"><strong>Andere Abmessungen:<\/strong><\/span><\/h5>\n<p><span style=\"color: #000000\">Ist diese IllumiLED LED Leuchtkasten mit 140x30x8 Zentimetern nicht das, wonach Sie suchen? Dann wissen Sie, dass diese LED Leuchtkasten von IllumiLED auch in den folgenden Abmessungen erh\u00e4ltlich ist:<\/span><\/p>\n<ul>\n<li><span style=\"color: #000000\"><strong><a style=\"color: #000000\" href=\"https:\/\/www.oudadl.testontwikkeling.nl\/de\/produkt\/leuchtkasten-illumiled-110258-24v\/\">110 cm x 25 cm x 8 cm<\/a><\/strong><\/span><\/li>\n<li><span style=\"color: #000000\"><strong><a style=\"color: #000000\" href=\"https:\/\/www.oudadl.testontwikkeling.nl\/de\/produkt\/leuchtkasten-illumiled-110308-24v\/\">110 cm x 30 cm x 8 cm<\/a><\/strong><\/span><\/li>\n<li><span style=\"color: #000000\"><strong><a style=\"color: #000000\" href=\"https:\/\/www.oudadl.testontwikkeling.nl\/de\/produkt\/leuchtkasten-illumiled-125258-24v\/\">125 cm x 25 cm x 8 cm<\/a><\/strong><\/span><\/li>\n<li><span style=\"color: #000000\"><strong><a style=\"color: #000000\" href=\"https:\/\/www.oudadl.testontwikkeling.nl\/de\/produkt\/leuchtkasten-illumiled-125308-24v\/\">125 cm x 30 cm x 8 cm<\/a><\/strong><\/span><\/li>\n<\/ul>\n<p><span style=\"color: #000000\">M\u00f6chten Sie eine LED-Leuchtbox der Marke IllumiLED kaufen, aber die Dicke von 8 Zentimetern ist nicht das, wonach Sie suchen? Dann sehen Sie sich die Leuchtk\u00e4sten IllumiLED mit einer Dicke von hier an <a style=\"color: #000000\" href=\"https:\/\/www.oudadl.testontwikkeling.nl\/de\/produkt-kategorie\/led-leuchtreklame\/illumiled-sign-nl\/lichtreclame-15cm-dikte\/\">15 Zentimeter<\/a>.<\/span><\/p>","protected":false},"excerpt":{"rendered":"<p>LED lichtbak IllumiLED 140 x 30 x 8 cm voor 24 volt gebruik. Bent u opzoek naar een manier om uw bedrijfsnaam of reclame goed zichtbaar te maken op uw vrachtwagen? Dan is deze 8 cm diepe LED lichtbak van het merk IllumiLED wellicht d\u00e9 oplossing waarnaar u opzoek bent. Met een LED lichtbak bent [&hellip;]<\/p>\n","protected":false},"featured_media":10202,"comment_status":"open","ping_status":"closed","template":"","meta":{"_acf_changed":false,"site-sidebar-layout":"default","site-content-layout":"default","ast-site-content-layout":"default","site-content-style":"default","site-sidebar-style":"default","ast-global-header-display":"","ast-banner-title-visibility":"","ast-main-header-display":"","ast-hfb-above-header-display":"","ast-hfb-below-header-display":"","ast-hfb-mobile-header-display":"","site-post-title":"","ast-breadcrumbs-content":"","ast-featured-img":"","footer-sml-layout":"","ast-disable-related-posts":"","theme-transparent-header-meta":"default","adv-header-id-meta":"","stick-header-meta":"","header-above-stick-meta":"","header-main-stick-meta":"","header-below-stick-meta":"","astra-migrate-meta-layouts":"default","ast-page-background-enabled":"default","ast-page-background-meta":{"desktop":{"background-color":"","background-image":"","background-repeat":"repeat","background-position":"center center","background-size":"auto","background-attachment":"scroll","background-type":"","background-media":"","overlay-type":"","overlay-color":"","overlay-opacity":"","overlay-gradient":""},"tablet":{"background-color":"","background-image":"","background-repeat":"repeat","background-position":"center center","background-size":"auto","background-attachment":"scroll","background-type":"","background-media":"","overlay-type":"","overlay-color":"","overlay-opacity":"","overlay-gradient":""},"mobile":{"background-color":"","background-image":"","background-repeat":"repeat","background-position":"center center","background-size":"auto","background-attachment":"scroll","background-type":"","background-media":"","overlay-type":"","overlay-color":"","overlay-opacity":"","overlay-gradient":""}},"ast-content-background-meta":{"desktop":{"background-color":"var(--ast-global-color-5)","background-image":"","background-repeat":"repeat","background-position":"center center","background-size":"auto","background-attachment":"scroll","background-type":"","background-media":"","overlay-type":"","overlay-color":"","overlay-opacity":"","overlay-gradient":""},"tablet":{"background-color":"var(--ast-global-color-5)","background-image":"","background-repeat":"repeat","background-position":"center center","background-size":"auto","background-attachment":"scroll","background-type":"","background-media":"","overlay-type":"","overlay-color":"","overlay-opacity":"","overlay-gradient":""},"mobile":{"background-color":"var(--ast-global-color-5)","background-image":"","background-repeat":"repeat","background-position":"center center","background-size":"auto","background-attachment":"scroll","background-type":"","background-media":"","overlay-type":"","overlay-color":"","overlay-opacity":"","overlay-gradient":""}}},"product_brand":[],"product_cat":[330,325],"product_tag":[327,4942,4941,4939,4938,328,5009,4940,329],"class_list":{"0":"post-6224","1":"product","2":"type-product","3":"status-publish","4":"has-post-thumbnail","6":"product_cat-illumiled-lichtbak-8-centimeter-24-volt","7":"product_cat-illumiled-sign-nl","8":"product_tag-illumiled","9":"product_tag-illumiled-lichtbak","10":"product_tag-illumiled-sign","11":"product_tag-led-lichtbak-24-volt","12":"product_tag-led-lichtbak-vrachtwagen","13":"product_tag-lichtbak","14":"product_tag-lichtbak-camion","15":"product_tag-lichtbak-vrachtwagen","16":"product_tag-lichtreclame","17":"pa_merkk-illumiled","18":"desktop-align-left","19":"tablet-align-left","20":"mobile-align-left","22":"first","23":"instock","24":"taxable","25":"shipping-taxable","26":"purchasable","27":"product-type-simple"},"acf":[],"yoast_head":"<!-- This site is optimized with the Yoast SEO Premium plugin v25.9 (Yoast SEO v27.6) - https:\/\/yoast.com\/product\/yoast-seo-premium-wordpress\/ -->\n<title>Lichtbak illumiLED 140x30x8 - lichtreclame voor uw vrachtwagen 24 Volt<\/title>\n<meta name=\"description\" content=\"Lichtbak illumiLED 140x30x8 - spoiler model LED lichtbak - LED lichtreclame voor jou vrachtwagen - voor 24 volt gebruik - Zweedse kwaliteit\" \/>\n<meta name=\"robots\" content=\"noindex, follow, max-snippet:-1, max-image-preview:large, max-video-preview:-1\" \/>\n<meta property=\"og:locale\" content=\"de_DE\" \/>\n<meta property=\"og:type\" content=\"article\" \/>\n<meta property=\"og:title\" content=\"Lichtbak illumiLED 140*30*8 24V\" \/>\n<meta property=\"og:description\" content=\"LED lichtbak IllumiLED 140 x 30 x 8 cm voor 24 volt gebruik. Bent u opzoek naar een manier om uw bedrijfsnaam of reclame goed zichtbaar te maken op uw\" \/>\n<meta property=\"og:url\" content=\"https:\/\/www.oudadl.testontwikkeling.nl\/de\/produkt\/leuchtkasten-illumiled-140308-24v\/\" \/>\n<meta property=\"og:site_name\" content=\"All Day Led\" \/>\n<meta property=\"article:publisher\" content=\"https:\/\/www.facebook.com\/alldayled\/\" \/>\n<meta property=\"article:modified_time\" content=\"2025-11-04T14:15:54+00:00\" \/>\n<meta property=\"og:image\" content=\"https:\/\/www.oudadl.testontwikkeling.nl\/wp-content\/uploads\/2020\/03\/ADL830140-IllumiLED-8-centimeter.png\" \/>\n\t<meta property=\"og:image:width\" content=\"800\" \/>\n\t<meta property=\"og:image:height\" content=\"600\" \/>\n\t<meta property=\"og:image:type\" content=\"image\/png\" \/>\n<meta name=\"twitter:label1\" content=\"Preis\" \/>\n\t<meta name=\"twitter:data1\" content=\"&euro;449,00\" \/>\n\t<meta name=\"twitter:label2\" content=\"Verf\u00fcgbarkeit\" \/>\n\t<meta name=\"twitter:data2\" content=\"Auf Lager\" \/>\n<script type=\"application\/ld+json\" class=\"yoast-schema-graph\">{\"@context\":\"https:\\\/\\\/schema.org\",\"@graph\":[{\"@type\":\"WebPage\",\"@id\":\"https:\\\/\\\/www.oudadl.testontwikkeling.nl\\\/product\\\/lichtbak-illumiled-140308-24v\\\/\",\"url\":\"https:\\\/\\\/www.oudadl.testontwikkeling.nl\\\/product\\\/lichtbak-illumiled-140308-24v\\\/\",\"name\":\"Lichtbak illumiLED 140x30x8 - lichtreclame voor uw vrachtwagen 24 Volt\",\"isPartOf\":{\"@id\":\"https:\\\/\\\/www.oudadl.testontwikkeling.nl\\\/#website\"},\"primaryImageOfPage\":{\"@id\":\"https:\\\/\\\/www.oudadl.testontwikkeling.nl\\\/product\\\/lichtbak-illumiled-140308-24v\\\/#primaryimage\"},\"image\":{\"@id\":\"https:\\\/\\\/www.oudadl.testontwikkeling.nl\\\/product\\\/lichtbak-illumiled-140308-24v\\\/#primaryimage\"},\"thumbnailUrl\":\"https:\\\/\\\/www.oudadl.testontwikkeling.nl\\\/wp-content\\\/uploads\\\/2020\\\/03\\\/ADL830140-IllumiLED-8-centimeter.png\",\"datePublished\":\"2019-03-26T14:21:12+00:00\",\"dateModified\":\"2025-11-04T14:15:54+00:00\",\"description\":\"Lichtbak illumiLED 140x30x8 - spoiler model LED lichtbak - LED lichtreclame voor jou vrachtwagen - voor 24 volt gebruik - Zweedse kwaliteit\",\"breadcrumb\":{\"@id\":\"https:\\\/\\\/www.oudadl.testontwikkeling.nl\\\/product\\\/lichtbak-illumiled-140308-24v\\\/#breadcrumb\"},\"inLanguage\":\"de\",\"potentialAction\":[{\"@type\":\"ReadAction\",\"target\":[\"https:\\\/\\\/www.oudadl.testontwikkeling.nl\\\/product\\\/lichtbak-illumiled-140308-24v\\\/\"]}]},{\"@type\":\"ImageObject\",\"inLanguage\":\"de\",\"@id\":\"https:\\\/\\\/www.oudadl.testontwikkeling.nl\\\/product\\\/lichtbak-illumiled-140308-24v\\\/#primaryimage\",\"url\":\"https:\\\/\\\/www.oudadl.testontwikkeling.nl\\\/wp-content\\\/uploads\\\/2020\\\/03\\\/ADL830140-IllumiLED-8-centimeter.png\",\"contentUrl\":\"https:\\\/\\\/www.oudadl.testontwikkeling.nl\\\/wp-content\\\/uploads\\\/2020\\\/03\\\/ADL830140-IllumiLED-8-centimeter.png\",\"width\":800,\"height\":600,\"caption\":\"LED lichtbak illumiLED 140x30x8 - lichtbak voor vrachtwagen 24 volt\"},{\"@type\":\"BreadcrumbList\",\"@id\":\"https:\\\/\\\/www.oudadl.testontwikkeling.nl\\\/product\\\/lichtbak-illumiled-140308-24v\\\/#breadcrumb\",\"itemListElement\":[{\"@type\":\"ListItem\",\"position\":1,\"name\":\"Home\",\"item\":\"https:\\\/\\\/www.oudadl.testontwikkeling.nl\\\/\"},{\"@type\":\"ListItem\",\"position\":2,\"name\":\"Shop\",\"item\":\"https:\\\/\\\/www.oudadl.testontwikkeling.nl\\\/de\\\/shop\\\/\"},{\"@type\":\"ListItem\",\"position\":3,\"name\":\"Lichtreclame\",\"item\":\"https:\\\/\\\/www.oudadl.testontwikkeling.nl\\\/product-categorie\\\/led-lichtreclame\\\/\"},{\"@type\":\"ListItem\",\"position\":4,\"name\":\"IllumiLED lichtreclame\",\"item\":\"https:\\\/\\\/www.oudadl.testontwikkeling.nl\\\/product-categorie\\\/led-lichtreclame\\\/illumiled-sign-nl\\\/\"},{\"@type\":\"ListItem\",\"position\":5,\"name\":\"Lichtbak illumiLED 140*30*8 24V\"}]},{\"@type\":\"WebSite\",\"@id\":\"https:\\\/\\\/www.oudadl.testontwikkeling.nl\\\/#website\",\"url\":\"https:\\\/\\\/www.oudadl.testontwikkeling.nl\\\/\",\"name\":\"All Day Led\",\"description\":\"\",\"publisher\":{\"@id\":\"https:\\\/\\\/www.oudadl.testontwikkeling.nl\\\/#organization\"},\"potentialAction\":[{\"@type\":\"SearchAction\",\"target\":{\"@type\":\"EntryPoint\",\"urlTemplate\":\"https:\\\/\\\/www.oudadl.testontwikkeling.nl\\\/?s={search_term_string}\"},\"query-input\":{\"@type\":\"PropertyValueSpecification\",\"valueRequired\":true,\"valueName\":\"search_term_string\"}}],\"inLanguage\":\"de\"},{\"@type\":\"Organization\",\"@id\":\"https:\\\/\\\/www.oudadl.testontwikkeling.nl\\\/#organization\",\"name\":\"All Day Led\",\"url\":\"https:\\\/\\\/www.oudadl.testontwikkeling.nl\\\/\",\"logo\":{\"@type\":\"ImageObject\",\"inLanguage\":\"de\",\"@id\":\"https:\\\/\\\/www.oudadl.testontwikkeling.nl\\\/#\\\/schema\\\/logo\\\/image\\\/\",\"url\":\"https:\\\/\\\/www.oudadl.testontwikkeling.nl\\\/wp-content\\\/uploads\\\/2022\\\/08\\\/Logo-ALL-DAY-LED-800x800-zwart-witte-letters.png\",\"contentUrl\":\"https:\\\/\\\/www.oudadl.testontwikkeling.nl\\\/wp-content\\\/uploads\\\/2022\\\/08\\\/Logo-ALL-DAY-LED-800x800-zwart-witte-letters.png\",\"width\":800,\"height\":800,\"caption\":\"All Day Led\"},\"image\":{\"@id\":\"https:\\\/\\\/www.oudadl.testontwikkeling.nl\\\/#\\\/schema\\\/logo\\\/image\\\/\"},\"sameAs\":[\"https:\\\/\\\/www.facebook.com\\\/alldayled\\\/\",\"https:\\\/\\\/www.instagram.com\\\/alldayled\\\/\"],\"vatID\":\"NL863960133B01\",\"taxID\":\"86416545\",\"hasMerchantReturnPolicy\":{\"@type\":\"MerchantReturnPolicy\",\"merchantReturnLink\":\"https:\\\/\\\/www.oudadl.testontwikkeling.nl\\\/de\\\/verzenden-retourneren\\\/\"}}]}<\/script>\n<meta property=\"product:brand\" content=\"IllumiLED\" \/>\n<meta property=\"product:price:amount\" content=\"449.00\" \/>\n<meta property=\"product:price:currency\" content=\"EUR\" \/>\n<meta property=\"og:availability\" content=\"instock\" \/>\n<meta property=\"product:availability\" content=\"instock\" \/>\n<meta property=\"product:retailer_item_id\" content=\"ADL830140\" \/>\n<meta property=\"product:condition\" content=\"new\" \/>\n<!-- \/ Yoast SEO Premium plugin. -->","yoast_head_json":{"title":"Lightbox illumiLED 140x30x8 - Leuchtreklame f\u00fcr Ihren LKW 24 Volt","description":"Leuchtkasten illumiLED 140x30x8 - Spoiler Modell LED Leuchtkasten - LED Leuchtreklame f\u00fcr Ihren LKW - f\u00fcr 24 Volt Einsatz - schwedische Qualit\u00e4t","robots":{"index":"noindex","follow":"follow","max-snippet":"max-snippet:-1","max-image-preview":"max-image-preview:large","max-video-preview":"max-video-preview:-1"},"og_locale":"de_DE","og_type":"article","og_title":"Lichtbak illumiLED 140*30*8 24V","og_description":"LED lichtbak IllumiLED 140 x 30 x 8 cm voor 24 volt gebruik. Bent u opzoek naar een manier om uw bedrijfsnaam of reclame goed zichtbaar te maken op uw","og_url":"https:\/\/www.oudadl.testontwikkeling.nl\/de\/produkt\/leuchtkasten-illumiled-140308-24v\/","og_site_name":"All Day Led","article_publisher":"https:\/\/www.facebook.com\/alldayled\/","article_modified_time":"2025-11-04T14:15:54+00:00","og_image":[{"width":800,"height":600,"url":"https:\/\/www.oudadl.testontwikkeling.nl\/wp-content\/uploads\/2020\/03\/ADL830140-IllumiLED-8-centimeter.png","type":"image\/png"}],"twitter_misc":{"Preis":"&euro;449,00","Verf\u00fcgbarkeit":"Auf Lager"},"schema":{"@context":"https:\/\/schema.org","@graph":[{"@type":"WebPage","@id":"https:\/\/www.oudadl.testontwikkeling.nl\/product\/lichtbak-illumiled-140308-24v\/","url":"https:\/\/www.oudadl.testontwikkeling.nl\/product\/lichtbak-illumiled-140308-24v\/","name":"Lightbox illumiLED 140x30x8 - Leuchtreklame f\u00fcr Ihren LKW 24 Volt","isPartOf":{"@id":"https:\/\/www.oudadl.testontwikkeling.nl\/#website"},"primaryImageOfPage":{"@id":"https:\/\/www.oudadl.testontwikkeling.nl\/product\/lichtbak-illumiled-140308-24v\/#primaryimage"},"image":{"@id":"https:\/\/www.oudadl.testontwikkeling.nl\/product\/lichtbak-illumiled-140308-24v\/#primaryimage"},"thumbnailUrl":"https:\/\/www.oudadl.testontwikkeling.nl\/wp-content\/uploads\/2020\/03\/ADL830140-IllumiLED-8-centimeter.png","datePublished":"2019-03-26T14:21:12+00:00","dateModified":"2025-11-04T14:15:54+00:00","description":"Leuchtkasten illumiLED 140x30x8 - Spoiler Modell LED Leuchtkasten - LED Leuchtreklame f\u00fcr Ihren LKW - f\u00fcr 24 Volt Einsatz - schwedische Qualit\u00e4t","breadcrumb":{"@id":"https:\/\/www.oudadl.testontwikkeling.nl\/product\/lichtbak-illumiled-140308-24v\/#breadcrumb"},"inLanguage":"de","potentialAction":[{"@type":"ReadAction","target":["https:\/\/www.oudadl.testontwikkeling.nl\/product\/lichtbak-illumiled-140308-24v\/"]}]},{"@type":"ImageObject","inLanguage":"de","@id":"https:\/\/www.oudadl.testontwikkeling.nl\/product\/lichtbak-illumiled-140308-24v\/#primaryimage","url":"https:\/\/www.oudadl.testontwikkeling.nl\/wp-content\/uploads\/2020\/03\/ADL830140-IllumiLED-8-centimeter.png","contentUrl":"https:\/\/www.oudadl.testontwikkeling.nl\/wp-content\/uploads\/2020\/03\/ADL830140-IllumiLED-8-centimeter.png","width":800,"height":600,"caption":"LED lichtbak illumiLED 140x30x8 - lichtbak voor vrachtwagen 24 volt"},{"@type":"BreadcrumbList","@id":"https:\/\/www.oudadl.testontwikkeling.nl\/product\/lichtbak-illumiled-140308-24v\/#breadcrumb","itemListElement":[{"@type":"ListItem","position":1,"name":"Home","item":"https:\/\/www.oudadl.testontwikkeling.nl\/"},{"@type":"ListItem","position":2,"name":"Shop","item":"https:\/\/www.oudadl.testontwikkeling.nl\/de\/shop\/"},{"@type":"ListItem","position":3,"name":"Lichtreclame","item":"https:\/\/www.oudadl.testontwikkeling.nl\/product-categorie\/led-lichtreclame\/"},{"@type":"ListItem","position":4,"name":"IllumiLED lichtreclame","item":"https:\/\/www.oudadl.testontwikkeling.nl\/product-categorie\/led-lichtreclame\/illumiled-sign-nl\/"},{"@type":"ListItem","position":5,"name":"Lichtbak illumiLED 140*30*8 24V"}]},{"@type":"WebSite","@id":"https:\/\/www.oudadl.testontwikkeling.nl\/#website","url":"https:\/\/www.oudadl.testontwikkeling.nl\/","name":"All Day Led","description":"","publisher":{"@id":"https:\/\/www.oudadl.testontwikkeling.nl\/#organization"},"potentialAction":[{"@type":"SearchAction","target":{"@type":"EntryPoint","urlTemplate":"https:\/\/www.oudadl.testontwikkeling.nl\/?s={search_term_string}"},"query-input":{"@type":"PropertyValueSpecification","valueRequired":true,"valueName":"search_term_string"}}],"inLanguage":"de"},{"@type":"Organization","@id":"https:\/\/www.oudadl.testontwikkeling.nl\/#organization","name":"All Day Led","url":"https:\/\/www.oudadl.testontwikkeling.nl\/","logo":{"@type":"ImageObject","inLanguage":"de","@id":"https:\/\/www.oudadl.testontwikkeling.nl\/#\/schema\/logo\/image\/","url":"https:\/\/www.oudadl.testontwikkeling.nl\/wp-content\/uploads\/2022\/08\/Logo-ALL-DAY-LED-800x800-zwart-witte-letters.png","contentUrl":"https:\/\/www.oudadl.testontwikkeling.nl\/wp-content\/uploads\/2022\/08\/Logo-ALL-DAY-LED-800x800-zwart-witte-letters.png","width":800,"height":800,"caption":"All Day Led"},"image":{"@id":"https:\/\/www.oudadl.testontwikkeling.nl\/#\/schema\/logo\/image\/"},"sameAs":["https:\/\/www.facebook.com\/alldayled\/","https:\/\/www.instagram.com\/alldayled\/"],"vatID":"NL863960133B01","taxID":"86416545","hasMerchantReturnPolicy":{"@type":"MerchantReturnPolicy","merchantReturnLink":"https:\/\/www.oudadl.testontwikkeling.nl\/de\/verzenden-retourneren\/"}}]},"product_brand":"IllumiLED","product_price_amount":"449.00","product_price_currency":"EUR","og_availability":"instock","product_availability":"instock","product_retailer_item_id":"ADL830140","product_condition":"new"},"_links":{"self":[{"href":"https:\/\/www.oudadl.testontwikkeling.nl\/de\/wp-json\/wp\/v2\/product\/6224","targetHints":{"allow":["GET"]}}],"collection":[{"href":"https:\/\/www.oudadl.testontwikkeling.nl\/de\/wp-json\/wp\/v2\/product"}],"about":[{"href":"https:\/\/www.oudadl.testontwikkeling.nl\/de\/wp-json\/wp\/v2\/types\/product"}],"replies":[{"embeddable":true,"href":"https:\/\/www.oudadl.testontwikkeling.nl\/de\/wp-json\/wp\/v2\/comments?post=6224"}],"wp:featuredmedia":[{"embeddable":true,"href":"https:\/\/www.oudadl.testontwikkeling.nl\/de\/wp-json\/wp\/v2\/media\/10202"}],"wp:attachment":[{"href":"https:\/\/www.oudadl.testontwikkeling.nl\/de\/wp-json\/wp\/v2\/media?parent=6224"}],"wp:term":[{"taxonomy":"product_brand","embeddable":true,"href":"https:\/\/www.oudadl.testontwikkeling.nl\/de\/wp-json\/wp\/v2\/product_brand?post=6224"},{"taxonomy":"product_cat","embeddable":true,"href":"https:\/\/www.oudadl.testontwikkeling.nl\/de\/wp-json\/wp\/v2\/product_cat?post=6224"},{"taxonomy":"product_tag","embeddable":true,"href":"https:\/\/www.oudadl.testontwikkeling.nl\/de\/wp-json\/wp\/v2\/product_tag?post=6224"}],"curies":[{"name":"wp","href":"https:\/\/api.w.org\/{rel}","templated":true}]}}