{"id":6153,"date":"2020-03-27T16:30:59","date_gmt":"2020-03-27T15:30:59","guid":{"rendered":"https:\/\/www.oudadl.testontwikkeling.nl\/product\/import-placeholder-for-236086\/"},"modified":"2025-12-09T18:09:44","modified_gmt":"2025-12-09T17:09:44","slug":"gylle-led-umrissleuchte-xenon-weis-rot-danischer-auswahl","status":"publish","type":"product","link":"https:\/\/www.oudadl.testontwikkeling.nl\/de\/product\/gylle-led-breedtelamp-xenon-wit-rood-deense-uitvoering\/","title":{"rendered":"Gylle LED Umrissleuchte Xenon wei\u00df - rot"},"content":{"rendered":"<p><span style=\"color: #000000;\"><strong>Gylle LED Umrissleuchte Xenon wei\u00df - rot in D\u00e4nischer Version.\u00a0<\/strong><\/span><\/p>\n<p><span style=\"color: #000000;\">Suchen Sie eine d\u00e4nische Lampe mit LED-Breite, die in den Farben Rot und Wei\u00df leuchtet? Dann ist diese LED breite Lampe der Marke Gylle m\u00f6glicherweise die Lampe, die Sie suchen. Dies ist eine Konturlampe, die das tut, was von ihr erwartet wird. Jedes Modul ist mit 6 LED best\u00fcckt, die Farben der LED sind wei\u00df und rot. Die Seitenlampe LED der Marke Gylle kann mit 12 und 24 Volt verwendet werden. Das bedeutet, dass Sie die LED-Lampe zum Beispiel zur Beleuchtung Ihres Autos, LKWs, Anh\u00e4ngers oder anderer Fahrzeuge verwenden k\u00f6nnen.<\/span><\/p>\n<p><span style=\"color: #000000;\">Um sicherzustellen, dass die Seitenleuchte Gylle LED wei\u00df \u2013 rot in d\u00e4nischer Ausf\u00fchrung f\u00fcr Ihr Fahrzeug oder Ihren Anh\u00e4nger geeignet ist, haben wir unten eine Reihe von Spezifikationen verfasst. All dies, um Ihnen klar zu machen, warum dies die LED-Lampe sein k\u00f6nnte, nach der Sie suchen. Die LED-Lampe hat unter anderem das ECE R10-G\u00fctezeichen. Dieses Qualit\u00e4tszeichen bedeutet, dass die Lampe w\u00e4hrend der Aktivierung keine St\u00f6rungen verursacht, beispielsweise auf Ihrem Funksignal. Auch diese LED-Lampe tr\u00e4gt das ECE R7-G\u00fctezeichen. Dieses G\u00fctezeichen weist darauf hin, dass die Lampe LED als Positionsleuchte verwendet werden darf.\u00a0<\/span><\/p>\n<h5><span style=\"color: #000000;\"><strong>Montagebasis:<\/strong><\/span><\/h5>\n<p><span style=\"color: #000000;\">Beim Kauf der d\u00e4nischen LED Seitenleuchte k\u00f6nnen Sie zwischen vier verschiedenen Befestigungsm\u00f6glichkeiten w\u00e4hlen. Je nachdem, wo und wie Sie die Seitenleuchte montieren m\u00f6chten, k\u00f6nnen Sie die Art des Montagesockels bestimmen. Mit der Lampe LED haben Sie folgende M\u00f6glichkeiten:<\/span><\/p>\n<ul>\n<li><span style=\"color: #000000;\">Gerade Montagebasis von 110 mm<\/span><\/li>\n<li><span style=\"color: #000000;\">165 mm gerade Montagebasis<\/span><\/li>\n<li><span style=\"color: #000000;\">165 mm abgewinkelte Montagebasis<\/span><\/li>\n<li><span style=\"color: #000000;\">195 mm abgewinkelte Montagebasis<\/span><\/li>\n<\/ul>\n<p><span style=\"color: #000000;\">Alle Teile der Seitenleuchte Gylle LED werden separat geliefert. Dadurch k\u00f6nnen Sie das Anschlusskabel der Leuchte bei der Installation auf die gew\u00fcnschte L\u00e4nge k\u00fcrzen. Die gelieferten LED-Einheiten sind mit 6 LED\u00b4s pro Einheit ausgestattet. Die 6 LED&#039;s sind sternf\u00f6rmig montiert wie man auf Bild 1 sieht. \u00a0<\/span><\/p>\n<h5><span style=\"color: #000000;\"><strong>Andere Modelle:<\/strong><\/span><\/h5>\n<p><span style=\"color: #000000;\">M\u00f6chten Sie eine d\u00e4nische LED-Standleuchte an Ihrem Fahrzeug oder Anh\u00e4nger montieren, aber nicht in Wei\u00df und Rot? Dann wissen Sie, dass die Lampe auch in den folgenden Farbkombinationen erh\u00e4ltlich ist:<\/span><\/p>\n<ul>\n<li><span style=\"color: #000000;\"><a style=\"color: #000000;\" href=\"https:\/\/www.oudadl.testontwikkeling.nl\/de\/produkt\/gylle-led-umrissleuchte-xenon-weis-rot-klarglas-danischer-auswahl\/\"><strong>Xenon wei\u00df \u2013 rot \u2013 klares Glas<\/strong><\/a><\/span><\/li>\n<li><span style=\"color: #000000;\"><a style=\"color: #000000;\" href=\"https:\/\/www.oudadl.testontwikkeling.nl\/de\/produkt\/gylle-led-umrissleuchte-orange-rot-klarglas-danischer-auswahl\/\"><strong>Rot \u2013 Orange \u2013 Klarglas<\/strong><\/a><\/span><\/li>\n<li><span style=\"color: #000000;\"><a style=\"color: #000000;\" href=\"https:\/\/www.oudadl.testontwikkeling.nl\/de\/produkt\/gylle-led-umrissleuchte-orange-rot-danischer-auswahl\/\"><strong>Orange Rot<\/strong><\/a><strong><br \/>\n<\/strong><\/span><\/li>\n<\/ul>\n<p><span style=\"color: #000000;\">Sind Sie immer noch der Meinung, dass die zusammengesetzte d\u00e4nische LED-Breite Lampe wei\u00df - rot von Gylle nicht das ist, wonach Sie suchen? Einfach weil Ihnen die Farbe oder Form nicht gef\u00e4llt? Sehen Sie sich hier das komplette Sortiment an <a style=\"color: #000000;\" href=\"https:\/\/www.oudadl.testontwikkeling.nl\/de\/merk\/product-gylle-mec\/\">Gylle<\/a>.<\/span><\/p>","protected":false},"excerpt":{"rendered":"<p>Gylle LED breedtelamp xenon wit &#8211; rood in Deense uitvoering.\u00a0 Bent u opzoek naar een Deense LED breedtelamp die oplicht in de kleuren rood en wit? Dan is deze LED breedtelamp van merk Gylle wellicht d\u00e9 lamp waar u naar op zoek bent. Dit is een contourlamp die doet wat ervan word verwacht. Iedere module [&hellip;]<\/p>\n","protected":false},"featured_media":22734,"comment_status":"open","ping_status":"closed","template":"","meta":{"_acf_changed":false,"site-sidebar-layout":"default","site-content-layout":"default","ast-site-content-layout":"default","site-content-style":"default","site-sidebar-style":"default","ast-global-header-display":"","ast-banner-title-visibility":"","ast-main-header-display":"","ast-hfb-above-header-display":"","ast-hfb-below-header-display":"","ast-hfb-mobile-header-display":"","site-post-title":"","ast-breadcrumbs-content":"","ast-featured-img":"","footer-sml-layout":"","ast-disable-related-posts":"","theme-transparent-header-meta":"default","adv-header-id-meta":"","stick-header-meta":"","header-above-stick-meta":"","header-main-stick-meta":"","header-below-stick-meta":"","astra-migrate-meta-layouts":"set","ast-page-background-enabled":"default","ast-page-background-meta":{"desktop":{"background-color":"","background-image":"","background-repeat":"repeat","background-position":"center center","background-size":"auto","background-attachment":"scroll","background-type":"","background-media":"","overlay-type":"","overlay-color":"","overlay-opacity":"","overlay-gradient":""},"tablet":{"background-color":"","background-image":"","background-repeat":"repeat","background-position":"center center","background-size":"auto","background-attachment":"scroll","background-type":"","background-media":"","overlay-type":"","overlay-color":"","overlay-opacity":"","overlay-gradient":""},"mobile":{"background-color":"","background-image":"","background-repeat":"repeat","background-position":"center center","background-size":"auto","background-attachment":"scroll","background-type":"","background-media":"","overlay-type":"","overlay-color":"","overlay-opacity":"","overlay-gradient":""}},"ast-content-background-meta":{"desktop":{"background-color":"var(--ast-global-color-5)","background-image":"","background-repeat":"repeat","background-position":"center center","background-size":"auto","background-attachment":"scroll","background-type":"","background-media":"","overlay-type":"","overlay-color":"","overlay-opacity":"","overlay-gradient":""},"tablet":{"background-color":"var(--ast-global-color-5)","background-image":"","background-repeat":"repeat","background-position":"center center","background-size":"auto","background-attachment":"scroll","background-type":"","background-media":"","overlay-type":"","overlay-color":"","overlay-opacity":"","overlay-gradient":""},"mobile":{"background-color":"var(--ast-global-color-5)","background-image":"","background-repeat":"repeat","background-position":"center center","background-size":"auto","background-attachment":"scroll","background-type":"","background-media":"","overlay-type":"","overlay-color":"","overlay-opacity":"","overlay-gradient":""}}},"product_brand":[],"product_cat":[295],"product_tag":[4169,4168,5152,4170,296,1806,5149,5150,5151,2518,2520,4317],"class_list":{"0":"post-6153","1":"product","2":"type-product","3":"status-publish","4":"has-post-thumbnail","6":"product_cat-breedtelampen","7":"product_tag-breedtelamp-aanhanger","8":"product_tag-breedtelamp-camper","9":"product_tag-breedtelamp-trailer","10":"product_tag-breedtelamp-vrachtwagen","11":"product_tag-breedtepaal","12":"product_tag-deense-breedtepaal","13":"product_tag-deense-led-breedtelamp","14":"product_tag-led-breedtelamp-12-volt","15":"product_tag-led-breedtelamp-24-volt","16":"product_tag-led-breedtelicht","17":"product_tag-led-led-breedtelamp","18":"product_tag-new-single-page","19":"pa_merkk-product-gylle-mec","20":"pa_montagevoet-110mm","21":"pa_montagevoet-165mm-haaks","22":"pa_montagevoet-165mm-recht","23":"pa_montagevoet-195mm-haaks","24":"desktop-align-left","25":"tablet-align-left","26":"mobile-align-left","28":"first","29":"instock","30":"taxable","31":"shipping-taxable","32":"purchasable","33":"product-type-variable"},"acf":[],"yoast_head":"<!-- This site is optimized with the Yoast SEO Premium plugin v25.9 (Yoast SEO v27.6) - https:\/\/yoast.com\/product\/yoast-seo-premium-wordpress\/ -->\n<title>Gylle LED breedtelamp wit - rood - All Day Led - voor 12&amp;24 Volt<\/title>\n<meta name=\"description\" content=\"Gylle LED breedtelamp wit - rood - breedtelamp in Deense uitvoering - rubber montagevoet naar keuze - voor bestelwagen, vrachtwagen, trailer en meer\" \/>\n<meta name=\"robots\" content=\"noindex, follow, max-snippet:-1, max-image-preview:large, max-video-preview:-1\" \/>\n<meta property=\"og:locale\" content=\"de_DE\" \/>\n<meta property=\"og:type\" content=\"article\" \/>\n<meta property=\"og:title\" content=\"Gylle LED breedtelamp wit - rood - All Day Led - voor 12&amp;24 Volt\" \/>\n<meta property=\"og:description\" content=\"Gylle LED breedtelamp wit - rood - breedtelamp in Deense uitvoering - rubber montagevoet naar keuze - voor bestelwagen, vrachtwagen, trailer en meer\" \/>\n<meta property=\"og:url\" content=\"https:\/\/www.oudadl.testontwikkeling.nl\/de\/produkt\/gylle-led-umrissleuchte-xenon-weis-rot-danischer-auswahl\/\" \/>\n<meta property=\"og:site_name\" content=\"All Day Led\" \/>\n<meta property=\"article:publisher\" content=\"https:\/\/www.facebook.com\/alldayled\/\" \/>\n<meta property=\"article:modified_time\" content=\"2025-12-09T17:09:44+00:00\" \/>\n<meta property=\"og:image\" content=\"https:\/\/www.oudadl.testontwikkeling.nl\/wp-content\/uploads\/2020\/03\/ADL70140-1.png\" \/>\n\t<meta property=\"og:image:width\" content=\"800\" \/>\n\t<meta property=\"og:image:height\" content=\"600\" \/>\n\t<meta property=\"og:image:type\" content=\"image\/png\" \/>\n<meta name=\"twitter:label1\" content=\"Verf\u00fcgbarkeit\" \/>\n\t<meta name=\"twitter:data1\" content=\"Auf Lager\" \/>\n<script type=\"application\/ld+json\" class=\"yoast-schema-graph\">{\"@context\":\"https:\\\/\\\/schema.org\",\"@graph\":[{\"@type\":\"WebPage\",\"@id\":\"https:\\\/\\\/www.oudadl.testontwikkeling.nl\\\/product\\\/gylle-led-breedtelamp-xenon-wit-rood-deense-uitvoering\\\/\",\"url\":\"https:\\\/\\\/www.oudadl.testontwikkeling.nl\\\/product\\\/gylle-led-breedtelamp-xenon-wit-rood-deense-uitvoering\\\/\",\"name\":\"Gylle LED breedtelamp wit - rood - All Day Led - voor 12&24 Volt\",\"isPartOf\":{\"@id\":\"https:\\\/\\\/www.oudadl.testontwikkeling.nl\\\/#website\"},\"primaryImageOfPage\":{\"@id\":\"https:\\\/\\\/www.oudadl.testontwikkeling.nl\\\/product\\\/gylle-led-breedtelamp-xenon-wit-rood-deense-uitvoering\\\/#primaryimage\"},\"image\":{\"@id\":\"https:\\\/\\\/www.oudadl.testontwikkeling.nl\\\/product\\\/gylle-led-breedtelamp-xenon-wit-rood-deense-uitvoering\\\/#primaryimage\"},\"thumbnailUrl\":\"https:\\\/\\\/www.oudadl.testontwikkeling.nl\\\/wp-content\\\/uploads\\\/2020\\\/03\\\/ADL70140.png\",\"datePublished\":\"2020-03-27T15:30:59+00:00\",\"dateModified\":\"2025-12-09T17:09:44+00:00\",\"description\":\"Gylle LED breedtelamp wit - rood - breedtelamp in Deense uitvoering - rubber montagevoet naar keuze - voor bestelwagen, vrachtwagen, trailer en meer\",\"breadcrumb\":{\"@id\":\"https:\\\/\\\/www.oudadl.testontwikkeling.nl\\\/product\\\/gylle-led-breedtelamp-xenon-wit-rood-deense-uitvoering\\\/#breadcrumb\"},\"inLanguage\":\"de\",\"potentialAction\":[{\"@type\":\"ReadAction\",\"target\":[\"https:\\\/\\\/www.oudadl.testontwikkeling.nl\\\/product\\\/gylle-led-breedtelamp-xenon-wit-rood-deense-uitvoering\\\/\"]}]},{\"@type\":\"ImageObject\",\"inLanguage\":\"de\",\"@id\":\"https:\\\/\\\/www.oudadl.testontwikkeling.nl\\\/product\\\/gylle-led-breedtelamp-xenon-wit-rood-deense-uitvoering\\\/#primaryimage\",\"url\":\"https:\\\/\\\/www.oudadl.testontwikkeling.nl\\\/wp-content\\\/uploads\\\/2020\\\/03\\\/ADL70140.png\",\"contentUrl\":\"https:\\\/\\\/www.oudadl.testontwikkeling.nl\\\/wp-content\\\/uploads\\\/2020\\\/03\\\/ADL70140.png\",\"width\":800,\"height\":600,\"caption\":\"Gylle Deense LED breedtelamp voor 12 & 24 volt gebruik xenon wit - rood - breedtelamp vrachtwagen - breedtelamp aanhanger - breedtelamp bumper\"},{\"@type\":\"BreadcrumbList\",\"@id\":\"https:\\\/\\\/www.oudadl.testontwikkeling.nl\\\/product\\\/gylle-led-breedtelamp-xenon-wit-rood-deense-uitvoering\\\/#breadcrumb\",\"itemListElement\":[{\"@type\":\"ListItem\",\"position\":1,\"name\":\"Home\",\"item\":\"https:\\\/\\\/www.oudadl.testontwikkeling.nl\\\/\"},{\"@type\":\"ListItem\",\"position\":2,\"name\":\"Shop\",\"item\":\"https:\\\/\\\/www.oudadl.testontwikkeling.nl\\\/de\\\/shop\\\/\"},{\"@type\":\"ListItem\",\"position\":3,\"name\":\"Positielampen\",\"item\":\"https:\\\/\\\/www.oudadl.testontwikkeling.nl\\\/product-categorie\\\/positielampen\\\/\"},{\"@type\":\"ListItem\",\"position\":4,\"name\":\"Breedtelampen\",\"item\":\"https:\\\/\\\/www.oudadl.testontwikkeling.nl\\\/product-categorie\\\/positielampen\\\/breedtelampen\\\/\"},{\"@type\":\"ListItem\",\"position\":5,\"name\":\"Gylle LED breedtelamp xenon wit &#8211; rood\"}]},{\"@type\":\"WebSite\",\"@id\":\"https:\\\/\\\/www.oudadl.testontwikkeling.nl\\\/#website\",\"url\":\"https:\\\/\\\/www.oudadl.testontwikkeling.nl\\\/\",\"name\":\"All Day Led\",\"description\":\"\",\"publisher\":{\"@id\":\"https:\\\/\\\/www.oudadl.testontwikkeling.nl\\\/#organization\"},\"potentialAction\":[{\"@type\":\"SearchAction\",\"target\":{\"@type\":\"EntryPoint\",\"urlTemplate\":\"https:\\\/\\\/www.oudadl.testontwikkeling.nl\\\/?s={search_term_string}\"},\"query-input\":{\"@type\":\"PropertyValueSpecification\",\"valueRequired\":true,\"valueName\":\"search_term_string\"}}],\"inLanguage\":\"de\"},{\"@type\":\"Organization\",\"@id\":\"https:\\\/\\\/www.oudadl.testontwikkeling.nl\\\/#organization\",\"name\":\"All Day Led\",\"url\":\"https:\\\/\\\/www.oudadl.testontwikkeling.nl\\\/\",\"logo\":{\"@type\":\"ImageObject\",\"inLanguage\":\"de\",\"@id\":\"https:\\\/\\\/www.oudadl.testontwikkeling.nl\\\/#\\\/schema\\\/logo\\\/image\\\/\",\"url\":\"https:\\\/\\\/www.oudadl.testontwikkeling.nl\\\/wp-content\\\/uploads\\\/2022\\\/08\\\/Logo-ALL-DAY-LED-800x800-zwart-witte-letters.png\",\"contentUrl\":\"https:\\\/\\\/www.oudadl.testontwikkeling.nl\\\/wp-content\\\/uploads\\\/2022\\\/08\\\/Logo-ALL-DAY-LED-800x800-zwart-witte-letters.png\",\"width\":800,\"height\":800,\"caption\":\"All Day Led\"},\"image\":{\"@id\":\"https:\\\/\\\/www.oudadl.testontwikkeling.nl\\\/#\\\/schema\\\/logo\\\/image\\\/\"},\"sameAs\":[\"https:\\\/\\\/www.facebook.com\\\/alldayled\\\/\",\"https:\\\/\\\/www.instagram.com\\\/alldayled\\\/\"],\"vatID\":\"NL863960133B01\",\"taxID\":\"86416545\",\"hasMerchantReturnPolicy\":{\"@type\":\"MerchantReturnPolicy\",\"merchantReturnLink\":\"https:\\\/\\\/www.oudadl.testontwikkeling.nl\\\/de\\\/verzenden-retourneren\\\/\"}}]}<\/script>\n<meta property=\"product:brand\" content=\"Gylle\" \/>\n<meta property=\"og:availability\" content=\"instock\" \/>\n<meta property=\"product:availability\" content=\"instock\" \/>\n<meta property=\"product:retailer_item_id\" content=\"ADL70140\" \/>\n<meta property=\"product:condition\" content=\"new\" \/>\n<!-- \/ Yoast SEO Premium plugin. -->","yoast_head_json":{"title":"Gylle LED Umrissleuchten wei\u00df - rot - All Day Led - f\u00fcr 12&amp;24 Volt","description":"Gylle LED Umrissleuchten wei\u00df \u2013 rot \u2013 Umrissleuchten in d\u00e4nischer Ausf\u00fchrung \u2013 Gummi-Montagesockel Ihrer Wahl \u2013 f\u00fcr Transporter, LKW, Anh\u00e4nger und mehr","robots":{"index":"noindex","follow":"follow","max-snippet":"max-snippet:-1","max-image-preview":"max-image-preview:large","max-video-preview":"max-video-preview:-1"},"og_locale":"de_DE","og_type":"article","og_title":"Gylle LED breedtelamp wit - rood - All Day Led - voor 12&24 Volt","og_description":"Gylle LED breedtelamp wit - rood - breedtelamp in Deense uitvoering - rubber montagevoet naar keuze - voor bestelwagen, vrachtwagen, trailer en meer","og_url":"https:\/\/www.oudadl.testontwikkeling.nl\/de\/produkt\/gylle-led-umrissleuchte-xenon-weis-rot-danischer-auswahl\/","og_site_name":"All Day Led","article_publisher":"https:\/\/www.facebook.com\/alldayled\/","article_modified_time":"2025-12-09T17:09:44+00:00","og_image":[{"width":800,"height":600,"url":"https:\/\/www.oudadl.testontwikkeling.nl\/wp-content\/uploads\/2020\/03\/ADL70140-1.png","type":"image\/png"}],"twitter_misc":{"Verf\u00fcgbarkeit":"Auf Lager"},"schema":{"@context":"https:\/\/schema.org","@graph":[{"@type":"WebPage","@id":"https:\/\/www.oudadl.testontwikkeling.nl\/product\/gylle-led-breedtelamp-xenon-wit-rood-deense-uitvoering\/","url":"https:\/\/www.oudadl.testontwikkeling.nl\/product\/gylle-led-breedtelamp-xenon-wit-rood-deense-uitvoering\/","name":"Gylle LED Umrissleuchten wei\u00df - rot - All Day Led - f\u00fcr 12&amp;24 Volt","isPartOf":{"@id":"https:\/\/www.oudadl.testontwikkeling.nl\/#website"},"primaryImageOfPage":{"@id":"https:\/\/www.oudadl.testontwikkeling.nl\/product\/gylle-led-breedtelamp-xenon-wit-rood-deense-uitvoering\/#primaryimage"},"image":{"@id":"https:\/\/www.oudadl.testontwikkeling.nl\/product\/gylle-led-breedtelamp-xenon-wit-rood-deense-uitvoering\/#primaryimage"},"thumbnailUrl":"https:\/\/www.oudadl.testontwikkeling.nl\/wp-content\/uploads\/2020\/03\/ADL70140.png","datePublished":"2020-03-27T15:30:59+00:00","dateModified":"2025-12-09T17:09:44+00:00","description":"Gylle LED Umrissleuchten wei\u00df \u2013 rot \u2013 Umrissleuchten in d\u00e4nischer Ausf\u00fchrung \u2013 Gummi-Montagesockel Ihrer Wahl \u2013 f\u00fcr Transporter, LKW, Anh\u00e4nger und mehr","breadcrumb":{"@id":"https:\/\/www.oudadl.testontwikkeling.nl\/product\/gylle-led-breedtelamp-xenon-wit-rood-deense-uitvoering\/#breadcrumb"},"inLanguage":"de","potentialAction":[{"@type":"ReadAction","target":["https:\/\/www.oudadl.testontwikkeling.nl\/product\/gylle-led-breedtelamp-xenon-wit-rood-deense-uitvoering\/"]}]},{"@type":"ImageObject","inLanguage":"de","@id":"https:\/\/www.oudadl.testontwikkeling.nl\/product\/gylle-led-breedtelamp-xenon-wit-rood-deense-uitvoering\/#primaryimage","url":"https:\/\/www.oudadl.testontwikkeling.nl\/wp-content\/uploads\/2020\/03\/ADL70140.png","contentUrl":"https:\/\/www.oudadl.testontwikkeling.nl\/wp-content\/uploads\/2020\/03\/ADL70140.png","width":800,"height":600,"caption":"Gylle Deense LED breedtelamp voor 12 & 24 volt gebruik xenon wit - rood - breedtelamp vrachtwagen - breedtelamp aanhanger - breedtelamp bumper"},{"@type":"BreadcrumbList","@id":"https:\/\/www.oudadl.testontwikkeling.nl\/product\/gylle-led-breedtelamp-xenon-wit-rood-deense-uitvoering\/#breadcrumb","itemListElement":[{"@type":"ListItem","position":1,"name":"Home","item":"https:\/\/www.oudadl.testontwikkeling.nl\/"},{"@type":"ListItem","position":2,"name":"Shop","item":"https:\/\/www.oudadl.testontwikkeling.nl\/de\/shop\/"},{"@type":"ListItem","position":3,"name":"Positielampen","item":"https:\/\/www.oudadl.testontwikkeling.nl\/product-categorie\/positielampen\/"},{"@type":"ListItem","position":4,"name":"Breedtelampen","item":"https:\/\/www.oudadl.testontwikkeling.nl\/product-categorie\/positielampen\/breedtelampen\/"},{"@type":"ListItem","position":5,"name":"Gylle LED breedtelamp xenon wit &#8211; rood"}]},{"@type":"WebSite","@id":"https:\/\/www.oudadl.testontwikkeling.nl\/#website","url":"https:\/\/www.oudadl.testontwikkeling.nl\/","name":"All Day Led","description":"","publisher":{"@id":"https:\/\/www.oudadl.testontwikkeling.nl\/#organization"},"potentialAction":[{"@type":"SearchAction","target":{"@type":"EntryPoint","urlTemplate":"https:\/\/www.oudadl.testontwikkeling.nl\/?s={search_term_string}"},"query-input":{"@type":"PropertyValueSpecification","valueRequired":true,"valueName":"search_term_string"}}],"inLanguage":"de"},{"@type":"Organization","@id":"https:\/\/www.oudadl.testontwikkeling.nl\/#organization","name":"All Day Led","url":"https:\/\/www.oudadl.testontwikkeling.nl\/","logo":{"@type":"ImageObject","inLanguage":"de","@id":"https:\/\/www.oudadl.testontwikkeling.nl\/#\/schema\/logo\/image\/","url":"https:\/\/www.oudadl.testontwikkeling.nl\/wp-content\/uploads\/2022\/08\/Logo-ALL-DAY-LED-800x800-zwart-witte-letters.png","contentUrl":"https:\/\/www.oudadl.testontwikkeling.nl\/wp-content\/uploads\/2022\/08\/Logo-ALL-DAY-LED-800x800-zwart-witte-letters.png","width":800,"height":800,"caption":"All Day Led"},"image":{"@id":"https:\/\/www.oudadl.testontwikkeling.nl\/#\/schema\/logo\/image\/"},"sameAs":["https:\/\/www.facebook.com\/alldayled\/","https:\/\/www.instagram.com\/alldayled\/"],"vatID":"NL863960133B01","taxID":"86416545","hasMerchantReturnPolicy":{"@type":"MerchantReturnPolicy","merchantReturnLink":"https:\/\/www.oudadl.testontwikkeling.nl\/de\/verzenden-retourneren\/"}}]},"product_brand":"Gylle","og_availability":"instock","product_availability":"instock","product_retailer_item_id":"ADL70140","product_condition":"new"},"_links":{"self":[{"href":"https:\/\/www.oudadl.testontwikkeling.nl\/de\/wp-json\/wp\/v2\/product\/6153","targetHints":{"allow":["GET"]}}],"collection":[{"href":"https:\/\/www.oudadl.testontwikkeling.nl\/de\/wp-json\/wp\/v2\/product"}],"about":[{"href":"https:\/\/www.oudadl.testontwikkeling.nl\/de\/wp-json\/wp\/v2\/types\/product"}],"replies":[{"embeddable":true,"href":"https:\/\/www.oudadl.testontwikkeling.nl\/de\/wp-json\/wp\/v2\/comments?post=6153"}],"wp:featuredmedia":[{"embeddable":true,"href":"https:\/\/www.oudadl.testontwikkeling.nl\/de\/wp-json\/wp\/v2\/media\/22734"}],"wp:attachment":[{"href":"https:\/\/www.oudadl.testontwikkeling.nl\/de\/wp-json\/wp\/v2\/media?parent=6153"}],"wp:term":[{"taxonomy":"product_brand","embeddable":true,"href":"https:\/\/www.oudadl.testontwikkeling.nl\/de\/wp-json\/wp\/v2\/product_brand?post=6153"},{"taxonomy":"product_cat","embeddable":true,"href":"https:\/\/www.oudadl.testontwikkeling.nl\/de\/wp-json\/wp\/v2\/product_cat?post=6153"},{"taxonomy":"product_tag","embeddable":true,"href":"https:\/\/www.oudadl.testontwikkeling.nl\/de\/wp-json\/wp\/v2\/product_tag?post=6153"}],"curies":[{"name":"wp","href":"https:\/\/api.w.org\/{rel}","templated":true}]}}