{"id":6151,"date":"2021-08-31T09:36:58","date_gmt":"2021-08-31T07:36:58","guid":{"rendered":"https:\/\/www.oudadl.testontwikkeling.nl\/product\/import-placeholder-for-236059\/"},"modified":"2025-06-26T10:52:24","modified_gmt":"2025-06-26T08:52:24","slug":"boreman-led-positionsleuchte-scania-weis","status":"publish","type":"product","link":"https:\/\/www.oudadl.testontwikkeling.nl\/de\/product\/boreman-led-toplamp-wit-scania\/","title":{"rendered":"Boreman LED Positionsleuchte Scania - wei\u00df"},"content":{"rendered":"<p><span style=\"color: #000000\"><strong>Boreman LED Positionsleuchte wei\u00df, passend u.a. f\u00fcr Scania 4 &amp; R Serie.<\/strong><\/span><\/p>\n<p><span style=\"color: #000000\">Suchen Sie eine LED Spitzenleuchte, die Sie beispielsweise in der Sonnenblende Ihres LKW montieren k\u00f6nnen? Dann ist die wei\u00df leuchtende LED Aufsatzlampe der Marke Boreman m\u00f6glicherweise die Lampe, die Sie suchen. Die LED Lampe ist mit 4 LED best\u00fcckt. Die 4 LED sorgen daf\u00fcr, dass Sie bei geringem Stromverbrauch gut ausgeleuchtet unterwegs sind. So sind Sie sowohl tags\u00fcber als auch abends gut sichtbar. Die LED Aufsatzlampe wei\u00df der Marke Boreman kann nur an 24 Volt betrieben werden. Dies bedeutet, dass Sie diese LED-Beleuchtung beispielsweise nur f\u00fcr Ihren LKW oder Anh\u00e4nger verwenden k\u00f6nnen.<\/span><\/p>\n<p><span style=\"color: #000000\">Um sicherzustellen, dass die Top-Lampe LED wei\u00df der Marke Boreman f\u00fcr Ihren LKW oder Anh\u00e4nger geeignet ist, haben wir unten eine Reihe von Spezifikationen verfasst. All dies, um Ihnen klar zu machen, warum dies die LED-Lampe sein k\u00f6nnte, nach der Sie suchen. Die Sonnenblendenleuchte LED ist unter anderem mit dem ECE-R10-G\u00fctezeichen versehen. Dieses Qualit\u00e4tszeichen bedeutet, dass die Lampe w\u00e4hrend der Aktivierung keine St\u00f6rungen verursacht, beispielsweise auf Ihrem Funksignal. Auch diese wei\u00dfe LED-Lampe tr\u00e4gt das ECE R7-G\u00fctezeichen. Dieses Qualit\u00e4tszeichen weist darauf hin, dass die Lampe LED als Markierungslampe verwendet werden darf. Um das Ganze abzurunden, wird die Sonnenblendenleuchte LED mit einem originalen Scania-Anschluss geliefert. Das macht die Montage sehr einfach.\u00a0<\/span><\/p>\n<h5><span style=\"color: #000000\"><strong>Andere Farben:<\/strong><\/span><\/h5>\n<p><span style=\"color: #000000\">Sie suchen eine LED Positionsleuchte f\u00fcr Ihren Truck, m\u00f6chten aber nicht die Version mit wei\u00dfen LEDs? Dann wissen Sie, dass die Boreman LED Aufsatzleuchte auch mit orange LED erh\u00e4ltlich ist. Die Version mit Klarglas und orange LED finden Sie hier:\u00a0<\/span><\/p>\n<ul>\n<li><span style=\"color: #000000\"><a style=\"color: #000000\" href=\"https:\/\/www.oudadl.testontwikkeling.nl\/de\/produkt\/boreman-led-positionsleuchte-scania-orange\/\"><strong>Boreman LED Positionsleuchte - orange<\/strong><\/a><\/span><\/li>\n<\/ul>\n<p><span style=\"color: #000000\">Sind Sie der Meinung, dass die Boreman LED Aufsatzleuchte wei\u00df nicht das Richtige f\u00fcr Sie ist? Einfach weil die Farbe oder Spannung nicht Ihren Vorstellungen entspricht? Schaut unbedingt auf unserer Seite vorbei <a style=\"color: #000000\" href=\"https:\/\/www.oudadl.testontwikkeling.nl\/de\/produkt-kategorie\/beleuchtungswagen\/\"><strong>LKW-Beleuchtung<\/strong><\/a>. Vielleicht finden Sie hier das von Ihnen gesuchte Lampenmodell.\u00a0<\/span><\/p>","protected":false},"excerpt":{"rendered":"<p>Boreman LED toplamp wit, geschikt voor onder andere Scania 4 &amp; R serie. Bent u opzoek naar een LED toplamp die u bijvoorbeeld kunt monteren in de zonneklep van uw vrachtwagen? Dan is de wit oplichtende LED toplamp van het merk Boreman wellicht d\u00e9 lamp waar u naar op zoek bent. De LED lamp is [&hellip;]<\/p>\n","protected":false},"featured_media":17975,"comment_status":"open","ping_status":"closed","template":"","meta":{"_acf_changed":false,"site-sidebar-layout":"default","site-content-layout":"default","ast-site-content-layout":"default","site-content-style":"default","site-sidebar-style":"default","ast-global-header-display":"","ast-banner-title-visibility":"","ast-main-header-display":"","ast-hfb-above-header-display":"","ast-hfb-below-header-display":"","ast-hfb-mobile-header-display":"","site-post-title":"","ast-breadcrumbs-content":"","ast-featured-img":"","footer-sml-layout":"","ast-disable-related-posts":"","theme-transparent-header-meta":"default","adv-header-id-meta":"","stick-header-meta":"","header-above-stick-meta":"","header-main-stick-meta":"","header-below-stick-meta":"","astra-migrate-meta-layouts":"default","ast-page-background-enabled":"default","ast-page-background-meta":{"desktop":{"background-color":"","background-image":"","background-repeat":"repeat","background-position":"center center","background-size":"auto","background-attachment":"scroll","background-type":"","background-media":"","overlay-type":"","overlay-color":"","overlay-opacity":"","overlay-gradient":""},"tablet":{"background-color":"","background-image":"","background-repeat":"repeat","background-position":"center center","background-size":"auto","background-attachment":"scroll","background-type":"","background-media":"","overlay-type":"","overlay-color":"","overlay-opacity":"","overlay-gradient":""},"mobile":{"background-color":"","background-image":"","background-repeat":"repeat","background-position":"center center","background-size":"auto","background-attachment":"scroll","background-type":"","background-media":"","overlay-type":"","overlay-color":"","overlay-opacity":"","overlay-gradient":""}},"ast-content-background-meta":{"desktop":{"background-color":"var(--ast-global-color-5)","background-image":"","background-repeat":"repeat","background-position":"center center","background-size":"auto","background-attachment":"scroll","background-type":"","background-media":"","overlay-type":"","overlay-color":"","overlay-opacity":"","overlay-gradient":""},"tablet":{"background-color":"var(--ast-global-color-5)","background-image":"","background-repeat":"repeat","background-position":"center center","background-size":"auto","background-attachment":"scroll","background-type":"","background-media":"","overlay-type":"","overlay-color":"","overlay-opacity":"","overlay-gradient":""},"mobile":{"background-color":"var(--ast-global-color-5)","background-image":"","background-repeat":"repeat","background-position":"center center","background-size":"auto","background-attachment":"scroll","background-type":"","background-media":"","overlay-type":"","overlay-color":"","overlay-opacity":"","overlay-gradient":""}}},"product_brand":[],"product_cat":[217,270],"product_tag":[289,2006,2007,2236],"class_list":{"0":"post-6151","1":"product","2":"type-product","3":"status-publish","4":"has-post-thumbnail","6":"product_cat-scania-verlichting","7":"product_cat-toplichten","8":"product_tag-scania","9":"product_tag-scania-4-serie","10":"product_tag-scania-r-serie","11":"product_tag-scania-toplamp","12":"pa_merkk-product-boreman","13":"desktop-align-left","14":"tablet-align-left","15":"mobile-align-left","17":"first","18":"instock","19":"taxable","20":"shipping-taxable","21":"purchasable","22":"product-type-simple"},"acf":[],"yoast_head":"<!-- This site is optimized with the Yoast SEO Premium plugin v25.9 (Yoast SEO v27.6) - https:\/\/yoast.com\/product\/yoast-seo-premium-wordpress\/ -->\n<title>Boreman LED toplamp wit - All Day Led - zonneklep lamp Scania<\/title>\n<meta name=\"description\" content=\"Boreman LED toplamp wit - Scania LED zonneklep lamp - met 4 LED&#039;s - direct leverbaar - voor Scania 4 &amp; R serie - plug &amp; play stekker\" \/>\n<meta name=\"robots\" content=\"noindex, follow, max-snippet:-1, max-image-preview:large, max-video-preview:-1\" \/>\n<meta property=\"og:locale\" content=\"de_DE\" \/>\n<meta property=\"og:type\" content=\"article\" \/>\n<meta property=\"og:title\" content=\"Boreman LED toplamp wit - All Day Led - zonneklep lamp Scania\" \/>\n<meta property=\"og:description\" content=\"Boreman LED toplamp wit - Scania LED zonneklep lamp - met 4 LED&#039;s - direct leverbaar - voor Scania 4 &amp; R serie - plug &amp; play stekker\" \/>\n<meta property=\"og:url\" content=\"https:\/\/www.oudadl.testontwikkeling.nl\/de\/produkt\/boreman-led-positionsleuchte-scania-weis\/\" \/>\n<meta property=\"og:site_name\" content=\"All Day Led\" \/>\n<meta property=\"article:publisher\" content=\"https:\/\/www.facebook.com\/alldayled\/\" \/>\n<meta property=\"article:modified_time\" content=\"2025-06-26T08:52:24+00:00\" \/>\n<meta property=\"og:image\" content=\"https:\/\/www.oudadl.testontwikkeling.nl\/wp-content\/uploads\/2021\/08\/ADL01056-W-3.png\" \/>\n\t<meta property=\"og:image:width\" content=\"800\" \/>\n\t<meta property=\"og:image:height\" content=\"600\" \/>\n\t<meta property=\"og:image:type\" content=\"image\/png\" \/>\n<meta name=\"twitter:label1\" content=\"Preis\" \/>\n\t<meta name=\"twitter:data1\" content=\"&euro;29,95\" \/>\n\t<meta name=\"twitter:label2\" content=\"Verf\u00fcgbarkeit\" \/>\n\t<meta name=\"twitter:data2\" content=\"Auf Lager\" \/>\n<script type=\"application\/ld+json\" class=\"yoast-schema-graph\">{\"@context\":\"https:\\\/\\\/schema.org\",\"@graph\":[{\"@type\":\"WebPage\",\"@id\":\"https:\\\/\\\/www.oudadl.testontwikkeling.nl\\\/product\\\/boreman-led-toplamp-wit-scania\\\/\",\"url\":\"https:\\\/\\\/www.oudadl.testontwikkeling.nl\\\/product\\\/boreman-led-toplamp-wit-scania\\\/\",\"name\":\"Boreman LED toplamp wit - All Day Led - zonneklep lamp Scania\",\"isPartOf\":{\"@id\":\"https:\\\/\\\/www.oudadl.testontwikkeling.nl\\\/#website\"},\"primaryImageOfPage\":{\"@id\":\"https:\\\/\\\/www.oudadl.testontwikkeling.nl\\\/product\\\/boreman-led-toplamp-wit-scania\\\/#primaryimage\"},\"image\":{\"@id\":\"https:\\\/\\\/www.oudadl.testontwikkeling.nl\\\/product\\\/boreman-led-toplamp-wit-scania\\\/#primaryimage\"},\"thumbnailUrl\":\"https:\\\/\\\/www.oudadl.testontwikkeling.nl\\\/wp-content\\\/uploads\\\/2021\\\/08\\\/ADL01056-W.png\",\"datePublished\":\"2021-08-31T07:36:58+00:00\",\"dateModified\":\"2025-06-26T08:52:24+00:00\",\"description\":\"Boreman LED toplamp wit - Scania LED zonneklep lamp - met 4 LED's - direct leverbaar - voor Scania 4 & R serie - plug & play stekker\",\"breadcrumb\":{\"@id\":\"https:\\\/\\\/www.oudadl.testontwikkeling.nl\\\/product\\\/boreman-led-toplamp-wit-scania\\\/#breadcrumb\"},\"inLanguage\":\"de\",\"potentialAction\":[{\"@type\":\"ReadAction\",\"target\":[\"https:\\\/\\\/www.oudadl.testontwikkeling.nl\\\/product\\\/boreman-led-toplamp-wit-scania\\\/\"]}]},{\"@type\":\"ImageObject\",\"inLanguage\":\"de\",\"@id\":\"https:\\\/\\\/www.oudadl.testontwikkeling.nl\\\/product\\\/boreman-led-toplamp-wit-scania\\\/#primaryimage\",\"url\":\"https:\\\/\\\/www.oudadl.testontwikkeling.nl\\\/wp-content\\\/uploads\\\/2021\\\/08\\\/ADL01056-W.png\",\"contentUrl\":\"https:\\\/\\\/www.oudadl.testontwikkeling.nl\\\/wp-content\\\/uploads\\\/2021\\\/08\\\/ADL01056-W.png\",\"width\":800,\"height\":600,\"caption\":\"Boreman LED toplamp wit Scania 4 en R serie - te monteren in de zonneklep met originele stekker - EAN: 5391528110834\"},{\"@type\":\"BreadcrumbList\",\"@id\":\"https:\\\/\\\/www.oudadl.testontwikkeling.nl\\\/product\\\/boreman-led-toplamp-wit-scania\\\/#breadcrumb\",\"itemListElement\":[{\"@type\":\"ListItem\",\"position\":1,\"name\":\"Home\",\"item\":\"https:\\\/\\\/www.oudadl.testontwikkeling.nl\\\/\"},{\"@type\":\"ListItem\",\"position\":2,\"name\":\"Shop\",\"item\":\"https:\\\/\\\/www.oudadl.testontwikkeling.nl\\\/de\\\/shop\\\/\"},{\"@type\":\"ListItem\",\"position\":3,\"name\":\"Overige\",\"item\":\"https:\\\/\\\/www.oudadl.testontwikkeling.nl\\\/product-categorie\\\/overige-producten\\\/\"},{\"@type\":\"ListItem\",\"position\":4,\"name\":\"Toplichten\",\"item\":\"https:\\\/\\\/www.oudadl.testontwikkeling.nl\\\/product-categorie\\\/overige-producten\\\/toplichten\\\/\"},{\"@type\":\"ListItem\",\"position\":5,\"name\":\"Boreman LED toplamp Scania &#8211; wit\"}]},{\"@type\":\"WebSite\",\"@id\":\"https:\\\/\\\/www.oudadl.testontwikkeling.nl\\\/#website\",\"url\":\"https:\\\/\\\/www.oudadl.testontwikkeling.nl\\\/\",\"name\":\"All Day Led\",\"description\":\"\",\"publisher\":{\"@id\":\"https:\\\/\\\/www.oudadl.testontwikkeling.nl\\\/#organization\"},\"potentialAction\":[{\"@type\":\"SearchAction\",\"target\":{\"@type\":\"EntryPoint\",\"urlTemplate\":\"https:\\\/\\\/www.oudadl.testontwikkeling.nl\\\/?s={search_term_string}\"},\"query-input\":{\"@type\":\"PropertyValueSpecification\",\"valueRequired\":true,\"valueName\":\"search_term_string\"}}],\"inLanguage\":\"de\"},{\"@type\":\"Organization\",\"@id\":\"https:\\\/\\\/www.oudadl.testontwikkeling.nl\\\/#organization\",\"name\":\"All Day Led\",\"url\":\"https:\\\/\\\/www.oudadl.testontwikkeling.nl\\\/\",\"logo\":{\"@type\":\"ImageObject\",\"inLanguage\":\"de\",\"@id\":\"https:\\\/\\\/www.oudadl.testontwikkeling.nl\\\/#\\\/schema\\\/logo\\\/image\\\/\",\"url\":\"https:\\\/\\\/www.oudadl.testontwikkeling.nl\\\/wp-content\\\/uploads\\\/2022\\\/08\\\/Logo-ALL-DAY-LED-800x800-zwart-witte-letters.png\",\"contentUrl\":\"https:\\\/\\\/www.oudadl.testontwikkeling.nl\\\/wp-content\\\/uploads\\\/2022\\\/08\\\/Logo-ALL-DAY-LED-800x800-zwart-witte-letters.png\",\"width\":800,\"height\":800,\"caption\":\"All Day Led\"},\"image\":{\"@id\":\"https:\\\/\\\/www.oudadl.testontwikkeling.nl\\\/#\\\/schema\\\/logo\\\/image\\\/\"},\"sameAs\":[\"https:\\\/\\\/www.facebook.com\\\/alldayled\\\/\",\"https:\\\/\\\/www.instagram.com\\\/alldayled\\\/\"],\"vatID\":\"NL863960133B01\",\"taxID\":\"86416545\",\"hasMerchantReturnPolicy\":{\"@type\":\"MerchantReturnPolicy\",\"merchantReturnLink\":\"https:\\\/\\\/www.oudadl.testontwikkeling.nl\\\/de\\\/verzenden-retourneren\\\/\"}}]}<\/script>\n<meta property=\"product:brand\" content=\"Boreman\" \/>\n<meta property=\"product:price:amount\" content=\"29.95\" \/>\n<meta property=\"product:price:currency\" content=\"EUR\" \/>\n<meta property=\"og:availability\" content=\"instock\" \/>\n<meta property=\"product:availability\" content=\"instock\" \/>\n<meta property=\"product:retailer_item_id\" content=\"ADL35823\" \/>\n<meta property=\"product:condition\" content=\"new\" \/>\n<!-- \/ Yoast SEO Premium plugin. -->","yoast_head_json":{"title":"Boreman LED Positionsleuchte wei\u00df - All Day Led - Sonnenblende lampe Scania","description":"Boreman LED Aufsatzleuchte wei\u00df - Scania LED Sonnenblendenlampe - mit 4 LED&#039;s - sofort verf\u00fcgbar - f\u00fcr Scania 4 &amp; R Serie - Plug &amp; Play Plug","robots":{"index":"noindex","follow":"follow","max-snippet":"max-snippet:-1","max-image-preview":"max-image-preview:large","max-video-preview":"max-video-preview:-1"},"og_locale":"de_DE","og_type":"article","og_title":"Boreman LED toplamp wit - All Day Led - zonneklep lamp Scania","og_description":"Boreman LED toplamp wit - Scania LED zonneklep lamp - met 4 LED's - direct leverbaar - voor Scania 4 & R serie - plug & play stekker","og_url":"https:\/\/www.oudadl.testontwikkeling.nl\/de\/produkt\/boreman-led-positionsleuchte-scania-weis\/","og_site_name":"All Day Led","article_publisher":"https:\/\/www.facebook.com\/alldayled\/","article_modified_time":"2025-06-26T08:52:24+00:00","og_image":[{"width":800,"height":600,"url":"https:\/\/www.oudadl.testontwikkeling.nl\/wp-content\/uploads\/2021\/08\/ADL01056-W-3.png","type":"image\/png"}],"twitter_misc":{"Preis":"&euro;29,95","Verf\u00fcgbarkeit":"Auf Lager"},"schema":{"@context":"https:\/\/schema.org","@graph":[{"@type":"WebPage","@id":"https:\/\/www.oudadl.testontwikkeling.nl\/product\/boreman-led-toplamp-wit-scania\/","url":"https:\/\/www.oudadl.testontwikkeling.nl\/product\/boreman-led-toplamp-wit-scania\/","name":"Boreman LED Positionsleuchte wei\u00df - All Day Led - Sonnenblende lampe Scania","isPartOf":{"@id":"https:\/\/www.oudadl.testontwikkeling.nl\/#website"},"primaryImageOfPage":{"@id":"https:\/\/www.oudadl.testontwikkeling.nl\/product\/boreman-led-toplamp-wit-scania\/#primaryimage"},"image":{"@id":"https:\/\/www.oudadl.testontwikkeling.nl\/product\/boreman-led-toplamp-wit-scania\/#primaryimage"},"thumbnailUrl":"https:\/\/www.oudadl.testontwikkeling.nl\/wp-content\/uploads\/2021\/08\/ADL01056-W.png","datePublished":"2021-08-31T07:36:58+00:00","dateModified":"2025-06-26T08:52:24+00:00","description":"Boreman LED Aufsatzleuchte wei\u00df - Scania LED Sonnenblendenlampe - mit 4 LED&#039;s - sofort verf\u00fcgbar - f\u00fcr Scania 4 &amp; R Serie - Plug &amp; Play Plug","breadcrumb":{"@id":"https:\/\/www.oudadl.testontwikkeling.nl\/product\/boreman-led-toplamp-wit-scania\/#breadcrumb"},"inLanguage":"de","potentialAction":[{"@type":"ReadAction","target":["https:\/\/www.oudadl.testontwikkeling.nl\/product\/boreman-led-toplamp-wit-scania\/"]}]},{"@type":"ImageObject","inLanguage":"de","@id":"https:\/\/www.oudadl.testontwikkeling.nl\/product\/boreman-led-toplamp-wit-scania\/#primaryimage","url":"https:\/\/www.oudadl.testontwikkeling.nl\/wp-content\/uploads\/2021\/08\/ADL01056-W.png","contentUrl":"https:\/\/www.oudadl.testontwikkeling.nl\/wp-content\/uploads\/2021\/08\/ADL01056-W.png","width":800,"height":600,"caption":"Boreman LED toplamp wit Scania 4 en R serie - te monteren in de zonneklep met originele stekker - EAN: 5391528110834"},{"@type":"BreadcrumbList","@id":"https:\/\/www.oudadl.testontwikkeling.nl\/product\/boreman-led-toplamp-wit-scania\/#breadcrumb","itemListElement":[{"@type":"ListItem","position":1,"name":"Home","item":"https:\/\/www.oudadl.testontwikkeling.nl\/"},{"@type":"ListItem","position":2,"name":"Shop","item":"https:\/\/www.oudadl.testontwikkeling.nl\/de\/shop\/"},{"@type":"ListItem","position":3,"name":"Overige","item":"https:\/\/www.oudadl.testontwikkeling.nl\/product-categorie\/overige-producten\/"},{"@type":"ListItem","position":4,"name":"Toplichten","item":"https:\/\/www.oudadl.testontwikkeling.nl\/product-categorie\/overige-producten\/toplichten\/"},{"@type":"ListItem","position":5,"name":"Boreman LED toplamp Scania &#8211; wit"}]},{"@type":"WebSite","@id":"https:\/\/www.oudadl.testontwikkeling.nl\/#website","url":"https:\/\/www.oudadl.testontwikkeling.nl\/","name":"All Day Led","description":"","publisher":{"@id":"https:\/\/www.oudadl.testontwikkeling.nl\/#organization"},"potentialAction":[{"@type":"SearchAction","target":{"@type":"EntryPoint","urlTemplate":"https:\/\/www.oudadl.testontwikkeling.nl\/?s={search_term_string}"},"query-input":{"@type":"PropertyValueSpecification","valueRequired":true,"valueName":"search_term_string"}}],"inLanguage":"de"},{"@type":"Organization","@id":"https:\/\/www.oudadl.testontwikkeling.nl\/#organization","name":"All Day Led","url":"https:\/\/www.oudadl.testontwikkeling.nl\/","logo":{"@type":"ImageObject","inLanguage":"de","@id":"https:\/\/www.oudadl.testontwikkeling.nl\/#\/schema\/logo\/image\/","url":"https:\/\/www.oudadl.testontwikkeling.nl\/wp-content\/uploads\/2022\/08\/Logo-ALL-DAY-LED-800x800-zwart-witte-letters.png","contentUrl":"https:\/\/www.oudadl.testontwikkeling.nl\/wp-content\/uploads\/2022\/08\/Logo-ALL-DAY-LED-800x800-zwart-witte-letters.png","width":800,"height":800,"caption":"All Day Led"},"image":{"@id":"https:\/\/www.oudadl.testontwikkeling.nl\/#\/schema\/logo\/image\/"},"sameAs":["https:\/\/www.facebook.com\/alldayled\/","https:\/\/www.instagram.com\/alldayled\/"],"vatID":"NL863960133B01","taxID":"86416545","hasMerchantReturnPolicy":{"@type":"MerchantReturnPolicy","merchantReturnLink":"https:\/\/www.oudadl.testontwikkeling.nl\/de\/verzenden-retourneren\/"}}]},"product_brand":"Boreman","product_price_amount":"29.95","product_price_currency":"EUR","og_availability":"instock","product_availability":"instock","product_retailer_item_id":"ADL35823","product_condition":"new"},"_links":{"self":[{"href":"https:\/\/www.oudadl.testontwikkeling.nl\/de\/wp-json\/wp\/v2\/product\/6151","targetHints":{"allow":["GET"]}}],"collection":[{"href":"https:\/\/www.oudadl.testontwikkeling.nl\/de\/wp-json\/wp\/v2\/product"}],"about":[{"href":"https:\/\/www.oudadl.testontwikkeling.nl\/de\/wp-json\/wp\/v2\/types\/product"}],"replies":[{"embeddable":true,"href":"https:\/\/www.oudadl.testontwikkeling.nl\/de\/wp-json\/wp\/v2\/comments?post=6151"}],"wp:featuredmedia":[{"embeddable":true,"href":"https:\/\/www.oudadl.testontwikkeling.nl\/de\/wp-json\/wp\/v2\/media\/17975"}],"wp:attachment":[{"href":"https:\/\/www.oudadl.testontwikkeling.nl\/de\/wp-json\/wp\/v2\/media?parent=6151"}],"wp:term":[{"taxonomy":"product_brand","embeddable":true,"href":"https:\/\/www.oudadl.testontwikkeling.nl\/de\/wp-json\/wp\/v2\/product_brand?post=6151"},{"taxonomy":"product_cat","embeddable":true,"href":"https:\/\/www.oudadl.testontwikkeling.nl\/de\/wp-json\/wp\/v2\/product_cat?post=6151"},{"taxonomy":"product_tag","embeddable":true,"href":"https:\/\/www.oudadl.testontwikkeling.nl\/de\/wp-json\/wp\/v2\/product_tag?post=6151"}],"curies":[{"name":"wp","href":"https:\/\/api.w.org\/{rel}","templated":true}]}}