{"id":6146,"date":"2020-07-26T16:00:58","date_gmt":"2020-07-26T15:00:58","guid":{"rendered":"https:\/\/www.oudadl.testontwikkeling.nl\/product\/import-placeholder-for-235835\/"},"modified":"2025-08-12T13:48:23","modified_gmt":"2025-08-12T11:48:23","slug":"volvo-toplamp-fm-fh4-orange-typ-2","status":"publish","type":"product","link":"https:\/\/www.oudadl.testontwikkeling.nl\/de\/product\/volvo-led-toplamp-type-2-oranje\/","title":{"rendered":"Volvo LED Positionsleuchte Typ 2 - orange"},"content":{"rendered":"<p><span style=\"color: #000000;\"><strong>Volvo LED Oberlicht Typ 2 \u2013 orange (Modell mit Lichtkasten).\u00a0<\/strong><\/span><\/p>\n<p><span style=\"color: #000000;\">Suchen Sie eine Volvo LED Top-Lampe Typ 2, die Sie beispielsweise an der Kabine Ihres LKWs montieren k\u00f6nnen? Dann k\u00f6nnte dies die Lampe sein, die Sie suchen. Die Lampe LED ist mit 2 hellen LED ausgestattet, die in der Farbe Orange leuchten. Die orangefarbenen Oberlichter sorgen daf\u00fcr, dass die Lampen am Originalleuchtkasten sch\u00f6n orange leuchten. Das Oberlicht Typ 2 passt nur in einen Volvo mit eingebautem Lichtkasten und passt daher nicht in andere Lkw-Typen.<\/span><\/p>\n<p><span style=\"color: #000000;\">Um sicherzustellen, dass die orangefarbene Volvo LED Top-Lampe Typ 2 f\u00fcr Ihren LKW oder Anh\u00e4nger geeignet ist. Nachfolgend haben wir einige Spezifikationen aufgeschrieben. All dies, um Ihnen klar zu machen, warum dies die LED-Lampe sein k\u00f6nnte, nach der Sie suchen. Die Volvo LED Aufsatzleuchte orange ist unter anderem mit dem ECE R10 G\u00fctezeichen versehen. Dieses Qualit\u00e4tszeichen bedeutet, dass die Lampe w\u00e4hrend der Aktivierung keine St\u00f6rungen verursacht, beispielsweise auf Ihrem Funksignal. Um das Ganze abzurunden, wird die LED Top Lamp Lampe mit einem originalen Anschlussstecker geliefert. Das macht das Anschlie\u00dfen sehr einfach.\u00a0\u00a0<\/span><\/p>\n<h5><span style=\"color: #000000;\">Andere Modelle:\u00a0<\/span><\/h5>\n<p><span style=\"color: #000000;\">Suchen Sie eine Spitzenleuchte oder Markierungsleuchte f\u00fcr Ihren Volvo-Lkw, aber Typ 2 f\u00fcr den Lichtkasten ist nicht das, wonach Sie suchen? Dann wissen Sie, dass wir auch verschiedene andere Arten von Lampen f\u00fcr den Volvo haben. Alle Versionen k\u00f6nnen f\u00fcr die Weltenbummler Volvo FM, FH4, FH4B, FH5 und Volvo FH16 verwendet werden.\u00a0<\/span><\/p>\n<ul>\n<li><span style=\"color: #000000;\"><a style=\"color: #000000;\" href=\"https:\/\/www.oudadl.testontwikkeling.nl\/de\/produkt\/volvo-led-toplamp-type-5-oranje\/\"><strong>Volvo Toplight Typ 5 - orange\u00a0<\/strong><\/a><\/span><\/li>\n<li><span style=\"color: #000000;\"><a style=\"color: #000000;\" href=\"https:\/\/www.oudadl.testontwikkeling.nl\/de\/produkt\/volvo-led-toplamp-type-5-warm-wit\/\"><strong>Volvo Toplight Typ 5 - w-wei\u00df<\/strong><\/a><\/span><\/li>\n<li><span style=\"color: #000000;\"><a style=\"color: #000000;\" href=\"https:\/\/www.oudadl.testontwikkeling.nl\/de\/produkt\/volvo-led-toplamp-type-5-oranje-wit\/\"><strong>Volvo Toplight Typ 5 orange\/wei\u00df<\/strong><\/a><\/span><\/li>\n<\/ul>\n<p><span style=\"color: #000000;\">Sind Sie der Meinung, dass die Volvo LED Aufsatzleuchte Typ 2 in der Farbe Orange nicht das ist, was Sie suchen? Einfach weil Ihnen das Modell oder die Farbe nicht gef\u00e4llt? Schauen Sie sich unbedingt auf unserer Seite um <a style=\"color: #000000;\" href=\"https:\/\/www.oudadl.testontwikkeling.nl\/de\/produkt-kategorie\/beleuchtungswagen\/\">LKW-Beleuchtung<\/a>. Vielleicht finden Sie hier das von Ihnen gesuchte Lampenmodell.\u00a0<\/span><\/p>","protected":false},"excerpt":{"rendered":"<p>Volvo LED toplamp type 2 &#8211; oranje (model met lichtbak).\u00a0 Bent u opzoek naar een Volvo LED toplamp type 2, die u bijvoorbeeld kunt monteren op bijvoorbeeld de cabine van uw vrachtwagen? Dan is dit wellicht d\u00e9 lamp waar u naar op zoek bent. De LED lamp is voorzien van 2 felle LED\u2019s die oplichten [&hellip;]<\/p>\n","protected":false},"featured_media":27207,"comment_status":"open","ping_status":"closed","template":"","meta":{"_acf_changed":false,"site-sidebar-layout":"default","site-content-layout":"default","ast-site-content-layout":"default","site-content-style":"default","site-sidebar-style":"default","ast-global-header-display":"","ast-banner-title-visibility":"","ast-main-header-display":"","ast-hfb-above-header-display":"","ast-hfb-below-header-display":"","ast-hfb-mobile-header-display":"","site-post-title":"","ast-breadcrumbs-content":"","ast-featured-img":"","footer-sml-layout":"","ast-disable-related-posts":"","theme-transparent-header-meta":"default","adv-header-id-meta":"","stick-header-meta":"","header-above-stick-meta":"","header-main-stick-meta":"","header-below-stick-meta":"","astra-migrate-meta-layouts":"set","ast-page-background-enabled":"default","ast-page-background-meta":{"desktop":{"background-color":"","background-image":"","background-repeat":"repeat","background-position":"center center","background-size":"auto","background-attachment":"scroll","background-type":"","background-media":"","overlay-type":"","overlay-color":"","overlay-opacity":"","overlay-gradient":""},"tablet":{"background-color":"","background-image":"","background-repeat":"repeat","background-position":"center center","background-size":"auto","background-attachment":"scroll","background-type":"","background-media":"","overlay-type":"","overlay-color":"","overlay-opacity":"","overlay-gradient":""},"mobile":{"background-color":"","background-image":"","background-repeat":"repeat","background-position":"center center","background-size":"auto","background-attachment":"scroll","background-type":"","background-media":"","overlay-type":"","overlay-color":"","overlay-opacity":"","overlay-gradient":""}},"ast-content-background-meta":{"desktop":{"background-color":"var(--ast-global-color-5)","background-image":"","background-repeat":"repeat","background-position":"center center","background-size":"auto","background-attachment":"scroll","background-type":"","background-media":"","overlay-type":"","overlay-color":"","overlay-opacity":"","overlay-gradient":""},"tablet":{"background-color":"var(--ast-global-color-5)","background-image":"","background-repeat":"repeat","background-position":"center center","background-size":"auto","background-attachment":"scroll","background-type":"","background-media":"","overlay-type":"","overlay-color":"","overlay-opacity":"","overlay-gradient":""},"mobile":{"background-color":"var(--ast-global-color-5)","background-image":"","background-repeat":"repeat","background-position":"center center","background-size":"auto","background-attachment":"scroll","background-type":"","background-media":"","overlay-type":"","overlay-color":"","overlay-opacity":"","overlay-gradient":""}}},"product_brand":[],"product_cat":[270,222],"product_tag":[2662,287,2004,2003,2661,2663],"class_list":{"0":"post-6146","1":"product","2":"type-product","3":"status-publish","4":"has-post-thumbnail","6":"product_cat-toplichten","7":"product_cat-volvo-verlichting","8":"product_tag-led-verlichting-volvo","9":"product_tag-volvo-fh","10":"product_tag-volvo-fh16","11":"product_tag-volvo-fh4","12":"product_tag-volvo-toplamp","13":"product_tag-volvo-vrachtwagen","14":"pa_merkk-product-volvo","15":"desktop-align-left","16":"tablet-align-left","17":"mobile-align-left","19":"first","20":"instock","21":"taxable","22":"shipping-taxable","23":"purchasable","24":"product-type-simple"},"acf":[],"yoast_head":"<!-- This site is optimized with the Yoast SEO Premium plugin v25.9 (Yoast SEO v27.6) - https:\/\/yoast.com\/product\/yoast-seo-premium-wordpress\/ -->\n<title>Volvo toplamp type 2 - ORANJE - All Day Led - voor 24 volt<\/title>\n<meta name=\"description\" content=\"Volvo LED toplamp type 2 - ORANJE - Volvo FH4, FH5, FH16, FM - felle oranje LED&#039;s - originele aansluiting - Volvo toplamp lichtbak\" \/>\n<meta name=\"robots\" content=\"noindex, follow, max-snippet:-1, max-image-preview:large, max-video-preview:-1\" \/>\n<meta property=\"og:locale\" content=\"de_DE\" \/>\n<meta property=\"og:type\" content=\"article\" \/>\n<meta property=\"og:title\" content=\"Volvo toplamp type 2 - ORANJE - All Day Led - voor 24 volt gebruik\" \/>\n<meta property=\"og:description\" content=\"Volvo LED toplamp type 2 - ORANJE - Volvo FH4, FH5, FH16, FM - felle oranje LED&#039;s - originele aansluiting - Volvo toplamp lichtbak\" \/>\n<meta property=\"og:url\" content=\"https:\/\/www.oudadl.testontwikkeling.nl\/de\/produkt\/volvo-toplamp-fm-fh4-orange-typ-2\/\" \/>\n<meta property=\"og:site_name\" content=\"All Day Led\" \/>\n<meta property=\"article:publisher\" content=\"https:\/\/www.facebook.com\/alldayled\/\" \/>\n<meta property=\"article:modified_time\" content=\"2025-08-12T11:48:23+00:00\" \/>\n<meta property=\"og:image\" content=\"https:\/\/www.oudadl.testontwikkeling.nl\/wp-content\/uploads\/2020\/07\/ADL02493-2.png\" \/>\n\t<meta property=\"og:image:width\" content=\"800\" \/>\n\t<meta property=\"og:image:height\" content=\"600\" \/>\n\t<meta property=\"og:image:type\" content=\"image\/png\" \/>\n<meta name=\"twitter:label1\" content=\"Preis\" \/>\n\t<meta name=\"twitter:data1\" content=\"&euro;60,00\" \/>\n\t<meta name=\"twitter:label2\" content=\"Verf\u00fcgbarkeit\" \/>\n\t<meta name=\"twitter:data2\" content=\"Auf Lager\" \/>\n<script type=\"application\/ld+json\" class=\"yoast-schema-graph\">{\"@context\":\"https:\\\/\\\/schema.org\",\"@graph\":[{\"@type\":\"WebPage\",\"@id\":\"https:\\\/\\\/www.oudadl.testontwikkeling.nl\\\/product\\\/volvo-led-toplamp-type-2-oranje\\\/\",\"url\":\"https:\\\/\\\/www.oudadl.testontwikkeling.nl\\\/product\\\/volvo-led-toplamp-type-2-oranje\\\/\",\"name\":\"Volvo toplamp type 2 - ORANJE - All Day Led - voor 24 volt\",\"isPartOf\":{\"@id\":\"https:\\\/\\\/www.oudadl.testontwikkeling.nl\\\/#website\"},\"primaryImageOfPage\":{\"@id\":\"https:\\\/\\\/www.oudadl.testontwikkeling.nl\\\/product\\\/volvo-led-toplamp-type-2-oranje\\\/#primaryimage\"},\"image\":{\"@id\":\"https:\\\/\\\/www.oudadl.testontwikkeling.nl\\\/product\\\/volvo-led-toplamp-type-2-oranje\\\/#primaryimage\"},\"thumbnailUrl\":\"https:\\\/\\\/www.oudadl.testontwikkeling.nl\\\/wp-content\\\/uploads\\\/2020\\\/07\\\/ADL02493.png\",\"datePublished\":\"2020-07-26T15:00:58+00:00\",\"dateModified\":\"2025-08-12T11:48:23+00:00\",\"description\":\"Volvo LED toplamp type 2 - ORANJE - Volvo FH4, FH5, FH16, FM - felle oranje LED's - originele aansluiting - Volvo toplamp lichtbak\",\"breadcrumb\":{\"@id\":\"https:\\\/\\\/www.oudadl.testontwikkeling.nl\\\/product\\\/volvo-led-toplamp-type-2-oranje\\\/#breadcrumb\"},\"inLanguage\":\"de\",\"potentialAction\":[{\"@type\":\"ReadAction\",\"target\":[\"https:\\\/\\\/www.oudadl.testontwikkeling.nl\\\/product\\\/volvo-led-toplamp-type-2-oranje\\\/\"]}]},{\"@type\":\"ImageObject\",\"inLanguage\":\"de\",\"@id\":\"https:\\\/\\\/www.oudadl.testontwikkeling.nl\\\/product\\\/volvo-led-toplamp-type-2-oranje\\\/#primaryimage\",\"url\":\"https:\\\/\\\/www.oudadl.testontwikkeling.nl\\\/wp-content\\\/uploads\\\/2020\\\/07\\\/ADL02493.png\",\"contentUrl\":\"https:\\\/\\\/www.oudadl.testontwikkeling.nl\\\/wp-content\\\/uploads\\\/2020\\\/07\\\/ADL02493.png\",\"width\":800,\"height\":600,\"caption\":\"Volvo LED toplamp type 2 - geschikt voor lichtbak montage - Volvo FM, FH4, FH4B, FH5 en Volvo FH16 globetrotter - 24 volt LED verlichting\"},{\"@type\":\"BreadcrumbList\",\"@id\":\"https:\\\/\\\/www.oudadl.testontwikkeling.nl\\\/product\\\/volvo-led-toplamp-type-2-oranje\\\/#breadcrumb\",\"itemListElement\":[{\"@type\":\"ListItem\",\"position\":1,\"name\":\"Home\",\"item\":\"https:\\\/\\\/www.oudadl.testontwikkeling.nl\\\/\"},{\"@type\":\"ListItem\",\"position\":2,\"name\":\"Shop\",\"item\":\"https:\\\/\\\/www.oudadl.testontwikkeling.nl\\\/de\\\/shop\\\/\"},{\"@type\":\"ListItem\",\"position\":3,\"name\":\"Verlichting vrachtwagen\",\"item\":\"https:\\\/\\\/www.oudadl.testontwikkeling.nl\\\/product-categorie\\\/verlichting-vrachtwagen\\\/\"},{\"@type\":\"ListItem\",\"position\":4,\"name\":\"Volvo verlichting\",\"item\":\"https:\\\/\\\/www.oudadl.testontwikkeling.nl\\\/product-categorie\\\/verlichting-vrachtwagen\\\/volvo-verlichting\\\/\"},{\"@type\":\"ListItem\",\"position\":5,\"name\":\"Volvo LED toplamp type 2 &#8211; oranje\"}]},{\"@type\":\"WebSite\",\"@id\":\"https:\\\/\\\/www.oudadl.testontwikkeling.nl\\\/#website\",\"url\":\"https:\\\/\\\/www.oudadl.testontwikkeling.nl\\\/\",\"name\":\"All Day Led\",\"description\":\"\",\"publisher\":{\"@id\":\"https:\\\/\\\/www.oudadl.testontwikkeling.nl\\\/#organization\"},\"potentialAction\":[{\"@type\":\"SearchAction\",\"target\":{\"@type\":\"EntryPoint\",\"urlTemplate\":\"https:\\\/\\\/www.oudadl.testontwikkeling.nl\\\/?s={search_term_string}\"},\"query-input\":{\"@type\":\"PropertyValueSpecification\",\"valueRequired\":true,\"valueName\":\"search_term_string\"}}],\"inLanguage\":\"de\"},{\"@type\":\"Organization\",\"@id\":\"https:\\\/\\\/www.oudadl.testontwikkeling.nl\\\/#organization\",\"name\":\"All Day Led\",\"url\":\"https:\\\/\\\/www.oudadl.testontwikkeling.nl\\\/\",\"logo\":{\"@type\":\"ImageObject\",\"inLanguage\":\"de\",\"@id\":\"https:\\\/\\\/www.oudadl.testontwikkeling.nl\\\/#\\\/schema\\\/logo\\\/image\\\/\",\"url\":\"https:\\\/\\\/www.oudadl.testontwikkeling.nl\\\/wp-content\\\/uploads\\\/2022\\\/08\\\/Logo-ALL-DAY-LED-800x800-zwart-witte-letters.png\",\"contentUrl\":\"https:\\\/\\\/www.oudadl.testontwikkeling.nl\\\/wp-content\\\/uploads\\\/2022\\\/08\\\/Logo-ALL-DAY-LED-800x800-zwart-witte-letters.png\",\"width\":800,\"height\":800,\"caption\":\"All Day Led\"},\"image\":{\"@id\":\"https:\\\/\\\/www.oudadl.testontwikkeling.nl\\\/#\\\/schema\\\/logo\\\/image\\\/\"},\"sameAs\":[\"https:\\\/\\\/www.facebook.com\\\/alldayled\\\/\",\"https:\\\/\\\/www.instagram.com\\\/alldayled\\\/\"],\"vatID\":\"NL863960133B01\",\"taxID\":\"86416545\",\"hasMerchantReturnPolicy\":{\"@type\":\"MerchantReturnPolicy\",\"merchantReturnLink\":\"https:\\\/\\\/www.oudadl.testontwikkeling.nl\\\/de\\\/verzenden-retourneren\\\/\"}}]}<\/script>\n<meta property=\"product:brand\" content=\"Volvo\" \/>\n<meta property=\"product:price:amount\" content=\"60.00\" \/>\n<meta property=\"product:price:currency\" content=\"EUR\" \/>\n<meta property=\"og:availability\" content=\"instock\" \/>\n<meta property=\"product:availability\" content=\"instock\" \/>\n<meta property=\"product:retailer_item_id\" content=\"ADL02493\" \/>\n<meta property=\"product:condition\" content=\"new\" \/>\n<!-- \/ Yoast SEO Premium plugin. -->","yoast_head_json":{"title":"Volvo Top Lampe Typ 2 - ORANGE - All Day Led - f\u00fcr 24 Volt","description":"Volvo LED Oberlicht Typ 2 - ORANGE - Volvo FH4, FH5, FH16, FM - leuchtend orange LED&#039;s - Originalanschluss - Volvo Oberlicht Lichtkasten","robots":{"index":"noindex","follow":"follow","max-snippet":"max-snippet:-1","max-image-preview":"max-image-preview:large","max-video-preview":"max-video-preview:-1"},"og_locale":"de_DE","og_type":"article","og_title":"Volvo toplamp type 2 - ORANJE - All Day Led - voor 24 volt gebruik","og_description":"Volvo LED toplamp type 2 - ORANJE - Volvo FH4, FH5, FH16, FM - felle oranje LED's - originele aansluiting - Volvo toplamp lichtbak","og_url":"https:\/\/www.oudadl.testontwikkeling.nl\/de\/produkt\/volvo-toplamp-fm-fh4-orange-typ-2\/","og_site_name":"All Day Led","article_publisher":"https:\/\/www.facebook.com\/alldayled\/","article_modified_time":"2025-08-12T11:48:23+00:00","og_image":[{"width":800,"height":600,"url":"https:\/\/www.oudadl.testontwikkeling.nl\/wp-content\/uploads\/2020\/07\/ADL02493-2.png","type":"image\/png"}],"twitter_misc":{"Preis":"&euro;60,00","Verf\u00fcgbarkeit":"Auf Lager"},"schema":{"@context":"https:\/\/schema.org","@graph":[{"@type":"WebPage","@id":"https:\/\/www.oudadl.testontwikkeling.nl\/product\/volvo-led-toplamp-type-2-oranje\/","url":"https:\/\/www.oudadl.testontwikkeling.nl\/product\/volvo-led-toplamp-type-2-oranje\/","name":"Volvo Top Lampe Typ 2 - ORANGE - All Day Led - f\u00fcr 24 Volt","isPartOf":{"@id":"https:\/\/www.oudadl.testontwikkeling.nl\/#website"},"primaryImageOfPage":{"@id":"https:\/\/www.oudadl.testontwikkeling.nl\/product\/volvo-led-toplamp-type-2-oranje\/#primaryimage"},"image":{"@id":"https:\/\/www.oudadl.testontwikkeling.nl\/product\/volvo-led-toplamp-type-2-oranje\/#primaryimage"},"thumbnailUrl":"https:\/\/www.oudadl.testontwikkeling.nl\/wp-content\/uploads\/2020\/07\/ADL02493.png","datePublished":"2020-07-26T15:00:58+00:00","dateModified":"2025-08-12T11:48:23+00:00","description":"Volvo LED Oberlicht Typ 2 - ORANGE - Volvo FH4, FH5, FH16, FM - leuchtend orange LED&#039;s - Originalanschluss - Volvo Oberlicht Lichtkasten","breadcrumb":{"@id":"https:\/\/www.oudadl.testontwikkeling.nl\/product\/volvo-led-toplamp-type-2-oranje\/#breadcrumb"},"inLanguage":"de","potentialAction":[{"@type":"ReadAction","target":["https:\/\/www.oudadl.testontwikkeling.nl\/product\/volvo-led-toplamp-type-2-oranje\/"]}]},{"@type":"ImageObject","inLanguage":"de","@id":"https:\/\/www.oudadl.testontwikkeling.nl\/product\/volvo-led-toplamp-type-2-oranje\/#primaryimage","url":"https:\/\/www.oudadl.testontwikkeling.nl\/wp-content\/uploads\/2020\/07\/ADL02493.png","contentUrl":"https:\/\/www.oudadl.testontwikkeling.nl\/wp-content\/uploads\/2020\/07\/ADL02493.png","width":800,"height":600,"caption":"Volvo LED toplamp type 2 - geschikt voor lichtbak montage - Volvo FM, FH4, FH4B, FH5 en Volvo FH16 globetrotter - 24 volt LED verlichting"},{"@type":"BreadcrumbList","@id":"https:\/\/www.oudadl.testontwikkeling.nl\/product\/volvo-led-toplamp-type-2-oranje\/#breadcrumb","itemListElement":[{"@type":"ListItem","position":1,"name":"Home","item":"https:\/\/www.oudadl.testontwikkeling.nl\/"},{"@type":"ListItem","position":2,"name":"Shop","item":"https:\/\/www.oudadl.testontwikkeling.nl\/de\/shop\/"},{"@type":"ListItem","position":3,"name":"Verlichting vrachtwagen","item":"https:\/\/www.oudadl.testontwikkeling.nl\/product-categorie\/verlichting-vrachtwagen\/"},{"@type":"ListItem","position":4,"name":"Volvo verlichting","item":"https:\/\/www.oudadl.testontwikkeling.nl\/product-categorie\/verlichting-vrachtwagen\/volvo-verlichting\/"},{"@type":"ListItem","position":5,"name":"Volvo LED toplamp type 2 &#8211; oranje"}]},{"@type":"WebSite","@id":"https:\/\/www.oudadl.testontwikkeling.nl\/#website","url":"https:\/\/www.oudadl.testontwikkeling.nl\/","name":"All Day Led","description":"","publisher":{"@id":"https:\/\/www.oudadl.testontwikkeling.nl\/#organization"},"potentialAction":[{"@type":"SearchAction","target":{"@type":"EntryPoint","urlTemplate":"https:\/\/www.oudadl.testontwikkeling.nl\/?s={search_term_string}"},"query-input":{"@type":"PropertyValueSpecification","valueRequired":true,"valueName":"search_term_string"}}],"inLanguage":"de"},{"@type":"Organization","@id":"https:\/\/www.oudadl.testontwikkeling.nl\/#organization","name":"All Day Led","url":"https:\/\/www.oudadl.testontwikkeling.nl\/","logo":{"@type":"ImageObject","inLanguage":"de","@id":"https:\/\/www.oudadl.testontwikkeling.nl\/#\/schema\/logo\/image\/","url":"https:\/\/www.oudadl.testontwikkeling.nl\/wp-content\/uploads\/2022\/08\/Logo-ALL-DAY-LED-800x800-zwart-witte-letters.png","contentUrl":"https:\/\/www.oudadl.testontwikkeling.nl\/wp-content\/uploads\/2022\/08\/Logo-ALL-DAY-LED-800x800-zwart-witte-letters.png","width":800,"height":800,"caption":"All Day Led"},"image":{"@id":"https:\/\/www.oudadl.testontwikkeling.nl\/#\/schema\/logo\/image\/"},"sameAs":["https:\/\/www.facebook.com\/alldayled\/","https:\/\/www.instagram.com\/alldayled\/"],"vatID":"NL863960133B01","taxID":"86416545","hasMerchantReturnPolicy":{"@type":"MerchantReturnPolicy","merchantReturnLink":"https:\/\/www.oudadl.testontwikkeling.nl\/de\/verzenden-retourneren\/"}}]},"product_brand":"Volvo","product_price_amount":"60.00","product_price_currency":"EUR","og_availability":"instock","product_availability":"instock","product_retailer_item_id":"ADL02493","product_condition":"new"},"_links":{"self":[{"href":"https:\/\/www.oudadl.testontwikkeling.nl\/de\/wp-json\/wp\/v2\/product\/6146","targetHints":{"allow":["GET"]}}],"collection":[{"href":"https:\/\/www.oudadl.testontwikkeling.nl\/de\/wp-json\/wp\/v2\/product"}],"about":[{"href":"https:\/\/www.oudadl.testontwikkeling.nl\/de\/wp-json\/wp\/v2\/types\/product"}],"replies":[{"embeddable":true,"href":"https:\/\/www.oudadl.testontwikkeling.nl\/de\/wp-json\/wp\/v2\/comments?post=6146"}],"wp:featuredmedia":[{"embeddable":true,"href":"https:\/\/www.oudadl.testontwikkeling.nl\/de\/wp-json\/wp\/v2\/media\/27207"}],"wp:attachment":[{"href":"https:\/\/www.oudadl.testontwikkeling.nl\/de\/wp-json\/wp\/v2\/media?parent=6146"}],"wp:term":[{"taxonomy":"product_brand","embeddable":true,"href":"https:\/\/www.oudadl.testontwikkeling.nl\/de\/wp-json\/wp\/v2\/product_brand?post=6146"},{"taxonomy":"product_cat","embeddable":true,"href":"https:\/\/www.oudadl.testontwikkeling.nl\/de\/wp-json\/wp\/v2\/product_cat?post=6146"},{"taxonomy":"product_tag","embeddable":true,"href":"https:\/\/www.oudadl.testontwikkeling.nl\/de\/wp-json\/wp\/v2\/product_tag?post=6146"}],"curies":[{"name":"wp","href":"https:\/\/api.w.org\/{rel}","templated":true}]}}