{"id":6133,"date":"2020-03-10T15:14:58","date_gmt":"2020-03-10T14:14:58","guid":{"rendered":"https:\/\/www.oudadl.testontwikkeling.nl\/product\/import-placeholder-for-235669\/"},"modified":"2025-11-19T02:43:00","modified_gmt":"2025-11-19T01:43:00","slug":"led-einbau-5mm-warm-weis-12-24volt","status":"publish","type":"product","link":"https:\/\/www.oudadl.testontwikkeling.nl\/de\/product\/led-inbouw-5mm-warm-wit\/","title":{"rendered":"LED interior spot 5mm warm wei\u00df 12\/24 Volt"},"content":{"rendered":"<p><span style=\"color: #000000\"><strong>LED interior spot warm wei\u00df (3000K) 5mm mit Klarglas, f\u00fcr 12 &amp; 24 Volt.\u00a0<\/strong><\/span><\/p>\n<p><span style=\"color: #000000\">Suchen Sie einen sch\u00f6nen runden LED Einbaustrahler mit klarem Glas, der in der Farbe warmwei\u00df leuchtet? Dann ist diese LED Lampe m\u00f6glicherweise die Lampe, die Sie suchen. Dies ist eine Innenleuchte, die das tut, was man von ihr erwartet, denn die Leuchte sorgt daf\u00fcr, dass der Raum wei\u00df beleuchtet wird. Wenn Sie mit dieser LED-Lampe einen Sternenhimmel machen m\u00f6chten, empfehlen wir Ihnen, mindestens 10 St\u00fcck mitzunehmen. Die LED Lampe ist mit LED best\u00fcckt und wird mit einem Chrome Halter geliefert. Der Einbaustrahler LED warmwei\u00df kann mit 12 und 24 Volt betrieben werden. Das bedeutet, dass Sie mit dieser LED Lampe zum Beispiel den Innenraum Ihres PKW, LKW, Wohnmobils, Anh\u00e4ngers oder anderer Futter- oder Arbeitsger\u00e4te in Wei\u00df ausleuchten k\u00f6nnen.<\/span><\/p>\n<h5><span style=\"color: #000000\"><strong>Montage:<\/strong><\/span><\/h5>\n<p><span style=\"color: #000000\">Dies ist eine Einbauleuchte, was bedeutet, dass Sie f\u00fcr die Montage ein Loch in Ihr Inneres bohren m\u00fcssen. Die Installation dieser LED-Lampe dauert nur wenige Minuten. Die Gesamth\u00f6he der LED Lampe betr\u00e4gt nach der Montage nur 5 Millimeter und kann in Reihe geschaltet werden. Kurz gesagt, dieser LED Einbaustrahler warmwei\u00df eignet sich sehr gut f\u00fcr die Montage im Inneren Ihres Fahrzeugs oder Bootes.<\/span><\/p>\n<h5><span style=\"color: #000000\"><strong>Andere Farben:<\/strong><\/span><\/h5>\n<p><span style=\"color: #000000\">Ist diese runde LED Lampe mit klarem Glas nach Ihrem Geschmack, aber die Farbe ist nicht die Farbe, die Sie suchen? Dann wissen Sie, dass diese LED Innenleuchte warmwei\u00df mit Klarglas auch in folgenden Farben erh\u00e4ltlich ist:<\/span><\/p>\n<ul>\n<li><span style=\"color: #000000\"><a style=\"color: #000000\" href=\"https:\/\/www.oudadl.testontwikkeling.nl\/de\/produkt\/led-einbau-5mm-rot-12-24volt\/\"><strong>Rot<\/strong><\/a><\/span><\/li>\n<li><a href=\"https:\/\/www.oudadl.testontwikkeling.nl\/de\/produkt\/led-einbau-5mm-weis-12-24volt\/\"><span style=\"color: #000000\"><strong>Xenon wei\u00df<\/strong><\/span><\/a><\/li>\n<li><span style=\"color: #000000\"><strong><a style=\"color: #000000\" href=\"https:\/\/www.oudadl.testontwikkeling.nl\/de\/produkt\/led-einbau-5mm-blau-12-24volt\/\">Blau<\/a><\/strong><\/span><\/li>\n<li><span style=\"color: #000000\"><strong><a style=\"color: #000000\" href=\"https:\/\/www.oudadl.testontwikkeling.nl\/de\/produkt\/led-einbau-5mm-orange-12-24volt\/\">Orange<\/a><\/strong><\/span><\/li>\n<li><span style=\"color: #000000\"><strong><a style=\"color: #000000\" href=\"https:\/\/www.oudadl.testontwikkeling.nl\/de\/produkt\/led-einbau-5mm-gelb-12-24volt\/\">Gelb<\/a><\/strong><\/span><\/li>\n<li><span style=\"color: #000000\"><strong><a style=\"color: #000000\" href=\"https:\/\/www.oudadl.testontwikkeling.nl\/de\/produkt\/led-einbau-5mm-grun-12-24volt\/\">Gr\u00fcn<\/a><\/strong><\/span><\/li>\n<\/ul>\n<p><span style=\"color: #000000\">Glauben Sie immer noch, dass diese LED-Lampe nicht das ist, wonach Sie suchen? Einfach weil die Farbe oder Form nicht das ist, was Sie wollen? Schauen Sie sich unbedingt unsere Seite an <strong><a style=\"color: #000000\" href=\"https:\/\/www.oudadl.testontwikkeling.nl\/de\/produkt-kategorie\/beleuchtung\/verlichting-24-volt\/inbouw-verlichting\/\">Einbauleuchten<\/a><\/strong>. M\u00f6glicherweise finden Sie hier das Lampenmodell, das Sie suchen.<\/span><\/p>","protected":false},"excerpt":{"rendered":"<p>LED inbouw spot warm wit 5mm met helder glas, voor 12 &amp; 24 volt gebruik.\u00a0 Bent u opzoek naar een mooie ronde LED inbouw spot met helder glas die oplicht in de kleur warm wit? Dan is deze LED lamp wellicht d\u00e9 lamp waar u naar op zoek bent. Dit is een interieur lamp die [&hellip;]<\/p>\n","protected":false},"featured_media":17700,"comment_status":"open","ping_status":"closed","template":"","meta":{"_acf_changed":false,"site-sidebar-layout":"default","site-content-layout":"default","ast-site-content-layout":"default","site-content-style":"default","site-sidebar-style":"default","ast-global-header-display":"","ast-banner-title-visibility":"","ast-main-header-display":"","ast-hfb-above-header-display":"","ast-hfb-below-header-display":"","ast-hfb-mobile-header-display":"","site-post-title":"","ast-breadcrumbs-content":"","ast-featured-img":"","footer-sml-layout":"","ast-disable-related-posts":"","theme-transparent-header-meta":"default","adv-header-id-meta":"","stick-header-meta":"","header-above-stick-meta":"","header-main-stick-meta":"","header-below-stick-meta":"","astra-migrate-meta-layouts":"default","ast-page-background-enabled":"default","ast-page-background-meta":{"desktop":{"background-color":"","background-image":"","background-repeat":"repeat","background-position":"center center","background-size":"auto","background-attachment":"scroll","background-type":"","background-media":"","overlay-type":"","overlay-color":"","overlay-opacity":"","overlay-gradient":""},"tablet":{"background-color":"","background-image":"","background-repeat":"repeat","background-position":"center center","background-size":"auto","background-attachment":"scroll","background-type":"","background-media":"","overlay-type":"","overlay-color":"","overlay-opacity":"","overlay-gradient":""},"mobile":{"background-color":"","background-image":"","background-repeat":"repeat","background-position":"center center","background-size":"auto","background-attachment":"scroll","background-type":"","background-media":"","overlay-type":"","overlay-color":"","overlay-opacity":"","overlay-gradient":""}},"ast-content-background-meta":{"desktop":{"background-color":"var(--ast-global-color-5)","background-image":"","background-repeat":"repeat","background-position":"center center","background-size":"auto","background-attachment":"scroll","background-type":"","background-media":"","overlay-type":"","overlay-color":"","overlay-opacity":"","overlay-gradient":""},"tablet":{"background-color":"var(--ast-global-color-5)","background-image":"","background-repeat":"repeat","background-position":"center center","background-size":"auto","background-attachment":"scroll","background-type":"","background-media":"","overlay-type":"","overlay-color":"","overlay-opacity":"","overlay-gradient":""},"mobile":{"background-color":"var(--ast-global-color-5)","background-image":"","background-repeat":"repeat","background-position":"center center","background-size":"auto","background-attachment":"scroll","background-type":"","background-media":"","overlay-type":"","overlay-color":"","overlay-opacity":"","overlay-gradient":""}}},"product_brand":[],"product_cat":[383,268,389],"product_tag":[5652,5654,5656,5655,5653,1961,5660,5661,5662,5659,5650,5651,5649,5658,5657,5664],"class_list":{"0":"post-6133","1":"product","2":"type-product","3":"status-publish","4":"has-post-thumbnail","6":"product_cat-inbouw-verlichting-24-volt","7":"product_cat-inbouw-verlichting-12-volt","8":"product_cat-verlichting","9":"product_tag-binnenverlichting-auto","10":"product_tag-binnenverlichting-camper","11":"product_tag-binnenverlichting-caravan","12":"product_tag-binnenverlichting-tractor","13":"product_tag-binnenverlichting-vrachtwagen","14":"product_tag-cabine-verlichting","15":"product_tag-inbouwspot-auto","16":"product_tag-inbouwspot-camper","17":"product_tag-inbouwspot-caravan","18":"product_tag-inbouwspot-vrachtwagen","19":"product_tag-interieur-spot-auto","20":"product_tag-interieur-spot-camper","21":"product_tag-interieur-spot-vrachtwagen","22":"product_tag-sterrenhemel-camper","23":"product_tag-sterrenhemel-vrachtwagen","24":"product_tag-witte-interieurverlichting","25":"pa_merkk-product-all-day-led","26":"desktop-align-left","27":"tablet-align-left","28":"mobile-align-left","30":"first","31":"instock","32":"taxable","33":"shipping-taxable","34":"purchasable","35":"product-type-simple"},"acf":[],"yoast_head":"<!-- This site is optimized with the Yoast SEO Premium plugin v25.9 (Yoast SEO v27.6) - https:\/\/yoast.com\/product\/yoast-seo-premium-wordpress\/ -->\n<title>LED inbouw spot warm wit - 5mm - met houder All Day Led - 12&amp;24V<\/title>\n<meta name=\"description\" content=\"LED inbouw spot warm wit - 5mm - witte inbouw LED interieur lamp - voor auto, vrachtwagen, aanhanger, tractor en meer - 12&amp;24 Volt\" \/>\n<meta name=\"robots\" content=\"noindex, follow, max-snippet:-1, max-image-preview:large, max-video-preview:-1\" \/>\n<meta property=\"og:locale\" content=\"de_DE\" \/>\n<meta property=\"og:type\" content=\"article\" \/>\n<meta property=\"og:title\" content=\"LED inbouw spot warm wit - 5mm - met houder All Day Led - 12&amp;24V\" \/>\n<meta property=\"og:description\" content=\"LED inbouw spot warm wit - 5mm - witte inbouw LED interieur lamp - voor auto, vrachtwagen, aanhanger, tractor en meer - 12&amp;24 Volt\" \/>\n<meta property=\"og:url\" content=\"https:\/\/www.oudadl.testontwikkeling.nl\/de\/produkt\/led-einbau-5mm-warm-weis-12-24volt\/\" \/>\n<meta property=\"og:site_name\" content=\"All Day Led\" \/>\n<meta property=\"article:publisher\" content=\"https:\/\/www.facebook.com\/alldayled\/\" \/>\n<meta property=\"article:modified_time\" content=\"2025-11-19T01:43:00+00:00\" \/>\n<meta property=\"og:image\" content=\"https:\/\/www.oudadl.testontwikkeling.nl\/wp-content\/uploads\/2020\/03\/ADL00011-WW.-0.png\" \/>\n\t<meta property=\"og:image:width\" content=\"800\" \/>\n\t<meta property=\"og:image:height\" content=\"600\" \/>\n\t<meta property=\"og:image:type\" content=\"image\/png\" \/>\n<meta name=\"twitter:label1\" content=\"Preis\" \/>\n\t<meta name=\"twitter:data1\" content=\"&euro;1,65\" \/>\n\t<meta name=\"twitter:label2\" content=\"Verf\u00fcgbarkeit\" \/>\n\t<meta name=\"twitter:data2\" content=\"Auf Lager\" \/>\n<script type=\"application\/ld+json\" class=\"yoast-schema-graph\">{\"@context\":\"https:\\\/\\\/schema.org\",\"@graph\":[{\"@type\":\"WebPage\",\"@id\":\"https:\\\/\\\/www.oudadl.testontwikkeling.nl\\\/nl\\\/product\\\/led-inbouw-5mm-warm-wit\\\/\",\"url\":\"https:\\\/\\\/www.oudadl.testontwikkeling.nl\\\/nl\\\/product\\\/led-inbouw-5mm-warm-wit\\\/\",\"name\":\"LED inbouw spot warm wit - 5mm - met houder All Day Led - 12&24V\",\"isPartOf\":{\"@id\":\"https:\\\/\\\/www.oudadl.testontwikkeling.nl\\\/#website\"},\"primaryImageOfPage\":{\"@id\":\"https:\\\/\\\/www.oudadl.testontwikkeling.nl\\\/nl\\\/product\\\/led-inbouw-5mm-warm-wit\\\/#primaryimage\"},\"image\":{\"@id\":\"https:\\\/\\\/www.oudadl.testontwikkeling.nl\\\/nl\\\/product\\\/led-inbouw-5mm-warm-wit\\\/#primaryimage\"},\"thumbnailUrl\":\"https:\\\/\\\/www.oudadl.testontwikkeling.nl\\\/wp-content\\\/uploads\\\/2020\\\/03\\\/ADL00011-WW.-0.png\",\"datePublished\":\"2020-03-10T14:14:58+00:00\",\"dateModified\":\"2025-11-19T01:43:00+00:00\",\"description\":\"LED inbouw spot warm wit - 5mm - witte inbouw LED interieur lamp - voor auto, vrachtwagen, aanhanger, tractor en meer - 12&24 Volt\",\"breadcrumb\":{\"@id\":\"https:\\\/\\\/www.oudadl.testontwikkeling.nl\\\/nl\\\/product\\\/led-inbouw-5mm-warm-wit\\\/#breadcrumb\"},\"inLanguage\":\"de\",\"potentialAction\":[{\"@type\":\"ReadAction\",\"target\":[\"https:\\\/\\\/www.oudadl.testontwikkeling.nl\\\/nl\\\/product\\\/led-inbouw-5mm-warm-wit\\\/\"]}]},{\"@type\":\"ImageObject\",\"inLanguage\":\"de\",\"@id\":\"https:\\\/\\\/www.oudadl.testontwikkeling.nl\\\/nl\\\/product\\\/led-inbouw-5mm-warm-wit\\\/#primaryimage\",\"url\":\"https:\\\/\\\/www.oudadl.testontwikkeling.nl\\\/wp-content\\\/uploads\\\/2020\\\/03\\\/ADL00011-WW.-0.png\",\"contentUrl\":\"https:\\\/\\\/www.oudadl.testontwikkeling.nl\\\/wp-content\\\/uploads\\\/2020\\\/03\\\/ADL00011-WW.-0.png\",\"width\":800,\"height\":600,\"caption\":\"LED inbouw spot warm wit 3000K 12 volt - 24 volt - interieur verlichting - Truckstyling artikel - EAN: 6090545896866\"},{\"@type\":\"BreadcrumbList\",\"@id\":\"https:\\\/\\\/www.oudadl.testontwikkeling.nl\\\/nl\\\/product\\\/led-inbouw-5mm-warm-wit\\\/#breadcrumb\",\"itemListElement\":[{\"@type\":\"ListItem\",\"position\":1,\"name\":\"Home\",\"item\":\"https:\\\/\\\/www.oudadl.testontwikkeling.nl\\\/\"},{\"@type\":\"ListItem\",\"position\":2,\"name\":\"Shop\",\"item\":\"https:\\\/\\\/www.oudadl.testontwikkeling.nl\\\/de\\\/shop\\\/\"},{\"@type\":\"ListItem\",\"position\":3,\"name\":\"Verlichting\",\"item\":\"https:\\\/\\\/www.oudadl.testontwikkeling.nl\\\/product-categorie\\\/verlichting\\\/\"},{\"@type\":\"ListItem\",\"position\":4,\"name\":\"LED inbouw spot 5mm warm wit 12\\\/24 Volt\"}]},{\"@type\":\"WebSite\",\"@id\":\"https:\\\/\\\/www.oudadl.testontwikkeling.nl\\\/#website\",\"url\":\"https:\\\/\\\/www.oudadl.testontwikkeling.nl\\\/\",\"name\":\"All Day Led\",\"description\":\"\",\"publisher\":{\"@id\":\"https:\\\/\\\/www.oudadl.testontwikkeling.nl\\\/#organization\"},\"potentialAction\":[{\"@type\":\"SearchAction\",\"target\":{\"@type\":\"EntryPoint\",\"urlTemplate\":\"https:\\\/\\\/www.oudadl.testontwikkeling.nl\\\/?s={search_term_string}\"},\"query-input\":{\"@type\":\"PropertyValueSpecification\",\"valueRequired\":true,\"valueName\":\"search_term_string\"}}],\"inLanguage\":\"de\"},{\"@type\":\"Organization\",\"@id\":\"https:\\\/\\\/www.oudadl.testontwikkeling.nl\\\/#organization\",\"name\":\"All Day Led\",\"url\":\"https:\\\/\\\/www.oudadl.testontwikkeling.nl\\\/\",\"logo\":{\"@type\":\"ImageObject\",\"inLanguage\":\"de\",\"@id\":\"https:\\\/\\\/www.oudadl.testontwikkeling.nl\\\/#\\\/schema\\\/logo\\\/image\\\/\",\"url\":\"https:\\\/\\\/www.oudadl.testontwikkeling.nl\\\/wp-content\\\/uploads\\\/2022\\\/08\\\/Logo-ALL-DAY-LED-800x800-zwart-witte-letters.png\",\"contentUrl\":\"https:\\\/\\\/www.oudadl.testontwikkeling.nl\\\/wp-content\\\/uploads\\\/2022\\\/08\\\/Logo-ALL-DAY-LED-800x800-zwart-witte-letters.png\",\"width\":800,\"height\":800,\"caption\":\"All Day Led\"},\"image\":{\"@id\":\"https:\\\/\\\/www.oudadl.testontwikkeling.nl\\\/#\\\/schema\\\/logo\\\/image\\\/\"},\"sameAs\":[\"https:\\\/\\\/www.facebook.com\\\/alldayled\\\/\",\"https:\\\/\\\/www.instagram.com\\\/alldayled\\\/\"],\"vatID\":\"NL863960133B01\",\"taxID\":\"86416545\",\"hasMerchantReturnPolicy\":{\"@type\":\"MerchantReturnPolicy\",\"merchantReturnLink\":\"https:\\\/\\\/www.oudadl.testontwikkeling.nl\\\/de\\\/verzenden-retourneren\\\/\"}}]}<\/script>\n<meta property=\"product:brand\" content=\"All Day Led\" \/>\n<meta property=\"product:price:amount\" content=\"1.65\" \/>\n<meta property=\"product:price:currency\" content=\"EUR\" \/>\n<meta property=\"og:availability\" content=\"instock\" \/>\n<meta property=\"product:availability\" content=\"instock\" \/>\n<meta property=\"product:retailer_item_id\" content=\"ADL00011-WW\" \/>\n<meta property=\"product:condition\" content=\"new\" \/>\n<!-- \/ Yoast SEO Premium plugin. -->","yoast_head_json":{"title":"LED Einbaustrahler warmwei\u00df - 5mm - mit Halter All Day Led - 12&amp;24V","description":"LED interior spot warm wei\u00df - 5mm - wei\u00dfe LED-Einbauleuchte - f\u00fcr PKW, LKW, Anh\u00e4nger, Traktor und mehr - 12&amp;24 Volt","robots":{"index":"noindex","follow":"follow","max-snippet":"max-snippet:-1","max-image-preview":"max-image-preview:large","max-video-preview":"max-video-preview:-1"},"og_locale":"de_DE","og_type":"article","og_title":"LED inbouw spot warm wit - 5mm - met houder All Day Led - 12&24V","og_description":"LED inbouw spot warm wit - 5mm - witte inbouw LED interieur lamp - voor auto, vrachtwagen, aanhanger, tractor en meer - 12&24 Volt","og_url":"https:\/\/www.oudadl.testontwikkeling.nl\/de\/produkt\/led-einbau-5mm-warm-weis-12-24volt\/","og_site_name":"All Day Led","article_publisher":"https:\/\/www.facebook.com\/alldayled\/","article_modified_time":"2025-11-19T01:43:00+00:00","og_image":[{"width":800,"height":600,"url":"https:\/\/www.oudadl.testontwikkeling.nl\/wp-content\/uploads\/2020\/03\/ADL00011-WW.-0.png","type":"image\/png"}],"twitter_misc":{"Preis":"&euro;1,65","Verf\u00fcgbarkeit":"Auf Lager"},"schema":{"@context":"https:\/\/schema.org","@graph":[{"@type":"WebPage","@id":"https:\/\/www.oudadl.testontwikkeling.nl\/nl\/product\/led-inbouw-5mm-warm-wit\/","url":"https:\/\/www.oudadl.testontwikkeling.nl\/nl\/product\/led-inbouw-5mm-warm-wit\/","name":"LED Einbaustrahler warmwei\u00df - 5mm - mit Halter All Day Led - 12&amp;24V","isPartOf":{"@id":"https:\/\/www.oudadl.testontwikkeling.nl\/#website"},"primaryImageOfPage":{"@id":"https:\/\/www.oudadl.testontwikkeling.nl\/nl\/product\/led-inbouw-5mm-warm-wit\/#primaryimage"},"image":{"@id":"https:\/\/www.oudadl.testontwikkeling.nl\/nl\/product\/led-inbouw-5mm-warm-wit\/#primaryimage"},"thumbnailUrl":"https:\/\/www.oudadl.testontwikkeling.nl\/wp-content\/uploads\/2020\/03\/ADL00011-WW.-0.png","datePublished":"2020-03-10T14:14:58+00:00","dateModified":"2025-11-19T01:43:00+00:00","description":"LED interior spot warm wei\u00df - 5mm - wei\u00dfe LED-Einbauleuchte - f\u00fcr PKW, LKW, Anh\u00e4nger, Traktor und mehr - 12&amp;24 Volt","breadcrumb":{"@id":"https:\/\/www.oudadl.testontwikkeling.nl\/nl\/product\/led-inbouw-5mm-warm-wit\/#breadcrumb"},"inLanguage":"de","potentialAction":[{"@type":"ReadAction","target":["https:\/\/www.oudadl.testontwikkeling.nl\/nl\/product\/led-inbouw-5mm-warm-wit\/"]}]},{"@type":"ImageObject","inLanguage":"de","@id":"https:\/\/www.oudadl.testontwikkeling.nl\/nl\/product\/led-inbouw-5mm-warm-wit\/#primaryimage","url":"https:\/\/www.oudadl.testontwikkeling.nl\/wp-content\/uploads\/2020\/03\/ADL00011-WW.-0.png","contentUrl":"https:\/\/www.oudadl.testontwikkeling.nl\/wp-content\/uploads\/2020\/03\/ADL00011-WW.-0.png","width":800,"height":600,"caption":"LED inbouw spot warm wit 3000K 12 volt - 24 volt - interieur verlichting - Truckstyling artikel - EAN: 6090545896866"},{"@type":"BreadcrumbList","@id":"https:\/\/www.oudadl.testontwikkeling.nl\/nl\/product\/led-inbouw-5mm-warm-wit\/#breadcrumb","itemListElement":[{"@type":"ListItem","position":1,"name":"Home","item":"https:\/\/www.oudadl.testontwikkeling.nl\/"},{"@type":"ListItem","position":2,"name":"Shop","item":"https:\/\/www.oudadl.testontwikkeling.nl\/de\/shop\/"},{"@type":"ListItem","position":3,"name":"Verlichting","item":"https:\/\/www.oudadl.testontwikkeling.nl\/product-categorie\/verlichting\/"},{"@type":"ListItem","position":4,"name":"LED inbouw spot 5mm warm wit 12\/24 Volt"}]},{"@type":"WebSite","@id":"https:\/\/www.oudadl.testontwikkeling.nl\/#website","url":"https:\/\/www.oudadl.testontwikkeling.nl\/","name":"All Day Led","description":"","publisher":{"@id":"https:\/\/www.oudadl.testontwikkeling.nl\/#organization"},"potentialAction":[{"@type":"SearchAction","target":{"@type":"EntryPoint","urlTemplate":"https:\/\/www.oudadl.testontwikkeling.nl\/?s={search_term_string}"},"query-input":{"@type":"PropertyValueSpecification","valueRequired":true,"valueName":"search_term_string"}}],"inLanguage":"de"},{"@type":"Organization","@id":"https:\/\/www.oudadl.testontwikkeling.nl\/#organization","name":"All Day Led","url":"https:\/\/www.oudadl.testontwikkeling.nl\/","logo":{"@type":"ImageObject","inLanguage":"de","@id":"https:\/\/www.oudadl.testontwikkeling.nl\/#\/schema\/logo\/image\/","url":"https:\/\/www.oudadl.testontwikkeling.nl\/wp-content\/uploads\/2022\/08\/Logo-ALL-DAY-LED-800x800-zwart-witte-letters.png","contentUrl":"https:\/\/www.oudadl.testontwikkeling.nl\/wp-content\/uploads\/2022\/08\/Logo-ALL-DAY-LED-800x800-zwart-witte-letters.png","width":800,"height":800,"caption":"All Day Led"},"image":{"@id":"https:\/\/www.oudadl.testontwikkeling.nl\/#\/schema\/logo\/image\/"},"sameAs":["https:\/\/www.facebook.com\/alldayled\/","https:\/\/www.instagram.com\/alldayled\/"],"vatID":"NL863960133B01","taxID":"86416545","hasMerchantReturnPolicy":{"@type":"MerchantReturnPolicy","merchantReturnLink":"https:\/\/www.oudadl.testontwikkeling.nl\/de\/verzenden-retourneren\/"}}]},"product_brand":"All Day Led","product_price_amount":"1.65","product_price_currency":"EUR","og_availability":"instock","product_availability":"instock","product_retailer_item_id":"ADL00011-WW","product_condition":"new"},"_links":{"self":[{"href":"https:\/\/www.oudadl.testontwikkeling.nl\/de\/wp-json\/wp\/v2\/product\/6133","targetHints":{"allow":["GET"]}}],"collection":[{"href":"https:\/\/www.oudadl.testontwikkeling.nl\/de\/wp-json\/wp\/v2\/product"}],"about":[{"href":"https:\/\/www.oudadl.testontwikkeling.nl\/de\/wp-json\/wp\/v2\/types\/product"}],"replies":[{"embeddable":true,"href":"https:\/\/www.oudadl.testontwikkeling.nl\/de\/wp-json\/wp\/v2\/comments?post=6133"}],"wp:featuredmedia":[{"embeddable":true,"href":"https:\/\/www.oudadl.testontwikkeling.nl\/de\/wp-json\/wp\/v2\/media\/17700"}],"wp:attachment":[{"href":"https:\/\/www.oudadl.testontwikkeling.nl\/de\/wp-json\/wp\/v2\/media?parent=6133"}],"wp:term":[{"taxonomy":"product_brand","embeddable":true,"href":"https:\/\/www.oudadl.testontwikkeling.nl\/de\/wp-json\/wp\/v2\/product_brand?post=6133"},{"taxonomy":"product_cat","embeddable":true,"href":"https:\/\/www.oudadl.testontwikkeling.nl\/de\/wp-json\/wp\/v2\/product_cat?post=6133"},{"taxonomy":"product_tag","embeddable":true,"href":"https:\/\/www.oudadl.testontwikkeling.nl\/de\/wp-json\/wp\/v2\/product_tag?post=6133"}],"curies":[{"name":"wp","href":"https:\/\/api.w.org\/{rel}","templated":true}]}}