{"id":6128,"date":"2020-03-26T16:23:57","date_gmt":"2020-03-26T14:23:57","guid":{"rendered":"https:\/\/www.oudadl.testontwikkeling.nl\/product\/import-placeholder-for-235606\/"},"modified":"2025-10-29T09:30:21","modified_gmt":"2025-10-29T08:30:21","slug":"hella-jumbo-320ff-mit-led-standlicht","status":"publish","type":"product","link":"https:\/\/www.oudadl.testontwikkeling.nl\/de\/product\/hella-jumbo-320ff-met-led-stadslicht\/","title":{"rendered":"Hella Jumbo 320FF mit LED Standlicht"},"content":{"rendered":"<p><span style=\"color: #000000\"><strong>Hella Jumbo 320FF Scheinwerfer mit LED Standlicht, geeignet f\u00fcr 12 &amp; 24 Volt.\u00a0<\/strong><\/span><\/p>\n<p><span style=\"color: #000000\">Suchen Sie eine Fernlicht-Stirnlampe, m\u00f6chten aber keine volle LED-Fernlicht-Stirnlampe, dann ist diese Hella 320FF-Fernlicht-Stirnlampe m\u00f6glicherweise die L\u00f6sung f\u00fcr Sie! Diese Lampe ist aus hochwertigem Material gefertigt und kann Schl\u00e4ge aushalten. Das Glas, das in geh\u00e4rtetem Glas montiert ist, kann St\u00f6\u00dfen oder Steinschl\u00e4gen standhalten. Was den Fernlichtscheinwerfer einzigartig macht, ist sein eingebautes LED-Standlicht, das mit 12 und 24 Volt arbeitet. So k\u00f6nnen Sie den Scheinwerfer beispielsweise an Ihrem Auto, LKW, Traktor oder Wohnmobil anbringen. Das hindert Sie nat\u00fcrlich nicht daran, das Fernlicht an anderer Stelle zu montieren. Das Fernlicht Hella 320FF findet man beispielsweise h\u00e4ufig an den Lampenb\u00fcgeln der Marke Kelsa.<\/span><\/p>\n<p><span style=\"color: #000000\">Da die Lampe mit dem Qualit\u00e4tszeichen ECE-R7 und ECE-R112 versehen ist, k\u00f6nnen Sie sie auf \u00f6ffentlichen Stra\u00dfen verwenden. Mit dem ECE R112-Qualit\u00e4tszeichen kann diese Lampe als Fernlicht auf \u00f6ffentlichen Stra\u00dfen verwendet werden (<em>Lampen nicht enthalten<\/em>). Und dank des ECE R7-Qualit\u00e4tszeichens k\u00f6nnen Sie das montierte Parklicht LED auf \u00f6ffentlichen Stra\u00dfen verwenden. Die mitgelieferten Montagehalterungen dieses Scheinwerfers bestehen aus hochwertigem Edelstahl. Dies erleichtert die Montage der Lampe an Ihrem Auto, LKW, Traktor oder Wohnmobil. Kurz gesagt, der Hella Jumbo 320FF ist ein gro\u00dfartiger Scheinwerfer f\u00fcr die Montage an Ihrem Fahrzeug.<\/span><\/p>\n<h5><span style=\"color: #000000\"><strong>Abmessungen:<\/strong><\/span><\/h5>\n<p><span style=\"color: #000000\">Damit Sie den Hella Jumbo 3200FF Strahler mit LED Seitenlicht \u00fcberall montieren k\u00f6nnen, haben wir uns unten die Ma\u00dfe notiert. Die Abmessungen des 320FF Fernlichtscheinwerfers der Marke Hella sind wie folgt:<\/span><\/p>\n<ul>\n<li><span style=\"color: #000000\">Breite: 244,8 mm<\/span><\/li>\n<li><span style=\"color: #000000\">H\u00f6he: 141mm<\/span><\/li>\n<li><span style=\"color: #000000\">Dicke: 108,5 mm<\/span><\/li>\n<\/ul>\n<p><span style=\"color: #000000\">Hella Artikelnummer: <em>1FE 008 773-081<\/em><\/span><\/p>\n<h5><span style=\"color: #000000\"><strong>Andere Versionen:\u00a0<\/strong><\/span><\/h5>\n<p><span style=\"color: #000000\">Suchen Sie den ovalen Hella-Scheinwerfer, aber nicht die Version mit einem LED-Stadtlicht? Sehen Sie sich die Version mit einer separaten Lampenfassung unten an:<\/span><\/p>\n<ul>\n<li><span style=\"color: #000000\"><strong><a style=\"color: #000000\" href=\"https:\/\/www.oudadl.testontwikkeling.nl\/de\/produkt\/hella-jumbo-320ff-mit-stadtlichthalter\/\">Hella Jumbo 320FF mit Standlichthalter\u00a0<\/a><\/strong><\/span><\/li>\n<\/ul>\n<p><span style=\"color: #000000\">Glauben Sie immer noch, dass dieses Rampenlicht nicht das ist, wonach Sie suchen? Einfach weil die Form oder Ausf\u00fchrung nicht gut ist? Schauen Sie sich unbedingt unsere Seite an <strong><a style=\"color: #000000\" href=\"https:\/\/www.oudadl.testontwikkeling.nl\/de\/produkt-kategorie\/scheinwerfer\/\">Scheinwerfer<\/a><\/strong>. M\u00f6glicherweise finden Sie hier das gew\u00fcnschte Spotlight-Modell.<\/span><\/p>","protected":false},"excerpt":{"rendered":"<p>Hella Jumbo 320FF verstraler met LED stadslicht, geschikt voor 12 &amp; 24 volt gebruik.\u00a0 Bent u opzoek naar een verstraler maar wilt u niet een full LED verstraler, dan is deze Hella 320FF verstraler wellicht de uitkomst voor u! Deze lamp is gemaakt van hoogwaardig materiaal en kan tegen een stootje. Het glas dat is [&hellip;]<\/p>\n","protected":false},"featured_media":19015,"comment_status":"open","ping_status":"closed","template":"","meta":{"_acf_changed":false,"site-sidebar-layout":"default","site-content-layout":"default","ast-site-content-layout":"default","site-content-style":"default","site-sidebar-style":"default","ast-global-header-display":"","ast-banner-title-visibility":"","ast-main-header-display":"","ast-hfb-above-header-display":"","ast-hfb-below-header-display":"","ast-hfb-mobile-header-display":"","site-post-title":"","ast-breadcrumbs-content":"","ast-featured-img":"","footer-sml-layout":"","ast-disable-related-posts":"","theme-transparent-header-meta":"default","adv-header-id-meta":"","stick-header-meta":"","header-above-stick-meta":"","header-main-stick-meta":"","header-below-stick-meta":"","astra-migrate-meta-layouts":"set","ast-page-background-enabled":"default","ast-page-background-meta":{"desktop":{"background-color":"","background-image":"","background-repeat":"repeat","background-position":"center center","background-size":"auto","background-attachment":"scroll","background-type":"","background-media":"","overlay-type":"","overlay-color":"","overlay-opacity":"","overlay-gradient":""},"tablet":{"background-color":"","background-image":"","background-repeat":"repeat","background-position":"center center","background-size":"auto","background-attachment":"scroll","background-type":"","background-media":"","overlay-type":"","overlay-color":"","overlay-opacity":"","overlay-gradient":""},"mobile":{"background-color":"","background-image":"","background-repeat":"repeat","background-position":"center center","background-size":"auto","background-attachment":"scroll","background-type":"","background-media":"","overlay-type":"","overlay-color":"","overlay-opacity":"","overlay-gradient":""}},"ast-content-background-meta":{"desktop":{"background-color":"var(--ast-global-color-5)","background-image":"","background-repeat":"repeat","background-position":"center center","background-size":"auto","background-attachment":"scroll","background-type":"","background-media":"","overlay-type":"","overlay-color":"","overlay-opacity":"","overlay-gradient":""},"tablet":{"background-color":"var(--ast-global-color-5)","background-image":"","background-repeat":"repeat","background-position":"center center","background-size":"auto","background-attachment":"scroll","background-type":"","background-media":"","overlay-type":"","overlay-color":"","overlay-opacity":"","overlay-gradient":""},"mobile":{"background-color":"var(--ast-global-color-5)","background-image":"","background-repeat":"repeat","background-position":"center center","background-size":"auto","background-attachment":"scroll","background-type":"","background-media":"","overlay-type":"","overlay-color":"","overlay-opacity":"","overlay-gradient":""}}},"product_brand":[],"product_cat":[7963],"product_tag":[2467,2466,2465],"class_list":{"0":"post-6128","1":"product","2":"type-product","3":"status-publish","4":"has-post-thumbnail","6":"product_cat-verstraler-ovaal","7":"product_tag-hella-jumbo-320ff","8":"product_tag-verstraler-hella","9":"product_tag-verstraler-met-stadslicht","10":"pa_merkk-product-hella","11":"desktop-align-left","12":"tablet-align-left","13":"mobile-align-left","15":"first","16":"instock","17":"taxable","18":"shipping-taxable","19":"purchasable","20":"product-type-simple"},"acf":[],"yoast_head":"<!-- This site is optimized with the Yoast SEO Premium plugin v25.9 (Yoast SEO v27.6) - https:\/\/yoast.com\/product\/yoast-seo-premium-wordpress\/ -->\n<title>Hella jumbo 320FF met LED stadslicht - All Day Led - 12&amp;24V<\/title>\n<meta name=\"description\" content=\"Hella jumbo 320FF verstraler - geschikt voor Kelsa beugel - met LED stadslicht - ECE R112 R7 goedkeuring - werkt op 12&amp;24 volt\" \/>\n<meta name=\"robots\" content=\"noindex, follow, max-snippet:-1, max-image-preview:large, max-video-preview:-1\" \/>\n<meta property=\"og:locale\" content=\"de_DE\" \/>\n<meta property=\"og:type\" content=\"article\" \/>\n<meta property=\"og:title\" content=\"Hella jumbo 320FF met LED stadslicht - All Day Led - 12&amp;24V\" \/>\n<meta property=\"og:description\" content=\"Hella jumbo 320FF verstraler - geschikt voor Kelsa beugel - met LED stadslicht - ECE R112 R7 goedkeuring - werkt op 12&amp;24 volt\" \/>\n<meta property=\"og:url\" content=\"https:\/\/www.oudadl.testontwikkeling.nl\/de\/produkt\/hella-jumbo-320ff-mit-led-standlicht\/\" \/>\n<meta property=\"og:site_name\" content=\"All Day Led\" \/>\n<meta property=\"article:publisher\" content=\"https:\/\/www.facebook.com\/alldayled\/\" \/>\n<meta property=\"article:modified_time\" content=\"2025-10-29T08:30:21+00:00\" \/>\n<meta property=\"og:image\" content=\"https:\/\/www.oudadl.testontwikkeling.nl\/wp-content\/uploads\/2020\/03\/ADL50276-SM-1.png\" \/>\n\t<meta property=\"og:image:width\" content=\"800\" \/>\n\t<meta property=\"og:image:height\" content=\"800\" \/>\n\t<meta property=\"og:image:type\" content=\"image\/png\" \/>\n<meta name=\"twitter:label1\" content=\"Preis\" \/>\n\t<meta name=\"twitter:data1\" content=\"&euro;119,00\" \/>\n\t<meta name=\"twitter:label2\" content=\"Verf\u00fcgbarkeit\" \/>\n\t<meta name=\"twitter:data2\" content=\"Auf Lager\" \/>\n<script type=\"application\/ld+json\" class=\"yoast-schema-graph\">{\"@context\":\"https:\\\/\\\/schema.org\",\"@graph\":[{\"@type\":\"WebPage\",\"@id\":\"https:\\\/\\\/www.oudadl.testontwikkeling.nl\\\/product\\\/hella-jumbo-320ff-met-led-stadslicht\\\/\",\"url\":\"https:\\\/\\\/www.oudadl.testontwikkeling.nl\\\/product\\\/hella-jumbo-320ff-met-led-stadslicht\\\/\",\"name\":\"Hella jumbo 320FF met LED stadslicht - All Day Led - 12&24V\",\"isPartOf\":{\"@id\":\"https:\\\/\\\/www.oudadl.testontwikkeling.nl\\\/#website\"},\"primaryImageOfPage\":{\"@id\":\"https:\\\/\\\/www.oudadl.testontwikkeling.nl\\\/product\\\/hella-jumbo-320ff-met-led-stadslicht\\\/#primaryimage\"},\"image\":{\"@id\":\"https:\\\/\\\/www.oudadl.testontwikkeling.nl\\\/product\\\/hella-jumbo-320ff-met-led-stadslicht\\\/#primaryimage\"},\"thumbnailUrl\":\"https:\\\/\\\/www.oudadl.testontwikkeling.nl\\\/wp-content\\\/uploads\\\/2020\\\/03\\\/ADL50276.png\",\"datePublished\":\"2020-03-26T14:23:57+00:00\",\"dateModified\":\"2025-10-29T08:30:21+00:00\",\"description\":\"Hella jumbo 320FF verstraler - geschikt voor Kelsa beugel - met LED stadslicht - ECE R112 R7 goedkeuring - werkt op 12&24 volt\",\"breadcrumb\":{\"@id\":\"https:\\\/\\\/www.oudadl.testontwikkeling.nl\\\/product\\\/hella-jumbo-320ff-met-led-stadslicht\\\/#breadcrumb\"},\"inLanguage\":\"de\",\"potentialAction\":[{\"@type\":\"ReadAction\",\"target\":[\"https:\\\/\\\/www.oudadl.testontwikkeling.nl\\\/product\\\/hella-jumbo-320ff-met-led-stadslicht\\\/\"]}]},{\"@type\":\"ImageObject\",\"inLanguage\":\"de\",\"@id\":\"https:\\\/\\\/www.oudadl.testontwikkeling.nl\\\/product\\\/hella-jumbo-320ff-met-led-stadslicht\\\/#primaryimage\",\"url\":\"https:\\\/\\\/www.oudadl.testontwikkeling.nl\\\/wp-content\\\/uploads\\\/2020\\\/03\\\/ADL50276.png\",\"contentUrl\":\"https:\\\/\\\/www.oudadl.testontwikkeling.nl\\\/wp-content\\\/uploads\\\/2020\\\/03\\\/ADL50276.png\",\"width\":800,\"height\":600,\"caption\":\"Hella Jumbo 320FF verstraler met LED stadslicht - voor 12&24 volt - artikelnummer Hella: 1FE 008 773-081 - EAN: 4082300265071\"},{\"@type\":\"BreadcrumbList\",\"@id\":\"https:\\\/\\\/www.oudadl.testontwikkeling.nl\\\/product\\\/hella-jumbo-320ff-met-led-stadslicht\\\/#breadcrumb\",\"itemListElement\":[{\"@type\":\"ListItem\",\"position\":1,\"name\":\"Home\",\"item\":\"https:\\\/\\\/www.oudadl.testontwikkeling.nl\\\/\"},{\"@type\":\"ListItem\",\"position\":2,\"name\":\"Shop\",\"item\":\"https:\\\/\\\/www.oudadl.testontwikkeling.nl\\\/de\\\/shop\\\/\"},{\"@type\":\"ListItem\",\"position\":3,\"name\":\"Verstralers\",\"item\":\"https:\\\/\\\/www.oudadl.testontwikkeling.nl\\\/product-categorie\\\/verstralers\\\/\"},{\"@type\":\"ListItem\",\"position\":4,\"name\":\"Verstraler ovaal\",\"item\":\"https:\\\/\\\/www.oudadl.testontwikkeling.nl\\\/product-categorie\\\/verstralers\\\/verstraler-ovaal\\\/\"},{\"@type\":\"ListItem\",\"position\":5,\"name\":\"Hella jumbo 320FF met LED stadslicht\"}]},{\"@type\":\"WebSite\",\"@id\":\"https:\\\/\\\/www.oudadl.testontwikkeling.nl\\\/#website\",\"url\":\"https:\\\/\\\/www.oudadl.testontwikkeling.nl\\\/\",\"name\":\"All Day Led\",\"description\":\"\",\"publisher\":{\"@id\":\"https:\\\/\\\/www.oudadl.testontwikkeling.nl\\\/#organization\"},\"potentialAction\":[{\"@type\":\"SearchAction\",\"target\":{\"@type\":\"EntryPoint\",\"urlTemplate\":\"https:\\\/\\\/www.oudadl.testontwikkeling.nl\\\/?s={search_term_string}\"},\"query-input\":{\"@type\":\"PropertyValueSpecification\",\"valueRequired\":true,\"valueName\":\"search_term_string\"}}],\"inLanguage\":\"de\"},{\"@type\":\"Organization\",\"@id\":\"https:\\\/\\\/www.oudadl.testontwikkeling.nl\\\/#organization\",\"name\":\"All Day Led\",\"url\":\"https:\\\/\\\/www.oudadl.testontwikkeling.nl\\\/\",\"logo\":{\"@type\":\"ImageObject\",\"inLanguage\":\"de\",\"@id\":\"https:\\\/\\\/www.oudadl.testontwikkeling.nl\\\/#\\\/schema\\\/logo\\\/image\\\/\",\"url\":\"https:\\\/\\\/www.oudadl.testontwikkeling.nl\\\/wp-content\\\/uploads\\\/2022\\\/08\\\/Logo-ALL-DAY-LED-800x800-zwart-witte-letters.png\",\"contentUrl\":\"https:\\\/\\\/www.oudadl.testontwikkeling.nl\\\/wp-content\\\/uploads\\\/2022\\\/08\\\/Logo-ALL-DAY-LED-800x800-zwart-witte-letters.png\",\"width\":800,\"height\":800,\"caption\":\"All Day Led\"},\"image\":{\"@id\":\"https:\\\/\\\/www.oudadl.testontwikkeling.nl\\\/#\\\/schema\\\/logo\\\/image\\\/\"},\"sameAs\":[\"https:\\\/\\\/www.facebook.com\\\/alldayled\\\/\",\"https:\\\/\\\/www.instagram.com\\\/alldayled\\\/\"],\"vatID\":\"NL863960133B01\",\"taxID\":\"86416545\",\"hasMerchantReturnPolicy\":{\"@type\":\"MerchantReturnPolicy\",\"merchantReturnLink\":\"https:\\\/\\\/www.oudadl.testontwikkeling.nl\\\/de\\\/verzenden-retourneren\\\/\"}}]}<\/script>\n<meta property=\"product:brand\" content=\"Hella\" \/>\n<meta property=\"product:price:amount\" content=\"119.00\" \/>\n<meta property=\"product:price:currency\" content=\"EUR\" \/>\n<meta property=\"og:availability\" content=\"instock\" \/>\n<meta property=\"product:availability\" content=\"instock\" \/>\n<meta property=\"product:retailer_item_id\" content=\"ADL50276\" \/>\n<meta property=\"product:condition\" content=\"new\" \/>\n<!-- \/ Yoast SEO Premium plugin. -->","yoast_head_json":{"title":"Hella Jumbo 320FF mit LED Standlicht - All Day Led - 12&amp;24V","description":"Hella Jumbo 320FF Strahler - passend f\u00fcr Kelsa Halterung - mit LED Seitenlicht - ECE R112 R7 Zulassung - funktioniert mit 12&amp;24 volt","robots":{"index":"noindex","follow":"follow","max-snippet":"max-snippet:-1","max-image-preview":"max-image-preview:large","max-video-preview":"max-video-preview:-1"},"og_locale":"de_DE","og_type":"article","og_title":"Hella jumbo 320FF met LED stadslicht - All Day Led - 12&24V","og_description":"Hella jumbo 320FF verstraler - geschikt voor Kelsa beugel - met LED stadslicht - ECE R112 R7 goedkeuring - werkt op 12&24 volt","og_url":"https:\/\/www.oudadl.testontwikkeling.nl\/de\/produkt\/hella-jumbo-320ff-mit-led-standlicht\/","og_site_name":"All Day Led","article_publisher":"https:\/\/www.facebook.com\/alldayled\/","article_modified_time":"2025-10-29T08:30:21+00:00","og_image":[{"width":800,"height":800,"url":"https:\/\/www.oudadl.testontwikkeling.nl\/wp-content\/uploads\/2020\/03\/ADL50276-SM-1.png","type":"image\/png"}],"twitter_misc":{"Preis":"&euro;119,00","Verf\u00fcgbarkeit":"Auf Lager"},"schema":{"@context":"https:\/\/schema.org","@graph":[{"@type":"WebPage","@id":"https:\/\/www.oudadl.testontwikkeling.nl\/product\/hella-jumbo-320ff-met-led-stadslicht\/","url":"https:\/\/www.oudadl.testontwikkeling.nl\/product\/hella-jumbo-320ff-met-led-stadslicht\/","name":"Hella Jumbo 320FF mit LED Standlicht - All Day Led - 12&amp;24V","isPartOf":{"@id":"https:\/\/www.oudadl.testontwikkeling.nl\/#website"},"primaryImageOfPage":{"@id":"https:\/\/www.oudadl.testontwikkeling.nl\/product\/hella-jumbo-320ff-met-led-stadslicht\/#primaryimage"},"image":{"@id":"https:\/\/www.oudadl.testontwikkeling.nl\/product\/hella-jumbo-320ff-met-led-stadslicht\/#primaryimage"},"thumbnailUrl":"https:\/\/www.oudadl.testontwikkeling.nl\/wp-content\/uploads\/2020\/03\/ADL50276.png","datePublished":"2020-03-26T14:23:57+00:00","dateModified":"2025-10-29T08:30:21+00:00","description":"Hella Jumbo 320FF Strahler - passend f\u00fcr Kelsa Halterung - mit LED Seitenlicht - ECE R112 R7 Zulassung - funktioniert mit 12&amp;24 volt","breadcrumb":{"@id":"https:\/\/www.oudadl.testontwikkeling.nl\/product\/hella-jumbo-320ff-met-led-stadslicht\/#breadcrumb"},"inLanguage":"de","potentialAction":[{"@type":"ReadAction","target":["https:\/\/www.oudadl.testontwikkeling.nl\/product\/hella-jumbo-320ff-met-led-stadslicht\/"]}]},{"@type":"ImageObject","inLanguage":"de","@id":"https:\/\/www.oudadl.testontwikkeling.nl\/product\/hella-jumbo-320ff-met-led-stadslicht\/#primaryimage","url":"https:\/\/www.oudadl.testontwikkeling.nl\/wp-content\/uploads\/2020\/03\/ADL50276.png","contentUrl":"https:\/\/www.oudadl.testontwikkeling.nl\/wp-content\/uploads\/2020\/03\/ADL50276.png","width":800,"height":600,"caption":"Hella Jumbo 320FF verstraler met LED stadslicht - voor 12&24 volt - artikelnummer Hella: 1FE 008 773-081 - EAN: 4082300265071"},{"@type":"BreadcrumbList","@id":"https:\/\/www.oudadl.testontwikkeling.nl\/product\/hella-jumbo-320ff-met-led-stadslicht\/#breadcrumb","itemListElement":[{"@type":"ListItem","position":1,"name":"Home","item":"https:\/\/www.oudadl.testontwikkeling.nl\/"},{"@type":"ListItem","position":2,"name":"Shop","item":"https:\/\/www.oudadl.testontwikkeling.nl\/de\/shop\/"},{"@type":"ListItem","position":3,"name":"Verstralers","item":"https:\/\/www.oudadl.testontwikkeling.nl\/product-categorie\/verstralers\/"},{"@type":"ListItem","position":4,"name":"Verstraler ovaal","item":"https:\/\/www.oudadl.testontwikkeling.nl\/product-categorie\/verstralers\/verstraler-ovaal\/"},{"@type":"ListItem","position":5,"name":"Hella jumbo 320FF met LED stadslicht"}]},{"@type":"WebSite","@id":"https:\/\/www.oudadl.testontwikkeling.nl\/#website","url":"https:\/\/www.oudadl.testontwikkeling.nl\/","name":"All Day Led","description":"","publisher":{"@id":"https:\/\/www.oudadl.testontwikkeling.nl\/#organization"},"potentialAction":[{"@type":"SearchAction","target":{"@type":"EntryPoint","urlTemplate":"https:\/\/www.oudadl.testontwikkeling.nl\/?s={search_term_string}"},"query-input":{"@type":"PropertyValueSpecification","valueRequired":true,"valueName":"search_term_string"}}],"inLanguage":"de"},{"@type":"Organization","@id":"https:\/\/www.oudadl.testontwikkeling.nl\/#organization","name":"All Day Led","url":"https:\/\/www.oudadl.testontwikkeling.nl\/","logo":{"@type":"ImageObject","inLanguage":"de","@id":"https:\/\/www.oudadl.testontwikkeling.nl\/#\/schema\/logo\/image\/","url":"https:\/\/www.oudadl.testontwikkeling.nl\/wp-content\/uploads\/2022\/08\/Logo-ALL-DAY-LED-800x800-zwart-witte-letters.png","contentUrl":"https:\/\/www.oudadl.testontwikkeling.nl\/wp-content\/uploads\/2022\/08\/Logo-ALL-DAY-LED-800x800-zwart-witte-letters.png","width":800,"height":800,"caption":"All Day Led"},"image":{"@id":"https:\/\/www.oudadl.testontwikkeling.nl\/#\/schema\/logo\/image\/"},"sameAs":["https:\/\/www.facebook.com\/alldayled\/","https:\/\/www.instagram.com\/alldayled\/"],"vatID":"NL863960133B01","taxID":"86416545","hasMerchantReturnPolicy":{"@type":"MerchantReturnPolicy","merchantReturnLink":"https:\/\/www.oudadl.testontwikkeling.nl\/de\/verzenden-retourneren\/"}}]},"product_brand":"Hella","product_price_amount":"119.00","product_price_currency":"EUR","og_availability":"instock","product_availability":"instock","product_retailer_item_id":"ADL50276","product_condition":"new"},"_links":{"self":[{"href":"https:\/\/www.oudadl.testontwikkeling.nl\/de\/wp-json\/wp\/v2\/product\/6128","targetHints":{"allow":["GET"]}}],"collection":[{"href":"https:\/\/www.oudadl.testontwikkeling.nl\/de\/wp-json\/wp\/v2\/product"}],"about":[{"href":"https:\/\/www.oudadl.testontwikkeling.nl\/de\/wp-json\/wp\/v2\/types\/product"}],"replies":[{"embeddable":true,"href":"https:\/\/www.oudadl.testontwikkeling.nl\/de\/wp-json\/wp\/v2\/comments?post=6128"}],"wp:featuredmedia":[{"embeddable":true,"href":"https:\/\/www.oudadl.testontwikkeling.nl\/de\/wp-json\/wp\/v2\/media\/19015"}],"wp:attachment":[{"href":"https:\/\/www.oudadl.testontwikkeling.nl\/de\/wp-json\/wp\/v2\/media?parent=6128"}],"wp:term":[{"taxonomy":"product_brand","embeddable":true,"href":"https:\/\/www.oudadl.testontwikkeling.nl\/de\/wp-json\/wp\/v2\/product_brand?post=6128"},{"taxonomy":"product_cat","embeddable":true,"href":"https:\/\/www.oudadl.testontwikkeling.nl\/de\/wp-json\/wp\/v2\/product_cat?post=6128"},{"taxonomy":"product_tag","embeddable":true,"href":"https:\/\/www.oudadl.testontwikkeling.nl\/de\/wp-json\/wp\/v2\/product_tag?post=6128"}],"curies":[{"name":"wp","href":"https:\/\/api.w.org\/{rel}","templated":true}]}}