{"id":6116,"date":"2021-09-08T09:30:54","date_gmt":"2021-09-08T08:30:54","guid":{"rendered":"https:\/\/www.oudadl.testontwikkeling.nl\/product\/import-placeholder-for-235411\/"},"modified":"2025-12-03T20:49:51","modified_gmt":"2025-12-03T19:49:51","slug":"led-toplamp-wit-24-volt","status":"publish","type":"product","link":"https:\/\/www.oudadl.testontwikkeling.nl\/de\/product\/led-toplamp-wit-24-volt\/","title":{"rendered":"LED Top Lampe wei\u00df 24 Volt"},"content":{"rendered":"<p><span style=\"color: #000000;\"><strong>Volvo LED Top Lampe wei\u00df, f\u00fcr 24 Volt Betrieb.<\/strong><\/span><\/p>\n<p><span style=\"color: #000000;\">Suchen Sie eine LED Top Lampe, die Sie beispielsweise an der Kabine Ihres LKW montieren k\u00f6nnen? Dann k\u00f6nnte die wei\u00df leuchtende LED Aufsatzlampe die Lampe sein, die Sie suchen. Die LED Lampe ist mit 3 LED best\u00fcckt. Die 3 LED sorgen daf\u00fcr, dass Sie bei geringem Stromverbrauch gut ausgeleuchtet unterwegs sind. So sind Sie sowohl tags\u00fcber als auch abends gut sichtbar. Die LED Aufsatzlampe wei\u00df kann nur an 24 Volt betrieben werden. Dies bedeutet, dass Sie diese LED-Beleuchtung beispielsweise nur f\u00fcr Ihren LKW oder Anh\u00e4nger verwenden k\u00f6nnen.<\/span><\/p>\n<p><span style=\"color: #000000;\">Um sicherzustellen, dass das LED Oberlicht wei\u00df f\u00fcr Ihren LKW oder Anh\u00e4nger geeignet ist, haben wir unten eine Reihe von Spezifikationen geschrieben. All dies, um Ihnen zu verdeutlichen, warum dies m\u00f6glicherweise die LED-Lampe ist, die Sie suchen. Das Volvo LED Toplight wei\u00df ist unter anderem mit dem ECE R10 G\u00fctezeichen versehen. Dieses G\u00fctezeichen bedeutet, dass die Leuchte beim Einschalten keine St\u00f6rungen verursacht, beispielsweise auf Ihrem Funksignal. Auch die wei\u00dfe LED-Lampe tr\u00e4gt das ECE-R7-G\u00fctezeichen. Dieses G\u00fctezeichen weist darauf hin, dass die Lampe LED als Markierungslampe verwendet werden darf. Um das Ganze abzurunden, wird die LED Aufsatzleuchte mit einem originalen Anschlussstecker geliefert. Dadurch wird das Anschlie\u00dfen sehr einfach.\u00a0\u00a0<\/span><\/p>\n<h5><span style=\"color: #000000;\"><strong>Andere Farben:<\/strong><\/span><\/h5>\n<p><span style=\"color: #000000;\">Sie sind auf der Suche nach einer LED-Oberleuchte f\u00fcr Ihren Lkw, m\u00f6chten aber nicht die Variante mit wei\u00dfen LEDs? Dann wissen Sie, dass die Nedking LED-Lampe auch mit der orangefarbenen LED erh\u00e4ltlich ist. Die Version mit orangefarbenem Glas und LED finden Sie hier:\u00a0<\/span><\/p>\n<ul>\n<li><span style=\"color: #000000;\"><a style=\"color: #000000;\" href=\"https:\/\/www.oudadl.testontwikkeling.nl\/de\/produkt\/led-toplamp-oranje-24-volt\/\"><strong>Volvo LED Top Lampe - orange\u00a0<\/strong><\/a><\/span><\/li>\n<\/ul>\n<p><span style=\"color: #000000;\">Sind Sie der Meinung, dass die Volvo LED Top Lampe wei\u00df nicht das Richtige f\u00fcr Sie ist? Einfach weil die Farbe oder Spannung nicht Ihren Vorstellungen entspricht? Schaut unbedingt auf unserer Seite vorbei <a style=\"color: #000000;\" href=\"https:\/\/www.oudadl.testontwikkeling.nl\/de\/produkt-kategorie\/beleuchtungswagen\/\">LKW-Beleuchtung<\/a>. Vielleicht finden Sie hier das von Ihnen gesuchte Lampenmodell.\u00a0<\/span><\/p>","protected":false},"excerpt":{"rendered":"<p>Volvo LED toplamp wit, geschikt voor 24 volt gebruik. Bent u opzoek naar een LED toplamp die u bijvoorbeeld kunt monteren op bijvoorbeeld de cabine van uw vrachtwagen? Dan is de wit oplichtende LED toplamp wellicht d\u00e9 lamp waar u naar op zoek bent. De LED lamp is voorzien van 3 LED&#8217;s. Door de 3 [&hellip;]<\/p>\n","protected":false},"featured_media":37369,"comment_status":"open","ping_status":"closed","template":"","meta":{"_acf_changed":false,"site-sidebar-layout":"default","site-content-layout":"default","ast-site-content-layout":"default","site-content-style":"default","site-sidebar-style":"default","ast-global-header-display":"","ast-banner-title-visibility":"","ast-main-header-display":"","ast-hfb-above-header-display":"","ast-hfb-below-header-display":"","ast-hfb-mobile-header-display":"","site-post-title":"","ast-breadcrumbs-content":"","ast-featured-img":"","footer-sml-layout":"","ast-disable-related-posts":"","theme-transparent-header-meta":"default","adv-header-id-meta":"","stick-header-meta":"","header-above-stick-meta":"","header-main-stick-meta":"","header-below-stick-meta":"","astra-migrate-meta-layouts":"set","ast-page-background-enabled":"default","ast-page-background-meta":{"desktop":{"background-color":"","background-image":"","background-repeat":"repeat","background-position":"center center","background-size":"auto","background-attachment":"scroll","background-type":"","background-media":"","overlay-type":"","overlay-color":"","overlay-opacity":"","overlay-gradient":""},"tablet":{"background-color":"","background-image":"","background-repeat":"repeat","background-position":"center center","background-size":"auto","background-attachment":"scroll","background-type":"","background-media":"","overlay-type":"","overlay-color":"","overlay-opacity":"","overlay-gradient":""},"mobile":{"background-color":"","background-image":"","background-repeat":"repeat","background-position":"center center","background-size":"auto","background-attachment":"scroll","background-type":"","background-media":"","overlay-type":"","overlay-color":"","overlay-opacity":"","overlay-gradient":""}},"ast-content-background-meta":{"desktop":{"background-color":"var(--ast-global-color-5)","background-image":"","background-repeat":"repeat","background-position":"center center","background-size":"auto","background-attachment":"scroll","background-type":"","background-media":"","overlay-type":"","overlay-color":"","overlay-opacity":"","overlay-gradient":""},"tablet":{"background-color":"var(--ast-global-color-5)","background-image":"","background-repeat":"repeat","background-position":"center center","background-size":"auto","background-attachment":"scroll","background-type":"","background-media":"","overlay-type":"","overlay-color":"","overlay-opacity":"","overlay-gradient":""},"mobile":{"background-color":"var(--ast-global-color-5)","background-image":"","background-repeat":"repeat","background-position":"center center","background-size":"auto","background-attachment":"scroll","background-type":"","background-media":"","overlay-type":"","overlay-color":"","overlay-opacity":"","overlay-gradient":""}}},"product_brand":[],"product_cat":[270],"product_tag":[2248,2250],"class_list":{"0":"post-6116","1":"product","2":"type-product","3":"status-publish","4":"has-post-thumbnail","6":"product_cat-toplichten","7":"product_tag-led-toplamp","8":"product_tag-volvo-verlichting","9":"pa_merkk-product-nedking","10":"desktop-align-left","11":"tablet-align-left","12":"mobile-align-left","14":"first","15":"instock","16":"taxable","17":"shipping-taxable","18":"purchasable","19":"product-type-simple"},"acf":[],"yoast_head":"<!-- This site is optimized with the Yoast SEO Premium plugin v25.9 (Yoast SEO v27.6) - https:\/\/yoast.com\/product\/yoast-seo-premium-wordpress\/ -->\n<title>LED toplamp wit Volvo - All Day Led - voor 24 volt gebruik<\/title>\n<meta name=\"description\" content=\"LED toplamp wit Volvo - witte LED daklamp - met 3 LED&#039;s - direct leverbaar - voor vrachtwagen en meer - plug &amp; play stekker\" \/>\n<meta name=\"robots\" content=\"noindex, follow, max-snippet:-1, max-image-preview:large, max-video-preview:-1\" \/>\n<meta property=\"og:locale\" content=\"de_DE\" \/>\n<meta property=\"og:type\" content=\"article\" \/>\n<meta property=\"og:title\" content=\"LED toplamp wit Volvo - All Day Led - voor 24 volt gebruik\" \/>\n<meta property=\"og:description\" content=\"LED toplamp wit Volvo - witte LED daklamp - met 3 LED&#039;s - direct leverbaar - voor vrachtwagen en meer - plug &amp; play stekker\" \/>\n<meta property=\"og:url\" content=\"https:\/\/www.oudadl.testontwikkeling.nl\/de\/produkt\/led-toplamp-wit-24-volt\/\" \/>\n<meta property=\"og:site_name\" content=\"All Day Led\" \/>\n<meta property=\"article:publisher\" content=\"https:\/\/www.facebook.com\/alldayled\/\" \/>\n<meta property=\"article:modified_time\" content=\"2025-12-03T19:49:51+00:00\" \/>\n<meta property=\"og:image\" content=\"https:\/\/www.oudadl.testontwikkeling.nl\/wp-content\/uploads\/2024\/08\/ADL00220.01.png\" \/>\n\t<meta property=\"og:image:width\" content=\"800\" \/>\n\t<meta property=\"og:image:height\" content=\"800\" \/>\n\t<meta property=\"og:image:type\" content=\"image\/png\" \/>\n<meta name=\"twitter:label1\" content=\"Preis\" \/>\n\t<meta name=\"twitter:data1\" content=\"&euro;22,95\" \/>\n\t<meta name=\"twitter:label2\" content=\"Verf\u00fcgbarkeit\" \/>\n\t<meta name=\"twitter:data2\" content=\"Auf Lager\" \/>\n<script type=\"application\/ld+json\" class=\"yoast-schema-graph\">{\"@context\":\"https:\\\/\\\/schema.org\",\"@graph\":[{\"@type\":\"WebPage\",\"@id\":\"https:\\\/\\\/www.oudadl.testontwikkeling.nl\\\/product\\\/led-toplamp-wit-24-volt\\\/\",\"url\":\"https:\\\/\\\/www.oudadl.testontwikkeling.nl\\\/product\\\/led-toplamp-wit-24-volt\\\/\",\"name\":\"LED toplamp wit Volvo - All Day Led - voor 24 volt gebruik\",\"isPartOf\":{\"@id\":\"https:\\\/\\\/www.oudadl.testontwikkeling.nl\\\/#website\"},\"primaryImageOfPage\":{\"@id\":\"https:\\\/\\\/www.oudadl.testontwikkeling.nl\\\/product\\\/led-toplamp-wit-24-volt\\\/#primaryimage\"},\"image\":{\"@id\":\"https:\\\/\\\/www.oudadl.testontwikkeling.nl\\\/product\\\/led-toplamp-wit-24-volt\\\/#primaryimage\"},\"thumbnailUrl\":\"https:\\\/\\\/www.oudadl.testontwikkeling.nl\\\/wp-content\\\/uploads\\\/2021\\\/09\\\/ADL00220-.png\",\"datePublished\":\"2021-09-08T08:30:54+00:00\",\"dateModified\":\"2025-12-03T19:49:51+00:00\",\"description\":\"LED toplamp wit Volvo - witte LED daklamp - met 3 LED's - direct leverbaar - voor vrachtwagen en meer - plug & play stekker\",\"breadcrumb\":{\"@id\":\"https:\\\/\\\/www.oudadl.testontwikkeling.nl\\\/product\\\/led-toplamp-wit-24-volt\\\/#breadcrumb\"},\"inLanguage\":\"de\",\"potentialAction\":[{\"@type\":\"ReadAction\",\"target\":[\"https:\\\/\\\/www.oudadl.testontwikkeling.nl\\\/product\\\/led-toplamp-wit-24-volt\\\/\"]}]},{\"@type\":\"ImageObject\",\"inLanguage\":\"de\",\"@id\":\"https:\\\/\\\/www.oudadl.testontwikkeling.nl\\\/product\\\/led-toplamp-wit-24-volt\\\/#primaryimage\",\"url\":\"https:\\\/\\\/www.oudadl.testontwikkeling.nl\\\/wp-content\\\/uploads\\\/2021\\\/09\\\/ADL00220-.png\",\"contentUrl\":\"https:\\\/\\\/www.oudadl.testontwikkeling.nl\\\/wp-content\\\/uploads\\\/2021\\\/09\\\/ADL00220-.png\",\"width\":800,\"height\":600,\"caption\":\"Volvo LED toplamp met helder glas en wit LED - geschikt voor 24 volt - te monteren op uw cabine dak en meer - EAN: 6090547860889\"},{\"@type\":\"BreadcrumbList\",\"@id\":\"https:\\\/\\\/www.oudadl.testontwikkeling.nl\\\/product\\\/led-toplamp-wit-24-volt\\\/#breadcrumb\",\"itemListElement\":[{\"@type\":\"ListItem\",\"position\":1,\"name\":\"Home\",\"item\":\"https:\\\/\\\/www.oudadl.testontwikkeling.nl\\\/\"},{\"@type\":\"ListItem\",\"position\":2,\"name\":\"Shop\",\"item\":\"https:\\\/\\\/www.oudadl.testontwikkeling.nl\\\/de\\\/shop\\\/\"},{\"@type\":\"ListItem\",\"position\":3,\"name\":\"Overige\",\"item\":\"https:\\\/\\\/www.oudadl.testontwikkeling.nl\\\/product-categorie\\\/overige-producten\\\/\"},{\"@type\":\"ListItem\",\"position\":4,\"name\":\"Toplichten\",\"item\":\"https:\\\/\\\/www.oudadl.testontwikkeling.nl\\\/product-categorie\\\/overige-producten\\\/toplichten\\\/\"},{\"@type\":\"ListItem\",\"position\":5,\"name\":\"LED toplamp wit 24 Volt\"}]},{\"@type\":\"WebSite\",\"@id\":\"https:\\\/\\\/www.oudadl.testontwikkeling.nl\\\/#website\",\"url\":\"https:\\\/\\\/www.oudadl.testontwikkeling.nl\\\/\",\"name\":\"All Day Led\",\"description\":\"\",\"publisher\":{\"@id\":\"https:\\\/\\\/www.oudadl.testontwikkeling.nl\\\/#organization\"},\"potentialAction\":[{\"@type\":\"SearchAction\",\"target\":{\"@type\":\"EntryPoint\",\"urlTemplate\":\"https:\\\/\\\/www.oudadl.testontwikkeling.nl\\\/?s={search_term_string}\"},\"query-input\":{\"@type\":\"PropertyValueSpecification\",\"valueRequired\":true,\"valueName\":\"search_term_string\"}}],\"inLanguage\":\"de\"},{\"@type\":\"Organization\",\"@id\":\"https:\\\/\\\/www.oudadl.testontwikkeling.nl\\\/#organization\",\"name\":\"All Day Led\",\"url\":\"https:\\\/\\\/www.oudadl.testontwikkeling.nl\\\/\",\"logo\":{\"@type\":\"ImageObject\",\"inLanguage\":\"de\",\"@id\":\"https:\\\/\\\/www.oudadl.testontwikkeling.nl\\\/#\\\/schema\\\/logo\\\/image\\\/\",\"url\":\"https:\\\/\\\/www.oudadl.testontwikkeling.nl\\\/wp-content\\\/uploads\\\/2022\\\/08\\\/Logo-ALL-DAY-LED-800x800-zwart-witte-letters.png\",\"contentUrl\":\"https:\\\/\\\/www.oudadl.testontwikkeling.nl\\\/wp-content\\\/uploads\\\/2022\\\/08\\\/Logo-ALL-DAY-LED-800x800-zwart-witte-letters.png\",\"width\":800,\"height\":800,\"caption\":\"All Day Led\"},\"image\":{\"@id\":\"https:\\\/\\\/www.oudadl.testontwikkeling.nl\\\/#\\\/schema\\\/logo\\\/image\\\/\"},\"sameAs\":[\"https:\\\/\\\/www.facebook.com\\\/alldayled\\\/\",\"https:\\\/\\\/www.instagram.com\\\/alldayled\\\/\"],\"vatID\":\"NL863960133B01\",\"taxID\":\"86416545\",\"hasMerchantReturnPolicy\":{\"@type\":\"MerchantReturnPolicy\",\"merchantReturnLink\":\"https:\\\/\\\/www.oudadl.testontwikkeling.nl\\\/de\\\/verzenden-retourneren\\\/\"}}]}<\/script>\n<meta property=\"product:brand\" content=\"Nedking\" \/>\n<meta property=\"product:price:amount\" content=\"22.95\" \/>\n<meta property=\"product:price:currency\" content=\"EUR\" \/>\n<meta property=\"og:availability\" content=\"instock\" \/>\n<meta property=\"product:availability\" content=\"instock\" \/>\n<meta property=\"product:retailer_item_id\" content=\"ADL01012W-LED\" \/>\n<meta property=\"product:condition\" content=\"new\" \/>\n<!-- \/ Yoast SEO Premium plugin. -->","yoast_head_json":{"title":"LED Top Lampe wei\u00df Volvo - All Day Led - f\u00fcr 24 Volt Betrieb","description":"LED Toplampe wei\u00df Volvo - wei\u00df LED Dachlampe - mit 3 LED&#039;s - sofort verf\u00fcgbar - f\u00fcr LKW und mehr - Plug &amp; Play Plug","robots":{"index":"noindex","follow":"follow","max-snippet":"max-snippet:-1","max-image-preview":"max-image-preview:large","max-video-preview":"max-video-preview:-1"},"og_locale":"de_DE","og_type":"article","og_title":"LED toplamp wit Volvo - All Day Led - voor 24 volt gebruik","og_description":"LED toplamp wit Volvo - witte LED daklamp - met 3 LED's - direct leverbaar - voor vrachtwagen en meer - plug & play stekker","og_url":"https:\/\/www.oudadl.testontwikkeling.nl\/de\/produkt\/led-toplamp-wit-24-volt\/","og_site_name":"All Day Led","article_publisher":"https:\/\/www.facebook.com\/alldayled\/","article_modified_time":"2025-12-03T19:49:51+00:00","og_image":[{"width":800,"height":800,"url":"https:\/\/www.oudadl.testontwikkeling.nl\/wp-content\/uploads\/2024\/08\/ADL00220.01.png","type":"image\/png"}],"twitter_misc":{"Preis":"&euro;22,95","Verf\u00fcgbarkeit":"Auf Lager"},"schema":{"@context":"https:\/\/schema.org","@graph":[{"@type":"WebPage","@id":"https:\/\/www.oudadl.testontwikkeling.nl\/product\/led-toplamp-wit-24-volt\/","url":"https:\/\/www.oudadl.testontwikkeling.nl\/product\/led-toplamp-wit-24-volt\/","name":"LED Top Lampe wei\u00df Volvo - All Day Led - f\u00fcr 24 Volt Betrieb","isPartOf":{"@id":"https:\/\/www.oudadl.testontwikkeling.nl\/#website"},"primaryImageOfPage":{"@id":"https:\/\/www.oudadl.testontwikkeling.nl\/product\/led-toplamp-wit-24-volt\/#primaryimage"},"image":{"@id":"https:\/\/www.oudadl.testontwikkeling.nl\/product\/led-toplamp-wit-24-volt\/#primaryimage"},"thumbnailUrl":"https:\/\/www.oudadl.testontwikkeling.nl\/wp-content\/uploads\/2021\/09\/ADL00220-.png","datePublished":"2021-09-08T08:30:54+00:00","dateModified":"2025-12-03T19:49:51+00:00","description":"LED Toplampe wei\u00df Volvo - wei\u00df LED Dachlampe - mit 3 LED&#039;s - sofort verf\u00fcgbar - f\u00fcr LKW und mehr - Plug &amp; Play Plug","breadcrumb":{"@id":"https:\/\/www.oudadl.testontwikkeling.nl\/product\/led-toplamp-wit-24-volt\/#breadcrumb"},"inLanguage":"de","potentialAction":[{"@type":"ReadAction","target":["https:\/\/www.oudadl.testontwikkeling.nl\/product\/led-toplamp-wit-24-volt\/"]}]},{"@type":"ImageObject","inLanguage":"de","@id":"https:\/\/www.oudadl.testontwikkeling.nl\/product\/led-toplamp-wit-24-volt\/#primaryimage","url":"https:\/\/www.oudadl.testontwikkeling.nl\/wp-content\/uploads\/2021\/09\/ADL00220-.png","contentUrl":"https:\/\/www.oudadl.testontwikkeling.nl\/wp-content\/uploads\/2021\/09\/ADL00220-.png","width":800,"height":600,"caption":"Volvo LED toplamp met helder glas en wit LED - geschikt voor 24 volt - te monteren op uw cabine dak en meer - EAN: 6090547860889"},{"@type":"BreadcrumbList","@id":"https:\/\/www.oudadl.testontwikkeling.nl\/product\/led-toplamp-wit-24-volt\/#breadcrumb","itemListElement":[{"@type":"ListItem","position":1,"name":"Home","item":"https:\/\/www.oudadl.testontwikkeling.nl\/"},{"@type":"ListItem","position":2,"name":"Shop","item":"https:\/\/www.oudadl.testontwikkeling.nl\/de\/shop\/"},{"@type":"ListItem","position":3,"name":"Overige","item":"https:\/\/www.oudadl.testontwikkeling.nl\/product-categorie\/overige-producten\/"},{"@type":"ListItem","position":4,"name":"Toplichten","item":"https:\/\/www.oudadl.testontwikkeling.nl\/product-categorie\/overige-producten\/toplichten\/"},{"@type":"ListItem","position":5,"name":"LED toplamp wit 24 Volt"}]},{"@type":"WebSite","@id":"https:\/\/www.oudadl.testontwikkeling.nl\/#website","url":"https:\/\/www.oudadl.testontwikkeling.nl\/","name":"All Day Led","description":"","publisher":{"@id":"https:\/\/www.oudadl.testontwikkeling.nl\/#organization"},"potentialAction":[{"@type":"SearchAction","target":{"@type":"EntryPoint","urlTemplate":"https:\/\/www.oudadl.testontwikkeling.nl\/?s={search_term_string}"},"query-input":{"@type":"PropertyValueSpecification","valueRequired":true,"valueName":"search_term_string"}}],"inLanguage":"de"},{"@type":"Organization","@id":"https:\/\/www.oudadl.testontwikkeling.nl\/#organization","name":"All Day Led","url":"https:\/\/www.oudadl.testontwikkeling.nl\/","logo":{"@type":"ImageObject","inLanguage":"de","@id":"https:\/\/www.oudadl.testontwikkeling.nl\/#\/schema\/logo\/image\/","url":"https:\/\/www.oudadl.testontwikkeling.nl\/wp-content\/uploads\/2022\/08\/Logo-ALL-DAY-LED-800x800-zwart-witte-letters.png","contentUrl":"https:\/\/www.oudadl.testontwikkeling.nl\/wp-content\/uploads\/2022\/08\/Logo-ALL-DAY-LED-800x800-zwart-witte-letters.png","width":800,"height":800,"caption":"All Day Led"},"image":{"@id":"https:\/\/www.oudadl.testontwikkeling.nl\/#\/schema\/logo\/image\/"},"sameAs":["https:\/\/www.facebook.com\/alldayled\/","https:\/\/www.instagram.com\/alldayled\/"],"vatID":"NL863960133B01","taxID":"86416545","hasMerchantReturnPolicy":{"@type":"MerchantReturnPolicy","merchantReturnLink":"https:\/\/www.oudadl.testontwikkeling.nl\/de\/verzenden-retourneren\/"}}]},"product_brand":"Nedking","product_price_amount":"22.95","product_price_currency":"EUR","og_availability":"instock","product_availability":"instock","product_retailer_item_id":"ADL01012W-LED","product_condition":"new"},"_links":{"self":[{"href":"https:\/\/www.oudadl.testontwikkeling.nl\/de\/wp-json\/wp\/v2\/product\/6116","targetHints":{"allow":["GET"]}}],"collection":[{"href":"https:\/\/www.oudadl.testontwikkeling.nl\/de\/wp-json\/wp\/v2\/product"}],"about":[{"href":"https:\/\/www.oudadl.testontwikkeling.nl\/de\/wp-json\/wp\/v2\/types\/product"}],"replies":[{"embeddable":true,"href":"https:\/\/www.oudadl.testontwikkeling.nl\/de\/wp-json\/wp\/v2\/comments?post=6116"}],"wp:featuredmedia":[{"embeddable":true,"href":"https:\/\/www.oudadl.testontwikkeling.nl\/de\/wp-json\/wp\/v2\/media\/37369"}],"wp:attachment":[{"href":"https:\/\/www.oudadl.testontwikkeling.nl\/de\/wp-json\/wp\/v2\/media?parent=6116"}],"wp:term":[{"taxonomy":"product_brand","embeddable":true,"href":"https:\/\/www.oudadl.testontwikkeling.nl\/de\/wp-json\/wp\/v2\/product_brand?post=6116"},{"taxonomy":"product_cat","embeddable":true,"href":"https:\/\/www.oudadl.testontwikkeling.nl\/de\/wp-json\/wp\/v2\/product_cat?post=6116"},{"taxonomy":"product_tag","embeddable":true,"href":"https:\/\/www.oudadl.testontwikkeling.nl\/de\/wp-json\/wp\/v2\/product_tag?post=6116"}],"curies":[{"name":"wp","href":"https:\/\/api.w.org\/{rel}","templated":true}]}}