{"id":6095,"date":"2020-03-18T15:00:53","date_gmt":"2020-03-18T13:00:53","guid":{"rendered":"https:\/\/www.oudadl.testontwikkeling.nl\/product\/import-placeholder-for-adl590-202\/"},"modified":"2025-12-04T09:39:58","modified_gmt":"2025-12-04T08:39:58","slug":"hella-led-markeringslamp-wit-8-28v","status":"publish","type":"product","link":"https:\/\/www.oudadl.testontwikkeling.nl\/de\/product\/hella-led-markeringslamp-wit-8-28v\/","title":{"rendered":"Hella LED Markierungsleuchte wei\u00df - klar"},"content":{"rendered":"<p><span style=\"color: #000000;\"><strong>Hella LED Markierungsleuchte wei\u00df mit transparenter Linse, f\u00fcr 12 &amp; 24 Volt.\u00a0<\/strong><\/span><\/p>\n<p><span style=\"color: #000000;\">Suchen Sie die \u00fcbliche Hella-Markierungslampe? Dann k\u00f6nnte diese LED-Markierungslampe der Marke Hella die Lampe sein, nach der Sie suchen. Dies ist eine Konturlampe, die das tut, was von ihr erwartet wird. Die LED-Lampe ist mit 1 LED ausgestattet. Der eingebaute Hochleistungs-LED sorgt daf\u00fcr, dass Sie mit geringem Stromverbrauch unterwegs sind. So sind Sie sowohl tags\u00fcber als auch abends gut sichtbar. Die wei\u00dfe Markierungslampe LED der Marke Hella kann mit 12 und 24 Volt betrieben werden. Dies bedeutet, dass Sie mit dieser LED-Lampe beispielsweise die Vorderseite Ihres Autos, Lastwagens, Anh\u00e4ngers oder eines anderen Fahrzeug- oder Ger\u00e4tetyps beleuchten k\u00f6nnen.<\/span><\/p>\n<p><span style=\"color: #000000;\">Um sicherzustellen, dass diese LED-Markierung hellwei\u00df der Marke Hella f\u00fcr Ihr Fahrzeug oder Ihren Anh\u00e4nger geeignet ist, haben wir nachfolgend eine Reihe von Spezifikationen aufgef\u00fchrt. All dies, um Ihnen klar zu machen, warum dies m\u00f6glicherweise die LED-Lampe ist, nach der Sie suchen. Diese LED-Markierungslampe ist unter anderem mit dem ECE R10-Qualit\u00e4tszeichen versehen. Dieses Qualit\u00e4tszeichen bedeutet, dass die Lampe w\u00e4hrend der Aktivierung, z. B. an Ihrem Funksignal, keine Fehlfunktion aufweist. Diese wei\u00dfe LED-Markierungslampe ist auch mit dem ECE R7-Qualit\u00e4tszeichen versehen. Dieses Qualit\u00e4tszeichen zeigt an, dass die LED-Lampe als Positionslampe verwendet werden kann. Dar\u00fcber hinaus ist diese wei\u00dfe LED-Lampe auch f\u00fcr ein ADR-zugelassenes Fahrzeug oder einen Anh\u00e4nger geeignet. Kurz gesagt, diese wei\u00dfe LED-Lampe kann f\u00fcr verschiedene Zwecke verwendet werden.\u00a0<\/span><\/p>\n<h5><span style=\"color: #000000;\"><strong>Abmessungen:<\/strong><\/span><\/h5>\n<p><span style=\"color: #000000;\">Denn vor dem Kauf m\u00f6chten Sie sicher sein, dass die Markierungsleuchte dort passt, wo Sie sie montieren m\u00f6chten. M\u00f6chten Sie die Abmessungen der LED-Lampe erfahren? Die Abmessungen der Markierungsleuchte Hella LED wei\u00df mit klarem Glas sind in Volt angegeben:<\/span><\/p>\n<ul>\n<li><span style=\"color: #000000;\">L\u00e4nge: 79 mm<\/span><\/li>\n<li><span style=\"color: #000000;\">H\u00f6he: 25,9 mm<\/span><\/li>\n<li><span style=\"color: #000000;\">Dicke: 19mm<\/span><\/li>\n<li><span style=\"color: #000000;\">HH: 57 mm<\/span><\/li>\n<\/ul>\n<p><span style=\"color: #000000;\"><em>Hella Artikelnummer: <span style=\"font-size: 16px;\">2PF 959 590-202<\/span><\/em><\/span><\/p>\n<h5><span style=\"color: #000000;\"><strong>Andere Farben:<\/strong><\/span><\/h5>\n<p><span style=\"color: #000000;\">M\u00f6chten Sie eine Markierungsleuchte von <a style=\"color: #000000;\" href=\"https:\/\/www.oudadl.testontwikkeling.nl\/de\/merk\/produkt-hella\/\">Hella<\/a>? Aber ist die Farbe Wei\u00df nicht das, wonach Sie suchen? Dann wissen Sie, dass diese LED Markierungsleuchte wei\u00df der Marke Hella auch in folgenden Farben erh\u00e4ltlich ist:\u00a0<\/span><\/p>\n<ul>\n<li><span style=\"color: #000000;\"><strong><a style=\"color: #000000;\" href=\"https:\/\/www.oudadl.testontwikkeling.nl\/de\/produkt\/hella-led-markeringslamp-rood-8-28v\/\">Hella LED Begrenzungsleuchte rot\u00a0<\/a><\/strong><\/span><\/li>\n<li><span style=\"color: #000000;\"><strong><a style=\"color: #000000;\" href=\"https:\/\/www.oudadl.testontwikkeling.nl\/de\/produkt\/hella-led-markeringslamp-oranje-8-28v\/\">Hella LED Begrenzungsleuchte orange<\/a><\/strong><\/span><\/li>\n<\/ul>\n<p><span style=\"color: #000000;\">Glauben Sie immer noch, dass diese LED-Lampe nicht das ist, wonach Sie suchen? Einfach weil die Farbe oder Form nicht das ist, was Sie wollen? Schauen Sie sich unbedingt unsere Seite an <a style=\"color: #000000;\" href=\"https:\/\/www.oudadl.testontwikkeling.nl\/de\/produkt-kategorie\/positionslichter\/markeringslampen\/\">Markierungsleuchten<\/a>. M\u00f6glicherweise finden Sie hier das Lampenmodell, das Sie suchen.\u00a0<\/span><\/p>","protected":false},"excerpt":{"rendered":"<p>Hella LED markeringslamp wit met transparant lens, voor 12 &amp; 24 volt.\u00a0 Bent u opzoek naar de veel voorkomende markeringslamp van het merk Hella? Dan is deze LED markeringslamp van merk Hella wellicht d\u00e9 lamp waar u naar op zoek bent. Dit is een contourlamp die doet wat ervan word verwacht. De LED lamp is [&hellip;]<\/p>\n","protected":false},"featured_media":19004,"comment_status":"open","ping_status":"closed","template":"","meta":{"_acf_changed":false,"site-sidebar-layout":"default","site-content-layout":"default","ast-site-content-layout":"default","site-content-style":"default","site-sidebar-style":"default","ast-global-header-display":"","ast-banner-title-visibility":"","ast-main-header-display":"","ast-hfb-above-header-display":"","ast-hfb-below-header-display":"","ast-hfb-mobile-header-display":"","site-post-title":"","ast-breadcrumbs-content":"","ast-featured-img":"","footer-sml-layout":"","ast-disable-related-posts":"","theme-transparent-header-meta":"default","adv-header-id-meta":"","stick-header-meta":"","header-above-stick-meta":"","header-main-stick-meta":"","header-below-stick-meta":"","astra-migrate-meta-layouts":"set","ast-page-background-enabled":"default","ast-page-background-meta":{"desktop":{"background-color":"","background-image":"","background-repeat":"repeat","background-position":"center center","background-size":"auto","background-attachment":"scroll","background-type":"","background-media":"","overlay-type":"","overlay-color":"","overlay-opacity":"","overlay-gradient":""},"tablet":{"background-color":"","background-image":"","background-repeat":"repeat","background-position":"center center","background-size":"auto","background-attachment":"scroll","background-type":"","background-media":"","overlay-type":"","overlay-color":"","overlay-opacity":"","overlay-gradient":""},"mobile":{"background-color":"","background-image":"","background-repeat":"repeat","background-position":"center center","background-size":"auto","background-attachment":"scroll","background-type":"","background-media":"","overlay-type":"","overlay-color":"","overlay-opacity":"","overlay-gradient":""}},"ast-content-background-meta":{"desktop":{"background-color":"var(--ast-global-color-5)","background-image":"","background-repeat":"repeat","background-position":"center center","background-size":"auto","background-attachment":"scroll","background-type":"","background-media":"","overlay-type":"","overlay-color":"","overlay-opacity":"","overlay-gradient":""},"tablet":{"background-color":"var(--ast-global-color-5)","background-image":"","background-repeat":"repeat","background-position":"center center","background-size":"auto","background-attachment":"scroll","background-type":"","background-media":"","overlay-type":"","overlay-color":"","overlay-opacity":"","overlay-gradient":""},"mobile":{"background-color":"var(--ast-global-color-5)","background-image":"","background-repeat":"repeat","background-position":"center center","background-size":"auto","background-attachment":"scroll","background-type":"","background-media":"","overlay-type":"","overlay-color":"","overlay-opacity":"","overlay-gradient":""}}},"product_brand":[],"product_cat":[262],"product_tag":[263,2471,2483,2476,5486,5485,2554,2473,2477,2474,2475],"class_list":{"0":"post-6095","1":"product","2":"type-product","3":"status-publish","4":"has-post-thumbnail","6":"product_cat-markeringslampen","7":"product_tag-contourverlichting","8":"product_tag-hella-led-markeringslamp","9":"product_tag-led-markering-wit","10":"product_tag-led-markeringslamp","11":"product_tag-led-markeringslamp-12-volt","12":"product_tag-led-markeringslamp-24-volt","13":"product_tag-led-markeringslamp-wit","14":"product_tag-markeringslamp-aanhanger","15":"product_tag-markeringslamp-camper","16":"product_tag-markeringslamp-trailer","17":"product_tag-markeringslamp-vrachtwagen","18":"pa_merkk-product-hella","19":"desktop-align-left","20":"tablet-align-left","21":"mobile-align-left","23":"first","24":"instock","25":"taxable","26":"shipping-taxable","27":"purchasable","28":"product-type-simple"},"acf":[],"yoast_head":"<!-- This site is optimized with the Yoast SEO Premium plugin v25.9 (Yoast SEO v27.6) - https:\/\/yoast.com\/product\/yoast-seo-premium-wordpress\/ -->\n<title>Hella LED markeringslamp wit - All Day Led - voor 12&amp;24 Volt<\/title>\n<meta name=\"description\" content=\"Hella LED markeringslamp wit - voor auto, vrachtwagen, camper, trailer en meer - Hella 2PF 959 590-202 lamp - per stuk leverbaar\" \/>\n<meta name=\"robots\" content=\"noindex, follow, max-snippet:-1, max-image-preview:large, max-video-preview:-1\" \/>\n<meta property=\"og:locale\" content=\"de_DE\" \/>\n<meta property=\"og:type\" content=\"article\" \/>\n<meta property=\"og:title\" content=\"Hella LED markeringslamp wit - All Day Led - voor 12&amp;24 Volt\" \/>\n<meta property=\"og:description\" content=\"Hella LED markeringslamp wit - voor auto, vrachtwagen, camper, trailer en meer - Hella 2PF 959 590-202 lamp - per stuk leverbaar\" \/>\n<meta property=\"og:url\" content=\"https:\/\/www.oudadl.testontwikkeling.nl\/de\/produkt\/hella-led-markeringslamp-wit-8-28v\/\" \/>\n<meta property=\"og:site_name\" content=\"All Day Led\" \/>\n<meta property=\"article:publisher\" content=\"https:\/\/www.facebook.com\/alldayled\/\" \/>\n<meta property=\"article:modified_time\" content=\"2025-12-04T08:39:58+00:00\" \/>\n<meta property=\"og:image\" content=\"https:\/\/www.oudadl.testontwikkeling.nl\/wp-content\/uploads\/2020\/03\/ADL590-202-1..png\" \/>\n\t<meta property=\"og:image:width\" content=\"800\" \/>\n\t<meta property=\"og:image:height\" content=\"600\" \/>\n\t<meta property=\"og:image:type\" content=\"image\/png\" \/>\n<meta name=\"twitter:label1\" content=\"Preis\" \/>\n\t<meta name=\"twitter:data1\" content=\"&euro;19,95\" \/>\n\t<meta name=\"twitter:label2\" content=\"Verf\u00fcgbarkeit\" \/>\n\t<meta name=\"twitter:data2\" content=\"Auf Lager\" \/>\n<script type=\"application\/ld+json\" class=\"yoast-schema-graph\">{\"@context\":\"https:\\\/\\\/schema.org\",\"@graph\":[{\"@type\":\"WebPage\",\"@id\":\"https:\\\/\\\/www.oudadl.testontwikkeling.nl\\\/product\\\/hella-led-markeringslamp-wit-8-28v\\\/\",\"url\":\"https:\\\/\\\/www.oudadl.testontwikkeling.nl\\\/product\\\/hella-led-markeringslamp-wit-8-28v\\\/\",\"name\":\"Hella LED markeringslamp wit - All Day Led - voor 12&24 Volt\",\"isPartOf\":{\"@id\":\"https:\\\/\\\/www.oudadl.testontwikkeling.nl\\\/#website\"},\"primaryImageOfPage\":{\"@id\":\"https:\\\/\\\/www.oudadl.testontwikkeling.nl\\\/product\\\/hella-led-markeringslamp-wit-8-28v\\\/#primaryimage\"},\"image\":{\"@id\":\"https:\\\/\\\/www.oudadl.testontwikkeling.nl\\\/product\\\/hella-led-markeringslamp-wit-8-28v\\\/#primaryimage\"},\"thumbnailUrl\":\"https:\\\/\\\/www.oudadl.testontwikkeling.nl\\\/wp-content\\\/uploads\\\/2020\\\/03\\\/ADL590-202-1..png\",\"datePublished\":\"2020-03-18T13:00:53+00:00\",\"dateModified\":\"2025-12-04T08:39:58+00:00\",\"description\":\"Hella LED markeringslamp wit - voor auto, vrachtwagen, camper, trailer en meer - Hella 2PF 959 590-202 lamp - per stuk leverbaar\",\"breadcrumb\":{\"@id\":\"https:\\\/\\\/www.oudadl.testontwikkeling.nl\\\/product\\\/hella-led-markeringslamp-wit-8-28v\\\/#breadcrumb\"},\"inLanguage\":\"de\",\"potentialAction\":[{\"@type\":\"ReadAction\",\"target\":[\"https:\\\/\\\/www.oudadl.testontwikkeling.nl\\\/product\\\/hella-led-markeringslamp-wit-8-28v\\\/\"]}]},{\"@type\":\"ImageObject\",\"inLanguage\":\"de\",\"@id\":\"https:\\\/\\\/www.oudadl.testontwikkeling.nl\\\/product\\\/hella-led-markeringslamp-wit-8-28v\\\/#primaryimage\",\"url\":\"https:\\\/\\\/www.oudadl.testontwikkeling.nl\\\/wp-content\\\/uploads\\\/2020\\\/03\\\/ADL590-202-1..png\",\"contentUrl\":\"https:\\\/\\\/www.oudadl.testontwikkeling.nl\\\/wp-content\\\/uploads\\\/2020\\\/03\\\/ADL590-202-1..png\",\"width\":800,\"height\":600,\"caption\":\"Hella LED markeringslamp WIT inbouw - voor 12 en 24 volt - Hella artikel: 2PF 959 590-202 - EAN: 4082300305234\"},{\"@type\":\"BreadcrumbList\",\"@id\":\"https:\\\/\\\/www.oudadl.testontwikkeling.nl\\\/product\\\/hella-led-markeringslamp-wit-8-28v\\\/#breadcrumb\",\"itemListElement\":[{\"@type\":\"ListItem\",\"position\":1,\"name\":\"Home\",\"item\":\"https:\\\/\\\/www.oudadl.testontwikkeling.nl\\\/\"},{\"@type\":\"ListItem\",\"position\":2,\"name\":\"Shop\",\"item\":\"https:\\\/\\\/www.oudadl.testontwikkeling.nl\\\/de\\\/shop\\\/\"},{\"@type\":\"ListItem\",\"position\":3,\"name\":\"Positielampen\",\"item\":\"https:\\\/\\\/www.oudadl.testontwikkeling.nl\\\/product-categorie\\\/positielampen\\\/\"},{\"@type\":\"ListItem\",\"position\":4,\"name\":\"Markeringslampen\",\"item\":\"https:\\\/\\\/www.oudadl.testontwikkeling.nl\\\/product-categorie\\\/positielampen\\\/markeringslampen\\\/\"},{\"@type\":\"ListItem\",\"position\":5,\"name\":\"Hella LED markeringslamp wit &#8211; helder\"}]},{\"@type\":\"WebSite\",\"@id\":\"https:\\\/\\\/www.oudadl.testontwikkeling.nl\\\/#website\",\"url\":\"https:\\\/\\\/www.oudadl.testontwikkeling.nl\\\/\",\"name\":\"All Day Led\",\"description\":\"\",\"publisher\":{\"@id\":\"https:\\\/\\\/www.oudadl.testontwikkeling.nl\\\/#organization\"},\"potentialAction\":[{\"@type\":\"SearchAction\",\"target\":{\"@type\":\"EntryPoint\",\"urlTemplate\":\"https:\\\/\\\/www.oudadl.testontwikkeling.nl\\\/?s={search_term_string}\"},\"query-input\":{\"@type\":\"PropertyValueSpecification\",\"valueRequired\":true,\"valueName\":\"search_term_string\"}}],\"inLanguage\":\"de\"},{\"@type\":\"Organization\",\"@id\":\"https:\\\/\\\/www.oudadl.testontwikkeling.nl\\\/#organization\",\"name\":\"All Day Led\",\"url\":\"https:\\\/\\\/www.oudadl.testontwikkeling.nl\\\/\",\"logo\":{\"@type\":\"ImageObject\",\"inLanguage\":\"de\",\"@id\":\"https:\\\/\\\/www.oudadl.testontwikkeling.nl\\\/#\\\/schema\\\/logo\\\/image\\\/\",\"url\":\"https:\\\/\\\/www.oudadl.testontwikkeling.nl\\\/wp-content\\\/uploads\\\/2022\\\/08\\\/Logo-ALL-DAY-LED-800x800-zwart-witte-letters.png\",\"contentUrl\":\"https:\\\/\\\/www.oudadl.testontwikkeling.nl\\\/wp-content\\\/uploads\\\/2022\\\/08\\\/Logo-ALL-DAY-LED-800x800-zwart-witte-letters.png\",\"width\":800,\"height\":800,\"caption\":\"All Day Led\"},\"image\":{\"@id\":\"https:\\\/\\\/www.oudadl.testontwikkeling.nl\\\/#\\\/schema\\\/logo\\\/image\\\/\"},\"sameAs\":[\"https:\\\/\\\/www.facebook.com\\\/alldayled\\\/\",\"https:\\\/\\\/www.instagram.com\\\/alldayled\\\/\"],\"vatID\":\"NL863960133B01\",\"taxID\":\"86416545\",\"hasMerchantReturnPolicy\":{\"@type\":\"MerchantReturnPolicy\",\"merchantReturnLink\":\"https:\\\/\\\/www.oudadl.testontwikkeling.nl\\\/de\\\/verzenden-retourneren\\\/\"}}]}<\/script>\n<meta property=\"product:brand\" content=\"Hella\" \/>\n<meta property=\"product:price:amount\" content=\"19.95\" \/>\n<meta property=\"product:price:currency\" content=\"EUR\" \/>\n<meta property=\"og:availability\" content=\"instock\" \/>\n<meta property=\"product:availability\" content=\"instock\" \/>\n<meta property=\"product:retailer_item_id\" content=\"ADL35201\" \/>\n<meta property=\"product:condition\" content=\"new\" \/>\n<!-- \/ Yoast SEO Premium plugin. -->","yoast_head_json":{"title":"Hella LED Begrenzungsleuchte wei\u00df - All Day Led - f\u00fcr 12&amp;24 Volt","description":"Hella LED Begrenzungsleuchte wei\u00df - f\u00fcr PKW, LKW, Wohnmobil, Anh\u00e4nger und mehr - Hella 2PF 959 590-202 Lampe - pro St\u00fcck erh\u00e4ltlich","robots":{"index":"noindex","follow":"follow","max-snippet":"max-snippet:-1","max-image-preview":"max-image-preview:large","max-video-preview":"max-video-preview:-1"},"og_locale":"de_DE","og_type":"article","og_title":"Hella LED markeringslamp wit - All Day Led - voor 12&24 Volt","og_description":"Hella LED markeringslamp wit - voor auto, vrachtwagen, camper, trailer en meer - Hella 2PF 959 590-202 lamp - per stuk leverbaar","og_url":"https:\/\/www.oudadl.testontwikkeling.nl\/de\/produkt\/hella-led-markeringslamp-wit-8-28v\/","og_site_name":"All Day Led","article_publisher":"https:\/\/www.facebook.com\/alldayled\/","article_modified_time":"2025-12-04T08:39:58+00:00","og_image":[{"width":800,"height":600,"url":"https:\/\/www.oudadl.testontwikkeling.nl\/wp-content\/uploads\/2020\/03\/ADL590-202-1..png","type":"image\/png"}],"twitter_misc":{"Preis":"&euro;19,95","Verf\u00fcgbarkeit":"Auf Lager"},"schema":{"@context":"https:\/\/schema.org","@graph":[{"@type":"WebPage","@id":"https:\/\/www.oudadl.testontwikkeling.nl\/product\/hella-led-markeringslamp-wit-8-28v\/","url":"https:\/\/www.oudadl.testontwikkeling.nl\/product\/hella-led-markeringslamp-wit-8-28v\/","name":"Hella LED Begrenzungsleuchte wei\u00df - All Day Led - f\u00fcr 12&amp;24 Volt","isPartOf":{"@id":"https:\/\/www.oudadl.testontwikkeling.nl\/#website"},"primaryImageOfPage":{"@id":"https:\/\/www.oudadl.testontwikkeling.nl\/product\/hella-led-markeringslamp-wit-8-28v\/#primaryimage"},"image":{"@id":"https:\/\/www.oudadl.testontwikkeling.nl\/product\/hella-led-markeringslamp-wit-8-28v\/#primaryimage"},"thumbnailUrl":"https:\/\/www.oudadl.testontwikkeling.nl\/wp-content\/uploads\/2020\/03\/ADL590-202-1..png","datePublished":"2020-03-18T13:00:53+00:00","dateModified":"2025-12-04T08:39:58+00:00","description":"Hella LED Begrenzungsleuchte wei\u00df - f\u00fcr PKW, LKW, Wohnmobil, Anh\u00e4nger und mehr - Hella 2PF 959 590-202 Lampe - pro St\u00fcck erh\u00e4ltlich","breadcrumb":{"@id":"https:\/\/www.oudadl.testontwikkeling.nl\/product\/hella-led-markeringslamp-wit-8-28v\/#breadcrumb"},"inLanguage":"de","potentialAction":[{"@type":"ReadAction","target":["https:\/\/www.oudadl.testontwikkeling.nl\/product\/hella-led-markeringslamp-wit-8-28v\/"]}]},{"@type":"ImageObject","inLanguage":"de","@id":"https:\/\/www.oudadl.testontwikkeling.nl\/product\/hella-led-markeringslamp-wit-8-28v\/#primaryimage","url":"https:\/\/www.oudadl.testontwikkeling.nl\/wp-content\/uploads\/2020\/03\/ADL590-202-1..png","contentUrl":"https:\/\/www.oudadl.testontwikkeling.nl\/wp-content\/uploads\/2020\/03\/ADL590-202-1..png","width":800,"height":600,"caption":"Hella LED markeringslamp WIT inbouw - voor 12 en 24 volt - Hella artikel: 2PF 959 590-202 - EAN: 4082300305234"},{"@type":"BreadcrumbList","@id":"https:\/\/www.oudadl.testontwikkeling.nl\/product\/hella-led-markeringslamp-wit-8-28v\/#breadcrumb","itemListElement":[{"@type":"ListItem","position":1,"name":"Home","item":"https:\/\/www.oudadl.testontwikkeling.nl\/"},{"@type":"ListItem","position":2,"name":"Shop","item":"https:\/\/www.oudadl.testontwikkeling.nl\/de\/shop\/"},{"@type":"ListItem","position":3,"name":"Positielampen","item":"https:\/\/www.oudadl.testontwikkeling.nl\/product-categorie\/positielampen\/"},{"@type":"ListItem","position":4,"name":"Markeringslampen","item":"https:\/\/www.oudadl.testontwikkeling.nl\/product-categorie\/positielampen\/markeringslampen\/"},{"@type":"ListItem","position":5,"name":"Hella LED markeringslamp wit &#8211; helder"}]},{"@type":"WebSite","@id":"https:\/\/www.oudadl.testontwikkeling.nl\/#website","url":"https:\/\/www.oudadl.testontwikkeling.nl\/","name":"All Day Led","description":"","publisher":{"@id":"https:\/\/www.oudadl.testontwikkeling.nl\/#organization"},"potentialAction":[{"@type":"SearchAction","target":{"@type":"EntryPoint","urlTemplate":"https:\/\/www.oudadl.testontwikkeling.nl\/?s={search_term_string}"},"query-input":{"@type":"PropertyValueSpecification","valueRequired":true,"valueName":"search_term_string"}}],"inLanguage":"de"},{"@type":"Organization","@id":"https:\/\/www.oudadl.testontwikkeling.nl\/#organization","name":"All Day Led","url":"https:\/\/www.oudadl.testontwikkeling.nl\/","logo":{"@type":"ImageObject","inLanguage":"de","@id":"https:\/\/www.oudadl.testontwikkeling.nl\/#\/schema\/logo\/image\/","url":"https:\/\/www.oudadl.testontwikkeling.nl\/wp-content\/uploads\/2022\/08\/Logo-ALL-DAY-LED-800x800-zwart-witte-letters.png","contentUrl":"https:\/\/www.oudadl.testontwikkeling.nl\/wp-content\/uploads\/2022\/08\/Logo-ALL-DAY-LED-800x800-zwart-witte-letters.png","width":800,"height":800,"caption":"All Day Led"},"image":{"@id":"https:\/\/www.oudadl.testontwikkeling.nl\/#\/schema\/logo\/image\/"},"sameAs":["https:\/\/www.facebook.com\/alldayled\/","https:\/\/www.instagram.com\/alldayled\/"],"vatID":"NL863960133B01","taxID":"86416545","hasMerchantReturnPolicy":{"@type":"MerchantReturnPolicy","merchantReturnLink":"https:\/\/www.oudadl.testontwikkeling.nl\/de\/verzenden-retourneren\/"}}]},"product_brand":"Hella","product_price_amount":"19.95","product_price_currency":"EUR","og_availability":"instock","product_availability":"instock","product_retailer_item_id":"ADL35201","product_condition":"new"},"_links":{"self":[{"href":"https:\/\/www.oudadl.testontwikkeling.nl\/de\/wp-json\/wp\/v2\/product\/6095","targetHints":{"allow":["GET"]}}],"collection":[{"href":"https:\/\/www.oudadl.testontwikkeling.nl\/de\/wp-json\/wp\/v2\/product"}],"about":[{"href":"https:\/\/www.oudadl.testontwikkeling.nl\/de\/wp-json\/wp\/v2\/types\/product"}],"replies":[{"embeddable":true,"href":"https:\/\/www.oudadl.testontwikkeling.nl\/de\/wp-json\/wp\/v2\/comments?post=6095"}],"wp:featuredmedia":[{"embeddable":true,"href":"https:\/\/www.oudadl.testontwikkeling.nl\/de\/wp-json\/wp\/v2\/media\/19004"}],"wp:attachment":[{"href":"https:\/\/www.oudadl.testontwikkeling.nl\/de\/wp-json\/wp\/v2\/media?parent=6095"}],"wp:term":[{"taxonomy":"product_brand","embeddable":true,"href":"https:\/\/www.oudadl.testontwikkeling.nl\/de\/wp-json\/wp\/v2\/product_brand?post=6095"},{"taxonomy":"product_cat","embeddable":true,"href":"https:\/\/www.oudadl.testontwikkeling.nl\/de\/wp-json\/wp\/v2\/product_cat?post=6095"},{"taxonomy":"product_tag","embeddable":true,"href":"https:\/\/www.oudadl.testontwikkeling.nl\/de\/wp-json\/wp\/v2\/product_tag?post=6095"}],"curies":[{"name":"wp","href":"https:\/\/api.w.org\/{rel}","templated":true}]}}