{"id":6071,"date":"2020-07-01T11:55:49","date_gmt":"2020-07-01T09:55:49","guid":{"rendered":"https:\/\/www.oudadl.testontwikkeling.nl\/product\/import-placeholder-for-235009\/"},"modified":"2025-12-10T08:55:35","modified_gmt":"2025-12-10T07:55:35","slug":"t10-led-ambergelb-24v-10-stuck","status":"publish","type":"product","link":"https:\/\/www.oudadl.testontwikkeling.nl\/de\/product\/t10-led-ambergeel-24v-10-stuks\/","title":{"rendered":"T10 LED ambergelb 24V (10 St\u00fcck)"},"content":{"rendered":"<p><span style=\"color: #000000\"><strong>T10 LED Lampe ambergelb, geeignet f\u00fcr 24 Volt.\u00a0<\/strong><\/span><\/p>\n<p><span style=\"color: #000000\">Suchen Sie eine budgetfreundliche LED-Lampe, die Sie gegen Ihre original montierte T10-Halogenlampe austauschen k\u00f6nnen? Dann ist diese bernsteinfarbene T10 LED-Lampe m\u00f6glicherweise die Lampe, nach der Sie suchen. Die LED Leuchte ist mit 5 LED best\u00fcckt und wird pro Set zu 10 St\u00fcck geliefert. Die 5 LED sorgen daf\u00fcr, dass die Lampe rundum leuchtet. Diese LED-Lampe hat eine Lichtleistung, die Sie mit einer 5-Watt-Halogenlampe vergleichen k\u00f6nnen. Sie k\u00f6nnen die Lampe T10 LED Bernsteingelb nur an 24 Volt verwenden. Dies bedeutet, dass Sie diese LED-Lampe beispielsweise in Ihrem LKW, Wohnmobil oder Anh\u00e4nger verwenden k\u00f6nnen. Um sicherzustellen, dass die gelbe LED-Gl\u00fchlampe passt, sollte die urspr\u00fcnglich eingebaute Gl\u00fchbirne genau der Abbildung 3 entsprechen. Wenn sie nicht \u00fcbereinstimmt, wird die LED Lampe wahrscheinlich nicht passen.<\/span><\/p>\n<p><span style=\"color: #000000\">Um sicherzustellen, dass diese T10 LED Lampe bernsteingelb f\u00fcr Ihr Fahrzeug oder Ihren Anh\u00e4nger geeignet ist, haben wir nachfolgend einige Spezifikationen aufgeschrieben. All dies, um Ihnen klar zu machen, warum dies m\u00f6glicherweise die T10 LED-Lampe ist, nach der Sie suchen. Diese LED-Lampe verf\u00fcgt unter anderem \u00fcber das ECE R10-G\u00fctezeichen. Dieses G\u00fctesiegel bedeutet, dass die Lampe beim Einschalten keine St\u00f6rungen, beispielsweise bei Ihrem Funksignal, verursacht. Die LED-Lampe kann auch bis 28 Volt verwendet werden, wodurch die LED-Lampe vor Spannungsspitzen gesch\u00fctzt ist, die beim Starten Ihres Fahrzeugs auftreten k\u00f6nnen. Kurz gesagt handelt es sich um eine hervorragende gelbe Ersatzlampe LED, die als Innenbeleuchtung f\u00fcr Ihren LKW oder Anh\u00e4nger dienen kann.\u00a0<\/span><\/p>\n<h5><span style=\"color: #000000\"><strong>Installation der T10 LED Lampe:<\/strong><\/span><\/h5>\n<p><span style=\"color: #000000\">Um diese T10 LED Lampe gelb gelb 24V zu installieren, m\u00fcssen Sie die folgenden Schritte ausf\u00fchren:<\/span><\/p>\n<ol>\n<li><span style=\"color: #000000\">Schalten Sie die Beleuchtung Ihres Fahrzeugs aus.<\/span><\/li>\n<li><span style=\"color: #000000\">Nehmen Sie die alte 5W5 (Bild 3) Halogenlampe heraus.<\/span><\/li>\n<li><span style=\"color: #000000\">Setzen Sie die Lampe T10 LED bernsteingelb in die Halterung ein.<\/span><\/li>\n<li><span style=\"color: #000000\">Schalten Sie die Beleuchtung Ihres Fahrzeugs ein und pr\u00fcfen Sie, ob die Lampe LED funktioniert. Die Lampe funktioniert nicht? Dann drehen Sie es eine viertel Umdrehung.<\/span><\/li>\n<li><span style=\"color: #000000\">Die Beleuchtung ist jetzt betriebsbereit.<\/span><\/li>\n<\/ol>\n<p><span style=\"color: #000000\"><em>Bitte beachten Sie, dass diese LED-Lampen nicht CAN-Bus-sicher sind. Dies bedeutet, dass diese Lampe eine defekte Lampe auf Ihrem Armaturenbrett melden kann. Dies gilt haupts\u00e4chlich f\u00fcr neuere Pkw-Modelle, LKWs werden h\u00e4ufig ausgeschlossen. Zus\u00e4tzliche Lampen wie Scheinwerfer oder Oberlichter sind ebenfalls vom CAN-Bus-System ausgeschlossen.\u00a0<\/em><\/span><\/p>\n<h5><span style=\"color: #000000\"><strong>Andere Farben:<\/strong><\/span><\/h5>\n<p><span style=\"color: #000000\">Sie m\u00f6chten die Vorteilsverpackung nutzen? Aber ist die T10-Lampe in der Farbe Bernsteingelb nicht das, wonach Sie suchen? Sehen Sie sich die anderen verf\u00fcgbaren Farben unten an:<\/span><\/p>\n<ul>\n<li><span style=\"color: #000000\"><strong><a style=\"color: #000000\" href=\"https:\/\/www.oudadl.testontwikkeling.nl\/de\/produkt\/t10-led-weis-24-10-stuck\/\">T10 Vorteilspack klar wei\u00df 24 Volt<\/a><\/strong><\/span><\/li>\n<li><span style=\"color: #000000\"><a style=\"color: #000000\" href=\"https:\/\/www.oudadl.testontwikkeling.nl\/de\/produkt\/t10-led-warm-weis-24-10-stuck\/\"><strong>Vorteilspack T10 warm wei\u00df 24 Volt<\/strong><\/a><\/span><\/li>\n<li><span style=\"color: #000000\"><strong><a style=\"color: #000000\" href=\"https:\/\/www.oudadl.testontwikkeling.nl\/de\/produkt\/t10-led-rot-24v-10-stuck\/\">T10 Vorteilspack T10 rot 24 Volt<\/a><\/strong><\/span><\/li>\n<li><span style=\"color: #000000\"><strong><a style=\"color: #000000\" href=\"https:\/\/www.oudadl.testontwikkeling.nl\/de\/produkt\/t10-led-grun-24v-10-stuck\/\">Vorteilspack T10 gr\u00fcn 24 Volt<\/a><\/strong><\/span><\/li>\n<li><span style=\"color: #000000\"><strong><a style=\"color: #000000\" href=\"https:\/\/www.oudadl.testontwikkeling.nl\/de\/produkt\/t10-led-blau-24v-10-stuck\/\">T10 Vorteilspack blau 24 Volt<\/a><\/strong><\/span><span style=\"color: #000000\"><strong><br \/>\n<\/strong><\/span><\/li>\n<\/ul>\n<h5><span style=\"color: #000000\"><strong>Warum hat diese T10 LED-Lampe kein E-Zeichen:<\/strong><\/span><\/h5>\n<p><span style=\"color: #000000\">Ersatzlampen m\u00fcssen den europ\u00e4ischen Normen f\u00fcr Sicherheit, Wasserdichtigkeit und Kurzschlussverh\u00fctung (ECE-R37) entsprechen. Diese Standards basieren auf der Gl\u00fchlampe und der Halogenlampe der Vergangenheit. LED-Ersatzlampen k\u00f6nnen diese Standards nicht erf\u00fcllen. Der Grund ist, dass kein Filament darin ist. Infolgedessen erh\u00e4lt diese LED-Lampe nicht das ECE R37-Qualit\u00e4tszeichen und darf daher nicht offiziell auf \u00f6ffentlichen Stra\u00dfen verwendet werden. Sie k\u00f6nnen diese 24-V-Lampe T10 LED in Gelbgelb verwenden, z. B. in Ihrem eigenen Gel\u00e4nde oder im Rennsport.\u00a0<\/span><\/p>","protected":false},"excerpt":{"rendered":"<p>T10 LED lamp ambergeel, geschikt voor 24 volt gebruik.\u00a0 Bent u opzoek naar een budget vriendelijke LED lamp die u kunt wisselen voor uw origineel gemonteerde T10 halogeen lamp? Dan is deze ambergele T10 LED lamp wellicht d\u00e9 lamp waar u naar op zoek bent. De LED lamp is voorzien van 5 LED&#8217;s en word [&hellip;]<\/p>\n","protected":false},"featured_media":24165,"comment_status":"open","ping_status":"closed","template":"","meta":{"_acf_changed":false,"site-sidebar-layout":"default","site-content-layout":"default","ast-site-content-layout":"default","site-content-style":"default","site-sidebar-style":"default","ast-global-header-display":"","ast-banner-title-visibility":"","ast-main-header-display":"","ast-hfb-above-header-display":"","ast-hfb-below-header-display":"","ast-hfb-mobile-header-display":"","site-post-title":"","ast-breadcrumbs-content":"","ast-featured-img":"","footer-sml-layout":"","ast-disable-related-posts":"","theme-transparent-header-meta":"default","adv-header-id-meta":"","stick-header-meta":"","header-above-stick-meta":"","header-main-stick-meta":"","header-below-stick-meta":"","astra-migrate-meta-layouts":"set","ast-page-background-enabled":"default","ast-page-background-meta":{"desktop":{"background-color":"","background-image":"","background-repeat":"repeat","background-position":"center center","background-size":"auto","background-attachment":"scroll","background-type":"","background-media":"","overlay-type":"","overlay-color":"","overlay-opacity":"","overlay-gradient":""},"tablet":{"background-color":"","background-image":"","background-repeat":"repeat","background-position":"center center","background-size":"auto","background-attachment":"scroll","background-type":"","background-media":"","overlay-type":"","overlay-color":"","overlay-opacity":"","overlay-gradient":""},"mobile":{"background-color":"","background-image":"","background-repeat":"repeat","background-position":"center center","background-size":"auto","background-attachment":"scroll","background-type":"","background-media":"","overlay-type":"","overlay-color":"","overlay-opacity":"","overlay-gradient":""}},"ast-content-background-meta":{"desktop":{"background-color":"var(--ast-global-color-5)","background-image":"","background-repeat":"repeat","background-position":"center center","background-size":"auto","background-attachment":"scroll","background-type":"","background-media":"","overlay-type":"","overlay-color":"","overlay-opacity":"","overlay-gradient":""},"tablet":{"background-color":"var(--ast-global-color-5)","background-image":"","background-repeat":"repeat","background-position":"center center","background-size":"auto","background-attachment":"scroll","background-type":"","background-media":"","overlay-type":"","overlay-color":"","overlay-opacity":"","overlay-gradient":""},"mobile":{"background-color":"var(--ast-global-color-5)","background-image":"","background-repeat":"repeat","background-position":"center center","background-size":"auto","background-attachment":"scroll","background-type":"","background-media":"","overlay-type":"","overlay-color":"","overlay-opacity":"","overlay-gradient":""}}},"product_brand":[],"product_cat":[221,220,207],"product_tag":[1961,3835,3836,3810],"class_list":{"0":"post-6071","1":"product","2":"type-product","3":"status-publish","4":"has-post-thumbnail","6":"product_cat-t10-led-24v","7":"product_cat-verlichting-24-volt","8":"product_cat-verlichting-vrachtwagen","9":"product_tag-cabine-verlichting","10":"product_tag-t10-led-ambergeel-24-volt","11":"product_tag-t10-led-lamp-24-volt-ambergeel","12":"product_tag-vrachtwagen-verlichting-24-volt","13":"pa_merkk-product-all-day-led","14":"desktop-align-left","15":"tablet-align-left","16":"mobile-align-left","18":"first","19":"instock","20":"taxable","21":"shipping-taxable","22":"purchasable","23":"product-type-simple"},"acf":[],"yoast_head":"<!-- This site is optimized with the Yoast SEO Premium plugin v25.9 (Yoast SEO v27.6) - https:\/\/yoast.com\/product\/yoast-seo-premium-wordpress\/ -->\n<title>T10 LED ambergeel 24V (10 stuks) - All Day Led - voor truck &amp; trailer<\/title>\n<meta name=\"description\" content=\"T10 LED ambergeel 24V - voordeelverpakking gele LED lampen - vrachtwagen stadslicht - 24 volt T10 LED lampen - snel leverbaar\" \/>\n<meta name=\"robots\" content=\"noindex, follow, max-snippet:-1, max-image-preview:large, max-video-preview:-1\" \/>\n<meta property=\"og:locale\" content=\"de_DE\" \/>\n<meta property=\"og:type\" content=\"article\" \/>\n<meta property=\"og:title\" content=\"T10 LED ambergeel 24V (10 stuks) - All Day Led - voor truck &amp; trailer\" \/>\n<meta property=\"og:description\" content=\"T10 LED ambergeel 24V - voordeelverpakking gele LED lampen - vrachtwagen stadslicht - 24 volt T10 LED lampen - snel leverbaar\" \/>\n<meta property=\"og:url\" content=\"https:\/\/www.oudadl.testontwikkeling.nl\/de\/produkt\/t10-led-ambergelb-24v-10-stuck\/\" \/>\n<meta property=\"og:site_name\" content=\"All Day Led\" \/>\n<meta property=\"article:publisher\" content=\"https:\/\/www.facebook.com\/alldayled\/\" \/>\n<meta property=\"article:modified_time\" content=\"2025-12-10T07:55:35+00:00\" \/>\n<meta property=\"og:image\" content=\"https:\/\/www.oudadl.testontwikkeling.nl\/wp-content\/uploads\/2020\/07\/ADL50510.-AG-2.png\" \/>\n\t<meta property=\"og:image:width\" content=\"800\" \/>\n\t<meta property=\"og:image:height\" content=\"600\" \/>\n\t<meta property=\"og:image:type\" content=\"image\/png\" \/>\n<meta name=\"twitter:label1\" content=\"Preis\" \/>\n\t<meta name=\"twitter:data1\" content=\"&euro;14,95\" \/>\n\t<meta name=\"twitter:label2\" content=\"Verf\u00fcgbarkeit\" \/>\n\t<meta name=\"twitter:data2\" content=\"Auf Lager\" \/>\n<script type=\"application\/ld+json\" class=\"yoast-schema-graph\">{\"@context\":\"https:\\\/\\\/schema.org\",\"@graph\":[{\"@type\":\"WebPage\",\"@id\":\"https:\\\/\\\/www.oudadl.testontwikkeling.nl\\\/product\\\/t10-led-ambergeel-24v-10-stuks\\\/\",\"url\":\"https:\\\/\\\/www.oudadl.testontwikkeling.nl\\\/product\\\/t10-led-ambergeel-24v-10-stuks\\\/\",\"name\":\"T10 LED ambergeel 24V (10 stuks) - All Day Led - voor truck & trailer\",\"isPartOf\":{\"@id\":\"https:\\\/\\\/www.oudadl.testontwikkeling.nl\\\/#website\"},\"primaryImageOfPage\":{\"@id\":\"https:\\\/\\\/www.oudadl.testontwikkeling.nl\\\/product\\\/t10-led-ambergeel-24v-10-stuks\\\/#primaryimage\"},\"image\":{\"@id\":\"https:\\\/\\\/www.oudadl.testontwikkeling.nl\\\/product\\\/t10-led-ambergeel-24v-10-stuks\\\/#primaryimage\"},\"thumbnailUrl\":\"https:\\\/\\\/www.oudadl.testontwikkeling.nl\\\/wp-content\\\/uploads\\\/2020\\\/07\\\/ADL50510.-AG..png\",\"datePublished\":\"2020-07-01T09:55:49+00:00\",\"dateModified\":\"2025-12-10T07:55:35+00:00\",\"description\":\"T10 LED ambergeel 24V - voordeelverpakking gele LED lampen - vrachtwagen stadslicht - 24 volt T10 LED lampen - snel leverbaar\",\"breadcrumb\":{\"@id\":\"https:\\\/\\\/www.oudadl.testontwikkeling.nl\\\/product\\\/t10-led-ambergeel-24v-10-stuks\\\/#breadcrumb\"},\"inLanguage\":\"de\",\"potentialAction\":[{\"@type\":\"ReadAction\",\"target\":[\"https:\\\/\\\/www.oudadl.testontwikkeling.nl\\\/product\\\/t10-led-ambergeel-24v-10-stuks\\\/\"]}]},{\"@type\":\"ImageObject\",\"inLanguage\":\"de\",\"@id\":\"https:\\\/\\\/www.oudadl.testontwikkeling.nl\\\/product\\\/t10-led-ambergeel-24v-10-stuks\\\/#primaryimage\",\"url\":\"https:\\\/\\\/www.oudadl.testontwikkeling.nl\\\/wp-content\\\/uploads\\\/2020\\\/07\\\/ADL50510.-AG..png\",\"contentUrl\":\"https:\\\/\\\/www.oudadl.testontwikkeling.nl\\\/wp-content\\\/uploads\\\/2020\\\/07\\\/ADL50510.-AG..png\",\"width\":800,\"height\":600,\"caption\":\"T10 led lamp ambergeel 24V - voordeelverpakking 10 stuks - voor 24 volt gebruik - EAN: 6090537048037\"},{\"@type\":\"BreadcrumbList\",\"@id\":\"https:\\\/\\\/www.oudadl.testontwikkeling.nl\\\/product\\\/t10-led-ambergeel-24v-10-stuks\\\/#breadcrumb\",\"itemListElement\":[{\"@type\":\"ListItem\",\"position\":1,\"name\":\"Home\",\"item\":\"https:\\\/\\\/www.oudadl.testontwikkeling.nl\\\/\"},{\"@type\":\"ListItem\",\"position\":2,\"name\":\"Shop\",\"item\":\"https:\\\/\\\/www.oudadl.testontwikkeling.nl\\\/de\\\/shop\\\/\"},{\"@type\":\"ListItem\",\"position\":3,\"name\":\"Verlichting\",\"item\":\"https:\\\/\\\/www.oudadl.testontwikkeling.nl\\\/product-categorie\\\/verlichting\\\/\"},{\"@type\":\"ListItem\",\"position\":4,\"name\":\"Verlichting 24 Volt\",\"item\":\"https:\\\/\\\/www.oudadl.testontwikkeling.nl\\\/product-categorie\\\/verlichting\\\/verlichting-24-volt\\\/\"},{\"@type\":\"ListItem\",\"position\":5,\"name\":\"T10 24 Volt\",\"item\":\"https:\\\/\\\/www.oudadl.testontwikkeling.nl\\\/product-categorie\\\/verlichting\\\/verlichting-24-volt\\\/t10-led-24v\\\/\"},{\"@type\":\"ListItem\",\"position\":6,\"name\":\"T10 LED ambergeel 24V (10 stuks)\"}]},{\"@type\":\"WebSite\",\"@id\":\"https:\\\/\\\/www.oudadl.testontwikkeling.nl\\\/#website\",\"url\":\"https:\\\/\\\/www.oudadl.testontwikkeling.nl\\\/\",\"name\":\"All Day Led\",\"description\":\"\",\"publisher\":{\"@id\":\"https:\\\/\\\/www.oudadl.testontwikkeling.nl\\\/#organization\"},\"potentialAction\":[{\"@type\":\"SearchAction\",\"target\":{\"@type\":\"EntryPoint\",\"urlTemplate\":\"https:\\\/\\\/www.oudadl.testontwikkeling.nl\\\/?s={search_term_string}\"},\"query-input\":{\"@type\":\"PropertyValueSpecification\",\"valueRequired\":true,\"valueName\":\"search_term_string\"}}],\"inLanguage\":\"de\"},{\"@type\":\"Organization\",\"@id\":\"https:\\\/\\\/www.oudadl.testontwikkeling.nl\\\/#organization\",\"name\":\"All Day Led\",\"url\":\"https:\\\/\\\/www.oudadl.testontwikkeling.nl\\\/\",\"logo\":{\"@type\":\"ImageObject\",\"inLanguage\":\"de\",\"@id\":\"https:\\\/\\\/www.oudadl.testontwikkeling.nl\\\/#\\\/schema\\\/logo\\\/image\\\/\",\"url\":\"https:\\\/\\\/www.oudadl.testontwikkeling.nl\\\/wp-content\\\/uploads\\\/2022\\\/08\\\/Logo-ALL-DAY-LED-800x800-zwart-witte-letters.png\",\"contentUrl\":\"https:\\\/\\\/www.oudadl.testontwikkeling.nl\\\/wp-content\\\/uploads\\\/2022\\\/08\\\/Logo-ALL-DAY-LED-800x800-zwart-witte-letters.png\",\"width\":800,\"height\":800,\"caption\":\"All Day Led\"},\"image\":{\"@id\":\"https:\\\/\\\/www.oudadl.testontwikkeling.nl\\\/#\\\/schema\\\/logo\\\/image\\\/\"},\"sameAs\":[\"https:\\\/\\\/www.facebook.com\\\/alldayled\\\/\",\"https:\\\/\\\/www.instagram.com\\\/alldayled\\\/\"],\"vatID\":\"NL863960133B01\",\"taxID\":\"86416545\",\"hasMerchantReturnPolicy\":{\"@type\":\"MerchantReturnPolicy\",\"merchantReturnLink\":\"https:\\\/\\\/www.oudadl.testontwikkeling.nl\\\/de\\\/verzenden-retourneren\\\/\"}}]}<\/script>\n<meta property=\"product:brand\" content=\"All Day Led\" \/>\n<meta property=\"product:price:amount\" content=\"14.95\" \/>\n<meta property=\"product:price:currency\" content=\"EUR\" \/>\n<meta property=\"og:availability\" content=\"instock\" \/>\n<meta property=\"product:availability\" content=\"instock\" \/>\n<meta property=\"product:retailer_item_id\" content=\"ADL50510-AG\" \/>\n<meta property=\"product:condition\" content=\"new\" \/>\n<!-- \/ Yoast SEO Premium plugin. -->","yoast_head_json":{"title":"T10 LED ambergelb 24V (10 St\u00fcck) - All Day LED - f\u00fcr LKW &amp; Anh\u00e4nger","description":"T10 LED ambergelb 24V - Rabattpaket gelb LED Lampen - LKW-Standlicht - 24 Volt T10 LED Lampen - schnell verf\u00fcgbar","robots":{"index":"noindex","follow":"follow","max-snippet":"max-snippet:-1","max-image-preview":"max-image-preview:large","max-video-preview":"max-video-preview:-1"},"og_locale":"de_DE","og_type":"article","og_title":"T10 LED ambergeel 24V (10 stuks) - All Day Led - voor truck & trailer","og_description":"T10 LED ambergeel 24V - voordeelverpakking gele LED lampen - vrachtwagen stadslicht - 24 volt T10 LED lampen - snel leverbaar","og_url":"https:\/\/www.oudadl.testontwikkeling.nl\/de\/produkt\/t10-led-ambergelb-24v-10-stuck\/","og_site_name":"All Day Led","article_publisher":"https:\/\/www.facebook.com\/alldayled\/","article_modified_time":"2025-12-10T07:55:35+00:00","og_image":[{"width":800,"height":600,"url":"https:\/\/www.oudadl.testontwikkeling.nl\/wp-content\/uploads\/2020\/07\/ADL50510.-AG-2.png","type":"image\/png"}],"twitter_misc":{"Preis":"&euro;14,95","Verf\u00fcgbarkeit":"Auf Lager"},"schema":{"@context":"https:\/\/schema.org","@graph":[{"@type":"WebPage","@id":"https:\/\/www.oudadl.testontwikkeling.nl\/product\/t10-led-ambergeel-24v-10-stuks\/","url":"https:\/\/www.oudadl.testontwikkeling.nl\/product\/t10-led-ambergeel-24v-10-stuks\/","name":"T10 LED ambergelb 24V (10 St\u00fcck) - All Day LED - f\u00fcr LKW &amp; Anh\u00e4nger","isPartOf":{"@id":"https:\/\/www.oudadl.testontwikkeling.nl\/#website"},"primaryImageOfPage":{"@id":"https:\/\/www.oudadl.testontwikkeling.nl\/product\/t10-led-ambergeel-24v-10-stuks\/#primaryimage"},"image":{"@id":"https:\/\/www.oudadl.testontwikkeling.nl\/product\/t10-led-ambergeel-24v-10-stuks\/#primaryimage"},"thumbnailUrl":"https:\/\/www.oudadl.testontwikkeling.nl\/wp-content\/uploads\/2020\/07\/ADL50510.-AG..png","datePublished":"2020-07-01T09:55:49+00:00","dateModified":"2025-12-10T07:55:35+00:00","description":"T10 LED ambergelb 24V - Rabattpaket gelb LED Lampen - LKW-Standlicht - 24 Volt T10 LED Lampen - schnell verf\u00fcgbar","breadcrumb":{"@id":"https:\/\/www.oudadl.testontwikkeling.nl\/product\/t10-led-ambergeel-24v-10-stuks\/#breadcrumb"},"inLanguage":"de","potentialAction":[{"@type":"ReadAction","target":["https:\/\/www.oudadl.testontwikkeling.nl\/product\/t10-led-ambergeel-24v-10-stuks\/"]}]},{"@type":"ImageObject","inLanguage":"de","@id":"https:\/\/www.oudadl.testontwikkeling.nl\/product\/t10-led-ambergeel-24v-10-stuks\/#primaryimage","url":"https:\/\/www.oudadl.testontwikkeling.nl\/wp-content\/uploads\/2020\/07\/ADL50510.-AG..png","contentUrl":"https:\/\/www.oudadl.testontwikkeling.nl\/wp-content\/uploads\/2020\/07\/ADL50510.-AG..png","width":800,"height":600,"caption":"T10 led lamp ambergeel 24V - voordeelverpakking 10 stuks - voor 24 volt gebruik - EAN: 6090537048037"},{"@type":"BreadcrumbList","@id":"https:\/\/www.oudadl.testontwikkeling.nl\/product\/t10-led-ambergeel-24v-10-stuks\/#breadcrumb","itemListElement":[{"@type":"ListItem","position":1,"name":"Home","item":"https:\/\/www.oudadl.testontwikkeling.nl\/"},{"@type":"ListItem","position":2,"name":"Shop","item":"https:\/\/www.oudadl.testontwikkeling.nl\/de\/shop\/"},{"@type":"ListItem","position":3,"name":"Verlichting","item":"https:\/\/www.oudadl.testontwikkeling.nl\/product-categorie\/verlichting\/"},{"@type":"ListItem","position":4,"name":"Verlichting 24 Volt","item":"https:\/\/www.oudadl.testontwikkeling.nl\/product-categorie\/verlichting\/verlichting-24-volt\/"},{"@type":"ListItem","position":5,"name":"T10 24 Volt","item":"https:\/\/www.oudadl.testontwikkeling.nl\/product-categorie\/verlichting\/verlichting-24-volt\/t10-led-24v\/"},{"@type":"ListItem","position":6,"name":"T10 LED ambergeel 24V (10 stuks)"}]},{"@type":"WebSite","@id":"https:\/\/www.oudadl.testontwikkeling.nl\/#website","url":"https:\/\/www.oudadl.testontwikkeling.nl\/","name":"All Day Led","description":"","publisher":{"@id":"https:\/\/www.oudadl.testontwikkeling.nl\/#organization"},"potentialAction":[{"@type":"SearchAction","target":{"@type":"EntryPoint","urlTemplate":"https:\/\/www.oudadl.testontwikkeling.nl\/?s={search_term_string}"},"query-input":{"@type":"PropertyValueSpecification","valueRequired":true,"valueName":"search_term_string"}}],"inLanguage":"de"},{"@type":"Organization","@id":"https:\/\/www.oudadl.testontwikkeling.nl\/#organization","name":"All Day Led","url":"https:\/\/www.oudadl.testontwikkeling.nl\/","logo":{"@type":"ImageObject","inLanguage":"de","@id":"https:\/\/www.oudadl.testontwikkeling.nl\/#\/schema\/logo\/image\/","url":"https:\/\/www.oudadl.testontwikkeling.nl\/wp-content\/uploads\/2022\/08\/Logo-ALL-DAY-LED-800x800-zwart-witte-letters.png","contentUrl":"https:\/\/www.oudadl.testontwikkeling.nl\/wp-content\/uploads\/2022\/08\/Logo-ALL-DAY-LED-800x800-zwart-witte-letters.png","width":800,"height":800,"caption":"All Day Led"},"image":{"@id":"https:\/\/www.oudadl.testontwikkeling.nl\/#\/schema\/logo\/image\/"},"sameAs":["https:\/\/www.facebook.com\/alldayled\/","https:\/\/www.instagram.com\/alldayled\/"],"vatID":"NL863960133B01","taxID":"86416545","hasMerchantReturnPolicy":{"@type":"MerchantReturnPolicy","merchantReturnLink":"https:\/\/www.oudadl.testontwikkeling.nl\/de\/verzenden-retourneren\/"}}]},"product_brand":"All Day Led","product_price_amount":"14.95","product_price_currency":"EUR","og_availability":"instock","product_availability":"instock","product_retailer_item_id":"ADL50510-AG","product_condition":"new"},"_links":{"self":[{"href":"https:\/\/www.oudadl.testontwikkeling.nl\/de\/wp-json\/wp\/v2\/product\/6071","targetHints":{"allow":["GET"]}}],"collection":[{"href":"https:\/\/www.oudadl.testontwikkeling.nl\/de\/wp-json\/wp\/v2\/product"}],"about":[{"href":"https:\/\/www.oudadl.testontwikkeling.nl\/de\/wp-json\/wp\/v2\/types\/product"}],"replies":[{"embeddable":true,"href":"https:\/\/www.oudadl.testontwikkeling.nl\/de\/wp-json\/wp\/v2\/comments?post=6071"}],"wp:featuredmedia":[{"embeddable":true,"href":"https:\/\/www.oudadl.testontwikkeling.nl\/de\/wp-json\/wp\/v2\/media\/24165"}],"wp:attachment":[{"href":"https:\/\/www.oudadl.testontwikkeling.nl\/de\/wp-json\/wp\/v2\/media?parent=6071"}],"wp:term":[{"taxonomy":"product_brand","embeddable":true,"href":"https:\/\/www.oudadl.testontwikkeling.nl\/de\/wp-json\/wp\/v2\/product_brand?post=6071"},{"taxonomy":"product_cat","embeddable":true,"href":"https:\/\/www.oudadl.testontwikkeling.nl\/de\/wp-json\/wp\/v2\/product_cat?post=6071"},{"taxonomy":"product_tag","embeddable":true,"href":"https:\/\/www.oudadl.testontwikkeling.nl\/de\/wp-json\/wp\/v2\/product_tag?post=6071"}],"curies":[{"name":"wp","href":"https:\/\/api.w.org\/{rel}","templated":true}]}}