{"id":6054,"date":"2020-08-10T15:14:46","date_gmt":"2020-08-10T13:14:46","guid":{"rendered":"https:\/\/www.oudadl.testontwikkeling.nl\/product\/import-placeholder-for-234926\/"},"modified":"2025-10-20T11:08:10","modified_gmt":"2025-10-20T09:08:10","slug":"truckled-led-arbeitsscheinwerfer-24w-12-24-volt","status":"publish","type":"product","link":"https:\/\/www.oudadl.testontwikkeling.nl\/de\/product\/truckled-led-werklamp-24w-12-24-volt\/","title":{"rendered":"TruckLED LED Arbeitsscheinwerfer 24W"},"content":{"rendered":"<p><span style=\"color: #000000;\"><strong>TruckLED LED Arbeitsscheinwerfer 24w, geeignet f\u00fcr 12 &amp; 24 Volt.\u00a0<\/strong><\/span><\/p>\n<p><span style=\"color: #000000;\">Suchen Sie eine g\u00fcnstige LED Arbeitslampe, die auch viel Licht spendet? Dann ist diese LED-Arbeitslampe der Marke TruckLED m\u00f6glicherweise die Lampe, nach der Sie suchen. Die LED Lampe ist mit 8 LED best\u00fcckt, die zusammen eine Lichtleistung von 2160 Lumen liefern. Durch die Montage der LED-Lampe an Ihrem Fahrzeug oder Anh\u00e4nger k\u00f6nnen Sie sicher sein, dass Sie eine hohe Lichtleistung bei geringem Stromverbrauch haben. So k\u00f6nnen Sie sicher sein, dass Sie nicht im Dunkeln tappen. Der TruckLED LED Arbeitsscheinwerfer 24w kann mit 12 und 24 Volt verwendet werden. Dies bedeutet, dass Sie diese LED-Lampe beispielsweise an Ihrem Auto, LKW, Anh\u00e4nger oder einem anderen Fahrzeugtyp verwenden k\u00f6nnen.\u00a0<\/span><\/p>\n<p><span style=\"color: #000000;\">Um sicherzustellen, dass der gro\u00dfe Arbeitsscheinwerfer LED f\u00fcr Ihr Fahrzeug oder Ihren Anh\u00e4nger geeignet ist. Nachfolgend haben wir einige Spezifikationen aufgeschrieben. All dies, um Ihnen klar zu machen, warum dies die LED-Arbeitslampe sein k\u00f6nnte, nach der Sie suchen. Der Arbeitsscheinwerfer LED beispielsweise tr\u00e4gt das ECE R10-G\u00fctezeichen. Dieses Qualit\u00e4tszeichen bedeutet, dass die Lampe w\u00e4hrend der Aktivierung keine St\u00f6rungen verursacht, beispielsweise auf Ihrem Funksignal. Der Arbeitsscheinwerfer TruckLED LED 24w ist ebenfalls mit dem IP67-Qualit\u00e4tszeichen versehen. Dieses Qualit\u00e4tszeichen weist darauf hin, dass die Arbeitslampe LED volledig wasserdicht ist. Um das Ganze abzurunden, wird dieser Arbeitsscheinwerfer LED mit Befestigungsmaterial aus Edelstahl geliefert.\u00a0<\/span><\/p>\n<h5><span style=\"color: #000000;\"><strong>Abmessungen:<\/strong><\/span><\/h5>\n<p><span style=\"color: #000000;\">Damit Sie die robuste Leuchte LED \u00fcberall dort montieren k\u00f6nnen, wo Sie m\u00f6chten, haben wir die Ma\u00dfe unten notiert. Die Abmessungen des Arbeitsscheinwerfers TruckLED LED 24w sind wie folgt:<\/span><\/p>\n<ul>\n<li><span style=\"color: #000000;\">H\u00f6he: 69,6 (95,9 mm inkl. Halterung)<\/span><\/li>\n<li><span style=\"color: #000000;\">Breite: 113,8 mm<\/span><\/li>\n<li><span style=\"color: #000000;\">Dicke: 56,3 mm<\/span><\/li>\n<\/ul>\n<h5><span style=\"color: #000000;\"><strong>Andere Versionen:\u00a0<\/strong><\/span><\/h5>\n<p><span style=\"color: #000000;\">Sie m\u00f6chten einen LED Arbeitsscheinwerfer der Marke TruckLED? Aber ist der TruckLED LED Arbeitsscheinwerfer 24w mit roter Linie nicht das Modell, das Sie suchen? Dann wissen Sie, dass TruckLED auch mehrere andere Modelle mit einer roten Linie anbietet. Sehen Sie sich die anderen Modelle hier an.\u00a0<\/span><\/p>\n<ul>\n<li><span style=\"color: #000000;\"><a style=\"color: #000000;\" href=\"https:\/\/www.oudadl.testontwikkeling.nl\/de\/produkt\/truckled-led-arbeitsscheinwerfer-9w-9-32-volt\/\"><strong>TruckLED Arbeitsscheinwerfer 9W flach<\/strong><\/a><\/span><\/li>\n<\/ul>\n<p><span style=\"color: #000000;\">Sind Sie immer noch der Meinung, dass der Arbeitsscheinwerfer TruckLED LED 24W nicht das ist, wonach Sie suchen? Einfach weil die Lichtleistung oder Wattzahl nicht hoch genug oder sogar zu hoch ist? Schauen Sie sich unbedingt auf unserer Seite um <a style=\"color: #000000;\" href=\"https:\/\/www.oudadl.testontwikkeling.nl\/de\/produkt-kategorie\/arbeitsscheinwerfer\/\">Arbeitsscheinwerfer<\/a>. M\u00f6glicherweise finden Sie hier das gesuchte Arbeitsscheinwerfer.\u00a0<\/span><\/p>","protected":false},"excerpt":{"rendered":"<p>TruckLED LED werklamp 24w, geschikt voor 12 &amp; 24 volt gebruik.\u00a0 Bent u opzoek naar een betaalbare LED werklamp die ook nog eens veel licht geeft? Dan is deze LED werklamp van merk TruckLED wellicht d\u00e9 lamp waar u naar op zoek bent. De LED lamp is voorzien van 8 LED&#8217;s, deze zorgen samen voor [&hellip;]<\/p>\n","protected":false},"featured_media":24781,"comment_status":"open","ping_status":"closed","template":"","meta":{"_acf_changed":false,"site-sidebar-layout":"default","site-content-layout":"default","ast-site-content-layout":"default","site-content-style":"default","site-sidebar-style":"default","ast-global-header-display":"","ast-banner-title-visibility":"","ast-main-header-display":"","ast-hfb-above-header-display":"","ast-hfb-below-header-display":"","ast-hfb-mobile-header-display":"","site-post-title":"","ast-breadcrumbs-content":"","ast-featured-img":"","footer-sml-layout":"","ast-disable-related-posts":"","theme-transparent-header-meta":"default","adv-header-id-meta":"","stick-header-meta":"","header-above-stick-meta":"","header-main-stick-meta":"","header-below-stick-meta":"","astra-migrate-meta-layouts":"set","ast-page-background-enabled":"default","ast-page-background-meta":{"desktop":{"background-color":"","background-image":"","background-repeat":"repeat","background-position":"center center","background-size":"auto","background-attachment":"scroll","background-type":"","background-media":"","overlay-type":"","overlay-color":"","overlay-opacity":"","overlay-gradient":""},"tablet":{"background-color":"","background-image":"","background-repeat":"repeat","background-position":"center center","background-size":"auto","background-attachment":"scroll","background-type":"","background-media":"","overlay-type":"","overlay-color":"","overlay-opacity":"","overlay-gradient":""},"mobile":{"background-color":"","background-image":"","background-repeat":"repeat","background-position":"center center","background-size":"auto","background-attachment":"scroll","background-type":"","background-media":"","overlay-type":"","overlay-color":"","overlay-opacity":"","overlay-gradient":""}},"ast-content-background-meta":{"desktop":{"background-color":"var(--ast-global-color-5)","background-image":"","background-repeat":"repeat","background-position":"center center","background-size":"auto","background-attachment":"scroll","background-type":"","background-media":"","overlay-type":"","overlay-color":"","overlay-opacity":"","overlay-gradient":""},"tablet":{"background-color":"var(--ast-global-color-5)","background-image":"","background-repeat":"repeat","background-position":"center center","background-size":"auto","background-attachment":"scroll","background-type":"","background-media":"","overlay-type":"","overlay-color":"","overlay-opacity":"","overlay-gradient":""},"mobile":{"background-color":"var(--ast-global-color-5)","background-image":"","background-repeat":"repeat","background-position":"center center","background-size":"auto","background-attachment":"scroll","background-type":"","background-media":"","overlay-type":"","overlay-color":"","overlay-opacity":"","overlay-gradient":""}}},"product_brand":[],"product_cat":[8151],"product_tag":[373,6593,2419,2421,2422,2423,2420,2418],"class_list":{"0":"post-6054","1":"product","2":"type-product","3":"status-publish","4":"has-post-thumbnail","6":"product_cat-werklamp-overig","7":"product_tag-led-werklamp","8":"product_tag-truckled-led-werklamp","9":"product_tag-werklamp-aanhanger","10":"product_tag-werklamp-heftruck","11":"product_tag-werklamp-kooiaap","12":"product_tag-werklamp-tractor","13":"product_tag-werklamp-trailer","14":"product_tag-werklamp-vrachtwagen","15":"pa_merkk-product-truckled","16":"desktop-align-left","17":"tablet-align-left","18":"mobile-align-left","20":"first","21":"instock","22":"taxable","23":"shipping-taxable","24":"purchasable","25":"product-type-simple"},"acf":[],"yoast_head":"<!-- This site is optimized with the Yoast SEO Premium plugin v25.9 (Yoast SEO v27.6) - https:\/\/yoast.com\/product\/yoast-seo-premium-wordpress\/ -->\n<title>TruckLED LED werklamp 24W - All Day Led - voor 12&amp;24 volt<\/title>\n<meta name=\"description\" content=\"TruckLED LED werklamp 24W - 12 &amp; 24 Volt - schokbestendig - 2160 Lumen - robuuste werklamp - vrachtwagen, tractor, aanhanger en meer\" \/>\n<meta name=\"robots\" content=\"noindex, follow, max-snippet:-1, max-image-preview:large, max-video-preview:-1\" \/>\n<meta property=\"og:locale\" content=\"de_DE\" \/>\n<meta property=\"og:type\" content=\"article\" \/>\n<meta property=\"og:title\" content=\"TruckLED LED werklamp 24W - All Day Led - voor 12&amp;24 volt\" \/>\n<meta property=\"og:description\" content=\"TruckLED LED werklamp 24W - 12 &amp; 24 Volt - schokbestendig - 2160 Lumen - robuuste werklamp - vrachtwagen, tractor, aanhanger en meer\" \/>\n<meta property=\"og:url\" content=\"https:\/\/www.oudadl.testontwikkeling.nl\/de\/produkt\/truckled-led-arbeitsscheinwerfer-24w-12-24-volt\/\" \/>\n<meta property=\"og:site_name\" content=\"All Day Led\" \/>\n<meta property=\"article:publisher\" content=\"https:\/\/www.facebook.com\/alldayled\/\" \/>\n<meta property=\"article:modified_time\" content=\"2025-10-20T09:08:10+00:00\" \/>\n<meta property=\"og:image\" content=\"https:\/\/www.oudadl.testontwikkeling.nl\/wp-content\/uploads\/2020\/08\/ADL09124.-24W-2.png\" \/>\n\t<meta property=\"og:image:width\" content=\"800\" \/>\n\t<meta property=\"og:image:height\" content=\"600\" \/>\n\t<meta property=\"og:image:type\" content=\"image\/png\" \/>\n<meta name=\"twitter:label1\" content=\"Preis\" \/>\n\t<meta name=\"twitter:data1\" content=\"&euro;25,00\" \/>\n\t<meta name=\"twitter:label2\" content=\"Verf\u00fcgbarkeit\" \/>\n\t<meta name=\"twitter:data2\" content=\"Auf Lager\" \/>\n<script type=\"application\/ld+json\" class=\"yoast-schema-graph\">{\"@context\":\"https:\\\/\\\/schema.org\",\"@graph\":[{\"@type\":\"WebPage\",\"@id\":\"https:\\\/\\\/www.oudadl.testontwikkeling.nl\\\/product\\\/truckled-led-werklamp-24w-12-24-volt\\\/\",\"url\":\"https:\\\/\\\/www.oudadl.testontwikkeling.nl\\\/product\\\/truckled-led-werklamp-24w-12-24-volt\\\/\",\"name\":\"TruckLED LED werklamp 24W - All Day Led - voor 12&24 volt\",\"isPartOf\":{\"@id\":\"https:\\\/\\\/www.oudadl.testontwikkeling.nl\\\/#website\"},\"primaryImageOfPage\":{\"@id\":\"https:\\\/\\\/www.oudadl.testontwikkeling.nl\\\/product\\\/truckled-led-werklamp-24w-12-24-volt\\\/#primaryimage\"},\"image\":{\"@id\":\"https:\\\/\\\/www.oudadl.testontwikkeling.nl\\\/product\\\/truckled-led-werklamp-24w-12-24-volt\\\/#primaryimage\"},\"thumbnailUrl\":\"https:\\\/\\\/www.oudadl.testontwikkeling.nl\\\/wp-content\\\/uploads\\\/2020\\\/08\\\/ADL09124.-24W-1.png\",\"datePublished\":\"2020-08-10T13:14:46+00:00\",\"dateModified\":\"2025-10-20T09:08:10+00:00\",\"description\":\"TruckLED LED werklamp 24W - 12 & 24 Volt - schokbestendig - 2160 Lumen - robuuste werklamp - vrachtwagen, tractor, aanhanger en meer\",\"breadcrumb\":{\"@id\":\"https:\\\/\\\/www.oudadl.testontwikkeling.nl\\\/product\\\/truckled-led-werklamp-24w-12-24-volt\\\/#breadcrumb\"},\"inLanguage\":\"de\",\"potentialAction\":[{\"@type\":\"ReadAction\",\"target\":[\"https:\\\/\\\/www.oudadl.testontwikkeling.nl\\\/product\\\/truckled-led-werklamp-24w-12-24-volt\\\/\"]}]},{\"@type\":\"ImageObject\",\"inLanguage\":\"de\",\"@id\":\"https:\\\/\\\/www.oudadl.testontwikkeling.nl\\\/product\\\/truckled-led-werklamp-24w-12-24-volt\\\/#primaryimage\",\"url\":\"https:\\\/\\\/www.oudadl.testontwikkeling.nl\\\/wp-content\\\/uploads\\\/2020\\\/08\\\/ADL09124.-24W-1.png\",\"contentUrl\":\"https:\\\/\\\/www.oudadl.testontwikkeling.nl\\\/wp-content\\\/uploads\\\/2020\\\/08\\\/ADL09124.-24W-1.png\",\"width\":800,\"height\":600,\"caption\":\"LED werklamp 24W - RECHTHOEK \\\/ VIERKANT- voor 12&24 volt gebruikt - te monteren op uw auto, vrachtwagen, aanhanger, tractor, heftruck en meer - EAN: 2000010062065\"},{\"@type\":\"BreadcrumbList\",\"@id\":\"https:\\\/\\\/www.oudadl.testontwikkeling.nl\\\/product\\\/truckled-led-werklamp-24w-12-24-volt\\\/#breadcrumb\",\"itemListElement\":[{\"@type\":\"ListItem\",\"position\":1,\"name\":\"Home\",\"item\":\"https:\\\/\\\/www.oudadl.testontwikkeling.nl\\\/\"},{\"@type\":\"ListItem\",\"position\":2,\"name\":\"Shop\",\"item\":\"https:\\\/\\\/www.oudadl.testontwikkeling.nl\\\/de\\\/shop\\\/\"},{\"@type\":\"ListItem\",\"position\":3,\"name\":\"Werklampen\",\"item\":\"https:\\\/\\\/www.oudadl.testontwikkeling.nl\\\/product-categorie\\\/werklampen\\\/\"},{\"@type\":\"ListItem\",\"position\":4,\"name\":\"Werklamp overig\",\"item\":\"https:\\\/\\\/www.oudadl.testontwikkeling.nl\\\/product-categorie\\\/werklampen\\\/werklamp-overig\\\/\"},{\"@type\":\"ListItem\",\"position\":5,\"name\":\"TruckLED LED werklamp 24W\"}]},{\"@type\":\"WebSite\",\"@id\":\"https:\\\/\\\/www.oudadl.testontwikkeling.nl\\\/#website\",\"url\":\"https:\\\/\\\/www.oudadl.testontwikkeling.nl\\\/\",\"name\":\"All Day Led\",\"description\":\"\",\"publisher\":{\"@id\":\"https:\\\/\\\/www.oudadl.testontwikkeling.nl\\\/#organization\"},\"potentialAction\":[{\"@type\":\"SearchAction\",\"target\":{\"@type\":\"EntryPoint\",\"urlTemplate\":\"https:\\\/\\\/www.oudadl.testontwikkeling.nl\\\/?s={search_term_string}\"},\"query-input\":{\"@type\":\"PropertyValueSpecification\",\"valueRequired\":true,\"valueName\":\"search_term_string\"}}],\"inLanguage\":\"de\"},{\"@type\":\"Organization\",\"@id\":\"https:\\\/\\\/www.oudadl.testontwikkeling.nl\\\/#organization\",\"name\":\"All Day Led\",\"url\":\"https:\\\/\\\/www.oudadl.testontwikkeling.nl\\\/\",\"logo\":{\"@type\":\"ImageObject\",\"inLanguage\":\"de\",\"@id\":\"https:\\\/\\\/www.oudadl.testontwikkeling.nl\\\/#\\\/schema\\\/logo\\\/image\\\/\",\"url\":\"https:\\\/\\\/www.oudadl.testontwikkeling.nl\\\/wp-content\\\/uploads\\\/2022\\\/08\\\/Logo-ALL-DAY-LED-800x800-zwart-witte-letters.png\",\"contentUrl\":\"https:\\\/\\\/www.oudadl.testontwikkeling.nl\\\/wp-content\\\/uploads\\\/2022\\\/08\\\/Logo-ALL-DAY-LED-800x800-zwart-witte-letters.png\",\"width\":800,\"height\":800,\"caption\":\"All Day Led\"},\"image\":{\"@id\":\"https:\\\/\\\/www.oudadl.testontwikkeling.nl\\\/#\\\/schema\\\/logo\\\/image\\\/\"},\"sameAs\":[\"https:\\\/\\\/www.facebook.com\\\/alldayled\\\/\",\"https:\\\/\\\/www.instagram.com\\\/alldayled\\\/\"],\"vatID\":\"NL863960133B01\",\"taxID\":\"86416545\",\"hasMerchantReturnPolicy\":{\"@type\":\"MerchantReturnPolicy\",\"merchantReturnLink\":\"https:\\\/\\\/www.oudadl.testontwikkeling.nl\\\/de\\\/verzenden-retourneren\\\/\"}}]}<\/script>\n<meta property=\"product:brand\" content=\"TruckLED\" \/>\n<meta property=\"product:price:amount\" content=\"25.00\" \/>\n<meta property=\"product:price:currency\" content=\"EUR\" \/>\n<meta property=\"og:availability\" content=\"instock\" \/>\n<meta property=\"product:availability\" content=\"instock\" \/>\n<meta property=\"product:retailer_item_id\" content=\"ADL09124\" \/>\n<meta property=\"product:condition\" content=\"new\" \/>\n<!-- \/ Yoast SEO Premium plugin. -->","yoast_head_json":{"title":"TruckLED LED Arbeitsscheinwerfer 24W - All Day Led - f\u00fcr 12&amp;24 Volt","description":"TruckLED LED Arbeitsscheinwerfer 24W - 12 &amp; 24 Volt - sto\u00dffest - 2160 Lumen - robuster Arbeitsscheinwerfer - LKW, Traktor, Anh\u00e4nger und mehr","robots":{"index":"noindex","follow":"follow","max-snippet":"max-snippet:-1","max-image-preview":"max-image-preview:large","max-video-preview":"max-video-preview:-1"},"og_locale":"de_DE","og_type":"article","og_title":"TruckLED LED werklamp 24W - All Day Led - voor 12&24 volt","og_description":"TruckLED LED werklamp 24W - 12 & 24 Volt - schokbestendig - 2160 Lumen - robuuste werklamp - vrachtwagen, tractor, aanhanger en meer","og_url":"https:\/\/www.oudadl.testontwikkeling.nl\/de\/produkt\/truckled-led-arbeitsscheinwerfer-24w-12-24-volt\/","og_site_name":"All Day Led","article_publisher":"https:\/\/www.facebook.com\/alldayled\/","article_modified_time":"2025-10-20T09:08:10+00:00","og_image":[{"width":800,"height":600,"url":"https:\/\/www.oudadl.testontwikkeling.nl\/wp-content\/uploads\/2020\/08\/ADL09124.-24W-2.png","type":"image\/png"}],"twitter_misc":{"Preis":"&euro;25,00","Verf\u00fcgbarkeit":"Auf Lager"},"schema":{"@context":"https:\/\/schema.org","@graph":[{"@type":"WebPage","@id":"https:\/\/www.oudadl.testontwikkeling.nl\/product\/truckled-led-werklamp-24w-12-24-volt\/","url":"https:\/\/www.oudadl.testontwikkeling.nl\/product\/truckled-led-werklamp-24w-12-24-volt\/","name":"TruckLED LED Arbeitsscheinwerfer 24W - All Day Led - f\u00fcr 12&amp;24 Volt","isPartOf":{"@id":"https:\/\/www.oudadl.testontwikkeling.nl\/#website"},"primaryImageOfPage":{"@id":"https:\/\/www.oudadl.testontwikkeling.nl\/product\/truckled-led-werklamp-24w-12-24-volt\/#primaryimage"},"image":{"@id":"https:\/\/www.oudadl.testontwikkeling.nl\/product\/truckled-led-werklamp-24w-12-24-volt\/#primaryimage"},"thumbnailUrl":"https:\/\/www.oudadl.testontwikkeling.nl\/wp-content\/uploads\/2020\/08\/ADL09124.-24W-1.png","datePublished":"2020-08-10T13:14:46+00:00","dateModified":"2025-10-20T09:08:10+00:00","description":"TruckLED LED Arbeitsscheinwerfer 24W - 12 &amp; 24 Volt - sto\u00dffest - 2160 Lumen - robuster Arbeitsscheinwerfer - LKW, Traktor, Anh\u00e4nger und mehr","breadcrumb":{"@id":"https:\/\/www.oudadl.testontwikkeling.nl\/product\/truckled-led-werklamp-24w-12-24-volt\/#breadcrumb"},"inLanguage":"de","potentialAction":[{"@type":"ReadAction","target":["https:\/\/www.oudadl.testontwikkeling.nl\/product\/truckled-led-werklamp-24w-12-24-volt\/"]}]},{"@type":"ImageObject","inLanguage":"de","@id":"https:\/\/www.oudadl.testontwikkeling.nl\/product\/truckled-led-werklamp-24w-12-24-volt\/#primaryimage","url":"https:\/\/www.oudadl.testontwikkeling.nl\/wp-content\/uploads\/2020\/08\/ADL09124.-24W-1.png","contentUrl":"https:\/\/www.oudadl.testontwikkeling.nl\/wp-content\/uploads\/2020\/08\/ADL09124.-24W-1.png","width":800,"height":600,"caption":"LED werklamp 24W - RECHTHOEK \/ VIERKANT- voor 12&24 volt gebruikt - te monteren op uw auto, vrachtwagen, aanhanger, tractor, heftruck en meer - EAN: 2000010062065"},{"@type":"BreadcrumbList","@id":"https:\/\/www.oudadl.testontwikkeling.nl\/product\/truckled-led-werklamp-24w-12-24-volt\/#breadcrumb","itemListElement":[{"@type":"ListItem","position":1,"name":"Home","item":"https:\/\/www.oudadl.testontwikkeling.nl\/"},{"@type":"ListItem","position":2,"name":"Shop","item":"https:\/\/www.oudadl.testontwikkeling.nl\/de\/shop\/"},{"@type":"ListItem","position":3,"name":"Werklampen","item":"https:\/\/www.oudadl.testontwikkeling.nl\/product-categorie\/werklampen\/"},{"@type":"ListItem","position":4,"name":"Werklamp overig","item":"https:\/\/www.oudadl.testontwikkeling.nl\/product-categorie\/werklampen\/werklamp-overig\/"},{"@type":"ListItem","position":5,"name":"TruckLED LED werklamp 24W"}]},{"@type":"WebSite","@id":"https:\/\/www.oudadl.testontwikkeling.nl\/#website","url":"https:\/\/www.oudadl.testontwikkeling.nl\/","name":"All Day Led","description":"","publisher":{"@id":"https:\/\/www.oudadl.testontwikkeling.nl\/#organization"},"potentialAction":[{"@type":"SearchAction","target":{"@type":"EntryPoint","urlTemplate":"https:\/\/www.oudadl.testontwikkeling.nl\/?s={search_term_string}"},"query-input":{"@type":"PropertyValueSpecification","valueRequired":true,"valueName":"search_term_string"}}],"inLanguage":"de"},{"@type":"Organization","@id":"https:\/\/www.oudadl.testontwikkeling.nl\/#organization","name":"All Day Led","url":"https:\/\/www.oudadl.testontwikkeling.nl\/","logo":{"@type":"ImageObject","inLanguage":"de","@id":"https:\/\/www.oudadl.testontwikkeling.nl\/#\/schema\/logo\/image\/","url":"https:\/\/www.oudadl.testontwikkeling.nl\/wp-content\/uploads\/2022\/08\/Logo-ALL-DAY-LED-800x800-zwart-witte-letters.png","contentUrl":"https:\/\/www.oudadl.testontwikkeling.nl\/wp-content\/uploads\/2022\/08\/Logo-ALL-DAY-LED-800x800-zwart-witte-letters.png","width":800,"height":800,"caption":"All Day Led"},"image":{"@id":"https:\/\/www.oudadl.testontwikkeling.nl\/#\/schema\/logo\/image\/"},"sameAs":["https:\/\/www.facebook.com\/alldayled\/","https:\/\/www.instagram.com\/alldayled\/"],"vatID":"NL863960133B01","taxID":"86416545","hasMerchantReturnPolicy":{"@type":"MerchantReturnPolicy","merchantReturnLink":"https:\/\/www.oudadl.testontwikkeling.nl\/de\/verzenden-retourneren\/"}}]},"product_brand":"TruckLED","product_price_amount":"25.00","product_price_currency":"EUR","og_availability":"instock","product_availability":"instock","product_retailer_item_id":"ADL09124","product_condition":"new"},"_links":{"self":[{"href":"https:\/\/www.oudadl.testontwikkeling.nl\/de\/wp-json\/wp\/v2\/product\/6054","targetHints":{"allow":["GET"]}}],"collection":[{"href":"https:\/\/www.oudadl.testontwikkeling.nl\/de\/wp-json\/wp\/v2\/product"}],"about":[{"href":"https:\/\/www.oudadl.testontwikkeling.nl\/de\/wp-json\/wp\/v2\/types\/product"}],"replies":[{"embeddable":true,"href":"https:\/\/www.oudadl.testontwikkeling.nl\/de\/wp-json\/wp\/v2\/comments?post=6054"}],"wp:featuredmedia":[{"embeddable":true,"href":"https:\/\/www.oudadl.testontwikkeling.nl\/de\/wp-json\/wp\/v2\/media\/24781"}],"wp:attachment":[{"href":"https:\/\/www.oudadl.testontwikkeling.nl\/de\/wp-json\/wp\/v2\/media?parent=6054"}],"wp:term":[{"taxonomy":"product_brand","embeddable":true,"href":"https:\/\/www.oudadl.testontwikkeling.nl\/de\/wp-json\/wp\/v2\/product_brand?post=6054"},{"taxonomy":"product_cat","embeddable":true,"href":"https:\/\/www.oudadl.testontwikkeling.nl\/de\/wp-json\/wp\/v2\/product_cat?post=6054"},{"taxonomy":"product_tag","embeddable":true,"href":"https:\/\/www.oudadl.testontwikkeling.nl\/de\/wp-json\/wp\/v2\/product_tag?post=6054"}],"curies":[{"name":"wp","href":"https:\/\/api.w.org\/{rel}","templated":true}]}}