{"id":6036,"date":"2020-03-27T04:15:45","date_gmt":"2020-03-27T03:15:45","guid":{"rendered":"https:\/\/www.oudadl.testontwikkeling.nl\/product\/import-placeholder-for-adl00405-w\/"},"modified":"2025-12-09T00:23:25","modified_gmt":"2025-12-08T23:23:25","slug":"ba15s-led-wit-9-30v-8smd-2stuks","status":"publish","type":"product","link":"https:\/\/www.oudadl.testontwikkeling.nl\/de\/product\/ba15s-led-wit-9-30v-8smd-2stuks\/","title":{"rendered":"BA15S LED Lampe wei\u00df 9\/32V - 2 St\u00fcck"},"content":{"rendered":"<p><span style=\"color: #000000\"><strong>BA15S LED Lampe wei\u00df mit 8-SMD, f\u00fcr 12 &amp; 24 Volt.\u00a0<\/strong><\/span><\/p>\n<p><span style=\"color: #000000\">Suchen Sie eine gute LED-Lampe, die Sie gegen Ihre original montierte BA15S-Halogenlampe austauschen k\u00f6nnen? Dann ist diese wei\u00dfe BA15S LED Lampe vielleicht die Lampe, die Sie suchen. Die LED Leuchte ist mit 8 St\u00fcck LED best\u00fcckt und wird pro Set zu 2 St\u00fcck geliefert. Die 8 LED sorgen daf\u00fcr, dass die Lampe rundum leuchtet. Diese LED-Lampe hat eine Lichtleistung, die Sie mit einer 21-Watt-Halogenlampe vergleichen k\u00f6nnen. Die Lampe BA15S LED wei\u00df kann mit 12 und 24 Volt verwendet werden. Dies bedeutet, dass Sie diese LED-Lampe beispielsweise in Ihrem Auto, LKW, Wohnmobil oder Anh\u00e4nger verwenden k\u00f6nnen. Um sicherzustellen, dass die wei\u00dfe LED-Gl\u00fchbirne passt. Wenn die urspr\u00fcnglich montierte Lampe die gleiche sein muss wie die in Bild 2 gezeigte. Wenn diese nicht \u00fcbereinstimmt, passt die LED-Lampe nicht.<\/span><\/p>\n<p><span style=\"color: #000000\">Um sicherzustellen, dass die wei\u00dfe Lampe BA15S LED f\u00fcr Ihr Fahrzeug oder Ihren Anh\u00e4nger geeignet ist, haben wir unten einige Spezifikationen geschrieben. All dies, um Ihnen zu verdeutlichen, warum dies die BA15S LED-Lampe sein k\u00f6nnte, die Sie suchen. Die LED Lampe hat unter anderem das ECE R10 G\u00fctezeichen. Dieses G\u00fctezeichen bedeutet, dass die Leuchte beim Einschalten keine St\u00f6rungen verursacht, beispielsweise auf Ihrem Funksignal. Die Lampe LED kann auch bis 32 Volt verwendet werden. Dies bedeutet, dass die LED-Lampe gegen Spannungsspitzen gesch\u00fctzt ist, die beim Starten Ihres Fahrzeugs auftreten k\u00f6nnen.<\/span><\/p>\n<h5><span style=\"color: #000000\"><strong>Abmessungen:<\/strong><\/span><\/h5>\n<p><span style=\"color: #000000\">Damit Sie die wei\u00dfe Lampe BA15S LED \u00fcberall montieren k\u00f6nnen, haben wir uns die Ma\u00dfe unten notiert. Die Ma\u00dfe dieser wei\u00dfen LED Lampe mit Bajonettanschluss sind wie folgt:<\/span><\/p>\n<ul>\n<li><span style=\"color: #000000\">L\u00e4nge: 40 mm<\/span><\/li>\n<li><span style=\"color: #000000\">Spitzenbreite: 23 mm<\/span><\/li>\n<li><span style=\"color: #000000\">Bodenbreite: 15 mm<\/span><\/li>\n<\/ul>\n<p><span style=\"color: #000000\"><em>Bitte beachten Sie, dass diese LED-Lampen nicht CAN-Bus-sicher sind. Dies bedeutet, dass diese Lampe eine defekte Lampe auf Ihrem Armaturenbrett melden kann. Dies gilt haupts\u00e4chlich f\u00fcr neuere Pkw-Modelle, LKWs werden h\u00e4ufig ausgeschlossen. Zus\u00e4tzliche Lampen wie Scheinwerfer oder Oberlichter sind ebenfalls vom CAN-Bus-System ausgeschlossen.\u00a0<\/em><\/span><\/p>\n<h5><span style=\"color: #000000\"><strong>Andere Farben:<\/strong><\/span><\/h5>\n<p><span style=\"color: #000000\">Suchen Sie eine r10w oder p21w LED Lampe, aber die BA15S LED Lampe wei\u00df ist nicht die Farbe die Sie suchen? Dann wissen Sie, dass die LED Lampe mit Bajonettanschluss auch in folgenden Farben erh\u00e4ltlich ist:<\/span><\/p>\n<ul>\n<li><span style=\"color: #000000\"><a style=\"color: #000000\" href=\"https:\/\/www.oudadl.testontwikkeling.nl\/de\/produkt\/ba15s-led-oranje-9-30v-8smd-2stuks\/\"><strong>BA15S LED Lampe orange - 8 smd\u00a0<\/strong><\/a><\/span><\/li>\n<li><span style=\"color: #000000\"><a style=\"color: #000000\" href=\"https:\/\/www.oudadl.testontwikkeling.nl\/de\/produkt\/ba15s-led-rood-9-30v-8smd-2stuks\/\"><strong>BA15S LED Lampe rot - 8 smd<\/strong><\/a><\/span><\/li>\n<\/ul>\n<h5><span style=\"color: #000000\"><strong>Warum hat diese BA15S LED Lampe kein E-Zeichen:<\/strong><\/span><\/h5>\n<p><span style=\"color: #000000\">Ersatzlampen m\u00fcssen den europ\u00e4ischen Normen bez\u00fcglich Sicherheit, Wasserdichtheit und Kurzschlusspr\u00e4vention (ECE-R37) entsprechen. Diese Normen basieren auf den Gl\u00fch- und Halogenlampen der Vergangenheit. LED-Ersatzlampen k\u00f6nnen diese Standards nicht erf\u00fcllen. Der Grund ist, dass es kein Filament enth\u00e4lt. Dadurch erh\u00e4lt diese LED Lampe nicht das ECE R37 G\u00fctezeichen und kann somit offiziell nicht im \u00f6ffentlichen Stra\u00dfenverkehr verwendet werden. Sie k\u00f6nnen die BA15S LED Lampe Xenon wei\u00df beispielsweise auf Ihrem eigenen Gel\u00e4nde oder im Rennsport verwenden.<\/span><\/p>","protected":false},"excerpt":{"rendered":"<p>BA15S LED lamp wit met 8-smd, geschikt voor 12 &amp; 24 volt gebruik.\u00a0 Bent u opzoek naar een goede LED lamp die u kunt wisselen voor uw origineel gemonteerde BA15S halogeen lamp? Dan is deze witte BA15S LED lamp wellicht d\u00e9 lamp waar u naar op zoek bent. De LED lamp is voorzien van 8 [&hellip;]<\/p>\n","protected":false},"featured_media":17048,"comment_status":"open","ping_status":"closed","template":"","meta":{"_acf_changed":false,"site-sidebar-layout":"default","site-content-layout":"default","ast-site-content-layout":"default","site-content-style":"default","site-sidebar-style":"default","ast-global-header-display":"","ast-banner-title-visibility":"","ast-main-header-display":"","ast-hfb-above-header-display":"","ast-hfb-below-header-display":"","ast-hfb-mobile-header-display":"","site-post-title":"","ast-breadcrumbs-content":"","ast-featured-img":"","footer-sml-layout":"","ast-disable-related-posts":"","theme-transparent-header-meta":"default","adv-header-id-meta":"","stick-header-meta":"","header-above-stick-meta":"","header-main-stick-meta":"","header-below-stick-meta":"","astra-migrate-meta-layouts":"set","ast-page-background-enabled":"default","ast-page-background-meta":{"desktop":{"background-color":"","background-image":"","background-repeat":"repeat","background-position":"center center","background-size":"auto","background-attachment":"scroll","background-type":"","background-media":"","overlay-type":"","overlay-color":"","overlay-opacity":"","overlay-gradient":""},"tablet":{"background-color":"","background-image":"","background-repeat":"repeat","background-position":"center center","background-size":"auto","background-attachment":"scroll","background-type":"","background-media":"","overlay-type":"","overlay-color":"","overlay-opacity":"","overlay-gradient":""},"mobile":{"background-color":"","background-image":"","background-repeat":"repeat","background-position":"center center","background-size":"auto","background-attachment":"scroll","background-type":"","background-media":"","overlay-type":"","overlay-color":"","overlay-opacity":"","overlay-gradient":""}},"ast-content-background-meta":{"desktop":{"background-color":"var(--ast-global-color-5)","background-image":"","background-repeat":"repeat","background-position":"center center","background-size":"auto","background-attachment":"scroll","background-type":"","background-media":"","overlay-type":"","overlay-color":"","overlay-opacity":"","overlay-gradient":""},"tablet":{"background-color":"var(--ast-global-color-5)","background-image":"","background-repeat":"repeat","background-position":"center center","background-size":"auto","background-attachment":"scroll","background-type":"","background-media":"","overlay-type":"","overlay-color":"","overlay-opacity":"","overlay-gradient":""},"mobile":{"background-color":"var(--ast-global-color-5)","background-image":"","background-repeat":"repeat","background-position":"center center","background-size":"auto","background-attachment":"scroll","background-type":"","background-media":"","overlay-type":"","overlay-color":"","overlay-opacity":"","overlay-gradient":""}}},"product_brand":[],"product_cat":[232,233,208,7209,216,217,389,222],"product_tag":[2299,2302,1961,3827,5001,5015,6967,5017,2298],"class_list":{"0":"post-6036","1":"product","2":"type-product","3":"status-publish","4":"has-post-thumbnail","6":"product_cat-ba15s-24-volt-led","7":"product_cat-bajonet-12-volt","8":"product_cat-daf-verlichting","9":"product_cat-iveco-verlichting","10":"product_cat-man-verlichting","11":"product_cat-scania-verlichting","12":"product_cat-verlichting","13":"product_cat-volvo-verlichting","14":"product_tag-auto-verlichting","15":"product_tag-ba15s-wit","16":"product_tag-cabine-verlichting","17":"product_tag-interieurverlichting-vrachtwagen","18":"product_tag-nedking-verlichting","19":"product_tag-p21w-led","20":"product_tag-r10w-led","21":"product_tag-r5w-led","22":"product_tag-vrachtwagen-verlichting","23":"pa_merkk-product-nedking","24":"desktop-align-left","25":"tablet-align-left","26":"mobile-align-left","28":"first","29":"instock","30":"taxable","31":"shipping-taxable","32":"purchasable","33":"product-type-simple"},"acf":[],"yoast_head":"<!-- This site is optimized with the Yoast SEO Premium plugin v25.9 (Yoast SEO v27.6) - https:\/\/yoast.com\/product\/yoast-seo-premium-wordpress\/ -->\n<title>BA15S LED lamp wit 9\/32V - 2 stuks - All Day Led - voor 12&amp;24V<\/title>\n<meta name=\"description\" content=\"Ba15s LED lamp wit - 2 stuks - vervangt uw R5W, R10W en P21W lamp - XENON WIT - 12\/24 Volt - voor auto, vrachtwagen en meer - NEDKING LED LAMP\" \/>\n<meta name=\"robots\" content=\"noindex, follow, max-snippet:-1, max-image-preview:large, max-video-preview:-1\" \/>\n<meta property=\"og:locale\" content=\"de_DE\" \/>\n<meta property=\"og:type\" content=\"article\" \/>\n<meta property=\"og:title\" content=\"BA15S LED lamp wit 9\/32V - 2 stuks - All Day Led - voor 12&amp;24V\" \/>\n<meta property=\"og:description\" content=\"Ba15s LED lamp wit - 2 stuks - vervangt uw R5W, R10W en P21W lamp - XENON WIT - 12\/24 Volt - voor auto, vrachtwagen en meer - NEDKING LED LAMP\" \/>\n<meta property=\"og:url\" content=\"https:\/\/www.oudadl.testontwikkeling.nl\/de\/produkt\/ba15s-led-wit-9-30v-8smd-2stuks\/\" \/>\n<meta property=\"og:site_name\" content=\"All Day Led\" \/>\n<meta property=\"article:publisher\" content=\"https:\/\/www.facebook.com\/alldayled\/\" \/>\n<meta property=\"article:modified_time\" content=\"2025-12-08T23:23:25+00:00\" \/>\n<meta property=\"og:image\" content=\"https:\/\/www.oudadl.testontwikkeling.nl\/wp-content\/uploads\/2020\/03\/ADL00405-W.jpg\" \/>\n\t<meta property=\"og:image:width\" content=\"800\" \/>\n\t<meta property=\"og:image:height\" content=\"600\" \/>\n\t<meta property=\"og:image:type\" content=\"image\/jpeg\" \/>\n<meta name=\"twitter:label1\" content=\"Preis\" \/>\n\t<meta name=\"twitter:data1\" content=\"&euro;21,95\" \/>\n\t<meta name=\"twitter:label2\" content=\"Verf\u00fcgbarkeit\" \/>\n\t<meta name=\"twitter:data2\" content=\"Auf Lager\" \/>\n<script type=\"application\/ld+json\" class=\"yoast-schema-graph\">{\"@context\":\"https:\\\/\\\/schema.org\",\"@graph\":[{\"@type\":\"WebPage\",\"@id\":\"https:\\\/\\\/www.oudadl.testontwikkeling.nl\\\/product\\\/ba15s-led-wit-9-30v-8smd-2stuks\\\/\",\"url\":\"https:\\\/\\\/www.oudadl.testontwikkeling.nl\\\/product\\\/ba15s-led-wit-9-30v-8smd-2stuks\\\/\",\"name\":\"BA15S LED lamp wit 9\\\/32V - 2 stuks - All Day Led - voor 12&24V\",\"isPartOf\":{\"@id\":\"https:\\\/\\\/www.oudadl.testontwikkeling.nl\\\/#website\"},\"primaryImageOfPage\":{\"@id\":\"https:\\\/\\\/www.oudadl.testontwikkeling.nl\\\/product\\\/ba15s-led-wit-9-30v-8smd-2stuks\\\/#primaryimage\"},\"image\":{\"@id\":\"https:\\\/\\\/www.oudadl.testontwikkeling.nl\\\/product\\\/ba15s-led-wit-9-30v-8smd-2stuks\\\/#primaryimage\"},\"thumbnailUrl\":\"https:\\\/\\\/www.oudadl.testontwikkeling.nl\\\/wp-content\\\/uploads\\\/2020\\\/03\\\/ADL00405-W.jpg\",\"datePublished\":\"2020-03-27T03:15:45+00:00\",\"dateModified\":\"2025-12-08T23:23:25+00:00\",\"description\":\"Ba15s LED lamp wit - 2 stuks - vervangt uw R5W, R10W en P21W lamp - XENON WIT - 12\\\/24 Volt - voor auto, vrachtwagen en meer - NEDKING LED LAMP\",\"breadcrumb\":{\"@id\":\"https:\\\/\\\/www.oudadl.testontwikkeling.nl\\\/product\\\/ba15s-led-wit-9-30v-8smd-2stuks\\\/#breadcrumb\"},\"inLanguage\":\"de\",\"potentialAction\":[{\"@type\":\"ReadAction\",\"target\":[\"https:\\\/\\\/www.oudadl.testontwikkeling.nl\\\/product\\\/ba15s-led-wit-9-30v-8smd-2stuks\\\/\"]}]},{\"@type\":\"ImageObject\",\"inLanguage\":\"de\",\"@id\":\"https:\\\/\\\/www.oudadl.testontwikkeling.nl\\\/product\\\/ba15s-led-wit-9-30v-8smd-2stuks\\\/#primaryimage\",\"url\":\"https:\\\/\\\/www.oudadl.testontwikkeling.nl\\\/wp-content\\\/uploads\\\/2020\\\/03\\\/ADL00405-W.jpg\",\"contentUrl\":\"https:\\\/\\\/www.oudadl.testontwikkeling.nl\\\/wp-content\\\/uploads\\\/2020\\\/03\\\/ADL00405-W.jpg\",\"width\":800,\"height\":600,\"caption\":\"Ba15s LED lamp wit 12 volt - 24 volt voor vrachtwagen, bestelwagen, auto, trailer, aanhanger en meer - EAN: 6090450941996\"},{\"@type\":\"BreadcrumbList\",\"@id\":\"https:\\\/\\\/www.oudadl.testontwikkeling.nl\\\/product\\\/ba15s-led-wit-9-30v-8smd-2stuks\\\/#breadcrumb\",\"itemListElement\":[{\"@type\":\"ListItem\",\"position\":1,\"name\":\"Home\",\"item\":\"https:\\\/\\\/www.oudadl.testontwikkeling.nl\\\/\"},{\"@type\":\"ListItem\",\"position\":2,\"name\":\"Shop\",\"item\":\"https:\\\/\\\/www.oudadl.testontwikkeling.nl\\\/de\\\/shop\\\/\"},{\"@type\":\"ListItem\",\"position\":3,\"name\":\"Verlichting\",\"item\":\"https:\\\/\\\/www.oudadl.testontwikkeling.nl\\\/product-categorie\\\/verlichting\\\/\"},{\"@type\":\"ListItem\",\"position\":4,\"name\":\"BA15S LED lamp wit 9\\\/32V &#8211; 2 stuks\"}]},{\"@type\":\"WebSite\",\"@id\":\"https:\\\/\\\/www.oudadl.testontwikkeling.nl\\\/#website\",\"url\":\"https:\\\/\\\/www.oudadl.testontwikkeling.nl\\\/\",\"name\":\"All Day Led\",\"description\":\"\",\"publisher\":{\"@id\":\"https:\\\/\\\/www.oudadl.testontwikkeling.nl\\\/#organization\"},\"potentialAction\":[{\"@type\":\"SearchAction\",\"target\":{\"@type\":\"EntryPoint\",\"urlTemplate\":\"https:\\\/\\\/www.oudadl.testontwikkeling.nl\\\/?s={search_term_string}\"},\"query-input\":{\"@type\":\"PropertyValueSpecification\",\"valueRequired\":true,\"valueName\":\"search_term_string\"}}],\"inLanguage\":\"de\"},{\"@type\":\"Organization\",\"@id\":\"https:\\\/\\\/www.oudadl.testontwikkeling.nl\\\/#organization\",\"name\":\"All Day Led\",\"url\":\"https:\\\/\\\/www.oudadl.testontwikkeling.nl\\\/\",\"logo\":{\"@type\":\"ImageObject\",\"inLanguage\":\"de\",\"@id\":\"https:\\\/\\\/www.oudadl.testontwikkeling.nl\\\/#\\\/schema\\\/logo\\\/image\\\/\",\"url\":\"https:\\\/\\\/www.oudadl.testontwikkeling.nl\\\/wp-content\\\/uploads\\\/2022\\\/08\\\/Logo-ALL-DAY-LED-800x800-zwart-witte-letters.png\",\"contentUrl\":\"https:\\\/\\\/www.oudadl.testontwikkeling.nl\\\/wp-content\\\/uploads\\\/2022\\\/08\\\/Logo-ALL-DAY-LED-800x800-zwart-witte-letters.png\",\"width\":800,\"height\":800,\"caption\":\"All Day Led\"},\"image\":{\"@id\":\"https:\\\/\\\/www.oudadl.testontwikkeling.nl\\\/#\\\/schema\\\/logo\\\/image\\\/\"},\"sameAs\":[\"https:\\\/\\\/www.facebook.com\\\/alldayled\\\/\",\"https:\\\/\\\/www.instagram.com\\\/alldayled\\\/\"],\"vatID\":\"NL863960133B01\",\"taxID\":\"86416545\",\"hasMerchantReturnPolicy\":{\"@type\":\"MerchantReturnPolicy\",\"merchantReturnLink\":\"https:\\\/\\\/www.oudadl.testontwikkeling.nl\\\/de\\\/verzenden-retourneren\\\/\"}}]}<\/script>\n<meta property=\"product:brand\" content=\"Nedking\" \/>\n<meta property=\"product:price:amount\" content=\"21.95\" \/>\n<meta property=\"product:price:currency\" content=\"EUR\" \/>\n<meta property=\"og:availability\" content=\"instock\" \/>\n<meta property=\"product:availability\" content=\"instock\" \/>\n<meta property=\"product:retailer_item_id\" content=\"ADL00405-W\" \/>\n<meta property=\"product:condition\" content=\"new\" \/>\n<!-- \/ Yoast SEO Premium plugin. -->","yoast_head_json":{"title":"BA15S LED Lampe wei\u00df 9\/32V - 2 St\u00fcck - All Day Led - f\u00fcr 12&amp;24V","description":"Ba15s LED Lampe wei\u00df \u2013 2 St\u00fcck \u2013 ersetzt Ihre R5W, R10W und P21W Lampe \u2013 XENON WEISS \u2013 12\/24 Volt \u2013 f\u00fcr Auto, LKW und mehr \u2013 NEDKING LED LAMP","robots":{"index":"noindex","follow":"follow","max-snippet":"max-snippet:-1","max-image-preview":"max-image-preview:large","max-video-preview":"max-video-preview:-1"},"og_locale":"de_DE","og_type":"article","og_title":"BA15S LED lamp wit 9\/32V - 2 stuks - All Day Led - voor 12&24V","og_description":"Ba15s LED lamp wit - 2 stuks - vervangt uw R5W, R10W en P21W lamp - XENON WIT - 12\/24 Volt - voor auto, vrachtwagen en meer - NEDKING LED LAMP","og_url":"https:\/\/www.oudadl.testontwikkeling.nl\/de\/produkt\/ba15s-led-wit-9-30v-8smd-2stuks\/","og_site_name":"All Day Led","article_publisher":"https:\/\/www.facebook.com\/alldayled\/","article_modified_time":"2025-12-08T23:23:25+00:00","og_image":[{"width":800,"height":600,"url":"https:\/\/www.oudadl.testontwikkeling.nl\/wp-content\/uploads\/2020\/03\/ADL00405-W.jpg","type":"image\/jpeg"}],"twitter_misc":{"Preis":"&euro;21,95","Verf\u00fcgbarkeit":"Auf Lager"},"schema":{"@context":"https:\/\/schema.org","@graph":[{"@type":"WebPage","@id":"https:\/\/www.oudadl.testontwikkeling.nl\/product\/ba15s-led-wit-9-30v-8smd-2stuks\/","url":"https:\/\/www.oudadl.testontwikkeling.nl\/product\/ba15s-led-wit-9-30v-8smd-2stuks\/","name":"BA15S LED Lampe wei\u00df 9\/32V - 2 St\u00fcck - All Day Led - f\u00fcr 12&amp;24V","isPartOf":{"@id":"https:\/\/www.oudadl.testontwikkeling.nl\/#website"},"primaryImageOfPage":{"@id":"https:\/\/www.oudadl.testontwikkeling.nl\/product\/ba15s-led-wit-9-30v-8smd-2stuks\/#primaryimage"},"image":{"@id":"https:\/\/www.oudadl.testontwikkeling.nl\/product\/ba15s-led-wit-9-30v-8smd-2stuks\/#primaryimage"},"thumbnailUrl":"https:\/\/www.oudadl.testontwikkeling.nl\/wp-content\/uploads\/2020\/03\/ADL00405-W.jpg","datePublished":"2020-03-27T03:15:45+00:00","dateModified":"2025-12-08T23:23:25+00:00","description":"Ba15s LED Lampe wei\u00df \u2013 2 St\u00fcck \u2013 ersetzt Ihre R5W, R10W und P21W Lampe \u2013 XENON WEISS \u2013 12\/24 Volt \u2013 f\u00fcr Auto, LKW und mehr \u2013 NEDKING LED LAMP","breadcrumb":{"@id":"https:\/\/www.oudadl.testontwikkeling.nl\/product\/ba15s-led-wit-9-30v-8smd-2stuks\/#breadcrumb"},"inLanguage":"de","potentialAction":[{"@type":"ReadAction","target":["https:\/\/www.oudadl.testontwikkeling.nl\/product\/ba15s-led-wit-9-30v-8smd-2stuks\/"]}]},{"@type":"ImageObject","inLanguage":"de","@id":"https:\/\/www.oudadl.testontwikkeling.nl\/product\/ba15s-led-wit-9-30v-8smd-2stuks\/#primaryimage","url":"https:\/\/www.oudadl.testontwikkeling.nl\/wp-content\/uploads\/2020\/03\/ADL00405-W.jpg","contentUrl":"https:\/\/www.oudadl.testontwikkeling.nl\/wp-content\/uploads\/2020\/03\/ADL00405-W.jpg","width":800,"height":600,"caption":"Ba15s LED lamp wit 12 volt - 24 volt voor vrachtwagen, bestelwagen, auto, trailer, aanhanger en meer - EAN: 6090450941996"},{"@type":"BreadcrumbList","@id":"https:\/\/www.oudadl.testontwikkeling.nl\/product\/ba15s-led-wit-9-30v-8smd-2stuks\/#breadcrumb","itemListElement":[{"@type":"ListItem","position":1,"name":"Home","item":"https:\/\/www.oudadl.testontwikkeling.nl\/"},{"@type":"ListItem","position":2,"name":"Shop","item":"https:\/\/www.oudadl.testontwikkeling.nl\/de\/shop\/"},{"@type":"ListItem","position":3,"name":"Verlichting","item":"https:\/\/www.oudadl.testontwikkeling.nl\/product-categorie\/verlichting\/"},{"@type":"ListItem","position":4,"name":"BA15S LED lamp wit 9\/32V &#8211; 2 stuks"}]},{"@type":"WebSite","@id":"https:\/\/www.oudadl.testontwikkeling.nl\/#website","url":"https:\/\/www.oudadl.testontwikkeling.nl\/","name":"All Day Led","description":"","publisher":{"@id":"https:\/\/www.oudadl.testontwikkeling.nl\/#organization"},"potentialAction":[{"@type":"SearchAction","target":{"@type":"EntryPoint","urlTemplate":"https:\/\/www.oudadl.testontwikkeling.nl\/?s={search_term_string}"},"query-input":{"@type":"PropertyValueSpecification","valueRequired":true,"valueName":"search_term_string"}}],"inLanguage":"de"},{"@type":"Organization","@id":"https:\/\/www.oudadl.testontwikkeling.nl\/#organization","name":"All Day Led","url":"https:\/\/www.oudadl.testontwikkeling.nl\/","logo":{"@type":"ImageObject","inLanguage":"de","@id":"https:\/\/www.oudadl.testontwikkeling.nl\/#\/schema\/logo\/image\/","url":"https:\/\/www.oudadl.testontwikkeling.nl\/wp-content\/uploads\/2022\/08\/Logo-ALL-DAY-LED-800x800-zwart-witte-letters.png","contentUrl":"https:\/\/www.oudadl.testontwikkeling.nl\/wp-content\/uploads\/2022\/08\/Logo-ALL-DAY-LED-800x800-zwart-witte-letters.png","width":800,"height":800,"caption":"All Day Led"},"image":{"@id":"https:\/\/www.oudadl.testontwikkeling.nl\/#\/schema\/logo\/image\/"},"sameAs":["https:\/\/www.facebook.com\/alldayled\/","https:\/\/www.instagram.com\/alldayled\/"],"vatID":"NL863960133B01","taxID":"86416545","hasMerchantReturnPolicy":{"@type":"MerchantReturnPolicy","merchantReturnLink":"https:\/\/www.oudadl.testontwikkeling.nl\/de\/verzenden-retourneren\/"}}]},"product_brand":"Nedking","product_price_amount":"21.95","product_price_currency":"EUR","og_availability":"instock","product_availability":"instock","product_retailer_item_id":"ADL00405-W","product_condition":"new"},"_links":{"self":[{"href":"https:\/\/www.oudadl.testontwikkeling.nl\/de\/wp-json\/wp\/v2\/product\/6036","targetHints":{"allow":["GET"]}}],"collection":[{"href":"https:\/\/www.oudadl.testontwikkeling.nl\/de\/wp-json\/wp\/v2\/product"}],"about":[{"href":"https:\/\/www.oudadl.testontwikkeling.nl\/de\/wp-json\/wp\/v2\/types\/product"}],"replies":[{"embeddable":true,"href":"https:\/\/www.oudadl.testontwikkeling.nl\/de\/wp-json\/wp\/v2\/comments?post=6036"}],"wp:featuredmedia":[{"embeddable":true,"href":"https:\/\/www.oudadl.testontwikkeling.nl\/de\/wp-json\/wp\/v2\/media\/17048"}],"wp:attachment":[{"href":"https:\/\/www.oudadl.testontwikkeling.nl\/de\/wp-json\/wp\/v2\/media?parent=6036"}],"wp:term":[{"taxonomy":"product_brand","embeddable":true,"href":"https:\/\/www.oudadl.testontwikkeling.nl\/de\/wp-json\/wp\/v2\/product_brand?post=6036"},{"taxonomy":"product_cat","embeddable":true,"href":"https:\/\/www.oudadl.testontwikkeling.nl\/de\/wp-json\/wp\/v2\/product_cat?post=6036"},{"taxonomy":"product_tag","embeddable":true,"href":"https:\/\/www.oudadl.testontwikkeling.nl\/de\/wp-json\/wp\/v2\/product_tag?post=6036"}],"curies":[{"name":"wp","href":"https:\/\/api.w.org\/{rel}","templated":true}]}}