{"id":59626,"date":"2025-05-17T08:50:56","date_gmt":"2025-05-17T06:50:56","guid":{"rendered":"https:\/\/www.oudadl.testontwikkeling.nl\/?post_type=product&#038;p=59626"},"modified":"2025-11-17T10:30:54","modified_gmt":"2025-11-17T09:30:54","slug":"strands-ize-led-frame-dubbel-horizontaal","status":"publish","type":"product","link":"https:\/\/www.oudadl.testontwikkeling.nl\/de\/product\/strands-ize-led-frame-dubbel-horizontaal\/","title":{"rendered":"Strands IZE LED frame zwei - horizontal"},"content":{"rendered":"<p><span style=\"color: #000000;\"><strong>Strands IZE LED frame zwei - horizontal.<\/strong><\/span><\/p>\n<p><span style=\"color: #000000;\">M\u00f6chten Sie Ihrem Lkw eine d\u00e4nische Sto\u00dfstange hinzuf\u00fcgen oder eine Blockleuchte elegant in eine R\u00fcckwand oder einen Schlauchhalter integrieren? Dann ist der Strands IZE LED frame Doppel-Horizontalrahmen die perfekte L\u00f6sung. Dieser Rahmen ist speziell f\u00fcr die Strands Blockleuchten konzipiert und wird einzeln inklusive Edelstahl-Montagematerial geliefert. So haben Sie alles, was Sie f\u00fcr eine einfache und sichere Installation ben\u00f6tigen.<\/span><\/p>\n<p><span style=\"color: #000000;\">Der horizontale Rahmen ist vollst\u00e4ndig ledig und f\u00fcr die IZE LED-Blockleuchten von Strands ausgelegt. Ein gro\u00dfer Vorteil ist, dass Sie keinen doppelten Sto\u00dff\u00e4nger ben\u00f6tigen und eine besch\u00e4digte Leuchte schnell und einfach austauschen k\u00f6nnen. Dadurch entf\u00e4llt der Aufwand f\u00fcr Gummilager und Ihr Truck sieht immer gut aus. Der Rahmen besteht aus hochwertigem ABS-Kunststoff und l\u00e4sst sich leicht in der gew\u00fcnschten Farbe lackieren. Dies kombiniert praktische Montage mit einem sauberen, professionellen Finish.<\/span><\/p>\n<h5><span style=\"color: #000000;\"><strong>Abmessungen:<\/strong><\/span><\/h5>\n<p><span style=\"color: #000000;\">Nat\u00fcrlich m\u00f6chten Sie sicher sein, dass der IZE LED frame Doppel-Horizontal perfekt zu Ihrem Fahrzeug passt. Deshalb haben wir im Folgenden die wichtigsten Merkmale aufgelistet. So wissen Sie sofort, ob dieses Modell f\u00fcr Ihren Einsatzzweck geeignet ist.<\/span><\/p>\n<ul>\n<li><span style=\"color: #000000;\">L\u00e4nge: 302 mm<\/span><\/li>\n<li><span style=\"color: #000000;\">Dicke: 25 mm\u00a0<\/span><\/li>\n<li><span style=\"color: #000000;\">H\u00f6he: 131,5 mm<\/span><\/li>\n<\/ul>\n<h5><span style=\"color: #000000;\"><strong>Andere Modelle:<\/strong><\/span><\/h5>\n<p><span style=\"color: #000000;\">Suchen Sie einen Rahmen f\u00fcr die Montage Ihrer Leuchten an Ihrem LKW oder Anh\u00e4nger, aber diese Version des Strands IZE LED frame ist nicht genau das, was Sie suchen? Kein Problem! Strands bietet den schicken IZE LED frame auch in mehreren anderen Versionen an. Nachfolgend finden Sie eine \u00dcbersicht der verf\u00fcgbaren Versionen, damit Sie ganz einfach die richtige f\u00fcr Ihr Fahrzeug ausw\u00e4hlen k\u00f6nnen.<\/span><\/p>\n<ul>\n<li><span style=\"color: #000000;\"><a style=\"color: #000000;\" href=\"https:\/\/www.oudadl.testontwikkeling.nl\/de\/produkt\/strands-ize-led-frame-dubbel-verticaal\/\"><strong>IZE LED Rahmen doppelt vertikal<\/strong><\/a><\/span><\/li>\n<li><span style=\"color: #000000;\"><a style=\"color: #000000;\" href=\"https:\/\/www.oudadl.testontwikkeling.nl\/de\/produkt\/strands-ize-led-frame-5-gaten\/\"><strong>IZE LED Rahmen 5 L\u00f6cher<\/strong><\/a><\/span><\/li>\n<li><span style=\"color: #000000;\"><strong><a style=\"color: #000000;\" href=\"https:\/\/www.oudadl.testontwikkeling.nl\/de\/produkt\/strands-ize-led-frame-4-gaten\/\">IZE LED Rahmen 4 L\u00f6cher<\/a><br \/>\n<\/strong><\/span><\/li>\n<li><span style=\"color: #000000;\"><a style=\"color: #000000;\" href=\"https:\/\/www.oudadl.testontwikkeling.nl\/de\/produkt\/strands-ize-led-frame-3-gaten\/\"><strong>IZE LED Rahmen 3 L\u00f6cher<\/strong><\/a><\/span><\/li>\n<li><span style=\"color: #000000;\"><a style=\"color: #000000;\" href=\"https:\/\/www.oudadl.testontwikkeling.nl\/de\/produkt\/strands-ize-led-frame-enkel\/\"><strong>IZE LED Rahmen einzeln<\/strong><\/a><\/span><\/li>\n<\/ul>\n<p><span style=\"color: #000000;\">Sie finden, dass die doppelte horizontale Sto\u00dfstange Strands IZE LED frame nicht Ihren Anforderungen entspricht? Vielleicht passt die Farbe oder Form nicht, oder Sie suchen einfach keine d\u00e4nische LKW-Sto\u00dfstange. Kein Problem! Schauen Sie sich gerne unsere <a style=\"color: #000000;\" href=\"https:\/\/www.oudadl.testontwikkeling.nl\/de\/merkk\/produkt-strands-beleuchtungsabteilung\/\">Strands<\/a> Seite. Hier finden Sie ein komplettes Sortiment an Leuchten, Rahmen und Zubeh\u00f6r, sodass Sie immer das richtige Teil f\u00fcr Ihr Fahrzeug finden.<\/span><\/p>","protected":false},"excerpt":{"rendered":"<p>Strands IZE LED frame dubbel &#8211; horizontaal. Wil je een Deense bumper bouwen op je vrachtwagen, of juist een bloklamp netjes inbouwen in een achterwand of slangenrek? Dan is het Strands IZE LED frame dubbel &#8211; horizontaal de perfecte oplossing. Dit frame is speciaal ontwikkeld voor de Strands bloklampen en wordt per stuk geleverd, inclusief [&hellip;]<\/p>\n","protected":false},"featured_media":59786,"comment_status":"open","ping_status":"closed","template":"","meta":{"_acf_changed":false,"site-sidebar-layout":"default","site-content-layout":"default","ast-site-content-layout":"default","site-content-style":"default","site-sidebar-style":"default","ast-global-header-display":"","ast-banner-title-visibility":"","ast-main-header-display":"","ast-hfb-above-header-display":"","ast-hfb-below-header-display":"","ast-hfb-mobile-header-display":"","site-post-title":"","ast-breadcrumbs-content":"","ast-featured-img":"","footer-sml-layout":"","ast-disable-related-posts":"","theme-transparent-header-meta":"default","adv-header-id-meta":"","stick-header-meta":"","header-above-stick-meta":"","header-main-stick-meta":"","header-below-stick-meta":"","astra-migrate-meta-layouts":"set","ast-page-background-enabled":"default","ast-page-background-meta":{"desktop":{"background-color":"","background-image":"","background-repeat":"repeat","background-position":"center center","background-size":"auto","background-attachment":"scroll","background-type":"","background-media":"","overlay-type":"","overlay-color":"","overlay-opacity":"","overlay-gradient":""},"tablet":{"background-color":"","background-image":"","background-repeat":"repeat","background-position":"center center","background-size":"auto","background-attachment":"scroll","background-type":"","background-media":"","overlay-type":"","overlay-color":"","overlay-opacity":"","overlay-gradient":""},"mobile":{"background-color":"","background-image":"","background-repeat":"repeat","background-position":"center center","background-size":"auto","background-attachment":"scroll","background-type":"","background-media":"","overlay-type":"","overlay-color":"","overlay-opacity":"","overlay-gradient":""}},"ast-content-background-meta":{"desktop":{"background-color":"var(--ast-global-color-5)","background-image":"","background-repeat":"repeat","background-position":"center center","background-size":"auto","background-attachment":"scroll","background-type":"","background-media":"","overlay-type":"","overlay-color":"","overlay-opacity":"","overlay-gradient":""},"tablet":{"background-color":"var(--ast-global-color-5)","background-image":"","background-repeat":"repeat","background-position":"center center","background-size":"auto","background-attachment":"scroll","background-type":"","background-media":"","overlay-type":"","overlay-color":"","overlay-opacity":"","overlay-gradient":""},"mobile":{"background-color":"var(--ast-global-color-5)","background-image":"","background-repeat":"repeat","background-position":"center center","background-size":"auto","background-attachment":"scroll","background-type":"","background-media":"","overlay-type":"","overlay-color":"","overlay-opacity":"","overlay-gradient":""}}},"product_brand":[],"product_cat":[8136],"product_tag":[],"class_list":{"0":"post-59626","1":"product","2":"type-product","3":"status-publish","4":"has-post-thumbnail","6":"product_cat-achterlicht-toebehoren","7":"pa_merkk-product-strands-lighting-division","8":"desktop-align-left","9":"tablet-align-left","10":"mobile-align-left","12":"first","13":"instock","14":"taxable","15":"shipping-taxable","16":"purchasable","17":"product-type-simple"},"acf":[],"yoast_head":"<!-- This site is optimized with the Yoast SEO Premium plugin v25.9 (Yoast SEO v27.6) - https:\/\/yoast.com\/product\/yoast-seo-premium-wordpress\/ -->\n<title>Strands IZE LED frame dubbel - horizontaal - All Day Led - Deense bumper<\/title>\n<meta name=\"description\" content=\"Strands IZE LED frame dubbel - horizontaal - lichtgewicht frame voor bloklampen - voor truck en trailer - gemaakt van ABS - snelle montage gegarandeerd\" \/>\n<meta name=\"robots\" content=\"noindex, follow, max-snippet:-1, max-image-preview:large, max-video-preview:-1\" \/>\n<meta property=\"og:locale\" content=\"de_DE\" \/>\n<meta property=\"og:type\" content=\"article\" \/>\n<meta property=\"og:title\" content=\"Strands IZE LED frame dubbel - horizontaal - All Day Led - Deense bumper\" \/>\n<meta property=\"og:description\" content=\"Strands IZE LED frame dubbel - horizontaal - lichtgewicht frame voor bloklampen - voor truck en trailer - gemaakt van ABS - snelle montage gegarandeerd\" \/>\n<meta property=\"og:url\" content=\"https:\/\/www.oudadl.testontwikkeling.nl\/de\/produkt\/strands-ize-led-frame-dubbel-horizontaal\/\" \/>\n<meta property=\"og:site_name\" content=\"All Day Led\" \/>\n<meta property=\"article:publisher\" content=\"https:\/\/www.facebook.com\/alldayled\/\" \/>\n<meta property=\"article:modified_time\" content=\"2025-11-17T09:30:54+00:00\" \/>\n<meta property=\"og:image\" content=\"https:\/\/www.oudadl.testontwikkeling.nl\/wp-content\/uploads\/2025\/08\/ADL800637-SM.png\" \/>\n\t<meta property=\"og:image:width\" content=\"800\" \/>\n\t<meta property=\"og:image:height\" content=\"800\" \/>\n\t<meta property=\"og:image:type\" content=\"image\/png\" \/>\n<meta name=\"twitter:label1\" content=\"Preis\" \/>\n\t<meta name=\"twitter:data1\" content=\"&euro;45,00\" \/>\n\t<meta name=\"twitter:label2\" content=\"Verf\u00fcgbarkeit\" \/>\n\t<meta name=\"twitter:data2\" content=\"Auf Lager\" \/>\n<script type=\"application\/ld+json\" class=\"yoast-schema-graph\">{\"@context\":\"https:\\\/\\\/schema.org\",\"@graph\":[{\"@type\":\"WebPage\",\"@id\":\"https:\\\/\\\/www.oudadl.testontwikkeling.nl\\\/product\\\/strands-ize-led-frame-dubbel-horizontaal\\\/\",\"url\":\"https:\\\/\\\/www.oudadl.testontwikkeling.nl\\\/product\\\/strands-ize-led-frame-dubbel-horizontaal\\\/\",\"name\":\"Strands IZE LED frame dubbel - horizontaal - All Day Led - Deense bumper\",\"isPartOf\":{\"@id\":\"https:\\\/\\\/www.oudadl.testontwikkeling.nl\\\/#website\"},\"primaryImageOfPage\":{\"@id\":\"https:\\\/\\\/www.oudadl.testontwikkeling.nl\\\/product\\\/strands-ize-led-frame-dubbel-horizontaal\\\/#primaryimage\"},\"image\":{\"@id\":\"https:\\\/\\\/www.oudadl.testontwikkeling.nl\\\/product\\\/strands-ize-led-frame-dubbel-horizontaal\\\/#primaryimage\"},\"thumbnailUrl\":\"https:\\\/\\\/www.oudadl.testontwikkeling.nl\\\/wp-content\\\/uploads\\\/2025\\\/08\\\/ADL800637.png\",\"datePublished\":\"2025-05-17T06:50:56+00:00\",\"dateModified\":\"2025-11-17T09:30:54+00:00\",\"description\":\"Strands IZE LED frame dubbel - horizontaal - lichtgewicht frame voor bloklampen - voor truck en trailer - gemaakt van ABS - snelle montage gegarandeerd\",\"breadcrumb\":{\"@id\":\"https:\\\/\\\/www.oudadl.testontwikkeling.nl\\\/product\\\/strands-ize-led-frame-dubbel-horizontaal\\\/#breadcrumb\"},\"inLanguage\":\"de\",\"potentialAction\":[{\"@type\":\"ReadAction\",\"target\":[\"https:\\\/\\\/www.oudadl.testontwikkeling.nl\\\/product\\\/strands-ize-led-frame-dubbel-horizontaal\\\/\"]}]},{\"@type\":\"ImageObject\",\"inLanguage\":\"de\",\"@id\":\"https:\\\/\\\/www.oudadl.testontwikkeling.nl\\\/product\\\/strands-ize-led-frame-dubbel-horizontaal\\\/#primaryimage\",\"url\":\"https:\\\/\\\/www.oudadl.testontwikkeling.nl\\\/wp-content\\\/uploads\\\/2025\\\/08\\\/ADL800637.png\",\"contentUrl\":\"https:\\\/\\\/www.oudadl.testontwikkeling.nl\\\/wp-content\\\/uploads\\\/2025\\\/08\\\/ADL800637.png\",\"width\":800,\"height\":600,\"caption\":\"Strands IZE LED frame horizontaal-dubbel - 800637 - ABS kunststof\"},{\"@type\":\"BreadcrumbList\",\"@id\":\"https:\\\/\\\/www.oudadl.testontwikkeling.nl\\\/product\\\/strands-ize-led-frame-dubbel-horizontaal\\\/#breadcrumb\",\"itemListElement\":[{\"@type\":\"ListItem\",\"position\":1,\"name\":\"Home\",\"item\":\"https:\\\/\\\/www.oudadl.testontwikkeling.nl\\\/\"},{\"@type\":\"ListItem\",\"position\":2,\"name\":\"Shop\",\"item\":\"https:\\\/\\\/www.oudadl.testontwikkeling.nl\\\/de\\\/shop\\\/\"},{\"@type\":\"ListItem\",\"position\":3,\"name\":\"Achterlichten\",\"item\":\"https:\\\/\\\/www.oudadl.testontwikkeling.nl\\\/product-categorie\\\/achterlichten\\\/\"},{\"@type\":\"ListItem\",\"position\":4,\"name\":\"Achterlicht toebehoren\",\"item\":\"https:\\\/\\\/www.oudadl.testontwikkeling.nl\\\/product-categorie\\\/achterlichten\\\/achterlicht-toebehoren\\\/\"},{\"@type\":\"ListItem\",\"position\":5,\"name\":\"Strands IZE LED frame dubbel &#8211; horizontaal\"}]},{\"@type\":\"WebSite\",\"@id\":\"https:\\\/\\\/www.oudadl.testontwikkeling.nl\\\/#website\",\"url\":\"https:\\\/\\\/www.oudadl.testontwikkeling.nl\\\/\",\"name\":\"All Day Led\",\"description\":\"\",\"publisher\":{\"@id\":\"https:\\\/\\\/www.oudadl.testontwikkeling.nl\\\/#organization\"},\"potentialAction\":[{\"@type\":\"SearchAction\",\"target\":{\"@type\":\"EntryPoint\",\"urlTemplate\":\"https:\\\/\\\/www.oudadl.testontwikkeling.nl\\\/?s={search_term_string}\"},\"query-input\":{\"@type\":\"PropertyValueSpecification\",\"valueRequired\":true,\"valueName\":\"search_term_string\"}}],\"inLanguage\":\"de\"},{\"@type\":\"Organization\",\"@id\":\"https:\\\/\\\/www.oudadl.testontwikkeling.nl\\\/#organization\",\"name\":\"All Day Led\",\"url\":\"https:\\\/\\\/www.oudadl.testontwikkeling.nl\\\/\",\"logo\":{\"@type\":\"ImageObject\",\"inLanguage\":\"de\",\"@id\":\"https:\\\/\\\/www.oudadl.testontwikkeling.nl\\\/#\\\/schema\\\/logo\\\/image\\\/\",\"url\":\"https:\\\/\\\/www.oudadl.testontwikkeling.nl\\\/wp-content\\\/uploads\\\/2022\\\/08\\\/Logo-ALL-DAY-LED-800x800-zwart-witte-letters.png\",\"contentUrl\":\"https:\\\/\\\/www.oudadl.testontwikkeling.nl\\\/wp-content\\\/uploads\\\/2022\\\/08\\\/Logo-ALL-DAY-LED-800x800-zwart-witte-letters.png\",\"width\":800,\"height\":800,\"caption\":\"All Day Led\"},\"image\":{\"@id\":\"https:\\\/\\\/www.oudadl.testontwikkeling.nl\\\/#\\\/schema\\\/logo\\\/image\\\/\"},\"sameAs\":[\"https:\\\/\\\/www.facebook.com\\\/alldayled\\\/\",\"https:\\\/\\\/www.instagram.com\\\/alldayled\\\/\"],\"vatID\":\"NL863960133B01\",\"taxID\":\"86416545\",\"hasMerchantReturnPolicy\":{\"@type\":\"MerchantReturnPolicy\",\"merchantReturnLink\":\"https:\\\/\\\/www.oudadl.testontwikkeling.nl\\\/de\\\/verzenden-retourneren\\\/\"}}]}<\/script>\n<meta property=\"product:brand\" content=\"Strands\" \/>\n<meta property=\"product:price:amount\" content=\"45.00\" \/>\n<meta property=\"product:price:currency\" content=\"EUR\" \/>\n<meta property=\"og:availability\" content=\"instock\" \/>\n<meta property=\"product:availability\" content=\"instock\" \/>\n<meta property=\"product:retailer_item_id\" content=\"ADL800637\" \/>\n<meta property=\"product:condition\" content=\"new\" \/>\n<!-- \/ Yoast SEO Premium plugin. -->","yoast_head_json":{"title":"Strands IZE LED frame doppelt - horizontal - All Day Led - d\u00e4nischer Sto\u00dff\u00e4nger","description":"Strands IZE LED frame doppelt - horizontal - leichter Rahmen f\u00fcr Blockleuchten - f\u00fcr LKW und Anh\u00e4nger - aus ABS - schnelle Montage garantiert","robots":{"index":"noindex","follow":"follow","max-snippet":"max-snippet:-1","max-image-preview":"max-image-preview:large","max-video-preview":"max-video-preview:-1"},"og_locale":"de_DE","og_type":"article","og_title":"Strands IZE LED frame dubbel - horizontaal - All Day Led - Deense bumper","og_description":"Strands IZE LED frame dubbel - horizontaal - lichtgewicht frame voor bloklampen - voor truck en trailer - gemaakt van ABS - snelle montage gegarandeerd","og_url":"https:\/\/www.oudadl.testontwikkeling.nl\/de\/produkt\/strands-ize-led-frame-dubbel-horizontaal\/","og_site_name":"All Day Led","article_publisher":"https:\/\/www.facebook.com\/alldayled\/","article_modified_time":"2025-11-17T09:30:54+00:00","og_image":[{"width":800,"height":800,"url":"https:\/\/www.oudadl.testontwikkeling.nl\/wp-content\/uploads\/2025\/08\/ADL800637-SM.png","type":"image\/png"}],"twitter_misc":{"Preis":"&euro;45,00","Verf\u00fcgbarkeit":"Auf Lager"},"schema":{"@context":"https:\/\/schema.org","@graph":[{"@type":"WebPage","@id":"https:\/\/www.oudadl.testontwikkeling.nl\/product\/strands-ize-led-frame-dubbel-horizontaal\/","url":"https:\/\/www.oudadl.testontwikkeling.nl\/product\/strands-ize-led-frame-dubbel-horizontaal\/","name":"Strands IZE LED frame doppelt - horizontal - All Day Led - d\u00e4nischer Sto\u00dff\u00e4nger","isPartOf":{"@id":"https:\/\/www.oudadl.testontwikkeling.nl\/#website"},"primaryImageOfPage":{"@id":"https:\/\/www.oudadl.testontwikkeling.nl\/product\/strands-ize-led-frame-dubbel-horizontaal\/#primaryimage"},"image":{"@id":"https:\/\/www.oudadl.testontwikkeling.nl\/product\/strands-ize-led-frame-dubbel-horizontaal\/#primaryimage"},"thumbnailUrl":"https:\/\/www.oudadl.testontwikkeling.nl\/wp-content\/uploads\/2025\/08\/ADL800637.png","datePublished":"2025-05-17T06:50:56+00:00","dateModified":"2025-11-17T09:30:54+00:00","description":"Strands IZE LED frame doppelt - horizontal - leichter Rahmen f\u00fcr Blockleuchten - f\u00fcr LKW und Anh\u00e4nger - aus ABS - schnelle Montage garantiert","breadcrumb":{"@id":"https:\/\/www.oudadl.testontwikkeling.nl\/product\/strands-ize-led-frame-dubbel-horizontaal\/#breadcrumb"},"inLanguage":"de","potentialAction":[{"@type":"ReadAction","target":["https:\/\/www.oudadl.testontwikkeling.nl\/product\/strands-ize-led-frame-dubbel-horizontaal\/"]}]},{"@type":"ImageObject","inLanguage":"de","@id":"https:\/\/www.oudadl.testontwikkeling.nl\/product\/strands-ize-led-frame-dubbel-horizontaal\/#primaryimage","url":"https:\/\/www.oudadl.testontwikkeling.nl\/wp-content\/uploads\/2025\/08\/ADL800637.png","contentUrl":"https:\/\/www.oudadl.testontwikkeling.nl\/wp-content\/uploads\/2025\/08\/ADL800637.png","width":800,"height":600,"caption":"Strands IZE LED frame horizontaal-dubbel - 800637 - ABS kunststof"},{"@type":"BreadcrumbList","@id":"https:\/\/www.oudadl.testontwikkeling.nl\/product\/strands-ize-led-frame-dubbel-horizontaal\/#breadcrumb","itemListElement":[{"@type":"ListItem","position":1,"name":"Home","item":"https:\/\/www.oudadl.testontwikkeling.nl\/"},{"@type":"ListItem","position":2,"name":"Shop","item":"https:\/\/www.oudadl.testontwikkeling.nl\/de\/shop\/"},{"@type":"ListItem","position":3,"name":"Achterlichten","item":"https:\/\/www.oudadl.testontwikkeling.nl\/product-categorie\/achterlichten\/"},{"@type":"ListItem","position":4,"name":"Achterlicht toebehoren","item":"https:\/\/www.oudadl.testontwikkeling.nl\/product-categorie\/achterlichten\/achterlicht-toebehoren\/"},{"@type":"ListItem","position":5,"name":"Strands IZE LED frame dubbel &#8211; horizontaal"}]},{"@type":"WebSite","@id":"https:\/\/www.oudadl.testontwikkeling.nl\/#website","url":"https:\/\/www.oudadl.testontwikkeling.nl\/","name":"All Day Led","description":"","publisher":{"@id":"https:\/\/www.oudadl.testontwikkeling.nl\/#organization"},"potentialAction":[{"@type":"SearchAction","target":{"@type":"EntryPoint","urlTemplate":"https:\/\/www.oudadl.testontwikkeling.nl\/?s={search_term_string}"},"query-input":{"@type":"PropertyValueSpecification","valueRequired":true,"valueName":"search_term_string"}}],"inLanguage":"de"},{"@type":"Organization","@id":"https:\/\/www.oudadl.testontwikkeling.nl\/#organization","name":"All Day Led","url":"https:\/\/www.oudadl.testontwikkeling.nl\/","logo":{"@type":"ImageObject","inLanguage":"de","@id":"https:\/\/www.oudadl.testontwikkeling.nl\/#\/schema\/logo\/image\/","url":"https:\/\/www.oudadl.testontwikkeling.nl\/wp-content\/uploads\/2022\/08\/Logo-ALL-DAY-LED-800x800-zwart-witte-letters.png","contentUrl":"https:\/\/www.oudadl.testontwikkeling.nl\/wp-content\/uploads\/2022\/08\/Logo-ALL-DAY-LED-800x800-zwart-witte-letters.png","width":800,"height":800,"caption":"All Day Led"},"image":{"@id":"https:\/\/www.oudadl.testontwikkeling.nl\/#\/schema\/logo\/image\/"},"sameAs":["https:\/\/www.facebook.com\/alldayled\/","https:\/\/www.instagram.com\/alldayled\/"],"vatID":"NL863960133B01","taxID":"86416545","hasMerchantReturnPolicy":{"@type":"MerchantReturnPolicy","merchantReturnLink":"https:\/\/www.oudadl.testontwikkeling.nl\/de\/verzenden-retourneren\/"}}]},"product_brand":"Strands","product_price_amount":"45.00","product_price_currency":"EUR","og_availability":"instock","product_availability":"instock","product_retailer_item_id":"ADL800637","product_condition":"new"},"_links":{"self":[{"href":"https:\/\/www.oudadl.testontwikkeling.nl\/de\/wp-json\/wp\/v2\/product\/59626","targetHints":{"allow":["GET"]}}],"collection":[{"href":"https:\/\/www.oudadl.testontwikkeling.nl\/de\/wp-json\/wp\/v2\/product"}],"about":[{"href":"https:\/\/www.oudadl.testontwikkeling.nl\/de\/wp-json\/wp\/v2\/types\/product"}],"replies":[{"embeddable":true,"href":"https:\/\/www.oudadl.testontwikkeling.nl\/de\/wp-json\/wp\/v2\/comments?post=59626"}],"wp:featuredmedia":[{"embeddable":true,"href":"https:\/\/www.oudadl.testontwikkeling.nl\/de\/wp-json\/wp\/v2\/media\/59786"}],"wp:attachment":[{"href":"https:\/\/www.oudadl.testontwikkeling.nl\/de\/wp-json\/wp\/v2\/media?parent=59626"}],"wp:term":[{"taxonomy":"product_brand","embeddable":true,"href":"https:\/\/www.oudadl.testontwikkeling.nl\/de\/wp-json\/wp\/v2\/product_brand?post=59626"},{"taxonomy":"product_cat","embeddable":true,"href":"https:\/\/www.oudadl.testontwikkeling.nl\/de\/wp-json\/wp\/v2\/product_cat?post=59626"},{"taxonomy":"product_tag","embeddable":true,"href":"https:\/\/www.oudadl.testontwikkeling.nl\/de\/wp-json\/wp\/v2\/product_tag?post=59626"}],"curies":[{"name":"wp","href":"https:\/\/api.w.org\/{rel}","templated":true}]}}