{"id":59465,"date":"2025-05-16T12:15:56","date_gmt":"2025-05-16T10:15:56","guid":{"rendered":"https:\/\/www.oudadl.testontwikkeling.nl\/?post_type=product&#038;p=59465"},"modified":"2025-12-05T20:23:11","modified_gmt":"2025-12-05T19:23:11","slug":"strands-for9t-orbi-3-kamer-led-achterlicht","status":"publish","type":"product","link":"https:\/\/www.oudadl.testontwikkeling.nl\/de\/product\/strands-for9t-orbi-3-kamer-led-achterlicht\/","title":{"rendered":"Strands FOR9T Orbi 3-Kammer LED R\u00fccklicht"},"content":{"rendered":"<p><span style=\"color: #000000;\"><strong>Strands FOR9T Orbi 3-Kammer LED R\u00fccklicht, f\u00fcr 12 &amp; 24 Volt.\u00a0<\/strong><\/span><\/p>\n<p><span style=\"color: #000000;\">Suchen Sie ein rundes LED-R\u00fccklicht, das nicht nur funktional ist, sondern Ihrem Fahrzeug auch ein modernes und elegantes Aussehen verleiht? Dann ist das Strands FOR9T Orbi-R\u00fccklicht genau das Richtige f\u00fcr Sie. Dieses einzigartige Licht vereint gleich drei Funktionen in einem: R\u00fccklicht, Bremslicht und Blinker. Dank der stilvollen dunklen Linse f\u00fcgt es sich nahtlos in die Optik Ihres Fahrzeugs ein und passt perfekt zum Rest der Serien FOR9T und Strands.<\/span><\/p>\n<p><span style=\"color: #000000;\">Das Strands Orbi R\u00fccklicht funktioniert sowohl mit 12 als auch mit 24 Volt und wird standardm\u00e4\u00dfig mit einem robusten 2,5 Meter langen Anschlusskabel geliefert, was die Installation einfach und flexibel macht. Ideal f\u00fcr LKW, Wohnmobile, PKW, Traktoren oder Anh\u00e4nger. Dar\u00fcber hinaus ist die Leuchte vollst\u00e4ndig nach ledig ECE R148 zugelassen und kann somit offiziell als R\u00fccklicht verwendet werden. Dank der Schutzart IP67 ist die Leuchte zudem vollst\u00e4ndig staub- und wasserdicht und gew\u00e4hrleistet so optimale Zuverl\u00e4ssigkeit unter allen Bedingungen. Das clevere Design und die langlebigen Materialien sorgen daf\u00fcr, dass dieses R\u00fccklicht auch bei intensiver Nutzung jahrelang h\u00e4lt.<\/span><\/p>\n<h5><span style=\"color: #000000;\"><strong>Abmessungen:<\/strong><\/span><\/h5>\n<p><span style=\"color: #000000;\">Damit das Orbi R\u00fccklicht FOR9T optimal zu Ihrem Fahrzeug passt, haben wir die wichtigsten Merkmale nachfolgend aufgelistet. So wissen Sie sofort, ob dieses Modell f\u00fcr Ihren Einsatzzweck geeignet ist.<\/span><\/p>\n<ul>\n<li><span style=\"color: #000000;\">Geh\u00e4usedurchmesser: 151 mm<\/span><\/li>\n<li><span style=\"color: #000000;\">Lampendurchmesser: 114 mm\u00a0<\/span><\/li>\n<li><span style=\"color: #000000;\">Einbautiefe: 56 mm<\/span><\/li>\n<li><span style=\"color: #000000;\">HoH: 130 mm<\/span><\/li>\n<\/ul>\n<h5><span style=\"color: #000000;\"><strong>Andere Modelle:<\/strong><\/span><\/h5>\n<p><span style=\"color: #000000;\">Du w\u00fcnschst dir ein rundes R\u00fccklicht der LED-Serie, aber das Orbi-R\u00fccklicht der Strands FOR9T-Serie ist nicht das Richtige f\u00fcr dich? Kein Problem! Die Strands FOR9T-Serie bietet verschiedene Varianten, sodass du garantiert die passende f\u00fcr dein Fahrzeug findest. Nachfolgend haben wir die weiteren Modelle f\u00fcr dich aufgelistet:<\/span><\/p>\n<ul>\n<li><a href=\"https:\/\/www.oudadl.testontwikkeling.nl\/de\/produkt\/strands-for9t-orbi-mist-achteruitrijlicht\/\"><span style=\"color: #000000;\"><strong>FOR9T Orbi Nebel - R\u00fcckfahrscheinwerfer<\/strong><\/span><\/a><\/li>\n<\/ul>\n<p><span style=\"color: #000000;\">Das Strands FOR9T Orbi R\u00fccklicht ist nicht ganz das, was Sie suchen? Form, Lichtleistung oder Design passen nicht perfekt zu Ihren Bed\u00fcrfnissen. Kein Problem! Die Strands FOR9T-Serie umfasst verschiedene Modelle und Varianten, sodass Sie immer die passende Leuchte f\u00fcr Ihr Fahrzeug finden. Entdecken Sie hier das komplette Sortiment. <a style=\"color: #000000;\" href=\"https:\/\/www.oudadl.testontwikkeling.nl\/de\/produkt-kategorie\/strands-for9t\/\">Serie FOR9T<\/a> und finden Sie genau die Lampe, die Ihrem LKW, Wohnmobil oder Anh\u00e4nger das gew\u00fcnschte Aussehen und die gew\u00fcnschte Funktionalit\u00e4t verleiht.<\/span><\/p>","protected":false},"excerpt":{"rendered":"<p>Strands FOR9T Orbi 3 kamer LED achterlicht, voor 12&amp; 24 volt.\u00a0 Ben jij op zoek naar een rond LED achterlicht dat niet alleen functioneel is, maar jouw voertuig ook direct een moderne en strakke uitstraling geeft? Dan is het Strands FOR9T Orbi achterlicht precies wat je nodig hebt. Deze unieke lamp combineert maar liefst drie [&hellip;]<\/p>\n","protected":false},"featured_media":59484,"comment_status":"open","ping_status":"closed","template":"","meta":{"_acf_changed":false,"site-sidebar-layout":"default","site-content-layout":"default","ast-site-content-layout":"default","site-content-style":"default","site-sidebar-style":"default","ast-global-header-display":"","ast-banner-title-visibility":"","ast-main-header-display":"","ast-hfb-above-header-display":"","ast-hfb-below-header-display":"","ast-hfb-mobile-header-display":"","site-post-title":"","ast-breadcrumbs-content":"","ast-featured-img":"","footer-sml-layout":"","ast-disable-related-posts":"","theme-transparent-header-meta":"default","adv-header-id-meta":"","stick-header-meta":"","header-above-stick-meta":"","header-main-stick-meta":"","header-below-stick-meta":"","astra-migrate-meta-layouts":"set","ast-page-background-enabled":"default","ast-page-background-meta":{"desktop":{"background-color":"","background-image":"","background-repeat":"repeat","background-position":"center center","background-size":"auto","background-attachment":"scroll","background-type":"","background-media":"","overlay-type":"","overlay-color":"","overlay-opacity":"","overlay-gradient":""},"tablet":{"background-color":"","background-image":"","background-repeat":"repeat","background-position":"center center","background-size":"auto","background-attachment":"scroll","background-type":"","background-media":"","overlay-type":"","overlay-color":"","overlay-opacity":"","overlay-gradient":""},"mobile":{"background-color":"","background-image":"","background-repeat":"repeat","background-position":"center center","background-size":"auto","background-attachment":"scroll","background-type":"","background-media":"","overlay-type":"","overlay-color":"","overlay-opacity":"","overlay-gradient":""}},"ast-content-background-meta":{"desktop":{"background-color":"var(--ast-global-color-5)","background-image":"","background-repeat":"repeat","background-position":"center center","background-size":"auto","background-attachment":"scroll","background-type":"","background-media":"","overlay-type":"","overlay-color":"","overlay-opacity":"","overlay-gradient":""},"tablet":{"background-color":"var(--ast-global-color-5)","background-image":"","background-repeat":"repeat","background-position":"center center","background-size":"auto","background-attachment":"scroll","background-type":"","background-media":"","overlay-type":"","overlay-color":"","overlay-opacity":"","overlay-gradient":""},"mobile":{"background-color":"var(--ast-global-color-5)","background-image":"","background-repeat":"repeat","background-position":"center center","background-size":"auto","background-attachment":"scroll","background-type":"","background-media":"","overlay-type":"","overlay-color":"","overlay-opacity":"","overlay-gradient":""}}},"product_brand":[],"product_cat":[8134,8108],"product_tag":[8113,2505,2426,2427,252],"class_list":{"0":"post-59465","1":"product","2":"type-product","3":"status-publish","4":"has-post-thumbnail","6":"product_cat-achterlicht-rond","7":"product_cat-strands-for9t","8":"product_tag-for9t","9":"product_tag-led-achterlicht","10":"product_tag-strands-led-verlichting","11":"product_tag-strands-lighting-division","12":"product_tag-truckstyling","13":"pa_merkk-product-strands-lighting-division","14":"desktop-align-left","15":"tablet-align-left","16":"mobile-align-left","18":"first","19":"instock","20":"taxable","21":"shipping-taxable","22":"purchasable","23":"product-type-simple"},"acf":[],"yoast_head":"<!-- This site is optimized with the Yoast SEO Premium plugin v25.9 (Yoast SEO v27.6) - https:\/\/yoast.com\/product\/yoast-seo-premium-wordpress\/ -->\n<title>Strands FOR9T Orbi achterlicht 3 kamer - All Day Led - 12&amp;24V<\/title>\n<meta name=\"description\" content=\"Strands FOR9T Orbi achterlicht - LED achterlicht rond - voor auto, vrachtwagen en meer - ECE R148 - 3 kamer LED achterlicht - 12&amp;24V\" \/>\n<meta name=\"robots\" content=\"noindex, follow, max-snippet:-1, max-image-preview:large, max-video-preview:-1\" \/>\n<meta property=\"og:locale\" content=\"de_DE\" \/>\n<meta property=\"og:type\" content=\"article\" \/>\n<meta property=\"og:title\" content=\"Strands FOR9T Orbi achterlicht 3 kamer - All Day Led - 12&amp;24V\" \/>\n<meta property=\"og:description\" content=\"Strands FOR9T Orbi achterlicht - LED achterlicht rond - voor auto, vrachtwagen en meer - ECE R148 - 3 kamer LED achterlicht - 12&amp;24V\" \/>\n<meta property=\"og:url\" content=\"https:\/\/www.oudadl.testontwikkeling.nl\/de\/produkt\/strands-for9t-orbi-3-kamer-led-achterlicht\/\" \/>\n<meta property=\"og:site_name\" content=\"All Day Led\" \/>\n<meta property=\"article:publisher\" content=\"https:\/\/www.facebook.com\/alldayled\/\" \/>\n<meta property=\"article:modified_time\" content=\"2025-12-05T19:23:11+00:00\" \/>\n<meta property=\"og:image\" content=\"https:\/\/www.oudadl.testontwikkeling.nl\/wp-content\/uploads\/2025\/08\/ADL800651-SM.png\" \/>\n\t<meta property=\"og:image:width\" content=\"800\" \/>\n\t<meta property=\"og:image:height\" content=\"800\" \/>\n\t<meta property=\"og:image:type\" content=\"image\/png\" \/>\n<meta name=\"twitter:label1\" content=\"Preis\" \/>\n\t<meta name=\"twitter:data1\" content=\"&euro;79,00\" \/>\n\t<meta name=\"twitter:label2\" content=\"Verf\u00fcgbarkeit\" \/>\n\t<meta name=\"twitter:data2\" content=\"Auf Lager\" \/>\n<script type=\"application\/ld+json\" class=\"yoast-schema-graph\">{\"@context\":\"https:\\\/\\\/schema.org\",\"@graph\":[{\"@type\":\"WebPage\",\"@id\":\"https:\\\/\\\/www.oudadl.testontwikkeling.nl\\\/product\\\/strands-for9t-orbi-3-kamer-led-achterlicht\\\/\",\"url\":\"https:\\\/\\\/www.oudadl.testontwikkeling.nl\\\/product\\\/strands-for9t-orbi-3-kamer-led-achterlicht\\\/\",\"name\":\"Strands FOR9T Orbi achterlicht 3 kamer - All Day Led - 12&24V\",\"isPartOf\":{\"@id\":\"https:\\\/\\\/www.oudadl.testontwikkeling.nl\\\/#website\"},\"primaryImageOfPage\":{\"@id\":\"https:\\\/\\\/www.oudadl.testontwikkeling.nl\\\/product\\\/strands-for9t-orbi-3-kamer-led-achterlicht\\\/#primaryimage\"},\"image\":{\"@id\":\"https:\\\/\\\/www.oudadl.testontwikkeling.nl\\\/product\\\/strands-for9t-orbi-3-kamer-led-achterlicht\\\/#primaryimage\"},\"thumbnailUrl\":\"https:\\\/\\\/www.oudadl.testontwikkeling.nl\\\/wp-content\\\/uploads\\\/2025\\\/08\\\/ADL800651.png\",\"datePublished\":\"2025-05-16T10:15:56+00:00\",\"dateModified\":\"2025-12-05T19:23:11+00:00\",\"description\":\"Strands FOR9T Orbi achterlicht - LED achterlicht rond - voor auto, vrachtwagen en meer - ECE R148 - 3 kamer LED achterlicht - 12&24V\",\"breadcrumb\":{\"@id\":\"https:\\\/\\\/www.oudadl.testontwikkeling.nl\\\/product\\\/strands-for9t-orbi-3-kamer-led-achterlicht\\\/#breadcrumb\"},\"inLanguage\":\"de\",\"potentialAction\":[{\"@type\":\"ReadAction\",\"target\":[\"https:\\\/\\\/www.oudadl.testontwikkeling.nl\\\/product\\\/strands-for9t-orbi-3-kamer-led-achterlicht\\\/\"]}]},{\"@type\":\"ImageObject\",\"inLanguage\":\"de\",\"@id\":\"https:\\\/\\\/www.oudadl.testontwikkeling.nl\\\/product\\\/strands-for9t-orbi-3-kamer-led-achterlicht\\\/#primaryimage\",\"url\":\"https:\\\/\\\/www.oudadl.testontwikkeling.nl\\\/wp-content\\\/uploads\\\/2025\\\/08\\\/ADL800651.png\",\"contentUrl\":\"https:\\\/\\\/www.oudadl.testontwikkeling.nl\\\/wp-content\\\/uploads\\\/2025\\\/08\\\/ADL800651.png\",\"width\":800,\"height\":600,\"caption\":\"Strands FOR9T Orbi achterlicht - ECE R148 800651 - 3 kamer LED achterlicht - geschikt voor 12&24V - IP67\"},{\"@type\":\"BreadcrumbList\",\"@id\":\"https:\\\/\\\/www.oudadl.testontwikkeling.nl\\\/product\\\/strands-for9t-orbi-3-kamer-led-achterlicht\\\/#breadcrumb\",\"itemListElement\":[{\"@type\":\"ListItem\",\"position\":1,\"name\":\"Home\",\"item\":\"https:\\\/\\\/www.oudadl.testontwikkeling.nl\\\/\"},{\"@type\":\"ListItem\",\"position\":2,\"name\":\"Shop\",\"item\":\"https:\\\/\\\/www.oudadl.testontwikkeling.nl\\\/de\\\/shop\\\/\"},{\"@type\":\"ListItem\",\"position\":3,\"name\":\"Achterlichten\",\"item\":\"https:\\\/\\\/www.oudadl.testontwikkeling.nl\\\/product-categorie\\\/achterlichten\\\/\"},{\"@type\":\"ListItem\",\"position\":4,\"name\":\"Achterlicht rond\",\"item\":\"https:\\\/\\\/www.oudadl.testontwikkeling.nl\\\/product-categorie\\\/achterlichten\\\/achterlicht-rond\\\/\"},{\"@type\":\"ListItem\",\"position\":5,\"name\":\"Strands FOR9T Orbi 3-kamer LED achterlicht\"}]},{\"@type\":\"WebSite\",\"@id\":\"https:\\\/\\\/www.oudadl.testontwikkeling.nl\\\/#website\",\"url\":\"https:\\\/\\\/www.oudadl.testontwikkeling.nl\\\/\",\"name\":\"All Day Led\",\"description\":\"\",\"publisher\":{\"@id\":\"https:\\\/\\\/www.oudadl.testontwikkeling.nl\\\/#organization\"},\"potentialAction\":[{\"@type\":\"SearchAction\",\"target\":{\"@type\":\"EntryPoint\",\"urlTemplate\":\"https:\\\/\\\/www.oudadl.testontwikkeling.nl\\\/?s={search_term_string}\"},\"query-input\":{\"@type\":\"PropertyValueSpecification\",\"valueRequired\":true,\"valueName\":\"search_term_string\"}}],\"inLanguage\":\"de\"},{\"@type\":\"Organization\",\"@id\":\"https:\\\/\\\/www.oudadl.testontwikkeling.nl\\\/#organization\",\"name\":\"All Day Led\",\"url\":\"https:\\\/\\\/www.oudadl.testontwikkeling.nl\\\/\",\"logo\":{\"@type\":\"ImageObject\",\"inLanguage\":\"de\",\"@id\":\"https:\\\/\\\/www.oudadl.testontwikkeling.nl\\\/#\\\/schema\\\/logo\\\/image\\\/\",\"url\":\"https:\\\/\\\/www.oudadl.testontwikkeling.nl\\\/wp-content\\\/uploads\\\/2022\\\/08\\\/Logo-ALL-DAY-LED-800x800-zwart-witte-letters.png\",\"contentUrl\":\"https:\\\/\\\/www.oudadl.testontwikkeling.nl\\\/wp-content\\\/uploads\\\/2022\\\/08\\\/Logo-ALL-DAY-LED-800x800-zwart-witte-letters.png\",\"width\":800,\"height\":800,\"caption\":\"All Day Led\"},\"image\":{\"@id\":\"https:\\\/\\\/www.oudadl.testontwikkeling.nl\\\/#\\\/schema\\\/logo\\\/image\\\/\"},\"sameAs\":[\"https:\\\/\\\/www.facebook.com\\\/alldayled\\\/\",\"https:\\\/\\\/www.instagram.com\\\/alldayled\\\/\"],\"vatID\":\"NL863960133B01\",\"taxID\":\"86416545\",\"hasMerchantReturnPolicy\":{\"@type\":\"MerchantReturnPolicy\",\"merchantReturnLink\":\"https:\\\/\\\/www.oudadl.testontwikkeling.nl\\\/de\\\/verzenden-retourneren\\\/\"}}]}<\/script>\n<meta property=\"product:brand\" content=\"Strands\" \/>\n<meta property=\"product:price:amount\" content=\"79.00\" \/>\n<meta property=\"product:price:currency\" content=\"EUR\" \/>\n<meta property=\"og:availability\" content=\"instock\" \/>\n<meta property=\"product:availability\" content=\"instock\" \/>\n<meta property=\"product:retailer_item_id\" content=\"ADL800651\" \/>\n<meta property=\"product:condition\" content=\"new\" \/>\n<!-- \/ Yoast SEO Premium plugin. -->","yoast_head_json":{"title":"Strands FOR9T Orbi R\u00fccklicht 3 Kammer - All Day Led - 12&amp;24V","description":"Strands FOR9T Orbi R\u00fcckleuchte - LED R\u00fcckleuchte rund - f\u00fcr PKW, LKW und mehr - ECE R148 - 3 Kammer LED R\u00fcckleuchte - 12&amp;24V","robots":{"index":"noindex","follow":"follow","max-snippet":"max-snippet:-1","max-image-preview":"max-image-preview:large","max-video-preview":"max-video-preview:-1"},"og_locale":"de_DE","og_type":"article","og_title":"Strands FOR9T Orbi achterlicht 3 kamer - All Day Led - 12&24V","og_description":"Strands FOR9T Orbi achterlicht - LED achterlicht rond - voor auto, vrachtwagen en meer - ECE R148 - 3 kamer LED achterlicht - 12&24V","og_url":"https:\/\/www.oudadl.testontwikkeling.nl\/de\/produkt\/strands-for9t-orbi-3-kamer-led-achterlicht\/","og_site_name":"All Day Led","article_publisher":"https:\/\/www.facebook.com\/alldayled\/","article_modified_time":"2025-12-05T19:23:11+00:00","og_image":[{"width":800,"height":800,"url":"https:\/\/www.oudadl.testontwikkeling.nl\/wp-content\/uploads\/2025\/08\/ADL800651-SM.png","type":"image\/png"}],"twitter_misc":{"Preis":"&euro;79,00","Verf\u00fcgbarkeit":"Auf Lager"},"schema":{"@context":"https:\/\/schema.org","@graph":[{"@type":"WebPage","@id":"https:\/\/www.oudadl.testontwikkeling.nl\/product\/strands-for9t-orbi-3-kamer-led-achterlicht\/","url":"https:\/\/www.oudadl.testontwikkeling.nl\/product\/strands-for9t-orbi-3-kamer-led-achterlicht\/","name":"Strands FOR9T Orbi R\u00fccklicht 3 Kammer - All Day Led - 12&amp;24V","isPartOf":{"@id":"https:\/\/www.oudadl.testontwikkeling.nl\/#website"},"primaryImageOfPage":{"@id":"https:\/\/www.oudadl.testontwikkeling.nl\/product\/strands-for9t-orbi-3-kamer-led-achterlicht\/#primaryimage"},"image":{"@id":"https:\/\/www.oudadl.testontwikkeling.nl\/product\/strands-for9t-orbi-3-kamer-led-achterlicht\/#primaryimage"},"thumbnailUrl":"https:\/\/www.oudadl.testontwikkeling.nl\/wp-content\/uploads\/2025\/08\/ADL800651.png","datePublished":"2025-05-16T10:15:56+00:00","dateModified":"2025-12-05T19:23:11+00:00","description":"Strands FOR9T Orbi R\u00fcckleuchte - LED R\u00fcckleuchte rund - f\u00fcr PKW, LKW und mehr - ECE R148 - 3 Kammer LED R\u00fcckleuchte - 12&amp;24V","breadcrumb":{"@id":"https:\/\/www.oudadl.testontwikkeling.nl\/product\/strands-for9t-orbi-3-kamer-led-achterlicht\/#breadcrumb"},"inLanguage":"de","potentialAction":[{"@type":"ReadAction","target":["https:\/\/www.oudadl.testontwikkeling.nl\/product\/strands-for9t-orbi-3-kamer-led-achterlicht\/"]}]},{"@type":"ImageObject","inLanguage":"de","@id":"https:\/\/www.oudadl.testontwikkeling.nl\/product\/strands-for9t-orbi-3-kamer-led-achterlicht\/#primaryimage","url":"https:\/\/www.oudadl.testontwikkeling.nl\/wp-content\/uploads\/2025\/08\/ADL800651.png","contentUrl":"https:\/\/www.oudadl.testontwikkeling.nl\/wp-content\/uploads\/2025\/08\/ADL800651.png","width":800,"height":600,"caption":"Strands FOR9T Orbi achterlicht - ECE R148 800651 - 3 kamer LED achterlicht - geschikt voor 12&24V - IP67"},{"@type":"BreadcrumbList","@id":"https:\/\/www.oudadl.testontwikkeling.nl\/product\/strands-for9t-orbi-3-kamer-led-achterlicht\/#breadcrumb","itemListElement":[{"@type":"ListItem","position":1,"name":"Home","item":"https:\/\/www.oudadl.testontwikkeling.nl\/"},{"@type":"ListItem","position":2,"name":"Shop","item":"https:\/\/www.oudadl.testontwikkeling.nl\/de\/shop\/"},{"@type":"ListItem","position":3,"name":"Achterlichten","item":"https:\/\/www.oudadl.testontwikkeling.nl\/product-categorie\/achterlichten\/"},{"@type":"ListItem","position":4,"name":"Achterlicht rond","item":"https:\/\/www.oudadl.testontwikkeling.nl\/product-categorie\/achterlichten\/achterlicht-rond\/"},{"@type":"ListItem","position":5,"name":"Strands FOR9T Orbi 3-kamer LED achterlicht"}]},{"@type":"WebSite","@id":"https:\/\/www.oudadl.testontwikkeling.nl\/#website","url":"https:\/\/www.oudadl.testontwikkeling.nl\/","name":"All Day Led","description":"","publisher":{"@id":"https:\/\/www.oudadl.testontwikkeling.nl\/#organization"},"potentialAction":[{"@type":"SearchAction","target":{"@type":"EntryPoint","urlTemplate":"https:\/\/www.oudadl.testontwikkeling.nl\/?s={search_term_string}"},"query-input":{"@type":"PropertyValueSpecification","valueRequired":true,"valueName":"search_term_string"}}],"inLanguage":"de"},{"@type":"Organization","@id":"https:\/\/www.oudadl.testontwikkeling.nl\/#organization","name":"All Day Led","url":"https:\/\/www.oudadl.testontwikkeling.nl\/","logo":{"@type":"ImageObject","inLanguage":"de","@id":"https:\/\/www.oudadl.testontwikkeling.nl\/#\/schema\/logo\/image\/","url":"https:\/\/www.oudadl.testontwikkeling.nl\/wp-content\/uploads\/2022\/08\/Logo-ALL-DAY-LED-800x800-zwart-witte-letters.png","contentUrl":"https:\/\/www.oudadl.testontwikkeling.nl\/wp-content\/uploads\/2022\/08\/Logo-ALL-DAY-LED-800x800-zwart-witte-letters.png","width":800,"height":800,"caption":"All Day Led"},"image":{"@id":"https:\/\/www.oudadl.testontwikkeling.nl\/#\/schema\/logo\/image\/"},"sameAs":["https:\/\/www.facebook.com\/alldayled\/","https:\/\/www.instagram.com\/alldayled\/"],"vatID":"NL863960133B01","taxID":"86416545","hasMerchantReturnPolicy":{"@type":"MerchantReturnPolicy","merchantReturnLink":"https:\/\/www.oudadl.testontwikkeling.nl\/de\/verzenden-retourneren\/"}}]},"product_brand":"Strands","product_price_amount":"79.00","product_price_currency":"EUR","og_availability":"instock","product_availability":"instock","product_retailer_item_id":"ADL800651","product_condition":"new"},"_links":{"self":[{"href":"https:\/\/www.oudadl.testontwikkeling.nl\/de\/wp-json\/wp\/v2\/product\/59465","targetHints":{"allow":["GET"]}}],"collection":[{"href":"https:\/\/www.oudadl.testontwikkeling.nl\/de\/wp-json\/wp\/v2\/product"}],"about":[{"href":"https:\/\/www.oudadl.testontwikkeling.nl\/de\/wp-json\/wp\/v2\/types\/product"}],"replies":[{"embeddable":true,"href":"https:\/\/www.oudadl.testontwikkeling.nl\/de\/wp-json\/wp\/v2\/comments?post=59465"}],"wp:featuredmedia":[{"embeddable":true,"href":"https:\/\/www.oudadl.testontwikkeling.nl\/de\/wp-json\/wp\/v2\/media\/59484"}],"wp:attachment":[{"href":"https:\/\/www.oudadl.testontwikkeling.nl\/de\/wp-json\/wp\/v2\/media?parent=59465"}],"wp:term":[{"taxonomy":"product_brand","embeddable":true,"href":"https:\/\/www.oudadl.testontwikkeling.nl\/de\/wp-json\/wp\/v2\/product_brand?post=59465"},{"taxonomy":"product_cat","embeddable":true,"href":"https:\/\/www.oudadl.testontwikkeling.nl\/de\/wp-json\/wp\/v2\/product_cat?post=59465"},{"taxonomy":"product_tag","embeddable":true,"href":"https:\/\/www.oudadl.testontwikkeling.nl\/de\/wp-json\/wp\/v2\/product_tag?post=59465"}],"curies":[{"name":"wp","href":"https:\/\/api.w.org\/{rel}","templated":true}]}}