{"id":59464,"date":"2025-05-16T12:00:48","date_gmt":"2025-05-16T10:00:48","guid":{"rendered":"https:\/\/www.oudadl.testontwikkeling.nl\/?post_type=product&#038;p=59464"},"modified":"2025-12-09T13:36:08","modified_gmt":"2025-12-09T12:36:08","slug":"strands-for9t-orbi-mist-achteruitrijlicht","status":"publish","type":"product","link":"https:\/\/www.oudadl.testontwikkeling.nl\/de\/product\/strands-for9t-orbi-mist-achteruitrijlicht\/","title":{"rendered":"Strands FOR9T Orbi Nebel - R\u00fcckfahrscheinwerfer"},"content":{"rendered":"<p><span style=\"color: #000000;\"><strong>Strands FOR9T Orbi Nebel - R\u00fcckfahrscheinwerfer, f\u00fcr 12 &amp; 24 Volt.<\/strong><\/span><\/p>\n<p><span style=\"color: #000000;\">Sie suchen eine runde R\u00fcckleuchte LED, die nicht nur praktisch ist, sondern Ihrem Fahrzeug auch eine moderne Optik verleiht? Dann ist der R\u00fcckfahrscheinwerfer Strands FOR9T Orbi genau das Richtige f\u00fcr Sie. Diese Leuchte vereint zwei Funktionen in einer: R\u00fcckfahrlicht und Nebelschlusslicht. Dank der stylischen dunklen Linse passt sie perfekt zur restlichen FOR9T-Serie und erg\u00e4nzt die Optik Ihres Fahrzeugs nahtlos.<\/span><\/p>\n<p><span style=\"color: #000000;\">Der FOR9T Orbi ist f\u00fcr 12 und 24 Volt geeignet und wird mit einem robusten 2,5 Meter langen Kabel geliefert. So k\u00f6nnen Sie die Leuchte schnell, einfach und flexibel an verschiedenen Fahrzeugen wie LKW, Wohnmobil, Auto oder Anh\u00e4nger montieren. Der R\u00fcckfahrscheinwerfer ist zudem ECE R148-zugelassen und kann somit offiziell sowohl als R\u00fcckfahr- als auch als Nebelschlussleuchte verwendet werden. Dar\u00fcber hinaus hat die Leuchte die Schutzart IP67 und ist somit staub- und wasserdicht. Dank der langlebigen Materialien, des intelligenten Designs und der robusten Konstruktion erhalten Sie eine Leuchte, die nicht nur modern und stilvoll aussieht, sondern auch zuverl\u00e4ssig ist und intensiver Nutzung und allen Wetterbedingungen \u00fcber lange Zeit standh\u00e4lt. So vereinen Sie Design, Sicherheit und Funktionalit\u00e4t in einer Komplettl\u00f6sung: dem LED.<\/span><\/p>\n<h5><span style=\"color: #000000;\"><strong>Abmessungen:<\/strong><\/span><\/h5>\n<p><span style=\"color: #000000;\">Damit das Orbi R\u00fccklicht FOR9T optimal zu Ihrem Fahrzeug passt, haben wir die wichtigsten Merkmale nachfolgend aufgelistet. So wissen Sie sofort, ob dieses Modell f\u00fcr Ihren Einsatzzweck geeignet ist.<\/span><\/p>\n<ul>\n<li><span style=\"color: #000000;\">Geh\u00e4usedurchmesser: 151 mm<\/span><\/li>\n<li><span style=\"color: #000000;\">Lampendurchmesser: 114 mm\u00a0<\/span><\/li>\n<li><span style=\"color: #000000;\">Einbautiefe: 56 mm<\/span><\/li>\n<li><span style=\"color: #000000;\">HoH: 130 mm<\/span><\/li>\n<\/ul>\n<h5><span style=\"color: #000000;\"><strong>Andere Modelle:<\/strong><\/span><\/h5>\n<p><span style=\"color: #000000;\">Du w\u00fcnschst dir ein rundes R\u00fccklicht LED, aber der Orbi-R\u00fcckfahrscheinwerfer Strands FOR9T ist nicht ganz das Richtige f\u00fcr dich? Kein Problem! Die Strands FOR9T-Serie bietet mehrere Varianten, sodass du garantiert die passende f\u00fcr dein Fahrzeug findest. Nachfolgend haben wir die weiteren Modelle f\u00fcr dich aufgelistet:<\/span><\/p>\n<ul>\n<li><a href=\"https:\/\/www.oudadl.testontwikkeling.nl\/de\/produkt\/strands-for9t-orbi-3-kamer-led-achterlicht\/\"><span style=\"color: #000000;\"><strong>FOR9T Orbi 3-Kammer LED R\u00fccklicht<\/strong><\/span><\/a><\/li>\n<\/ul>\n<p><span style=\"color: #000000;\">Der Orbi R\u00fcckfahrscheinwerfer Strands FOR9T ist nicht ganz das, was Sie suchen? Form, Lichtleistung oder Design passen nicht perfekt zu Ihren Anforderungen. Kein Problem! Die Strands FOR9T-Serie umfasst verschiedene Modelle und Varianten, sodass Sie immer die passende Leuchte f\u00fcr Ihr Fahrzeug finden. Entdecken Sie hier das komplette Sortiment. <a style=\"color: #000000;\" href=\"https:\/\/www.oudadl.testontwikkeling.nl\/de\/produkt-kategorie\/strands-for9t\/\">Serie FOR9T<\/a> und finden Sie genau die Lampe, die Ihrem LKW, Wohnmobil oder Anh\u00e4nger das gew\u00fcnschte Aussehen und die gew\u00fcnschte Funktionalit\u00e4t verleiht.<\/span><\/p>","protected":false},"excerpt":{"rendered":"<p>Strands FOR9T Orbi mist &#8211; achteruitrijlicht, voor 12&amp; 24 volt. Ben jij op zoek naar een rond LED achterlicht dat niet alleen praktisch is? Maar jouw voertuig ook direct een moderne uitstraling geeft? Dan is het Strands FOR9T Orbi achteruitrijlicht precies wat je zoekt. Deze lamp combineert namelijk twee functies in \u00e9\u00e9n: achteruitrijlicht \u00e9n mistachterlicht. [&hellip;]<\/p>\n","protected":false},"featured_media":59472,"comment_status":"open","ping_status":"closed","template":"","meta":{"_acf_changed":false,"site-sidebar-layout":"default","site-content-layout":"default","ast-site-content-layout":"default","site-content-style":"default","site-sidebar-style":"default","ast-global-header-display":"","ast-banner-title-visibility":"","ast-main-header-display":"","ast-hfb-above-header-display":"","ast-hfb-below-header-display":"","ast-hfb-mobile-header-display":"","site-post-title":"","ast-breadcrumbs-content":"","ast-featured-img":"","footer-sml-layout":"","ast-disable-related-posts":"","theme-transparent-header-meta":"default","adv-header-id-meta":"","stick-header-meta":"","header-above-stick-meta":"","header-main-stick-meta":"","header-below-stick-meta":"","astra-migrate-meta-layouts":"set","ast-page-background-enabled":"default","ast-page-background-meta":{"desktop":{"background-color":"","background-image":"","background-repeat":"repeat","background-position":"center center","background-size":"auto","background-attachment":"scroll","background-type":"","background-media":"","overlay-type":"","overlay-color":"","overlay-opacity":"","overlay-gradient":""},"tablet":{"background-color":"","background-image":"","background-repeat":"repeat","background-position":"center center","background-size":"auto","background-attachment":"scroll","background-type":"","background-media":"","overlay-type":"","overlay-color":"","overlay-opacity":"","overlay-gradient":""},"mobile":{"background-color":"","background-image":"","background-repeat":"repeat","background-position":"center center","background-size":"auto","background-attachment":"scroll","background-type":"","background-media":"","overlay-type":"","overlay-color":"","overlay-opacity":"","overlay-gradient":""}},"ast-content-background-meta":{"desktop":{"background-color":"var(--ast-global-color-5)","background-image":"","background-repeat":"repeat","background-position":"center center","background-size":"auto","background-attachment":"scroll","background-type":"","background-media":"","overlay-type":"","overlay-color":"","overlay-opacity":"","overlay-gradient":""},"tablet":{"background-color":"var(--ast-global-color-5)","background-image":"","background-repeat":"repeat","background-position":"center center","background-size":"auto","background-attachment":"scroll","background-type":"","background-media":"","overlay-type":"","overlay-color":"","overlay-opacity":"","overlay-gradient":""},"mobile":{"background-color":"var(--ast-global-color-5)","background-image":"","background-repeat":"repeat","background-position":"center center","background-size":"auto","background-attachment":"scroll","background-type":"","background-media":"","overlay-type":"","overlay-color":"","overlay-opacity":"","overlay-gradient":""}}},"product_brand":[],"product_cat":[8134,8108],"product_tag":[2505,2426,2427,252],"class_list":{"0":"post-59464","1":"product","2":"type-product","3":"status-publish","4":"has-post-thumbnail","6":"product_cat-achterlicht-rond","7":"product_cat-strands-for9t","8":"product_tag-led-achterlicht","9":"product_tag-strands-led-verlichting","10":"product_tag-strands-lighting-division","11":"product_tag-truckstyling","12":"pa_merkk-product-strands-lighting-division","13":"desktop-align-left","14":"tablet-align-left","15":"mobile-align-left","17":"first","18":"instock","19":"taxable","20":"shipping-taxable","21":"purchasable","22":"product-type-simple"},"acf":[],"yoast_head":"<!-- This site is optimized with the Yoast SEO Premium plugin v25.9 (Yoast SEO v27.6) - https:\/\/yoast.com\/product\/yoast-seo-premium-wordpress\/ -->\n<title>Strands FOR9T Orbi achteruitrijlicht - mistlicht - All Day Led - 12&amp;24V<\/title>\n<meta name=\"description\" content=\"Strands FOR9T Orbi achteruitrijlicht met mistlicht functie - voor auto, vrachtwagen en meer - direct leverbaar - rond LED achterlicht - 12&amp;24V\" \/>\n<meta name=\"robots\" content=\"noindex, follow, max-snippet:-1, max-image-preview:large, max-video-preview:-1\" \/>\n<meta property=\"og:locale\" content=\"de_DE\" \/>\n<meta property=\"og:type\" content=\"article\" \/>\n<meta property=\"og:title\" content=\"Strands FOR9T Orbi achteruitrijlicht - mistlicht - All Day Led - 12&amp;24V\" \/>\n<meta property=\"og:description\" content=\"Strands FOR9T Orbi achteruitrijlicht met mistlicht functie - voor auto, vrachtwagen en meer - direct leverbaar - rond LED achterlicht - 12&amp;24V\" \/>\n<meta property=\"og:url\" content=\"https:\/\/www.oudadl.testontwikkeling.nl\/de\/produkt\/strands-for9t-orbi-mist-achteruitrijlicht\/\" \/>\n<meta property=\"og:site_name\" content=\"All Day Led\" \/>\n<meta property=\"article:publisher\" content=\"https:\/\/www.facebook.com\/alldayled\/\" \/>\n<meta property=\"article:modified_time\" content=\"2025-12-09T12:36:08+00:00\" \/>\n<meta property=\"og:image\" content=\"https:\/\/www.oudadl.testontwikkeling.nl\/wp-content\/uploads\/2025\/08\/ADL800652-SM.png\" \/>\n\t<meta property=\"og:image:width\" content=\"800\" \/>\n\t<meta property=\"og:image:height\" content=\"800\" \/>\n\t<meta property=\"og:image:type\" content=\"image\/png\" \/>\n<meta name=\"twitter:label1\" content=\"Preis\" \/>\n\t<meta name=\"twitter:data1\" content=\"&euro;79,00\" \/>\n\t<meta name=\"twitter:label2\" content=\"Verf\u00fcgbarkeit\" \/>\n\t<meta name=\"twitter:data2\" content=\"Auf Lager\" \/>\n<script type=\"application\/ld+json\" class=\"yoast-schema-graph\">{\"@context\":\"https:\\\/\\\/schema.org\",\"@graph\":[{\"@type\":\"WebPage\",\"@id\":\"https:\\\/\\\/www.oudadl.testontwikkeling.nl\\\/product\\\/strands-for9t-orbi-mist-achteruitrijlicht\\\/\",\"url\":\"https:\\\/\\\/www.oudadl.testontwikkeling.nl\\\/product\\\/strands-for9t-orbi-mist-achteruitrijlicht\\\/\",\"name\":\"Strands FOR9T Orbi achteruitrijlicht - mistlicht - All Day Led - 12&24V\",\"isPartOf\":{\"@id\":\"https:\\\/\\\/www.oudadl.testontwikkeling.nl\\\/#website\"},\"primaryImageOfPage\":{\"@id\":\"https:\\\/\\\/www.oudadl.testontwikkeling.nl\\\/product\\\/strands-for9t-orbi-mist-achteruitrijlicht\\\/#primaryimage\"},\"image\":{\"@id\":\"https:\\\/\\\/www.oudadl.testontwikkeling.nl\\\/product\\\/strands-for9t-orbi-mist-achteruitrijlicht\\\/#primaryimage\"},\"thumbnailUrl\":\"https:\\\/\\\/www.oudadl.testontwikkeling.nl\\\/wp-content\\\/uploads\\\/2025\\\/08\\\/ADL800652.png\",\"datePublished\":\"2025-05-16T10:00:48+00:00\",\"dateModified\":\"2025-12-09T12:36:08+00:00\",\"description\":\"Strands FOR9T Orbi achteruitrijlicht met mistlicht functie - voor auto, vrachtwagen en meer - direct leverbaar - rond LED achterlicht - 12&24V\",\"breadcrumb\":{\"@id\":\"https:\\\/\\\/www.oudadl.testontwikkeling.nl\\\/product\\\/strands-for9t-orbi-mist-achteruitrijlicht\\\/#breadcrumb\"},\"inLanguage\":\"de\",\"potentialAction\":[{\"@type\":\"ReadAction\",\"target\":[\"https:\\\/\\\/www.oudadl.testontwikkeling.nl\\\/product\\\/strands-for9t-orbi-mist-achteruitrijlicht\\\/\"]}]},{\"@type\":\"ImageObject\",\"inLanguage\":\"de\",\"@id\":\"https:\\\/\\\/www.oudadl.testontwikkeling.nl\\\/product\\\/strands-for9t-orbi-mist-achteruitrijlicht\\\/#primaryimage\",\"url\":\"https:\\\/\\\/www.oudadl.testontwikkeling.nl\\\/wp-content\\\/uploads\\\/2025\\\/08\\\/ADL800652.png\",\"contentUrl\":\"https:\\\/\\\/www.oudadl.testontwikkeling.nl\\\/wp-content\\\/uploads\\\/2025\\\/08\\\/ADL800652.png\",\"width\":800,\"height\":600,\"caption\":\"Strands FOR9T Orbi mist - achteruitrijlicht - ECE R148 - 800652 - 3 kamer LED achterlicht - geschikt voor 12&24V - IP67\"},{\"@type\":\"BreadcrumbList\",\"@id\":\"https:\\\/\\\/www.oudadl.testontwikkeling.nl\\\/product\\\/strands-for9t-orbi-mist-achteruitrijlicht\\\/#breadcrumb\",\"itemListElement\":[{\"@type\":\"ListItem\",\"position\":1,\"name\":\"Home\",\"item\":\"https:\\\/\\\/www.oudadl.testontwikkeling.nl\\\/\"},{\"@type\":\"ListItem\",\"position\":2,\"name\":\"Shop\",\"item\":\"https:\\\/\\\/www.oudadl.testontwikkeling.nl\\\/de\\\/shop\\\/\"},{\"@type\":\"ListItem\",\"position\":3,\"name\":\"Achterlichten\",\"item\":\"https:\\\/\\\/www.oudadl.testontwikkeling.nl\\\/product-categorie\\\/achterlichten\\\/\"},{\"@type\":\"ListItem\",\"position\":4,\"name\":\"Achterlicht rond\",\"item\":\"https:\\\/\\\/www.oudadl.testontwikkeling.nl\\\/product-categorie\\\/achterlichten\\\/achterlicht-rond\\\/\"},{\"@type\":\"ListItem\",\"position\":5,\"name\":\"Strands FOR9T Orbi mist \u2013 achteruitrijlicht\"}]},{\"@type\":\"WebSite\",\"@id\":\"https:\\\/\\\/www.oudadl.testontwikkeling.nl\\\/#website\",\"url\":\"https:\\\/\\\/www.oudadl.testontwikkeling.nl\\\/\",\"name\":\"All Day Led\",\"description\":\"\",\"publisher\":{\"@id\":\"https:\\\/\\\/www.oudadl.testontwikkeling.nl\\\/#organization\"},\"potentialAction\":[{\"@type\":\"SearchAction\",\"target\":{\"@type\":\"EntryPoint\",\"urlTemplate\":\"https:\\\/\\\/www.oudadl.testontwikkeling.nl\\\/?s={search_term_string}\"},\"query-input\":{\"@type\":\"PropertyValueSpecification\",\"valueRequired\":true,\"valueName\":\"search_term_string\"}}],\"inLanguage\":\"de\"},{\"@type\":\"Organization\",\"@id\":\"https:\\\/\\\/www.oudadl.testontwikkeling.nl\\\/#organization\",\"name\":\"All Day Led\",\"url\":\"https:\\\/\\\/www.oudadl.testontwikkeling.nl\\\/\",\"logo\":{\"@type\":\"ImageObject\",\"inLanguage\":\"de\",\"@id\":\"https:\\\/\\\/www.oudadl.testontwikkeling.nl\\\/#\\\/schema\\\/logo\\\/image\\\/\",\"url\":\"https:\\\/\\\/www.oudadl.testontwikkeling.nl\\\/wp-content\\\/uploads\\\/2022\\\/08\\\/Logo-ALL-DAY-LED-800x800-zwart-witte-letters.png\",\"contentUrl\":\"https:\\\/\\\/www.oudadl.testontwikkeling.nl\\\/wp-content\\\/uploads\\\/2022\\\/08\\\/Logo-ALL-DAY-LED-800x800-zwart-witte-letters.png\",\"width\":800,\"height\":800,\"caption\":\"All Day Led\"},\"image\":{\"@id\":\"https:\\\/\\\/www.oudadl.testontwikkeling.nl\\\/#\\\/schema\\\/logo\\\/image\\\/\"},\"sameAs\":[\"https:\\\/\\\/www.facebook.com\\\/alldayled\\\/\",\"https:\\\/\\\/www.instagram.com\\\/alldayled\\\/\"],\"vatID\":\"NL863960133B01\",\"taxID\":\"86416545\",\"hasMerchantReturnPolicy\":{\"@type\":\"MerchantReturnPolicy\",\"merchantReturnLink\":\"https:\\\/\\\/www.oudadl.testontwikkeling.nl\\\/de\\\/verzenden-retourneren\\\/\"}}]}<\/script>\n<meta property=\"product:brand\" content=\"Strands\" \/>\n<meta property=\"product:price:amount\" content=\"79.00\" \/>\n<meta property=\"product:price:currency\" content=\"EUR\" \/>\n<meta property=\"og:availability\" content=\"instock\" \/>\n<meta property=\"product:availability\" content=\"instock\" \/>\n<meta property=\"product:retailer_item_id\" content=\"ADL800652\" \/>\n<meta property=\"product:condition\" content=\"new\" \/>\n<!-- \/ Yoast SEO Premium plugin. -->","yoast_head_json":{"title":"Strands FOR9T Orbi R\u00fcckfahrscheinwerfer - Nebelscheinwerfer - All Day Led - 12&amp;24V","description":"Strands FOR9T Orbi R\u00fcckfahrscheinwerfer mit Nebelscheinwerferfunktion - f\u00fcr Auto, LKW und mehr - sofort lieferbar - rund LED R\u00fccklicht - 12&amp;24V","robots":{"index":"noindex","follow":"follow","max-snippet":"max-snippet:-1","max-image-preview":"max-image-preview:large","max-video-preview":"max-video-preview:-1"},"og_locale":"de_DE","og_type":"article","og_title":"Strands FOR9T Orbi achteruitrijlicht - mistlicht - All Day Led - 12&24V","og_description":"Strands FOR9T Orbi achteruitrijlicht met mistlicht functie - voor auto, vrachtwagen en meer - direct leverbaar - rond LED achterlicht - 12&24V","og_url":"https:\/\/www.oudadl.testontwikkeling.nl\/de\/produkt\/strands-for9t-orbi-mist-achteruitrijlicht\/","og_site_name":"All Day Led","article_publisher":"https:\/\/www.facebook.com\/alldayled\/","article_modified_time":"2025-12-09T12:36:08+00:00","og_image":[{"width":800,"height":800,"url":"https:\/\/www.oudadl.testontwikkeling.nl\/wp-content\/uploads\/2025\/08\/ADL800652-SM.png","type":"image\/png"}],"twitter_misc":{"Preis":"&euro;79,00","Verf\u00fcgbarkeit":"Auf Lager"},"schema":{"@context":"https:\/\/schema.org","@graph":[{"@type":"WebPage","@id":"https:\/\/www.oudadl.testontwikkeling.nl\/product\/strands-for9t-orbi-mist-achteruitrijlicht\/","url":"https:\/\/www.oudadl.testontwikkeling.nl\/product\/strands-for9t-orbi-mist-achteruitrijlicht\/","name":"Strands FOR9T Orbi R\u00fcckfahrscheinwerfer - Nebelscheinwerfer - All Day Led - 12&amp;24V","isPartOf":{"@id":"https:\/\/www.oudadl.testontwikkeling.nl\/#website"},"primaryImageOfPage":{"@id":"https:\/\/www.oudadl.testontwikkeling.nl\/product\/strands-for9t-orbi-mist-achteruitrijlicht\/#primaryimage"},"image":{"@id":"https:\/\/www.oudadl.testontwikkeling.nl\/product\/strands-for9t-orbi-mist-achteruitrijlicht\/#primaryimage"},"thumbnailUrl":"https:\/\/www.oudadl.testontwikkeling.nl\/wp-content\/uploads\/2025\/08\/ADL800652.png","datePublished":"2025-05-16T10:00:48+00:00","dateModified":"2025-12-09T12:36:08+00:00","description":"Strands FOR9T Orbi R\u00fcckfahrscheinwerfer mit Nebelscheinwerferfunktion - f\u00fcr Auto, LKW und mehr - sofort lieferbar - rund LED R\u00fccklicht - 12&amp;24V","breadcrumb":{"@id":"https:\/\/www.oudadl.testontwikkeling.nl\/product\/strands-for9t-orbi-mist-achteruitrijlicht\/#breadcrumb"},"inLanguage":"de","potentialAction":[{"@type":"ReadAction","target":["https:\/\/www.oudadl.testontwikkeling.nl\/product\/strands-for9t-orbi-mist-achteruitrijlicht\/"]}]},{"@type":"ImageObject","inLanguage":"de","@id":"https:\/\/www.oudadl.testontwikkeling.nl\/product\/strands-for9t-orbi-mist-achteruitrijlicht\/#primaryimage","url":"https:\/\/www.oudadl.testontwikkeling.nl\/wp-content\/uploads\/2025\/08\/ADL800652.png","contentUrl":"https:\/\/www.oudadl.testontwikkeling.nl\/wp-content\/uploads\/2025\/08\/ADL800652.png","width":800,"height":600,"caption":"Strands FOR9T Orbi mist - achteruitrijlicht - ECE R148 - 800652 - 3 kamer LED achterlicht - geschikt voor 12&24V - IP67"},{"@type":"BreadcrumbList","@id":"https:\/\/www.oudadl.testontwikkeling.nl\/product\/strands-for9t-orbi-mist-achteruitrijlicht\/#breadcrumb","itemListElement":[{"@type":"ListItem","position":1,"name":"Home","item":"https:\/\/www.oudadl.testontwikkeling.nl\/"},{"@type":"ListItem","position":2,"name":"Shop","item":"https:\/\/www.oudadl.testontwikkeling.nl\/de\/shop\/"},{"@type":"ListItem","position":3,"name":"Achterlichten","item":"https:\/\/www.oudadl.testontwikkeling.nl\/product-categorie\/achterlichten\/"},{"@type":"ListItem","position":4,"name":"Achterlicht rond","item":"https:\/\/www.oudadl.testontwikkeling.nl\/product-categorie\/achterlichten\/achterlicht-rond\/"},{"@type":"ListItem","position":5,"name":"Strands FOR9T Orbi mist \u2013 achteruitrijlicht"}]},{"@type":"WebSite","@id":"https:\/\/www.oudadl.testontwikkeling.nl\/#website","url":"https:\/\/www.oudadl.testontwikkeling.nl\/","name":"All Day Led","description":"","publisher":{"@id":"https:\/\/www.oudadl.testontwikkeling.nl\/#organization"},"potentialAction":[{"@type":"SearchAction","target":{"@type":"EntryPoint","urlTemplate":"https:\/\/www.oudadl.testontwikkeling.nl\/?s={search_term_string}"},"query-input":{"@type":"PropertyValueSpecification","valueRequired":true,"valueName":"search_term_string"}}],"inLanguage":"de"},{"@type":"Organization","@id":"https:\/\/www.oudadl.testontwikkeling.nl\/#organization","name":"All Day Led","url":"https:\/\/www.oudadl.testontwikkeling.nl\/","logo":{"@type":"ImageObject","inLanguage":"de","@id":"https:\/\/www.oudadl.testontwikkeling.nl\/#\/schema\/logo\/image\/","url":"https:\/\/www.oudadl.testontwikkeling.nl\/wp-content\/uploads\/2022\/08\/Logo-ALL-DAY-LED-800x800-zwart-witte-letters.png","contentUrl":"https:\/\/www.oudadl.testontwikkeling.nl\/wp-content\/uploads\/2022\/08\/Logo-ALL-DAY-LED-800x800-zwart-witte-letters.png","width":800,"height":800,"caption":"All Day Led"},"image":{"@id":"https:\/\/www.oudadl.testontwikkeling.nl\/#\/schema\/logo\/image\/"},"sameAs":["https:\/\/www.facebook.com\/alldayled\/","https:\/\/www.instagram.com\/alldayled\/"],"vatID":"NL863960133B01","taxID":"86416545","hasMerchantReturnPolicy":{"@type":"MerchantReturnPolicy","merchantReturnLink":"https:\/\/www.oudadl.testontwikkeling.nl\/de\/verzenden-retourneren\/"}}]},"product_brand":"Strands","product_price_amount":"79.00","product_price_currency":"EUR","og_availability":"instock","product_availability":"instock","product_retailer_item_id":"ADL800652","product_condition":"new"},"_links":{"self":[{"href":"https:\/\/www.oudadl.testontwikkeling.nl\/de\/wp-json\/wp\/v2\/product\/59464","targetHints":{"allow":["GET"]}}],"collection":[{"href":"https:\/\/www.oudadl.testontwikkeling.nl\/de\/wp-json\/wp\/v2\/product"}],"about":[{"href":"https:\/\/www.oudadl.testontwikkeling.nl\/de\/wp-json\/wp\/v2\/types\/product"}],"replies":[{"embeddable":true,"href":"https:\/\/www.oudadl.testontwikkeling.nl\/de\/wp-json\/wp\/v2\/comments?post=59464"}],"wp:featuredmedia":[{"embeddable":true,"href":"https:\/\/www.oudadl.testontwikkeling.nl\/de\/wp-json\/wp\/v2\/media\/59472"}],"wp:attachment":[{"href":"https:\/\/www.oudadl.testontwikkeling.nl\/de\/wp-json\/wp\/v2\/media?parent=59464"}],"wp:term":[{"taxonomy":"product_brand","embeddable":true,"href":"https:\/\/www.oudadl.testontwikkeling.nl\/de\/wp-json\/wp\/v2\/product_brand?post=59464"},{"taxonomy":"product_cat","embeddable":true,"href":"https:\/\/www.oudadl.testontwikkeling.nl\/de\/wp-json\/wp\/v2\/product_cat?post=59464"},{"taxonomy":"product_tag","embeddable":true,"href":"https:\/\/www.oudadl.testontwikkeling.nl\/de\/wp-json\/wp\/v2\/product_tag?post=59464"}],"curies":[{"name":"wp","href":"https:\/\/api.w.org\/{rel}","templated":true}]}}