{"id":59315,"date":"2025-05-16T10:05:12","date_gmt":"2025-05-16T08:05:12","guid":{"rendered":"https:\/\/www.oudadl.testontwikkeling.nl\/?post_type=product&#038;p=59315"},"modified":"2025-10-22T14:53:44","modified_gmt":"2025-10-22T12:53:44","slug":"strands-for9t-gravity-positielicht-wit","status":"publish","type":"product","link":"https:\/\/www.oudadl.testontwikkeling.nl\/de\/product\/strands-for9t-gravity-positielicht-wit\/","title":{"rendered":"Strands FOR9T Gravity Positionsleuchte wei\u00df"},"content":{"rendered":"<p><span style=\"color: #000000;\"><strong>Strands FOR9T Gravity Positionsleuchte WEISS, f\u00fcr 12 und 24 Volt.\u00a0<\/strong><\/span><\/p>\n<p><span style=\"color: #000000;\">Suchen Sie ein modernes rotes Positionslicht, das Ihrem Fahrzeug sofort einen einzigartigen Look verleiht? Dann ist das Strands FOR9T Gravity Positionslicht in Wei\u00df genau das Richtige f\u00fcr Sie. Dieses LED-Licht kombiniert markantes Design mit zuverl\u00e4ssiger Technologie. Dank des 2,5 Meter langen Anschlusskabels k\u00f6nnen Sie es problemlos an nahezu jedem Fahrzeug montieren, z. B. an einem LKW, Wohnmobil, Auto oder Anh\u00e4nger. Das Licht funktioniert sowohl mit 12 als auch mit 24 Volt und wird standardm\u00e4\u00dfig mit Montagematerial geliefert.<\/span><\/p>\n<p><span style=\"color: #000000;\">Die FOR9T Gravity Light WHITE ist ECE R148-zertifiziert und somit offiziell als Begrenzungsleuchte geeignet. Dank der Schutzart IP67 ist die Leuchte vollst\u00e4ndig staub- und wasserdicht und somit ideal f\u00fcr alle Wetterbedingungen. M\u00f6chten Sie die Leuchte anders montieren? Als Zubeh\u00f6r ist eine separate Halterung erh\u00e4ltlich, mit der Sie die Leuchte aufh\u00e4ngen k\u00f6nnen. Dies verleiht Ihrem Fahrzeug nicht nur einen robusten Look, sondern sorgt auch daf\u00fcr, dass Sie immer gut sichtbar sind (siehe letztes Foto).<\/span><\/p>\n<div class=\"truncated\">\n<h5><span style=\"color: #000000;\"><strong>Abmessungen:<\/strong><\/span><\/h5>\n<p><span style=\"color: #000000;\">Damit Sie die Strands FOR9T Gravity Positionsleuchte WEISS vor dem Kauf problemlos \u00fcberall montieren k\u00f6nnen, haben wir die Ma\u00dfe unten aufgef\u00fchrt. So k\u00f6nnen Sie sicher sein, dass diese einzigartige LED Leuchte perfekt zu Ihrem Fahrzeug passt.<\/span><\/p>\n<ul>\n<li><span style=\"color: #000000;\">L\u00e4nge: 115 mm<\/span><\/li>\n<li><span style=\"color: #000000;\">H\u00f6he: 41 mm<\/span><\/li>\n<li><span style=\"color: #000000;\">Dicke: 23,2 mm<\/span><\/li>\n<li><span style=\"color: #000000;\">Mitte-zu-Mitte: 75 mm<\/span><\/li>\n<\/ul>\n<h5><span style=\"color: #000000;\"><strong>Andere Versionen:<\/strong><\/span><\/h5>\n<p><span style=\"color: #000000;\">Sie interessieren sich f\u00fcr eine LED-Leuchte aus der Strands-Reihe, aber die FOR9T Gravity-Positionsleuchte in Wei\u00df ist nicht das Richtige f\u00fcr Sie? Kein Problem! Die FOR9T-Serie aus der Strands-Reihe bietet zahlreiche weitere Modelle und Ausf\u00fchrungen. Nachfolgend finden Sie eine \u00dcbersicht \u00fcber die weiteren Leuchten dieser Reihe:<\/span><\/p>\n<\/div>\n<ul>\n<li><span style=\"color: #000000;\"><a style=\"color: #000000;\" href=\"https:\/\/www.oudadl.testontwikkeling.nl\/de\/produkt\/strands-beugel-voor-scale-en-gravity-lamp\/\"><strong>Halterung f\u00fcr Scale und Gravity Lampe\u00a0<\/strong><\/a><\/span><\/li>\n<li><span style=\"color: #000000;\"><a style=\"color: #000000;\" href=\"https:\/\/www.oudadl.testontwikkeling.nl\/de\/produkt\/strands-for9t-gravity-positielicht-oranje\/\"><strong>For9t Gravity Orange<\/strong><\/a><\/span><\/li>\n<li><span style=\"color: #000000;\"><a style=\"color: #000000;\" href=\"https:\/\/www.oudadl.testontwikkeling.nl\/de\/produkt\/strands-for9t-gravity-positielicht-rood\/\"><strong>For9t Gravity rot<\/strong><\/a><\/span><\/li>\n<\/ul>\n<p><span style=\"color: #000000;\">Sind Sie nach der Durchsicht der Spezifikationen und Fotos der FOR9T Gravity Positionsleuchte WEISS noch nicht ganz \u00fcberzeugt? Form, Lichtfarbe oder Lichtleistung entsprechen nicht ganz Ihren Anforderungen. St\u00f6bern Sie gerne in unserem gesamten Sortiment. <a style=\"color: #000000;\" href=\"https:\/\/www.oudadl.testontwikkeling.nl\/de\/merk\/produkt-strands-beleuchtungsabteilung\/\" target=\"_blank\" rel=\"noopener\">Strands<\/a>, wo Sie mit Sicherheit das Modell finden, das perfekt zu Ihrem Fahrzeug passt.\u00a0<\/span><\/p>","protected":false},"excerpt":{"rendered":"<p>Strands FOR9T Gravity positielicht WIT, voor 12 &amp; 24 volt.\u00a0 Ben jij op zoek naar een modern positielicht in rood dat jouw voertuig direct een unieke uitstraling geeft? Dan is de Strands FOR9T Gravity positielicht WIT precies wat je zoekt. Deze LED lamp combineert opvallend design met betrouwbare techniek. Dankzij de 2,5 meter lange aansluitkabel [&hellip;]<\/p>\n","protected":false},"featured_media":59426,"comment_status":"open","ping_status":"closed","template":"","meta":{"_acf_changed":false,"site-sidebar-layout":"default","site-content-layout":"default","ast-site-content-layout":"default","site-content-style":"default","site-sidebar-style":"default","ast-global-header-display":"","ast-banner-title-visibility":"","ast-main-header-display":"","ast-hfb-above-header-display":"","ast-hfb-below-header-display":"","ast-hfb-mobile-header-display":"","site-post-title":"","ast-breadcrumbs-content":"","ast-featured-img":"","footer-sml-layout":"","ast-disable-related-posts":"","theme-transparent-header-meta":"default","adv-header-id-meta":"","stick-header-meta":"","header-above-stick-meta":"","header-main-stick-meta":"","header-below-stick-meta":"","astra-migrate-meta-layouts":"set","ast-page-background-enabled":"default","ast-page-background-meta":{"desktop":{"background-color":"","background-image":"","background-repeat":"repeat","background-position":"center center","background-size":"auto","background-attachment":"scroll","background-type":"","background-media":"","overlay-type":"","overlay-color":"","overlay-opacity":"","overlay-gradient":""},"tablet":{"background-color":"","background-image":"","background-repeat":"repeat","background-position":"center center","background-size":"auto","background-attachment":"scroll","background-type":"","background-media":"","overlay-type":"","overlay-color":"","overlay-opacity":"","overlay-gradient":""},"mobile":{"background-color":"","background-image":"","background-repeat":"repeat","background-position":"center center","background-size":"auto","background-attachment":"scroll","background-type":"","background-media":"","overlay-type":"","overlay-color":"","overlay-opacity":"","overlay-gradient":""}},"ast-content-background-meta":{"desktop":{"background-color":"var(--ast-global-color-5)","background-image":"","background-repeat":"repeat","background-position":"center center","background-size":"auto","background-attachment":"scroll","background-type":"","background-media":"","overlay-type":"","overlay-color":"","overlay-opacity":"","overlay-gradient":""},"tablet":{"background-color":"var(--ast-global-color-5)","background-image":"","background-repeat":"repeat","background-position":"center center","background-size":"auto","background-attachment":"scroll","background-type":"","background-media":"","overlay-type":"","overlay-color":"","overlay-opacity":"","overlay-gradient":""},"mobile":{"background-color":"var(--ast-global-color-5)","background-image":"","background-repeat":"repeat","background-position":"center center","background-size":"auto","background-attachment":"scroll","background-type":"","background-media":"","overlay-type":"","overlay-color":"","overlay-opacity":"","overlay-gradient":""}}},"product_brand":[],"product_cat":[262,8108],"product_tag":[263,2483,2476,5486,5485,2554,2473,2477,2474,2475,2426,2427,252],"class_list":{"0":"post-59315","1":"product","2":"type-product","3":"status-publish","4":"has-post-thumbnail","6":"product_cat-markeringslampen","7":"product_cat-strands-for9t","8":"product_tag-contourverlichting","9":"product_tag-led-markering-wit","10":"product_tag-led-markeringslamp","11":"product_tag-led-markeringslamp-12-volt","12":"product_tag-led-markeringslamp-24-volt","13":"product_tag-led-markeringslamp-wit","14":"product_tag-markeringslamp-aanhanger","15":"product_tag-markeringslamp-camper","16":"product_tag-markeringslamp-trailer","17":"product_tag-markeringslamp-vrachtwagen","18":"product_tag-strands-led-verlichting","19":"product_tag-strands-lighting-division","20":"product_tag-truckstyling","21":"pa_merkk-product-strands-lighting-division","22":"desktop-align-left","23":"tablet-align-left","24":"mobile-align-left","26":"first","27":"instock","28":"taxable","29":"shipping-taxable","30":"purchasable","31":"product-type-simple"},"acf":[],"yoast_head":"<!-- This site is optimized with the Yoast SEO Premium plugin v25.9 (Yoast SEO v27.6) - https:\/\/yoast.com\/product\/yoast-seo-premium-wordpress\/ -->\n<title>Strands FOR9T Gravity positielicht wit - All Day Led - voor 12&amp;24 Volt<\/title>\n<meta name=\"description\" content=\"Strands FOR9T Gravity positielicht wit - LED markeringslamp met ECE R148 keurmerk - met 2.5m aansluitkabel - SMOKE lens - auto, vrachtwagen en meer\" \/>\n<meta name=\"robots\" content=\"noindex, follow, max-snippet:-1, max-image-preview:large, max-video-preview:-1\" \/>\n<meta property=\"og:locale\" content=\"de_DE\" \/>\n<meta property=\"og:type\" content=\"article\" \/>\n<meta property=\"og:title\" content=\"Strands FOR9T Gravity positielicht wit - All Day Led - voor 12&amp;24 Volt\" \/>\n<meta property=\"og:description\" content=\"Strands FOR9T Gravity positielicht wit - LED markeringslamp met ECE R148 keurmerk - met 2.5m aansluitkabel - SMOKE lens - auto, vrachtwagen en meer\" \/>\n<meta property=\"og:url\" content=\"https:\/\/www.oudadl.testontwikkeling.nl\/de\/produkt\/strands-for9t-gravity-positielicht-wit\/\" \/>\n<meta property=\"og:site_name\" content=\"All Day Led\" \/>\n<meta property=\"article:publisher\" content=\"https:\/\/www.facebook.com\/alldayled\/\" \/>\n<meta property=\"article:modified_time\" content=\"2025-10-22T12:53:44+00:00\" \/>\n<meta property=\"og:image\" content=\"https:\/\/www.oudadl.testontwikkeling.nl\/wp-content\/uploads\/2025\/08\/ADL850455-SM.png\" \/>\n\t<meta property=\"og:image:width\" content=\"800\" \/>\n\t<meta property=\"og:image:height\" content=\"800\" \/>\n\t<meta property=\"og:image:type\" content=\"image\/png\" \/>\n<meta name=\"twitter:label1\" content=\"Preis\" \/>\n\t<meta name=\"twitter:data1\" content=\"&euro;19,95\" \/>\n\t<meta name=\"twitter:label2\" content=\"Verf\u00fcgbarkeit\" \/>\n\t<meta name=\"twitter:data2\" content=\"Auf Lager\" \/>\n<script type=\"application\/ld+json\" class=\"yoast-schema-graph\">{\"@context\":\"https:\\\/\\\/schema.org\",\"@graph\":[{\"@type\":\"WebPage\",\"@id\":\"https:\\\/\\\/www.oudadl.testontwikkeling.nl\\\/product\\\/strands-for9t-gravity-positielicht-wit\\\/\",\"url\":\"https:\\\/\\\/www.oudadl.testontwikkeling.nl\\\/product\\\/strands-for9t-gravity-positielicht-wit\\\/\",\"name\":\"Strands FOR9T Gravity positielicht wit - All Day Led - voor 12&24 Volt\",\"isPartOf\":{\"@id\":\"https:\\\/\\\/www.oudadl.testontwikkeling.nl\\\/#website\"},\"primaryImageOfPage\":{\"@id\":\"https:\\\/\\\/www.oudadl.testontwikkeling.nl\\\/product\\\/strands-for9t-gravity-positielicht-wit\\\/#primaryimage\"},\"image\":{\"@id\":\"https:\\\/\\\/www.oudadl.testontwikkeling.nl\\\/product\\\/strands-for9t-gravity-positielicht-wit\\\/#primaryimage\"},\"thumbnailUrl\":\"https:\\\/\\\/www.oudadl.testontwikkeling.nl\\\/wp-content\\\/uploads\\\/2025\\\/08\\\/ADL850455.png\",\"datePublished\":\"2025-05-16T08:05:12+00:00\",\"dateModified\":\"2025-10-22T12:53:44+00:00\",\"description\":\"Strands FOR9T Gravity positielicht wit - LED markeringslamp met ECE R148 keurmerk - met 2.5m aansluitkabel - SMOKE lens - auto, vrachtwagen en meer\",\"breadcrumb\":{\"@id\":\"https:\\\/\\\/www.oudadl.testontwikkeling.nl\\\/product\\\/strands-for9t-gravity-positielicht-wit\\\/#breadcrumb\"},\"inLanguage\":\"de\",\"potentialAction\":[{\"@type\":\"ReadAction\",\"target\":[\"https:\\\/\\\/www.oudadl.testontwikkeling.nl\\\/product\\\/strands-for9t-gravity-positielicht-wit\\\/\"]}]},{\"@type\":\"ImageObject\",\"inLanguage\":\"de\",\"@id\":\"https:\\\/\\\/www.oudadl.testontwikkeling.nl\\\/product\\\/strands-for9t-gravity-positielicht-wit\\\/#primaryimage\",\"url\":\"https:\\\/\\\/www.oudadl.testontwikkeling.nl\\\/wp-content\\\/uploads\\\/2025\\\/08\\\/ADL850455.png\",\"contentUrl\":\"https:\\\/\\\/www.oudadl.testontwikkeling.nl\\\/wp-content\\\/uploads\\\/2025\\\/08\\\/ADL850455.png\",\"width\":800,\"height\":600,\"caption\":\"Strands FOR9T Gravity positielamp WIT - donker glas - ECE R148 - 850455 - voor vrachtwagen, bestelwagen, aanhanger, camper en meer\"},{\"@type\":\"BreadcrumbList\",\"@id\":\"https:\\\/\\\/www.oudadl.testontwikkeling.nl\\\/product\\\/strands-for9t-gravity-positielicht-wit\\\/#breadcrumb\",\"itemListElement\":[{\"@type\":\"ListItem\",\"position\":1,\"name\":\"Home\",\"item\":\"https:\\\/\\\/www.oudadl.testontwikkeling.nl\\\/\"},{\"@type\":\"ListItem\",\"position\":2,\"name\":\"Shop\",\"item\":\"https:\\\/\\\/www.oudadl.testontwikkeling.nl\\\/de\\\/shop\\\/\"},{\"@type\":\"ListItem\",\"position\":3,\"name\":\"Positielampen\",\"item\":\"https:\\\/\\\/www.oudadl.testontwikkeling.nl\\\/product-categorie\\\/positielampen\\\/\"},{\"@type\":\"ListItem\",\"position\":4,\"name\":\"Markeringslampen\",\"item\":\"https:\\\/\\\/www.oudadl.testontwikkeling.nl\\\/product-categorie\\\/positielampen\\\/markeringslampen\\\/\"},{\"@type\":\"ListItem\",\"position\":5,\"name\":\"Strands FOR9T Gravity positielicht wit\"}]},{\"@type\":\"WebSite\",\"@id\":\"https:\\\/\\\/www.oudadl.testontwikkeling.nl\\\/#website\",\"url\":\"https:\\\/\\\/www.oudadl.testontwikkeling.nl\\\/\",\"name\":\"All Day Led\",\"description\":\"\",\"publisher\":{\"@id\":\"https:\\\/\\\/www.oudadl.testontwikkeling.nl\\\/#organization\"},\"potentialAction\":[{\"@type\":\"SearchAction\",\"target\":{\"@type\":\"EntryPoint\",\"urlTemplate\":\"https:\\\/\\\/www.oudadl.testontwikkeling.nl\\\/?s={search_term_string}\"},\"query-input\":{\"@type\":\"PropertyValueSpecification\",\"valueRequired\":true,\"valueName\":\"search_term_string\"}}],\"inLanguage\":\"de\"},{\"@type\":\"Organization\",\"@id\":\"https:\\\/\\\/www.oudadl.testontwikkeling.nl\\\/#organization\",\"name\":\"All Day Led\",\"url\":\"https:\\\/\\\/www.oudadl.testontwikkeling.nl\\\/\",\"logo\":{\"@type\":\"ImageObject\",\"inLanguage\":\"de\",\"@id\":\"https:\\\/\\\/www.oudadl.testontwikkeling.nl\\\/#\\\/schema\\\/logo\\\/image\\\/\",\"url\":\"https:\\\/\\\/www.oudadl.testontwikkeling.nl\\\/wp-content\\\/uploads\\\/2022\\\/08\\\/Logo-ALL-DAY-LED-800x800-zwart-witte-letters.png\",\"contentUrl\":\"https:\\\/\\\/www.oudadl.testontwikkeling.nl\\\/wp-content\\\/uploads\\\/2022\\\/08\\\/Logo-ALL-DAY-LED-800x800-zwart-witte-letters.png\",\"width\":800,\"height\":800,\"caption\":\"All Day Led\"},\"image\":{\"@id\":\"https:\\\/\\\/www.oudadl.testontwikkeling.nl\\\/#\\\/schema\\\/logo\\\/image\\\/\"},\"sameAs\":[\"https:\\\/\\\/www.facebook.com\\\/alldayled\\\/\",\"https:\\\/\\\/www.instagram.com\\\/alldayled\\\/\"],\"vatID\":\"NL863960133B01\",\"taxID\":\"86416545\",\"hasMerchantReturnPolicy\":{\"@type\":\"MerchantReturnPolicy\",\"merchantReturnLink\":\"https:\\\/\\\/www.oudadl.testontwikkeling.nl\\\/de\\\/verzenden-retourneren\\\/\"}}]}<\/script>\n<meta property=\"product:brand\" content=\"Strands\" \/>\n<meta property=\"product:price:amount\" content=\"19.95\" \/>\n<meta property=\"product:price:currency\" content=\"EUR\" \/>\n<meta property=\"og:availability\" content=\"instock\" \/>\n<meta property=\"product:availability\" content=\"instock\" \/>\n<meta property=\"product:retailer_item_id\" content=\"ADL850455\" \/>\n<meta property=\"product:condition\" content=\"new\" \/>\n<!-- \/ Yoast SEO Premium plugin. -->","yoast_head_json":{"title":"Strands FOR9T Gravity Positionsleuchte wei\u00df - All Day Led - f\u00fcr 12&amp;24 Volt","description":"Strands FOR9T Gravity Positionsleuchte wei\u00df - LED Markierungsleuchte mit ECE R148 Pr\u00fcfzeichen - mit 2,5m Anschlusskabel - GET\u00d6NTE Linse - PKW, LKW und mehr","robots":{"index":"noindex","follow":"follow","max-snippet":"max-snippet:-1","max-image-preview":"max-image-preview:large","max-video-preview":"max-video-preview:-1"},"og_locale":"de_DE","og_type":"article","og_title":"Strands FOR9T Gravity positielicht wit - All Day Led - voor 12&24 Volt","og_description":"Strands FOR9T Gravity positielicht wit - LED markeringslamp met ECE R148 keurmerk - met 2.5m aansluitkabel - SMOKE lens - auto, vrachtwagen en meer","og_url":"https:\/\/www.oudadl.testontwikkeling.nl\/de\/produkt\/strands-for9t-gravity-positielicht-wit\/","og_site_name":"All Day Led","article_publisher":"https:\/\/www.facebook.com\/alldayled\/","article_modified_time":"2025-10-22T12:53:44+00:00","og_image":[{"width":800,"height":800,"url":"https:\/\/www.oudadl.testontwikkeling.nl\/wp-content\/uploads\/2025\/08\/ADL850455-SM.png","type":"image\/png"}],"twitter_misc":{"Preis":"&euro;19,95","Verf\u00fcgbarkeit":"Auf Lager"},"schema":{"@context":"https:\/\/schema.org","@graph":[{"@type":"WebPage","@id":"https:\/\/www.oudadl.testontwikkeling.nl\/product\/strands-for9t-gravity-positielicht-wit\/","url":"https:\/\/www.oudadl.testontwikkeling.nl\/product\/strands-for9t-gravity-positielicht-wit\/","name":"Strands FOR9T Gravity Positionsleuchte wei\u00df - All Day Led - f\u00fcr 12&amp;24 Volt","isPartOf":{"@id":"https:\/\/www.oudadl.testontwikkeling.nl\/#website"},"primaryImageOfPage":{"@id":"https:\/\/www.oudadl.testontwikkeling.nl\/product\/strands-for9t-gravity-positielicht-wit\/#primaryimage"},"image":{"@id":"https:\/\/www.oudadl.testontwikkeling.nl\/product\/strands-for9t-gravity-positielicht-wit\/#primaryimage"},"thumbnailUrl":"https:\/\/www.oudadl.testontwikkeling.nl\/wp-content\/uploads\/2025\/08\/ADL850455.png","datePublished":"2025-05-16T08:05:12+00:00","dateModified":"2025-10-22T12:53:44+00:00","description":"Strands FOR9T Gravity Positionsleuchte wei\u00df - LED Markierungsleuchte mit ECE R148 Pr\u00fcfzeichen - mit 2,5m Anschlusskabel - GET\u00d6NTE Linse - PKW, LKW und mehr","breadcrumb":{"@id":"https:\/\/www.oudadl.testontwikkeling.nl\/product\/strands-for9t-gravity-positielicht-wit\/#breadcrumb"},"inLanguage":"de","potentialAction":[{"@type":"ReadAction","target":["https:\/\/www.oudadl.testontwikkeling.nl\/product\/strands-for9t-gravity-positielicht-wit\/"]}]},{"@type":"ImageObject","inLanguage":"de","@id":"https:\/\/www.oudadl.testontwikkeling.nl\/product\/strands-for9t-gravity-positielicht-wit\/#primaryimage","url":"https:\/\/www.oudadl.testontwikkeling.nl\/wp-content\/uploads\/2025\/08\/ADL850455.png","contentUrl":"https:\/\/www.oudadl.testontwikkeling.nl\/wp-content\/uploads\/2025\/08\/ADL850455.png","width":800,"height":600,"caption":"Strands FOR9T Gravity positielamp WIT - donker glas - ECE R148 - 850455 - voor vrachtwagen, bestelwagen, aanhanger, camper en meer"},{"@type":"BreadcrumbList","@id":"https:\/\/www.oudadl.testontwikkeling.nl\/product\/strands-for9t-gravity-positielicht-wit\/#breadcrumb","itemListElement":[{"@type":"ListItem","position":1,"name":"Home","item":"https:\/\/www.oudadl.testontwikkeling.nl\/"},{"@type":"ListItem","position":2,"name":"Shop","item":"https:\/\/www.oudadl.testontwikkeling.nl\/de\/shop\/"},{"@type":"ListItem","position":3,"name":"Positielampen","item":"https:\/\/www.oudadl.testontwikkeling.nl\/product-categorie\/positielampen\/"},{"@type":"ListItem","position":4,"name":"Markeringslampen","item":"https:\/\/www.oudadl.testontwikkeling.nl\/product-categorie\/positielampen\/markeringslampen\/"},{"@type":"ListItem","position":5,"name":"Strands FOR9T Gravity positielicht wit"}]},{"@type":"WebSite","@id":"https:\/\/www.oudadl.testontwikkeling.nl\/#website","url":"https:\/\/www.oudadl.testontwikkeling.nl\/","name":"All Day Led","description":"","publisher":{"@id":"https:\/\/www.oudadl.testontwikkeling.nl\/#organization"},"potentialAction":[{"@type":"SearchAction","target":{"@type":"EntryPoint","urlTemplate":"https:\/\/www.oudadl.testontwikkeling.nl\/?s={search_term_string}"},"query-input":{"@type":"PropertyValueSpecification","valueRequired":true,"valueName":"search_term_string"}}],"inLanguage":"de"},{"@type":"Organization","@id":"https:\/\/www.oudadl.testontwikkeling.nl\/#organization","name":"All Day Led","url":"https:\/\/www.oudadl.testontwikkeling.nl\/","logo":{"@type":"ImageObject","inLanguage":"de","@id":"https:\/\/www.oudadl.testontwikkeling.nl\/#\/schema\/logo\/image\/","url":"https:\/\/www.oudadl.testontwikkeling.nl\/wp-content\/uploads\/2022\/08\/Logo-ALL-DAY-LED-800x800-zwart-witte-letters.png","contentUrl":"https:\/\/www.oudadl.testontwikkeling.nl\/wp-content\/uploads\/2022\/08\/Logo-ALL-DAY-LED-800x800-zwart-witte-letters.png","width":800,"height":800,"caption":"All Day Led"},"image":{"@id":"https:\/\/www.oudadl.testontwikkeling.nl\/#\/schema\/logo\/image\/"},"sameAs":["https:\/\/www.facebook.com\/alldayled\/","https:\/\/www.instagram.com\/alldayled\/"],"vatID":"NL863960133B01","taxID":"86416545","hasMerchantReturnPolicy":{"@type":"MerchantReturnPolicy","merchantReturnLink":"https:\/\/www.oudadl.testontwikkeling.nl\/de\/verzenden-retourneren\/"}}]},"product_brand":"Strands","product_price_amount":"19.95","product_price_currency":"EUR","og_availability":"instock","product_availability":"instock","product_retailer_item_id":"ADL850455","product_condition":"new"},"_links":{"self":[{"href":"https:\/\/www.oudadl.testontwikkeling.nl\/de\/wp-json\/wp\/v2\/product\/59315","targetHints":{"allow":["GET"]}}],"collection":[{"href":"https:\/\/www.oudadl.testontwikkeling.nl\/de\/wp-json\/wp\/v2\/product"}],"about":[{"href":"https:\/\/www.oudadl.testontwikkeling.nl\/de\/wp-json\/wp\/v2\/types\/product"}],"replies":[{"embeddable":true,"href":"https:\/\/www.oudadl.testontwikkeling.nl\/de\/wp-json\/wp\/v2\/comments?post=59315"}],"wp:featuredmedia":[{"embeddable":true,"href":"https:\/\/www.oudadl.testontwikkeling.nl\/de\/wp-json\/wp\/v2\/media\/59426"}],"wp:attachment":[{"href":"https:\/\/www.oudadl.testontwikkeling.nl\/de\/wp-json\/wp\/v2\/media?parent=59315"}],"wp:term":[{"taxonomy":"product_brand","embeddable":true,"href":"https:\/\/www.oudadl.testontwikkeling.nl\/de\/wp-json\/wp\/v2\/product_brand?post=59315"},{"taxonomy":"product_cat","embeddable":true,"href":"https:\/\/www.oudadl.testontwikkeling.nl\/de\/wp-json\/wp\/v2\/product_cat?post=59315"},{"taxonomy":"product_tag","embeddable":true,"href":"https:\/\/www.oudadl.testontwikkeling.nl\/de\/wp-json\/wp\/v2\/product_tag?post=59315"}],"curies":[{"name":"wp","href":"https:\/\/api.w.org\/{rel}","templated":true}]}}