{"id":59017,"date":"2025-05-15T14:45:45","date_gmt":"2025-05-15T12:45:45","guid":{"rendered":"https:\/\/www.oudadl.testontwikkeling.nl\/?post_type=product&#038;p=59017"},"modified":"2025-12-05T14:07:41","modified_gmt":"2025-12-05T13:07:41","slug":"strands-siberia-xpa-led-bar-dr-50","status":"publish","type":"product","link":"https:\/\/www.oudadl.testontwikkeling.nl\/de\/product\/strands-siberia-xpa-led-bar-dr-50\/","title":{"rendered":"Strands Siberia XPA LED bar DR - 50\u201d"},"content":{"rendered":"<p><span style=\"color: #000000;\"><strong>Strands Siberia XPA LED bar double row 50 Zoll, f\u00fcr 12 und 24 Volt.<\/strong><\/span><\/p>\n<p><span style=\"color: #000000;\">M\u00f6chten Sie Ihr Auto, Ihren SUV, Ihr Wohnmobil oder Ihren LKW mit einer leistungsstarken und vielseitigen LED bar ausstatten? Sind Sie sich aber nicht sicher, welche Leuchte am besten zu Ihrem Fahrzeug passt? Dann ist die Siberia XPA LED bar DR 50 Zoll eine ausgezeichnete Option. Diese Leuchte kombiniert kompaktes Design mit starker Leistung und verf\u00fcgt \u00fcber ein DUAL COLOR-Positionslicht, das Sie einfach auf Wei\u00df oder Bernstein einstellen k\u00f6nnen. So bestimmen Sie das Aussehen Ihres Fahrzeugs und sorgen gleichzeitig f\u00fcr optimale Sichtbarkeit. Dar\u00fcber hinaus ist die Leuchte mit der Hello-Funktion ausgestattet. Blinken Sie zweimal kurz mit Ihrem Fernlicht, und die Positionslichter reagieren sofort mit einem verspielten Lichtsignal. Eine wirklich einzigartige Art, andere Verkehrsteilnehmer zu begr\u00fc\u00dfen.<\/span><\/p>\n<p><span style=\"color: #000000;\">Die Siberia XPA LED bar arbeitet sowohl mit 12 als auch mit 24 Volt und eignet sich daher f\u00fcr eine Vielzahl von Fahrzeugen, von Pkw und Wohnmobilen bis hin zu Lkw und Traktoren. Dank der ECE R148- und R149-Zulassung k\u00f6nnen Sie sie problemlos auf \u00f6ffentlichen Stra\u00dfen verwenden. Der robuste Aluminiumrahmen und die Polycarbonatlinse machen die Leuchte langlebig und sto\u00df-, staub- und wasserfest, sodass sie auch unter rauen Bedingungen zuverl\u00e4ssig bleibt. Kurz gesagt: Ob Sie zus\u00e4tzliche Sichtbarkeit w\u00fcnschen oder ein cooles Upgrade f\u00fcr Ihr Fahrzeug suchen, die Strands Siberia XPA LED bar Double Row 50 Zoll bietet eine leistungsstarke, zuverl\u00e4ssige und stilvolle L\u00f6sung.<br \/>\n<\/span><\/p>\n<h5><span style=\"color: #000000;\"><strong>Abmessungen:<\/strong><\/span><\/h5>\n<p><span style=\"color: #000000;\">Um sicherzustellen, dass die Lampe an die gew\u00fcnschte Stelle passt, ist es wichtig, die Abmessungen zu kennen. Die Abmessungen der Strands Siberia XPA LED bar Double Row 50&quot; lauten wie folgt:<\/span><\/p>\n<ul>\n<li><span style=\"color: #000000;\">H\u00f6he: 76 mm (96,6 mm inkl. Halterung)<\/span><\/li>\n<li><span style=\"color: #000000;\">Breite: 565,4 mm<\/span><\/li>\n<li><span style=\"color: #000000;\">Dicke: 71,6 mm<\/span><\/li>\n<\/ul>\n<p><span style=\"color: #000000;\">Bitte beachten Sie, dass die Lampe Strands Siberia XPA LED standardm\u00e4\u00dfig mit einem Satz Montagehalterungen geliefert wird. Mit diesen Halterungen k\u00f6nnen Sie die Lampe von hinten montieren.\u00a0<\/span><\/p>\n<h5><span style=\"color: #000000;\"><strong>Andere Abmessungen:\u00a0<\/strong><\/span><\/h5>\n<p><span style=\"color: #000000;\">M\u00f6chten Sie einen LED bar f\u00fcr Ihr Auto, Ihren SUV, Ihr Wohnmobil oder Ihren LKW? Aber der Strands Siberia XPA LED bar Double Row 50 Zoll ist nicht ganz das, was Sie suchen? Vielleicht, weil die L\u00e4nge nicht perfekt zu Ihrem Fahrzeug passt? Kein Problem! Strands bietet diesen leistungsstarken LED-Balken in mehreren Gr\u00f6\u00dfen an. So gibt es immer eine passende Option f\u00fcr Sie. Sehen Sie sich die verschiedenen Optionen unten an.<\/span><\/p>\n<ul>\n<li><span style=\"color: #000000;\"><a style=\"color: #000000;\" href=\"https:\/\/www.oudadl.testontwikkeling.nl\/de\/produkt\/strands-siberia-xpa-led-bar-dr-8\/\"><strong>SIberia XPA DR 8 Zoll<\/strong><\/a><\/span><\/li>\n<li><span style=\"color: #000000;\"><a style=\"color: #000000;\" href=\"https:\/\/www.oudadl.testontwikkeling.nl\/de\/produkt\/strands-siberia-xpa-led-bar-dr-12\/\"><strong>Siberia XPA DR 12 Zoll<\/strong><\/a><\/span><\/li>\n<li><span style=\"color: #000000;\"><a style=\"color: #000000;\" href=\"https:\/\/www.oudadl.testontwikkeling.nl\/de\/produkt\/strands-siberia-xpa-led-bar-dr-22\/\"><strong>Siberia XPA DR 22 Zoll<\/strong><\/a><\/span><\/li>\n<li><span style=\"color: #000000;\"><a style=\"color: #000000;\" href=\"https:\/\/www.oudadl.testontwikkeling.nl\/de\/produkt\/strands-siberia-xpa-led-bar-dr-32\/\"><strong>Siberia XPA DR 32 Zoll<\/strong><\/a><\/span><\/li>\n<li><span style=\"color: #000000;\"><a style=\"color: #000000;\" href=\"https:\/\/www.oudadl.testontwikkeling.nl\/de\/produkt\/strands-siberia-xpa-led-bar-dr-42\/\"><strong>Siberia XPA DR 42 Zoll<\/strong><\/a><\/span><\/li>\n<\/ul>\n<p><span style=\"color: #000000;\">Sie haben alle Informationen gelesen, sind sich aber immer noch nicht sicher, ob dies die richtige Lampe f\u00fcr Sie ist? Vielleicht entspricht die Lichtleistung, Wattzahl oder Form der Strands Siberia XPA LED bar Double Row 50 Zoll nicht ganz Ihren Anforderungen. Kein Problem! Sehen Sie sich hier die vollst\u00e4ndige ledige an. <a style=\"color: #000000;\" href=\"https:\/\/www.oudadl.testontwikkeling.nl\/de\/merk\/produkt-strands-beleuchtungsabteilung\/\" target=\"_blank\" rel=\"noopener\">Strands<\/a>\u00a0Sortiment und finden Sie heraus, ob das perfekte Modell f\u00fcr Ihr Fahrzeug dabei ist.<\/span><\/p>\n<p>&nbsp;<\/p>","protected":false},"excerpt":{"rendered":"<p>Strands Siberia XPA LED bar double row 50 inch, voor 12 en 24 volt. Wil je je auto, SUV, camper of vrachtwagen voorzien van een krachtige en veelzijdige LED bar? Maar weet je niet precies welke lamp het beste bij jouw voertuig past? Dan is de Siberia XPA LED bar DR 50 inch een uitstekende [&hellip;]<\/p>\n","protected":false},"featured_media":59284,"comment_status":"open","ping_status":"closed","template":"","meta":{"_acf_changed":false,"site-sidebar-layout":"default","site-content-layout":"default","ast-site-content-layout":"default","site-content-style":"default","site-sidebar-style":"default","ast-global-header-display":"","ast-banner-title-visibility":"","ast-main-header-display":"","ast-hfb-above-header-display":"","ast-hfb-below-header-display":"","ast-hfb-mobile-header-display":"","site-post-title":"","ast-breadcrumbs-content":"","ast-featured-img":"","footer-sml-layout":"","ast-disable-related-posts":"","theme-transparent-header-meta":"default","adv-header-id-meta":"","stick-header-meta":"","header-above-stick-meta":"","header-main-stick-meta":"","header-below-stick-meta":"","astra-migrate-meta-layouts":"set","ast-page-background-enabled":"default","ast-page-background-meta":{"desktop":{"background-color":"","background-image":"","background-repeat":"repeat","background-position":"center center","background-size":"auto","background-attachment":"scroll","background-type":"","background-media":"","overlay-type":"","overlay-color":"","overlay-opacity":"","overlay-gradient":""},"tablet":{"background-color":"","background-image":"","background-repeat":"repeat","background-position":"center center","background-size":"auto","background-attachment":"scroll","background-type":"","background-media":"","overlay-type":"","overlay-color":"","overlay-opacity":"","overlay-gradient":""},"mobile":{"background-color":"","background-image":"","background-repeat":"repeat","background-position":"center center","background-size":"auto","background-attachment":"scroll","background-type":"","background-media":"","overlay-type":"","overlay-color":"","overlay-opacity":"","overlay-gradient":""}},"ast-content-background-meta":{"desktop":{"background-color":"var(--ast-global-color-5)","background-image":"","background-repeat":"repeat","background-position":"center center","background-size":"auto","background-attachment":"scroll","background-type":"","background-media":"","overlay-type":"","overlay-color":"","overlay-opacity":"","overlay-gradient":""},"tablet":{"background-color":"var(--ast-global-color-5)","background-image":"","background-repeat":"repeat","background-position":"center center","background-size":"auto","background-attachment":"scroll","background-type":"","background-media":"","overlay-type":"","overlay-color":"","overlay-opacity":"","overlay-gradient":""},"mobile":{"background-color":"var(--ast-global-color-5)","background-image":"","background-repeat":"repeat","background-position":"center center","background-size":"auto","background-attachment":"scroll","background-type":"","background-media":"","overlay-type":"","overlay-color":"","overlay-opacity":"","overlay-gradient":""}}},"product_brand":[],"product_cat":[7964,7258],"product_tag":[3786,3789,3788,5822,5823,5824,5825,5821,373,2426,3787,2427,6550,6551,2465],"class_list":{"0":"post-59017","1":"product","2":"type-product","3":"status-publish","4":"has-post-thumbnail","6":"product_cat-led-bar","7":"product_cat-strands-siberia","8":"product_tag-led-bar","9":"product_tag-led-bar-auto","10":"product_tag-led-bar-vrachtwagen","11":"product_tag-led-verstraler-auto","12":"product_tag-led-verstraler-camper","13":"product_tag-led-verstraler-pickup","14":"product_tag-led-verstraler-tractor","15":"product_tag-led-verstraler-vrachtwagen","16":"product_tag-led-werklamp","17":"product_tag-strands-led-verlichting","18":"product_tag-strands-werklamp","19":"product_tag-strands-lighting-division","20":"product_tag-strands-siberia-led-bar","21":"product_tag-strands-siberia-verstraler","22":"product_tag-verstraler-met-stadslicht","23":"pa_merkk-product-strands-lighting-division","24":"desktop-align-left","25":"tablet-align-left","26":"mobile-align-left","28":"first","29":"instock","30":"taxable","31":"shipping-taxable","32":"purchasable","33":"product-type-simple"},"acf":[],"yoast_head":"<!-- This site is optimized with the Yoast SEO Premium plugin v25.9 (Yoast SEO v27.6) - https:\/\/yoast.com\/product\/yoast-seo-premium-wordpress\/ -->\n<title>Siberia XPA LED bar DR 50&#039;&#039; - Strands Lighting Division - All Day Led - 12&amp;24V<\/title>\n<meta name=\"description\" content=\"Strands Siberia XPA LED bar DR 50&quot; - LED balk met aluminium behuizing en IP68\/69K keurmerk - met ECE R148 en ECE R149 keurmerk - Strands 809430A\" \/>\n<meta name=\"robots\" content=\"noindex, follow, max-snippet:-1, max-image-preview:large, max-video-preview:-1\" \/>\n<meta property=\"og:locale\" content=\"de_DE\" \/>\n<meta property=\"og:type\" content=\"article\" \/>\n<meta property=\"og:title\" content=\"Siberia XPA LED bar DR 50&#039;&#039; - Strands Lighting Division - All Day Led - 12&amp;24V\" \/>\n<meta property=\"og:description\" content=\"Strands Siberia XPA LED bar DR 50&quot; - LED balk met aluminium behuizing en IP68\/69K keurmerk - met ECE R148 en ECE R149 keurmerk - Strands 809430A\" \/>\n<meta property=\"og:url\" content=\"https:\/\/www.oudadl.testontwikkeling.nl\/de\/produkt\/strands-siberia-xpa-led-bar-dr-50\/\" \/>\n<meta property=\"og:site_name\" content=\"All Day Led\" \/>\n<meta property=\"article:publisher\" content=\"https:\/\/www.facebook.com\/alldayled\/\" \/>\n<meta property=\"article:modified_time\" content=\"2025-12-05T13:07:41+00:00\" \/>\n<meta property=\"og:image\" content=\"https:\/\/www.oudadl.testontwikkeling.nl\/wp-content\/uploads\/2025\/08\/ADL809430A-SM.png\" \/>\n\t<meta property=\"og:image:width\" content=\"800\" \/>\n\t<meta property=\"og:image:height\" content=\"800\" \/>\n\t<meta property=\"og:image:type\" content=\"image\/png\" \/>\n<meta name=\"twitter:label1\" content=\"Preis\" \/>\n\t<meta name=\"twitter:data1\" content=\"&euro;659,00\" \/>\n\t<meta name=\"twitter:label2\" content=\"Verf\u00fcgbarkeit\" \/>\n\t<meta name=\"twitter:data2\" content=\"Auf Lager\" \/>\n<script type=\"application\/ld+json\" class=\"yoast-schema-graph\">{\"@context\":\"https:\\\/\\\/schema.org\",\"@graph\":[{\"@type\":\"WebPage\",\"@id\":\"https:\\\/\\\/www.oudadl.testontwikkeling.nl\\\/product\\\/strands-siberia-xpa-led-bar-dr-50\\\/\",\"url\":\"https:\\\/\\\/www.oudadl.testontwikkeling.nl\\\/product\\\/strands-siberia-xpa-led-bar-dr-50\\\/\",\"name\":\"Siberia XPA LED bar DR 50'' - Strands Lighting Division - All Day Led - 12&24V\",\"isPartOf\":{\"@id\":\"https:\\\/\\\/www.oudadl.testontwikkeling.nl\\\/#website\"},\"primaryImageOfPage\":{\"@id\":\"https:\\\/\\\/www.oudadl.testontwikkeling.nl\\\/product\\\/strands-siberia-xpa-led-bar-dr-50\\\/#primaryimage\"},\"image\":{\"@id\":\"https:\\\/\\\/www.oudadl.testontwikkeling.nl\\\/product\\\/strands-siberia-xpa-led-bar-dr-50\\\/#primaryimage\"},\"thumbnailUrl\":\"https:\\\/\\\/www.oudadl.testontwikkeling.nl\\\/wp-content\\\/uploads\\\/2025\\\/08\\\/ADL809430A.png\",\"datePublished\":\"2025-05-15T12:45:45+00:00\",\"dateModified\":\"2025-12-05T13:07:41+00:00\",\"description\":\"Strands Siberia XPA LED bar DR 50\\\" - LED balk met aluminium behuizing en IP68\\\/69K keurmerk - met ECE R148 en ECE R149 keurmerk - Strands 809430A\",\"breadcrumb\":{\"@id\":\"https:\\\/\\\/www.oudadl.testontwikkeling.nl\\\/product\\\/strands-siberia-xpa-led-bar-dr-50\\\/#breadcrumb\"},\"inLanguage\":\"de\",\"potentialAction\":[{\"@type\":\"ReadAction\",\"target\":[\"https:\\\/\\\/www.oudadl.testontwikkeling.nl\\\/product\\\/strands-siberia-xpa-led-bar-dr-50\\\/\"]}]},{\"@type\":\"ImageObject\",\"inLanguage\":\"de\",\"@id\":\"https:\\\/\\\/www.oudadl.testontwikkeling.nl\\\/product\\\/strands-siberia-xpa-led-bar-dr-50\\\/#primaryimage\",\"url\":\"https:\\\/\\\/www.oudadl.testontwikkeling.nl\\\/wp-content\\\/uploads\\\/2025\\\/08\\\/ADL809430A.png\",\"contentUrl\":\"https:\\\/\\\/www.oudadl.testontwikkeling.nl\\\/wp-content\\\/uploads\\\/2025\\\/08\\\/ADL809430A.png\",\"width\":800,\"height\":600,\"caption\":\"Strands Siberia XPA LED bar SR 50 inch - 809430A - met ECE R148 en ECE R149 keurmerk - dual color oranje\\\/wit\"},{\"@type\":\"BreadcrumbList\",\"@id\":\"https:\\\/\\\/www.oudadl.testontwikkeling.nl\\\/product\\\/strands-siberia-xpa-led-bar-dr-50\\\/#breadcrumb\",\"itemListElement\":[{\"@type\":\"ListItem\",\"position\":1,\"name\":\"Home\",\"item\":\"https:\\\/\\\/www.oudadl.testontwikkeling.nl\\\/\"},{\"@type\":\"ListItem\",\"position\":2,\"name\":\"Shop\",\"item\":\"https:\\\/\\\/www.oudadl.testontwikkeling.nl\\\/de\\\/shop\\\/\"},{\"@type\":\"ListItem\",\"position\":3,\"name\":\"Verstralers\",\"item\":\"https:\\\/\\\/www.oudadl.testontwikkeling.nl\\\/product-categorie\\\/verstralers\\\/\"},{\"@type\":\"ListItem\",\"position\":4,\"name\":\"LED bar\",\"item\":\"https:\\\/\\\/www.oudadl.testontwikkeling.nl\\\/product-categorie\\\/verstralers\\\/led-bar\\\/\"},{\"@type\":\"ListItem\",\"position\":5,\"name\":\"Strands Siberia XPA LED bar DR &#8211; 50&#8221;\"}]},{\"@type\":\"WebSite\",\"@id\":\"https:\\\/\\\/www.oudadl.testontwikkeling.nl\\\/#website\",\"url\":\"https:\\\/\\\/www.oudadl.testontwikkeling.nl\\\/\",\"name\":\"All Day Led\",\"description\":\"\",\"publisher\":{\"@id\":\"https:\\\/\\\/www.oudadl.testontwikkeling.nl\\\/#organization\"},\"potentialAction\":[{\"@type\":\"SearchAction\",\"target\":{\"@type\":\"EntryPoint\",\"urlTemplate\":\"https:\\\/\\\/www.oudadl.testontwikkeling.nl\\\/?s={search_term_string}\"},\"query-input\":{\"@type\":\"PropertyValueSpecification\",\"valueRequired\":true,\"valueName\":\"search_term_string\"}}],\"inLanguage\":\"de\"},{\"@type\":\"Organization\",\"@id\":\"https:\\\/\\\/www.oudadl.testontwikkeling.nl\\\/#organization\",\"name\":\"All Day Led\",\"url\":\"https:\\\/\\\/www.oudadl.testontwikkeling.nl\\\/\",\"logo\":{\"@type\":\"ImageObject\",\"inLanguage\":\"de\",\"@id\":\"https:\\\/\\\/www.oudadl.testontwikkeling.nl\\\/#\\\/schema\\\/logo\\\/image\\\/\",\"url\":\"https:\\\/\\\/www.oudadl.testontwikkeling.nl\\\/wp-content\\\/uploads\\\/2022\\\/08\\\/Logo-ALL-DAY-LED-800x800-zwart-witte-letters.png\",\"contentUrl\":\"https:\\\/\\\/www.oudadl.testontwikkeling.nl\\\/wp-content\\\/uploads\\\/2022\\\/08\\\/Logo-ALL-DAY-LED-800x800-zwart-witte-letters.png\",\"width\":800,\"height\":800,\"caption\":\"All Day Led\"},\"image\":{\"@id\":\"https:\\\/\\\/www.oudadl.testontwikkeling.nl\\\/#\\\/schema\\\/logo\\\/image\\\/\"},\"sameAs\":[\"https:\\\/\\\/www.facebook.com\\\/alldayled\\\/\",\"https:\\\/\\\/www.instagram.com\\\/alldayled\\\/\"],\"vatID\":\"NL863960133B01\",\"taxID\":\"86416545\",\"hasMerchantReturnPolicy\":{\"@type\":\"MerchantReturnPolicy\",\"merchantReturnLink\":\"https:\\\/\\\/www.oudadl.testontwikkeling.nl\\\/de\\\/verzenden-retourneren\\\/\"}}]}<\/script>\n<meta property=\"product:brand\" content=\"Strands\" \/>\n<meta property=\"product:price:amount\" content=\"659.00\" \/>\n<meta property=\"product:price:currency\" content=\"EUR\" \/>\n<meta property=\"og:availability\" content=\"instock\" \/>\n<meta property=\"product:availability\" content=\"instock\" \/>\n<meta property=\"product:retailer_item_id\" content=\"ADL809430A\" \/>\n<meta property=\"product:condition\" content=\"new\" \/>\n<!-- \/ Yoast SEO Premium plugin. -->","yoast_head_json":{"title":"Siberia XPA LED bar DR 50&#039;&#039; - Strands Beleuchtungsabteilung - All Day Led - 12&amp;24V","description":"Strands Siberia XPA LED bar DR 50\" - LED Bar mit Aluminiumgeh\u00e4use und IP68\/69K-Zulassung - mit ECE R148- und ECE R149-Zulassung - Strands 809430A","robots":{"index":"noindex","follow":"follow","max-snippet":"max-snippet:-1","max-image-preview":"max-image-preview:large","max-video-preview":"max-video-preview:-1"},"og_locale":"de_DE","og_type":"article","og_title":"Siberia XPA LED bar DR 50'' - Strands Lighting Division - All Day Led - 12&24V","og_description":"Strands Siberia XPA LED bar DR 50\" - LED balk met aluminium behuizing en IP68\/69K keurmerk - met ECE R148 en ECE R149 keurmerk - Strands 809430A","og_url":"https:\/\/www.oudadl.testontwikkeling.nl\/de\/produkt\/strands-siberia-xpa-led-bar-dr-50\/","og_site_name":"All Day Led","article_publisher":"https:\/\/www.facebook.com\/alldayled\/","article_modified_time":"2025-12-05T13:07:41+00:00","og_image":[{"width":800,"height":800,"url":"https:\/\/www.oudadl.testontwikkeling.nl\/wp-content\/uploads\/2025\/08\/ADL809430A-SM.png","type":"image\/png"}],"twitter_misc":{"Preis":"&euro;659,00","Verf\u00fcgbarkeit":"Auf Lager"},"schema":{"@context":"https:\/\/schema.org","@graph":[{"@type":"WebPage","@id":"https:\/\/www.oudadl.testontwikkeling.nl\/product\/strands-siberia-xpa-led-bar-dr-50\/","url":"https:\/\/www.oudadl.testontwikkeling.nl\/product\/strands-siberia-xpa-led-bar-dr-50\/","name":"Siberia XPA LED bar DR 50&#039;&#039; - Strands Beleuchtungsabteilung - All Day Led - 12&amp;24V","isPartOf":{"@id":"https:\/\/www.oudadl.testontwikkeling.nl\/#website"},"primaryImageOfPage":{"@id":"https:\/\/www.oudadl.testontwikkeling.nl\/product\/strands-siberia-xpa-led-bar-dr-50\/#primaryimage"},"image":{"@id":"https:\/\/www.oudadl.testontwikkeling.nl\/product\/strands-siberia-xpa-led-bar-dr-50\/#primaryimage"},"thumbnailUrl":"https:\/\/www.oudadl.testontwikkeling.nl\/wp-content\/uploads\/2025\/08\/ADL809430A.png","datePublished":"2025-05-15T12:45:45+00:00","dateModified":"2025-12-05T13:07:41+00:00","description":"Strands Siberia XPA LED bar DR 50\" - LED Bar mit Aluminiumgeh\u00e4use und IP68\/69K-Zulassung - mit ECE R148- und ECE R149-Zulassung - Strands 809430A","breadcrumb":{"@id":"https:\/\/www.oudadl.testontwikkeling.nl\/product\/strands-siberia-xpa-led-bar-dr-50\/#breadcrumb"},"inLanguage":"de","potentialAction":[{"@type":"ReadAction","target":["https:\/\/www.oudadl.testontwikkeling.nl\/product\/strands-siberia-xpa-led-bar-dr-50\/"]}]},{"@type":"ImageObject","inLanguage":"de","@id":"https:\/\/www.oudadl.testontwikkeling.nl\/product\/strands-siberia-xpa-led-bar-dr-50\/#primaryimage","url":"https:\/\/www.oudadl.testontwikkeling.nl\/wp-content\/uploads\/2025\/08\/ADL809430A.png","contentUrl":"https:\/\/www.oudadl.testontwikkeling.nl\/wp-content\/uploads\/2025\/08\/ADL809430A.png","width":800,"height":600,"caption":"Strands Siberia XPA LED bar SR 50 inch - 809430A - met ECE R148 en ECE R149 keurmerk - dual color oranje\/wit"},{"@type":"BreadcrumbList","@id":"https:\/\/www.oudadl.testontwikkeling.nl\/product\/strands-siberia-xpa-led-bar-dr-50\/#breadcrumb","itemListElement":[{"@type":"ListItem","position":1,"name":"Home","item":"https:\/\/www.oudadl.testontwikkeling.nl\/"},{"@type":"ListItem","position":2,"name":"Shop","item":"https:\/\/www.oudadl.testontwikkeling.nl\/de\/shop\/"},{"@type":"ListItem","position":3,"name":"Verstralers","item":"https:\/\/www.oudadl.testontwikkeling.nl\/product-categorie\/verstralers\/"},{"@type":"ListItem","position":4,"name":"LED bar","item":"https:\/\/www.oudadl.testontwikkeling.nl\/product-categorie\/verstralers\/led-bar\/"},{"@type":"ListItem","position":5,"name":"Strands Siberia XPA LED bar DR &#8211; 50&#8221;"}]},{"@type":"WebSite","@id":"https:\/\/www.oudadl.testontwikkeling.nl\/#website","url":"https:\/\/www.oudadl.testontwikkeling.nl\/","name":"All Day Led","description":"","publisher":{"@id":"https:\/\/www.oudadl.testontwikkeling.nl\/#organization"},"potentialAction":[{"@type":"SearchAction","target":{"@type":"EntryPoint","urlTemplate":"https:\/\/www.oudadl.testontwikkeling.nl\/?s={search_term_string}"},"query-input":{"@type":"PropertyValueSpecification","valueRequired":true,"valueName":"search_term_string"}}],"inLanguage":"de"},{"@type":"Organization","@id":"https:\/\/www.oudadl.testontwikkeling.nl\/#organization","name":"All Day Led","url":"https:\/\/www.oudadl.testontwikkeling.nl\/","logo":{"@type":"ImageObject","inLanguage":"de","@id":"https:\/\/www.oudadl.testontwikkeling.nl\/#\/schema\/logo\/image\/","url":"https:\/\/www.oudadl.testontwikkeling.nl\/wp-content\/uploads\/2022\/08\/Logo-ALL-DAY-LED-800x800-zwart-witte-letters.png","contentUrl":"https:\/\/www.oudadl.testontwikkeling.nl\/wp-content\/uploads\/2022\/08\/Logo-ALL-DAY-LED-800x800-zwart-witte-letters.png","width":800,"height":800,"caption":"All Day Led"},"image":{"@id":"https:\/\/www.oudadl.testontwikkeling.nl\/#\/schema\/logo\/image\/"},"sameAs":["https:\/\/www.facebook.com\/alldayled\/","https:\/\/www.instagram.com\/alldayled\/"],"vatID":"NL863960133B01","taxID":"86416545","hasMerchantReturnPolicy":{"@type":"MerchantReturnPolicy","merchantReturnLink":"https:\/\/www.oudadl.testontwikkeling.nl\/de\/verzenden-retourneren\/"}}]},"product_brand":"Strands","product_price_amount":"659.00","product_price_currency":"EUR","og_availability":"instock","product_availability":"instock","product_retailer_item_id":"ADL809430A","product_condition":"new"},"_links":{"self":[{"href":"https:\/\/www.oudadl.testontwikkeling.nl\/de\/wp-json\/wp\/v2\/product\/59017","targetHints":{"allow":["GET"]}}],"collection":[{"href":"https:\/\/www.oudadl.testontwikkeling.nl\/de\/wp-json\/wp\/v2\/product"}],"about":[{"href":"https:\/\/www.oudadl.testontwikkeling.nl\/de\/wp-json\/wp\/v2\/types\/product"}],"replies":[{"embeddable":true,"href":"https:\/\/www.oudadl.testontwikkeling.nl\/de\/wp-json\/wp\/v2\/comments?post=59017"}],"wp:featuredmedia":[{"embeddable":true,"href":"https:\/\/www.oudadl.testontwikkeling.nl\/de\/wp-json\/wp\/v2\/media\/59284"}],"wp:attachment":[{"href":"https:\/\/www.oudadl.testontwikkeling.nl\/de\/wp-json\/wp\/v2\/media?parent=59017"}],"wp:term":[{"taxonomy":"product_brand","embeddable":true,"href":"https:\/\/www.oudadl.testontwikkeling.nl\/de\/wp-json\/wp\/v2\/product_brand?post=59017"},{"taxonomy":"product_cat","embeddable":true,"href":"https:\/\/www.oudadl.testontwikkeling.nl\/de\/wp-json\/wp\/v2\/product_cat?post=59017"},{"taxonomy":"product_tag","embeddable":true,"href":"https:\/\/www.oudadl.testontwikkeling.nl\/de\/wp-json\/wp\/v2\/product_tag?post=59017"}],"curies":[{"name":"wp","href":"https:\/\/api.w.org\/{rel}","templated":true}]}}