{"id":58572,"date":"2023-03-17T16:30:21","date_gmt":"2023-03-17T15:30:21","guid":{"rendered":"https:\/\/www.oudadl.testontwikkeling.nl\/?post_type=product&#038;p=58572"},"modified":"2025-12-02T09:04:39","modified_gmt":"2025-12-02T08:04:39","slug":"dagrijverlichting-scania-led-xenon-wit","status":"publish","type":"product","link":"https:\/\/www.oudadl.testontwikkeling.nl\/de\/product\/dagrijverlichting-scania-led-xenon-wit\/","title":{"rendered":"Tagfahrlicht Scania LED - Xenon wei\u00df"},"content":{"rendered":"<p><span style=\"color: #000000;\"><strong>Tagfahrlicht XENON WHITE, passend f\u00fcr einen Scania Next Gen ab Baujahr 2016+.<\/strong><\/span><\/p>\n<p><span style=\"color: #000000;\">M\u00fcssen die Tagfahrlichter Ihres Scania NG (2016+) ausgetauscht werden? Oder m\u00f6chten Sie einfach eine defekte LED-Platte ersetzen, ohne die gesamte Scheinwerfereinheit austauschen zu m\u00fcssen? Dann ist diese Tagfahrlichteinheit Scania Xenon Wei\u00df genau das Richtige f\u00fcr Sie. Diese Ersatz-Tagfahrlichteinheit ist identisch mit der urspr\u00fcnglich installierten Version. Perfekt, wenn Ihr Lkw wieder wie neu aussehen soll! Wichtig zu wissen: Diese Tagfahrlichteinheit Scania Xenon Wei\u00df wurde speziell f\u00fcr den Scania Next Gen (Modelljahr 2016 und sp\u00e4ter) entwickelt und passt daher perfekt zum Originaldesign der LED-Scheinwerfer. Das Set ist nicht universell und nicht f\u00fcr andere Marken oder Modelle geeignet.<strong><em> Bitte beachten: Der Einbau ist nur m\u00f6glich, wenn Ihr LKW mit originalen LED-Scheinwerfern ausgestattet ist.<\/em><\/strong><\/span><\/p>\n<p><span style=\"color: #000000;\">Das Set besteht aus zwei LED-Platten: eine f\u00fcr die linke und eine f\u00fcr die rechte Seite. So k\u00f6nnen Sie beide Seiten Ihres Scania gleichzeitig auf Vordermann bringen. Jede Platte ist mit vier leistungsstarken LED ausgestattet, die daf\u00fcr sorgen, dass das gesamte Modul leuchtet. Dank des Plug-and-Play-Designs k\u00f6nnen Sie die originalen Tagfahrlichter m\u00fchelos austauschen. Super praktisch bei Besch\u00e4digung, Verschlei\u00df oder einfach, wenn Ihr Lkw einen neuen Look braucht. Die Scania Xenon-wei\u00dfen Tagfahrlichter sind aus hochwertigem Material gefertigt und haben daher eine lange Lebensdauer. Ob Sie eine kaputte Tagfahrlichtplatte ersetzen oder einfach nur sicher sein wollen, dass die Beleuchtung einwandfrei funktioniert und sauber ist \u2013 mit diesem Xenon-wei\u00dfen Tagfahrlicht-Set f\u00fcr den Scania NG sind Sie immer in guten H\u00e4nden.<br \/>\n<\/span><\/p>\n<h5><span style=\"color: #000000;\"><strong>Andere Modelle:\u00a0<\/strong><\/span><\/h5>\n<p><span style=\"color: #000000;\">Besitzen Sie einen Scania Next Gen-Lkw, m\u00f6chten aber das Tagfahrlicht nicht auf Xenon-Wei\u00df umstellen? Oder entsprechen die Einheiten nicht denen auf dem Foto? Dann wissen Sie, dass dieses DRL-Modul auch in anderen Farben und Modellen erh\u00e4ltlich ist. Unten finden Sie weitere Modelle, die wir liefern k\u00f6nnen.<\/span><\/p>\n<ul>\n<li><span style=\"color: #000000;\"><a style=\"color: #000000;\" href=\"https:\/\/www.oudadl.testontwikkeling.nl\/de\/produkt\/scania-drl-unit-wit-oranje-led-koplamp\/\"><strong>Scania DRL-Set LED Abblendlicht - ORANGE\/WEISS\/STROBE<\/strong><\/a><\/span><\/li>\n<li><span style=\"color: #000000;\"><a style=\"color: #000000;\" href=\"https:\/\/www.oudadl.testontwikkeling.nl\/de\/produkt\/scania-drl-unit-oranje-halogeen-koplamp\/\"><strong>Scania DRL-Set Halogen-Abblendlicht \u2013 WARMWEISS<\/strong><\/a><\/span><\/li>\n<li><span style=\"color: #000000;\"><a style=\"color: #000000;\" href=\"https:\/\/www.oudadl.testontwikkeling.nl\/de\/produkt\/scania-drl-halogeen-koplamp-oranje\/\"><strong>Scania DRL-Set Halogen Abblendlicht - ORANGE\u00a0<\/strong><\/a><\/span><\/li>\n<li><a href=\"https:\/\/www.oudadl.testontwikkeling.nl\/de\/produkt\/scania-drl-unit-warm-wit-led-koplamp\/\"><span style=\"color: #000000;\"><strong>Scania DRL-Set LED Abblendlicht - WARMWEISS<\/strong><\/span><\/a><\/li>\n<li><span style=\"color: #000000;\"><a style=\"color: #000000;\" href=\"https:\/\/www.oudadl.testontwikkeling.nl\/de\/produkt\/scania-drl-unit-oranje-led-koplamp\/\"><strong>Scania DRL-Set LED Abblendlicht - ORANGE<\/strong><\/a><\/span><\/li>\n<\/ul>\n<p><span style=\"color: #000000;\">M\u00f6chten Sie nicht nur das warmwei\u00dfe Tagfahrlicht der Scania Next Gen installieren? Suchen Sie nach weiteren Beleuchtungsoptionen f\u00fcr Ihren Scania? Dann schauen Sie sich die Seite an <a style=\"color: #000000;\" href=\"https:\/\/www.oudadl.testontwikkeling.nl\/de\/produkt-kategorie\/beleuchtungswagen\/scania-verlichting\/\" target=\"_blank\" rel=\"noopener\">Scania Beleuchtung<\/a>.\u00a0<\/span><\/p>","protected":false},"excerpt":{"rendered":"<p>Dagrijverlichting XENON WIT, geschikt voor een Scania Next Gen met bouwjaar 2016+. Is de dagrijverlichting van jouw Scania NG (2016+) toe aan vervanging? Of wil je simpelweg een kapot LED-plaatje vervangen zonder meteen de hele koplampunit te hoeven wisselen? Dan is deze DRL unit Scania xenon wit precies wat je zoekt. Deze vervangende dagrijverlichting unit [&hellip;]<\/p>\n","protected":false},"featured_media":58573,"comment_status":"open","ping_status":"closed","template":"","meta":{"_acf_changed":false,"site-sidebar-layout":"default","site-content-layout":"default","ast-site-content-layout":"default","site-content-style":"default","site-sidebar-style":"default","ast-global-header-display":"","ast-banner-title-visibility":"","ast-main-header-display":"","ast-hfb-above-header-display":"","ast-hfb-below-header-display":"","ast-hfb-mobile-header-display":"","site-post-title":"","ast-breadcrumbs-content":"","ast-featured-img":"","footer-sml-layout":"","ast-disable-related-posts":"","theme-transparent-header-meta":"default","adv-header-id-meta":"","stick-header-meta":"","header-above-stick-meta":"","header-main-stick-meta":"","header-below-stick-meta":"","astra-migrate-meta-layouts":"set","ast-page-background-enabled":"default","ast-page-background-meta":{"desktop":{"background-color":"","background-image":"","background-repeat":"repeat","background-position":"center center","background-size":"auto","background-attachment":"scroll","background-type":"","background-media":"","overlay-type":"","overlay-color":"","overlay-opacity":"","overlay-gradient":""},"tablet":{"background-color":"","background-image":"","background-repeat":"repeat","background-position":"center center","background-size":"auto","background-attachment":"scroll","background-type":"","background-media":"","overlay-type":"","overlay-color":"","overlay-opacity":"","overlay-gradient":""},"mobile":{"background-color":"","background-image":"","background-repeat":"repeat","background-position":"center center","background-size":"auto","background-attachment":"scroll","background-type":"","background-media":"","overlay-type":"","overlay-color":"","overlay-opacity":"","overlay-gradient":""}},"ast-content-background-meta":{"desktop":{"background-color":"var(--ast-global-color-5)","background-image":"","background-repeat":"repeat","background-position":"center center","background-size":"auto","background-attachment":"scroll","background-type":"","background-media":"","overlay-type":"","overlay-color":"","overlay-opacity":"","overlay-gradient":""},"tablet":{"background-color":"var(--ast-global-color-5)","background-image":"","background-repeat":"repeat","background-position":"center center","background-size":"auto","background-attachment":"scroll","background-type":"","background-media":"","overlay-type":"","overlay-color":"","overlay-opacity":"","overlay-gradient":""},"mobile":{"background-color":"var(--ast-global-color-5)","background-image":"","background-repeat":"repeat","background-position":"center center","background-size":"auto","background-attachment":"scroll","background-type":"","background-media":"","overlay-type":"","overlay-color":"","overlay-opacity":"","overlay-gradient":""}}},"product_brand":[],"product_cat":[210,217],"product_tag":[6440,6441,1988],"class_list":{"0":"post-58572","1":"product","2":"type-product","3":"status-publish","4":"has-post-thumbnail","6":"product_cat-dagrijlampen","7":"product_cat-scania-verlichting","8":"product_tag-dagrijverlichting-scania","9":"product_tag-dagrijverlichting-scania-next-gen","10":"product_tag-led-dagrijverlichting","11":"pa_merkk-mtrs","12":"desktop-align-left","13":"tablet-align-left","14":"mobile-align-left","16":"first","17":"instock","18":"taxable","19":"shipping-taxable","20":"purchasable","21":"product-type-simple"},"acf":[],"yoast_head":"<!-- This site is optimized with the Yoast SEO Premium plugin v25.9 (Yoast SEO v27.6) - https:\/\/yoast.com\/product\/yoast-seo-premium-wordpress\/ -->\n<title>Scania dagrijverlichting xenon wit - All Day Led - Next Gen only<\/title>\n<meta name=\"description\" content=\"Scania dagrijverlichting xenon wit - model S - Model R - bouwjaar 2016+ - gratis verzending - enkel voor LED koplamp Next Gen\" \/>\n<meta name=\"robots\" content=\"noindex, follow, max-snippet:-1, max-image-preview:large, max-video-preview:-1\" \/>\n<meta property=\"og:locale\" content=\"de_DE\" \/>\n<meta property=\"og:type\" content=\"article\" \/>\n<meta property=\"og:title\" content=\"Scania dagrijverlichting xenon wit - All Day Led - next gen only\" \/>\n<meta property=\"og:description\" content=\"Scania dagrijverlichting xenon wit - model S - Model R - bouwjaar 2016+ - gratis verzending - enkel voor LED koplamp Next Gen\" \/>\n<meta property=\"og:url\" content=\"https:\/\/www.oudadl.testontwikkeling.nl\/de\/produkt\/dagrijverlichting-scania-led-xenon-wit\/\" \/>\n<meta property=\"og:site_name\" content=\"All Day Led\" \/>\n<meta property=\"article:publisher\" content=\"https:\/\/www.facebook.com\/alldayled\/\" \/>\n<meta property=\"article:modified_time\" content=\"2025-12-02T08:04:39+00:00\" \/>\n<meta property=\"og:image\" content=\"https:\/\/www.oudadl.testontwikkeling.nl\/wp-content\/uploads\/2025\/07\/ADL40841-SM.png\" \/>\n\t<meta property=\"og:image:width\" content=\"800\" \/>\n\t<meta property=\"og:image:height\" content=\"800\" \/>\n\t<meta property=\"og:image:type\" content=\"image\/png\" \/>\n<meta name=\"twitter:label1\" content=\"Preis\" \/>\n\t<meta name=\"twitter:data1\" content=\"&euro;160,00\" \/>\n\t<meta name=\"twitter:label2\" content=\"Verf\u00fcgbarkeit\" \/>\n\t<meta name=\"twitter:data2\" content=\"Auf Lager\" \/>\n<script type=\"application\/ld+json\" class=\"yoast-schema-graph\">{\"@context\":\"https:\\\/\\\/schema.org\",\"@graph\":[{\"@type\":[\"WebPage\",\"ItemPage\"],\"@id\":\"https:\\\/\\\/www.oudadl.testontwikkeling.nl\\\/product\\\/dagrijverlichting-scania-led-xenon-wit\\\/\",\"url\":\"https:\\\/\\\/www.oudadl.testontwikkeling.nl\\\/product\\\/dagrijverlichting-scania-led-xenon-wit\\\/\",\"name\":\"Scania dagrijverlichting xenon wit - All Day Led - Next Gen only\",\"isPartOf\":{\"@id\":\"https:\\\/\\\/www.oudadl.testontwikkeling.nl\\\/#website\"},\"primaryImageOfPage\":{\"@id\":\"https:\\\/\\\/www.oudadl.testontwikkeling.nl\\\/product\\\/dagrijverlichting-scania-led-xenon-wit\\\/#primaryimage\"},\"image\":{\"@id\":\"https:\\\/\\\/www.oudadl.testontwikkeling.nl\\\/product\\\/dagrijverlichting-scania-led-xenon-wit\\\/#primaryimage\"},\"thumbnailUrl\":\"https:\\\/\\\/www.oudadl.testontwikkeling.nl\\\/wp-content\\\/uploads\\\/2025\\\/07\\\/ADL40841.png\",\"datePublished\":\"2023-03-17T15:30:21+00:00\",\"dateModified\":\"2025-12-02T08:04:39+00:00\",\"description\":\"Scania dagrijverlichting xenon wit - model S - Model R - bouwjaar 2016+ - gratis verzending - enkel voor LED koplamp Next Gen\",\"breadcrumb\":{\"@id\":\"https:\\\/\\\/www.oudadl.testontwikkeling.nl\\\/product\\\/dagrijverlichting-scania-led-xenon-wit\\\/#breadcrumb\"},\"inLanguage\":\"de\",\"potentialAction\":[{\"@type\":\"ReadAction\",\"target\":[\"https:\\\/\\\/www.oudadl.testontwikkeling.nl\\\/product\\\/dagrijverlichting-scania-led-xenon-wit\\\/\"]}]},{\"@type\":\"ImageObject\",\"inLanguage\":\"de\",\"@id\":\"https:\\\/\\\/www.oudadl.testontwikkeling.nl\\\/product\\\/dagrijverlichting-scania-led-xenon-wit\\\/#primaryimage\",\"url\":\"https:\\\/\\\/www.oudadl.testontwikkeling.nl\\\/wp-content\\\/uploads\\\/2025\\\/07\\\/ADL40841.png\",\"contentUrl\":\"https:\\\/\\\/www.oudadl.testontwikkeling.nl\\\/wp-content\\\/uploads\\\/2025\\\/07\\\/ADL40841.png\",\"width\":800,\"height\":600,\"caption\":\"Scania dagrijverlichting xenon wit - model S - Model R - bouwjaar 2016+ - LED koplamp Next Gen - ADL40841\"},{\"@type\":\"BreadcrumbList\",\"@id\":\"https:\\\/\\\/www.oudadl.testontwikkeling.nl\\\/product\\\/dagrijverlichting-scania-led-xenon-wit\\\/#breadcrumb\",\"itemListElement\":[{\"@type\":\"ListItem\",\"position\":1,\"name\":\"Home\",\"item\":\"https:\\\/\\\/www.oudadl.testontwikkeling.nl\\\/\"},{\"@type\":\"ListItem\",\"position\":2,\"name\":\"Shop\",\"item\":\"https:\\\/\\\/www.oudadl.testontwikkeling.nl\\\/de\\\/shop\\\/\"},{\"@type\":\"ListItem\",\"position\":3,\"name\":\"Overige\",\"item\":\"https:\\\/\\\/www.oudadl.testontwikkeling.nl\\\/product-categorie\\\/overige-producten\\\/\"},{\"@type\":\"ListItem\",\"position\":4,\"name\":\"Dagrijlampen\",\"item\":\"https:\\\/\\\/www.oudadl.testontwikkeling.nl\\\/product-categorie\\\/overige-producten\\\/dagrijlampen\\\/\"},{\"@type\":\"ListItem\",\"position\":5,\"name\":\"Dagrijverlichting Scania LED &#8211; xenon wit\"}]},{\"@type\":\"WebSite\",\"@id\":\"https:\\\/\\\/www.oudadl.testontwikkeling.nl\\\/#website\",\"url\":\"https:\\\/\\\/www.oudadl.testontwikkeling.nl\\\/\",\"name\":\"All Day Led\",\"description\":\"\",\"publisher\":{\"@id\":\"https:\\\/\\\/www.oudadl.testontwikkeling.nl\\\/#organization\"},\"potentialAction\":[{\"@type\":\"SearchAction\",\"target\":{\"@type\":\"EntryPoint\",\"urlTemplate\":\"https:\\\/\\\/www.oudadl.testontwikkeling.nl\\\/?s={search_term_string}\"},\"query-input\":{\"@type\":\"PropertyValueSpecification\",\"valueRequired\":true,\"valueName\":\"search_term_string\"}}],\"inLanguage\":\"de\"},{\"@type\":\"Organization\",\"@id\":\"https:\\\/\\\/www.oudadl.testontwikkeling.nl\\\/#organization\",\"name\":\"All Day Led\",\"url\":\"https:\\\/\\\/www.oudadl.testontwikkeling.nl\\\/\",\"logo\":{\"@type\":\"ImageObject\",\"inLanguage\":\"de\",\"@id\":\"https:\\\/\\\/www.oudadl.testontwikkeling.nl\\\/#\\\/schema\\\/logo\\\/image\\\/\",\"url\":\"https:\\\/\\\/www.oudadl.testontwikkeling.nl\\\/wp-content\\\/uploads\\\/2022\\\/08\\\/Logo-ALL-DAY-LED-800x800-zwart-witte-letters.png\",\"contentUrl\":\"https:\\\/\\\/www.oudadl.testontwikkeling.nl\\\/wp-content\\\/uploads\\\/2022\\\/08\\\/Logo-ALL-DAY-LED-800x800-zwart-witte-letters.png\",\"width\":800,\"height\":800,\"caption\":\"All Day Led\"},\"image\":{\"@id\":\"https:\\\/\\\/www.oudadl.testontwikkeling.nl\\\/#\\\/schema\\\/logo\\\/image\\\/\"},\"sameAs\":[\"https:\\\/\\\/www.facebook.com\\\/alldayled\\\/\",\"https:\\\/\\\/www.instagram.com\\\/alldayled\\\/\"],\"vatID\":\"NL863960133B01\",\"taxID\":\"86416545\",\"hasMerchantReturnPolicy\":{\"@type\":\"MerchantReturnPolicy\",\"merchantReturnLink\":\"https:\\\/\\\/www.oudadl.testontwikkeling.nl\\\/de\\\/verzenden-retourneren\\\/\"}}]}<\/script>\n<meta property=\"product:brand\" content=\"MTRS\" \/>\n<meta property=\"product:price:amount\" content=\"160.00\" \/>\n<meta property=\"product:price:currency\" content=\"EUR\" \/>\n<meta property=\"og:availability\" content=\"instock\" \/>\n<meta property=\"product:availability\" content=\"instock\" \/>\n<meta property=\"product:retailer_item_id\" content=\"ADL40841\" \/>\n<meta property=\"product:condition\" content=\"new\" \/>\n<!-- \/ Yoast SEO Premium plugin. -->","yoast_head_json":{"title":"Scania Tagfahrlicht Xenonwei\u00df \u2013 All Day Led \u2013 nur Next Gen","description":"Scania Tagfahrlicht Xenon wei\u00df - Modell S - Modell R - Baujahr 2016+ - kostenloser Versand - nur f\u00fcr LED Scheinwerfer Next Gen","robots":{"index":"noindex","follow":"follow","max-snippet":"max-snippet:-1","max-image-preview":"max-image-preview:large","max-video-preview":"max-video-preview:-1"},"og_locale":"de_DE","og_type":"article","og_title":"Scania dagrijverlichting xenon wit - All Day Led - next gen only","og_description":"Scania dagrijverlichting xenon wit - model S - Model R - bouwjaar 2016+ - gratis verzending - enkel voor LED koplamp Next Gen","og_url":"https:\/\/www.oudadl.testontwikkeling.nl\/de\/produkt\/dagrijverlichting-scania-led-xenon-wit\/","og_site_name":"All Day Led","article_publisher":"https:\/\/www.facebook.com\/alldayled\/","article_modified_time":"2025-12-02T08:04:39+00:00","og_image":[{"width":800,"height":800,"url":"https:\/\/www.oudadl.testontwikkeling.nl\/wp-content\/uploads\/2025\/07\/ADL40841-SM.png","type":"image\/png"}],"twitter_misc":{"Preis":"&euro;160,00","Verf\u00fcgbarkeit":"Auf Lager"},"schema":{"@context":"https:\/\/schema.org","@graph":[{"@type":["WebPage","ItemPage"],"@id":"https:\/\/www.oudadl.testontwikkeling.nl\/product\/dagrijverlichting-scania-led-xenon-wit\/","url":"https:\/\/www.oudadl.testontwikkeling.nl\/product\/dagrijverlichting-scania-led-xenon-wit\/","name":"Scania Tagfahrlicht Xenonwei\u00df \u2013 All Day Led \u2013 nur Next Gen","isPartOf":{"@id":"https:\/\/www.oudadl.testontwikkeling.nl\/#website"},"primaryImageOfPage":{"@id":"https:\/\/www.oudadl.testontwikkeling.nl\/product\/dagrijverlichting-scania-led-xenon-wit\/#primaryimage"},"image":{"@id":"https:\/\/www.oudadl.testontwikkeling.nl\/product\/dagrijverlichting-scania-led-xenon-wit\/#primaryimage"},"thumbnailUrl":"https:\/\/www.oudadl.testontwikkeling.nl\/wp-content\/uploads\/2025\/07\/ADL40841.png","datePublished":"2023-03-17T15:30:21+00:00","dateModified":"2025-12-02T08:04:39+00:00","description":"Scania Tagfahrlicht Xenon wei\u00df - Modell S - Modell R - Baujahr 2016+ - kostenloser Versand - nur f\u00fcr LED Scheinwerfer Next Gen","breadcrumb":{"@id":"https:\/\/www.oudadl.testontwikkeling.nl\/product\/dagrijverlichting-scania-led-xenon-wit\/#breadcrumb"},"inLanguage":"de","potentialAction":[{"@type":"ReadAction","target":["https:\/\/www.oudadl.testontwikkeling.nl\/product\/dagrijverlichting-scania-led-xenon-wit\/"]}]},{"@type":"ImageObject","inLanguage":"de","@id":"https:\/\/www.oudadl.testontwikkeling.nl\/product\/dagrijverlichting-scania-led-xenon-wit\/#primaryimage","url":"https:\/\/www.oudadl.testontwikkeling.nl\/wp-content\/uploads\/2025\/07\/ADL40841.png","contentUrl":"https:\/\/www.oudadl.testontwikkeling.nl\/wp-content\/uploads\/2025\/07\/ADL40841.png","width":800,"height":600,"caption":"Scania dagrijverlichting xenon wit - model S - Model R - bouwjaar 2016+ - LED koplamp Next Gen - ADL40841"},{"@type":"BreadcrumbList","@id":"https:\/\/www.oudadl.testontwikkeling.nl\/product\/dagrijverlichting-scania-led-xenon-wit\/#breadcrumb","itemListElement":[{"@type":"ListItem","position":1,"name":"Home","item":"https:\/\/www.oudadl.testontwikkeling.nl\/"},{"@type":"ListItem","position":2,"name":"Shop","item":"https:\/\/www.oudadl.testontwikkeling.nl\/de\/shop\/"},{"@type":"ListItem","position":3,"name":"Overige","item":"https:\/\/www.oudadl.testontwikkeling.nl\/product-categorie\/overige-producten\/"},{"@type":"ListItem","position":4,"name":"Dagrijlampen","item":"https:\/\/www.oudadl.testontwikkeling.nl\/product-categorie\/overige-producten\/dagrijlampen\/"},{"@type":"ListItem","position":5,"name":"Dagrijverlichting Scania LED &#8211; xenon wit"}]},{"@type":"WebSite","@id":"https:\/\/www.oudadl.testontwikkeling.nl\/#website","url":"https:\/\/www.oudadl.testontwikkeling.nl\/","name":"All Day Led","description":"","publisher":{"@id":"https:\/\/www.oudadl.testontwikkeling.nl\/#organization"},"potentialAction":[{"@type":"SearchAction","target":{"@type":"EntryPoint","urlTemplate":"https:\/\/www.oudadl.testontwikkeling.nl\/?s={search_term_string}"},"query-input":{"@type":"PropertyValueSpecification","valueRequired":true,"valueName":"search_term_string"}}],"inLanguage":"de"},{"@type":"Organization","@id":"https:\/\/www.oudadl.testontwikkeling.nl\/#organization","name":"All Day Led","url":"https:\/\/www.oudadl.testontwikkeling.nl\/","logo":{"@type":"ImageObject","inLanguage":"de","@id":"https:\/\/www.oudadl.testontwikkeling.nl\/#\/schema\/logo\/image\/","url":"https:\/\/www.oudadl.testontwikkeling.nl\/wp-content\/uploads\/2022\/08\/Logo-ALL-DAY-LED-800x800-zwart-witte-letters.png","contentUrl":"https:\/\/www.oudadl.testontwikkeling.nl\/wp-content\/uploads\/2022\/08\/Logo-ALL-DAY-LED-800x800-zwart-witte-letters.png","width":800,"height":800,"caption":"All Day Led"},"image":{"@id":"https:\/\/www.oudadl.testontwikkeling.nl\/#\/schema\/logo\/image\/"},"sameAs":["https:\/\/www.facebook.com\/alldayled\/","https:\/\/www.instagram.com\/alldayled\/"],"vatID":"NL863960133B01","taxID":"86416545","hasMerchantReturnPolicy":{"@type":"MerchantReturnPolicy","merchantReturnLink":"https:\/\/www.oudadl.testontwikkeling.nl\/de\/verzenden-retourneren\/"}}]},"product_brand":"MTRS","product_price_amount":"160.00","product_price_currency":"EUR","og_availability":"instock","product_availability":"instock","product_retailer_item_id":"ADL40841","product_condition":"new"},"_links":{"self":[{"href":"https:\/\/www.oudadl.testontwikkeling.nl\/de\/wp-json\/wp\/v2\/product\/58572","targetHints":{"allow":["GET"]}}],"collection":[{"href":"https:\/\/www.oudadl.testontwikkeling.nl\/de\/wp-json\/wp\/v2\/product"}],"about":[{"href":"https:\/\/www.oudadl.testontwikkeling.nl\/de\/wp-json\/wp\/v2\/types\/product"}],"replies":[{"embeddable":true,"href":"https:\/\/www.oudadl.testontwikkeling.nl\/de\/wp-json\/wp\/v2\/comments?post=58572"}],"wp:featuredmedia":[{"embeddable":true,"href":"https:\/\/www.oudadl.testontwikkeling.nl\/de\/wp-json\/wp\/v2\/media\/58573"}],"wp:attachment":[{"href":"https:\/\/www.oudadl.testontwikkeling.nl\/de\/wp-json\/wp\/v2\/media?parent=58572"}],"wp:term":[{"taxonomy":"product_brand","embeddable":true,"href":"https:\/\/www.oudadl.testontwikkeling.nl\/de\/wp-json\/wp\/v2\/product_brand?post=58572"},{"taxonomy":"product_cat","embeddable":true,"href":"https:\/\/www.oudadl.testontwikkeling.nl\/de\/wp-json\/wp\/v2\/product_cat?post=58572"},{"taxonomy":"product_tag","embeddable":true,"href":"https:\/\/www.oudadl.testontwikkeling.nl\/de\/wp-json\/wp\/v2\/product_tag?post=58572"}],"curies":[{"name":"wp","href":"https:\/\/api.w.org\/{rel}","templated":true}]}}