{"id":58557,"date":"2023-03-17T16:45:56","date_gmt":"2023-03-17T15:45:56","guid":{"rendered":"https:\/\/www.oudadl.testontwikkeling.nl\/?post_type=product&#038;p=58557"},"modified":"2025-11-14T11:54:32","modified_gmt":"2025-11-14T10:54:32","slug":"dagrijverlichting-mercedes-actros-2020-xenon-wit","status":"publish","type":"product","link":"https:\/\/www.oudadl.testontwikkeling.nl\/de\/product\/dagrijverlichting-mercedes-actros-2020-xenon-wit\/","title":{"rendered":"Tagfahrlicht Mercedes Actros 2020+ Xenon wei\u00df"},"content":{"rendered":"<p><span style=\"color: #000000;\"><strong>Tagfahrlicht XENON WHITE, passend f\u00fcr einen Mercedes Actros ab Modelljahr 2020.<\/strong><\/span><\/p>\n<p><span style=\"color: #000000;\">M\u00fcssen die Tagfahrlichter Ihres Mercedes Actros (2020+) ausgetauscht werden? Oder m\u00f6chten Sie einfach eine defekte LED-Platte ersetzen, ohne die gesamte Scheinwerfereinheit austauschen zu m\u00fcssen? Dann ist dieses Tagfahrlicht Mercedes Actros genau das Richtige f\u00fcr Sie. Diese Ersatz-Tagfahrlichteinheit ist zudem identisch mit der originalen Version. Perfekt, wenn Ihr Lkw wieder wie neu aussehen soll! Wichtig zu wissen: Diese Mercedes Actros Tagfahrlichter in Xenonwei\u00df wurden speziell f\u00fcr den Mercedes Actros (Modelljahr 2020 und sp\u00e4ter) entwickelt und passen daher perfekt in das Originaldesign der LED-Scheinwerfer. Das Set ist nicht universell und nicht f\u00fcr andere Marken oder Modelle geeignet.\u00a0<\/span><\/p>\n<p><span style=\"color: #000000;\">Das Set besteht aus zwei LED-Platten: eine f\u00fcr die linke und eine f\u00fcr die rechte Seite. So k\u00f6nnen Sie beide Seiten Ihres Mercedes gleichzeitig auf Vordermann bringen. Jede Platte ist mit zehn leistungsstarken LED ausgestattet, die daf\u00fcr sorgen, dass das gesamte Modul leuchtet. Dank des Plug-and-Play-Designs k\u00f6nnen Sie das originale Tagfahrlicht m\u00fchelos ersetzen. Super praktisch bei Besch\u00e4digung, Verschlei\u00df oder einfach, wenn Ihr Lkw einen frischen Look braucht. Die Mercedes Actros Xenon-wei\u00dfen Tagfahrlichter sind aus hochwertigem Material gefertigt und haben daher eine lange Lebensdauer. Kurz gesagt: Ob Sie eine kaputte Tagfahrlichtplatte ersetzen oder einfach sicher sein wollen, dass die Beleuchtung einwandfrei funktioniert und schick aussieht, mit diesem Tagfahrlicht Mercedes Actros Xenon-wei\u00dfen Set liegen Sie immer richtig.<\/span><\/p>\n<div class=\"truncated\">\n<h5><span style=\"color: #000000;\"><strong>Andere Modelle:\u00a0<\/strong><\/span><\/h5>\n<p><span style=\"color: #000000;\">Besitzen Sie einen Mercedes-Lkw, der aber nicht mit den in Bild 2 gezeigten Einheiten ausgestattet ist? Oder suchen Sie nach einer anderen Farbe? Dann sehen Sie sich unten die anderen verf\u00fcgbaren Tagfahrlichteinheiten f\u00fcr Mercedes-Lkw an:\u00a0<\/span><\/p>\n<ul>\n<li><span style=\"color: #000000;\"><strong>MB Actros 2020+ WARMWEISS<\/strong><\/span><\/li>\n<li><span style=\"color: #000000;\"><a style=\"color: #000000;\" href=\"https:\/\/www.oudadl.testontwikkeling.nl\/de\/produkt\/mercedes-arocs-drl-unit-warm-wit\/\" target=\"_blank\" rel=\"noopener\"><strong>MB Arocs 2022+ WARMWEISS<\/strong><\/a><\/span><\/li>\n<li><span style=\"color: #000000;\"><strong><a style=\"color: #000000;\" href=\"https:\/\/www.oudadl.testontwikkeling.nl\/de\/produkt\/mercedes-actros-drl-unit-oranje\/\" target=\"_blank\" rel=\"noopener\">MB Actros 2020+ ORANGE<\/a> <\/strong><\/span><\/li>\n<li><span style=\"color: #000000;\"><a style=\"color: #000000;\" href=\"https:\/\/www.oudadl.testontwikkeling.nl\/de\/produkt\/mercedes-arocs-drl-unit-oranje\/\" target=\"_blank\" rel=\"noopener\"><strong>MB Arocs 2022+ ORANGE <\/strong><\/a><\/span><\/li>\n<\/ul>\n<\/div>\n<h5><span style=\"color: #000000;\"><strong>Montage:<\/strong><\/span><\/h5>\n<p><span style=\"color: #000000;\">Um das Xenon-wei\u00dfe Tagfahrlicht des Mercedes Actros zu installieren, m\u00fcssen Sie diese Schritte befolgen. Die Installation der Mercedes-Tagfahrlichteinheit dauert ungef\u00e4hr eine Stunde pro Scheinwerfer. Bild 3 zeigt ein computergeneriertes Beispiel, wie das Set nach der Installation letztendlich leuchtet.<\/span><\/p>\n<ol>\n<li><span style=\"color: #000000;\">Entfernen Sie den Stecker von der vorhandenen Beleuchtung.<\/span><\/li>\n<li><span style=\"color: #000000;\">Entfernen Sie die Schrauben, mit denen die Originaldiodenhalter befestigt sind.<\/span><\/li>\n<li><span style=\"color: #000000;\">Entfernen Sie die Diodenhalter von den K\u00fchlplatten.<\/span><\/li>\n<li><span style=\"color: #000000;\">Entfernen Sie die W\u00e4rmeleitpaste und reinigen Sie die Oberfl\u00e4che gut.<\/span><\/li>\n<li><span style=\"color: #000000;\">Bringen Sie das Gelieferte mit <a style=\"color: #000000;\" href=\"https:\/\/www.oudadl.testontwikkeling.nl\/de\/produkt\/gd900-warmeleitpaste-fur-drl-unit\/\">W\u00e4rmeleitpaste<\/a> in einer d\u00fcnnen, gleichm\u00e4\u00dfigen Schicht auf die K\u00fchlplatten, wo die Lampe montiert wird.<\/span><\/li>\n<li><span style=\"color: #000000;\">Schieben Sie den Diodenhalter in die W\u00e4rmeleitpaste und befestigen Sie ihn vorsichtig mit der Originalschraube.<\/span><\/li>\n<li><span style=\"color: #000000;\">Stecken Sie den Stecker in den neuen Diodenhalter.<\/span><\/li>\n<li><span style=\"color: #000000;\">Das Tagfahrlicht Ihres Mercedes Actros ist einsatzbereit.<\/span><\/li>\n<\/ol>\n<p><span style=\"color: #000000;\">M\u00f6chten Sie nicht nur das wei\u00dfe Xenon-Tagfahrlicht Ihres Mercedes Actros (2020+) ersetzen? Suchen Sie weitere LED-Beleuchtung, die Sie in oder um Ihren LKW installieren k\u00f6nnen? Dann schauen Sie sich die Seite an <a style=\"color: #000000;\" href=\"https:\/\/www.oudadl.testontwikkeling.nl\/de\/produkt-kategorie\/beleuchtungswagen\/mercedes-verlichting\/\" target=\"_blank\" rel=\"noopener\">Mercedes Beleuchtung<\/a>.<\/span><\/p>","protected":false},"excerpt":{"rendered":"<p>Dagrijverlichting XENON WIT, geschikt voor een Mercedes Actros met bouwjaar 2020+. Is de dagrijverlichting van jouw Mercedes Actros (2020+) toe aan vervanging? Of wil je simpelweg een kapot LED-plaatje vervangen zonder meteen de hele koplampunit te hoeven wisselen? Dan is deze DRL Mercedes Actros dus precies wat je zoekt. Deze vervangende dagrijverlichting unit is ook [&hellip;]<\/p>\n","protected":false},"featured_media":58560,"comment_status":"open","ping_status":"closed","template":"","meta":{"_acf_changed":false,"site-sidebar-layout":"default","site-content-layout":"default","ast-site-content-layout":"default","site-content-style":"default","site-sidebar-style":"default","ast-global-header-display":"","ast-banner-title-visibility":"","ast-main-header-display":"","ast-hfb-above-header-display":"","ast-hfb-below-header-display":"","ast-hfb-mobile-header-display":"","site-post-title":"","ast-breadcrumbs-content":"","ast-featured-img":"","footer-sml-layout":"","ast-disable-related-posts":"","theme-transparent-header-meta":"default","adv-header-id-meta":"","stick-header-meta":"","header-above-stick-meta":"","header-main-stick-meta":"","header-below-stick-meta":"","astra-migrate-meta-layouts":"set","ast-page-background-enabled":"default","ast-page-background-meta":{"desktop":{"background-color":"","background-image":"","background-repeat":"repeat","background-position":"center center","background-size":"auto","background-attachment":"scroll","background-type":"","background-media":"","overlay-type":"","overlay-color":"","overlay-opacity":"","overlay-gradient":""},"tablet":{"background-color":"","background-image":"","background-repeat":"repeat","background-position":"center center","background-size":"auto","background-attachment":"scroll","background-type":"","background-media":"","overlay-type":"","overlay-color":"","overlay-opacity":"","overlay-gradient":""},"mobile":{"background-color":"","background-image":"","background-repeat":"repeat","background-position":"center center","background-size":"auto","background-attachment":"scroll","background-type":"","background-media":"","overlay-type":"","overlay-color":"","overlay-opacity":"","overlay-gradient":""}},"ast-content-background-meta":{"desktop":{"background-color":"var(--ast-global-color-5)","background-image":"","background-repeat":"repeat","background-position":"center center","background-size":"auto","background-attachment":"scroll","background-type":"","background-media":"","overlay-type":"","overlay-color":"","overlay-opacity":"","overlay-gradient":""},"tablet":{"background-color":"var(--ast-global-color-5)","background-image":"","background-repeat":"repeat","background-position":"center center","background-size":"auto","background-attachment":"scroll","background-type":"","background-media":"","overlay-type":"","overlay-color":"","overlay-opacity":"","overlay-gradient":""},"mobile":{"background-color":"var(--ast-global-color-5)","background-image":"","background-repeat":"repeat","background-position":"center center","background-size":"auto","background-attachment":"scroll","background-type":"","background-media":"","overlay-type":"","overlay-color":"","overlay-opacity":"","overlay-gradient":""}}},"product_brand":[],"product_cat":[210,7494],"product_tag":[6428,6429,1988],"class_list":{"0":"post-58557","1":"product","2":"type-product","3":"status-publish","4":"has-post-thumbnail","6":"product_cat-dagrijlampen","7":"product_cat-mercedes-verlichting","8":"product_tag-dagrijverlichting-vrachtwagen","9":"product_tag-drl-module","10":"product_tag-led-dagrijverlichting","11":"pa_merkk-mtrs","12":"desktop-align-left","13":"tablet-align-left","14":"mobile-align-left","16":"first","17":"instock","18":"taxable","19":"shipping-taxable","20":"purchasable","21":"product-type-simple"},"acf":[],"yoast_head":"<!-- This site is optimized with the Yoast SEO Premium plugin v25.9 (Yoast SEO v27.6) - https:\/\/yoast.com\/product\/yoast-seo-premium-wordpress\/ -->\n<title>Mercedes Actros dagrijverlichting XENON WIT - All Day Led - 2020+<\/title>\n<meta name=\"description\" content=\"Mercedes Actros dagrijverlichting XENON WIT - 2020+ - voor de Actros modellen met LED \/ xenon koplamp - DRL unit - plug &amp; play - vrachtwagen verlichting\" \/>\n<meta name=\"robots\" content=\"noindex, follow, max-snippet:-1, max-image-preview:large, max-video-preview:-1\" \/>\n<meta property=\"og:locale\" content=\"de_DE\" \/>\n<meta property=\"og:type\" content=\"article\" \/>\n<meta property=\"og:title\" content=\"Mercedes Actros dagrijverlichting XENON WIT - All Day Led - 2020+\" \/>\n<meta property=\"og:description\" content=\"Mercedes Actros dagrijverlichting XENON WIT - 2020+ - voor de Actros modellen met LED \/ xenon koplamp - DRL unit - plug &amp; play - vrachtwagen verlichting\" \/>\n<meta property=\"og:url\" content=\"https:\/\/www.oudadl.testontwikkeling.nl\/de\/produkt\/dagrijverlichting-mercedes-actros-2020-xenon-wit\/\" \/>\n<meta property=\"og:site_name\" content=\"All Day Led\" \/>\n<meta property=\"article:publisher\" content=\"https:\/\/www.facebook.com\/alldayled\/\" \/>\n<meta property=\"article:modified_time\" content=\"2025-11-14T10:54:32+00:00\" \/>\n<meta property=\"og:image\" content=\"https:\/\/www.oudadl.testontwikkeling.nl\/wp-content\/uploads\/2025\/07\/ADL41031-SM-2.png\" \/>\n\t<meta property=\"og:image:width\" content=\"800\" \/>\n\t<meta property=\"og:image:height\" content=\"800\" \/>\n\t<meta property=\"og:image:type\" content=\"image\/png\" \/>\n<meta name=\"twitter:label1\" content=\"Preis\" \/>\n\t<meta name=\"twitter:data1\" content=\"&euro;165,00\" \/>\n\t<meta name=\"twitter:label2\" content=\"Verf\u00fcgbarkeit\" \/>\n\t<meta name=\"twitter:data2\" content=\"Auf Lager\" \/>\n<script type=\"application\/ld+json\" class=\"yoast-schema-graph\">{\"@context\":\"https:\\\/\\\/schema.org\",\"@graph\":[{\"@type\":\"WebPage\",\"@id\":\"https:\\\/\\\/www.oudadl.testontwikkeling.nl\\\/product\\\/dagrijverlichting-mercedes-actros-2020-xenon-wit\\\/\",\"url\":\"https:\\\/\\\/www.oudadl.testontwikkeling.nl\\\/product\\\/dagrijverlichting-mercedes-actros-2020-xenon-wit\\\/\",\"name\":\"Mercedes Actros dagrijverlichting XENON WIT - All Day Led - 2020+\",\"isPartOf\":{\"@id\":\"https:\\\/\\\/www.oudadl.testontwikkeling.nl\\\/#website\"},\"primaryImageOfPage\":{\"@id\":\"https:\\\/\\\/www.oudadl.testontwikkeling.nl\\\/product\\\/dagrijverlichting-mercedes-actros-2020-xenon-wit\\\/#primaryimage\"},\"image\":{\"@id\":\"https:\\\/\\\/www.oudadl.testontwikkeling.nl\\\/product\\\/dagrijverlichting-mercedes-actros-2020-xenon-wit\\\/#primaryimage\"},\"thumbnailUrl\":\"https:\\\/\\\/www.oudadl.testontwikkeling.nl\\\/wp-content\\\/uploads\\\/2025\\\/07\\\/ADL41031.png\",\"datePublished\":\"2023-03-17T15:45:56+00:00\",\"dateModified\":\"2025-11-14T10:54:32+00:00\",\"description\":\"Mercedes Actros dagrijverlichting XENON WIT - 2020+ - voor de Actros modellen met LED \\\/ xenon koplamp - DRL unit - plug & play - vrachtwagen verlichting\",\"breadcrumb\":{\"@id\":\"https:\\\/\\\/www.oudadl.testontwikkeling.nl\\\/product\\\/dagrijverlichting-mercedes-actros-2020-xenon-wit\\\/#breadcrumb\"},\"inLanguage\":\"de\",\"potentialAction\":[{\"@type\":\"ReadAction\",\"target\":[\"https:\\\/\\\/www.oudadl.testontwikkeling.nl\\\/product\\\/dagrijverlichting-mercedes-actros-2020-xenon-wit\\\/\"]}]},{\"@type\":\"ImageObject\",\"inLanguage\":\"de\",\"@id\":\"https:\\\/\\\/www.oudadl.testontwikkeling.nl\\\/product\\\/dagrijverlichting-mercedes-actros-2020-xenon-wit\\\/#primaryimage\",\"url\":\"https:\\\/\\\/www.oudadl.testontwikkeling.nl\\\/wp-content\\\/uploads\\\/2025\\\/07\\\/ADL41031.png\",\"contentUrl\":\"https:\\\/\\\/www.oudadl.testontwikkeling.nl\\\/wp-content\\\/uploads\\\/2025\\\/07\\\/ADL41031.png\",\"width\":800,\"height\":600,\"caption\":\"Mercedes Actros dagrijverlichting xenon wit - bj 2020+ - geschikt voor Actros met LED \\\/ xenon koplamp - DRL unit- plug & play -vrachtwagen verlichting - 41031\"},{\"@type\":\"BreadcrumbList\",\"@id\":\"https:\\\/\\\/www.oudadl.testontwikkeling.nl\\\/product\\\/dagrijverlichting-mercedes-actros-2020-xenon-wit\\\/#breadcrumb\",\"itemListElement\":[{\"@type\":\"ListItem\",\"position\":1,\"name\":\"Home\",\"item\":\"https:\\\/\\\/www.oudadl.testontwikkeling.nl\\\/\"},{\"@type\":\"ListItem\",\"position\":2,\"name\":\"Shop\",\"item\":\"https:\\\/\\\/www.oudadl.testontwikkeling.nl\\\/de\\\/shop\\\/\"},{\"@type\":\"ListItem\",\"position\":3,\"name\":\"Overige\",\"item\":\"https:\\\/\\\/www.oudadl.testontwikkeling.nl\\\/product-categorie\\\/overige-producten\\\/\"},{\"@type\":\"ListItem\",\"position\":4,\"name\":\"Dagrijlampen\",\"item\":\"https:\\\/\\\/www.oudadl.testontwikkeling.nl\\\/product-categorie\\\/overige-producten\\\/dagrijlampen\\\/\"},{\"@type\":\"ListItem\",\"position\":5,\"name\":\"Dagrijverlichting Mercedes Actros 2020+ xenon wit\"}]},{\"@type\":\"WebSite\",\"@id\":\"https:\\\/\\\/www.oudadl.testontwikkeling.nl\\\/#website\",\"url\":\"https:\\\/\\\/www.oudadl.testontwikkeling.nl\\\/\",\"name\":\"All Day Led\",\"description\":\"\",\"publisher\":{\"@id\":\"https:\\\/\\\/www.oudadl.testontwikkeling.nl\\\/#organization\"},\"potentialAction\":[{\"@type\":\"SearchAction\",\"target\":{\"@type\":\"EntryPoint\",\"urlTemplate\":\"https:\\\/\\\/www.oudadl.testontwikkeling.nl\\\/?s={search_term_string}\"},\"query-input\":{\"@type\":\"PropertyValueSpecification\",\"valueRequired\":true,\"valueName\":\"search_term_string\"}}],\"inLanguage\":\"de\"},{\"@type\":\"Organization\",\"@id\":\"https:\\\/\\\/www.oudadl.testontwikkeling.nl\\\/#organization\",\"name\":\"All Day Led\",\"url\":\"https:\\\/\\\/www.oudadl.testontwikkeling.nl\\\/\",\"logo\":{\"@type\":\"ImageObject\",\"inLanguage\":\"de\",\"@id\":\"https:\\\/\\\/www.oudadl.testontwikkeling.nl\\\/#\\\/schema\\\/logo\\\/image\\\/\",\"url\":\"https:\\\/\\\/www.oudadl.testontwikkeling.nl\\\/wp-content\\\/uploads\\\/2022\\\/08\\\/Logo-ALL-DAY-LED-800x800-zwart-witte-letters.png\",\"contentUrl\":\"https:\\\/\\\/www.oudadl.testontwikkeling.nl\\\/wp-content\\\/uploads\\\/2022\\\/08\\\/Logo-ALL-DAY-LED-800x800-zwart-witte-letters.png\",\"width\":800,\"height\":800,\"caption\":\"All Day Led\"},\"image\":{\"@id\":\"https:\\\/\\\/www.oudadl.testontwikkeling.nl\\\/#\\\/schema\\\/logo\\\/image\\\/\"},\"sameAs\":[\"https:\\\/\\\/www.facebook.com\\\/alldayled\\\/\",\"https:\\\/\\\/www.instagram.com\\\/alldayled\\\/\"],\"vatID\":\"NL863960133B01\",\"taxID\":\"86416545\",\"hasMerchantReturnPolicy\":{\"@type\":\"MerchantReturnPolicy\",\"merchantReturnLink\":\"https:\\\/\\\/www.oudadl.testontwikkeling.nl\\\/de\\\/verzenden-retourneren\\\/\"}}]}<\/script>\n<meta property=\"product:brand\" content=\"MTRS\" \/>\n<meta property=\"product:price:amount\" content=\"165.00\" \/>\n<meta property=\"product:price:currency\" content=\"EUR\" \/>\n<meta property=\"og:availability\" content=\"instock\" \/>\n<meta property=\"product:availability\" content=\"instock\" \/>\n<meta property=\"product:retailer_item_id\" content=\"ADL41031\" \/>\n<meta property=\"product:condition\" content=\"new\" \/>\n<!-- \/ Yoast SEO Premium plugin. -->","yoast_head_json":{"title":"Mercedes Actros Tagfahrlicht XENON WEISS - All Day Led - 2020+","description":"Mercedes Actros Tagfahrlicht XENON WEISS - 2020+ - f\u00fcr die Actros Modelle mit LED \/ Xenonscheinwerfer - DRL Einheit - Plug &amp; Play - LKW Beleuchtung","robots":{"index":"noindex","follow":"follow","max-snippet":"max-snippet:-1","max-image-preview":"max-image-preview:large","max-video-preview":"max-video-preview:-1"},"og_locale":"de_DE","og_type":"article","og_title":"Mercedes Actros dagrijverlichting XENON WIT - All Day Led - 2020+","og_description":"Mercedes Actros dagrijverlichting XENON WIT - 2020+ - voor de Actros modellen met LED \/ xenon koplamp - DRL unit - plug & play - vrachtwagen verlichting","og_url":"https:\/\/www.oudadl.testontwikkeling.nl\/de\/produkt\/dagrijverlichting-mercedes-actros-2020-xenon-wit\/","og_site_name":"All Day Led","article_publisher":"https:\/\/www.facebook.com\/alldayled\/","article_modified_time":"2025-11-14T10:54:32+00:00","og_image":[{"width":800,"height":800,"url":"https:\/\/www.oudadl.testontwikkeling.nl\/wp-content\/uploads\/2025\/07\/ADL41031-SM-2.png","type":"image\/png"}],"twitter_misc":{"Preis":"&euro;165,00","Verf\u00fcgbarkeit":"Auf Lager"},"schema":{"@context":"https:\/\/schema.org","@graph":[{"@type":"WebPage","@id":"https:\/\/www.oudadl.testontwikkeling.nl\/product\/dagrijverlichting-mercedes-actros-2020-xenon-wit\/","url":"https:\/\/www.oudadl.testontwikkeling.nl\/product\/dagrijverlichting-mercedes-actros-2020-xenon-wit\/","name":"Mercedes Actros Tagfahrlicht XENON WEISS - All Day Led - 2020+","isPartOf":{"@id":"https:\/\/www.oudadl.testontwikkeling.nl\/#website"},"primaryImageOfPage":{"@id":"https:\/\/www.oudadl.testontwikkeling.nl\/product\/dagrijverlichting-mercedes-actros-2020-xenon-wit\/#primaryimage"},"image":{"@id":"https:\/\/www.oudadl.testontwikkeling.nl\/product\/dagrijverlichting-mercedes-actros-2020-xenon-wit\/#primaryimage"},"thumbnailUrl":"https:\/\/www.oudadl.testontwikkeling.nl\/wp-content\/uploads\/2025\/07\/ADL41031.png","datePublished":"2023-03-17T15:45:56+00:00","dateModified":"2025-11-14T10:54:32+00:00","description":"Mercedes Actros Tagfahrlicht XENON WEISS - 2020+ - f\u00fcr die Actros Modelle mit LED \/ Xenonscheinwerfer - DRL Einheit - Plug &amp; Play - LKW Beleuchtung","breadcrumb":{"@id":"https:\/\/www.oudadl.testontwikkeling.nl\/product\/dagrijverlichting-mercedes-actros-2020-xenon-wit\/#breadcrumb"},"inLanguage":"de","potentialAction":[{"@type":"ReadAction","target":["https:\/\/www.oudadl.testontwikkeling.nl\/product\/dagrijverlichting-mercedes-actros-2020-xenon-wit\/"]}]},{"@type":"ImageObject","inLanguage":"de","@id":"https:\/\/www.oudadl.testontwikkeling.nl\/product\/dagrijverlichting-mercedes-actros-2020-xenon-wit\/#primaryimage","url":"https:\/\/www.oudadl.testontwikkeling.nl\/wp-content\/uploads\/2025\/07\/ADL41031.png","contentUrl":"https:\/\/www.oudadl.testontwikkeling.nl\/wp-content\/uploads\/2025\/07\/ADL41031.png","width":800,"height":600,"caption":"Mercedes Actros dagrijverlichting xenon wit - bj 2020+ - geschikt voor Actros met LED \/ xenon koplamp - DRL unit- plug & play -vrachtwagen verlichting - 41031"},{"@type":"BreadcrumbList","@id":"https:\/\/www.oudadl.testontwikkeling.nl\/product\/dagrijverlichting-mercedes-actros-2020-xenon-wit\/#breadcrumb","itemListElement":[{"@type":"ListItem","position":1,"name":"Home","item":"https:\/\/www.oudadl.testontwikkeling.nl\/"},{"@type":"ListItem","position":2,"name":"Shop","item":"https:\/\/www.oudadl.testontwikkeling.nl\/de\/shop\/"},{"@type":"ListItem","position":3,"name":"Overige","item":"https:\/\/www.oudadl.testontwikkeling.nl\/product-categorie\/overige-producten\/"},{"@type":"ListItem","position":4,"name":"Dagrijlampen","item":"https:\/\/www.oudadl.testontwikkeling.nl\/product-categorie\/overige-producten\/dagrijlampen\/"},{"@type":"ListItem","position":5,"name":"Dagrijverlichting Mercedes Actros 2020+ xenon wit"}]},{"@type":"WebSite","@id":"https:\/\/www.oudadl.testontwikkeling.nl\/#website","url":"https:\/\/www.oudadl.testontwikkeling.nl\/","name":"All Day Led","description":"","publisher":{"@id":"https:\/\/www.oudadl.testontwikkeling.nl\/#organization"},"potentialAction":[{"@type":"SearchAction","target":{"@type":"EntryPoint","urlTemplate":"https:\/\/www.oudadl.testontwikkeling.nl\/?s={search_term_string}"},"query-input":{"@type":"PropertyValueSpecification","valueRequired":true,"valueName":"search_term_string"}}],"inLanguage":"de"},{"@type":"Organization","@id":"https:\/\/www.oudadl.testontwikkeling.nl\/#organization","name":"All Day Led","url":"https:\/\/www.oudadl.testontwikkeling.nl\/","logo":{"@type":"ImageObject","inLanguage":"de","@id":"https:\/\/www.oudadl.testontwikkeling.nl\/#\/schema\/logo\/image\/","url":"https:\/\/www.oudadl.testontwikkeling.nl\/wp-content\/uploads\/2022\/08\/Logo-ALL-DAY-LED-800x800-zwart-witte-letters.png","contentUrl":"https:\/\/www.oudadl.testontwikkeling.nl\/wp-content\/uploads\/2022\/08\/Logo-ALL-DAY-LED-800x800-zwart-witte-letters.png","width":800,"height":800,"caption":"All Day Led"},"image":{"@id":"https:\/\/www.oudadl.testontwikkeling.nl\/#\/schema\/logo\/image\/"},"sameAs":["https:\/\/www.facebook.com\/alldayled\/","https:\/\/www.instagram.com\/alldayled\/"],"vatID":"NL863960133B01","taxID":"86416545","hasMerchantReturnPolicy":{"@type":"MerchantReturnPolicy","merchantReturnLink":"https:\/\/www.oudadl.testontwikkeling.nl\/de\/verzenden-retourneren\/"}}]},"product_brand":"MTRS","product_price_amount":"165.00","product_price_currency":"EUR","og_availability":"instock","product_availability":"instock","product_retailer_item_id":"ADL41031","product_condition":"new"},"_links":{"self":[{"href":"https:\/\/www.oudadl.testontwikkeling.nl\/de\/wp-json\/wp\/v2\/product\/58557","targetHints":{"allow":["GET"]}}],"collection":[{"href":"https:\/\/www.oudadl.testontwikkeling.nl\/de\/wp-json\/wp\/v2\/product"}],"about":[{"href":"https:\/\/www.oudadl.testontwikkeling.nl\/de\/wp-json\/wp\/v2\/types\/product"}],"replies":[{"embeddable":true,"href":"https:\/\/www.oudadl.testontwikkeling.nl\/de\/wp-json\/wp\/v2\/comments?post=58557"}],"wp:featuredmedia":[{"embeddable":true,"href":"https:\/\/www.oudadl.testontwikkeling.nl\/de\/wp-json\/wp\/v2\/media\/58560"}],"wp:attachment":[{"href":"https:\/\/www.oudadl.testontwikkeling.nl\/de\/wp-json\/wp\/v2\/media?parent=58557"}],"wp:term":[{"taxonomy":"product_brand","embeddable":true,"href":"https:\/\/www.oudadl.testontwikkeling.nl\/de\/wp-json\/wp\/v2\/product_brand?post=58557"},{"taxonomy":"product_cat","embeddable":true,"href":"https:\/\/www.oudadl.testontwikkeling.nl\/de\/wp-json\/wp\/v2\/product_cat?post=58557"},{"taxonomy":"product_tag","embeddable":true,"href":"https:\/\/www.oudadl.testontwikkeling.nl\/de\/wp-json\/wp\/v2\/product_tag?post=58557"}],"curies":[{"name":"wp","href":"https:\/\/api.w.org\/{rel}","templated":true}]}}