{"id":57960,"date":"2025-02-28T11:54:30","date_gmt":"2025-02-28T10:54:30","guid":{"rendered":"https:\/\/www.oudadl.testontwikkeling.nl\/?post_type=product&#038;p=57960"},"modified":"2025-07-29T15:59:24","modified_gmt":"2025-07-29T13:59:24","slug":"horpol-ld2165-breedtelamp","status":"publish","type":"product","link":"https:\/\/www.oudadl.testontwikkeling.nl\/de\/product\/horpol-ld2165-breedtelamp\/","title":{"rendered":"Horpol LD2165 Umrissleuchte"},"content":{"rendered":"<p><span style=\"color: #000000;\"><strong>Horpol LD2165 GRAPHITE Umrissleuchte, f\u00fcr 12 und 24 Volt.\u00a0<\/strong><\/span><\/p>\n<p><span style=\"color: #000000;\">Suchen Sie ein kompaktes, modernes LED-Seitenlicht, das perfekt zu verschiedenen Fahrzeugen passt? Dann ist das Horpol LD2165 GRAPHITE-Seitenlicht genau das Richtige f\u00fcr Sie. Dieses stilvolle Licht aus der Graphite-Serie besticht durch sein dunkles, schlankes Design und kombiniert einen modernen Look mit optimaler Sichtbarkeit. Das LED-Licht ist mit einem wei\u00dfen Frontlicht und einem roten R\u00fccklicht ausgestattet, sodass Sie im Verkehr sowohl von vorne als auch von hinten gut sichtbar sind. Ideal f\u00fcr mehr Sicherheit bei Tag und Nacht.<\/span><\/p>\n<p><span style=\"color: #000000;\">Die Positionsleuchte Horpol LD2165 ist sowohl f\u00fcr 12 als auch f\u00fcr 24 Volt geeignet und somit vielseitig einsetzbar. Ob Anh\u00e4nger, Wohnmobil, LKW, landwirtschaftliches Fahrzeug oder Spezialmaschine \u2013 diese Leuchte ist eine ausgezeichnete Wahl. Dank des symmetrischen Designs und des flexiblen Arms kann die Leuchte sowohl links als auch rechts montiert werden. Das Geh\u00e4use ist vollst\u00e4ndig wasserdicht (IP68) und somit auch unter rauen Bedingungen staub- und feuchtigkeitsbest\u00e4ndig.<\/span><\/p>\n<div class=\"truncated\">\n<h5><span style=\"color: #000000;\"><strong>Abmessungen:<\/strong><\/span><\/h5>\n<p><span style=\"color: #000000;\">M\u00f6chten Sie sicher sein, dass die Lampe Horpol LD2165 in die gew\u00fcnschte Einbausituation passt? Um Ihnen dabei zu helfen, haben wir unten die Abmessungen der Lampe LED aufgelistet:<\/span><\/p>\n<ul>\n<li><span style=\"color: #000000;\">H\u00f6he: 139 mm<\/span><\/li>\n<li><span style=\"color: #000000;\">Breite: 35mm<\/span><\/li>\n<li><span style=\"color: #000000;\">Dicke: 38 mm<\/span><\/li>\n<\/ul>\n<h5><span style=\"color: #000000;\"><strong>Andere Versionen:\u00a0<\/strong><\/span><\/h5>\n<p><span style=\"color: #000000;\">Sie m\u00f6chten ein LED Umrissleuchte von Horpol kaufen, aber das Horpol LD2165 GRAPHITE ist nicht das Richtige f\u00fcr Sie? Kein Problem! Horpol bietet eine gro\u00dfe Auswahl an verschiedenen Modellen und Ausf\u00fchrungen, sodass Sie immer die passende Leuchte f\u00fcr Ihr Fahrzeug und Ihre Bed\u00fcrfnisse finden. Weitere Standlichter der gleichen Serie finden Sie unten:<\/span><\/p>\n<ul>\n<li><a href=\"https:\/\/www.oudadl.testontwikkeling.nl\/de\/produkt\/horpol-ld2164-breedtelamp\/\"><span style=\"color: #000000;\"><strong>Horpol LD2164 GRAPHITE<\/strong><\/span><\/a><\/li>\n<\/ul>\n<p><span style=\"color: #000000;\">Sind Sie unsicher, ob der Horpol LD2165 GRAPHITE genau das Richtige f\u00fcr Sie ist? Vielleicht passt die Farbe, Form oder Optik nicht zu Ihrem Fahrzeug. Kein Problem! Entdecken Sie unsere Auswahl auf unserer Seite. <a style=\"color: #000000;\" href=\"https:\/\/www.oudadl.testontwikkeling.nl\/de\/produkt-kategorie\/positionslichter\/breedtelampen\/\">Breite Lampen<\/a>Wer wei\u00df, vielleicht finden Sie dort das Modell, das Ihren Anforderungen am besten entspricht.<\/span><\/p>\n<\/div>","protected":false},"excerpt":{"rendered":"<p>Horpol LD2165 GRAPHITE breedtelamp, voor 12 en 24 volt gebruik.\u00a0 Ben je op zoek naar een compacte, moderne LED breedtelamp die perfect past op diverse voertuigen? Dan is de Horpol LD2165 GRAPHITE breedtelamp precies wat je nodig hebt. Deze stijlvolle lamp uit de Graphite-serie is uitgevoerd in een donkere, strakke look en combineert een moderne [&hellip;]<\/p>\n","protected":false},"featured_media":58467,"comment_status":"open","ping_status":"closed","template":"","meta":{"_acf_changed":false,"site-sidebar-layout":"default","site-content-layout":"default","ast-site-content-layout":"default","site-content-style":"default","site-sidebar-style":"default","ast-global-header-display":"","ast-banner-title-visibility":"","ast-main-header-display":"","ast-hfb-above-header-display":"","ast-hfb-below-header-display":"","ast-hfb-mobile-header-display":"","site-post-title":"","ast-breadcrumbs-content":"","ast-featured-img":"","footer-sml-layout":"","ast-disable-related-posts":"","theme-transparent-header-meta":"default","adv-header-id-meta":"","stick-header-meta":"","header-above-stick-meta":"","header-main-stick-meta":"","header-below-stick-meta":"","astra-migrate-meta-layouts":"set","ast-page-background-enabled":"default","ast-page-background-meta":{"desktop":{"background-color":"","background-image":"","background-repeat":"repeat","background-position":"center center","background-size":"auto","background-attachment":"scroll","background-type":"","background-media":"","overlay-type":"","overlay-color":"","overlay-opacity":"","overlay-gradient":""},"tablet":{"background-color":"","background-image":"","background-repeat":"repeat","background-position":"center center","background-size":"auto","background-attachment":"scroll","background-type":"","background-media":"","overlay-type":"","overlay-color":"","overlay-opacity":"","overlay-gradient":""},"mobile":{"background-color":"","background-image":"","background-repeat":"repeat","background-position":"center center","background-size":"auto","background-attachment":"scroll","background-type":"","background-media":"","overlay-type":"","overlay-color":"","overlay-opacity":"","overlay-gradient":""}},"ast-content-background-meta":{"desktop":{"background-color":"var(--ast-global-color-5)","background-image":"","background-repeat":"repeat","background-position":"center center","background-size":"auto","background-attachment":"scroll","background-type":"","background-media":"","overlay-type":"","overlay-color":"","overlay-opacity":"","overlay-gradient":""},"tablet":{"background-color":"var(--ast-global-color-5)","background-image":"","background-repeat":"repeat","background-position":"center center","background-size":"auto","background-attachment":"scroll","background-type":"","background-media":"","overlay-type":"","overlay-color":"","overlay-opacity":"","overlay-gradient":""},"mobile":{"background-color":"var(--ast-global-color-5)","background-image":"","background-repeat":"repeat","background-position":"center center","background-size":"auto","background-attachment":"scroll","background-type":"","background-media":"","overlay-type":"","overlay-color":"","overlay-opacity":"","overlay-gradient":""}}},"product_brand":[],"product_cat":[295],"product_tag":[4169,4168,4170,2514,2516,2517,2515,2513,5150,5151,2518],"class_list":{"0":"post-57960","1":"product","2":"type-product","3":"status-publish","4":"has-post-thumbnail","6":"product_cat-breedtelampen","7":"product_tag-breedtelamp-aanhanger","8":"product_tag-breedtelamp-camper","9":"product_tag-breedtelamp-vrachtwagen","10":"product_tag-breedtelicht-aanhanger","11":"product_tag-breedtelicht-trailer","12":"product_tag-breedtelicht-vrachtwagen","13":"product_tag-horpol-led-verlichting","14":"product_tag-led-breedtelamp","15":"product_tag-led-breedtelamp-12-volt","16":"product_tag-led-breedtelamp-24-volt","17":"product_tag-led-breedtelicht","18":"pa_merkk-product-horpol","19":"desktop-align-left","20":"tablet-align-left","21":"mobile-align-left","23":"first","24":"instock","25":"taxable","26":"shipping-taxable","27":"purchasable","28":"product-type-simple"},"acf":[],"yoast_head":"<!-- This site is optimized with the Yoast SEO Premium plugin v25.9 (Yoast SEO v27.6) - https:\/\/yoast.com\/product\/yoast-seo-premium-wordpress\/ -->\n<title>Horpol LD2165 breedtelamp kort - All Day Led - voor 12&amp;24V<\/title>\n<meta name=\"description\" content=\"Horpol LD2165 breedtelamp - GRAPHITE model \/ 12&amp;24 volt - camper, vrachtwagen, tractor, aanhanger en meer - wit en rode LED - HOR 83G\" \/>\n<meta name=\"robots\" content=\"noindex, follow, max-snippet:-1, max-image-preview:large, max-video-preview:-1\" \/>\n<meta property=\"og:locale\" content=\"de_DE\" \/>\n<meta property=\"og:type\" content=\"article\" \/>\n<meta property=\"og:title\" content=\"Horpol LD2165 breedtelamp kort - All Day Led - voor 12&amp;24V\" \/>\n<meta property=\"og:description\" content=\"Horpol LD2165 breedtelamp - GRAPHITE model \/ 12&amp;24 volt - camper, vrachtwagen, tractor, aanhanger en meer - wit en rode LED - HOR 83G\" \/>\n<meta property=\"og:url\" content=\"https:\/\/www.oudadl.testontwikkeling.nl\/de\/produkt\/horpol-ld2165-breedtelamp\/\" \/>\n<meta property=\"og:site_name\" content=\"All Day Led\" \/>\n<meta property=\"article:publisher\" content=\"https:\/\/www.facebook.com\/alldayled\/\" \/>\n<meta property=\"article:modified_time\" content=\"2025-07-29T13:59:24+00:00\" \/>\n<meta property=\"og:image\" content=\"https:\/\/www.oudadl.testontwikkeling.nl\/wp-content\/uploads\/2025\/07\/ADL202165-SM.png\" \/>\n\t<meta property=\"og:image:width\" content=\"800\" \/>\n\t<meta property=\"og:image:height\" content=\"800\" \/>\n\t<meta property=\"og:image:type\" content=\"image\/png\" \/>\n<meta name=\"twitter:label1\" content=\"Preis\" \/>\n\t<meta name=\"twitter:data1\" content=\"&euro;10,95\" \/>\n\t<meta name=\"twitter:label2\" content=\"Verf\u00fcgbarkeit\" \/>\n\t<meta name=\"twitter:data2\" content=\"Auf Lager\" \/>\n<script type=\"application\/ld+json\" class=\"yoast-schema-graph\">{\"@context\":\"https:\\\/\\\/schema.org\",\"@graph\":[{\"@type\":\"WebPage\",\"@id\":\"https:\\\/\\\/www.oudadl.testontwikkeling.nl\\\/product\\\/horpol-ld2165-breedtelamp\\\/\",\"url\":\"https:\\\/\\\/www.oudadl.testontwikkeling.nl\\\/product\\\/horpol-ld2165-breedtelamp\\\/\",\"name\":\"Horpol LD2165 breedtelamp kort - All Day Led - voor 12&24V\",\"isPartOf\":{\"@id\":\"https:\\\/\\\/www.oudadl.testontwikkeling.nl\\\/#website\"},\"primaryImageOfPage\":{\"@id\":\"https:\\\/\\\/www.oudadl.testontwikkeling.nl\\\/product\\\/horpol-ld2165-breedtelamp\\\/#primaryimage\"},\"image\":{\"@id\":\"https:\\\/\\\/www.oudadl.testontwikkeling.nl\\\/product\\\/horpol-ld2165-breedtelamp\\\/#primaryimage\"},\"thumbnailUrl\":\"https:\\\/\\\/www.oudadl.testontwikkeling.nl\\\/wp-content\\\/uploads\\\/2025\\\/07\\\/ADL202165.png\",\"datePublished\":\"2025-02-28T10:54:30+00:00\",\"dateModified\":\"2025-07-29T13:59:24+00:00\",\"description\":\"Horpol LD2165 breedtelamp - GRAPHITE model \\\/ 12&24 volt - camper, vrachtwagen, tractor, aanhanger en meer - wit en rode LED - HOR 83G\",\"breadcrumb\":{\"@id\":\"https:\\\/\\\/www.oudadl.testontwikkeling.nl\\\/product\\\/horpol-ld2165-breedtelamp\\\/#breadcrumb\"},\"inLanguage\":\"de\",\"potentialAction\":[{\"@type\":\"ReadAction\",\"target\":[\"https:\\\/\\\/www.oudadl.testontwikkeling.nl\\\/product\\\/horpol-ld2165-breedtelamp\\\/\"]}]},{\"@type\":\"ImageObject\",\"inLanguage\":\"de\",\"@id\":\"https:\\\/\\\/www.oudadl.testontwikkeling.nl\\\/product\\\/horpol-ld2165-breedtelamp\\\/#primaryimage\",\"url\":\"https:\\\/\\\/www.oudadl.testontwikkeling.nl\\\/wp-content\\\/uploads\\\/2025\\\/07\\\/ADL202165.png\",\"contentUrl\":\"https:\\\/\\\/www.oudadl.testontwikkeling.nl\\\/wp-content\\\/uploads\\\/2025\\\/07\\\/ADL202165.png\",\"width\":800,\"height\":600,\"caption\":\"Horpol LD2165 GRAPHITE breedtelamp - oranje\\\/rood - HOR83G - IP68 - ECE R148 - EAN: 5901958853852\"},{\"@type\":\"BreadcrumbList\",\"@id\":\"https:\\\/\\\/www.oudadl.testontwikkeling.nl\\\/product\\\/horpol-ld2165-breedtelamp\\\/#breadcrumb\",\"itemListElement\":[{\"@type\":\"ListItem\",\"position\":1,\"name\":\"Home\",\"item\":\"https:\\\/\\\/www.oudadl.testontwikkeling.nl\\\/\"},{\"@type\":\"ListItem\",\"position\":2,\"name\":\"Shop\",\"item\":\"https:\\\/\\\/www.oudadl.testontwikkeling.nl\\\/de\\\/shop\\\/\"},{\"@type\":\"ListItem\",\"position\":3,\"name\":\"Positielampen\",\"item\":\"https:\\\/\\\/www.oudadl.testontwikkeling.nl\\\/product-categorie\\\/positielampen\\\/\"},{\"@type\":\"ListItem\",\"position\":4,\"name\":\"Breedtelampen\",\"item\":\"https:\\\/\\\/www.oudadl.testontwikkeling.nl\\\/product-categorie\\\/positielampen\\\/breedtelampen\\\/\"},{\"@type\":\"ListItem\",\"position\":5,\"name\":\"Horpol LD2165 breedtelamp\"}]},{\"@type\":\"WebSite\",\"@id\":\"https:\\\/\\\/www.oudadl.testontwikkeling.nl\\\/#website\",\"url\":\"https:\\\/\\\/www.oudadl.testontwikkeling.nl\\\/\",\"name\":\"All Day Led\",\"description\":\"\",\"publisher\":{\"@id\":\"https:\\\/\\\/www.oudadl.testontwikkeling.nl\\\/#organization\"},\"potentialAction\":[{\"@type\":\"SearchAction\",\"target\":{\"@type\":\"EntryPoint\",\"urlTemplate\":\"https:\\\/\\\/www.oudadl.testontwikkeling.nl\\\/?s={search_term_string}\"},\"query-input\":{\"@type\":\"PropertyValueSpecification\",\"valueRequired\":true,\"valueName\":\"search_term_string\"}}],\"inLanguage\":\"de\"},{\"@type\":\"Organization\",\"@id\":\"https:\\\/\\\/www.oudadl.testontwikkeling.nl\\\/#organization\",\"name\":\"All Day Led\",\"url\":\"https:\\\/\\\/www.oudadl.testontwikkeling.nl\\\/\",\"logo\":{\"@type\":\"ImageObject\",\"inLanguage\":\"de\",\"@id\":\"https:\\\/\\\/www.oudadl.testontwikkeling.nl\\\/#\\\/schema\\\/logo\\\/image\\\/\",\"url\":\"https:\\\/\\\/www.oudadl.testontwikkeling.nl\\\/wp-content\\\/uploads\\\/2022\\\/08\\\/Logo-ALL-DAY-LED-800x800-zwart-witte-letters.png\",\"contentUrl\":\"https:\\\/\\\/www.oudadl.testontwikkeling.nl\\\/wp-content\\\/uploads\\\/2022\\\/08\\\/Logo-ALL-DAY-LED-800x800-zwart-witte-letters.png\",\"width\":800,\"height\":800,\"caption\":\"All Day Led\"},\"image\":{\"@id\":\"https:\\\/\\\/www.oudadl.testontwikkeling.nl\\\/#\\\/schema\\\/logo\\\/image\\\/\"},\"sameAs\":[\"https:\\\/\\\/www.facebook.com\\\/alldayled\\\/\",\"https:\\\/\\\/www.instagram.com\\\/alldayled\\\/\"],\"vatID\":\"NL863960133B01\",\"taxID\":\"86416545\",\"hasMerchantReturnPolicy\":{\"@type\":\"MerchantReturnPolicy\",\"merchantReturnLink\":\"https:\\\/\\\/www.oudadl.testontwikkeling.nl\\\/de\\\/verzenden-retourneren\\\/\"}}]}<\/script>\n<meta property=\"product:brand\" content=\"Horpol\" \/>\n<meta property=\"product:price:amount\" content=\"10.95\" \/>\n<meta property=\"product:price:currency\" content=\"EUR\" \/>\n<meta property=\"og:availability\" content=\"instock\" \/>\n<meta property=\"product:availability\" content=\"instock\" \/>\n<meta property=\"product:retailer_item_id\" content=\"ADL202165\" \/>\n<meta property=\"product:condition\" content=\"new\" \/>\n<!-- \/ Yoast SEO Premium plugin. -->","yoast_head_json":{"title":"Horpol LD2165 Umrissleuchte kurz - All Day Led - f\u00fcr 12&amp;24V","description":"Horpol LD2165 Umrissleuchte - GRAPHITE-Modell \/ 12&amp;24 volt - Wohnmobil, LKW, Traktor, Anh\u00e4nger und mehr - wei\u00df und rot LED - HOR 83G","robots":{"index":"noindex","follow":"follow","max-snippet":"max-snippet:-1","max-image-preview":"max-image-preview:large","max-video-preview":"max-video-preview:-1"},"og_locale":"de_DE","og_type":"article","og_title":"Horpol LD2165 breedtelamp kort - All Day Led - voor 12&24V","og_description":"Horpol LD2165 breedtelamp - GRAPHITE model \/ 12&24 volt - camper, vrachtwagen, tractor, aanhanger en meer - wit en rode LED - HOR 83G","og_url":"https:\/\/www.oudadl.testontwikkeling.nl\/de\/produkt\/horpol-ld2165-breedtelamp\/","og_site_name":"All Day Led","article_publisher":"https:\/\/www.facebook.com\/alldayled\/","article_modified_time":"2025-07-29T13:59:24+00:00","og_image":[{"width":800,"height":800,"url":"https:\/\/www.oudadl.testontwikkeling.nl\/wp-content\/uploads\/2025\/07\/ADL202165-SM.png","type":"image\/png"}],"twitter_misc":{"Preis":"&euro;10,95","Verf\u00fcgbarkeit":"Auf Lager"},"schema":{"@context":"https:\/\/schema.org","@graph":[{"@type":"WebPage","@id":"https:\/\/www.oudadl.testontwikkeling.nl\/product\/horpol-ld2165-breedtelamp\/","url":"https:\/\/www.oudadl.testontwikkeling.nl\/product\/horpol-ld2165-breedtelamp\/","name":"Horpol LD2165 Umrissleuchte kurz - All Day Led - f\u00fcr 12&amp;24V","isPartOf":{"@id":"https:\/\/www.oudadl.testontwikkeling.nl\/#website"},"primaryImageOfPage":{"@id":"https:\/\/www.oudadl.testontwikkeling.nl\/product\/horpol-ld2165-breedtelamp\/#primaryimage"},"image":{"@id":"https:\/\/www.oudadl.testontwikkeling.nl\/product\/horpol-ld2165-breedtelamp\/#primaryimage"},"thumbnailUrl":"https:\/\/www.oudadl.testontwikkeling.nl\/wp-content\/uploads\/2025\/07\/ADL202165.png","datePublished":"2025-02-28T10:54:30+00:00","dateModified":"2025-07-29T13:59:24+00:00","description":"Horpol LD2165 Umrissleuchte - GRAPHITE-Modell \/ 12&amp;24 volt - Wohnmobil, LKW, Traktor, Anh\u00e4nger und mehr - wei\u00df und rot LED - HOR 83G","breadcrumb":{"@id":"https:\/\/www.oudadl.testontwikkeling.nl\/product\/horpol-ld2165-breedtelamp\/#breadcrumb"},"inLanguage":"de","potentialAction":[{"@type":"ReadAction","target":["https:\/\/www.oudadl.testontwikkeling.nl\/product\/horpol-ld2165-breedtelamp\/"]}]},{"@type":"ImageObject","inLanguage":"de","@id":"https:\/\/www.oudadl.testontwikkeling.nl\/product\/horpol-ld2165-breedtelamp\/#primaryimage","url":"https:\/\/www.oudadl.testontwikkeling.nl\/wp-content\/uploads\/2025\/07\/ADL202165.png","contentUrl":"https:\/\/www.oudadl.testontwikkeling.nl\/wp-content\/uploads\/2025\/07\/ADL202165.png","width":800,"height":600,"caption":"Horpol LD2165 GRAPHITE breedtelamp - oranje\/rood - HOR83G - IP68 - ECE R148 - EAN: 5901958853852"},{"@type":"BreadcrumbList","@id":"https:\/\/www.oudadl.testontwikkeling.nl\/product\/horpol-ld2165-breedtelamp\/#breadcrumb","itemListElement":[{"@type":"ListItem","position":1,"name":"Home","item":"https:\/\/www.oudadl.testontwikkeling.nl\/"},{"@type":"ListItem","position":2,"name":"Shop","item":"https:\/\/www.oudadl.testontwikkeling.nl\/de\/shop\/"},{"@type":"ListItem","position":3,"name":"Positielampen","item":"https:\/\/www.oudadl.testontwikkeling.nl\/product-categorie\/positielampen\/"},{"@type":"ListItem","position":4,"name":"Breedtelampen","item":"https:\/\/www.oudadl.testontwikkeling.nl\/product-categorie\/positielampen\/breedtelampen\/"},{"@type":"ListItem","position":5,"name":"Horpol LD2165 breedtelamp"}]},{"@type":"WebSite","@id":"https:\/\/www.oudadl.testontwikkeling.nl\/#website","url":"https:\/\/www.oudadl.testontwikkeling.nl\/","name":"All Day Led","description":"","publisher":{"@id":"https:\/\/www.oudadl.testontwikkeling.nl\/#organization"},"potentialAction":[{"@type":"SearchAction","target":{"@type":"EntryPoint","urlTemplate":"https:\/\/www.oudadl.testontwikkeling.nl\/?s={search_term_string}"},"query-input":{"@type":"PropertyValueSpecification","valueRequired":true,"valueName":"search_term_string"}}],"inLanguage":"de"},{"@type":"Organization","@id":"https:\/\/www.oudadl.testontwikkeling.nl\/#organization","name":"All Day Led","url":"https:\/\/www.oudadl.testontwikkeling.nl\/","logo":{"@type":"ImageObject","inLanguage":"de","@id":"https:\/\/www.oudadl.testontwikkeling.nl\/#\/schema\/logo\/image\/","url":"https:\/\/www.oudadl.testontwikkeling.nl\/wp-content\/uploads\/2022\/08\/Logo-ALL-DAY-LED-800x800-zwart-witte-letters.png","contentUrl":"https:\/\/www.oudadl.testontwikkeling.nl\/wp-content\/uploads\/2022\/08\/Logo-ALL-DAY-LED-800x800-zwart-witte-letters.png","width":800,"height":800,"caption":"All Day Led"},"image":{"@id":"https:\/\/www.oudadl.testontwikkeling.nl\/#\/schema\/logo\/image\/"},"sameAs":["https:\/\/www.facebook.com\/alldayled\/","https:\/\/www.instagram.com\/alldayled\/"],"vatID":"NL863960133B01","taxID":"86416545","hasMerchantReturnPolicy":{"@type":"MerchantReturnPolicy","merchantReturnLink":"https:\/\/www.oudadl.testontwikkeling.nl\/de\/verzenden-retourneren\/"}}]},"product_brand":"Horpol","product_price_amount":"10.95","product_price_currency":"EUR","og_availability":"instock","product_availability":"instock","product_retailer_item_id":"ADL202165","product_condition":"new"},"_links":{"self":[{"href":"https:\/\/www.oudadl.testontwikkeling.nl\/de\/wp-json\/wp\/v2\/product\/57960","targetHints":{"allow":["GET"]}}],"collection":[{"href":"https:\/\/www.oudadl.testontwikkeling.nl\/de\/wp-json\/wp\/v2\/product"}],"about":[{"href":"https:\/\/www.oudadl.testontwikkeling.nl\/de\/wp-json\/wp\/v2\/types\/product"}],"replies":[{"embeddable":true,"href":"https:\/\/www.oudadl.testontwikkeling.nl\/de\/wp-json\/wp\/v2\/comments?post=57960"}],"wp:featuredmedia":[{"embeddable":true,"href":"https:\/\/www.oudadl.testontwikkeling.nl\/de\/wp-json\/wp\/v2\/media\/58467"}],"wp:attachment":[{"href":"https:\/\/www.oudadl.testontwikkeling.nl\/de\/wp-json\/wp\/v2\/media?parent=57960"}],"wp:term":[{"taxonomy":"product_brand","embeddable":true,"href":"https:\/\/www.oudadl.testontwikkeling.nl\/de\/wp-json\/wp\/v2\/product_brand?post=57960"},{"taxonomy":"product_cat","embeddable":true,"href":"https:\/\/www.oudadl.testontwikkeling.nl\/de\/wp-json\/wp\/v2\/product_cat?post=57960"},{"taxonomy":"product_tag","embeddable":true,"href":"https:\/\/www.oudadl.testontwikkeling.nl\/de\/wp-json\/wp\/v2\/product_tag?post=57960"}],"curies":[{"name":"wp","href":"https:\/\/api.w.org\/{rel}","templated":true}]}}