{"id":57521,"date":"2024-09-25T10:00:24","date_gmt":"2024-09-25T08:00:24","guid":{"rendered":"https:\/\/www.oudadl.testontwikkeling.nl\/?post_type=product&#038;p=57521"},"modified":"2025-11-27T12:53:00","modified_gmt":"2025-11-27T11:53:00","slug":"strands-for9t-dragon-drive-verstraler","status":"publish","type":"product","link":"https:\/\/www.oudadl.testontwikkeling.nl\/de\/product\/strands-for9t-dragon-drive-verstraler\/","title":{"rendered":"Strands FOR9T Dragon Drive Scheinwerfer"},"content":{"rendered":"<p><span style=\"color: #000000;\"><strong>Strands FOR9T Dragon Drive 9 Zoll Scheinwerfer, f\u00fcr 12 und 24 Volt.<\/strong> <\/span><\/p>\n<p><span style=\"color: #000000;\">Suchen Sie einen leistungsstarken und modernen LED-Scheinwerfer, sind sich aber nicht sicher, welches Modell zu Ihrem Fahrzeug passt? Dann k\u00f6nnte der Strands For9T Dragon Drive 9&quot; LED-Scheinwerfer genau das Richtige f\u00fcr Sie sein. Dieser robuste Scheinwerfer ist mit einem DUAL COLOR-Positionslicht ausgestattet und verf\u00fcgt \u00fcber einen DT4-Anschluss. Dank der vier leistungsstarken LED-Einheiten liefert die Lampe eine beeindruckende theoretische Lichtleistung von 14.000 Lumen. Da er sowohl f\u00fcr 12 als auch f\u00fcr 24 Volt geeignet ist, k\u00f6nnen Sie diesen Scheinwerfer problemlos an Ihrem Auto, Wohnmobil, LKW oder einem anderen Fahrzeugtyp montieren.<\/span><\/p>\n<p><span style=\"color: #000000;\">Damit dieser Scheinwerfer auch f\u00fcr Ihre Situation geeignet ist, haben wir die wichtigsten Spezifikationen f\u00fcr Sie aufgelistet. Der Strands FOR9T DRAGON DRIVE verf\u00fcgt \u00fcber ein robustes Aluminiumgeh\u00e4use, eine schlagfeste Polycarbonatlinse und die Schutzart IP67. Dadurch ist die Lampe vollst\u00e4ndig staub- und wasserdicht. Dies tr\u00e4gt zu einer langen Lebensdauer bei, weshalb Sie auf den Scheinwerfer 3 Jahre Garantie erhalten. Dar\u00fcber hinaus ist die Lampe mit mehreren G\u00fctezeichen zertifiziert: ECE R10, ECE R148 und ECE R149. So k\u00f6nnen Sie sicher und vorschriftsm\u00e4\u00dfig unterwegs sein.<\/span><\/p>\n<h5><span style=\"color: #000000;\"><strong>Abmessungen:<\/strong><\/span><\/h5>\n<p><span style=\"color: #000000;\">Um sicherzustellen, dass Sie die LED-Lampe dort montieren k\u00f6nnen, wo Sie sie m\u00f6chten. Nachfolgend haben wir die Abmessungen dieser LED-Lampe notiert. Die Abmessungen des Strands FOR9T DRAGON DRIVE 9'' Scheinwerfer sind wie folgt:\u00a0<\/span><\/p>\n<ul>\n<li><span style=\"color: #000000;\">H\u00f6he: 220 (226 mm inkl. Halter)<\/span><\/li>\n<li><span style=\"color: #000000;\">Durchmesser: 220 mm<\/span><\/li>\n<li><span style=\"color: #000000;\">Dicke: 90 mm<\/span><\/li>\n<\/ul>\n<h5><span style=\"color: #000000;\"><strong>Andere Versionen:<\/strong><\/span><\/h5>\n<div class=\"truncated\">\n<div class=\"truncated\">\n<p><span style=\"color: #000000;\">M\u00f6chten Sie eine LED-Lampe oder Strands aus der For9t-Reihe kaufen? Aber ist der Strands FOR9T DRAGON DRIVE 9\" Scheinwerfer nicht die Lampe, die Sie suchen? Dann wissen Sie, dass die FOR9T-Reihe der Marke Strands auch verschiedene andere Lampentypen umfasst. Nachfolgend finden Sie eine Liste der anderen Modelle, die Strands anbietet.<\/span><\/p>\n<\/div>\n<ul>\n<li><span style=\"color: #000000;\"><a style=\"color: #000000;\" href=\"https:\/\/www.oudadl.testontwikkeling.nl\/de\/produkt\/strands-for9t-scale-positielicht-oranje\/\"><strong>For9t Scale orange<\/strong><\/a><\/span><\/li>\n<li><span style=\"color: #000000;\"><a style=\"color: #000000;\" href=\"https:\/\/www.oudadl.testontwikkeling.nl\/de\/produkt\/strands-for9t-scale-positielicht-rood\/\"><strong>For9t Scale rot<\/strong><\/a><\/span><\/li>\n<li><span style=\"color: #000000;\"><a style=\"color: #000000;\" href=\"https:\/\/www.oudadl.testontwikkeling.nl\/de\/produkt\/strands-for9t-scale-positielicht-wit\/\"><strong>For9t Scale wei\u00df<\/strong><\/a><\/span><\/li>\n<\/ul>\n<p><span style=\"color: #000000;\">Sind Sie nach dem Lesen aller Spezifikationen und dem Betrachten der Fotos immer noch nicht \u00fcberzeugt? Einfach weil Form, Lichtausbeute oder Farbe nicht Ihren W\u00fcnschen entsprechen? Dann sehen Sie sich hier das komplette Sortiment an <a style=\"color: #000000;\" href=\"https:\/\/www.oudadl.testontwikkeling.nl\/de\/merk\/produkt-strands-beleuchtungsabteilung\/\" target=\"_blank\" rel=\"noopener\">Strands<\/a>. M\u00f6glicherweise finden Sie hier das Lampenmodell, das Sie suchen.<\/span><\/p>\n<\/div>","protected":false},"excerpt":{"rendered":"<p>Strands FOR9T Dragon Drive 9 inch verstraler, voor 12 en 24 volt. Ben je op zoek naar een krachtige en moderne LED verstraler, maar weet je nog niet precies welk model bij jouw voertuig past? Dan is de Strands For9T Dragon Drive 9&#8221; LED verstraler misschien wel precies wat je nodig hebt. Deze robuuste verstraler [&hellip;]<\/p>\n","protected":false},"featured_media":57649,"comment_status":"open","ping_status":"closed","template":"","meta":{"_acf_changed":false,"site-sidebar-layout":"default","site-content-layout":"default","ast-site-content-layout":"default","site-content-style":"default","site-sidebar-style":"default","ast-global-header-display":"","ast-banner-title-visibility":"","ast-main-header-display":"","ast-hfb-above-header-display":"","ast-hfb-below-header-display":"","ast-hfb-mobile-header-display":"","site-post-title":"","ast-breadcrumbs-content":"","ast-featured-img":"","footer-sml-layout":"","ast-disable-related-posts":"","theme-transparent-header-meta":"default","adv-header-id-meta":"","stick-header-meta":"","header-above-stick-meta":"","header-main-stick-meta":"","header-below-stick-meta":"","astra-migrate-meta-layouts":"set","ast-page-background-enabled":"default","ast-page-background-meta":{"desktop":{"background-color":"","background-image":"","background-repeat":"repeat","background-position":"center center","background-size":"auto","background-attachment":"scroll","background-type":"","background-media":"","overlay-type":"","overlay-color":"","overlay-opacity":"","overlay-gradient":""},"tablet":{"background-color":"","background-image":"","background-repeat":"repeat","background-position":"center center","background-size":"auto","background-attachment":"scroll","background-type":"","background-media":"","overlay-type":"","overlay-color":"","overlay-opacity":"","overlay-gradient":""},"mobile":{"background-color":"","background-image":"","background-repeat":"repeat","background-position":"center center","background-size":"auto","background-attachment":"scroll","background-type":"","background-media":"","overlay-type":"","overlay-color":"","overlay-opacity":"","overlay-gradient":""}},"ast-content-background-meta":{"desktop":{"background-color":"var(--ast-global-color-5)","background-image":"","background-repeat":"repeat","background-position":"center center","background-size":"auto","background-attachment":"scroll","background-type":"","background-media":"","overlay-type":"","overlay-color":"","overlay-opacity":"","overlay-gradient":""},"tablet":{"background-color":"var(--ast-global-color-5)","background-image":"","background-repeat":"repeat","background-position":"center center","background-size":"auto","background-attachment":"scroll","background-type":"","background-media":"","overlay-type":"","overlay-color":"","overlay-opacity":"","overlay-gradient":""},"mobile":{"background-color":"var(--ast-global-color-5)","background-image":"","background-repeat":"repeat","background-position":"center center","background-size":"auto","background-attachment":"scroll","background-type":"","background-media":"","overlay-type":"","overlay-color":"","overlay-opacity":"","overlay-gradient":""}}},"product_brand":[],"product_cat":[8108,7962],"product_tag":[5822,5823,5824,5825,5821,2426,2427,2465],"class_list":{"0":"post-57521","1":"product","2":"type-product","3":"status-publish","4":"has-post-thumbnail","6":"product_cat-strands-for9t","7":"product_cat-verstraler-rond","8":"product_tag-led-verstraler-auto","9":"product_tag-led-verstraler-camper","10":"product_tag-led-verstraler-pickup","11":"product_tag-led-verstraler-tractor","12":"product_tag-led-verstraler-vrachtwagen","13":"product_tag-strands-led-verlichting","14":"product_tag-strands-lighting-division","15":"product_tag-verstraler-met-stadslicht","16":"pa_merkk-product-strands-lighting-division","17":"desktop-align-left","18":"tablet-align-left","19":"mobile-align-left","21":"first","22":"instock","23":"taxable","24":"shipping-taxable","25":"purchasable","26":"product-type-simple"},"acf":[],"yoast_head":"<!-- This site is optimized with the Yoast SEO Premium plugin v25.9 (Yoast SEO v27.6) - https:\/\/yoast.com\/product\/yoast-seo-premium-wordpress\/ -->\n<title>Strands FOR9T Dragon Drive full LED verstraler - All Day Led - voor 12&amp;24V<\/title>\n<meta name=\"description\" content=\"Strands FOR9T Dragon Drive - 14.000 Lumen! - DUAL COLOR standlicht WIT &amp; ORANJE - 1 Lux op 600 meter! - met DT4 stekker - IP67 - ECE R148 &amp; ECE 149 keurmerk\" \/>\n<meta name=\"robots\" content=\"noindex, follow, max-snippet:-1, max-image-preview:large, max-video-preview:-1\" \/>\n<meta property=\"og:locale\" content=\"de_DE\" \/>\n<meta property=\"og:type\" content=\"article\" \/>\n<meta property=\"og:title\" content=\"Strands FOR9T Dragon Drive full LED verstraler - All Day Led - voor 12&amp;24V\" \/>\n<meta property=\"og:description\" content=\"Strands FOR9T Dragon Drive - 14.000 Lumen! - DUAL COLOR standlicht WIT &amp; ORANJE - 1 Lux op 600 meter! - met DT4 stekker - IP67 - ECE R148 &amp; ECE 149 keurmerk\" \/>\n<meta property=\"og:url\" content=\"https:\/\/www.oudadl.testontwikkeling.nl\/de\/produkt\/strands-for9t-dragon-drive-verstraler\/\" \/>\n<meta property=\"og:site_name\" content=\"All Day Led\" \/>\n<meta property=\"article:publisher\" content=\"https:\/\/www.facebook.com\/alldayled\/\" \/>\n<meta property=\"article:modified_time\" content=\"2025-11-27T11:53:00+00:00\" \/>\n<meta property=\"og:image\" content=\"https:\/\/www.oudadl.testontwikkeling.nl\/wp-content\/uploads\/2021\/06\/ADL270969-SM-2.png\" \/>\n\t<meta property=\"og:image:width\" content=\"800\" \/>\n\t<meta property=\"og:image:height\" content=\"800\" \/>\n\t<meta property=\"og:image:type\" content=\"image\/png\" \/>\n<meta name=\"twitter:label1\" content=\"Preis\" \/>\n\t<meta name=\"twitter:data1\" content=\"&euro;239,00\" \/>\n\t<meta name=\"twitter:label2\" content=\"Verf\u00fcgbarkeit\" \/>\n\t<meta name=\"twitter:data2\" content=\"Auf Lager\" \/>\n<script type=\"application\/ld+json\" class=\"yoast-schema-graph\">{\"@context\":\"https:\\\/\\\/schema.org\",\"@graph\":[{\"@type\":[\"WebPage\",\"ItemPage\"],\"@id\":\"https:\\\/\\\/www.oudadl.testontwikkeling.nl\\\/product\\\/strands-for9t-dragon-drive-verstraler\\\/\",\"url\":\"https:\\\/\\\/www.oudadl.testontwikkeling.nl\\\/product\\\/strands-for9t-dragon-drive-verstraler\\\/\",\"name\":\"Strands FOR9T Dragon Drive full LED verstraler - All Day Led - voor 12&24V\",\"isPartOf\":{\"@id\":\"https:\\\/\\\/www.oudadl.testontwikkeling.nl\\\/#website\"},\"primaryImageOfPage\":{\"@id\":\"https:\\\/\\\/www.oudadl.testontwikkeling.nl\\\/product\\\/strands-for9t-dragon-drive-verstraler\\\/#primaryimage\"},\"image\":{\"@id\":\"https:\\\/\\\/www.oudadl.testontwikkeling.nl\\\/product\\\/strands-for9t-dragon-drive-verstraler\\\/#primaryimage\"},\"thumbnailUrl\":\"https:\\\/\\\/www.oudadl.testontwikkeling.nl\\\/wp-content\\\/uploads\\\/2021\\\/06\\\/ADL270969.png\",\"datePublished\":\"2024-09-25T08:00:24+00:00\",\"dateModified\":\"2025-11-27T11:53:00+00:00\",\"description\":\"Strands FOR9T Dragon Drive - 14.000 Lumen! - DUAL COLOR standlicht WIT & ORANJE - 1 Lux op 600 meter! - met DT4 stekker - IP67 - ECE R148 & ECE 149 keurmerk\",\"breadcrumb\":{\"@id\":\"https:\\\/\\\/www.oudadl.testontwikkeling.nl\\\/product\\\/strands-for9t-dragon-drive-verstraler\\\/#breadcrumb\"},\"inLanguage\":\"de\",\"potentialAction\":[{\"@type\":\"ReadAction\",\"target\":[\"https:\\\/\\\/www.oudadl.testontwikkeling.nl\\\/product\\\/strands-for9t-dragon-drive-verstraler\\\/\"]}]},{\"@type\":\"ImageObject\",\"inLanguage\":\"de\",\"@id\":\"https:\\\/\\\/www.oudadl.testontwikkeling.nl\\\/product\\\/strands-for9t-dragon-drive-verstraler\\\/#primaryimage\",\"url\":\"https:\\\/\\\/www.oudadl.testontwikkeling.nl\\\/wp-content\\\/uploads\\\/2021\\\/06\\\/ADL270969.png\",\"contentUrl\":\"https:\\\/\\\/www.oudadl.testontwikkeling.nl\\\/wp-content\\\/uploads\\\/2021\\\/06\\\/ADL270969.png\",\"width\":800,\"height\":600,\"caption\":\"Strands FOR9T DRAGON DRIVE 9'' - verstraler met DUO COLOR standlicht in kleur WIT en ORANJE - geschikt voor 12 en 24 volt gebruik - lichtopbrengst 14000 lumen - voor auto, vrachtwagen, camper, aanhanger en meer - Strands 270969 - ECE R148 & ECE 149 keurmerk\"},{\"@type\":\"BreadcrumbList\",\"@id\":\"https:\\\/\\\/www.oudadl.testontwikkeling.nl\\\/product\\\/strands-for9t-dragon-drive-verstraler\\\/#breadcrumb\",\"itemListElement\":[{\"@type\":\"ListItem\",\"position\":1,\"name\":\"Home\",\"item\":\"https:\\\/\\\/www.oudadl.testontwikkeling.nl\\\/\"},{\"@type\":\"ListItem\",\"position\":2,\"name\":\"Shop\",\"item\":\"https:\\\/\\\/www.oudadl.testontwikkeling.nl\\\/de\\\/shop\\\/\"},{\"@type\":\"ListItem\",\"position\":3,\"name\":\"Verstralers\",\"item\":\"https:\\\/\\\/www.oudadl.testontwikkeling.nl\\\/product-categorie\\\/verstralers\\\/\"},{\"@type\":\"ListItem\",\"position\":4,\"name\":\"Verstraler rond\",\"item\":\"https:\\\/\\\/www.oudadl.testontwikkeling.nl\\\/product-categorie\\\/verstralers\\\/verstraler-rond\\\/\"},{\"@type\":\"ListItem\",\"position\":5,\"name\":\"Strands FOR9T Dragon Drive verstraler\"}]},{\"@type\":\"WebSite\",\"@id\":\"https:\\\/\\\/www.oudadl.testontwikkeling.nl\\\/#website\",\"url\":\"https:\\\/\\\/www.oudadl.testontwikkeling.nl\\\/\",\"name\":\"All Day Led\",\"description\":\"\",\"publisher\":{\"@id\":\"https:\\\/\\\/www.oudadl.testontwikkeling.nl\\\/#organization\"},\"potentialAction\":[{\"@type\":\"SearchAction\",\"target\":{\"@type\":\"EntryPoint\",\"urlTemplate\":\"https:\\\/\\\/www.oudadl.testontwikkeling.nl\\\/?s={search_term_string}\"},\"query-input\":{\"@type\":\"PropertyValueSpecification\",\"valueRequired\":true,\"valueName\":\"search_term_string\"}}],\"inLanguage\":\"de\"},{\"@type\":\"Organization\",\"@id\":\"https:\\\/\\\/www.oudadl.testontwikkeling.nl\\\/#organization\",\"name\":\"All Day Led\",\"url\":\"https:\\\/\\\/www.oudadl.testontwikkeling.nl\\\/\",\"logo\":{\"@type\":\"ImageObject\",\"inLanguage\":\"de\",\"@id\":\"https:\\\/\\\/www.oudadl.testontwikkeling.nl\\\/#\\\/schema\\\/logo\\\/image\\\/\",\"url\":\"https:\\\/\\\/www.oudadl.testontwikkeling.nl\\\/wp-content\\\/uploads\\\/2022\\\/08\\\/Logo-ALL-DAY-LED-800x800-zwart-witte-letters.png\",\"contentUrl\":\"https:\\\/\\\/www.oudadl.testontwikkeling.nl\\\/wp-content\\\/uploads\\\/2022\\\/08\\\/Logo-ALL-DAY-LED-800x800-zwart-witte-letters.png\",\"width\":800,\"height\":800,\"caption\":\"All Day Led\"},\"image\":{\"@id\":\"https:\\\/\\\/www.oudadl.testontwikkeling.nl\\\/#\\\/schema\\\/logo\\\/image\\\/\"},\"sameAs\":[\"https:\\\/\\\/www.facebook.com\\\/alldayled\\\/\",\"https:\\\/\\\/www.instagram.com\\\/alldayled\\\/\"],\"vatID\":\"NL863960133B01\",\"taxID\":\"86416545\",\"hasMerchantReturnPolicy\":{\"@type\":\"MerchantReturnPolicy\",\"merchantReturnLink\":\"https:\\\/\\\/www.oudadl.testontwikkeling.nl\\\/de\\\/verzenden-retourneren\\\/\"}}]}<\/script>\n<meta property=\"product:brand\" content=\"Strands\" \/>\n<meta property=\"product:price:amount\" content=\"239.00\" \/>\n<meta property=\"product:price:currency\" content=\"EUR\" \/>\n<meta property=\"og:availability\" content=\"instock\" \/>\n<meta property=\"product:availability\" content=\"instock\" \/>\n<meta property=\"product:retailer_item_id\" content=\"ADL270969\" \/>\n<meta property=\"product:condition\" content=\"new\" \/>\n<!-- \/ Yoast SEO Premium plugin. -->","yoast_head_json":{"title":"Strands FOR9T Dragon Drive full LED Scheinwerfer \u2013 All Day Led \u2013 f\u00fcr 12&amp;24V","description":"Strands FOR9T Dragon Drive \u2013 14.000 Lumen! \u2013 DUAL COLOR Standlicht WEISS &amp; ORANGE \u2013 1 Lux auf 600 Meter! \u2013 mit DT4-Stecker \u2013 IP67 \u2013 ECE R148 &amp; ECE 149 Zulassung","robots":{"index":"noindex","follow":"follow","max-snippet":"max-snippet:-1","max-image-preview":"max-image-preview:large","max-video-preview":"max-video-preview:-1"},"og_locale":"de_DE","og_type":"article","og_title":"Strands FOR9T Dragon Drive full LED verstraler - All Day Led - voor 12&24V","og_description":"Strands FOR9T Dragon Drive - 14.000 Lumen! - DUAL COLOR standlicht WIT & ORANJE - 1 Lux op 600 meter! - met DT4 stekker - IP67 - ECE R148 & ECE 149 keurmerk","og_url":"https:\/\/www.oudadl.testontwikkeling.nl\/de\/produkt\/strands-for9t-dragon-drive-verstraler\/","og_site_name":"All Day Led","article_publisher":"https:\/\/www.facebook.com\/alldayled\/","article_modified_time":"2025-11-27T11:53:00+00:00","og_image":[{"width":800,"height":800,"url":"https:\/\/www.oudadl.testontwikkeling.nl\/wp-content\/uploads\/2021\/06\/ADL270969-SM-2.png","type":"image\/png"}],"twitter_misc":{"Preis":"&euro;239,00","Verf\u00fcgbarkeit":"Auf Lager"},"schema":{"@context":"https:\/\/schema.org","@graph":[{"@type":["WebPage","ItemPage"],"@id":"https:\/\/www.oudadl.testontwikkeling.nl\/product\/strands-for9t-dragon-drive-verstraler\/","url":"https:\/\/www.oudadl.testontwikkeling.nl\/product\/strands-for9t-dragon-drive-verstraler\/","name":"Strands FOR9T Dragon Drive full LED Scheinwerfer \u2013 All Day Led \u2013 f\u00fcr 12&amp;24V","isPartOf":{"@id":"https:\/\/www.oudadl.testontwikkeling.nl\/#website"},"primaryImageOfPage":{"@id":"https:\/\/www.oudadl.testontwikkeling.nl\/product\/strands-for9t-dragon-drive-verstraler\/#primaryimage"},"image":{"@id":"https:\/\/www.oudadl.testontwikkeling.nl\/product\/strands-for9t-dragon-drive-verstraler\/#primaryimage"},"thumbnailUrl":"https:\/\/www.oudadl.testontwikkeling.nl\/wp-content\/uploads\/2021\/06\/ADL270969.png","datePublished":"2024-09-25T08:00:24+00:00","dateModified":"2025-11-27T11:53:00+00:00","description":"Strands FOR9T Dragon Drive \u2013 14.000 Lumen! \u2013 DUAL COLOR Standlicht WEISS &amp; ORANGE \u2013 1 Lux auf 600 Meter! \u2013 mit DT4-Stecker \u2013 IP67 \u2013 ECE R148 &amp; ECE 149 Zulassung","breadcrumb":{"@id":"https:\/\/www.oudadl.testontwikkeling.nl\/product\/strands-for9t-dragon-drive-verstraler\/#breadcrumb"},"inLanguage":"de","potentialAction":[{"@type":"ReadAction","target":["https:\/\/www.oudadl.testontwikkeling.nl\/product\/strands-for9t-dragon-drive-verstraler\/"]}]},{"@type":"ImageObject","inLanguage":"de","@id":"https:\/\/www.oudadl.testontwikkeling.nl\/product\/strands-for9t-dragon-drive-verstraler\/#primaryimage","url":"https:\/\/www.oudadl.testontwikkeling.nl\/wp-content\/uploads\/2021\/06\/ADL270969.png","contentUrl":"https:\/\/www.oudadl.testontwikkeling.nl\/wp-content\/uploads\/2021\/06\/ADL270969.png","width":800,"height":600,"caption":"Strands FOR9T DRAGON DRIVE 9'' - verstraler met DUO COLOR standlicht in kleur WIT en ORANJE - geschikt voor 12 en 24 volt gebruik - lichtopbrengst 14000 lumen - voor auto, vrachtwagen, camper, aanhanger en meer - Strands 270969 - ECE R148 & ECE 149 keurmerk"},{"@type":"BreadcrumbList","@id":"https:\/\/www.oudadl.testontwikkeling.nl\/product\/strands-for9t-dragon-drive-verstraler\/#breadcrumb","itemListElement":[{"@type":"ListItem","position":1,"name":"Home","item":"https:\/\/www.oudadl.testontwikkeling.nl\/"},{"@type":"ListItem","position":2,"name":"Shop","item":"https:\/\/www.oudadl.testontwikkeling.nl\/de\/shop\/"},{"@type":"ListItem","position":3,"name":"Verstralers","item":"https:\/\/www.oudadl.testontwikkeling.nl\/product-categorie\/verstralers\/"},{"@type":"ListItem","position":4,"name":"Verstraler rond","item":"https:\/\/www.oudadl.testontwikkeling.nl\/product-categorie\/verstralers\/verstraler-rond\/"},{"@type":"ListItem","position":5,"name":"Strands FOR9T Dragon Drive verstraler"}]},{"@type":"WebSite","@id":"https:\/\/www.oudadl.testontwikkeling.nl\/#website","url":"https:\/\/www.oudadl.testontwikkeling.nl\/","name":"All Day Led","description":"","publisher":{"@id":"https:\/\/www.oudadl.testontwikkeling.nl\/#organization"},"potentialAction":[{"@type":"SearchAction","target":{"@type":"EntryPoint","urlTemplate":"https:\/\/www.oudadl.testontwikkeling.nl\/?s={search_term_string}"},"query-input":{"@type":"PropertyValueSpecification","valueRequired":true,"valueName":"search_term_string"}}],"inLanguage":"de"},{"@type":"Organization","@id":"https:\/\/www.oudadl.testontwikkeling.nl\/#organization","name":"All Day Led","url":"https:\/\/www.oudadl.testontwikkeling.nl\/","logo":{"@type":"ImageObject","inLanguage":"de","@id":"https:\/\/www.oudadl.testontwikkeling.nl\/#\/schema\/logo\/image\/","url":"https:\/\/www.oudadl.testontwikkeling.nl\/wp-content\/uploads\/2022\/08\/Logo-ALL-DAY-LED-800x800-zwart-witte-letters.png","contentUrl":"https:\/\/www.oudadl.testontwikkeling.nl\/wp-content\/uploads\/2022\/08\/Logo-ALL-DAY-LED-800x800-zwart-witte-letters.png","width":800,"height":800,"caption":"All Day Led"},"image":{"@id":"https:\/\/www.oudadl.testontwikkeling.nl\/#\/schema\/logo\/image\/"},"sameAs":["https:\/\/www.facebook.com\/alldayled\/","https:\/\/www.instagram.com\/alldayled\/"],"vatID":"NL863960133B01","taxID":"86416545","hasMerchantReturnPolicy":{"@type":"MerchantReturnPolicy","merchantReturnLink":"https:\/\/www.oudadl.testontwikkeling.nl\/de\/verzenden-retourneren\/"}}]},"product_brand":"Strands","product_price_amount":"239.00","product_price_currency":"EUR","og_availability":"instock","product_availability":"instock","product_retailer_item_id":"ADL270969","product_condition":"new"},"_links":{"self":[{"href":"https:\/\/www.oudadl.testontwikkeling.nl\/de\/wp-json\/wp\/v2\/product\/57521","targetHints":{"allow":["GET"]}}],"collection":[{"href":"https:\/\/www.oudadl.testontwikkeling.nl\/de\/wp-json\/wp\/v2\/product"}],"about":[{"href":"https:\/\/www.oudadl.testontwikkeling.nl\/de\/wp-json\/wp\/v2\/types\/product"}],"replies":[{"embeddable":true,"href":"https:\/\/www.oudadl.testontwikkeling.nl\/de\/wp-json\/wp\/v2\/comments?post=57521"}],"wp:featuredmedia":[{"embeddable":true,"href":"https:\/\/www.oudadl.testontwikkeling.nl\/de\/wp-json\/wp\/v2\/media\/57649"}],"wp:attachment":[{"href":"https:\/\/www.oudadl.testontwikkeling.nl\/de\/wp-json\/wp\/v2\/media?parent=57521"}],"wp:term":[{"taxonomy":"product_brand","embeddable":true,"href":"https:\/\/www.oudadl.testontwikkeling.nl\/de\/wp-json\/wp\/v2\/product_brand?post=57521"},{"taxonomy":"product_cat","embeddable":true,"href":"https:\/\/www.oudadl.testontwikkeling.nl\/de\/wp-json\/wp\/v2\/product_cat?post=57521"},{"taxonomy":"product_tag","embeddable":true,"href":"https:\/\/www.oudadl.testontwikkeling.nl\/de\/wp-json\/wp\/v2\/product_tag?post=57521"}],"curies":[{"name":"wp","href":"https:\/\/api.w.org\/{rel}","templated":true}]}}