{"id":57378,"date":"2025-03-04T18:00:49","date_gmt":"2025-03-04T17:00:49","guid":{"rendered":"https:\/\/www.oudadl.testontwikkeling.nl\/?post_type=product&#038;p=57378"},"modified":"2025-12-03T11:02:55","modified_gmt":"2025-12-03T10:02:55","slug":"strands-ize-led-og-driving-light-9","status":"publish","type":"product","link":"https:\/\/www.oudadl.testontwikkeling.nl\/de\/product\/strands-ize-led-og-driving-light-9\/","title":{"rendered":"Strands IZE LED OG driving light 9\u201d"},"content":{"rendered":"<p><span style=\"color: #000000;\"><strong>Strands IZE LED OG Driving Light 9 Zoll, f\u00fcr 12 und 24 Volt.\u00a0<\/strong><\/span><\/p>\n<p><span style=\"color: #000000;\">Du suchst maximale Lichtleistung und einen Retro-Look? Dann ist der Strands IZE LED OG Driving Light 9 Zoll Scheinwerfer genau das Richtige f\u00fcr dich. Dieser Scheinwerfer liefert im Xperience-Modus 12000 echte Lumen und leuchtet problemlos mehr als 500 Meter vor dir aus. Dank des E-Modus mit ECE-Zulassung R148, R149 bist du auch auf \u00f6ffentlichen Stra\u00dfen sicher unterwegs. Mit einer Farbtemperatur von 4500K bietet er helles, ruhiges Licht, das deine Sicht verbessert, ohne st\u00f6rende Reflexionen bei schlechtem Wetter. Egal ob du auf verlassenen Autobahnen, holprigen Waldwegen oder durch dichten Nebel f\u00e4hrst \u2013 dieser Scheinwerfer l\u00e4sst dich nie im Dunkeln stehen.<\/span><\/p>\n<p><span style=\"color: #000000;\">Was diesen Strands IZE LED OG Driving Light 9 Zoll wirklich einzigartig macht, ist sein klassisches Design kombiniert mit moderner Technologie. Das Geh\u00e4use ist schlank und robust, mit einer Linse, die an klassische Scheinwerfer erinnert, aber aus kratzfestem Polycarbonat besteht. Die unsichtbaren zweifarbigen Positionslichter in Wei\u00df und Bernstein sorgen f\u00fcr einen stilvollen Look und zus\u00e4tzliche Sichtbarkeit, wenn Sie sie brauchen. Sogar das Strands-Logo leuchtet dezent in der Linse. Selbstverst\u00e4ndlich ist der Scheinwerfer vollst\u00e4ndig wasser- und staubdicht (IP68\/IP69K) und f\u00fcr den harten Einsatz konzipiert. Kurz gesagt: Mit dem IZE LED OG Driving Light 9-Zoll-Scheinwerfer verleihen Sie Ihrem Truck Charakter, Sichtbarkeit und Stil.\u00a0<\/span><\/p>\n<h5><span style=\"color: #000000;\"><strong>Abmessungen:<\/strong><\/span><\/h5>\n<p><span style=\"color: #000000;\">M\u00f6chten Sie sichergehen, dass der IZE LED OG Driving Light 9 Zoll Scheinwerfer perfekt zu Ihrem Fahrzeug passt? Dann sind die Abmessungen wichtig. Deshalb haben wir die genauen Ma\u00dfe f\u00fcr Sie unten aufgef\u00fchrt:<\/span><\/p>\n<ul>\n<li><span style=\"color: #000000;\">H\u00f6he: 215 (225,4 mm inkl. Halter)<\/span><\/li>\n<li><span style=\"color: #000000;\">Durchmesser: 215 mm<\/span><\/li>\n<li><span style=\"color: #000000;\">Dicke: 94,8 mm<\/span><\/li>\n<\/ul>\n<h5><span style=\"color: #000000;\"><strong>Andere Versionen:\u00a0<\/strong><\/span><\/h5>\n<p><span style=\"color: #000000;\">Sie suchen einen LED-Scheinwerfer von Strands, aber der IZE LED OG Driving Light 9-Zoll-Scheinwerfer ist nicht ganz das Richtige f\u00fcr Sie? Kein Problem, Strands bietet viele weitere Scheinwerfer. So finden Sie garantiert ein Modell, das perfekt zu Ihrem Fahrzeug und Stil passt.<\/span><\/p>\n<ul>\n<li><span style=\"color: #000000;\"><a style=\"color: #000000;\" href=\"https:\/\/www.oudadl.testontwikkeling.nl\/de\/produkt\/strands-dark-knight-intense-9-zoll\/\"><strong>Strands Dark Knight Intense 9\u2033<\/strong><\/a><\/span><\/li>\n<\/ul>\n<p><span style=\"color: #000000;\">Sind Sie nach dem Lesen der Informationen immer noch nicht \u00fcberzeugt, dass der Strands IZE LED OG Driving Light 9-Zoll-Scheinwerfer die richtige Wahl f\u00fcr Sie ist? Vielleicht entsprechen Lichtleistung, Wattzahl oder Design nicht ganz Ihren Anforderungen. Kein Problem! Dann sehen Sie sich unsere vollst\u00e4ndige ledige an. <a style=\"color: #000000;\" href=\"https:\/\/www.oudadl.testontwikkeling.nl\/de\/merk\/produkt-strands-beleuchtungsabteilung\/\">Strands-Reihe.<\/a> Vielleicht finden Sie dort genau das passende Modell f\u00fcr Ihr Fahrzeug.<\/span><\/p>","protected":false},"excerpt":{"rendered":"<p>Strands IZE LED OG Driving Light 9 inch, voor 12 en 24 volt.\u00a0 Zoek je maximale lichtopbrengst \u00e9n een retro look? Dan is de Strands IZE LED OG Driving Light 9 inch verstraler precies wat je nodig hebt. Deze verstraler levert 12000 echte lumen in Xperience-modus en verlicht met gemak meer dan 500 meter voor [&hellip;]<\/p>\n","protected":false},"featured_media":57401,"comment_status":"open","ping_status":"closed","template":"","meta":{"_acf_changed":false,"site-sidebar-layout":"default","site-content-layout":"default","ast-site-content-layout":"default","site-content-style":"default","site-sidebar-style":"default","ast-global-header-display":"","ast-banner-title-visibility":"","ast-main-header-display":"","ast-hfb-above-header-display":"","ast-hfb-below-header-display":"","ast-hfb-mobile-header-display":"","site-post-title":"","ast-breadcrumbs-content":"","ast-featured-img":"","footer-sml-layout":"","ast-disable-related-posts":"","theme-transparent-header-meta":"default","adv-header-id-meta":"","stick-header-meta":"","header-above-stick-meta":"","header-main-stick-meta":"","header-below-stick-meta":"","astra-migrate-meta-layouts":"set","ast-page-background-enabled":"default","ast-page-background-meta":{"desktop":{"background-color":"","background-image":"","background-repeat":"repeat","background-position":"center center","background-size":"auto","background-attachment":"scroll","background-type":"","background-media":"","overlay-type":"","overlay-color":"","overlay-opacity":"","overlay-gradient":""},"tablet":{"background-color":"","background-image":"","background-repeat":"repeat","background-position":"center center","background-size":"auto","background-attachment":"scroll","background-type":"","background-media":"","overlay-type":"","overlay-color":"","overlay-opacity":"","overlay-gradient":""},"mobile":{"background-color":"","background-image":"","background-repeat":"repeat","background-position":"center center","background-size":"auto","background-attachment":"scroll","background-type":"","background-media":"","overlay-type":"","overlay-color":"","overlay-opacity":"","overlay-gradient":""}},"ast-content-background-meta":{"desktop":{"background-color":"var(--ast-global-color-5)","background-image":"","background-repeat":"repeat","background-position":"center center","background-size":"auto","background-attachment":"scroll","background-type":"","background-media":"","overlay-type":"","overlay-color":"","overlay-opacity":"","overlay-gradient":""},"tablet":{"background-color":"var(--ast-global-color-5)","background-image":"","background-repeat":"repeat","background-position":"center center","background-size":"auto","background-attachment":"scroll","background-type":"","background-media":"","overlay-type":"","overlay-color":"","overlay-opacity":"","overlay-gradient":""},"mobile":{"background-color":"var(--ast-global-color-5)","background-image":"","background-repeat":"repeat","background-position":"center center","background-size":"auto","background-attachment":"scroll","background-type":"","background-media":"","overlay-type":"","overlay-color":"","overlay-opacity":"","overlay-gradient":""}}},"product_brand":[],"product_cat":[7962],"product_tag":[5822,5823,5824,5825,5821,8040,2426,2427,2465],"class_list":{"0":"post-57378","1":"product","2":"type-product","3":"status-publish","4":"has-post-thumbnail","6":"product_cat-verstraler-rond","7":"product_tag-led-verstraler-auto","8":"product_tag-led-verstraler-camper","9":"product_tag-led-verstraler-pickup","10":"product_tag-led-verstraler-tractor","11":"product_tag-led-verstraler-vrachtwagen","12":"product_tag-strands-ize-led-og-verstraler","13":"product_tag-strands-led-verlichting","14":"product_tag-strands-lighting-division","15":"product_tag-verstraler-met-stadslicht","16":"pa_merkk-product-strands-lighting-division","17":"desktop-align-left","18":"tablet-align-left","19":"mobile-align-left","21":"first","22":"instock","23":"taxable","24":"shipping-taxable","25":"purchasable","26":"product-type-simple"},"acf":[],"yoast_head":"<!-- This site is optimized with the Yoast SEO Premium plugin v25.9 (Yoast SEO v27.6) - https:\/\/yoast.com\/product\/yoast-seo-premium-wordpress\/ -->\n<title>Strands IZE LED OG Driving Light 9 inch - Verstraler - All Day Led - 12 &amp; 24 volt<\/title>\n<meta name=\"description\" content=\"IZE LED OG Driving Light 9 inch - Strands - voor 12&amp;24V - 12.000 Lumen! - verstraler met oranje - wit standlicht - DT-4 aansluiting - ECE R148, R149\" \/>\n<meta name=\"robots\" content=\"noindex, follow, max-snippet:-1, max-image-preview:large, max-video-preview:-1\" \/>\n<meta property=\"og:locale\" content=\"de_DE\" \/>\n<meta property=\"og:type\" content=\"article\" \/>\n<meta property=\"og:title\" content=\"Strands IZE LED OG Driving Light 9 inch - Verstraler - All Day Led - 12 &amp; 24 volt\" \/>\n<meta property=\"og:description\" content=\"IZE LED OG Driving Light 9 inch - Strands - voor 12&amp;24V - 12.000 Lumen! - verstraler met oranje - wit standlicht - DT-4 aansluiting - ECE R148, R149\" \/>\n<meta property=\"og:url\" content=\"https:\/\/www.oudadl.testontwikkeling.nl\/de\/produkt\/strands-ize-led-og-driving-light-9\/\" \/>\n<meta property=\"og:site_name\" content=\"All Day Led\" \/>\n<meta property=\"article:publisher\" content=\"https:\/\/www.facebook.com\/alldayled\/\" \/>\n<meta property=\"article:modified_time\" content=\"2025-12-03T10:02:55+00:00\" \/>\n<meta property=\"og:image\" content=\"https:\/\/www.oudadl.testontwikkeling.nl\/wp-content\/uploads\/2025\/06\/ADL270945-SM.png\" \/>\n\t<meta property=\"og:image:width\" content=\"800\" \/>\n\t<meta property=\"og:image:height\" content=\"800\" \/>\n\t<meta property=\"og:image:type\" content=\"image\/png\" \/>\n<meta name=\"twitter:label1\" content=\"Preis\" \/>\n\t<meta name=\"twitter:data1\" content=\"&euro;249,00\" \/>\n\t<meta name=\"twitter:label2\" content=\"Verf\u00fcgbarkeit\" \/>\n\t<meta name=\"twitter:data2\" content=\"Auf Lager\" \/>\n<script type=\"application\/ld+json\" class=\"yoast-schema-graph\">{\"@context\":\"https:\\\/\\\/schema.org\",\"@graph\":[{\"@type\":[\"WebPage\",\"ItemPage\"],\"@id\":\"https:\\\/\\\/www.oudadl.testontwikkeling.nl\\\/product\\\/strands-ize-led-og-driving-light-9\\\/\",\"url\":\"https:\\\/\\\/www.oudadl.testontwikkeling.nl\\\/product\\\/strands-ize-led-og-driving-light-9\\\/\",\"name\":\"Strands IZE LED OG Driving Light 9 inch - Verstraler - All Day Led - 12 & 24 volt\",\"isPartOf\":{\"@id\":\"https:\\\/\\\/www.oudadl.testontwikkeling.nl\\\/#website\"},\"primaryImageOfPage\":{\"@id\":\"https:\\\/\\\/www.oudadl.testontwikkeling.nl\\\/product\\\/strands-ize-led-og-driving-light-9\\\/#primaryimage\"},\"image\":{\"@id\":\"https:\\\/\\\/www.oudadl.testontwikkeling.nl\\\/product\\\/strands-ize-led-og-driving-light-9\\\/#primaryimage\"},\"thumbnailUrl\":\"https:\\\/\\\/www.oudadl.testontwikkeling.nl\\\/wp-content\\\/uploads\\\/2025\\\/06\\\/ADL270945.png\",\"datePublished\":\"2025-03-04T17:00:49+00:00\",\"dateModified\":\"2025-12-03T10:02:55+00:00\",\"description\":\"IZE LED OG Driving Light 9 inch - Strands - voor 12&24V - 12.000 Lumen! - verstraler met oranje - wit standlicht - DT-4 aansluiting - ECE R148, R149\",\"breadcrumb\":{\"@id\":\"https:\\\/\\\/www.oudadl.testontwikkeling.nl\\\/product\\\/strands-ize-led-og-driving-light-9\\\/#breadcrumb\"},\"inLanguage\":\"de\",\"potentialAction\":[{\"@type\":\"ReadAction\",\"target\":[\"https:\\\/\\\/www.oudadl.testontwikkeling.nl\\\/product\\\/strands-ize-led-og-driving-light-9\\\/\"]}]},{\"@type\":\"ImageObject\",\"inLanguage\":\"de\",\"@id\":\"https:\\\/\\\/www.oudadl.testontwikkeling.nl\\\/product\\\/strands-ize-led-og-driving-light-9\\\/#primaryimage\",\"url\":\"https:\\\/\\\/www.oudadl.testontwikkeling.nl\\\/wp-content\\\/uploads\\\/2025\\\/06\\\/ADL270945.png\",\"contentUrl\":\"https:\\\/\\\/www.oudadl.testontwikkeling.nl\\\/wp-content\\\/uploads\\\/2025\\\/06\\\/ADL270945.png\",\"width\":800,\"height\":600,\"caption\":\"IZE LED OG Driving Light 9 inch verstraler - 270945 - Strands - standlicht wit en oranje - IP68 en IP 69K - 12000 Lumen\"},{\"@type\":\"BreadcrumbList\",\"@id\":\"https:\\\/\\\/www.oudadl.testontwikkeling.nl\\\/product\\\/strands-ize-led-og-driving-light-9\\\/#breadcrumb\",\"itemListElement\":[{\"@type\":\"ListItem\",\"position\":1,\"name\":\"Home\",\"item\":\"https:\\\/\\\/www.oudadl.testontwikkeling.nl\\\/\"},{\"@type\":\"ListItem\",\"position\":2,\"name\":\"Shop\",\"item\":\"https:\\\/\\\/www.oudadl.testontwikkeling.nl\\\/de\\\/shop\\\/\"},{\"@type\":\"ListItem\",\"position\":3,\"name\":\"Verstralers\",\"item\":\"https:\\\/\\\/www.oudadl.testontwikkeling.nl\\\/product-categorie\\\/verstralers\\\/\"},{\"@type\":\"ListItem\",\"position\":4,\"name\":\"Verstraler rond\",\"item\":\"https:\\\/\\\/www.oudadl.testontwikkeling.nl\\\/product-categorie\\\/verstralers\\\/verstraler-rond\\\/\"},{\"@type\":\"ListItem\",\"position\":5,\"name\":\"Strands IZE LED OG driving light 9&#8221;\"}]},{\"@type\":\"WebSite\",\"@id\":\"https:\\\/\\\/www.oudadl.testontwikkeling.nl\\\/#website\",\"url\":\"https:\\\/\\\/www.oudadl.testontwikkeling.nl\\\/\",\"name\":\"All Day Led\",\"description\":\"\",\"publisher\":{\"@id\":\"https:\\\/\\\/www.oudadl.testontwikkeling.nl\\\/#organization\"},\"potentialAction\":[{\"@type\":\"SearchAction\",\"target\":{\"@type\":\"EntryPoint\",\"urlTemplate\":\"https:\\\/\\\/www.oudadl.testontwikkeling.nl\\\/?s={search_term_string}\"},\"query-input\":{\"@type\":\"PropertyValueSpecification\",\"valueRequired\":true,\"valueName\":\"search_term_string\"}}],\"inLanguage\":\"de\"},{\"@type\":\"Organization\",\"@id\":\"https:\\\/\\\/www.oudadl.testontwikkeling.nl\\\/#organization\",\"name\":\"All Day Led\",\"url\":\"https:\\\/\\\/www.oudadl.testontwikkeling.nl\\\/\",\"logo\":{\"@type\":\"ImageObject\",\"inLanguage\":\"de\",\"@id\":\"https:\\\/\\\/www.oudadl.testontwikkeling.nl\\\/#\\\/schema\\\/logo\\\/image\\\/\",\"url\":\"https:\\\/\\\/www.oudadl.testontwikkeling.nl\\\/wp-content\\\/uploads\\\/2022\\\/08\\\/Logo-ALL-DAY-LED-800x800-zwart-witte-letters.png\",\"contentUrl\":\"https:\\\/\\\/www.oudadl.testontwikkeling.nl\\\/wp-content\\\/uploads\\\/2022\\\/08\\\/Logo-ALL-DAY-LED-800x800-zwart-witte-letters.png\",\"width\":800,\"height\":800,\"caption\":\"All Day Led\"},\"image\":{\"@id\":\"https:\\\/\\\/www.oudadl.testontwikkeling.nl\\\/#\\\/schema\\\/logo\\\/image\\\/\"},\"sameAs\":[\"https:\\\/\\\/www.facebook.com\\\/alldayled\\\/\",\"https:\\\/\\\/www.instagram.com\\\/alldayled\\\/\"],\"vatID\":\"NL863960133B01\",\"taxID\":\"86416545\",\"hasMerchantReturnPolicy\":{\"@type\":\"MerchantReturnPolicy\",\"merchantReturnLink\":\"https:\\\/\\\/www.oudadl.testontwikkeling.nl\\\/de\\\/verzenden-retourneren\\\/\"}}]}<\/script>\n<meta property=\"product:brand\" content=\"Strands\" \/>\n<meta property=\"product:price:amount\" content=\"249.00\" \/>\n<meta property=\"product:price:currency\" content=\"EUR\" \/>\n<meta property=\"og:availability\" content=\"instock\" \/>\n<meta property=\"product:availability\" content=\"instock\" \/>\n<meta property=\"product:retailer_item_id\" content=\"ADL270945\" \/>\n<meta property=\"product:condition\" content=\"new\" \/>\n<!-- \/ Yoast SEO Premium plugin. -->","yoast_head_json":{"title":"Strands IZE LED OG Driving Light 9 Zoll - Fernlicht - All Day Led - 12 &amp; 24 Volt","description":"IZE LED OG Driving Light 9 Zoll - Strands - f\u00fcr 12&amp;24V - 12.000 Lumen! - Fernscheinwerfer mit orange - wei\u00dfem Standlicht - DT-4 Anschluss - ECE R148, R149","robots":{"index":"noindex","follow":"follow","max-snippet":"max-snippet:-1","max-image-preview":"max-image-preview:large","max-video-preview":"max-video-preview:-1"},"og_locale":"de_DE","og_type":"article","og_title":"Strands IZE LED OG Driving Light 9 inch - Verstraler - All Day Led - 12 & 24 volt","og_description":"IZE LED OG Driving Light 9 inch - Strands - voor 12&24V - 12.000 Lumen! - verstraler met oranje - wit standlicht - DT-4 aansluiting - ECE R148, R149","og_url":"https:\/\/www.oudadl.testontwikkeling.nl\/de\/produkt\/strands-ize-led-og-driving-light-9\/","og_site_name":"All Day Led","article_publisher":"https:\/\/www.facebook.com\/alldayled\/","article_modified_time":"2025-12-03T10:02:55+00:00","og_image":[{"width":800,"height":800,"url":"https:\/\/www.oudadl.testontwikkeling.nl\/wp-content\/uploads\/2025\/06\/ADL270945-SM.png","type":"image\/png"}],"twitter_misc":{"Preis":"&euro;249,00","Verf\u00fcgbarkeit":"Auf Lager"},"schema":{"@context":"https:\/\/schema.org","@graph":[{"@type":["WebPage","ItemPage"],"@id":"https:\/\/www.oudadl.testontwikkeling.nl\/product\/strands-ize-led-og-driving-light-9\/","url":"https:\/\/www.oudadl.testontwikkeling.nl\/product\/strands-ize-led-og-driving-light-9\/","name":"Strands IZE LED OG Driving Light 9 Zoll - Fernlicht - All Day Led - 12 &amp; 24 Volt","isPartOf":{"@id":"https:\/\/www.oudadl.testontwikkeling.nl\/#website"},"primaryImageOfPage":{"@id":"https:\/\/www.oudadl.testontwikkeling.nl\/product\/strands-ize-led-og-driving-light-9\/#primaryimage"},"image":{"@id":"https:\/\/www.oudadl.testontwikkeling.nl\/product\/strands-ize-led-og-driving-light-9\/#primaryimage"},"thumbnailUrl":"https:\/\/www.oudadl.testontwikkeling.nl\/wp-content\/uploads\/2025\/06\/ADL270945.png","datePublished":"2025-03-04T17:00:49+00:00","dateModified":"2025-12-03T10:02:55+00:00","description":"IZE LED OG Driving Light 9 Zoll - Strands - f\u00fcr 12&amp;24V - 12.000 Lumen! - Fernscheinwerfer mit orange - wei\u00dfem Standlicht - DT-4 Anschluss - ECE R148, R149","breadcrumb":{"@id":"https:\/\/www.oudadl.testontwikkeling.nl\/product\/strands-ize-led-og-driving-light-9\/#breadcrumb"},"inLanguage":"de","potentialAction":[{"@type":"ReadAction","target":["https:\/\/www.oudadl.testontwikkeling.nl\/product\/strands-ize-led-og-driving-light-9\/"]}]},{"@type":"ImageObject","inLanguage":"de","@id":"https:\/\/www.oudadl.testontwikkeling.nl\/product\/strands-ize-led-og-driving-light-9\/#primaryimage","url":"https:\/\/www.oudadl.testontwikkeling.nl\/wp-content\/uploads\/2025\/06\/ADL270945.png","contentUrl":"https:\/\/www.oudadl.testontwikkeling.nl\/wp-content\/uploads\/2025\/06\/ADL270945.png","width":800,"height":600,"caption":"IZE LED OG Driving Light 9 inch verstraler - 270945 - Strands - standlicht wit en oranje - IP68 en IP 69K - 12000 Lumen"},{"@type":"BreadcrumbList","@id":"https:\/\/www.oudadl.testontwikkeling.nl\/product\/strands-ize-led-og-driving-light-9\/#breadcrumb","itemListElement":[{"@type":"ListItem","position":1,"name":"Home","item":"https:\/\/www.oudadl.testontwikkeling.nl\/"},{"@type":"ListItem","position":2,"name":"Shop","item":"https:\/\/www.oudadl.testontwikkeling.nl\/de\/shop\/"},{"@type":"ListItem","position":3,"name":"Verstralers","item":"https:\/\/www.oudadl.testontwikkeling.nl\/product-categorie\/verstralers\/"},{"@type":"ListItem","position":4,"name":"Verstraler rond","item":"https:\/\/www.oudadl.testontwikkeling.nl\/product-categorie\/verstralers\/verstraler-rond\/"},{"@type":"ListItem","position":5,"name":"Strands IZE LED OG driving light 9&#8221;"}]},{"@type":"WebSite","@id":"https:\/\/www.oudadl.testontwikkeling.nl\/#website","url":"https:\/\/www.oudadl.testontwikkeling.nl\/","name":"All Day Led","description":"","publisher":{"@id":"https:\/\/www.oudadl.testontwikkeling.nl\/#organization"},"potentialAction":[{"@type":"SearchAction","target":{"@type":"EntryPoint","urlTemplate":"https:\/\/www.oudadl.testontwikkeling.nl\/?s={search_term_string}"},"query-input":{"@type":"PropertyValueSpecification","valueRequired":true,"valueName":"search_term_string"}}],"inLanguage":"de"},{"@type":"Organization","@id":"https:\/\/www.oudadl.testontwikkeling.nl\/#organization","name":"All Day Led","url":"https:\/\/www.oudadl.testontwikkeling.nl\/","logo":{"@type":"ImageObject","inLanguage":"de","@id":"https:\/\/www.oudadl.testontwikkeling.nl\/#\/schema\/logo\/image\/","url":"https:\/\/www.oudadl.testontwikkeling.nl\/wp-content\/uploads\/2022\/08\/Logo-ALL-DAY-LED-800x800-zwart-witte-letters.png","contentUrl":"https:\/\/www.oudadl.testontwikkeling.nl\/wp-content\/uploads\/2022\/08\/Logo-ALL-DAY-LED-800x800-zwart-witte-letters.png","width":800,"height":800,"caption":"All Day Led"},"image":{"@id":"https:\/\/www.oudadl.testontwikkeling.nl\/#\/schema\/logo\/image\/"},"sameAs":["https:\/\/www.facebook.com\/alldayled\/","https:\/\/www.instagram.com\/alldayled\/"],"vatID":"NL863960133B01","taxID":"86416545","hasMerchantReturnPolicy":{"@type":"MerchantReturnPolicy","merchantReturnLink":"https:\/\/www.oudadl.testontwikkeling.nl\/de\/verzenden-retourneren\/"}}]},"product_brand":"Strands","product_price_amount":"249.00","product_price_currency":"EUR","og_availability":"instock","product_availability":"instock","product_retailer_item_id":"ADL270945","product_condition":"new"},"_links":{"self":[{"href":"https:\/\/www.oudadl.testontwikkeling.nl\/de\/wp-json\/wp\/v2\/product\/57378","targetHints":{"allow":["GET"]}}],"collection":[{"href":"https:\/\/www.oudadl.testontwikkeling.nl\/de\/wp-json\/wp\/v2\/product"}],"about":[{"href":"https:\/\/www.oudadl.testontwikkeling.nl\/de\/wp-json\/wp\/v2\/types\/product"}],"replies":[{"embeddable":true,"href":"https:\/\/www.oudadl.testontwikkeling.nl\/de\/wp-json\/wp\/v2\/comments?post=57378"}],"wp:featuredmedia":[{"embeddable":true,"href":"https:\/\/www.oudadl.testontwikkeling.nl\/de\/wp-json\/wp\/v2\/media\/57401"}],"wp:attachment":[{"href":"https:\/\/www.oudadl.testontwikkeling.nl\/de\/wp-json\/wp\/v2\/media?parent=57378"}],"wp:term":[{"taxonomy":"product_brand","embeddable":true,"href":"https:\/\/www.oudadl.testontwikkeling.nl\/de\/wp-json\/wp\/v2\/product_brand?post=57378"},{"taxonomy":"product_cat","embeddable":true,"href":"https:\/\/www.oudadl.testontwikkeling.nl\/de\/wp-json\/wp\/v2\/product_cat?post=57378"},{"taxonomy":"product_tag","embeddable":true,"href":"https:\/\/www.oudadl.testontwikkeling.nl\/de\/wp-json\/wp\/v2\/product_tag?post=57378"}],"curies":[{"name":"wp","href":"https:\/\/api.w.org\/{rel}","templated":true}]}}