{"id":56974,"date":"2025-03-01T15:44:05","date_gmt":"2025-03-01T14:44:05","guid":{"rendered":"https:\/\/www.oudadl.testontwikkeling.nl\/?post_type=product&#038;p=56974"},"modified":"2025-11-21T11:31:45","modified_gmt":"2025-11-21T10:31:45","slug":"tralert-apex-werklamp-18w-vierkant","status":"publish","type":"product","link":"https:\/\/www.oudadl.testontwikkeling.nl\/de\/product\/tralert-apex-werklamp-18w-vierkant\/","title":{"rendered":"Tralert APEX Lampe 18W - quadratisch"},"content":{"rendered":"<p><span style=\"color: #000000;\"><strong>Tralert APEX Arbeitsscheinwerfer, 18W, quadratisch, f\u00fcr 12 und 24 Volt.<\/strong><\/span><\/p>\n<p><span style=\"color: #000000;\">Suchen Sie eine preisg\u00fcnstige LED-Arbeitsleuchte, die trotz ihrer kompakten Gr\u00f6\u00dfe viel Licht bietet? Dann sind Sie mit der quadratischen Tralert APEX-Arbeitsleuchte 18W genau richtig. Diese Arbeitsleuchte, auch bekannt als Tralert WR-1829V, ist Teil der neuen APEX-Serie: Entwickelt f\u00fcr den t\u00e4glichen Gebrauch, mit Fokus auf Zuverl\u00e4ssigkeit und Benutzerfreundlichkeit. Das Geh\u00e4use ist solide gebaut mit abgerundeten Ecken f\u00fcr eine optimale Lichtverteilung und wird mit einem 50 cm langen Kabel, einem DT-2-Stecker und Edelstahl-Montagematerial geliefert.<\/span><\/p>\n<p><span style=\"color: #000000;\">Die Lampe ist mit 12 leistungsstarken LED-Lampen ausgestattet und liefert nicht weniger als 2929 Lumen helles, wei\u00dfes Licht. Perfekt f\u00fcr die Montage an Ihrem Auto, LKW, Traktor, Anh\u00e4nger oder anderen Arbeitsfahrzeugen. Dank des Mehrspannungssystems (12 und 24 Volt) k\u00f6nnen Sie sie problemlos anschlie\u00dfen. Die quadratische APEX-Arbeitslampe zeichnet sich durch Zuverl\u00e4ssigkeit aus. Sie ist beispielsweise vollst\u00e4ndig staub- und wasserdicht (IP69), st\u00f6rt dank des ECE R10-G\u00fctezeichens Ihr Funkger\u00e4t nicht und entspricht der ECE R148-Norm. Kurz gesagt: Eine Lampe, die einfach gut funktioniert, egal wo Sie fahren oder arbeiten.<\/span><\/p>\n<h5><span style=\"color: #000000;\"><strong>Abmessungen:<\/strong><\/span><\/h5>\n<p><span style=\"color: #000000;\">Bevor Sie die Lampe bestellen, m\u00f6chten Sie sicher sein, dass sie dort passt, wo Sie sie montieren m\u00f6chten. Deshalb haben wir unten die Abmessungen dieser Arbeitslampe Tralert LED f\u00fcr Sie aufgelistet:<\/span><\/p>\n<ul>\n<li><span style=\"color: #000000;\">H\u00f6he: 74,8 mm (95 mm inkl. Halterung)<\/span><\/li>\n<li><span style=\"color: #000000;\">Breite: 76 mm<\/span><\/li>\n<li><span style=\"color: #000000;\">Dicke: 33,8 mm<\/span><\/li>\n<\/ul>\n<h5><span style=\"color: #000000;\"><strong>Andere Versionen:\u00a0<\/strong><\/span><\/h5>\n<p><span style=\"color: #000000;\">Suchen Sie noch nach einer anderen Tralert-Arbeitsleuchte? Kein Problem, die quadratische 18-W-Version ist nur eine der Optionen. Tralert bietet viele weitere Modelle in verschiedenen Formen und Leistungsst\u00e4rken. Sehen Sie sich unten das gesamte Sortiment an und finden Sie die passende Arbeitsleuchte f\u00fcr Ihre Arbeit.<\/span><\/p>\n<ul>\n<li><a href=\"https:\/\/www.oudadl.testontwikkeling.nl\/de\/produkt\/tralert-apex-werklamp-40w-vierkant\/\"><span style=\"color: #000000;\"><strong>Tralert APEX Lampe 40W - quadratisch<\/strong><\/span><\/a><\/li>\n<li><a href=\"https:\/\/www.oudadl.testontwikkeling.nl\/de\/produkt\/tralert-apex-werklamp-31w-rond\/\"><span style=\"color: #000000;\"><strong>Tralert APEX Lampe 31W - rund<\/strong><\/span><\/a><\/li>\n<li><a href=\"https:\/\/www.oudadl.testontwikkeling.nl\/de\/produkt\/tralert-apex-werklamp-18w-rond\/\"><span style=\"color: #000000;\"><strong>Tralert APEX Lampe 18W - rund<\/strong><\/span><\/a><\/li>\n<\/ul>\n<div class=\"truncated\">\n<p><span style=\"color: #000000;\">Denken Sie immer noch, dass die Tralert LED Arbeitsleuchte 18w quadratisch nicht das ist, was Sie suchen? Einfach, weil die Lichtleistung, Wattzahl oder Form nicht Ihren W\u00fcnschen entspricht? Dann sehen Sie sich das komplette Sortiment an <a style=\"color: #000000;\" href=\"https:\/\/www.oudadl.testontwikkeling.nl\/de\/merk\/product-tralert\/\" target=\"_blank\" rel=\"noopener\">Tralert<\/a>.<\/span><\/p>\n<\/div>","protected":false},"excerpt":{"rendered":"<p>Tralert APEX werklamp 18w vierkant, voor 12 &amp; 24 volt. Zoek je een betaalbare LED-werklamp die ondanks z\u2019n compacte formaat flink wat licht geeft? Dan zit je goed met de Tralert APEX werklamp 18W vierkant. Deze werklamp, ook bekend als de Tralert WR-1829V, is onderdeel van de nieuwe APEX-serie: ontworpen voor dagelijks gebruik, met oog [&hellip;]<\/p>\n","protected":false},"featured_media":57129,"comment_status":"open","ping_status":"closed","template":"","meta":{"_acf_changed":false,"site-sidebar-layout":"default","site-content-layout":"default","ast-site-content-layout":"default","site-content-style":"default","site-sidebar-style":"default","ast-global-header-display":"","ast-banner-title-visibility":"","ast-main-header-display":"","ast-hfb-above-header-display":"","ast-hfb-below-header-display":"","ast-hfb-mobile-header-display":"","site-post-title":"","ast-breadcrumbs-content":"","ast-featured-img":"","footer-sml-layout":"","ast-disable-related-posts":"","theme-transparent-header-meta":"default","adv-header-id-meta":"","stick-header-meta":"","header-above-stick-meta":"","header-main-stick-meta":"","header-below-stick-meta":"","astra-migrate-meta-layouts":"set","ast-page-background-enabled":"default","ast-page-background-meta":{"desktop":{"background-color":"","background-image":"","background-repeat":"repeat","background-position":"center center","background-size":"auto","background-attachment":"scroll","background-type":"","background-media":"","overlay-type":"","overlay-color":"","overlay-opacity":"","overlay-gradient":""},"tablet":{"background-color":"","background-image":"","background-repeat":"repeat","background-position":"center center","background-size":"auto","background-attachment":"scroll","background-type":"","background-media":"","overlay-type":"","overlay-color":"","overlay-opacity":"","overlay-gradient":""},"mobile":{"background-color":"","background-image":"","background-repeat":"repeat","background-position":"center center","background-size":"auto","background-attachment":"scroll","background-type":"","background-media":"","overlay-type":"","overlay-color":"","overlay-opacity":"","overlay-gradient":""}},"ast-content-background-meta":{"desktop":{"background-color":"var(--ast-global-color-5)","background-image":"","background-repeat":"repeat","background-position":"center center","background-size":"auto","background-attachment":"scroll","background-type":"","background-media":"","overlay-type":"","overlay-color":"","overlay-opacity":"","overlay-gradient":""},"tablet":{"background-color":"var(--ast-global-color-5)","background-image":"","background-repeat":"repeat","background-position":"center center","background-size":"auto","background-attachment":"scroll","background-type":"","background-media":"","overlay-type":"","overlay-color":"","overlay-opacity":"","overlay-gradient":""},"mobile":{"background-color":"var(--ast-global-color-5)","background-image":"","background-repeat":"repeat","background-position":"center center","background-size":"auto","background-attachment":"scroll","background-type":"","background-media":"","overlay-type":"","overlay-color":"","overlay-opacity":"","overlay-gradient":""}}},"product_brand":[],"product_cat":[8150],"product_tag":[373,2419,2421,2422,2423,2420,2418],"class_list":{"0":"post-56974","1":"product","2":"type-product","3":"status-publish","4":"has-post-thumbnail","6":"product_cat-werklamp-vierkant","7":"product_tag-led-werklamp","8":"product_tag-werklamp-aanhanger","9":"product_tag-werklamp-heftruck","10":"product_tag-werklamp-kooiaap","11":"product_tag-werklamp-tractor","12":"product_tag-werklamp-trailer","13":"product_tag-werklamp-vrachtwagen","14":"pa_merkk-product-tralert","15":"desktop-align-left","16":"tablet-align-left","17":"mobile-align-left","19":"first","20":"instock","21":"taxable","22":"shipping-taxable","23":"purchasable","24":"product-type-simple"},"acf":[],"yoast_head":"<!-- This site is optimized with the Yoast SEO Premium plugin v25.9 (Yoast SEO v27.6) - https:\/\/yoast.com\/product\/yoast-seo-premium-wordpress\/ -->\n<title>Tralert APEX werklamp 18w vierkant - All Day Led - voor 12&amp;24 volt - 2929 Lumen<\/title>\n<meta name=\"description\" content=\"Tralert APEX werklamp 18w vierkant - WR-1829V met Deutsch-connector - ECE-R10 - APEX series met DT2 stekker - 2929 Lumen - auto, vrachtwagen en meer\" \/>\n<meta name=\"robots\" content=\"noindex, follow, max-snippet:-1, max-image-preview:large, max-video-preview:-1\" \/>\n<meta property=\"og:locale\" content=\"de_DE\" \/>\n<meta property=\"og:type\" content=\"article\" \/>\n<meta property=\"og:title\" content=\"Tralert APEX werklamp 18w vierkant - All Day Led - voor 12&amp;24 volt - 2929 Lumen\" \/>\n<meta property=\"og:description\" content=\"Tralert APEX werklamp 18w vierkant - WR-1829V met Deutsch-connector - ECE-R10 - APEX series met DT2 stekker - 2929 Lumen - auto, vrachtwagen en meer\" \/>\n<meta property=\"og:url\" content=\"https:\/\/www.oudadl.testontwikkeling.nl\/de\/produkt\/tralert-apex-werklamp-18w-vierkant\/\" \/>\n<meta property=\"og:site_name\" content=\"All Day Led\" \/>\n<meta property=\"article:publisher\" content=\"https:\/\/www.facebook.com\/alldayled\/\" \/>\n<meta property=\"article:modified_time\" content=\"2025-11-21T10:31:45+00:00\" \/>\n<meta property=\"og:image\" content=\"https:\/\/www.oudadl.testontwikkeling.nl\/wp-content\/uploads\/2025\/06\/ADL01829V-SM.png\" \/>\n\t<meta property=\"og:image:width\" content=\"800\" \/>\n\t<meta property=\"og:image:height\" content=\"800\" \/>\n\t<meta property=\"og:image:type\" content=\"image\/png\" \/>\n<meta name=\"twitter:label1\" content=\"Preis\" \/>\n\t<meta name=\"twitter:data1\" content=\"&euro;29,95\" \/>\n\t<meta name=\"twitter:label2\" content=\"Verf\u00fcgbarkeit\" \/>\n\t<meta name=\"twitter:data2\" content=\"Auf Lager\" \/>\n<script type=\"application\/ld+json\" class=\"yoast-schema-graph\">{\"@context\":\"https:\\\/\\\/schema.org\",\"@graph\":[{\"@type\":[\"WebPage\",\"ItemPage\"],\"@id\":\"https:\\\/\\\/www.oudadl.testontwikkeling.nl\\\/product\\\/tralert-apex-werklamp-18w-vierkant\\\/\",\"url\":\"https:\\\/\\\/www.oudadl.testontwikkeling.nl\\\/product\\\/tralert-apex-werklamp-18w-vierkant\\\/\",\"name\":\"Tralert APEX werklamp 18w vierkant - All Day Led - voor 12&24 volt - 2929 Lumen\",\"isPartOf\":{\"@id\":\"https:\\\/\\\/www.oudadl.testontwikkeling.nl\\\/#website\"},\"primaryImageOfPage\":{\"@id\":\"https:\\\/\\\/www.oudadl.testontwikkeling.nl\\\/product\\\/tralert-apex-werklamp-18w-vierkant\\\/#primaryimage\"},\"image\":{\"@id\":\"https:\\\/\\\/www.oudadl.testontwikkeling.nl\\\/product\\\/tralert-apex-werklamp-18w-vierkant\\\/#primaryimage\"},\"thumbnailUrl\":\"https:\\\/\\\/www.oudadl.testontwikkeling.nl\\\/wp-content\\\/uploads\\\/2025\\\/06\\\/ADL01829V.png\",\"datePublished\":\"2025-03-01T14:44:05+00:00\",\"dateModified\":\"2025-11-21T10:31:45+00:00\",\"description\":\"Tralert APEX werklamp 18w vierkant - WR-1829V met Deutsch-connector - ECE-R10 - APEX series met DT2 stekker - 2929 Lumen - auto, vrachtwagen en meer\",\"breadcrumb\":{\"@id\":\"https:\\\/\\\/www.oudadl.testontwikkeling.nl\\\/product\\\/tralert-apex-werklamp-18w-vierkant\\\/#breadcrumb\"},\"inLanguage\":\"de\",\"potentialAction\":[{\"@type\":\"ReadAction\",\"target\":[\"https:\\\/\\\/www.oudadl.testontwikkeling.nl\\\/product\\\/tralert-apex-werklamp-18w-vierkant\\\/\"]}]},{\"@type\":\"ImageObject\",\"inLanguage\":\"de\",\"@id\":\"https:\\\/\\\/www.oudadl.testontwikkeling.nl\\\/product\\\/tralert-apex-werklamp-18w-vierkant\\\/#primaryimage\",\"url\":\"https:\\\/\\\/www.oudadl.testontwikkeling.nl\\\/wp-content\\\/uploads\\\/2025\\\/06\\\/ADL01829V.png\",\"contentUrl\":\"https:\\\/\\\/www.oudadl.testontwikkeling.nl\\\/wp-content\\\/uploads\\\/2025\\\/06\\\/ADL01829V.png\",\"width\":800,\"height\":600,\"caption\":\"Tralert APEX werklamp 18W vierkant - 12 LED's - 2929 Lumen - IP69K - ECE R10 - ECE R148 - EAN: 8720364583095\"},{\"@type\":\"BreadcrumbList\",\"@id\":\"https:\\\/\\\/www.oudadl.testontwikkeling.nl\\\/product\\\/tralert-apex-werklamp-18w-vierkant\\\/#breadcrumb\",\"itemListElement\":[{\"@type\":\"ListItem\",\"position\":1,\"name\":\"Home\",\"item\":\"https:\\\/\\\/www.oudadl.testontwikkeling.nl\\\/\"},{\"@type\":\"ListItem\",\"position\":2,\"name\":\"Shop\",\"item\":\"https:\\\/\\\/www.oudadl.testontwikkeling.nl\\\/de\\\/shop\\\/\"},{\"@type\":\"ListItem\",\"position\":3,\"name\":\"Werklampen\",\"item\":\"https:\\\/\\\/www.oudadl.testontwikkeling.nl\\\/product-categorie\\\/werklampen\\\/\"},{\"@type\":\"ListItem\",\"position\":4,\"name\":\"Werklamp vierkant\",\"item\":\"https:\\\/\\\/www.oudadl.testontwikkeling.nl\\\/product-categorie\\\/werklampen\\\/werklamp-vierkant\\\/\"},{\"@type\":\"ListItem\",\"position\":5,\"name\":\"Tralert APEX werklamp 18W &#8211; vierkant\"}]},{\"@type\":\"WebSite\",\"@id\":\"https:\\\/\\\/www.oudadl.testontwikkeling.nl\\\/#website\",\"url\":\"https:\\\/\\\/www.oudadl.testontwikkeling.nl\\\/\",\"name\":\"All Day Led\",\"description\":\"\",\"publisher\":{\"@id\":\"https:\\\/\\\/www.oudadl.testontwikkeling.nl\\\/#organization\"},\"potentialAction\":[{\"@type\":\"SearchAction\",\"target\":{\"@type\":\"EntryPoint\",\"urlTemplate\":\"https:\\\/\\\/www.oudadl.testontwikkeling.nl\\\/?s={search_term_string}\"},\"query-input\":{\"@type\":\"PropertyValueSpecification\",\"valueRequired\":true,\"valueName\":\"search_term_string\"}}],\"inLanguage\":\"de\"},{\"@type\":\"Organization\",\"@id\":\"https:\\\/\\\/www.oudadl.testontwikkeling.nl\\\/#organization\",\"name\":\"All Day Led\",\"url\":\"https:\\\/\\\/www.oudadl.testontwikkeling.nl\\\/\",\"logo\":{\"@type\":\"ImageObject\",\"inLanguage\":\"de\",\"@id\":\"https:\\\/\\\/www.oudadl.testontwikkeling.nl\\\/#\\\/schema\\\/logo\\\/image\\\/\",\"url\":\"https:\\\/\\\/www.oudadl.testontwikkeling.nl\\\/wp-content\\\/uploads\\\/2022\\\/08\\\/Logo-ALL-DAY-LED-800x800-zwart-witte-letters.png\",\"contentUrl\":\"https:\\\/\\\/www.oudadl.testontwikkeling.nl\\\/wp-content\\\/uploads\\\/2022\\\/08\\\/Logo-ALL-DAY-LED-800x800-zwart-witte-letters.png\",\"width\":800,\"height\":800,\"caption\":\"All Day Led\"},\"image\":{\"@id\":\"https:\\\/\\\/www.oudadl.testontwikkeling.nl\\\/#\\\/schema\\\/logo\\\/image\\\/\"},\"sameAs\":[\"https:\\\/\\\/www.facebook.com\\\/alldayled\\\/\",\"https:\\\/\\\/www.instagram.com\\\/alldayled\\\/\"],\"vatID\":\"NL863960133B01\",\"taxID\":\"86416545\",\"hasMerchantReturnPolicy\":{\"@type\":\"MerchantReturnPolicy\",\"merchantReturnLink\":\"https:\\\/\\\/www.oudadl.testontwikkeling.nl\\\/de\\\/verzenden-retourneren\\\/\"}}]}<\/script>\n<meta property=\"product:brand\" content=\"Tralert \u00ae\" \/>\n<meta property=\"product:price:amount\" content=\"29.95\" \/>\n<meta property=\"product:price:currency\" content=\"EUR\" \/>\n<meta property=\"og:availability\" content=\"instock\" \/>\n<meta property=\"product:availability\" content=\"instock\" \/>\n<meta property=\"product:retailer_item_id\" content=\"ADL01829V\" \/>\n<meta property=\"product:condition\" content=\"new\" \/>\n<!-- \/ Yoast SEO Premium plugin. -->","yoast_head_json":{"title":"Tralert APEX Arbeitsscheinwerfer 18W quadratisch - All Day Led - f\u00fcr 12&amp;24 volt - 2929 Lumen","description":"Tralert APEX Arbeitsscheinwerfer 18W quadratisch - WR-1829V mit Deutsch-Stecker - ECE-R10 - APEX-Serie mit DT2-Stecker - 2929 Lumen - Auto, LKW und mehr","robots":{"index":"noindex","follow":"follow","max-snippet":"max-snippet:-1","max-image-preview":"max-image-preview:large","max-video-preview":"max-video-preview:-1"},"og_locale":"de_DE","og_type":"article","og_title":"Tralert APEX werklamp 18w vierkant - All Day Led - voor 12&24 volt - 2929 Lumen","og_description":"Tralert APEX werklamp 18w vierkant - WR-1829V met Deutsch-connector - ECE-R10 - APEX series met DT2 stekker - 2929 Lumen - auto, vrachtwagen en meer","og_url":"https:\/\/www.oudadl.testontwikkeling.nl\/de\/produkt\/tralert-apex-werklamp-18w-vierkant\/","og_site_name":"All Day Led","article_publisher":"https:\/\/www.facebook.com\/alldayled\/","article_modified_time":"2025-11-21T10:31:45+00:00","og_image":[{"width":800,"height":800,"url":"https:\/\/www.oudadl.testontwikkeling.nl\/wp-content\/uploads\/2025\/06\/ADL01829V-SM.png","type":"image\/png"}],"twitter_misc":{"Preis":"&euro;29,95","Verf\u00fcgbarkeit":"Auf Lager"},"schema":{"@context":"https:\/\/schema.org","@graph":[{"@type":["WebPage","ItemPage"],"@id":"https:\/\/www.oudadl.testontwikkeling.nl\/product\/tralert-apex-werklamp-18w-vierkant\/","url":"https:\/\/www.oudadl.testontwikkeling.nl\/product\/tralert-apex-werklamp-18w-vierkant\/","name":"Tralert APEX Arbeitsscheinwerfer 18W quadratisch - All Day Led - f\u00fcr 12&amp;24 volt - 2929 Lumen","isPartOf":{"@id":"https:\/\/www.oudadl.testontwikkeling.nl\/#website"},"primaryImageOfPage":{"@id":"https:\/\/www.oudadl.testontwikkeling.nl\/product\/tralert-apex-werklamp-18w-vierkant\/#primaryimage"},"image":{"@id":"https:\/\/www.oudadl.testontwikkeling.nl\/product\/tralert-apex-werklamp-18w-vierkant\/#primaryimage"},"thumbnailUrl":"https:\/\/www.oudadl.testontwikkeling.nl\/wp-content\/uploads\/2025\/06\/ADL01829V.png","datePublished":"2025-03-01T14:44:05+00:00","dateModified":"2025-11-21T10:31:45+00:00","description":"Tralert APEX Arbeitsscheinwerfer 18W quadratisch - WR-1829V mit Deutsch-Stecker - ECE-R10 - APEX-Serie mit DT2-Stecker - 2929 Lumen - Auto, LKW und mehr","breadcrumb":{"@id":"https:\/\/www.oudadl.testontwikkeling.nl\/product\/tralert-apex-werklamp-18w-vierkant\/#breadcrumb"},"inLanguage":"de","potentialAction":[{"@type":"ReadAction","target":["https:\/\/www.oudadl.testontwikkeling.nl\/product\/tralert-apex-werklamp-18w-vierkant\/"]}]},{"@type":"ImageObject","inLanguage":"de","@id":"https:\/\/www.oudadl.testontwikkeling.nl\/product\/tralert-apex-werklamp-18w-vierkant\/#primaryimage","url":"https:\/\/www.oudadl.testontwikkeling.nl\/wp-content\/uploads\/2025\/06\/ADL01829V.png","contentUrl":"https:\/\/www.oudadl.testontwikkeling.nl\/wp-content\/uploads\/2025\/06\/ADL01829V.png","width":800,"height":600,"caption":"Tralert APEX werklamp 18W vierkant - 12 LED's - 2929 Lumen - IP69K - ECE R10 - ECE R148 - EAN: 8720364583095"},{"@type":"BreadcrumbList","@id":"https:\/\/www.oudadl.testontwikkeling.nl\/product\/tralert-apex-werklamp-18w-vierkant\/#breadcrumb","itemListElement":[{"@type":"ListItem","position":1,"name":"Home","item":"https:\/\/www.oudadl.testontwikkeling.nl\/"},{"@type":"ListItem","position":2,"name":"Shop","item":"https:\/\/www.oudadl.testontwikkeling.nl\/de\/shop\/"},{"@type":"ListItem","position":3,"name":"Werklampen","item":"https:\/\/www.oudadl.testontwikkeling.nl\/product-categorie\/werklampen\/"},{"@type":"ListItem","position":4,"name":"Werklamp vierkant","item":"https:\/\/www.oudadl.testontwikkeling.nl\/product-categorie\/werklampen\/werklamp-vierkant\/"},{"@type":"ListItem","position":5,"name":"Tralert APEX werklamp 18W &#8211; vierkant"}]},{"@type":"WebSite","@id":"https:\/\/www.oudadl.testontwikkeling.nl\/#website","url":"https:\/\/www.oudadl.testontwikkeling.nl\/","name":"All Day Led","description":"","publisher":{"@id":"https:\/\/www.oudadl.testontwikkeling.nl\/#organization"},"potentialAction":[{"@type":"SearchAction","target":{"@type":"EntryPoint","urlTemplate":"https:\/\/www.oudadl.testontwikkeling.nl\/?s={search_term_string}"},"query-input":{"@type":"PropertyValueSpecification","valueRequired":true,"valueName":"search_term_string"}}],"inLanguage":"de"},{"@type":"Organization","@id":"https:\/\/www.oudadl.testontwikkeling.nl\/#organization","name":"All Day Led","url":"https:\/\/www.oudadl.testontwikkeling.nl\/","logo":{"@type":"ImageObject","inLanguage":"de","@id":"https:\/\/www.oudadl.testontwikkeling.nl\/#\/schema\/logo\/image\/","url":"https:\/\/www.oudadl.testontwikkeling.nl\/wp-content\/uploads\/2022\/08\/Logo-ALL-DAY-LED-800x800-zwart-witte-letters.png","contentUrl":"https:\/\/www.oudadl.testontwikkeling.nl\/wp-content\/uploads\/2022\/08\/Logo-ALL-DAY-LED-800x800-zwart-witte-letters.png","width":800,"height":800,"caption":"All Day Led"},"image":{"@id":"https:\/\/www.oudadl.testontwikkeling.nl\/#\/schema\/logo\/image\/"},"sameAs":["https:\/\/www.facebook.com\/alldayled\/","https:\/\/www.instagram.com\/alldayled\/"],"vatID":"NL863960133B01","taxID":"86416545","hasMerchantReturnPolicy":{"@type":"MerchantReturnPolicy","merchantReturnLink":"https:\/\/www.oudadl.testontwikkeling.nl\/de\/verzenden-retourneren\/"}}]},"product_brand":"Tralert \u00ae","product_price_amount":"29.95","product_price_currency":"EUR","og_availability":"instock","product_availability":"instock","product_retailer_item_id":"ADL01829V","product_condition":"new"},"_links":{"self":[{"href":"https:\/\/www.oudadl.testontwikkeling.nl\/de\/wp-json\/wp\/v2\/product\/56974","targetHints":{"allow":["GET"]}}],"collection":[{"href":"https:\/\/www.oudadl.testontwikkeling.nl\/de\/wp-json\/wp\/v2\/product"}],"about":[{"href":"https:\/\/www.oudadl.testontwikkeling.nl\/de\/wp-json\/wp\/v2\/types\/product"}],"replies":[{"embeddable":true,"href":"https:\/\/www.oudadl.testontwikkeling.nl\/de\/wp-json\/wp\/v2\/comments?post=56974"}],"wp:featuredmedia":[{"embeddable":true,"href":"https:\/\/www.oudadl.testontwikkeling.nl\/de\/wp-json\/wp\/v2\/media\/57129"}],"wp:attachment":[{"href":"https:\/\/www.oudadl.testontwikkeling.nl\/de\/wp-json\/wp\/v2\/media?parent=56974"}],"wp:term":[{"taxonomy":"product_brand","embeddable":true,"href":"https:\/\/www.oudadl.testontwikkeling.nl\/de\/wp-json\/wp\/v2\/product_brand?post=56974"},{"taxonomy":"product_cat","embeddable":true,"href":"https:\/\/www.oudadl.testontwikkeling.nl\/de\/wp-json\/wp\/v2\/product_cat?post=56974"},{"taxonomy":"product_tag","embeddable":true,"href":"https:\/\/www.oudadl.testontwikkeling.nl\/de\/wp-json\/wp\/v2\/product_tag?post=56974"}],"curies":[{"name":"wp","href":"https:\/\/api.w.org\/{rel}","templated":true}]}}