{"id":56062,"date":"2025-02-24T17:30:48","date_gmt":"2025-02-24T16:30:48","guid":{"rendered":"https:\/\/www.oudadl.testontwikkeling.nl\/?post_type=product&#038;p=56062"},"modified":"2025-11-25T13:36:49","modified_gmt":"2025-11-25T12:36:49","slug":"horpol-ld3212-markeringslamp-smoke-rood","status":"publish","type":"product","link":"https:\/\/www.oudadl.testontwikkeling.nl\/de\/product\/horpol-ld3212-markeringslamp-smoke-rood\/","title":{"rendered":"Horpol LD3212 Umrissleuchte smoke rot"},"content":{"rendered":"<p><span style=\"color: #000000\"><strong>Horpol LD3212 GRAPHITE Umrissleuchte rot, f\u00fcr 12 und 24 Volt.<\/strong><\/span><\/p>\n<p><span style=\"color: #000000\">Suchen Sie eine moderne Begrenzungsleuchte mit einzigartigem und stilvollem Look? Dann ist die rote Begrenzungsleuchte Horpol LD3211 GRAPHITE genau das Richtige f\u00fcr Sie. Diese ultraschlanke Begrenzungsleuchte LED kombiniert ein rauchfarbenes Geh\u00e4use mit einem kraftvollen roten Lichtbild. Egal, ob Sie einen LKW, Transporter, Anh\u00e4nger oder ein anderes Arbeitsfahrzeug fahren, diese Leuchte wurde speziell f\u00fcr Situationen entwickelt, in denen Sicherheit und schlankes Design Hand in Hand gehen. Das Besondere an dieser Leuchte ist ihre kompakte Gr\u00f6\u00dfe. Dadurch k\u00f6nnen Sie die Horpol LD3212 m\u00fchelos sowohl auf ebenen Fl\u00e4chen als auch auf runden Rohren montieren. Dank der beiden mitgelieferten Gummi-Montagepads k\u00f6nnen Sie die Leuchte fest befestigen und die Schrauben sauber verbergen. Das Ergebnis? Ein sauberes Finish ohne sichtbares Befestigungsmaterial \u2013 sch\u00f6n und praktisch.<\/span><\/p>\n<p><span style=\"color: #000000\">Diese Begrenzungsleuchte ist mit vier leistungsstarken LED ausgestattet, die sowohl tags\u00fcber als auch im Dunkeln ein helles und auff\u00e4lliges rotes Positionslicht abgeben. Und das bei einem extrem niedrigen Verbrauch von nur 0,2 bis 0,4 Watt. So k\u00f6nnen Sie bedenkenlos mehrere Leuchten montieren, ohne Ihre Batterie unn\u00f6tig zu belasten. Perfekt, wenn Sie Wert auf zus\u00e4tzliche Sichtbarkeit und Wirtschaftlichkeit legen. Diese Begrenzungsleuchte Horpol ist zudem vollst\u00e4ndig wasser- und staubdicht (IP68) und verf\u00fcgt \u00fcber die entsprechenden Qualit\u00e4tszeichen wie ECE-Zulassung und EMV-Zertifikat. Das bedeutet: sicher, zuverl\u00e4ssig und f\u00fcr den professionellen Einsatz geeignet. Kurz gesagt: Sie w\u00fcnschen sich eine schlanke, robuste und elegante Begrenzungsleuchte, die immer sichtbar ist und wenig Strom verbraucht? Dann ist die Horpol LD3212 GRAPHITE Umrissleuchte rot eine kluge Wahl.<\/span><\/p>\n<h5><span style=\"color: #000000\"><strong>Abmessungen:<\/strong><\/span><\/h5>\n<p><span style=\"color: #000000\">Damit Sie die Horpol Begrenzungsleuchte GRAPHITE an der richtigen Stelle montieren k\u00f6nnen, haben wir die Abmessungen f\u00fcr Sie aufgelistet. Die Abmessungen dieser LED Leuchte lauten wie folgt:<\/span><\/p>\n<ul>\n<li><span style=\"color: #000000\">H\u00f6he: 27,7 mm<\/span><\/li>\n<li><span style=\"color: #000000\">L\u00e4nge: 84,2 mm<\/span><\/li>\n<li><span style=\"color: #000000\">Dicke: 11 mm<\/span><\/li>\n<li><span style=\"color: #000000\">HH: 58 mm<\/span><\/li>\n<\/ul>\n<h5><span style=\"color: #000000\"><strong>Andere Versionen:\u00a0<\/strong><\/span><\/h5>\n<p><span style=\"color: #000000\">Sie w\u00fcnschen sich eine Begrenzungsleuchte von Horpol, aber die Horpol LD3212 GRAPHITE Umrissleuchte rot ist nicht genau das Richtige f\u00fcr Sie? Kein Problem. Dieses Modell ist auch in anderen Farben und Ausf\u00fchrungen erh\u00e4ltlich. Sehen Sie sich unten die verf\u00fcgbaren Versionen an und w\u00e4hlen Sie die Leuchte, die am besten zu Ihrem Fahrzeug passt.<\/span><\/p>\n<ul>\n<li><a href=\"https:\/\/www.oudadl.testontwikkeling.nl\/de\/produkt\/horpol-ld3211-markeringslamp-smoke-oranje\/\"><span style=\"color: #000000\"><strong>Horpol LD3211 Umrissleuchte graphite orange<\/strong><\/span><\/a><\/li>\n<li><a href=\"https:\/\/www.oudadl.testontwikkeling.nl\/de\/produkt\/horpol-ld3210-markeringslamp-smoke-wit\/\"><span style=\"color: #000000\"><strong>Horpol LD3210 Umrissleuchte graphite wei\u00df<\/strong><\/span><\/a><\/li>\n<li><a href=\"https:\/\/www.oudadl.testontwikkeling.nl\/de\/produkt\/horpol-ld3212-markeringslamp-rood\/\"><span style=\"color: #000000\"><strong>Horpol LD3212 Umrissleuchte rot<\/strong><\/span><\/a><\/li>\n<li><a href=\"https:\/\/www.oudadl.testontwikkeling.nl\/de\/produkt\/horpol-ld3211-markeringslamp-oranje\/\"><span style=\"color: #000000\"><strong>Horpol LD3211 Umrissleuchte orange<\/strong><\/span><\/a><\/li>\n<li><a href=\"https:\/\/www.oudadl.testontwikkeling.nl\/de\/produkt\/horpol-ld3210-markeringslamp-wit\/\"><span style=\"color: #000000\"><strong>Horpol LD3210 Umrissleuchte wei\u00df<\/strong><\/span><\/a><\/li>\n<\/ul>\n<div class=\"truncated\">\n<p><span style=\"color: #000000\">Sind Sie nach der Lekt\u00fcre immer noch unsicher, ob die Horpol LD3212 GRAPHITE Umrissleuchte rot wirklich zu Ihrem Fahrzeug passt? Vielleicht entspricht die Gr\u00f6\u00dfe, Form oder Farbe nicht ganz Ihren W\u00fcnschen. Kein Problem! Schauen Sie sich gerne unsere volledige an. <a style=\"color: #000000\" href=\"https:\/\/www.oudadl.testontwikkeling.nl\/de\/merkk\/product-horpol\/\">Horpol<\/a> Sortiment. Die Chancen stehen gut, dass die perfekte Begrenzungsleuchte f\u00fcr Sie dabei ist.<\/span><\/p>\n<\/div>","protected":false},"excerpt":{"rendered":"<p>Horpol LD3212 GRAPHITE markeringslamp rood, voor 12 en 24 volt. Ben je op zoek naar een moderne markeringslamp met een unieke en stijlvolle uitstraling? Dan is de Horpol LD3211 GRAPHITE markeringslamp rood precies wat je nodig hebt. Deze ultra-slanke LED markeringslamp combineert een smoke-kleurige behuizing met een krachtig rood lichtbeeld. Of je nu rijdt met [&hellip;]<\/p>\n","protected":false},"featured_media":56785,"comment_status":"open","ping_status":"closed","template":"","meta":{"_acf_changed":false,"site-sidebar-layout":"default","site-content-layout":"default","ast-site-content-layout":"default","site-content-style":"default","site-sidebar-style":"default","ast-global-header-display":"","ast-banner-title-visibility":"","ast-main-header-display":"","ast-hfb-above-header-display":"","ast-hfb-below-header-display":"","ast-hfb-mobile-header-display":"","site-post-title":"","ast-breadcrumbs-content":"","ast-featured-img":"","footer-sml-layout":"","ast-disable-related-posts":"","theme-transparent-header-meta":"default","adv-header-id-meta":"","stick-header-meta":"","header-above-stick-meta":"","header-main-stick-meta":"","header-below-stick-meta":"","astra-migrate-meta-layouts":"set","ast-page-background-enabled":"default","ast-page-background-meta":{"desktop":{"background-color":"","background-image":"","background-repeat":"repeat","background-position":"center center","background-size":"auto","background-attachment":"scroll","background-type":"","background-media":"","overlay-type":"","overlay-color":"","overlay-opacity":"","overlay-gradient":""},"tablet":{"background-color":"","background-image":"","background-repeat":"repeat","background-position":"center center","background-size":"auto","background-attachment":"scroll","background-type":"","background-media":"","overlay-type":"","overlay-color":"","overlay-opacity":"","overlay-gradient":""},"mobile":{"background-color":"","background-image":"","background-repeat":"repeat","background-position":"center center","background-size":"auto","background-attachment":"scroll","background-type":"","background-media":"","overlay-type":"","overlay-color":"","overlay-opacity":"","overlay-gradient":""}},"ast-content-background-meta":{"desktop":{"background-color":"var(--ast-global-color-5)","background-image":"","background-repeat":"repeat","background-position":"center center","background-size":"auto","background-attachment":"scroll","background-type":"","background-media":"","overlay-type":"","overlay-color":"","overlay-opacity":"","overlay-gradient":""},"tablet":{"background-color":"var(--ast-global-color-5)","background-image":"","background-repeat":"repeat","background-position":"center center","background-size":"auto","background-attachment":"scroll","background-type":"","background-media":"","overlay-type":"","overlay-color":"","overlay-opacity":"","overlay-gradient":""},"mobile":{"background-color":"var(--ast-global-color-5)","background-image":"","background-repeat":"repeat","background-position":"center center","background-size":"auto","background-attachment":"scroll","background-type":"","background-media":"","overlay-type":"","overlay-color":"","overlay-opacity":"","overlay-gradient":""}}},"product_brand":[],"product_cat":[262],"product_tag":[263,2515,2483,2476,5486,5485,2554,2473,2477,2474,2475],"class_list":{"0":"post-56062","1":"product","2":"type-product","3":"status-publish","4":"has-post-thumbnail","6":"product_cat-markeringslampen","7":"product_tag-contourverlichting","8":"product_tag-horpol-led-verlichting","9":"product_tag-led-markering-wit","10":"product_tag-led-markeringslamp","11":"product_tag-led-markeringslamp-12-volt","12":"product_tag-led-markeringslamp-24-volt","13":"product_tag-led-markeringslamp-wit","14":"product_tag-markeringslamp-aanhanger","15":"product_tag-markeringslamp-camper","16":"product_tag-markeringslamp-trailer","17":"product_tag-markeringslamp-vrachtwagen","18":"pa_merkk-product-horpol","19":"desktop-align-left","20":"tablet-align-left","21":"mobile-align-left","23":"first","24":"instock","25":"taxable","26":"shipping-taxable","27":"purchasable","28":"product-type-simple"},"acf":[],"yoast_head":"<!-- This site is optimized with the Yoast SEO Premium plugin v25.9 (Yoast SEO v27.6) - https:\/\/yoast.com\/product\/yoast-seo-premium-wordpress\/ -->\n<title>Horpol LD3212 GRAPHITE markeringslamp - All Day Led - voor 12&amp;24V gebruik<\/title>\n<meta name=\"description\" content=\"Horpol LD3212 GRAPHITE markeringslamp ROOD - voor auto, vrachtwagen, camper, tractor en meer - 12 &amp; 24 volt - SMOKE LENS - HOR 158G product groep\" \/>\n<meta name=\"robots\" content=\"noindex, follow, max-snippet:-1, max-image-preview:large, max-video-preview:-1\" \/>\n<meta property=\"og:locale\" content=\"de_DE\" \/>\n<meta property=\"og:type\" content=\"article\" \/>\n<meta property=\"og:title\" content=\"Horpol LD3212 GRAPHITE markeringslamp - All Day Led - voor 12&amp;24V gebruik\" \/>\n<meta property=\"og:description\" content=\"Horpol LD3212 GRAPHITE markeringslamp ROOD - voor auto, vrachtwagen, camper, tractor en meer - 12 &amp; 24 volt - SMOKE LENS - HOR 158G product groep\" \/>\n<meta property=\"og:url\" content=\"https:\/\/www.oudadl.testontwikkeling.nl\/de\/produkt\/horpol-ld3212-markeringslamp-smoke-rood\/\" \/>\n<meta property=\"og:site_name\" content=\"All Day Led\" \/>\n<meta property=\"article:publisher\" content=\"https:\/\/www.facebook.com\/alldayled\/\" \/>\n<meta property=\"article:modified_time\" content=\"2025-11-25T12:36:49+00:00\" \/>\n<meta property=\"og:image\" content=\"https:\/\/www.oudadl.testontwikkeling.nl\/wp-content\/uploads\/2025\/05\/ADL203212GPH-SM.png\" \/>\n\t<meta property=\"og:image:width\" content=\"800\" \/>\n\t<meta property=\"og:image:height\" content=\"800\" \/>\n\t<meta property=\"og:image:type\" content=\"image\/png\" \/>\n<meta name=\"twitter:label1\" content=\"Preis\" \/>\n\t<meta name=\"twitter:data1\" content=\"&euro;7,95\" \/>\n\t<meta name=\"twitter:label2\" content=\"Verf\u00fcgbarkeit\" \/>\n\t<meta name=\"twitter:data2\" content=\"Auf Lager\" \/>\n<script type=\"application\/ld+json\" class=\"yoast-schema-graph\">{\"@context\":\"https:\\\/\\\/schema.org\",\"@graph\":[{\"@type\":\"WebPage\",\"@id\":\"https:\\\/\\\/www.oudadl.testontwikkeling.nl\\\/product\\\/horpol-ld3212-markeringslamp-smoke-rood\\\/\",\"url\":\"https:\\\/\\\/www.oudadl.testontwikkeling.nl\\\/product\\\/horpol-ld3212-markeringslamp-smoke-rood\\\/\",\"name\":\"Horpol LD3212 GRAPHITE markeringslamp - All Day Led - voor 12&24V gebruik\",\"isPartOf\":{\"@id\":\"https:\\\/\\\/www.oudadl.testontwikkeling.nl\\\/#website\"},\"primaryImageOfPage\":{\"@id\":\"https:\\\/\\\/www.oudadl.testontwikkeling.nl\\\/product\\\/horpol-ld3212-markeringslamp-smoke-rood\\\/#primaryimage\"},\"image\":{\"@id\":\"https:\\\/\\\/www.oudadl.testontwikkeling.nl\\\/product\\\/horpol-ld3212-markeringslamp-smoke-rood\\\/#primaryimage\"},\"thumbnailUrl\":\"https:\\\/\\\/www.oudadl.testontwikkeling.nl\\\/wp-content\\\/uploads\\\/2025\\\/05\\\/ADL203212GPH.png\",\"datePublished\":\"2025-02-24T16:30:48+00:00\",\"dateModified\":\"2025-11-25T12:36:49+00:00\",\"description\":\"Horpol LD3212 GRAPHITE markeringslamp ROOD - voor auto, vrachtwagen, camper, tractor en meer - 12 & 24 volt - SMOKE LENS - HOR 158G product groep\",\"breadcrumb\":{\"@id\":\"https:\\\/\\\/www.oudadl.testontwikkeling.nl\\\/product\\\/horpol-ld3212-markeringslamp-smoke-rood\\\/#breadcrumb\"},\"inLanguage\":\"de\",\"potentialAction\":[{\"@type\":\"ReadAction\",\"target\":[\"https:\\\/\\\/www.oudadl.testontwikkeling.nl\\\/product\\\/horpol-ld3212-markeringslamp-smoke-rood\\\/\"]}]},{\"@type\":\"ImageObject\",\"inLanguage\":\"de\",\"@id\":\"https:\\\/\\\/www.oudadl.testontwikkeling.nl\\\/product\\\/horpol-ld3212-markeringslamp-smoke-rood\\\/#primaryimage\",\"url\":\"https:\\\/\\\/www.oudadl.testontwikkeling.nl\\\/wp-content\\\/uploads\\\/2025\\\/05\\\/ADL203212GPH.png\",\"contentUrl\":\"https:\\\/\\\/www.oudadl.testontwikkeling.nl\\\/wp-content\\\/uploads\\\/2025\\\/05\\\/ADL203212GPH.png\",\"width\":800,\"height\":600,\"caption\":\"Horpol LD3212 GRAPHITE - markeringlamp rood - EAN: 5901958855177 - HOR 158G product groep\"},{\"@type\":\"BreadcrumbList\",\"@id\":\"https:\\\/\\\/www.oudadl.testontwikkeling.nl\\\/product\\\/horpol-ld3212-markeringslamp-smoke-rood\\\/#breadcrumb\",\"itemListElement\":[{\"@type\":\"ListItem\",\"position\":1,\"name\":\"Home\",\"item\":\"https:\\\/\\\/www.oudadl.testontwikkeling.nl\\\/\"},{\"@type\":\"ListItem\",\"position\":2,\"name\":\"Shop\",\"item\":\"https:\\\/\\\/www.oudadl.testontwikkeling.nl\\\/de\\\/shop\\\/\"},{\"@type\":\"ListItem\",\"position\":3,\"name\":\"Positielampen\",\"item\":\"https:\\\/\\\/www.oudadl.testontwikkeling.nl\\\/product-categorie\\\/positielampen\\\/\"},{\"@type\":\"ListItem\",\"position\":4,\"name\":\"Markeringslampen\",\"item\":\"https:\\\/\\\/www.oudadl.testontwikkeling.nl\\\/product-categorie\\\/positielampen\\\/markeringslampen\\\/\"},{\"@type\":\"ListItem\",\"position\":5,\"name\":\"Horpol LD3212 markeringslamp smoke rood\"}]},{\"@type\":\"WebSite\",\"@id\":\"https:\\\/\\\/www.oudadl.testontwikkeling.nl\\\/#website\",\"url\":\"https:\\\/\\\/www.oudadl.testontwikkeling.nl\\\/\",\"name\":\"All Day Led\",\"description\":\"\",\"publisher\":{\"@id\":\"https:\\\/\\\/www.oudadl.testontwikkeling.nl\\\/#organization\"},\"potentialAction\":[{\"@type\":\"SearchAction\",\"target\":{\"@type\":\"EntryPoint\",\"urlTemplate\":\"https:\\\/\\\/www.oudadl.testontwikkeling.nl\\\/?s={search_term_string}\"},\"query-input\":{\"@type\":\"PropertyValueSpecification\",\"valueRequired\":true,\"valueName\":\"search_term_string\"}}],\"inLanguage\":\"de\"},{\"@type\":\"Organization\",\"@id\":\"https:\\\/\\\/www.oudadl.testontwikkeling.nl\\\/#organization\",\"name\":\"All Day Led\",\"url\":\"https:\\\/\\\/www.oudadl.testontwikkeling.nl\\\/\",\"logo\":{\"@type\":\"ImageObject\",\"inLanguage\":\"de\",\"@id\":\"https:\\\/\\\/www.oudadl.testontwikkeling.nl\\\/#\\\/schema\\\/logo\\\/image\\\/\",\"url\":\"https:\\\/\\\/www.oudadl.testontwikkeling.nl\\\/wp-content\\\/uploads\\\/2022\\\/08\\\/Logo-ALL-DAY-LED-800x800-zwart-witte-letters.png\",\"contentUrl\":\"https:\\\/\\\/www.oudadl.testontwikkeling.nl\\\/wp-content\\\/uploads\\\/2022\\\/08\\\/Logo-ALL-DAY-LED-800x800-zwart-witte-letters.png\",\"width\":800,\"height\":800,\"caption\":\"All Day Led\"},\"image\":{\"@id\":\"https:\\\/\\\/www.oudadl.testontwikkeling.nl\\\/#\\\/schema\\\/logo\\\/image\\\/\"},\"sameAs\":[\"https:\\\/\\\/www.facebook.com\\\/alldayled\\\/\",\"https:\\\/\\\/www.instagram.com\\\/alldayled\\\/\"],\"vatID\":\"NL863960133B01\",\"taxID\":\"86416545\",\"hasMerchantReturnPolicy\":{\"@type\":\"MerchantReturnPolicy\",\"merchantReturnLink\":\"https:\\\/\\\/www.oudadl.testontwikkeling.nl\\\/de\\\/verzenden-retourneren\\\/\"}}]}<\/script>\n<meta property=\"product:brand\" content=\"Horpol\" \/>\n<meta property=\"product:price:amount\" content=\"7.95\" \/>\n<meta property=\"product:price:currency\" content=\"EUR\" \/>\n<meta property=\"og:availability\" content=\"instock\" \/>\n<meta property=\"product:availability\" content=\"instock\" \/>\n<meta property=\"product:retailer_item_id\" content=\"ADL203212GPH\" \/>\n<meta property=\"product:condition\" content=\"new\" \/>\n<!-- \/ Yoast SEO Premium plugin. -->","yoast_head_json":{"title":"Horpol LD3212 GRAPHITE Umrissleuchte - All Day Led - f\u00fcr 12&amp;24V","description":"Horpol LD3212 GRAPHITE Umrissleuchte ROT - f\u00fcr Auto, LKW, Wohnmobil, Traktor und mehr - 12 &amp; 24 Volt - SMOKE LINSE - HOR 158G Produktgruppe","robots":{"index":"noindex","follow":"follow","max-snippet":"max-snippet:-1","max-image-preview":"max-image-preview:large","max-video-preview":"max-video-preview:-1"},"og_locale":"de_DE","og_type":"article","og_title":"Horpol LD3212 GRAPHITE markeringslamp - All Day Led - voor 12&24V gebruik","og_description":"Horpol LD3212 GRAPHITE markeringslamp ROOD - voor auto, vrachtwagen, camper, tractor en meer - 12 & 24 volt - SMOKE LENS - HOR 158G product groep","og_url":"https:\/\/www.oudadl.testontwikkeling.nl\/de\/produkt\/horpol-ld3212-markeringslamp-smoke-rood\/","og_site_name":"All Day Led","article_publisher":"https:\/\/www.facebook.com\/alldayled\/","article_modified_time":"2025-11-25T12:36:49+00:00","og_image":[{"width":800,"height":800,"url":"https:\/\/www.oudadl.testontwikkeling.nl\/wp-content\/uploads\/2025\/05\/ADL203212GPH-SM.png","type":"image\/png"}],"twitter_misc":{"Preis":"&euro;7,95","Verf\u00fcgbarkeit":"Auf Lager"},"schema":{"@context":"https:\/\/schema.org","@graph":[{"@type":"WebPage","@id":"https:\/\/www.oudadl.testontwikkeling.nl\/product\/horpol-ld3212-markeringslamp-smoke-rood\/","url":"https:\/\/www.oudadl.testontwikkeling.nl\/product\/horpol-ld3212-markeringslamp-smoke-rood\/","name":"Horpol LD3212 GRAPHITE Umrissleuchte - All Day Led - f\u00fcr 12&amp;24V","isPartOf":{"@id":"https:\/\/www.oudadl.testontwikkeling.nl\/#website"},"primaryImageOfPage":{"@id":"https:\/\/www.oudadl.testontwikkeling.nl\/product\/horpol-ld3212-markeringslamp-smoke-rood\/#primaryimage"},"image":{"@id":"https:\/\/www.oudadl.testontwikkeling.nl\/product\/horpol-ld3212-markeringslamp-smoke-rood\/#primaryimage"},"thumbnailUrl":"https:\/\/www.oudadl.testontwikkeling.nl\/wp-content\/uploads\/2025\/05\/ADL203212GPH.png","datePublished":"2025-02-24T16:30:48+00:00","dateModified":"2025-11-25T12:36:49+00:00","description":"Horpol LD3212 GRAPHITE Umrissleuchte ROT - f\u00fcr Auto, LKW, Wohnmobil, Traktor und mehr - 12 &amp; 24 Volt - SMOKE LINSE - HOR 158G Produktgruppe","breadcrumb":{"@id":"https:\/\/www.oudadl.testontwikkeling.nl\/product\/horpol-ld3212-markeringslamp-smoke-rood\/#breadcrumb"},"inLanguage":"de","potentialAction":[{"@type":"ReadAction","target":["https:\/\/www.oudadl.testontwikkeling.nl\/product\/horpol-ld3212-markeringslamp-smoke-rood\/"]}]},{"@type":"ImageObject","inLanguage":"de","@id":"https:\/\/www.oudadl.testontwikkeling.nl\/product\/horpol-ld3212-markeringslamp-smoke-rood\/#primaryimage","url":"https:\/\/www.oudadl.testontwikkeling.nl\/wp-content\/uploads\/2025\/05\/ADL203212GPH.png","contentUrl":"https:\/\/www.oudadl.testontwikkeling.nl\/wp-content\/uploads\/2025\/05\/ADL203212GPH.png","width":800,"height":600,"caption":"Horpol LD3212 GRAPHITE - markeringlamp rood - EAN: 5901958855177 - HOR 158G product groep"},{"@type":"BreadcrumbList","@id":"https:\/\/www.oudadl.testontwikkeling.nl\/product\/horpol-ld3212-markeringslamp-smoke-rood\/#breadcrumb","itemListElement":[{"@type":"ListItem","position":1,"name":"Home","item":"https:\/\/www.oudadl.testontwikkeling.nl\/"},{"@type":"ListItem","position":2,"name":"Shop","item":"https:\/\/www.oudadl.testontwikkeling.nl\/de\/shop\/"},{"@type":"ListItem","position":3,"name":"Positielampen","item":"https:\/\/www.oudadl.testontwikkeling.nl\/product-categorie\/positielampen\/"},{"@type":"ListItem","position":4,"name":"Markeringslampen","item":"https:\/\/www.oudadl.testontwikkeling.nl\/product-categorie\/positielampen\/markeringslampen\/"},{"@type":"ListItem","position":5,"name":"Horpol LD3212 markeringslamp smoke rood"}]},{"@type":"WebSite","@id":"https:\/\/www.oudadl.testontwikkeling.nl\/#website","url":"https:\/\/www.oudadl.testontwikkeling.nl\/","name":"All Day Led","description":"","publisher":{"@id":"https:\/\/www.oudadl.testontwikkeling.nl\/#organization"},"potentialAction":[{"@type":"SearchAction","target":{"@type":"EntryPoint","urlTemplate":"https:\/\/www.oudadl.testontwikkeling.nl\/?s={search_term_string}"},"query-input":{"@type":"PropertyValueSpecification","valueRequired":true,"valueName":"search_term_string"}}],"inLanguage":"de"},{"@type":"Organization","@id":"https:\/\/www.oudadl.testontwikkeling.nl\/#organization","name":"All Day Led","url":"https:\/\/www.oudadl.testontwikkeling.nl\/","logo":{"@type":"ImageObject","inLanguage":"de","@id":"https:\/\/www.oudadl.testontwikkeling.nl\/#\/schema\/logo\/image\/","url":"https:\/\/www.oudadl.testontwikkeling.nl\/wp-content\/uploads\/2022\/08\/Logo-ALL-DAY-LED-800x800-zwart-witte-letters.png","contentUrl":"https:\/\/www.oudadl.testontwikkeling.nl\/wp-content\/uploads\/2022\/08\/Logo-ALL-DAY-LED-800x800-zwart-witte-letters.png","width":800,"height":800,"caption":"All Day Led"},"image":{"@id":"https:\/\/www.oudadl.testontwikkeling.nl\/#\/schema\/logo\/image\/"},"sameAs":["https:\/\/www.facebook.com\/alldayled\/","https:\/\/www.instagram.com\/alldayled\/"],"vatID":"NL863960133B01","taxID":"86416545","hasMerchantReturnPolicy":{"@type":"MerchantReturnPolicy","merchantReturnLink":"https:\/\/www.oudadl.testontwikkeling.nl\/de\/verzenden-retourneren\/"}}]},"product_brand":"Horpol","product_price_amount":"7.95","product_price_currency":"EUR","og_availability":"instock","product_availability":"instock","product_retailer_item_id":"ADL203212GPH","product_condition":"new"},"_links":{"self":[{"href":"https:\/\/www.oudadl.testontwikkeling.nl\/de\/wp-json\/wp\/v2\/product\/56062","targetHints":{"allow":["GET"]}}],"collection":[{"href":"https:\/\/www.oudadl.testontwikkeling.nl\/de\/wp-json\/wp\/v2\/product"}],"about":[{"href":"https:\/\/www.oudadl.testontwikkeling.nl\/de\/wp-json\/wp\/v2\/types\/product"}],"replies":[{"embeddable":true,"href":"https:\/\/www.oudadl.testontwikkeling.nl\/de\/wp-json\/wp\/v2\/comments?post=56062"}],"wp:featuredmedia":[{"embeddable":true,"href":"https:\/\/www.oudadl.testontwikkeling.nl\/de\/wp-json\/wp\/v2\/media\/56785"}],"wp:attachment":[{"href":"https:\/\/www.oudadl.testontwikkeling.nl\/de\/wp-json\/wp\/v2\/media?parent=56062"}],"wp:term":[{"taxonomy":"product_brand","embeddable":true,"href":"https:\/\/www.oudadl.testontwikkeling.nl\/de\/wp-json\/wp\/v2\/product_brand?post=56062"},{"taxonomy":"product_cat","embeddable":true,"href":"https:\/\/www.oudadl.testontwikkeling.nl\/de\/wp-json\/wp\/v2\/product_cat?post=56062"},{"taxonomy":"product_tag","embeddable":true,"href":"https:\/\/www.oudadl.testontwikkeling.nl\/de\/wp-json\/wp\/v2\/product_tag?post=56062"}],"curies":[{"name":"wp","href":"https:\/\/api.w.org\/{rel}","templated":true}]}}