{"id":55439,"date":"2025-02-20T12:25:56","date_gmt":"2025-02-20T11:25:56","guid":{"rendered":"https:\/\/www.oudadl.testontwikkeling.nl\/?post_type=product&#038;p=55439"},"modified":"2025-11-28T10:25:49","modified_gmt":"2025-11-28T09:25:49","slug":"strands-siberia-xp-red-tiger-12-inch","status":"publish","type":"product","link":"https:\/\/www.oudadl.testontwikkeling.nl\/de\/product\/strands-siberia-xp-red-tiger-12-inch\/","title":{"rendered":"Strands Siberia XP Red Tiger - 12 Zoll"},"content":{"rendered":"<p><span style=\"color: #000000\"><strong>Strands Siberia XP RED TIGER 12 Zoll LED bar, f\u00fcr 12 und 24 Volt.\u00a0<\/strong><\/span><\/p>\n<p><span style=\"color: #000000\">Sie suchen einen LED bar, der nicht nur kraftvolles Licht im Dunkeln spendet, sondern Ihrem Fahrzeug auch eine einzigartige Optik verleiht? Dann ist das Strands Siberia XP Red Tiger 12 Zoll eine ausgezeichnete Wahl. Dieses robuste LED bar liefert satte 6400 Lumen helles wei\u00dfes Licht mit einer beeindruckenden Reichweite von 248 Metern. Ideal f\u00fcr Situationen, in denen gute Sicht unerl\u00e4sslich ist. Egal ob bei Arbeiten im Dunkeln, Rangieren auf der Baustelle oder Fahrten im Gel\u00e4nde. Das Besondere an diesem LED bar ist das doppelte Positionslicht: Sie k\u00f6nnen zwischen einem kr\u00e4ftigen roten oder orangefarbenen (bernsteinfarbenen) Leuchten w\u00e4hlen. Dies sorgt nicht nur f\u00fcr zus\u00e4tzliche Sichtbarkeit, sondern verleiht Ihrem Lkw, Gel\u00e4ndewagen oder Arbeitsfahrzeug auch ein markantes und unverwechselbares Aussehen.<\/span><\/p>\n<p><span style=\"color: #000000\">Der Siberia XP Red Tiger wurde im Hinblick auf Langlebigkeit entwickelt. Das Geh\u00e4use des ledig ist vollst\u00e4ndig staub- und wasserdicht (IP68 und IP69K) und verf\u00fcgt zudem \u00fcber eine neue, verschlei\u00dffeste Beschichtung, die rauen Bedingungen wie Schmutz, Salz, Schlamm und Vibrationen standh\u00e4lt. Die Lampe funktioniert mit 12 und 24 Volt und ist somit f\u00fcr viele Fahrzeuge geeignet. Von LKWs und Gel\u00e4ndefahrzeugen bis hin zu Landmaschinen und Baggern. Dank des langen und breiten Lichtmusters erhalten Sie einen optimalen \u00dcberblick \u00fcber gro\u00dfe Fl\u00e4chen und k\u00f6nnen auf einen Blick erkennen, was vor Ihnen passiert. Dar\u00fcber hinaus wird der LED bar mit zwei Arten von Montagehalterungen aus Edelstahl und einem DT4-Anschluss f\u00fcr eine zuverl\u00e4ssige und einfache Installation geliefert.<\/span><\/p>\n<h5><span style=\"color: #000000\"><strong>Abmessungen:<\/strong><\/span><\/h5>\n<p><span style=\"color: #000000\">Bevor Sie mit der Montage beginnen, m\u00f6chten Sie nat\u00fcrlich sicherstellen, dass dieser LED bar passt. Nachfolgend finden Sie die Abmessungen des Siberia XP Red Tiger 12 Zoll:\u00a0<\/span><\/p>\n<ul>\n<li><span style=\"color: #000000\">H\u00f6he: 76 mm (89 mm einschlie\u00dflich Montage)<\/span><\/li>\n<li><span style=\"color: #000000\">Breite: 307 mm<\/span><\/li>\n<li><span style=\"color: #000000\">Dicke: 71,5 mm<\/span><\/li>\n<\/ul>\n<h5><span style=\"color: #000000\"><strong>Andere Abmessungen:\u00a0<\/strong><\/span><\/h5>\n<p><span style=\"color: #000000\">Suchen Sie immer noch nach etwas anderem? Die Siberia XP-Serie besteht aus mehreren Varianten. Vielleicht entspricht eine andere Gr\u00f6\u00dfe oder ein anderes Modell besser Ihren Anforderungen. Schauen Sie sich auch die folgenden Versionen aus der XP-Reihe an:<\/span><\/p>\n<ul>\n<li><span style=\"color: #000000\"><strong><a style=\"color: #000000\" href=\"https:\/\/www.oudadl.testontwikkeling.nl\/de\/produkt\/strands-siberia-xp-red-panda\/\">Siberia XP RED PANDA<\/a><\/strong><\/span><\/li>\n<li><span style=\"color: #000000\"><strong><a style=\"color: #000000\" href=\"https:\/\/www.oudadl.testontwikkeling.nl\/de\/produkt\/strands-siberia-xp-red-fox\/\">Siberia XP RED FOX<\/a><\/strong><\/span><\/li>\n<li><span style=\"color: #000000\"><a style=\"color: #000000\" href=\"https:\/\/www.oudadl.testontwikkeling.nl\/de\/produkt\/strands-siberia-xp-heat-werklamp\/\"><strong>Siberia XP HEAT<\/strong><\/a><\/span><\/li>\n<li><span style=\"color: #000000\"><strong><a style=\"color: #000000\" href=\"https:\/\/www.oudadl.testontwikkeling.nl\/de\/produkt\/strands-siberia-xp-qube\/\">Siberia XP QUBE<\/a><\/strong><\/span><\/li>\n<\/ul>\n<p><span style=\"color: #000000\">Ist der Red Tiger 12 Zoll in puncto Gr\u00f6\u00dfe, Optik oder Lichtmuster nicht ganz das, was Sie suchen? Kein Problem. Sehen Sie sich unser komplettes <a style=\"color: #000000\" href=\"https:\/\/www.oudadl.testontwikkeling.nl\/de\/merk\/produkt-strands-beleuchtungsabteilung\/\" target=\"_blank\" rel=\"noopener\">Strands<\/a>\u00a0Sammlung oder durchsuchen Sie alle <a style=\"color: #000000\" href=\"https:\/\/www.oudadl.testontwikkeling.nl\/de\/produkt-kategorie\/scheinwerfer\/led-bar\/\">LED bars<\/a> in unserem Sortiment. Die Chancen stehen gut, dass die perfekte Lampe f\u00fcr Ihren LKW oder Ihr Arbeitsfahrzeug darunter ist.<\/span><\/p>","protected":false},"excerpt":{"rendered":"<p>Strands Siberia XP RED TIGER 12 inch LED bar, voor 12 en 24 volt.\u00a0 Zoek je een LED bar die niet alleen zorgt voor krachtig licht in het donker, maar ook jouw voertuig een unieke uitstraling geeft? Dan is de Strands Siberia XP Red Tiger 12 inch een uitstekende keuze. Deze robuuste LED bar levert [&hellip;]<\/p>\n","protected":false},"featured_media":55830,"comment_status":"open","ping_status":"closed","template":"","meta":{"_acf_changed":false,"site-sidebar-layout":"default","site-content-layout":"default","ast-site-content-layout":"default","site-content-style":"default","site-sidebar-style":"default","ast-global-header-display":"","ast-banner-title-visibility":"","ast-main-header-display":"","ast-hfb-above-header-display":"","ast-hfb-below-header-display":"","ast-hfb-mobile-header-display":"","site-post-title":"","ast-breadcrumbs-content":"","ast-featured-img":"","footer-sml-layout":"","ast-disable-related-posts":"","theme-transparent-header-meta":"default","adv-header-id-meta":"","stick-header-meta":"","header-above-stick-meta":"","header-main-stick-meta":"","header-below-stick-meta":"","astra-migrate-meta-layouts":"set","ast-page-background-enabled":"default","ast-page-background-meta":{"desktop":{"background-color":"","background-image":"","background-repeat":"repeat","background-position":"center center","background-size":"auto","background-attachment":"scroll","background-type":"","background-media":"","overlay-type":"","overlay-color":"","overlay-opacity":"","overlay-gradient":""},"tablet":{"background-color":"","background-image":"","background-repeat":"repeat","background-position":"center center","background-size":"auto","background-attachment":"scroll","background-type":"","background-media":"","overlay-type":"","overlay-color":"","overlay-opacity":"","overlay-gradient":""},"mobile":{"background-color":"","background-image":"","background-repeat":"repeat","background-position":"center center","background-size":"auto","background-attachment":"scroll","background-type":"","background-media":"","overlay-type":"","overlay-color":"","overlay-opacity":"","overlay-gradient":""}},"ast-content-background-meta":{"desktop":{"background-color":"var(--ast-global-color-5)","background-image":"","background-repeat":"repeat","background-position":"center center","background-size":"auto","background-attachment":"scroll","background-type":"","background-media":"","overlay-type":"","overlay-color":"","overlay-opacity":"","overlay-gradient":""},"tablet":{"background-color":"var(--ast-global-color-5)","background-image":"","background-repeat":"repeat","background-position":"center center","background-size":"auto","background-attachment":"scroll","background-type":"","background-media":"","overlay-type":"","overlay-color":"","overlay-opacity":"","overlay-gradient":""},"mobile":{"background-color":"var(--ast-global-color-5)","background-image":"","background-repeat":"repeat","background-position":"center center","background-size":"auto","background-attachment":"scroll","background-type":"","background-media":"","overlay-type":"","overlay-color":"","overlay-opacity":"","overlay-gradient":""}}},"product_brand":[],"product_cat":[7964,7258],"product_tag":[3786,3789,3788,5817,5822,5823,5824,5825,5821,373,2426,3787,2427,6550,6551],"class_list":{"0":"post-55439","1":"product","2":"type-product","3":"status-publish","4":"has-post-thumbnail","6":"product_cat-led-bar","7":"product_cat-strands-siberia","8":"product_tag-led-bar","9":"product_tag-led-bar-auto","10":"product_tag-led-bar-vrachtwagen","11":"product_tag-led-verstraler","12":"product_tag-led-verstraler-auto","13":"product_tag-led-verstraler-camper","14":"product_tag-led-verstraler-pickup","15":"product_tag-led-verstraler-tractor","16":"product_tag-led-verstraler-vrachtwagen","17":"product_tag-led-werklamp","18":"product_tag-strands-led-verlichting","19":"product_tag-strands-werklamp","20":"product_tag-strands-lighting-division","21":"product_tag-strands-siberia-led-bar","22":"product_tag-strands-siberia-verstraler","23":"pa_merkk-product-strands-lighting-division","24":"desktop-align-left","25":"tablet-align-left","26":"mobile-align-left","28":"first","29":"instock","30":"taxable","31":"shipping-taxable","32":"purchasable","33":"product-type-simple"},"acf":[],"yoast_head":"<!-- This site is optimized with the Yoast SEO Premium plugin v25.9 (Yoast SEO v27.6) - https:\/\/yoast.com\/product\/yoast-seo-premium-wordpress\/ -->\n<title>Siberia XP Red Tiger 12 inch - LED bar - All Day Led - 12&amp;24V<\/title>\n<meta name=\"description\" content=\"Siberia XP Red Tiger 12 inch led bar - voor vrachtwagen, 4x4 off road, en meer - rood en oranje LED positielicht - 6400 Lumen - 1 lux @ 248m\" \/>\n<meta name=\"robots\" content=\"noindex, follow, max-snippet:-1, max-image-preview:large, max-video-preview:-1\" \/>\n<meta property=\"og:locale\" content=\"de_DE\" \/>\n<meta property=\"og:type\" content=\"article\" \/>\n<meta property=\"og:title\" content=\"Siberia XP Red Tiger 12 inch - LED bar - All Day Led - 12&amp;24V\" \/>\n<meta property=\"og:description\" content=\"Siberia XP Red Tiger 12 inch led bar - voor vrachtwagen, 4x4 off road, en meer - rood en oranje LED positielicht - 6400 Lumen - 1 lux @ 248m\" \/>\n<meta property=\"og:url\" content=\"https:\/\/www.oudadl.testontwikkeling.nl\/de\/produkt\/strands-siberia-xp-red-tiger-12-inch\/\" \/>\n<meta property=\"og:site_name\" content=\"All Day Led\" \/>\n<meta property=\"article:publisher\" content=\"https:\/\/www.facebook.com\/alldayled\/\" \/>\n<meta property=\"article:modified_time\" content=\"2025-11-28T09:25:49+00:00\" \/>\n<meta property=\"og:image\" content=\"https:\/\/www.oudadl.testontwikkeling.nl\/wp-content\/uploads\/2025\/02\/ADL809281-SM-2.png\" \/>\n\t<meta property=\"og:image:width\" content=\"800\" \/>\n\t<meta property=\"og:image:height\" content=\"800\" \/>\n\t<meta property=\"og:image:type\" content=\"image\/png\" \/>\n<meta name=\"twitter:label1\" content=\"Preis\" \/>\n\t<meta name=\"twitter:data1\" content=\"&euro;199,00\" \/>\n\t<meta name=\"twitter:label2\" content=\"Verf\u00fcgbarkeit\" \/>\n\t<meta name=\"twitter:data2\" content=\"Auf Lager\" \/>\n<script type=\"application\/ld+json\" class=\"yoast-schema-graph\">{\"@context\":\"https:\\\/\\\/schema.org\",\"@graph\":[{\"@type\":\"WebPage\",\"@id\":\"https:\\\/\\\/www.oudadl.testontwikkeling.nl\\\/product\\\/strands-siberia-xp-red-tiger-12-inch\\\/\",\"url\":\"https:\\\/\\\/www.oudadl.testontwikkeling.nl\\\/product\\\/strands-siberia-xp-red-tiger-12-inch\\\/\",\"name\":\"Siberia XP Red Tiger 12 inch - LED bar - All Day Led - 12&24V\",\"isPartOf\":{\"@id\":\"https:\\\/\\\/www.oudadl.testontwikkeling.nl\\\/#website\"},\"primaryImageOfPage\":{\"@id\":\"https:\\\/\\\/www.oudadl.testontwikkeling.nl\\\/product\\\/strands-siberia-xp-red-tiger-12-inch\\\/#primaryimage\"},\"image\":{\"@id\":\"https:\\\/\\\/www.oudadl.testontwikkeling.nl\\\/product\\\/strands-siberia-xp-red-tiger-12-inch\\\/#primaryimage\"},\"thumbnailUrl\":\"https:\\\/\\\/www.oudadl.testontwikkeling.nl\\\/wp-content\\\/uploads\\\/2025\\\/02\\\/ADL809281.png\",\"datePublished\":\"2025-02-20T11:25:56+00:00\",\"dateModified\":\"2025-11-28T09:25:49+00:00\",\"description\":\"Siberia XP Red Tiger 12 inch led bar - voor vrachtwagen, 4x4 off road, en meer - rood en oranje LED positielicht - 6400 Lumen - 1 lux @ 248m\",\"breadcrumb\":{\"@id\":\"https:\\\/\\\/www.oudadl.testontwikkeling.nl\\\/product\\\/strands-siberia-xp-red-tiger-12-inch\\\/#breadcrumb\"},\"inLanguage\":\"de\",\"potentialAction\":[{\"@type\":\"ReadAction\",\"target\":[\"https:\\\/\\\/www.oudadl.testontwikkeling.nl\\\/product\\\/strands-siberia-xp-red-tiger-12-inch\\\/\"]}]},{\"@type\":\"ImageObject\",\"inLanguage\":\"de\",\"@id\":\"https:\\\/\\\/www.oudadl.testontwikkeling.nl\\\/product\\\/strands-siberia-xp-red-tiger-12-inch\\\/#primaryimage\",\"url\":\"https:\\\/\\\/www.oudadl.testontwikkeling.nl\\\/wp-content\\\/uploads\\\/2025\\\/02\\\/ADL809281.png\",\"contentUrl\":\"https:\\\/\\\/www.oudadl.testontwikkeling.nl\\\/wp-content\\\/uploads\\\/2025\\\/02\\\/ADL809281.png\",\"width\":800,\"height\":600,\"caption\":\"Strands 12 inch - LED bar - 809281 - 6400 lumen - EAN: 7323030193515 - standlicht oranje en rood\"},{\"@type\":\"BreadcrumbList\",\"@id\":\"https:\\\/\\\/www.oudadl.testontwikkeling.nl\\\/product\\\/strands-siberia-xp-red-tiger-12-inch\\\/#breadcrumb\",\"itemListElement\":[{\"@type\":\"ListItem\",\"position\":1,\"name\":\"Home\",\"item\":\"https:\\\/\\\/www.oudadl.testontwikkeling.nl\\\/\"},{\"@type\":\"ListItem\",\"position\":2,\"name\":\"Shop\",\"item\":\"https:\\\/\\\/www.oudadl.testontwikkeling.nl\\\/de\\\/shop\\\/\"},{\"@type\":\"ListItem\",\"position\":3,\"name\":\"Verstralers\",\"item\":\"https:\\\/\\\/www.oudadl.testontwikkeling.nl\\\/product-categorie\\\/verstralers\\\/\"},{\"@type\":\"ListItem\",\"position\":4,\"name\":\"LED bar\",\"item\":\"https:\\\/\\\/www.oudadl.testontwikkeling.nl\\\/product-categorie\\\/verstralers\\\/led-bar\\\/\"},{\"@type\":\"ListItem\",\"position\":5,\"name\":\"Strands Siberia XP Red Tiger &#8211; 12 inch\"}]},{\"@type\":\"WebSite\",\"@id\":\"https:\\\/\\\/www.oudadl.testontwikkeling.nl\\\/#website\",\"url\":\"https:\\\/\\\/www.oudadl.testontwikkeling.nl\\\/\",\"name\":\"All Day Led\",\"description\":\"\",\"publisher\":{\"@id\":\"https:\\\/\\\/www.oudadl.testontwikkeling.nl\\\/#organization\"},\"potentialAction\":[{\"@type\":\"SearchAction\",\"target\":{\"@type\":\"EntryPoint\",\"urlTemplate\":\"https:\\\/\\\/www.oudadl.testontwikkeling.nl\\\/?s={search_term_string}\"},\"query-input\":{\"@type\":\"PropertyValueSpecification\",\"valueRequired\":true,\"valueName\":\"search_term_string\"}}],\"inLanguage\":\"de\"},{\"@type\":\"Organization\",\"@id\":\"https:\\\/\\\/www.oudadl.testontwikkeling.nl\\\/#organization\",\"name\":\"All Day Led\",\"url\":\"https:\\\/\\\/www.oudadl.testontwikkeling.nl\\\/\",\"logo\":{\"@type\":\"ImageObject\",\"inLanguage\":\"de\",\"@id\":\"https:\\\/\\\/www.oudadl.testontwikkeling.nl\\\/#\\\/schema\\\/logo\\\/image\\\/\",\"url\":\"https:\\\/\\\/www.oudadl.testontwikkeling.nl\\\/wp-content\\\/uploads\\\/2022\\\/08\\\/Logo-ALL-DAY-LED-800x800-zwart-witte-letters.png\",\"contentUrl\":\"https:\\\/\\\/www.oudadl.testontwikkeling.nl\\\/wp-content\\\/uploads\\\/2022\\\/08\\\/Logo-ALL-DAY-LED-800x800-zwart-witte-letters.png\",\"width\":800,\"height\":800,\"caption\":\"All Day Led\"},\"image\":{\"@id\":\"https:\\\/\\\/www.oudadl.testontwikkeling.nl\\\/#\\\/schema\\\/logo\\\/image\\\/\"},\"sameAs\":[\"https:\\\/\\\/www.facebook.com\\\/alldayled\\\/\",\"https:\\\/\\\/www.instagram.com\\\/alldayled\\\/\"],\"vatID\":\"NL863960133B01\",\"taxID\":\"86416545\",\"hasMerchantReturnPolicy\":{\"@type\":\"MerchantReturnPolicy\",\"merchantReturnLink\":\"https:\\\/\\\/www.oudadl.testontwikkeling.nl\\\/de\\\/verzenden-retourneren\\\/\"}}]}<\/script>\n<meta property=\"product:brand\" content=\"Strands\" \/>\n<meta property=\"product:price:amount\" content=\"199.00\" \/>\n<meta property=\"product:price:currency\" content=\"EUR\" \/>\n<meta property=\"og:availability\" content=\"instock\" \/>\n<meta property=\"product:availability\" content=\"instock\" \/>\n<meta property=\"product:retailer_item_id\" content=\"ADL809281\" \/>\n<meta property=\"product:condition\" content=\"new\" \/>\n<!-- \/ Yoast SEO Premium plugin. -->","yoast_head_json":{"title":"Siberia XP Red Tiger 12 Zoll - LED bar - All Day Led - 12&amp;24V","description":"Siberia XP Red Tiger 12 Zoll led-Leiste \u2013 f\u00fcr LKW, 4x4-Gel\u00e4ndewagen und mehr \u2013 ROT und ORANGE LED Standlicht  \u2013 6400 Lumen \u2013 1 Lux @ 248 m","robots":{"index":"noindex","follow":"follow","max-snippet":"max-snippet:-1","max-image-preview":"max-image-preview:large","max-video-preview":"max-video-preview:-1"},"og_locale":"de_DE","og_type":"article","og_title":"Siberia XP Red Tiger 12 inch - LED bar - All Day Led - 12&24V","og_description":"Siberia XP Red Tiger 12 inch led bar - voor vrachtwagen, 4x4 off road, en meer - rood en oranje LED positielicht - 6400 Lumen - 1 lux @ 248m","og_url":"https:\/\/www.oudadl.testontwikkeling.nl\/de\/produkt\/strands-siberia-xp-red-tiger-12-inch\/","og_site_name":"All Day Led","article_publisher":"https:\/\/www.facebook.com\/alldayled\/","article_modified_time":"2025-11-28T09:25:49+00:00","og_image":[{"width":800,"height":800,"url":"https:\/\/www.oudadl.testontwikkeling.nl\/wp-content\/uploads\/2025\/02\/ADL809281-SM-2.png","type":"image\/png"}],"twitter_misc":{"Preis":"&euro;199,00","Verf\u00fcgbarkeit":"Auf Lager"},"schema":{"@context":"https:\/\/schema.org","@graph":[{"@type":"WebPage","@id":"https:\/\/www.oudadl.testontwikkeling.nl\/product\/strands-siberia-xp-red-tiger-12-inch\/","url":"https:\/\/www.oudadl.testontwikkeling.nl\/product\/strands-siberia-xp-red-tiger-12-inch\/","name":"Siberia XP Red Tiger 12 Zoll - LED bar - All Day Led - 12&amp;24V","isPartOf":{"@id":"https:\/\/www.oudadl.testontwikkeling.nl\/#website"},"primaryImageOfPage":{"@id":"https:\/\/www.oudadl.testontwikkeling.nl\/product\/strands-siberia-xp-red-tiger-12-inch\/#primaryimage"},"image":{"@id":"https:\/\/www.oudadl.testontwikkeling.nl\/product\/strands-siberia-xp-red-tiger-12-inch\/#primaryimage"},"thumbnailUrl":"https:\/\/www.oudadl.testontwikkeling.nl\/wp-content\/uploads\/2025\/02\/ADL809281.png","datePublished":"2025-02-20T11:25:56+00:00","dateModified":"2025-11-28T09:25:49+00:00","description":"Siberia XP Red Tiger 12 Zoll led-Leiste \u2013 f\u00fcr LKW, 4x4-Gel\u00e4ndewagen und mehr \u2013 ROT und ORANGE LED Standlicht  \u2013 6400 Lumen \u2013 1 Lux @ 248 m","breadcrumb":{"@id":"https:\/\/www.oudadl.testontwikkeling.nl\/product\/strands-siberia-xp-red-tiger-12-inch\/#breadcrumb"},"inLanguage":"de","potentialAction":[{"@type":"ReadAction","target":["https:\/\/www.oudadl.testontwikkeling.nl\/product\/strands-siberia-xp-red-tiger-12-inch\/"]}]},{"@type":"ImageObject","inLanguage":"de","@id":"https:\/\/www.oudadl.testontwikkeling.nl\/product\/strands-siberia-xp-red-tiger-12-inch\/#primaryimage","url":"https:\/\/www.oudadl.testontwikkeling.nl\/wp-content\/uploads\/2025\/02\/ADL809281.png","contentUrl":"https:\/\/www.oudadl.testontwikkeling.nl\/wp-content\/uploads\/2025\/02\/ADL809281.png","width":800,"height":600,"caption":"Strands 12 inch - LED bar - 809281 - 6400 lumen - EAN: 7323030193515 - standlicht oranje en rood"},{"@type":"BreadcrumbList","@id":"https:\/\/www.oudadl.testontwikkeling.nl\/product\/strands-siberia-xp-red-tiger-12-inch\/#breadcrumb","itemListElement":[{"@type":"ListItem","position":1,"name":"Home","item":"https:\/\/www.oudadl.testontwikkeling.nl\/"},{"@type":"ListItem","position":2,"name":"Shop","item":"https:\/\/www.oudadl.testontwikkeling.nl\/de\/shop\/"},{"@type":"ListItem","position":3,"name":"Verstralers","item":"https:\/\/www.oudadl.testontwikkeling.nl\/product-categorie\/verstralers\/"},{"@type":"ListItem","position":4,"name":"LED bar","item":"https:\/\/www.oudadl.testontwikkeling.nl\/product-categorie\/verstralers\/led-bar\/"},{"@type":"ListItem","position":5,"name":"Strands Siberia XP Red Tiger &#8211; 12 inch"}]},{"@type":"WebSite","@id":"https:\/\/www.oudadl.testontwikkeling.nl\/#website","url":"https:\/\/www.oudadl.testontwikkeling.nl\/","name":"All Day Led","description":"","publisher":{"@id":"https:\/\/www.oudadl.testontwikkeling.nl\/#organization"},"potentialAction":[{"@type":"SearchAction","target":{"@type":"EntryPoint","urlTemplate":"https:\/\/www.oudadl.testontwikkeling.nl\/?s={search_term_string}"},"query-input":{"@type":"PropertyValueSpecification","valueRequired":true,"valueName":"search_term_string"}}],"inLanguage":"de"},{"@type":"Organization","@id":"https:\/\/www.oudadl.testontwikkeling.nl\/#organization","name":"All Day Led","url":"https:\/\/www.oudadl.testontwikkeling.nl\/","logo":{"@type":"ImageObject","inLanguage":"de","@id":"https:\/\/www.oudadl.testontwikkeling.nl\/#\/schema\/logo\/image\/","url":"https:\/\/www.oudadl.testontwikkeling.nl\/wp-content\/uploads\/2022\/08\/Logo-ALL-DAY-LED-800x800-zwart-witte-letters.png","contentUrl":"https:\/\/www.oudadl.testontwikkeling.nl\/wp-content\/uploads\/2022\/08\/Logo-ALL-DAY-LED-800x800-zwart-witte-letters.png","width":800,"height":800,"caption":"All Day Led"},"image":{"@id":"https:\/\/www.oudadl.testontwikkeling.nl\/#\/schema\/logo\/image\/"},"sameAs":["https:\/\/www.facebook.com\/alldayled\/","https:\/\/www.instagram.com\/alldayled\/"],"vatID":"NL863960133B01","taxID":"86416545","hasMerchantReturnPolicy":{"@type":"MerchantReturnPolicy","merchantReturnLink":"https:\/\/www.oudadl.testontwikkeling.nl\/de\/verzenden-retourneren\/"}}]},"product_brand":"Strands","product_price_amount":"199.00","product_price_currency":"EUR","og_availability":"instock","product_availability":"instock","product_retailer_item_id":"ADL809281","product_condition":"new"},"_links":{"self":[{"href":"https:\/\/www.oudadl.testontwikkeling.nl\/de\/wp-json\/wp\/v2\/product\/55439","targetHints":{"allow":["GET"]}}],"collection":[{"href":"https:\/\/www.oudadl.testontwikkeling.nl\/de\/wp-json\/wp\/v2\/product"}],"about":[{"href":"https:\/\/www.oudadl.testontwikkeling.nl\/de\/wp-json\/wp\/v2\/types\/product"}],"replies":[{"embeddable":true,"href":"https:\/\/www.oudadl.testontwikkeling.nl\/de\/wp-json\/wp\/v2\/comments?post=55439"}],"wp:featuredmedia":[{"embeddable":true,"href":"https:\/\/www.oudadl.testontwikkeling.nl\/de\/wp-json\/wp\/v2\/media\/55830"}],"wp:attachment":[{"href":"https:\/\/www.oudadl.testontwikkeling.nl\/de\/wp-json\/wp\/v2\/media?parent=55439"}],"wp:term":[{"taxonomy":"product_brand","embeddable":true,"href":"https:\/\/www.oudadl.testontwikkeling.nl\/de\/wp-json\/wp\/v2\/product_brand?post=55439"},{"taxonomy":"product_cat","embeddable":true,"href":"https:\/\/www.oudadl.testontwikkeling.nl\/de\/wp-json\/wp\/v2\/product_cat?post=55439"},{"taxonomy":"product_tag","embeddable":true,"href":"https:\/\/www.oudadl.testontwikkeling.nl\/de\/wp-json\/wp\/v2\/product_tag?post=55439"}],"curies":[{"name":"wp","href":"https:\/\/api.w.org\/{rel}","templated":true}]}}