{"id":54919,"date":"2025-03-04T11:35:28","date_gmt":"2025-03-04T10:35:28","guid":{"rendered":"https:\/\/www.oudadl.testontwikkeling.nl\/?post_type=product&#038;p=54919"},"modified":"2025-12-05T07:27:52","modified_gmt":"2025-12-05T06:27:52","slug":"strands-siberia-xp-driving-light-9","status":"publish","type":"product","link":"https:\/\/www.oudadl.testontwikkeling.nl\/de\/product\/strands-siberia-xp-driving-light-9\/","title":{"rendered":"Strands Siberia XP driving light 9\u201d"},"content":{"rendered":"<p><span style=\"color: #000000\"><strong>Strands Siberia XP driving light 9\u201d, f\u00fcr 12 und 24 Volt.\u00a0<\/strong><\/span><\/p>\n<p><span style=\"color: #000000\">Sie w\u00fcnschen sich maximale Sichtbarkeit und ein einzigartiges Design f\u00fcr Ihren LKW, Gel\u00e4ndewagen oder Ihr Arbeitsfahrzeug? Dann ist das Strands Siberia XP driving light 9\u201d der Scheinwerfer, den Sie suchen. Mit satten 15.030 Lumen im Xperience-Modus und einer Reichweite von \u00fcber 700 Metern \u00fcberl\u00e4sst diese LED-Lampe nichts dem Zufall. Auch im E-Modus \u00fcberzeugt er mit beeindruckender Leistung, sodass Sie jederzeit sicher und komfortabel auf die Stra\u00dfe kommen oder von dort abfahren k\u00f6nnen.<\/span><\/p>\n<p><span style=\"color: #000000\">Das Besondere an diesem Scheinwerfer ist die duale wei\u00df-gelbe Positionslichtfunktion und die verspielte Hello-Funktion. Wenn Sie Ihr Licht einschalten, begr\u00fc\u00dft Sie die Lampe mit einem dezenten Blinkmuster. Ein Detail, das sofort Atmosph\u00e4re schafft, ohne Kompromisse bei der Funktionalit\u00e4t einzugehen. Ein kurzes Aufblitzen des Fernlichts gen\u00fcgt, die Hello-Funktion reagiert sofort mit einem auff\u00e4lligen Lichtmuster. Eine clevere und stilvolle Art, unterwegs Hallo zu sagen! Das Strands Siberia XP Driving Light 9\u2033 ist mit einem DT-4 Anschluss ausgestattet und verf\u00fcgt \u00fcber ein 15 Zentimeter langes Anschlusskabel. Dank seines robusten Aluminiumgeh\u00e4uses, der kratzfesten Linse und der Schutzart IP68\/IP69K ist es vollst\u00e4ndig wasser- und staubdicht. Ideal f\u00fcr raue Bedingungen, vom n\u00e4chtlichen Einsatz auf der Autobahn bis hin zu schlammigen Baustellen. Die Pulverbeschichtung sorgt zudem f\u00fcr eine lange Lebensdauer, auch bei t\u00e4glicher Beanspruchung.<\/span><\/p>\n<h5><span style=\"color: #000000\"><strong>Abmessungen:<\/strong><\/span><\/h5>\n<p><span style=\"color: #000000\">Sie m\u00f6chten sicher sein, dass der Siberia XP Driving Light 9 Zoll Scheinwerfer perfekt zu Ihrem Fahrzeug passt? Dann kommt es nat\u00fcrlich auf die Ma\u00dfe an. Deshalb haben wir im Folgenden die genauen Gr\u00f6\u00dfen f\u00fcr Sie aufgelistet:<\/span><\/p>\n<ul>\n<li><span style=\"color: #000000\">H\u00f6he: 228,6 (244,4 mm inkl. Halter)<\/span><\/li>\n<li><span style=\"color: #000000\">Durchmesser: 228,6 mm<\/span><\/li>\n<li><span style=\"color: #000000\">Dicke: 86,7 mm<\/span><\/li>\n<\/ul>\n<h5><span style=\"color: #000000\"><strong>Andere Versionen:\u00a0<\/strong><\/span><\/h5>\n<p><span style=\"color: #000000\">Sie suchen einen LED-Scheinwerfer oder einen Strands-Scheinwerfer, aber der Strands Siberia XP driving light  Zoll ist nicht ganz das, was Sie brauchen? Keine Sorge, dieses Modell ist auch in einer kleineren Version erh\u00e4ltlich. So k\u00f6nnen Sie ganz einfach die Variante ausw\u00e4hlen, die am besten zu Ihrem Fahrzeug und Ihren Bed\u00fcrfnissen passt.<\/span><\/p>\n<ul>\n<li><a href=\"https:\/\/www.oudadl.testontwikkeling.nl\/de\/produkt\/strands-siberia-xp-driving-light-7\/\"><span style=\"color: #000000\"><strong>Strands Siberia XP Driving Light 7\u2033<\/strong><\/span><\/a><\/li>\n<\/ul>\n<div class=\"truncated\">\n<p><span style=\"color: #000000\">Sind Sie nach dem Lesen der Informationen immer noch nicht \u00fcberzeugt, dass der Siberia XP Driving Light 9 Zoll Scheinwerfer die richtige Wahl f\u00fcr Sie ist? Vielleicht, weil Lichtleistung, Wattzahl oder Design nicht ganz Ihren W\u00fcnschen entsprechen. Kein Problem! Dann schau dir unseren Volledige an <a style=\"color: #000000\" href=\"https:\/\/www.oudadl.testontwikkeling.nl\/de\/merk\/produkt-strands-beleuchtungsabteilung\/\" target=\"_blank\" rel=\"noopener\">Strands<\/a>\u00a0Sortiment. Vielleicht finden Sie dort genau das passende Modell f\u00fcr Ihr Fahrzeug.<\/span><\/p>\n<\/div>","protected":false},"excerpt":{"rendered":"<p>Strands Siberia XP Driving Light 9&#8243;, voor 12 en 24 volt.\u00a0 Wil je maximale zichtbaarheid \u00e9n een uniek design voor op je vrachtwagen, terreinwagen of werkvoertuig? Dan is de Strands Siberia XP Driving Light 9&#8243; d\u00e9 verstraler die je zoekt. Met maar liefst 15.030 lumen in Xperience-modus en een bereik van meer dan 700 meter, [&hellip;]<\/p>\n","protected":false},"featured_media":56517,"comment_status":"open","ping_status":"closed","template":"","meta":{"_acf_changed":false,"site-sidebar-layout":"default","site-content-layout":"default","ast-site-content-layout":"default","site-content-style":"default","site-sidebar-style":"default","ast-global-header-display":"","ast-banner-title-visibility":"","ast-main-header-display":"","ast-hfb-above-header-display":"","ast-hfb-below-header-display":"","ast-hfb-mobile-header-display":"","site-post-title":"","ast-breadcrumbs-content":"","ast-featured-img":"","footer-sml-layout":"","ast-disable-related-posts":"","theme-transparent-header-meta":"default","adv-header-id-meta":"","stick-header-meta":"","header-above-stick-meta":"","header-main-stick-meta":"","header-below-stick-meta":"","astra-migrate-meta-layouts":"set","ast-page-background-enabled":"default","ast-page-background-meta":{"desktop":{"background-color":"","background-image":"","background-repeat":"repeat","background-position":"center center","background-size":"auto","background-attachment":"scroll","background-type":"","background-media":"","overlay-type":"","overlay-color":"","overlay-opacity":"","overlay-gradient":""},"tablet":{"background-color":"","background-image":"","background-repeat":"repeat","background-position":"center center","background-size":"auto","background-attachment":"scroll","background-type":"","background-media":"","overlay-type":"","overlay-color":"","overlay-opacity":"","overlay-gradient":""},"mobile":{"background-color":"","background-image":"","background-repeat":"repeat","background-position":"center center","background-size":"auto","background-attachment":"scroll","background-type":"","background-media":"","overlay-type":"","overlay-color":"","overlay-opacity":"","overlay-gradient":""}},"ast-content-background-meta":{"desktop":{"background-color":"var(--ast-global-color-5)","background-image":"","background-repeat":"repeat","background-position":"center center","background-size":"auto","background-attachment":"scroll","background-type":"","background-media":"","overlay-type":"","overlay-color":"","overlay-opacity":"","overlay-gradient":""},"tablet":{"background-color":"var(--ast-global-color-5)","background-image":"","background-repeat":"repeat","background-position":"center center","background-size":"auto","background-attachment":"scroll","background-type":"","background-media":"","overlay-type":"","overlay-color":"","overlay-opacity":"","overlay-gradient":""},"mobile":{"background-color":"var(--ast-global-color-5)","background-image":"","background-repeat":"repeat","background-position":"center center","background-size":"auto","background-attachment":"scroll","background-type":"","background-media":"","overlay-type":"","overlay-color":"","overlay-opacity":"","overlay-gradient":""}}},"product_brand":[],"product_cat":[7258,7962],"product_tag":[5822,5823,5824,5825,5821,2426,2427,6551,2465],"class_list":{"0":"post-54919","1":"product","2":"type-product","3":"status-publish","4":"has-post-thumbnail","6":"product_cat-strands-siberia","7":"product_cat-verstraler-rond","8":"product_tag-led-verstraler-auto","9":"product_tag-led-verstraler-camper","10":"product_tag-led-verstraler-pickup","11":"product_tag-led-verstraler-tractor","12":"product_tag-led-verstraler-vrachtwagen","13":"product_tag-strands-led-verlichting","14":"product_tag-strands-lighting-division","15":"product_tag-strands-siberia-verstraler","16":"product_tag-verstraler-met-stadslicht","17":"pa_merkk-product-strands-lighting-division","18":"desktop-align-left","19":"tablet-align-left","20":"mobile-align-left","22":"first","23":"instock","24":"taxable","25":"shipping-taxable","26":"purchasable","27":"product-type-simple"},"acf":[],"yoast_head":"<!-- This site is optimized with the Yoast SEO Premium plugin v25.9 (Yoast SEO v27.6) - https:\/\/yoast.com\/product\/yoast-seo-premium-wordpress\/ -->\n<title>Strands Siberia XP Driving Light 9&quot; - Verstraler - All Day Led - voor 12 &amp; 24 volt<\/title>\n<meta name=\"description\" content=\"Siberia XP Driving light 9 inch - Strands - geschikt voor 12&amp;24V - 15.030 Lumen! - verstraler met geel - wit standlicht - DT-4 aansluiting - ECE R148 \/ R149\" \/>\n<meta name=\"robots\" content=\"noindex, follow, max-snippet:-1, max-image-preview:large, max-video-preview:-1\" \/>\n<meta property=\"og:locale\" content=\"de_DE\" \/>\n<meta property=\"og:type\" content=\"article\" \/>\n<meta property=\"og:title\" content=\"Strands Siberia XP Driving Light 9&quot; - Verstraler - All Day Led - voor 12 &amp; 24 volt\" \/>\n<meta property=\"og:description\" content=\"Siberia XP Driving light 9 inch - Strands - geschikt voor 12&amp;24V - 15.030 Lumen! - verstraler met geel - wit standlicht - DT-4 aansluiting - ECE R148 \/ R149\" \/>\n<meta property=\"og:url\" content=\"https:\/\/www.oudadl.testontwikkeling.nl\/de\/produkt\/strands-siberia-xp-driving-light-9\/\" \/>\n<meta property=\"og:site_name\" content=\"All Day Led\" \/>\n<meta property=\"article:publisher\" content=\"https:\/\/www.facebook.com\/alldayled\/\" \/>\n<meta property=\"article:modified_time\" content=\"2025-12-05T06:27:52+00:00\" \/>\n<meta property=\"og:image\" content=\"https:\/\/www.oudadl.testontwikkeling.nl\/wp-content\/uploads\/2025\/04\/ADL270992-SM.png\" \/>\n\t<meta property=\"og:image:width\" content=\"800\" \/>\n\t<meta property=\"og:image:height\" content=\"800\" \/>\n\t<meta property=\"og:image:type\" content=\"image\/png\" \/>\n<meta name=\"twitter:label1\" content=\"Preis\" \/>\n\t<meta name=\"twitter:data1\" content=\"&euro;249,00\" \/>\n\t<meta name=\"twitter:label2\" content=\"Verf\u00fcgbarkeit\" \/>\n\t<meta name=\"twitter:data2\" content=\"Auf Lager\" \/>\n<script type=\"application\/ld+json\" class=\"yoast-schema-graph\">{\"@context\":\"https:\\\/\\\/schema.org\",\"@graph\":[{\"@type\":[\"WebPage\",\"ItemPage\"],\"@id\":\"https:\\\/\\\/www.oudadl.testontwikkeling.nl\\\/product\\\/strands-siberia-xp-driving-light-9\\\/\",\"url\":\"https:\\\/\\\/www.oudadl.testontwikkeling.nl\\\/product\\\/strands-siberia-xp-driving-light-9\\\/\",\"name\":\"Strands Siberia XP Driving Light 9\\\" - Verstraler - All Day Led - voor 12 & 24 volt\",\"isPartOf\":{\"@id\":\"https:\\\/\\\/www.oudadl.testontwikkeling.nl\\\/#website\"},\"primaryImageOfPage\":{\"@id\":\"https:\\\/\\\/www.oudadl.testontwikkeling.nl\\\/product\\\/strands-siberia-xp-driving-light-9\\\/#primaryimage\"},\"image\":{\"@id\":\"https:\\\/\\\/www.oudadl.testontwikkeling.nl\\\/product\\\/strands-siberia-xp-driving-light-9\\\/#primaryimage\"},\"thumbnailUrl\":\"https:\\\/\\\/www.oudadl.testontwikkeling.nl\\\/wp-content\\\/uploads\\\/2025\\\/04\\\/ADL270992.png\",\"datePublished\":\"2025-03-04T10:35:28+00:00\",\"dateModified\":\"2025-12-05T06:27:52+00:00\",\"description\":\"Siberia XP Driving light 9 inch - Strands - geschikt voor 12&24V - 15.030 Lumen! - verstraler met geel - wit standlicht - DT-4 aansluiting - ECE R148 \\\/ R149\",\"breadcrumb\":{\"@id\":\"https:\\\/\\\/www.oudadl.testontwikkeling.nl\\\/product\\\/strands-siberia-xp-driving-light-9\\\/#breadcrumb\"},\"inLanguage\":\"de\",\"potentialAction\":[{\"@type\":\"ReadAction\",\"target\":[\"https:\\\/\\\/www.oudadl.testontwikkeling.nl\\\/product\\\/strands-siberia-xp-driving-light-9\\\/\"]}]},{\"@type\":\"ImageObject\",\"inLanguage\":\"de\",\"@id\":\"https:\\\/\\\/www.oudadl.testontwikkeling.nl\\\/product\\\/strands-siberia-xp-driving-light-9\\\/#primaryimage\",\"url\":\"https:\\\/\\\/www.oudadl.testontwikkeling.nl\\\/wp-content\\\/uploads\\\/2025\\\/04\\\/ADL270992.png\",\"contentUrl\":\"https:\\\/\\\/www.oudadl.testontwikkeling.nl\\\/wp-content\\\/uploads\\\/2025\\\/04\\\/ADL270992.png\",\"width\":800,\"height\":600,\"caption\":\"Siberia XP Driving Light 9 inch verstraler - tweekleurig standlicht - geschikt voor 12 en \\\/ of 24 volt gebruik - Strands 270992 - 34 LED punten - EAN: 7323030193324\"},{\"@type\":\"BreadcrumbList\",\"@id\":\"https:\\\/\\\/www.oudadl.testontwikkeling.nl\\\/product\\\/strands-siberia-xp-driving-light-9\\\/#breadcrumb\",\"itemListElement\":[{\"@type\":\"ListItem\",\"position\":1,\"name\":\"Home\",\"item\":\"https:\\\/\\\/www.oudadl.testontwikkeling.nl\\\/\"},{\"@type\":\"ListItem\",\"position\":2,\"name\":\"Shop\",\"item\":\"https:\\\/\\\/www.oudadl.testontwikkeling.nl\\\/de\\\/shop\\\/\"},{\"@type\":\"ListItem\",\"position\":3,\"name\":\"Verstralers\",\"item\":\"https:\\\/\\\/www.oudadl.testontwikkeling.nl\\\/product-categorie\\\/verstralers\\\/\"},{\"@type\":\"ListItem\",\"position\":4,\"name\":\"Verstraler rond\",\"item\":\"https:\\\/\\\/www.oudadl.testontwikkeling.nl\\\/product-categorie\\\/verstralers\\\/verstraler-rond\\\/\"},{\"@type\":\"ListItem\",\"position\":5,\"name\":\"Strands Siberia XP driving light 9&#8221;\"}]},{\"@type\":\"WebSite\",\"@id\":\"https:\\\/\\\/www.oudadl.testontwikkeling.nl\\\/#website\",\"url\":\"https:\\\/\\\/www.oudadl.testontwikkeling.nl\\\/\",\"name\":\"All Day Led\",\"description\":\"\",\"publisher\":{\"@id\":\"https:\\\/\\\/www.oudadl.testontwikkeling.nl\\\/#organization\"},\"potentialAction\":[{\"@type\":\"SearchAction\",\"target\":{\"@type\":\"EntryPoint\",\"urlTemplate\":\"https:\\\/\\\/www.oudadl.testontwikkeling.nl\\\/?s={search_term_string}\"},\"query-input\":{\"@type\":\"PropertyValueSpecification\",\"valueRequired\":true,\"valueName\":\"search_term_string\"}}],\"inLanguage\":\"de\"},{\"@type\":\"Organization\",\"@id\":\"https:\\\/\\\/www.oudadl.testontwikkeling.nl\\\/#organization\",\"name\":\"All Day Led\",\"url\":\"https:\\\/\\\/www.oudadl.testontwikkeling.nl\\\/\",\"logo\":{\"@type\":\"ImageObject\",\"inLanguage\":\"de\",\"@id\":\"https:\\\/\\\/www.oudadl.testontwikkeling.nl\\\/#\\\/schema\\\/logo\\\/image\\\/\",\"url\":\"https:\\\/\\\/www.oudadl.testontwikkeling.nl\\\/wp-content\\\/uploads\\\/2022\\\/08\\\/Logo-ALL-DAY-LED-800x800-zwart-witte-letters.png\",\"contentUrl\":\"https:\\\/\\\/www.oudadl.testontwikkeling.nl\\\/wp-content\\\/uploads\\\/2022\\\/08\\\/Logo-ALL-DAY-LED-800x800-zwart-witte-letters.png\",\"width\":800,\"height\":800,\"caption\":\"All Day Led\"},\"image\":{\"@id\":\"https:\\\/\\\/www.oudadl.testontwikkeling.nl\\\/#\\\/schema\\\/logo\\\/image\\\/\"},\"sameAs\":[\"https:\\\/\\\/www.facebook.com\\\/alldayled\\\/\",\"https:\\\/\\\/www.instagram.com\\\/alldayled\\\/\"],\"vatID\":\"NL863960133B01\",\"taxID\":\"86416545\",\"hasMerchantReturnPolicy\":{\"@type\":\"MerchantReturnPolicy\",\"merchantReturnLink\":\"https:\\\/\\\/www.oudadl.testontwikkeling.nl\\\/de\\\/verzenden-retourneren\\\/\"}}]}<\/script>\n<meta property=\"product:brand\" content=\"Strands\" \/>\n<meta property=\"product:price:amount\" content=\"249.00\" \/>\n<meta property=\"product:price:currency\" content=\"EUR\" \/>\n<meta property=\"og:availability\" content=\"instock\" \/>\n<meta property=\"product:availability\" content=\"instock\" \/>\n<meta property=\"product:retailer_item_id\" content=\"ADL270992\" \/>\n<meta property=\"product:condition\" content=\"new\" \/>\n<!-- \/ Yoast SEO Premium plugin. -->","yoast_head_json":{"title":"Strands Siberia XP Driving Light 9\" - Scheinwerfer - All Day Led - f\u00fcr 12 &amp; 24 Volt","description":"Siberia XP Driving light 9 inch - Strands - passend f\u00fcr 12&amp;24V - 15.030 Lumen! - Scheinwerfer mit Gelb - Wei\u00df Standlicht - DT-4 Anschluss - ECE R148 \/ R149","robots":{"index":"noindex","follow":"follow","max-snippet":"max-snippet:-1","max-image-preview":"max-image-preview:large","max-video-preview":"max-video-preview:-1"},"og_locale":"de_DE","og_type":"article","og_title":"Strands Siberia XP Driving Light 9\" - Verstraler - All Day Led - voor 12 & 24 volt","og_description":"Siberia XP Driving light 9 inch - Strands - geschikt voor 12&24V - 15.030 Lumen! - verstraler met geel - wit standlicht - DT-4 aansluiting - ECE R148 \/ R149","og_url":"https:\/\/www.oudadl.testontwikkeling.nl\/de\/produkt\/strands-siberia-xp-driving-light-9\/","og_site_name":"All Day Led","article_publisher":"https:\/\/www.facebook.com\/alldayled\/","article_modified_time":"2025-12-05T06:27:52+00:00","og_image":[{"width":800,"height":800,"url":"https:\/\/www.oudadl.testontwikkeling.nl\/wp-content\/uploads\/2025\/04\/ADL270992-SM.png","type":"image\/png"}],"twitter_misc":{"Preis":"&euro;249,00","Verf\u00fcgbarkeit":"Auf Lager"},"schema":{"@context":"https:\/\/schema.org","@graph":[{"@type":["WebPage","ItemPage"],"@id":"https:\/\/www.oudadl.testontwikkeling.nl\/product\/strands-siberia-xp-driving-light-9\/","url":"https:\/\/www.oudadl.testontwikkeling.nl\/product\/strands-siberia-xp-driving-light-9\/","name":"Strands Siberia XP Driving Light 9\" - Scheinwerfer - All Day Led - f\u00fcr 12 &amp; 24 Volt","isPartOf":{"@id":"https:\/\/www.oudadl.testontwikkeling.nl\/#website"},"primaryImageOfPage":{"@id":"https:\/\/www.oudadl.testontwikkeling.nl\/product\/strands-siberia-xp-driving-light-9\/#primaryimage"},"image":{"@id":"https:\/\/www.oudadl.testontwikkeling.nl\/product\/strands-siberia-xp-driving-light-9\/#primaryimage"},"thumbnailUrl":"https:\/\/www.oudadl.testontwikkeling.nl\/wp-content\/uploads\/2025\/04\/ADL270992.png","datePublished":"2025-03-04T10:35:28+00:00","dateModified":"2025-12-05T06:27:52+00:00","description":"Siberia XP Driving light 9 inch - Strands - passend f\u00fcr 12&amp;24V - 15.030 Lumen! - Scheinwerfer mit Gelb - Wei\u00df Standlicht - DT-4 Anschluss - ECE R148 \/ R149","breadcrumb":{"@id":"https:\/\/www.oudadl.testontwikkeling.nl\/product\/strands-siberia-xp-driving-light-9\/#breadcrumb"},"inLanguage":"de","potentialAction":[{"@type":"ReadAction","target":["https:\/\/www.oudadl.testontwikkeling.nl\/product\/strands-siberia-xp-driving-light-9\/"]}]},{"@type":"ImageObject","inLanguage":"de","@id":"https:\/\/www.oudadl.testontwikkeling.nl\/product\/strands-siberia-xp-driving-light-9\/#primaryimage","url":"https:\/\/www.oudadl.testontwikkeling.nl\/wp-content\/uploads\/2025\/04\/ADL270992.png","contentUrl":"https:\/\/www.oudadl.testontwikkeling.nl\/wp-content\/uploads\/2025\/04\/ADL270992.png","width":800,"height":600,"caption":"Siberia XP Driving Light 9 inch verstraler - tweekleurig standlicht - geschikt voor 12 en \/ of 24 volt gebruik - Strands 270992 - 34 LED punten - EAN: 7323030193324"},{"@type":"BreadcrumbList","@id":"https:\/\/www.oudadl.testontwikkeling.nl\/product\/strands-siberia-xp-driving-light-9\/#breadcrumb","itemListElement":[{"@type":"ListItem","position":1,"name":"Home","item":"https:\/\/www.oudadl.testontwikkeling.nl\/"},{"@type":"ListItem","position":2,"name":"Shop","item":"https:\/\/www.oudadl.testontwikkeling.nl\/de\/shop\/"},{"@type":"ListItem","position":3,"name":"Verstralers","item":"https:\/\/www.oudadl.testontwikkeling.nl\/product-categorie\/verstralers\/"},{"@type":"ListItem","position":4,"name":"Verstraler rond","item":"https:\/\/www.oudadl.testontwikkeling.nl\/product-categorie\/verstralers\/verstraler-rond\/"},{"@type":"ListItem","position":5,"name":"Strands Siberia XP driving light 9&#8221;"}]},{"@type":"WebSite","@id":"https:\/\/www.oudadl.testontwikkeling.nl\/#website","url":"https:\/\/www.oudadl.testontwikkeling.nl\/","name":"All Day Led","description":"","publisher":{"@id":"https:\/\/www.oudadl.testontwikkeling.nl\/#organization"},"potentialAction":[{"@type":"SearchAction","target":{"@type":"EntryPoint","urlTemplate":"https:\/\/www.oudadl.testontwikkeling.nl\/?s={search_term_string}"},"query-input":{"@type":"PropertyValueSpecification","valueRequired":true,"valueName":"search_term_string"}}],"inLanguage":"de"},{"@type":"Organization","@id":"https:\/\/www.oudadl.testontwikkeling.nl\/#organization","name":"All Day Led","url":"https:\/\/www.oudadl.testontwikkeling.nl\/","logo":{"@type":"ImageObject","inLanguage":"de","@id":"https:\/\/www.oudadl.testontwikkeling.nl\/#\/schema\/logo\/image\/","url":"https:\/\/www.oudadl.testontwikkeling.nl\/wp-content\/uploads\/2022\/08\/Logo-ALL-DAY-LED-800x800-zwart-witte-letters.png","contentUrl":"https:\/\/www.oudadl.testontwikkeling.nl\/wp-content\/uploads\/2022\/08\/Logo-ALL-DAY-LED-800x800-zwart-witte-letters.png","width":800,"height":800,"caption":"All Day Led"},"image":{"@id":"https:\/\/www.oudadl.testontwikkeling.nl\/#\/schema\/logo\/image\/"},"sameAs":["https:\/\/www.facebook.com\/alldayled\/","https:\/\/www.instagram.com\/alldayled\/"],"vatID":"NL863960133B01","taxID":"86416545","hasMerchantReturnPolicy":{"@type":"MerchantReturnPolicy","merchantReturnLink":"https:\/\/www.oudadl.testontwikkeling.nl\/de\/verzenden-retourneren\/"}}]},"product_brand":"Strands","product_price_amount":"249.00","product_price_currency":"EUR","og_availability":"instock","product_availability":"instock","product_retailer_item_id":"ADL270992","product_condition":"new"},"_links":{"self":[{"href":"https:\/\/www.oudadl.testontwikkeling.nl\/de\/wp-json\/wp\/v2\/product\/54919","targetHints":{"allow":["GET"]}}],"collection":[{"href":"https:\/\/www.oudadl.testontwikkeling.nl\/de\/wp-json\/wp\/v2\/product"}],"about":[{"href":"https:\/\/www.oudadl.testontwikkeling.nl\/de\/wp-json\/wp\/v2\/types\/product"}],"replies":[{"embeddable":true,"href":"https:\/\/www.oudadl.testontwikkeling.nl\/de\/wp-json\/wp\/v2\/comments?post=54919"}],"wp:featuredmedia":[{"embeddable":true,"href":"https:\/\/www.oudadl.testontwikkeling.nl\/de\/wp-json\/wp\/v2\/media\/56517"}],"wp:attachment":[{"href":"https:\/\/www.oudadl.testontwikkeling.nl\/de\/wp-json\/wp\/v2\/media?parent=54919"}],"wp:term":[{"taxonomy":"product_brand","embeddable":true,"href":"https:\/\/www.oudadl.testontwikkeling.nl\/de\/wp-json\/wp\/v2\/product_brand?post=54919"},{"taxonomy":"product_cat","embeddable":true,"href":"https:\/\/www.oudadl.testontwikkeling.nl\/de\/wp-json\/wp\/v2\/product_cat?post=54919"},{"taxonomy":"product_tag","embeddable":true,"href":"https:\/\/www.oudadl.testontwikkeling.nl\/de\/wp-json\/wp\/v2\/product_tag?post=54919"}],"curies":[{"name":"wp","href":"https:\/\/api.w.org\/{rel}","templated":true}]}}