{"id":53742,"date":"2025-02-21T14:34:10","date_gmt":"2025-02-21T13:34:10","guid":{"rendered":"https:\/\/www.oudadl.testontwikkeling.nl\/?post_type=product&#038;p=53742"},"modified":"2025-07-18T10:50:48","modified_gmt":"2025-07-18T08:50:48","slug":"nedking-mini-melon-light-oranje-helder","status":"publish","type":"product","link":"https:\/\/www.oudadl.testontwikkeling.nl\/de\/product\/nedking-mini-melon-light-oranje-helder\/","title":{"rendered":"Nedking mini melon light orange - KLAR"},"content":{"rendered":"<p><span style=\"color: #000000;\"><strong>Nedking Mini Melon light orange mit Klar Glas, f\u00fcr 12 und 24 Volt.<\/strong><\/span><\/p>\n<p><span style=\"color: #000000;\">Suchen Sie ein einzigartiges Detail f\u00fcr Ihren LKW-Innenraum? Die Nedking mini melon light orange klar ist genau das Richtige f\u00fcr Sie. Diese kompakte Innenraumleuchte hat die bekannte Melonenform und strahlt ein sanftes orangefarbenes Licht aus \u2013 perfekt, um Ihrer Kabine eine besondere Atmosph\u00e4re zu verleihen. Ob Sie Ihren Schlafbereich beleuchten, eine gem\u00fctliche Atmosph\u00e4re schaffen oder Ihrem Innenraum gleichzeitig etwas mehr Stil verleihen m\u00f6chten \u2013 mit dieser Leuchte liegen Sie goldrichtig. Sie ist au\u00dferdem IP67-zertifiziert, d. h. staub- und wasserdicht und h\u00e4lt somit auch St\u00f6\u00dfen stand.<\/span><\/p>\n<p><span style=\"color: #000000;\">Dank des klaren Glases verteilt sich das orangefarbene Licht angenehm und ist somit nicht nur funktional, sondern sorgt auch f\u00fcr eine warme, gem\u00fctliche Atmosph\u00e4re. Kurz gesagt: eine perfekte Erg\u00e4nzung f\u00fcr Fahrer, die ihrem Lkw das gewisse Extra verleihen m\u00f6chten. Diese Mini-Melonenleuchte eignet sich nicht nur f\u00fcr Lkw, sondern auch f\u00fcr Wohnmobile, Busse oder Showfahrzeuge. Die Lampe funktioniert sowohl mit 12 als auch mit 24 Volt und ist somit f\u00fcr alle Fahrzeugtypen geeignet.\u00a0<\/span><\/p>\n<h5><span style=\"color: #000000;\"><strong>Abmessungen:<\/strong><\/span><\/h5>\n<p><span style=\"color: #000000;\">Bevor Sie eine Melonenleuchte bestellen, m\u00f6chten Sie sicher sein, dass sie an den gew\u00fcnschten Montageort passt. Deshalb haben wir unten die Abmessungen der orangefarbenen Nedking Melonenleuchte mit klarem Glas f\u00fcr Sie aufgelistet.<\/span><\/p>\n<ul>\n<li><span style=\"color: #000000;\">Durchmesser Kolben: 38 mm<\/span><\/li>\n<li><span style=\"color: #000000;\">H\u00f6he: 25 mm (51 mm inkl. Sockel)<\/span><\/li>\n<\/ul>\n<h5><span style=\"color: #000000;\"><strong>Andere Farben:<\/strong><\/span><\/h5>\n<p><span style=\"color: #000000;\">Bevorzugen Sie ein Melonenlicht in einer anderen Farbe oder einem anderen Design? Dieses Nedking mini melon light Orange Clear ist in mehreren Ausf\u00fchrungen erh\u00e4ltlich. Ob Sie eine andere Lichtfarbe oder ein anderes Finish suchen, das besser zu Ihrem Interieur passt, in unserem Sortiment finden Sie alles. Sehen Sie sich hier auch alle verf\u00fcgbaren Modelle an und verleihen Sie Ihrem Truck oder Camper das Interieur, das wirklich zu Ihnen passt.<\/span><\/p>\n<ul>\n<li><span style=\"color: #000000;\"><a style=\"color: #000000;\" href=\"https:\/\/www.oudadl.testontwikkeling.nl\/de\/produkt\/nedking-mini-melon-light-blauw\/\"><strong>Nedking mini melon light blau mit Klar Glas<\/strong><\/a><\/span><\/li>\n<li><span style=\"color: #000000;\"><a style=\"color: #000000;\" href=\"https:\/\/www.oudadl.testontwikkeling.nl\/de\/produkt\/nedking-mini-melon-light-groen\/\"><strong>Nedking mini melon light gr\u00fcn mit Klar Glas<\/strong><\/a><\/span><\/li>\n<li><span style=\"color: #000000;\"><a style=\"color: #000000;\" href=\"https:\/\/www.oudadl.testontwikkeling.nl\/de\/produkt\/nedking-mini-melon-light-paars\/\"><strong>Nedking mini melon light lila mit Klar Glas<\/strong><\/a><\/span><\/li>\n<li><span style=\"color: #000000;\"><a style=\"color: #000000;\" href=\"https:\/\/www.oudadl.testontwikkeling.nl\/de\/produkt\/nedking-mini-melon-light-rood-helder\/\"><strong>Nedking mini melon light rot mit Klar Glas<\/strong><\/a><\/span><\/li>\n<li><span style=\"color: #000000;\"><a style=\"color: #000000;\" href=\"https:\/\/www.oudadl.testontwikkeling.nl\/de\/produkt\/nedking-mini-melon-light-rgb\/\"><strong>Nedking mini melon light RGB mit klarem Glas<\/strong><\/a><\/span><\/li>\n<li><span style=\"color: #000000;\"><a style=\"color: #000000;\" href=\"https:\/\/www.oudadl.testontwikkeling.nl\/de\/produkt\/nedking-mini-melon-light-roze\/\"><strong>Nedking mini melon light rosa mit Klar Glas<\/strong><\/a><\/span><\/li>\n<li><span style=\"color: #000000;\"><a style=\"color: #000000;\" href=\"https:\/\/www.oudadl.testontwikkeling.nl\/de\/produkt\/nedking-mini-melon-light-wit\/\"><strong>Nedking mini melon light wei\u00df mit Klar Glas<\/strong><\/a><\/span><\/li>\n<li><span style=\"color: #000000;\"><a style=\"color: #000000;\" href=\"https:\/\/www.oudadl.testontwikkeling.nl\/de\/produkt\/afstandsbediening-voor-rgb-melon-light\/\"><strong>Fernbedienung f\u00fcr RGB Melonenlicht<\/strong><\/a><\/span><\/li>\n<li><span style=\"color: #000000;\"><a style=\"color: #000000;\" href=\"https:\/\/www.oudadl.testontwikkeling.nl\/de\/produkt\/nedking-mini-melon-light-oranje\/\"><strong>Nedking mini melon light orange<\/strong><\/a><\/span><\/li>\n<li><span style=\"color: #000000;\"><a style=\"color: #000000;\" href=\"https:\/\/www.oudadl.testontwikkeling.nl\/de\/produkt\/nedking-mini-melon-light-rood\/\"><strong>Nedking mini melon light rot<\/strong><\/a><\/span><\/li>\n<\/ul>\n<p><span style=\"color: #000000;\">Immer noch nicht ganz das Richtige f\u00fcr Sie? Vielleicht passt die Farbe oder Form dieser Nedking mini melon light orange klar nicht zu Ihrem Stil. Kein Problem, wir haben auch viele weitere Innenleuchten im Sortiment. Schauen Sie sich gerne unsere Seite an <a style=\"color: #000000;\" href=\"https:\/\/www.oudadl.testontwikkeling.nl\/de\/produkt-kategorie\/beleuchtung\/verlichting-24-volt\/inbouw-verlichting\/\">Einbauleuchten<\/a>Die Chancen stehen gut, dass auch die perfekte Lampe f\u00fcr Ihren Truck, Camper oder Innenraum dabei ist.<\/span><\/p>","protected":false},"excerpt":{"rendered":"<p>Nedking mini melonlight oranje met helder glas, voor 12 en 24 volt. Ben je op zoek naar een uniek detail voor je truckinterieur? De Nedking mini melon light oranje helder is precies wat je nodig hebt. Dit compacte interieurlampje heeft die herkenbare melon-vorm en straalt zacht oranje licht uit, perfect om wat sfeer toe te [&hellip;]<\/p>\n","protected":false},"featured_media":57290,"comment_status":"open","ping_status":"closed","template":"","meta":{"_acf_changed":false,"site-sidebar-layout":"default","site-content-layout":"","ast-site-content-layout":"default","site-content-style":"default","site-sidebar-style":"default","ast-global-header-display":"","ast-banner-title-visibility":"","ast-main-header-display":"","ast-hfb-above-header-display":"","ast-hfb-below-header-display":"","ast-hfb-mobile-header-display":"","site-post-title":"","ast-breadcrumbs-content":"","ast-featured-img":"","footer-sml-layout":"","ast-disable-related-posts":"","theme-transparent-header-meta":"default","adv-header-id-meta":"","stick-header-meta":"","header-above-stick-meta":"","header-main-stick-meta":"","header-below-stick-meta":"","astra-migrate-meta-layouts":"set","ast-page-background-enabled":"default","ast-page-background-meta":{"desktop":{"background-color":"","background-image":"","background-repeat":"repeat","background-position":"center center","background-size":"auto","background-attachment":"scroll","background-type":"","background-media":"","overlay-type":"","overlay-color":"","overlay-opacity":"","overlay-gradient":""},"tablet":{"background-color":"","background-image":"","background-repeat":"repeat","background-position":"center center","background-size":"auto","background-attachment":"scroll","background-type":"","background-media":"","overlay-type":"","overlay-color":"","overlay-opacity":"","overlay-gradient":""},"mobile":{"background-color":"","background-image":"","background-repeat":"repeat","background-position":"center center","background-size":"auto","background-attachment":"scroll","background-type":"","background-media":"","overlay-type":"","overlay-color":"","overlay-opacity":"","overlay-gradient":""}},"ast-content-background-meta":{"desktop":{"background-color":"var(--ast-global-color-5)","background-image":"","background-repeat":"repeat","background-position":"center center","background-size":"auto","background-attachment":"scroll","background-type":"","background-media":"","overlay-type":"","overlay-color":"","overlay-opacity":"","overlay-gradient":""},"tablet":{"background-color":"var(--ast-global-color-5)","background-image":"","background-repeat":"repeat","background-position":"center center","background-size":"auto","background-attachment":"scroll","background-type":"","background-media":"","overlay-type":"","overlay-color":"","overlay-opacity":"","overlay-gradient":""},"mobile":{"background-color":"var(--ast-global-color-5)","background-image":"","background-repeat":"repeat","background-position":"center center","background-size":"auto","background-attachment":"scroll","background-type":"","background-media":"","overlay-type":"","overlay-color":"","overlay-opacity":"","overlay-gradient":""}}},"product_brand":[],"product_cat":[268,383],"product_tag":[1869,3828,3829,3827,1960,2397,5001],"class_list":{"0":"post-53742","1":"product","2":"type-product","3":"status-publish","4":"has-post-thumbnail","6":"product_cat-inbouw-verlichting-12-volt","7":"product_cat-inbouw-verlichting-24-volt","8":"product_tag-interieurverlichting","9":"product_tag-interieurverlichting-auto","10":"product_tag-interieurverlichting-camper","11":"product_tag-interieurverlichting-vrachtwagen","12":"product_tag-led-interieurverlichting","13":"product_tag-nedking","14":"product_tag-nedking-verlichting","15":"pa_merkk-product-nedking","16":"desktop-align-left","17":"tablet-align-left","18":"mobile-align-left","20":"first","21":"instock","22":"taxable","23":"shipping-taxable","24":"purchasable","25":"product-type-simple"},"acf":[],"yoast_head":"<!-- This site is optimized with the Yoast SEO Premium plugin v25.9 (Yoast SEO v27.6) - https:\/\/yoast.com\/product\/yoast-seo-premium-wordpress\/ -->\n<title>Nedking melonlight oranje helder - 12 &amp; 24 volt All Day Led<\/title>\n<meta name=\"description\" content=\"Nedking melonlight oranje helder - interieur verlichting vrachtwagen \/ camper - 12 &amp; 24 volt - helder glas - compact model interieurlamp\" \/>\n<meta name=\"robots\" content=\"noindex, follow, max-snippet:-1, max-image-preview:large, max-video-preview:-1\" \/>\n<meta property=\"og:locale\" content=\"de_DE\" \/>\n<meta property=\"og:type\" content=\"article\" \/>\n<meta property=\"og:title\" content=\"Nedking melonlight oranje helder - 12 &amp; 24 volt All Day Led\" \/>\n<meta property=\"og:description\" content=\"Nedking melonlight oranje helder - interieur verlichting vrachtwagen \/ camper - 12 &amp; 24 volt - helder glas - compact model interieurlamp\" \/>\n<meta property=\"og:url\" content=\"https:\/\/www.oudadl.testontwikkeling.nl\/de\/produkt\/nedking-mini-melon-light-oranje-helder\/\" \/>\n<meta property=\"og:site_name\" content=\"All Day Led\" \/>\n<meta property=\"article:publisher\" content=\"https:\/\/www.facebook.com\/alldayled\/\" \/>\n<meta property=\"article:modified_time\" content=\"2025-07-18T08:50:48+00:00\" \/>\n<meta property=\"og:image\" content=\"https:\/\/www.oudadl.testontwikkeling.nl\/wp-content\/uploads\/2025\/03\/ADL350219-AC-SM.png\" \/>\n\t<meta property=\"og:image:width\" content=\"800\" \/>\n\t<meta property=\"og:image:height\" content=\"800\" \/>\n\t<meta property=\"og:image:type\" content=\"image\/png\" \/>\n<meta name=\"twitter:label1\" content=\"Preis\" \/>\n\t<meta name=\"twitter:data1\" content=\"&euro;19,95\" \/>\n\t<meta name=\"twitter:label2\" content=\"Verf\u00fcgbarkeit\" \/>\n\t<meta name=\"twitter:data2\" content=\"Auf Lager\" \/>\n<script type=\"application\/ld+json\" class=\"yoast-schema-graph\">{\"@context\":\"https:\\\/\\\/schema.org\",\"@graph\":[{\"@type\":\"WebPage\",\"@id\":\"https:\\\/\\\/www.oudadl.testontwikkeling.nl\\\/product\\\/nedking-mini-melon-light-oranje-helder\\\/\",\"url\":\"https:\\\/\\\/www.oudadl.testontwikkeling.nl\\\/product\\\/nedking-mini-melon-light-oranje-helder\\\/\",\"name\":\"Nedking melonlight oranje helder - 12 & 24 volt All Day Led\",\"isPartOf\":{\"@id\":\"https:\\\/\\\/www.oudadl.testontwikkeling.nl\\\/#website\"},\"primaryImageOfPage\":{\"@id\":\"https:\\\/\\\/www.oudadl.testontwikkeling.nl\\\/product\\\/nedking-mini-melon-light-oranje-helder\\\/#primaryimage\"},\"image\":{\"@id\":\"https:\\\/\\\/www.oudadl.testontwikkeling.nl\\\/product\\\/nedking-mini-melon-light-oranje-helder\\\/#primaryimage\"},\"thumbnailUrl\":\"https:\\\/\\\/www.oudadl.testontwikkeling.nl\\\/wp-content\\\/uploads\\\/2025\\\/03\\\/ADL350219-AC.png\",\"datePublished\":\"2025-02-21T13:34:10+00:00\",\"dateModified\":\"2025-07-18T08:50:48+00:00\",\"description\":\"Nedking melonlight oranje helder - interieur verlichting vrachtwagen \\\/ camper - 12 & 24 volt - helder glas - compact model interieurlamp\",\"breadcrumb\":{\"@id\":\"https:\\\/\\\/www.oudadl.testontwikkeling.nl\\\/product\\\/nedking-mini-melon-light-oranje-helder\\\/#breadcrumb\"},\"inLanguage\":\"de\",\"potentialAction\":[{\"@type\":\"ReadAction\",\"target\":[\"https:\\\/\\\/www.oudadl.testontwikkeling.nl\\\/product\\\/nedking-mini-melon-light-oranje-helder\\\/\"]}]},{\"@type\":\"ImageObject\",\"inLanguage\":\"de\",\"@id\":\"https:\\\/\\\/www.oudadl.testontwikkeling.nl\\\/product\\\/nedking-mini-melon-light-oranje-helder\\\/#primaryimage\",\"url\":\"https:\\\/\\\/www.oudadl.testontwikkeling.nl\\\/wp-content\\\/uploads\\\/2025\\\/03\\\/ADL350219-AC.png\",\"contentUrl\":\"https:\\\/\\\/www.oudadl.testontwikkeling.nl\\\/wp-content\\\/uploads\\\/2025\\\/03\\\/ADL350219-AC.png\",\"width\":800,\"height\":600,\"caption\":\"Nedking melonlight oranje helder - 350219 - diameter 38 mm - 12 & 24 volt - IP67\"},{\"@type\":\"BreadcrumbList\",\"@id\":\"https:\\\/\\\/www.oudadl.testontwikkeling.nl\\\/product\\\/nedking-mini-melon-light-oranje-helder\\\/#breadcrumb\",\"itemListElement\":[{\"@type\":\"ListItem\",\"position\":1,\"name\":\"Home\",\"item\":\"https:\\\/\\\/www.oudadl.testontwikkeling.nl\\\/\"},{\"@type\":\"ListItem\",\"position\":2,\"name\":\"Shop\",\"item\":\"https:\\\/\\\/www.oudadl.testontwikkeling.nl\\\/de\\\/shop\\\/\"},{\"@type\":\"ListItem\",\"position\":3,\"name\":\"Verlichting\",\"item\":\"https:\\\/\\\/www.oudadl.testontwikkeling.nl\\\/product-categorie\\\/verlichting\\\/\"},{\"@type\":\"ListItem\",\"position\":4,\"name\":\"Verlichting 12 Volt\",\"item\":\"https:\\\/\\\/www.oudadl.testontwikkeling.nl\\\/product-categorie\\\/verlichting\\\/verlichting-12-volt\\\/\"},{\"@type\":\"ListItem\",\"position\":5,\"name\":\"Inbouw verlichting\",\"item\":\"https:\\\/\\\/www.oudadl.testontwikkeling.nl\\\/product-categorie\\\/verlichting\\\/verlichting-12-volt\\\/inbouw-verlichting-12-volt\\\/\"},{\"@type\":\"ListItem\",\"position\":6,\"name\":\"Nedking mini melon light oranje &#8211; HELDER\"}]},{\"@type\":\"WebSite\",\"@id\":\"https:\\\/\\\/www.oudadl.testontwikkeling.nl\\\/#website\",\"url\":\"https:\\\/\\\/www.oudadl.testontwikkeling.nl\\\/\",\"name\":\"All Day Led\",\"description\":\"\",\"publisher\":{\"@id\":\"https:\\\/\\\/www.oudadl.testontwikkeling.nl\\\/#organization\"},\"potentialAction\":[{\"@type\":\"SearchAction\",\"target\":{\"@type\":\"EntryPoint\",\"urlTemplate\":\"https:\\\/\\\/www.oudadl.testontwikkeling.nl\\\/?s={search_term_string}\"},\"query-input\":{\"@type\":\"PropertyValueSpecification\",\"valueRequired\":true,\"valueName\":\"search_term_string\"}}],\"inLanguage\":\"de\"},{\"@type\":\"Organization\",\"@id\":\"https:\\\/\\\/www.oudadl.testontwikkeling.nl\\\/#organization\",\"name\":\"All Day Led\",\"url\":\"https:\\\/\\\/www.oudadl.testontwikkeling.nl\\\/\",\"logo\":{\"@type\":\"ImageObject\",\"inLanguage\":\"de\",\"@id\":\"https:\\\/\\\/www.oudadl.testontwikkeling.nl\\\/#\\\/schema\\\/logo\\\/image\\\/\",\"url\":\"https:\\\/\\\/www.oudadl.testontwikkeling.nl\\\/wp-content\\\/uploads\\\/2022\\\/08\\\/Logo-ALL-DAY-LED-800x800-zwart-witte-letters.png\",\"contentUrl\":\"https:\\\/\\\/www.oudadl.testontwikkeling.nl\\\/wp-content\\\/uploads\\\/2022\\\/08\\\/Logo-ALL-DAY-LED-800x800-zwart-witte-letters.png\",\"width\":800,\"height\":800,\"caption\":\"All Day Led\"},\"image\":{\"@id\":\"https:\\\/\\\/www.oudadl.testontwikkeling.nl\\\/#\\\/schema\\\/logo\\\/image\\\/\"},\"sameAs\":[\"https:\\\/\\\/www.facebook.com\\\/alldayled\\\/\",\"https:\\\/\\\/www.instagram.com\\\/alldayled\\\/\"],\"vatID\":\"NL863960133B01\",\"taxID\":\"86416545\",\"hasMerchantReturnPolicy\":{\"@type\":\"MerchantReturnPolicy\",\"merchantReturnLink\":\"https:\\\/\\\/www.oudadl.testontwikkeling.nl\\\/de\\\/verzenden-retourneren\\\/\"}}]}<\/script>\n<meta property=\"product:brand\" content=\"Nedking\" \/>\n<meta property=\"product:price:amount\" content=\"19.95\" \/>\n<meta property=\"product:price:currency\" content=\"EUR\" \/>\n<meta property=\"og:availability\" content=\"instock\" \/>\n<meta property=\"product:availability\" content=\"instock\" \/>\n<meta property=\"product:retailer_item_id\" content=\"ADL350219-AC\" \/>\n<meta property=\"product:condition\" content=\"new\" \/>\n<!-- \/ Yoast SEO Premium plugin. -->","yoast_head_json":{"title":"Nedking Melon light orange klar - 12 &amp; 24 Volt All Day Led","description":"Nedking Melon light Orange Klar - Innenbeleuchtung LKW\/Wohnmobil - 12 &amp; 24 Volt - Klarglas - Kompaktmodell Innenleuchte","robots":{"index":"noindex","follow":"follow","max-snippet":"max-snippet:-1","max-image-preview":"max-image-preview:large","max-video-preview":"max-video-preview:-1"},"og_locale":"de_DE","og_type":"article","og_title":"Nedking melonlight oranje helder - 12 & 24 volt All Day Led","og_description":"Nedking melonlight oranje helder - interieur verlichting vrachtwagen \/ camper - 12 & 24 volt - helder glas - compact model interieurlamp","og_url":"https:\/\/www.oudadl.testontwikkeling.nl\/de\/produkt\/nedking-mini-melon-light-oranje-helder\/","og_site_name":"All Day Led","article_publisher":"https:\/\/www.facebook.com\/alldayled\/","article_modified_time":"2025-07-18T08:50:48+00:00","og_image":[{"width":800,"height":800,"url":"https:\/\/www.oudadl.testontwikkeling.nl\/wp-content\/uploads\/2025\/03\/ADL350219-AC-SM.png","type":"image\/png"}],"twitter_misc":{"Preis":"&euro;19,95","Verf\u00fcgbarkeit":"Auf Lager"},"schema":{"@context":"https:\/\/schema.org","@graph":[{"@type":"WebPage","@id":"https:\/\/www.oudadl.testontwikkeling.nl\/product\/nedking-mini-melon-light-oranje-helder\/","url":"https:\/\/www.oudadl.testontwikkeling.nl\/product\/nedking-mini-melon-light-oranje-helder\/","name":"Nedking Melon light orange klar - 12 &amp; 24 Volt All Day Led","isPartOf":{"@id":"https:\/\/www.oudadl.testontwikkeling.nl\/#website"},"primaryImageOfPage":{"@id":"https:\/\/www.oudadl.testontwikkeling.nl\/product\/nedking-mini-melon-light-oranje-helder\/#primaryimage"},"image":{"@id":"https:\/\/www.oudadl.testontwikkeling.nl\/product\/nedking-mini-melon-light-oranje-helder\/#primaryimage"},"thumbnailUrl":"https:\/\/www.oudadl.testontwikkeling.nl\/wp-content\/uploads\/2025\/03\/ADL350219-AC.png","datePublished":"2025-02-21T13:34:10+00:00","dateModified":"2025-07-18T08:50:48+00:00","description":"Nedking Melon light Orange Klar - Innenbeleuchtung LKW\/Wohnmobil - 12 &amp; 24 Volt - Klarglas - Kompaktmodell Innenleuchte","breadcrumb":{"@id":"https:\/\/www.oudadl.testontwikkeling.nl\/product\/nedking-mini-melon-light-oranje-helder\/#breadcrumb"},"inLanguage":"de","potentialAction":[{"@type":"ReadAction","target":["https:\/\/www.oudadl.testontwikkeling.nl\/product\/nedking-mini-melon-light-oranje-helder\/"]}]},{"@type":"ImageObject","inLanguage":"de","@id":"https:\/\/www.oudadl.testontwikkeling.nl\/product\/nedking-mini-melon-light-oranje-helder\/#primaryimage","url":"https:\/\/www.oudadl.testontwikkeling.nl\/wp-content\/uploads\/2025\/03\/ADL350219-AC.png","contentUrl":"https:\/\/www.oudadl.testontwikkeling.nl\/wp-content\/uploads\/2025\/03\/ADL350219-AC.png","width":800,"height":600,"caption":"Nedking melonlight oranje helder - 350219 - diameter 38 mm - 12 & 24 volt - IP67"},{"@type":"BreadcrumbList","@id":"https:\/\/www.oudadl.testontwikkeling.nl\/product\/nedking-mini-melon-light-oranje-helder\/#breadcrumb","itemListElement":[{"@type":"ListItem","position":1,"name":"Home","item":"https:\/\/www.oudadl.testontwikkeling.nl\/"},{"@type":"ListItem","position":2,"name":"Shop","item":"https:\/\/www.oudadl.testontwikkeling.nl\/de\/shop\/"},{"@type":"ListItem","position":3,"name":"Verlichting","item":"https:\/\/www.oudadl.testontwikkeling.nl\/product-categorie\/verlichting\/"},{"@type":"ListItem","position":4,"name":"Verlichting 12 Volt","item":"https:\/\/www.oudadl.testontwikkeling.nl\/product-categorie\/verlichting\/verlichting-12-volt\/"},{"@type":"ListItem","position":5,"name":"Inbouw verlichting","item":"https:\/\/www.oudadl.testontwikkeling.nl\/product-categorie\/verlichting\/verlichting-12-volt\/inbouw-verlichting-12-volt\/"},{"@type":"ListItem","position":6,"name":"Nedking mini melon light oranje &#8211; HELDER"}]},{"@type":"WebSite","@id":"https:\/\/www.oudadl.testontwikkeling.nl\/#website","url":"https:\/\/www.oudadl.testontwikkeling.nl\/","name":"All Day Led","description":"","publisher":{"@id":"https:\/\/www.oudadl.testontwikkeling.nl\/#organization"},"potentialAction":[{"@type":"SearchAction","target":{"@type":"EntryPoint","urlTemplate":"https:\/\/www.oudadl.testontwikkeling.nl\/?s={search_term_string}"},"query-input":{"@type":"PropertyValueSpecification","valueRequired":true,"valueName":"search_term_string"}}],"inLanguage":"de"},{"@type":"Organization","@id":"https:\/\/www.oudadl.testontwikkeling.nl\/#organization","name":"All Day Led","url":"https:\/\/www.oudadl.testontwikkeling.nl\/","logo":{"@type":"ImageObject","inLanguage":"de","@id":"https:\/\/www.oudadl.testontwikkeling.nl\/#\/schema\/logo\/image\/","url":"https:\/\/www.oudadl.testontwikkeling.nl\/wp-content\/uploads\/2022\/08\/Logo-ALL-DAY-LED-800x800-zwart-witte-letters.png","contentUrl":"https:\/\/www.oudadl.testontwikkeling.nl\/wp-content\/uploads\/2022\/08\/Logo-ALL-DAY-LED-800x800-zwart-witte-letters.png","width":800,"height":800,"caption":"All Day Led"},"image":{"@id":"https:\/\/www.oudadl.testontwikkeling.nl\/#\/schema\/logo\/image\/"},"sameAs":["https:\/\/www.facebook.com\/alldayled\/","https:\/\/www.instagram.com\/alldayled\/"],"vatID":"NL863960133B01","taxID":"86416545","hasMerchantReturnPolicy":{"@type":"MerchantReturnPolicy","merchantReturnLink":"https:\/\/www.oudadl.testontwikkeling.nl\/de\/verzenden-retourneren\/"}}]},"product_brand":"Nedking","product_price_amount":"19.95","product_price_currency":"EUR","og_availability":"instock","product_availability":"instock","product_retailer_item_id":"ADL350219-AC","product_condition":"new"},"_links":{"self":[{"href":"https:\/\/www.oudadl.testontwikkeling.nl\/de\/wp-json\/wp\/v2\/product\/53742","targetHints":{"allow":["GET"]}}],"collection":[{"href":"https:\/\/www.oudadl.testontwikkeling.nl\/de\/wp-json\/wp\/v2\/product"}],"about":[{"href":"https:\/\/www.oudadl.testontwikkeling.nl\/de\/wp-json\/wp\/v2\/types\/product"}],"replies":[{"embeddable":true,"href":"https:\/\/www.oudadl.testontwikkeling.nl\/de\/wp-json\/wp\/v2\/comments?post=53742"}],"wp:featuredmedia":[{"embeddable":true,"href":"https:\/\/www.oudadl.testontwikkeling.nl\/de\/wp-json\/wp\/v2\/media\/57290"}],"wp:attachment":[{"href":"https:\/\/www.oudadl.testontwikkeling.nl\/de\/wp-json\/wp\/v2\/media?parent=53742"}],"wp:term":[{"taxonomy":"product_brand","embeddable":true,"href":"https:\/\/www.oudadl.testontwikkeling.nl\/de\/wp-json\/wp\/v2\/product_brand?post=53742"},{"taxonomy":"product_cat","embeddable":true,"href":"https:\/\/www.oudadl.testontwikkeling.nl\/de\/wp-json\/wp\/v2\/product_cat?post=53742"},{"taxonomy":"product_tag","embeddable":true,"href":"https:\/\/www.oudadl.testontwikkeling.nl\/de\/wp-json\/wp\/v2\/product_tag?post=53742"}],"curies":[{"name":"wp","href":"https:\/\/api.w.org\/{rel}","templated":true}]}}