{"id":53521,"date":"2025-02-13T12:20:08","date_gmt":"2025-02-13T11:20:08","guid":{"rendered":"https:\/\/www.oudadl.testontwikkeling.nl\/?post_type=product&#038;p=53521"},"modified":"2025-09-18T11:36:58","modified_gmt":"2025-09-18T09:36:58","slug":"m-led-markeringslamp-helder-oranje","status":"publish","type":"product","link":"https:\/\/www.oudadl.testontwikkeling.nl\/de\/product\/m-led-markeringslamp-helder-oranje\/","title":{"rendered":"M-LED Positionsleuchte klar - ORANGE"},"content":{"rendered":"<p><span style=\"color: #000000;\"><strong>M-LED Positionsleuchte klar ORANGE, f\u00fcr 12 und 24 Volt.\u00a0<\/strong><\/span><\/p>\n<p><span style=\"color: #000000;\">Suchen Sie nach einer kompakten Begrenzungsleuchte mit elegantem Aussehen und zuverl\u00e4ssiger Leistung? Dann sind Sie bei der M-LED Positionsleuchte klar ORANGE genau richtig. Diese vollst\u00e4ndige LED-Begrenzungsleuchte verf\u00fcgt \u00fcber zwei leistungsstarke LED-Punkte, die ein helles Lichtmuster erzeugen. Durch die klare Linse sieht die Lampe stilvoll aus und ist gut sichtbar. Dank der E-Kennzeichnung R148 und R10 ist sie vollst\u00e4ndig zugelassen. Durch die Mehrspannungssteuerung ist es sowohl f\u00fcr 12- als auch f\u00fcr 24-Volt-Systeme geeignet, ideal f\u00fcr Ihren LKW, Anh\u00e4nger, Wohnmobil oder Arbeitsfahrzeug.<\/span><\/p>\n<p><span style=\"color: #000000;\">Die Markierungsleuchte M-LED ist vollst\u00e4ndig wasserdicht (IP68), sodass Regen, Schlamm oder Staub kein Problem darstellen. Sie erhalten zwei Gummipolster: eines f\u00fcr die ebene Montage und eines f\u00fcr die Montage auf runden Fl\u00e4chen wie beispielsweise Bull Bars, Lampenhalterungen oder Seitenb\u00fcgeln. Dadurch k\u00f6nnen Sie es genau dort platzieren, wo Sie m\u00f6chten. Das 1 Meter lange Anschlusskabel erleichtert die Installation. Erh\u00e4ltlich in drei leuchtenden Farben: Wei\u00df, Orange und Rot. Kurz gesagt: eine kleine Lampe mit gro\u00dfen M\u00f6glichkeiten.<\/span><\/p>\n<h5><span style=\"color: #000000;\"><strong>Abmessungen:<\/strong><\/span><\/h5>\n<p><span style=\"color: #000000;\">Bevor Sie mit der Montage beginnen, ist es sinnvoll zu pr\u00fcfen, ob die Lampe an den von Ihnen vorgesehenen Ort passt. Deshalb haben wir im Folgenden die genauen Abmessungen der M-LED Positionsleuchte f\u00fcr Sie aufgelistet:<\/span><\/p>\n<ul>\n<li><span style=\"color: #000000;\">Breite: 81 mm<\/span><\/li>\n<li><span style=\"color: #000000;\">H\u00f6he: 26 mm<\/span><\/li>\n<li><span style=\"color: #000000;\">Dicke: 8 mm<\/span><\/li>\n<li><span style=\"color: #000000;\">HoH: 60 mm<\/span><\/li>\n<\/ul>\n<h5><span style=\"color: #000000;\"><strong>Andere Farben:<\/strong><\/span><\/h5>\n<p><span style=\"color: #000000;\">Sie m\u00f6chten lieber keine orangefarbene Version? Kein Problem! Diese M-LED Positionsleuchte klar ORANGE mit ECE R148 G\u00fctezeichen ist auch in weiteren Varianten erh\u00e4ltlich:<\/span><\/p>\n<ul>\n<li><a href=\"https:\/\/www.oudadl.testontwikkeling.nl\/de\/produkt\/m-led-markeringslamp-helder-rood\/\"><span style=\"color: #000000;\"><strong>M-LED Positionsleuchte ROT<\/strong><\/span><\/a><\/li>\n<li><a href=\"https:\/\/www.oudadl.testontwikkeling.nl\/de\/produkt\/m-led-markeringslamp-helder-wit\/\"><span style=\"color: #000000;\"><strong>M-LED Positionsleuchte WEISS<\/strong><\/span><\/a><\/li>\n<\/ul>\n<p><span style=\"color: #000000;\">Ist diese M-LED Positionsleuchte nicht ganz das, was Sie sich vorgestellt haben? Vielleicht passt die Farbe, Form oder das Design nicht ganz zu Ihrem Fahrzeug. Dann werfen Sie einen Blick auf unser umfangreiches Angebot an <a style=\"color: #000000;\" href=\"https:\/\/www.oudadl.testontwikkeling.nl\/de\/merkk\/product-m-led\/\">M-LED-Lampen.<\/a> Es besteht eine gute Chance, dass das, was Sie brauchen, genau das ist, wonach Sie suchen.<\/span><\/p>","protected":false},"excerpt":{"rendered":"<p>M-LED markeringslamp helder ORANJE, voor 12 &amp; 24 volt gebruik.\u00a0 Ben je op zoek naar een compacte markeringslamp met een strakke uitstraling \u00e9n betrouwbare prestaties? Dan zit je goed met de M-LED markeringslamp helder ORANJE. Deze full LED markeringslamp heeft twee krachtige LED punten die zorgen voor een helder lichtbeeld. Door de heldere lens oogt [&hellip;]<\/p>\n","protected":false},"featured_media":55359,"comment_status":"open","ping_status":"closed","template":"","meta":{"_acf_changed":false,"site-sidebar-layout":"default","site-content-layout":"","ast-site-content-layout":"default","site-content-style":"default","site-sidebar-style":"default","ast-global-header-display":"","ast-banner-title-visibility":"","ast-main-header-display":"","ast-hfb-above-header-display":"","ast-hfb-below-header-display":"","ast-hfb-mobile-header-display":"","site-post-title":"","ast-breadcrumbs-content":"","ast-featured-img":"","footer-sml-layout":"","ast-disable-related-posts":"","theme-transparent-header-meta":"default","adv-header-id-meta":"","stick-header-meta":"","header-above-stick-meta":"","header-main-stick-meta":"","header-below-stick-meta":"","astra-migrate-meta-layouts":"set","ast-page-background-enabled":"default","ast-page-background-meta":{"desktop":{"background-color":"","background-image":"","background-repeat":"repeat","background-position":"center center","background-size":"auto","background-attachment":"scroll","background-type":"","background-media":"","overlay-type":"","overlay-color":"","overlay-opacity":"","overlay-gradient":""},"tablet":{"background-color":"","background-image":"","background-repeat":"repeat","background-position":"center center","background-size":"auto","background-attachment":"scroll","background-type":"","background-media":"","overlay-type":"","overlay-color":"","overlay-opacity":"","overlay-gradient":""},"mobile":{"background-color":"","background-image":"","background-repeat":"repeat","background-position":"center center","background-size":"auto","background-attachment":"scroll","background-type":"","background-media":"","overlay-type":"","overlay-color":"","overlay-opacity":"","overlay-gradient":""}},"ast-content-background-meta":{"desktop":{"background-color":"var(--ast-global-color-5)","background-image":"","background-repeat":"repeat","background-position":"center center","background-size":"auto","background-attachment":"scroll","background-type":"","background-media":"","overlay-type":"","overlay-color":"","overlay-opacity":"","overlay-gradient":""},"tablet":{"background-color":"var(--ast-global-color-5)","background-image":"","background-repeat":"repeat","background-position":"center center","background-size":"auto","background-attachment":"scroll","background-type":"","background-media":"","overlay-type":"","overlay-color":"","overlay-opacity":"","overlay-gradient":""},"mobile":{"background-color":"var(--ast-global-color-5)","background-image":"","background-repeat":"repeat","background-position":"center center","background-size":"auto","background-attachment":"scroll","background-type":"","background-media":"","overlay-type":"","overlay-color":"","overlay-opacity":"","overlay-gradient":""}}},"product_brand":[],"product_cat":[262],"product_tag":[263,2476,5486,5485,7980,2473,2477,2474,2475],"class_list":{"0":"post-53521","1":"product","2":"type-product","3":"status-publish","4":"has-post-thumbnail","6":"product_cat-markeringslampen","7":"product_tag-contourverlichting","8":"product_tag-led-markeringslamp","9":"product_tag-led-markeringslamp-12-volt","10":"product_tag-led-markeringslamp-24-volt","11":"product_tag-m-led-verlichting","12":"product_tag-markeringslamp-aanhanger","13":"product_tag-markeringslamp-camper","14":"product_tag-markeringslamp-trailer","15":"product_tag-markeringslamp-vrachtwagen","16":"pa_merkk-product-m-led","17":"desktop-align-left","18":"tablet-align-left","19":"mobile-align-left","21":"first","22":"instock","23":"taxable","24":"shipping-taxable","25":"purchasable","26":"product-type-simple"},"acf":[],"yoast_head":"<!-- This site is optimized with the Yoast SEO Premium plugin v25.9 (Yoast SEO v27.6) - https:\/\/yoast.com\/product\/yoast-seo-premium-wordpress\/ -->\n<title>M-LED markeringslamp helder ORANJE - All Day Led - geschikt voor 12 &amp; 24 Volt<\/title>\n<meta name=\"description\" content=\"M-LED markeringslamp helder ORANJE - LED markeringslamp met 2 LED punten - met ECE R148 en R10 keurmerk - voor auto, vrachtwagen, aanhanger, tractor en meer\" \/>\n<meta name=\"robots\" content=\"noindex, follow, max-snippet:-1, max-image-preview:large, max-video-preview:-1\" \/>\n<meta property=\"og:locale\" content=\"de_DE\" \/>\n<meta property=\"og:type\" content=\"article\" \/>\n<meta property=\"og:title\" content=\"M-LED markeringslamp helder ORANJE - All Day Led - geschikt voor 12 &amp; 24 Volt\" \/>\n<meta property=\"og:description\" content=\"M-LED markeringslamp helder ORANJE - LED markeringslamp met 2 LED punten - met ECE R148 en R10 keurmerk - voor auto, vrachtwagen, aanhanger, tractor en meer\" \/>\n<meta property=\"og:url\" content=\"https:\/\/www.oudadl.testontwikkeling.nl\/de\/produkt\/m-led-markeringslamp-helder-oranje\/\" \/>\n<meta property=\"og:site_name\" content=\"All Day Led\" \/>\n<meta property=\"article:publisher\" content=\"https:\/\/www.facebook.com\/alldayled\/\" \/>\n<meta property=\"article:modified_time\" content=\"2025-09-18T09:36:58+00:00\" \/>\n<meta property=\"og:image\" content=\"https:\/\/www.oudadl.testontwikkeling.nl\/wp-content\/uploads\/2025\/02\/ADL20396-SM-2.png\" \/>\n\t<meta property=\"og:image:width\" content=\"800\" \/>\n\t<meta property=\"og:image:height\" content=\"800\" \/>\n\t<meta property=\"og:image:type\" content=\"image\/png\" \/>\n<meta name=\"twitter:label1\" content=\"Preis\" \/>\n\t<meta name=\"twitter:data1\" content=\"&euro;13,25\" \/>\n\t<meta name=\"twitter:label2\" content=\"Verf\u00fcgbarkeit\" \/>\n\t<meta name=\"twitter:data2\" content=\"Auf Lager\" \/>\n<script type=\"application\/ld+json\" class=\"yoast-schema-graph\">{\"@context\":\"https:\\\/\\\/schema.org\",\"@graph\":[{\"@type\":\"WebPage\",\"@id\":\"https:\\\/\\\/www.oudadl.testontwikkeling.nl\\\/product\\\/m-led-markeringslamp-helder-oranje\\\/\",\"url\":\"https:\\\/\\\/www.oudadl.testontwikkeling.nl\\\/product\\\/m-led-markeringslamp-helder-oranje\\\/\",\"name\":\"M-LED markeringslamp helder ORANJE - All Day Led - geschikt voor 12 & 24 Volt\",\"isPartOf\":{\"@id\":\"https:\\\/\\\/www.oudadl.testontwikkeling.nl\\\/#website\"},\"primaryImageOfPage\":{\"@id\":\"https:\\\/\\\/www.oudadl.testontwikkeling.nl\\\/product\\\/m-led-markeringslamp-helder-oranje\\\/#primaryimage\"},\"image\":{\"@id\":\"https:\\\/\\\/www.oudadl.testontwikkeling.nl\\\/product\\\/m-led-markeringslamp-helder-oranje\\\/#primaryimage\"},\"thumbnailUrl\":\"https:\\\/\\\/www.oudadl.testontwikkeling.nl\\\/wp-content\\\/uploads\\\/2025\\\/02\\\/ADL20396.png\",\"datePublished\":\"2025-02-13T11:20:08+00:00\",\"dateModified\":\"2025-09-18T09:36:58+00:00\",\"description\":\"M-LED markeringslamp helder ORANJE - LED markeringslamp met 2 LED punten - met ECE R148 en R10 keurmerk - voor auto, vrachtwagen, aanhanger, tractor en meer\",\"breadcrumb\":{\"@id\":\"https:\\\/\\\/www.oudadl.testontwikkeling.nl\\\/product\\\/m-led-markeringslamp-helder-oranje\\\/#breadcrumb\"},\"inLanguage\":\"de\",\"potentialAction\":[{\"@type\":\"ReadAction\",\"target\":[\"https:\\\/\\\/www.oudadl.testontwikkeling.nl\\\/product\\\/m-led-markeringslamp-helder-oranje\\\/\"]}]},{\"@type\":\"ImageObject\",\"inLanguage\":\"de\",\"@id\":\"https:\\\/\\\/www.oudadl.testontwikkeling.nl\\\/product\\\/m-led-markeringslamp-helder-oranje\\\/#primaryimage\",\"url\":\"https:\\\/\\\/www.oudadl.testontwikkeling.nl\\\/wp-content\\\/uploads\\\/2025\\\/02\\\/ADL20396.png\",\"contentUrl\":\"https:\\\/\\\/www.oudadl.testontwikkeling.nl\\\/wp-content\\\/uploads\\\/2025\\\/02\\\/ADL20396.png\",\"width\":800,\"height\":600,\"caption\":\"M-LED markeringslamp - helder oranje - geschikt voor 12 en \\\/ of 24 volt gebruik - ZM396 - 2 LED punten\"},{\"@type\":\"BreadcrumbList\",\"@id\":\"https:\\\/\\\/www.oudadl.testontwikkeling.nl\\\/product\\\/m-led-markeringslamp-helder-oranje\\\/#breadcrumb\",\"itemListElement\":[{\"@type\":\"ListItem\",\"position\":1,\"name\":\"Home\",\"item\":\"https:\\\/\\\/www.oudadl.testontwikkeling.nl\\\/\"},{\"@type\":\"ListItem\",\"position\":2,\"name\":\"Shop\",\"item\":\"https:\\\/\\\/www.oudadl.testontwikkeling.nl\\\/de\\\/shop\\\/\"},{\"@type\":\"ListItem\",\"position\":3,\"name\":\"Positielampen\",\"item\":\"https:\\\/\\\/www.oudadl.testontwikkeling.nl\\\/product-categorie\\\/positielampen\\\/\"},{\"@type\":\"ListItem\",\"position\":4,\"name\":\"Markeringslampen\",\"item\":\"https:\\\/\\\/www.oudadl.testontwikkeling.nl\\\/product-categorie\\\/positielampen\\\/markeringslampen\\\/\"},{\"@type\":\"ListItem\",\"position\":5,\"name\":\"M-LED markeringslamp helder &#8211; ORANJE\"}]},{\"@type\":\"WebSite\",\"@id\":\"https:\\\/\\\/www.oudadl.testontwikkeling.nl\\\/#website\",\"url\":\"https:\\\/\\\/www.oudadl.testontwikkeling.nl\\\/\",\"name\":\"All Day Led\",\"description\":\"\",\"publisher\":{\"@id\":\"https:\\\/\\\/www.oudadl.testontwikkeling.nl\\\/#organization\"},\"potentialAction\":[{\"@type\":\"SearchAction\",\"target\":{\"@type\":\"EntryPoint\",\"urlTemplate\":\"https:\\\/\\\/www.oudadl.testontwikkeling.nl\\\/?s={search_term_string}\"},\"query-input\":{\"@type\":\"PropertyValueSpecification\",\"valueRequired\":true,\"valueName\":\"search_term_string\"}}],\"inLanguage\":\"de\"},{\"@type\":\"Organization\",\"@id\":\"https:\\\/\\\/www.oudadl.testontwikkeling.nl\\\/#organization\",\"name\":\"All Day Led\",\"url\":\"https:\\\/\\\/www.oudadl.testontwikkeling.nl\\\/\",\"logo\":{\"@type\":\"ImageObject\",\"inLanguage\":\"de\",\"@id\":\"https:\\\/\\\/www.oudadl.testontwikkeling.nl\\\/#\\\/schema\\\/logo\\\/image\\\/\",\"url\":\"https:\\\/\\\/www.oudadl.testontwikkeling.nl\\\/wp-content\\\/uploads\\\/2022\\\/08\\\/Logo-ALL-DAY-LED-800x800-zwart-witte-letters.png\",\"contentUrl\":\"https:\\\/\\\/www.oudadl.testontwikkeling.nl\\\/wp-content\\\/uploads\\\/2022\\\/08\\\/Logo-ALL-DAY-LED-800x800-zwart-witte-letters.png\",\"width\":800,\"height\":800,\"caption\":\"All Day Led\"},\"image\":{\"@id\":\"https:\\\/\\\/www.oudadl.testontwikkeling.nl\\\/#\\\/schema\\\/logo\\\/image\\\/\"},\"sameAs\":[\"https:\\\/\\\/www.facebook.com\\\/alldayled\\\/\",\"https:\\\/\\\/www.instagram.com\\\/alldayled\\\/\"],\"vatID\":\"NL863960133B01\",\"taxID\":\"86416545\",\"hasMerchantReturnPolicy\":{\"@type\":\"MerchantReturnPolicy\",\"merchantReturnLink\":\"https:\\\/\\\/www.oudadl.testontwikkeling.nl\\\/de\\\/verzenden-retourneren\\\/\"}}]}<\/script>\n<meta property=\"product:brand\" content=\"M-LED\" \/>\n<meta property=\"product:price:amount\" content=\"13.25\" \/>\n<meta property=\"product:price:currency\" content=\"EUR\" \/>\n<meta property=\"og:availability\" content=\"instock\" \/>\n<meta property=\"product:availability\" content=\"instock\" \/>\n<meta property=\"product:retailer_item_id\" content=\"ADL20396\" \/>\n<meta property=\"product:condition\" content=\"new\" \/>\n<!-- \/ Yoast SEO Premium plugin. -->","yoast_head_json":{"title":"M-LED Positionsleuchte klar ORANGE - All Day Led - geeignet f\u00fcr 12 &amp; 24 Volt","description":"M-LED Positionsleuchte klar ORANGE - LED Begrenzungsleuchte mit 2 LED Punkten - mit ECE R148 und R10 Zulassung - f\u00fcr Auto, LKW, Anh\u00e4nger, Traktor und mehr","robots":{"index":"noindex","follow":"follow","max-snippet":"max-snippet:-1","max-image-preview":"max-image-preview:large","max-video-preview":"max-video-preview:-1"},"og_locale":"de_DE","og_type":"article","og_title":"M-LED markeringslamp helder ORANJE - All Day Led - geschikt voor 12 & 24 Volt","og_description":"M-LED markeringslamp helder ORANJE - LED markeringslamp met 2 LED punten - met ECE R148 en R10 keurmerk - voor auto, vrachtwagen, aanhanger, tractor en meer","og_url":"https:\/\/www.oudadl.testontwikkeling.nl\/de\/produkt\/m-led-markeringslamp-helder-oranje\/","og_site_name":"All Day Led","article_publisher":"https:\/\/www.facebook.com\/alldayled\/","article_modified_time":"2025-09-18T09:36:58+00:00","og_image":[{"width":800,"height":800,"url":"https:\/\/www.oudadl.testontwikkeling.nl\/wp-content\/uploads\/2025\/02\/ADL20396-SM-2.png","type":"image\/png"}],"twitter_misc":{"Preis":"&euro;13,25","Verf\u00fcgbarkeit":"Auf Lager"},"schema":{"@context":"https:\/\/schema.org","@graph":[{"@type":"WebPage","@id":"https:\/\/www.oudadl.testontwikkeling.nl\/product\/m-led-markeringslamp-helder-oranje\/","url":"https:\/\/www.oudadl.testontwikkeling.nl\/product\/m-led-markeringslamp-helder-oranje\/","name":"M-LED Positionsleuchte klar ORANGE - All Day Led - geeignet f\u00fcr 12 &amp; 24 Volt","isPartOf":{"@id":"https:\/\/www.oudadl.testontwikkeling.nl\/#website"},"primaryImageOfPage":{"@id":"https:\/\/www.oudadl.testontwikkeling.nl\/product\/m-led-markeringslamp-helder-oranje\/#primaryimage"},"image":{"@id":"https:\/\/www.oudadl.testontwikkeling.nl\/product\/m-led-markeringslamp-helder-oranje\/#primaryimage"},"thumbnailUrl":"https:\/\/www.oudadl.testontwikkeling.nl\/wp-content\/uploads\/2025\/02\/ADL20396.png","datePublished":"2025-02-13T11:20:08+00:00","dateModified":"2025-09-18T09:36:58+00:00","description":"M-LED Positionsleuchte klar ORANGE - LED Begrenzungsleuchte mit 2 LED Punkten - mit ECE R148 und R10 Zulassung - f\u00fcr Auto, LKW, Anh\u00e4nger, Traktor und mehr","breadcrumb":{"@id":"https:\/\/www.oudadl.testontwikkeling.nl\/product\/m-led-markeringslamp-helder-oranje\/#breadcrumb"},"inLanguage":"de","potentialAction":[{"@type":"ReadAction","target":["https:\/\/www.oudadl.testontwikkeling.nl\/product\/m-led-markeringslamp-helder-oranje\/"]}]},{"@type":"ImageObject","inLanguage":"de","@id":"https:\/\/www.oudadl.testontwikkeling.nl\/product\/m-led-markeringslamp-helder-oranje\/#primaryimage","url":"https:\/\/www.oudadl.testontwikkeling.nl\/wp-content\/uploads\/2025\/02\/ADL20396.png","contentUrl":"https:\/\/www.oudadl.testontwikkeling.nl\/wp-content\/uploads\/2025\/02\/ADL20396.png","width":800,"height":600,"caption":"M-LED markeringslamp - helder oranje - geschikt voor 12 en \/ of 24 volt gebruik - ZM396 - 2 LED punten"},{"@type":"BreadcrumbList","@id":"https:\/\/www.oudadl.testontwikkeling.nl\/product\/m-led-markeringslamp-helder-oranje\/#breadcrumb","itemListElement":[{"@type":"ListItem","position":1,"name":"Home","item":"https:\/\/www.oudadl.testontwikkeling.nl\/"},{"@type":"ListItem","position":2,"name":"Shop","item":"https:\/\/www.oudadl.testontwikkeling.nl\/de\/shop\/"},{"@type":"ListItem","position":3,"name":"Positielampen","item":"https:\/\/www.oudadl.testontwikkeling.nl\/product-categorie\/positielampen\/"},{"@type":"ListItem","position":4,"name":"Markeringslampen","item":"https:\/\/www.oudadl.testontwikkeling.nl\/product-categorie\/positielampen\/markeringslampen\/"},{"@type":"ListItem","position":5,"name":"M-LED markeringslamp helder &#8211; ORANJE"}]},{"@type":"WebSite","@id":"https:\/\/www.oudadl.testontwikkeling.nl\/#website","url":"https:\/\/www.oudadl.testontwikkeling.nl\/","name":"All Day Led","description":"","publisher":{"@id":"https:\/\/www.oudadl.testontwikkeling.nl\/#organization"},"potentialAction":[{"@type":"SearchAction","target":{"@type":"EntryPoint","urlTemplate":"https:\/\/www.oudadl.testontwikkeling.nl\/?s={search_term_string}"},"query-input":{"@type":"PropertyValueSpecification","valueRequired":true,"valueName":"search_term_string"}}],"inLanguage":"de"},{"@type":"Organization","@id":"https:\/\/www.oudadl.testontwikkeling.nl\/#organization","name":"All Day Led","url":"https:\/\/www.oudadl.testontwikkeling.nl\/","logo":{"@type":"ImageObject","inLanguage":"de","@id":"https:\/\/www.oudadl.testontwikkeling.nl\/#\/schema\/logo\/image\/","url":"https:\/\/www.oudadl.testontwikkeling.nl\/wp-content\/uploads\/2022\/08\/Logo-ALL-DAY-LED-800x800-zwart-witte-letters.png","contentUrl":"https:\/\/www.oudadl.testontwikkeling.nl\/wp-content\/uploads\/2022\/08\/Logo-ALL-DAY-LED-800x800-zwart-witte-letters.png","width":800,"height":800,"caption":"All Day Led"},"image":{"@id":"https:\/\/www.oudadl.testontwikkeling.nl\/#\/schema\/logo\/image\/"},"sameAs":["https:\/\/www.facebook.com\/alldayled\/","https:\/\/www.instagram.com\/alldayled\/"],"vatID":"NL863960133B01","taxID":"86416545","hasMerchantReturnPolicy":{"@type":"MerchantReturnPolicy","merchantReturnLink":"https:\/\/www.oudadl.testontwikkeling.nl\/de\/verzenden-retourneren\/"}}]},"product_brand":"M-LED","product_price_amount":"13.25","product_price_currency":"EUR","og_availability":"instock","product_availability":"instock","product_retailer_item_id":"ADL20396","product_condition":"new"},"_links":{"self":[{"href":"https:\/\/www.oudadl.testontwikkeling.nl\/de\/wp-json\/wp\/v2\/product\/53521","targetHints":{"allow":["GET"]}}],"collection":[{"href":"https:\/\/www.oudadl.testontwikkeling.nl\/de\/wp-json\/wp\/v2\/product"}],"about":[{"href":"https:\/\/www.oudadl.testontwikkeling.nl\/de\/wp-json\/wp\/v2\/types\/product"}],"replies":[{"embeddable":true,"href":"https:\/\/www.oudadl.testontwikkeling.nl\/de\/wp-json\/wp\/v2\/comments?post=53521"}],"wp:featuredmedia":[{"embeddable":true,"href":"https:\/\/www.oudadl.testontwikkeling.nl\/de\/wp-json\/wp\/v2\/media\/55359"}],"wp:attachment":[{"href":"https:\/\/www.oudadl.testontwikkeling.nl\/de\/wp-json\/wp\/v2\/media?parent=53521"}],"wp:term":[{"taxonomy":"product_brand","embeddable":true,"href":"https:\/\/www.oudadl.testontwikkeling.nl\/de\/wp-json\/wp\/v2\/product_brand?post=53521"},{"taxonomy":"product_cat","embeddable":true,"href":"https:\/\/www.oudadl.testontwikkeling.nl\/de\/wp-json\/wp\/v2\/product_cat?post=53521"},{"taxonomy":"product_tag","embeddable":true,"href":"https:\/\/www.oudadl.testontwikkeling.nl\/de\/wp-json\/wp\/v2\/product_tag?post=53521"}],"curies":[{"name":"wp","href":"https:\/\/api.w.org\/{rel}","templated":true}]}}