{"id":53437,"date":"2025-02-17T15:58:21","date_gmt":"2025-02-17T14:58:21","guid":{"rendered":"https:\/\/www.oudadl.testontwikkeling.nl\/?post_type=product&#038;p=53437"},"modified":"2025-11-28T10:25:58","modified_gmt":"2025-11-28T09:25:58","slug":"swedstuff-verstraler-dl-9-95w","status":"publish","type":"product","link":"https:\/\/www.oudadl.testontwikkeling.nl\/de\/product\/swedstuff-verstraler-dl-9-95w\/","title":{"rendered":"Swedstuff Scheinwerfer DL 9\u201d - 95W"},"content":{"rendered":"<p><span style=\"color: #000000\"><strong>Swedstuff Scheinwerfer DL 9 Zoll 95W, f\u00fcr 12 und 24 Volt.\u00a0<\/strong><\/span><\/p>\n<p><span style=\"color: #000000\">Suchen Sie einen Scheinwerfer mit starker Lichtleistung und elegantem Look? Dann ist der Swedstuff Scheinwerfer DL 9 Zoll, auch bekannt als Driving Light 9\u2033, genau das Richtige f\u00fcr Sie. Mit ihrer runden Form, den starken 4800 Lumen und dem 5700K-Wei\u00dflicht haben Sie immer eine gute Sicht, egal ob Sie nachts unterwegs sind oder bei schlechtem Wetter fahren. Dank des optimierten Lichtstrahls erhalten Sie volles Licht genau dort, wo Sie es brauchen. Und das Beste daran? Dieser Scheinwerfer sieht genauso gut aus wie seine Leistung.<\/span><\/p>\n<p><span style=\"color: #000000\">Dieser Swedstuff Scheinwerfer 9 Zoll ist mit einem doppelten Positionslicht in Wei\u00df und Orange ausgestattet. Ideal, um Ihrem LKW oder anderen Fahrzeug das gewisse Extra an Attraktivit\u00e4t zu verleihen. Das Logo leuchtet au\u00dferdem orange, was f\u00fcr einen einzigartigen, wiedererkennbaren Look sorgt. Dank Aluminiumgeh\u00e4use, schlagfester Linse und IP67\/IP69K-Zertifizierung m\u00fcssen Sie sich keine Sorgen um Regen, Staub oder Steinschl\u00e4ge machen. 100% LED und ausgestattet mit Edge Light-Technologie f\u00fcr ein modernes Finish. Das verz\u00f6gerungsfreie Lichtsignal erm\u00f6glicht zudem eine eindeutige Signalfunktion. Eingeschaltet zeigt der 9\u201c-Strahler Swedstuff DL sein K\u00f6nnen und erzeugt ein an Tageslicht erinnerndes Lichtbild.<\/span><\/p>\n<h5><span style=\"color: #000000\"><strong>Abmessungen:<\/strong><\/span><\/h5>\n<p><span style=\"color: #000000\">Sie sind unsicher ob der Swedstuff Scheinwerfer DL 9 Zoll zu Ihrem Fahrzeug passt? Dann ist es sinnvoll, die Ma\u00dfe zu pr\u00fcfen. Deshalb haben wir im Folgenden alle wichtigen Ma\u00dfe \u00fcbersichtlich f\u00fcr Sie aufgelistet:<\/span><\/p>\n<ul>\n<li><span style=\"color: #000000\">H\u00f6he: 228,7 (246,62 mm inkl. Halter)<\/span><\/li>\n<li><span style=\"color: #000000\">Durchmesser: 228,7 mm<\/span><\/li>\n<li><span style=\"color: #000000\">Dicke: 97,47 mm<\/span><\/li>\n<\/ul>\n<h5><span style=\"color: #000000\"><strong>Andere Versionen:\u00a0<\/strong><\/span><\/h5>\n<p><span style=\"color: #000000\">Sie m\u00f6chten lieber eine Nummer kleiner? Das Driving Light 9\u2033 ist auch in einer 7-Zoll-Version erh\u00e4ltlich: der Swedstuff DL 7\u2033-Scheinwerfer. Gleiches elegantes Aussehen, aber mit noch mehr Lichtleistung.<\/span><\/p>\n<ul>\n<li><a href=\"https:\/\/www.oudadl.testontwikkeling.nl\/de\/produkt\/swedstuff-verstraler-dl-7-65w\/\"><span style=\"color: #000000\"><strong>Swedstuff DL 7\u2033 Scheinwerfer<\/strong><\/span><\/a><\/li>\n<\/ul>\n<div class=\"truncated\">\n<p><span style=\"color: #000000\">Sind Sie nach dem Lesen der Informationen immer noch nicht sicher, ob der Swedstuff DL 9 Zoll Scheinwerfer zu Ihrem LKW passt? Vielleicht entsprechen Gr\u00f6\u00dfe, Beleuchtung oder Stil nicht ganz Ihren Vorstellungen. Kein Problem! Dann werfen Sie einen Blick auf unser komplettes Sortiment an <a style=\"color: #000000\" href=\"https:\/\/www.oudadl.testontwikkeling.nl\/de\/produkt-kategorie\/scheinwerfer\/\">Scheinwerfer<\/a>. Die Chancen stehen gut, dass darunter ein Modell ist, das perfekt zu Ihren Bed\u00fcrfnissen passt.<\/span><\/p>\n<\/div>","protected":false},"excerpt":{"rendered":"<p>Swedstuff verstraler DL 9 inch 95w, geschikt voor 12 en 24 volt.\u00a0 Zoek je een verstraler met serieuze lichtopbrengst \u00e9n een strakke look? Dan is de Swedstuff verstraler DL 9 inch, ook wel bekend als Driving Light 9&#8243;, iets voor jou. Met z\u2019n ronde vorm, krachtige 4800 lumen output en 5700K wit licht heb je [&hellip;]<\/p>\n","protected":false},"featured_media":55224,"comment_status":"open","ping_status":"closed","template":"","meta":{"_acf_changed":false,"site-sidebar-layout":"default","site-content-layout":"","ast-site-content-layout":"default","site-content-style":"default","site-sidebar-style":"default","ast-global-header-display":"","ast-banner-title-visibility":"","ast-main-header-display":"","ast-hfb-above-header-display":"","ast-hfb-below-header-display":"","ast-hfb-mobile-header-display":"","site-post-title":"","ast-breadcrumbs-content":"","ast-featured-img":"","footer-sml-layout":"","ast-disable-related-posts":"","theme-transparent-header-meta":"default","adv-header-id-meta":"","stick-header-meta":"","header-above-stick-meta":"","header-main-stick-meta":"","header-below-stick-meta":"","astra-migrate-meta-layouts":"set","ast-page-background-enabled":"default","ast-page-background-meta":{"desktop":{"background-color":"","background-image":"","background-repeat":"repeat","background-position":"center center","background-size":"auto","background-attachment":"scroll","background-type":"","background-media":"","overlay-type":"","overlay-color":"","overlay-opacity":"","overlay-gradient":""},"tablet":{"background-color":"","background-image":"","background-repeat":"repeat","background-position":"center center","background-size":"auto","background-attachment":"scroll","background-type":"","background-media":"","overlay-type":"","overlay-color":"","overlay-opacity":"","overlay-gradient":""},"mobile":{"background-color":"","background-image":"","background-repeat":"repeat","background-position":"center center","background-size":"auto","background-attachment":"scroll","background-type":"","background-media":"","overlay-type":"","overlay-color":"","overlay-opacity":"","overlay-gradient":""}},"ast-content-background-meta":{"desktop":{"background-color":"var(--ast-global-color-5)","background-image":"","background-repeat":"repeat","background-position":"center center","background-size":"auto","background-attachment":"scroll","background-type":"","background-media":"","overlay-type":"","overlay-color":"","overlay-opacity":"","overlay-gradient":""},"tablet":{"background-color":"var(--ast-global-color-5)","background-image":"","background-repeat":"repeat","background-position":"center center","background-size":"auto","background-attachment":"scroll","background-type":"","background-media":"","overlay-type":"","overlay-color":"","overlay-opacity":"","overlay-gradient":""},"mobile":{"background-color":"var(--ast-global-color-5)","background-image":"","background-repeat":"repeat","background-position":"center center","background-size":"auto","background-attachment":"scroll","background-type":"","background-media":"","overlay-type":"","overlay-color":"","overlay-opacity":"","overlay-gradient":""}}},"product_brand":[],"product_cat":[7962],"product_tag":[5817,5822,5823,5824,5825,5821,2428,2465],"class_list":{"0":"post-53437","1":"product","2":"type-product","3":"status-publish","4":"has-post-thumbnail","6":"product_cat-verstraler-rond","7":"product_tag-led-verstraler","8":"product_tag-led-verstraler-auto","9":"product_tag-led-verstraler-camper","10":"product_tag-led-verstraler-pickup","11":"product_tag-led-verstraler-tractor","12":"product_tag-led-verstraler-vrachtwagen","13":"product_tag-swedstuff-led-verlichting","14":"product_tag-verstraler-met-stadslicht","15":"pa_merkk-product-swedstuff","16":"desktop-align-left","17":"tablet-align-left","18":"mobile-align-left","20":"first","21":"instock","22":"taxable","23":"shipping-taxable","24":"purchasable","25":"product-type-simple"},"acf":[],"yoast_head":"<!-- This site is optimized with the Yoast SEO Premium plugin v25.9 (Yoast SEO v27.6) - https:\/\/yoast.com\/product\/yoast-seo-premium-wordpress\/ -->\n<title>Swedstuff verstraler DL 9 inch - Verstraler - All Day Led - voor 12 &amp; 24 volt<\/title>\n<meta name=\"description\" content=\"Swedstuff verstraler DL 9 inch - geschikt voor 12&amp;24V - 1 lux @ 484 m - verstraler met oranje - wit standlicht - DT-4 aansluiting - ECE R148 \/ R149\" \/>\n<meta name=\"robots\" content=\"noindex, follow, max-snippet:-1, max-image-preview:large, max-video-preview:-1\" \/>\n<meta property=\"og:locale\" content=\"de_DE\" \/>\n<meta property=\"og:type\" content=\"article\" \/>\n<meta property=\"og:title\" content=\"Swedstuff verstraler DL 9 inch - Verstraler - All Day Led - voor 12 &amp; 24 volt\" \/>\n<meta property=\"og:description\" content=\"Swedstuff verstraler DL 9 inch - geschikt voor 12&amp;24V - 1 lux @ 484 m - verstraler met oranje - wit standlicht - DT-4 aansluiting - ECE R148 \/ R149\" \/>\n<meta property=\"og:url\" content=\"https:\/\/www.oudadl.testontwikkeling.nl\/de\/produkt\/swedstuff-verstraler-dl-9-95w\/\" \/>\n<meta property=\"og:site_name\" content=\"All Day Led\" \/>\n<meta property=\"article:publisher\" content=\"https:\/\/www.facebook.com\/alldayled\/\" \/>\n<meta property=\"article:modified_time\" content=\"2025-11-28T09:25:58+00:00\" \/>\n<meta property=\"og:image\" content=\"https:\/\/www.oudadl.testontwikkeling.nl\/wp-content\/uploads\/2025\/02\/ADL808302-SM.png\" \/>\n\t<meta property=\"og:image:width\" content=\"800\" \/>\n\t<meta property=\"og:image:height\" content=\"800\" \/>\n\t<meta property=\"og:image:type\" content=\"image\/png\" \/>\n<meta name=\"twitter:label1\" content=\"Preis\" \/>\n\t<meta name=\"twitter:data1\" content=\"&euro;119,00\" \/>\n\t<meta name=\"twitter:label2\" content=\"Verf\u00fcgbarkeit\" \/>\n\t<meta name=\"twitter:data2\" content=\"Auf Lager\" \/>\n<script type=\"application\/ld+json\" class=\"yoast-schema-graph\">{\"@context\":\"https:\\\/\\\/schema.org\",\"@graph\":[{\"@type\":\"WebPage\",\"@id\":\"https:\\\/\\\/www.oudadl.testontwikkeling.nl\\\/product\\\/swedstuff-verstraler-dl-9-95w\\\/\",\"url\":\"https:\\\/\\\/www.oudadl.testontwikkeling.nl\\\/product\\\/swedstuff-verstraler-dl-9-95w\\\/\",\"name\":\"Swedstuff verstraler DL 9 inch - Verstraler - All Day Led - voor 12 & 24 volt\",\"isPartOf\":{\"@id\":\"https:\\\/\\\/www.oudadl.testontwikkeling.nl\\\/#website\"},\"primaryImageOfPage\":{\"@id\":\"https:\\\/\\\/www.oudadl.testontwikkeling.nl\\\/product\\\/swedstuff-verstraler-dl-9-95w\\\/#primaryimage\"},\"image\":{\"@id\":\"https:\\\/\\\/www.oudadl.testontwikkeling.nl\\\/product\\\/swedstuff-verstraler-dl-9-95w\\\/#primaryimage\"},\"thumbnailUrl\":\"https:\\\/\\\/www.oudadl.testontwikkeling.nl\\\/wp-content\\\/uploads\\\/2025\\\/02\\\/ADL808302.png\",\"datePublished\":\"2025-02-17T14:58:21+00:00\",\"dateModified\":\"2025-11-28T09:25:58+00:00\",\"description\":\"Swedstuff verstraler DL 9 inch - geschikt voor 12&24V - 1 lux @ 484 m - verstraler met oranje - wit standlicht - DT-4 aansluiting - ECE R148 \\\/ R149\",\"breadcrumb\":{\"@id\":\"https:\\\/\\\/www.oudadl.testontwikkeling.nl\\\/product\\\/swedstuff-verstraler-dl-9-95w\\\/#breadcrumb\"},\"inLanguage\":\"de\",\"potentialAction\":[{\"@type\":\"ReadAction\",\"target\":[\"https:\\\/\\\/www.oudadl.testontwikkeling.nl\\\/product\\\/swedstuff-verstraler-dl-9-95w\\\/\"]}]},{\"@type\":\"ImageObject\",\"inLanguage\":\"de\",\"@id\":\"https:\\\/\\\/www.oudadl.testontwikkeling.nl\\\/product\\\/swedstuff-verstraler-dl-9-95w\\\/#primaryimage\",\"url\":\"https:\\\/\\\/www.oudadl.testontwikkeling.nl\\\/wp-content\\\/uploads\\\/2025\\\/02\\\/ADL808302.png\",\"contentUrl\":\"https:\\\/\\\/www.oudadl.testontwikkeling.nl\\\/wp-content\\\/uploads\\\/2025\\\/02\\\/ADL808302.png\",\"width\":800,\"height\":600,\"caption\":\"Swedstuff verstraler DL 9 inch - tweekleurig standlicht - geschikt voor 12 en \\\/ of 24 volt gebruik - 6 LED punten - EAN: 7323030193485\"},{\"@type\":\"BreadcrumbList\",\"@id\":\"https:\\\/\\\/www.oudadl.testontwikkeling.nl\\\/product\\\/swedstuff-verstraler-dl-9-95w\\\/#breadcrumb\",\"itemListElement\":[{\"@type\":\"ListItem\",\"position\":1,\"name\":\"Home\",\"item\":\"https:\\\/\\\/www.oudadl.testontwikkeling.nl\\\/\"},{\"@type\":\"ListItem\",\"position\":2,\"name\":\"Shop\",\"item\":\"https:\\\/\\\/www.oudadl.testontwikkeling.nl\\\/de\\\/shop\\\/\"},{\"@type\":\"ListItem\",\"position\":3,\"name\":\"Verstralers\",\"item\":\"https:\\\/\\\/www.oudadl.testontwikkeling.nl\\\/product-categorie\\\/verstralers\\\/\"},{\"@type\":\"ListItem\",\"position\":4,\"name\":\"Verstraler rond\",\"item\":\"https:\\\/\\\/www.oudadl.testontwikkeling.nl\\\/product-categorie\\\/verstralers\\\/verstraler-rond\\\/\"},{\"@type\":\"ListItem\",\"position\":5,\"name\":\"Swedstuff verstraler DL 9&#8221; &#8211; 95W\"}]},{\"@type\":\"WebSite\",\"@id\":\"https:\\\/\\\/www.oudadl.testontwikkeling.nl\\\/#website\",\"url\":\"https:\\\/\\\/www.oudadl.testontwikkeling.nl\\\/\",\"name\":\"All Day Led\",\"description\":\"\",\"publisher\":{\"@id\":\"https:\\\/\\\/www.oudadl.testontwikkeling.nl\\\/#organization\"},\"potentialAction\":[{\"@type\":\"SearchAction\",\"target\":{\"@type\":\"EntryPoint\",\"urlTemplate\":\"https:\\\/\\\/www.oudadl.testontwikkeling.nl\\\/?s={search_term_string}\"},\"query-input\":{\"@type\":\"PropertyValueSpecification\",\"valueRequired\":true,\"valueName\":\"search_term_string\"}}],\"inLanguage\":\"de\"},{\"@type\":\"Organization\",\"@id\":\"https:\\\/\\\/www.oudadl.testontwikkeling.nl\\\/#organization\",\"name\":\"All Day Led\",\"url\":\"https:\\\/\\\/www.oudadl.testontwikkeling.nl\\\/\",\"logo\":{\"@type\":\"ImageObject\",\"inLanguage\":\"de\",\"@id\":\"https:\\\/\\\/www.oudadl.testontwikkeling.nl\\\/#\\\/schema\\\/logo\\\/image\\\/\",\"url\":\"https:\\\/\\\/www.oudadl.testontwikkeling.nl\\\/wp-content\\\/uploads\\\/2022\\\/08\\\/Logo-ALL-DAY-LED-800x800-zwart-witte-letters.png\",\"contentUrl\":\"https:\\\/\\\/www.oudadl.testontwikkeling.nl\\\/wp-content\\\/uploads\\\/2022\\\/08\\\/Logo-ALL-DAY-LED-800x800-zwart-witte-letters.png\",\"width\":800,\"height\":800,\"caption\":\"All Day Led\"},\"image\":{\"@id\":\"https:\\\/\\\/www.oudadl.testontwikkeling.nl\\\/#\\\/schema\\\/logo\\\/image\\\/\"},\"sameAs\":[\"https:\\\/\\\/www.facebook.com\\\/alldayled\\\/\",\"https:\\\/\\\/www.instagram.com\\\/alldayled\\\/\"],\"vatID\":\"NL863960133B01\",\"taxID\":\"86416545\",\"hasMerchantReturnPolicy\":{\"@type\":\"MerchantReturnPolicy\",\"merchantReturnLink\":\"https:\\\/\\\/www.oudadl.testontwikkeling.nl\\\/de\\\/verzenden-retourneren\\\/\"}}]}<\/script>\n<meta property=\"product:brand\" content=\"Swedstuff\" \/>\n<meta property=\"product:price:amount\" content=\"119.00\" \/>\n<meta property=\"product:price:currency\" content=\"EUR\" \/>\n<meta property=\"og:availability\" content=\"instock\" \/>\n<meta property=\"product:availability\" content=\"instock\" \/>\n<meta property=\"product:retailer_item_id\" content=\"ADL808302\" \/>\n<meta property=\"product:condition\" content=\"new\" \/>\n<!-- \/ Yoast SEO Premium plugin. -->","yoast_head_json":{"title":"Swedstuff Scheinwerfer DL 9 Zoll - Scheinwerfer - All Day Led - f\u00fcr 12 &amp; 24 Volt","description":"Swedstuff Scheinwerfer DL 9 Zoll - passend f\u00fcr 12&amp;24V - 1 Lux @ 484 m - Fernscheinwerfer mit orange - wei\u00df Standlicht - DT-4 Anschluss - ECE R148 \/ R149","robots":{"index":"noindex","follow":"follow","max-snippet":"max-snippet:-1","max-image-preview":"max-image-preview:large","max-video-preview":"max-video-preview:-1"},"og_locale":"de_DE","og_type":"article","og_title":"Swedstuff verstraler DL 9 inch - Verstraler - All Day Led - voor 12 & 24 volt","og_description":"Swedstuff verstraler DL 9 inch - geschikt voor 12&24V - 1 lux @ 484 m - verstraler met oranje - wit standlicht - DT-4 aansluiting - ECE R148 \/ R149","og_url":"https:\/\/www.oudadl.testontwikkeling.nl\/de\/produkt\/swedstuff-verstraler-dl-9-95w\/","og_site_name":"All Day Led","article_publisher":"https:\/\/www.facebook.com\/alldayled\/","article_modified_time":"2025-11-28T09:25:58+00:00","og_image":[{"width":800,"height":800,"url":"https:\/\/www.oudadl.testontwikkeling.nl\/wp-content\/uploads\/2025\/02\/ADL808302-SM.png","type":"image\/png"}],"twitter_misc":{"Preis":"&euro;119,00","Verf\u00fcgbarkeit":"Auf Lager"},"schema":{"@context":"https:\/\/schema.org","@graph":[{"@type":"WebPage","@id":"https:\/\/www.oudadl.testontwikkeling.nl\/product\/swedstuff-verstraler-dl-9-95w\/","url":"https:\/\/www.oudadl.testontwikkeling.nl\/product\/swedstuff-verstraler-dl-9-95w\/","name":"Swedstuff Scheinwerfer DL 9 Zoll - Scheinwerfer - All Day Led - f\u00fcr 12 &amp; 24 Volt","isPartOf":{"@id":"https:\/\/www.oudadl.testontwikkeling.nl\/#website"},"primaryImageOfPage":{"@id":"https:\/\/www.oudadl.testontwikkeling.nl\/product\/swedstuff-verstraler-dl-9-95w\/#primaryimage"},"image":{"@id":"https:\/\/www.oudadl.testontwikkeling.nl\/product\/swedstuff-verstraler-dl-9-95w\/#primaryimage"},"thumbnailUrl":"https:\/\/www.oudadl.testontwikkeling.nl\/wp-content\/uploads\/2025\/02\/ADL808302.png","datePublished":"2025-02-17T14:58:21+00:00","dateModified":"2025-11-28T09:25:58+00:00","description":"Swedstuff Scheinwerfer DL 9 Zoll - passend f\u00fcr 12&amp;24V - 1 Lux @ 484 m - Fernscheinwerfer mit orange - wei\u00df Standlicht - DT-4 Anschluss - ECE R148 \/ R149","breadcrumb":{"@id":"https:\/\/www.oudadl.testontwikkeling.nl\/product\/swedstuff-verstraler-dl-9-95w\/#breadcrumb"},"inLanguage":"de","potentialAction":[{"@type":"ReadAction","target":["https:\/\/www.oudadl.testontwikkeling.nl\/product\/swedstuff-verstraler-dl-9-95w\/"]}]},{"@type":"ImageObject","inLanguage":"de","@id":"https:\/\/www.oudadl.testontwikkeling.nl\/product\/swedstuff-verstraler-dl-9-95w\/#primaryimage","url":"https:\/\/www.oudadl.testontwikkeling.nl\/wp-content\/uploads\/2025\/02\/ADL808302.png","contentUrl":"https:\/\/www.oudadl.testontwikkeling.nl\/wp-content\/uploads\/2025\/02\/ADL808302.png","width":800,"height":600,"caption":"Swedstuff verstraler DL 9 inch - tweekleurig standlicht - geschikt voor 12 en \/ of 24 volt gebruik - 6 LED punten - EAN: 7323030193485"},{"@type":"BreadcrumbList","@id":"https:\/\/www.oudadl.testontwikkeling.nl\/product\/swedstuff-verstraler-dl-9-95w\/#breadcrumb","itemListElement":[{"@type":"ListItem","position":1,"name":"Home","item":"https:\/\/www.oudadl.testontwikkeling.nl\/"},{"@type":"ListItem","position":2,"name":"Shop","item":"https:\/\/www.oudadl.testontwikkeling.nl\/de\/shop\/"},{"@type":"ListItem","position":3,"name":"Verstralers","item":"https:\/\/www.oudadl.testontwikkeling.nl\/product-categorie\/verstralers\/"},{"@type":"ListItem","position":4,"name":"Verstraler rond","item":"https:\/\/www.oudadl.testontwikkeling.nl\/product-categorie\/verstralers\/verstraler-rond\/"},{"@type":"ListItem","position":5,"name":"Swedstuff verstraler DL 9&#8221; &#8211; 95W"}]},{"@type":"WebSite","@id":"https:\/\/www.oudadl.testontwikkeling.nl\/#website","url":"https:\/\/www.oudadl.testontwikkeling.nl\/","name":"All Day Led","description":"","publisher":{"@id":"https:\/\/www.oudadl.testontwikkeling.nl\/#organization"},"potentialAction":[{"@type":"SearchAction","target":{"@type":"EntryPoint","urlTemplate":"https:\/\/www.oudadl.testontwikkeling.nl\/?s={search_term_string}"},"query-input":{"@type":"PropertyValueSpecification","valueRequired":true,"valueName":"search_term_string"}}],"inLanguage":"de"},{"@type":"Organization","@id":"https:\/\/www.oudadl.testontwikkeling.nl\/#organization","name":"All Day Led","url":"https:\/\/www.oudadl.testontwikkeling.nl\/","logo":{"@type":"ImageObject","inLanguage":"de","@id":"https:\/\/www.oudadl.testontwikkeling.nl\/#\/schema\/logo\/image\/","url":"https:\/\/www.oudadl.testontwikkeling.nl\/wp-content\/uploads\/2022\/08\/Logo-ALL-DAY-LED-800x800-zwart-witte-letters.png","contentUrl":"https:\/\/www.oudadl.testontwikkeling.nl\/wp-content\/uploads\/2022\/08\/Logo-ALL-DAY-LED-800x800-zwart-witte-letters.png","width":800,"height":800,"caption":"All Day Led"},"image":{"@id":"https:\/\/www.oudadl.testontwikkeling.nl\/#\/schema\/logo\/image\/"},"sameAs":["https:\/\/www.facebook.com\/alldayled\/","https:\/\/www.instagram.com\/alldayled\/"],"vatID":"NL863960133B01","taxID":"86416545","hasMerchantReturnPolicy":{"@type":"MerchantReturnPolicy","merchantReturnLink":"https:\/\/www.oudadl.testontwikkeling.nl\/de\/verzenden-retourneren\/"}}]},"product_brand":"Swedstuff","product_price_amount":"119.00","product_price_currency":"EUR","og_availability":"instock","product_availability":"instock","product_retailer_item_id":"ADL808302","product_condition":"new"},"_links":{"self":[{"href":"https:\/\/www.oudadl.testontwikkeling.nl\/de\/wp-json\/wp\/v2\/product\/53437","targetHints":{"allow":["GET"]}}],"collection":[{"href":"https:\/\/www.oudadl.testontwikkeling.nl\/de\/wp-json\/wp\/v2\/product"}],"about":[{"href":"https:\/\/www.oudadl.testontwikkeling.nl\/de\/wp-json\/wp\/v2\/types\/product"}],"replies":[{"embeddable":true,"href":"https:\/\/www.oudadl.testontwikkeling.nl\/de\/wp-json\/wp\/v2\/comments?post=53437"}],"wp:featuredmedia":[{"embeddable":true,"href":"https:\/\/www.oudadl.testontwikkeling.nl\/de\/wp-json\/wp\/v2\/media\/55224"}],"wp:attachment":[{"href":"https:\/\/www.oudadl.testontwikkeling.nl\/de\/wp-json\/wp\/v2\/media?parent=53437"}],"wp:term":[{"taxonomy":"product_brand","embeddable":true,"href":"https:\/\/www.oudadl.testontwikkeling.nl\/de\/wp-json\/wp\/v2\/product_brand?post=53437"},{"taxonomy":"product_cat","embeddable":true,"href":"https:\/\/www.oudadl.testontwikkeling.nl\/de\/wp-json\/wp\/v2\/product_cat?post=53437"},{"taxonomy":"product_tag","embeddable":true,"href":"https:\/\/www.oudadl.testontwikkeling.nl\/de\/wp-json\/wp\/v2\/product_tag?post=53437"}],"curies":[{"name":"wp","href":"https:\/\/api.w.org\/{rel}","templated":true}]}}