{"id":53433,"date":"2025-02-15T15:25:09","date_gmt":"2025-02-15T14:25:09","guid":{"rendered":"https:\/\/www.oudadl.testontwikkeling.nl\/?post_type=product&#038;p=53433"},"modified":"2025-12-03T11:21:14","modified_gmt":"2025-12-03T10:21:14","slug":"strands-nuuk-e-line-sl-80w","status":"publish","type":"product","link":"https:\/\/www.oudadl.testontwikkeling.nl\/de\/product\/strands-nuuk-e-line-sl-80w\/","title":{"rendered":"Strands Nuuk E-Line SL 80w"},"content":{"rendered":"<p><span style=\"color: #000000;\"><strong>Strands Nuuk E-Line SL 80w, f\u00fcr 12 und 24 Volt.\u00a0<\/strong><\/span><\/p>\n<p><span style=\"color: #000000;\">Sie suchen eine neue, schlanke Arbeitsleuchte von Strands? Vielleicht ist die Strands Nuuk E-Line SL 80w genau die Lampe, die Sie suchen. Diese breite und extra flache Arbeitsleuchte mit 18 LED's hat eine tats\u00e4chliche Lichtleistung von nicht weniger als 8200 Lumen und eine Leuchtweite von 111 Metern. Die Arbeitsleuchte LED funktioniert mit 12 und 24 Volt, was bedeutet, dass Sie sie an Ihrem LKW, Lieferwagen, Traktor oder einem anderen Fahrzeug montieren k\u00f6nnen. Dank der intelligenten Dimmfunktion k\u00f6nnen Sie die Lichtleistung halbieren, sodass Sie in jeder Situation die richtige Lichtmenge haben.<\/span><\/p>\n<p><span style=\"color: #000000;\">Was den Strands Nuuk E-Line SL einzigartig macht, ist der Abstrahlwinkel von 58\u00b0. Das Licht wird nach unten gerichtet, sodass Sie gro\u00dfe Fl\u00e4chen effizient ausleuchten k\u00f6nnen, ohne dass es zu st\u00f6renden Blendungen kommt. Dies reduziert die Belastung der Augen und sorgt daf\u00fcr, dass das Licht genau dorthin scheint, wo Sie es brauchen \u2013 ideal f\u00fcr lange Arbeitstage im Dunkeln.<\/span><\/p>\n<p><span style=\"color: #000000;\">Damit Sie vor dem Kauf sicher sein k\u00f6nnen, dass diese Arbeitsleuchte LED die richtige Wahl f\u00fcr Sie ist, haben wir Ihnen im Folgenden einige wichtige Merkmale aufgelistet. Der Strands Nuuk E-Line SL 80w ist unter anderem mit dem ECE R10-G\u00fctezeichen versehen. Das bedeutet, dass die Lampe bei korrekter Installation beispielsweise keine St\u00f6rungen Ihres Radiosignals verursacht. Dar\u00fcber hinaus verf\u00fcgt die Arbeitsleuchte \u00fcber das IP68- und IP69K-G\u00fctesiegel, was bedeutet, dass sie vollst\u00e4ndig staub- und wasserdicht ist. Dank der Verwendung langlebiger Materialien und eines robusten Geh\u00e4uses k\u00f6nnen Sie sich auf jahrelange zuverl\u00e4ssige Leistung verlassen. Zur einfachen Installation wird die Arbeitsleuchte mit einem 2,5 Meter langen Anschlusskabel geliefert.<\/span><\/p>\n<h5><span style=\"color: #000000;\"><strong>Abmessungen:<\/strong><\/span><\/h5>\n<p><span style=\"color: #000000;\">Weil Sie vor dem Kauf auch sicher sein m\u00f6chten, ob die Lampe an die Stelle passt, an der Sie sie anbringen m\u00f6chten, haben wir die Ma\u00dfe unten f\u00fcr Sie notiert. Die Abmessungen des Strands Nuuk E-Line SL 80w sind wie folgt:<\/span><\/p>\n<ul>\n<li><span style=\"color: #000000;\">H\u00f6he: 43,9 mm<\/span><\/li>\n<li><span style=\"color: #000000;\">Breite: 566 mm<\/span><\/li>\n<li><span style=\"color: #000000;\">Dicke: 52,8 mm<\/span><\/li>\n<\/ul>\n<h5><span style=\"color: #000000;\"><strong>Andere Versionen:<\/strong><\/span><\/h5>\n<p><span style=\"color: #000000;\">Sie m\u00f6chten eine Nuuk E-Line ab Strands, aber das Modell Scene Light 80w ist nicht ganz das, was Sie suchen? Kein Problem! Strands bietet auch andere Modelle innerhalb der Nuuk-Serie und verschiedene Arbeitsleuchten in unterschiedlichen Gr\u00f6\u00dfen und Lichtst\u00e4rken an. Sehen Sie sich unten unser gesamtes Sortiment an und finden Sie die Lampe, die am besten zu Ihrem Fahrzeug passt.<\/span><\/p>\n<ul>\n<li><span style=\"color: #000000;\"><a style=\"color: #000000;\" href=\"https:\/\/www.oudadl.testontwikkeling.nl\/de\/produkt\/strands-nuuk-e-line-wl-80w\/\"><strong>Strands Nuuk E-Line WL 80w<\/strong><\/a><\/span><\/li>\n<\/ul>\n<p><span style=\"color: #000000;\">Nog, nach dem Lesen noch nicht ganz \u00fcberzeugt? Kein Problem! Vielleicht entspricht die Form, das Lichtbild oder das Aussehen dieser Lampe nicht ganz Ihren Vorstellungen. Zum Gl\u00fcck haben wir noch viele weitere hochwertige Lampen im Sortiment. Werfen Sie einen kurzen Blick auf unser gesamtes Sortiment <a style=\"color: #000000;\" href=\"https:\/\/www.oudadl.testontwikkeling.nl\/de\/merk\/produkt-strands-beleuchtungsabteilung\/\">Strands<\/a> und finden Sie heraus, welcher Arbeitsscheinwerfer perfekt zu Ihrem Fahrzeug und Ihren Bed\u00fcrfnissen passt.<\/span><\/p>","protected":false},"excerpt":{"rendered":"<p>Strands Nuuk E-Line SL 80w, voor 12 en 24 volt.\u00a0 Ben jij op zoek naar een nieuwe, slanke werklamp van Strands? Misschien is de Strands Nuuk E-Line SL 80w dan wel precies de lamp die je zoekt. Deze brede en extra platte werklamp met 18 LED&#8217;s, heeft een werkelijke lichtopbrengst van maar liefst 8200 lumen [&hellip;]<\/p>\n","protected":false},"featured_media":54936,"comment_status":"open","ping_status":"closed","template":"","meta":{"_acf_changed":false,"site-sidebar-layout":"default","site-content-layout":"","ast-site-content-layout":"default","site-content-style":"default","site-sidebar-style":"default","ast-global-header-display":"","ast-banner-title-visibility":"","ast-main-header-display":"","ast-hfb-above-header-display":"","ast-hfb-below-header-display":"","ast-hfb-mobile-header-display":"","site-post-title":"","ast-breadcrumbs-content":"","ast-featured-img":"","footer-sml-layout":"","ast-disable-related-posts":"","theme-transparent-header-meta":"default","adv-header-id-meta":"","stick-header-meta":"","header-above-stick-meta":"","header-main-stick-meta":"","header-below-stick-meta":"","astra-migrate-meta-layouts":"set","ast-page-background-enabled":"default","ast-page-background-meta":{"desktop":{"background-color":"","background-image":"","background-repeat":"repeat","background-position":"center center","background-size":"auto","background-attachment":"scroll","background-type":"","background-media":"","overlay-type":"","overlay-color":"","overlay-opacity":"","overlay-gradient":""},"tablet":{"background-color":"","background-image":"","background-repeat":"repeat","background-position":"center center","background-size":"auto","background-attachment":"scroll","background-type":"","background-media":"","overlay-type":"","overlay-color":"","overlay-opacity":"","overlay-gradient":""},"mobile":{"background-color":"","background-image":"","background-repeat":"repeat","background-position":"center center","background-size":"auto","background-attachment":"scroll","background-type":"","background-media":"","overlay-type":"","overlay-color":"","overlay-opacity":"","overlay-gradient":""}},"ast-content-background-meta":{"desktop":{"background-color":"var(--ast-global-color-5)","background-image":"","background-repeat":"repeat","background-position":"center center","background-size":"auto","background-attachment":"scroll","background-type":"","background-media":"","overlay-type":"","overlay-color":"","overlay-opacity":"","overlay-gradient":""},"tablet":{"background-color":"var(--ast-global-color-5)","background-image":"","background-repeat":"repeat","background-position":"center center","background-size":"auto","background-attachment":"scroll","background-type":"","background-media":"","overlay-type":"","overlay-color":"","overlay-opacity":"","overlay-gradient":""},"mobile":{"background-color":"var(--ast-global-color-5)","background-image":"","background-repeat":"repeat","background-position":"center center","background-size":"auto","background-attachment":"scroll","background-type":"","background-media":"","overlay-type":"","overlay-color":"","overlay-opacity":"","overlay-gradient":""}}},"product_brand":[],"product_cat":[7964,8151],"product_tag":[3786,3789,3788,373,2426,3787,2427],"class_list":{"0":"post-53433","1":"product","2":"type-product","3":"status-publish","4":"has-post-thumbnail","6":"product_cat-led-bar","7":"product_cat-werklamp-overig","8":"product_tag-led-bar","9":"product_tag-led-bar-auto","10":"product_tag-led-bar-vrachtwagen","11":"product_tag-led-werklamp","12":"product_tag-strands-led-verlichting","13":"product_tag-strands-werklamp","14":"product_tag-strands-lighting-division","15":"pa_merkk-product-strands-lighting-division","16":"desktop-align-left","17":"tablet-align-left","18":"mobile-align-left","20":"first","21":"instock","22":"taxable","23":"shipping-taxable","24":"purchasable","25":"product-type-simple"},"acf":[],"yoast_head":"<!-- This site is optimized with the Yoast SEO Premium plugin v25.9 (Yoast SEO v27.6) - https:\/\/yoast.com\/product\/yoast-seo-premium-wordpress\/ -->\n<title>Strands Nuuk E-Line SL 80w - All Day Led - Strands Scene Light - voor 12\/24V<\/title>\n<meta name=\"description\" content=\"Strands Nuuk E-Line SL 80w - krachtige en extra platte werklamp - lichthoek 58\u00b0 - 8200 Lumen - 1 Lux @ 111 meter - IP68 en IP69K waterdicht\" \/>\n<meta name=\"robots\" content=\"noindex, follow, max-snippet:-1, max-image-preview:large, max-video-preview:-1\" \/>\n<meta property=\"og:locale\" content=\"de_DE\" \/>\n<meta property=\"og:type\" content=\"article\" \/>\n<meta property=\"og:title\" content=\"Strands Nuuk E-Line SL 80w - All Day Led - Strands Scene Light - voor 12\/24V\" \/>\n<meta property=\"og:description\" content=\"Strands Nuuk E-Line SL 80w - krachtige en extra platte werklamp - lichthoek 58\u00b0 - 8200 Lumen - 1 Lux @ 111 meter - IP68 en IP69K waterdicht\" \/>\n<meta property=\"og:url\" content=\"https:\/\/www.oudadl.testontwikkeling.nl\/de\/produkt\/strands-nuuk-e-line-sl-80w\/\" \/>\n<meta property=\"og:site_name\" content=\"All Day Led\" \/>\n<meta property=\"article:publisher\" content=\"https:\/\/www.facebook.com\/alldayled\/\" \/>\n<meta property=\"article:modified_time\" content=\"2025-12-03T10:21:14+00:00\" \/>\n<meta property=\"og:image\" content=\"https:\/\/www.oudadl.testontwikkeling.nl\/wp-content\/uploads\/2025\/02\/ADL809136-SM.png\" \/>\n\t<meta property=\"og:image:width\" content=\"800\" \/>\n\t<meta property=\"og:image:height\" content=\"800\" \/>\n\t<meta property=\"og:image:type\" content=\"image\/png\" \/>\n<meta name=\"twitter:label1\" content=\"Preis\" \/>\n\t<meta name=\"twitter:data1\" content=\"&euro;129,00\" \/>\n\t<meta name=\"twitter:label2\" content=\"Verf\u00fcgbarkeit\" \/>\n\t<meta name=\"twitter:data2\" content=\"Auf Lager\" \/>\n<script type=\"application\/ld+json\" class=\"yoast-schema-graph\">{\"@context\":\"https:\\\/\\\/schema.org\",\"@graph\":[{\"@type\":\"WebPage\",\"@id\":\"https:\\\/\\\/www.oudadl.testontwikkeling.nl\\\/product\\\/strands-nuuk-e-line-sl-80w\\\/\",\"url\":\"https:\\\/\\\/www.oudadl.testontwikkeling.nl\\\/product\\\/strands-nuuk-e-line-sl-80w\\\/\",\"name\":\"Strands Nuuk E-Line SL 80w - All Day Led - Strands Scene Light - voor 12\\\/24V\",\"isPartOf\":{\"@id\":\"https:\\\/\\\/www.oudadl.testontwikkeling.nl\\\/#website\"},\"primaryImageOfPage\":{\"@id\":\"https:\\\/\\\/www.oudadl.testontwikkeling.nl\\\/product\\\/strands-nuuk-e-line-sl-80w\\\/#primaryimage\"},\"image\":{\"@id\":\"https:\\\/\\\/www.oudadl.testontwikkeling.nl\\\/product\\\/strands-nuuk-e-line-sl-80w\\\/#primaryimage\"},\"thumbnailUrl\":\"https:\\\/\\\/www.oudadl.testontwikkeling.nl\\\/wp-content\\\/uploads\\\/2025\\\/02\\\/ADL809136.png\",\"datePublished\":\"2025-02-15T14:25:09+00:00\",\"dateModified\":\"2025-12-03T10:21:14+00:00\",\"description\":\"Strands Nuuk E-Line SL 80w - krachtige en extra platte werklamp - lichthoek 58\u00b0 - 8200 Lumen - 1 Lux @ 111 meter - IP68 en IP69K waterdicht\",\"breadcrumb\":{\"@id\":\"https:\\\/\\\/www.oudadl.testontwikkeling.nl\\\/product\\\/strands-nuuk-e-line-sl-80w\\\/#breadcrumb\"},\"inLanguage\":\"de\",\"potentialAction\":[{\"@type\":\"ReadAction\",\"target\":[\"https:\\\/\\\/www.oudadl.testontwikkeling.nl\\\/product\\\/strands-nuuk-e-line-sl-80w\\\/\"]}]},{\"@type\":\"ImageObject\",\"inLanguage\":\"de\",\"@id\":\"https:\\\/\\\/www.oudadl.testontwikkeling.nl\\\/product\\\/strands-nuuk-e-line-sl-80w\\\/#primaryimage\",\"url\":\"https:\\\/\\\/www.oudadl.testontwikkeling.nl\\\/wp-content\\\/uploads\\\/2025\\\/02\\\/ADL809136.png\",\"contentUrl\":\"https:\\\/\\\/www.oudadl.testontwikkeling.nl\\\/wp-content\\\/uploads\\\/2025\\\/02\\\/ADL809136.png\",\"width\":800,\"height\":600,\"caption\":\"Nuuk E-Line SL werklamp - 5000K - geschikt voor 12 en \\\/ of 24 volt gebruik - Strands 809136 - 18 LED punten - Lichthoek 58 graden - EAN: 7323030191665\"},{\"@type\":\"BreadcrumbList\",\"@id\":\"https:\\\/\\\/www.oudadl.testontwikkeling.nl\\\/product\\\/strands-nuuk-e-line-sl-80w\\\/#breadcrumb\",\"itemListElement\":[{\"@type\":\"ListItem\",\"position\":1,\"name\":\"Home\",\"item\":\"https:\\\/\\\/www.oudadl.testontwikkeling.nl\\\/\"},{\"@type\":\"ListItem\",\"position\":2,\"name\":\"Shop\",\"item\":\"https:\\\/\\\/www.oudadl.testontwikkeling.nl\\\/de\\\/shop\\\/\"},{\"@type\":\"ListItem\",\"position\":3,\"name\":\"Verstralers\",\"item\":\"https:\\\/\\\/www.oudadl.testontwikkeling.nl\\\/product-categorie\\\/verstralers\\\/\"},{\"@type\":\"ListItem\",\"position\":4,\"name\":\"LED bar\",\"item\":\"https:\\\/\\\/www.oudadl.testontwikkeling.nl\\\/product-categorie\\\/verstralers\\\/led-bar\\\/\"},{\"@type\":\"ListItem\",\"position\":5,\"name\":\"Strands Nuuk E-Line SL 80w\"}]},{\"@type\":\"WebSite\",\"@id\":\"https:\\\/\\\/www.oudadl.testontwikkeling.nl\\\/#website\",\"url\":\"https:\\\/\\\/www.oudadl.testontwikkeling.nl\\\/\",\"name\":\"All Day Led\",\"description\":\"\",\"publisher\":{\"@id\":\"https:\\\/\\\/www.oudadl.testontwikkeling.nl\\\/#organization\"},\"potentialAction\":[{\"@type\":\"SearchAction\",\"target\":{\"@type\":\"EntryPoint\",\"urlTemplate\":\"https:\\\/\\\/www.oudadl.testontwikkeling.nl\\\/?s={search_term_string}\"},\"query-input\":{\"@type\":\"PropertyValueSpecification\",\"valueRequired\":true,\"valueName\":\"search_term_string\"}}],\"inLanguage\":\"de\"},{\"@type\":\"Organization\",\"@id\":\"https:\\\/\\\/www.oudadl.testontwikkeling.nl\\\/#organization\",\"name\":\"All Day Led\",\"url\":\"https:\\\/\\\/www.oudadl.testontwikkeling.nl\\\/\",\"logo\":{\"@type\":\"ImageObject\",\"inLanguage\":\"de\",\"@id\":\"https:\\\/\\\/www.oudadl.testontwikkeling.nl\\\/#\\\/schema\\\/logo\\\/image\\\/\",\"url\":\"https:\\\/\\\/www.oudadl.testontwikkeling.nl\\\/wp-content\\\/uploads\\\/2022\\\/08\\\/Logo-ALL-DAY-LED-800x800-zwart-witte-letters.png\",\"contentUrl\":\"https:\\\/\\\/www.oudadl.testontwikkeling.nl\\\/wp-content\\\/uploads\\\/2022\\\/08\\\/Logo-ALL-DAY-LED-800x800-zwart-witte-letters.png\",\"width\":800,\"height\":800,\"caption\":\"All Day Led\"},\"image\":{\"@id\":\"https:\\\/\\\/www.oudadl.testontwikkeling.nl\\\/#\\\/schema\\\/logo\\\/image\\\/\"},\"sameAs\":[\"https:\\\/\\\/www.facebook.com\\\/alldayled\\\/\",\"https:\\\/\\\/www.instagram.com\\\/alldayled\\\/\"],\"vatID\":\"NL863960133B01\",\"taxID\":\"86416545\",\"hasMerchantReturnPolicy\":{\"@type\":\"MerchantReturnPolicy\",\"merchantReturnLink\":\"https:\\\/\\\/www.oudadl.testontwikkeling.nl\\\/de\\\/verzenden-retourneren\\\/\"}}]}<\/script>\n<meta property=\"product:brand\" content=\"Strands\" \/>\n<meta property=\"product:price:amount\" content=\"129.00\" \/>\n<meta property=\"product:price:currency\" content=\"EUR\" \/>\n<meta property=\"og:availability\" content=\"instock\" \/>\n<meta property=\"product:availability\" content=\"instock\" \/>\n<meta property=\"product:retailer_item_id\" content=\"ADL809136\" \/>\n<meta property=\"product:condition\" content=\"new\" \/>\n<!-- \/ Yoast SEO Premium plugin. -->","yoast_head_json":{"title":"Strands Nuuk E-Line SL 80w \u2013 All Day Led \u2013 Strands Scene Light \u2013 f\u00fcr 12\/24V","description":"Strands Nuuk E-Line SL 80 W \u2013 leistungsstarke und extra flache Arbeitsleuchte \u2013 Abstrahlwinkel 58\u00b0 \u2013 8200 Lumen \u2013 1 Lux @ 111 Meter \u2013 IP68 und IP69K wasserdicht","robots":{"index":"noindex","follow":"follow","max-snippet":"max-snippet:-1","max-image-preview":"max-image-preview:large","max-video-preview":"max-video-preview:-1"},"og_locale":"de_DE","og_type":"article","og_title":"Strands Nuuk E-Line SL 80w - All Day Led - Strands Scene Light - voor 12\/24V","og_description":"Strands Nuuk E-Line SL 80w - krachtige en extra platte werklamp - lichthoek 58\u00b0 - 8200 Lumen - 1 Lux @ 111 meter - IP68 en IP69K waterdicht","og_url":"https:\/\/www.oudadl.testontwikkeling.nl\/de\/produkt\/strands-nuuk-e-line-sl-80w\/","og_site_name":"All Day Led","article_publisher":"https:\/\/www.facebook.com\/alldayled\/","article_modified_time":"2025-12-03T10:21:14+00:00","og_image":[{"width":800,"height":800,"url":"https:\/\/www.oudadl.testontwikkeling.nl\/wp-content\/uploads\/2025\/02\/ADL809136-SM.png","type":"image\/png"}],"twitter_misc":{"Preis":"&euro;129,00","Verf\u00fcgbarkeit":"Auf Lager"},"schema":{"@context":"https:\/\/schema.org","@graph":[{"@type":"WebPage","@id":"https:\/\/www.oudadl.testontwikkeling.nl\/product\/strands-nuuk-e-line-sl-80w\/","url":"https:\/\/www.oudadl.testontwikkeling.nl\/product\/strands-nuuk-e-line-sl-80w\/","name":"Strands Nuuk E-Line SL 80w \u2013 All Day Led \u2013 Strands Scene Light \u2013 f\u00fcr 12\/24V","isPartOf":{"@id":"https:\/\/www.oudadl.testontwikkeling.nl\/#website"},"primaryImageOfPage":{"@id":"https:\/\/www.oudadl.testontwikkeling.nl\/product\/strands-nuuk-e-line-sl-80w\/#primaryimage"},"image":{"@id":"https:\/\/www.oudadl.testontwikkeling.nl\/product\/strands-nuuk-e-line-sl-80w\/#primaryimage"},"thumbnailUrl":"https:\/\/www.oudadl.testontwikkeling.nl\/wp-content\/uploads\/2025\/02\/ADL809136.png","datePublished":"2025-02-15T14:25:09+00:00","dateModified":"2025-12-03T10:21:14+00:00","description":"Strands Nuuk E-Line SL 80 W \u2013 leistungsstarke und extra flache Arbeitsleuchte \u2013 Abstrahlwinkel 58\u00b0 \u2013 8200 Lumen \u2013 1 Lux @ 111 Meter \u2013 IP68 und IP69K wasserdicht","breadcrumb":{"@id":"https:\/\/www.oudadl.testontwikkeling.nl\/product\/strands-nuuk-e-line-sl-80w\/#breadcrumb"},"inLanguage":"de","potentialAction":[{"@type":"ReadAction","target":["https:\/\/www.oudadl.testontwikkeling.nl\/product\/strands-nuuk-e-line-sl-80w\/"]}]},{"@type":"ImageObject","inLanguage":"de","@id":"https:\/\/www.oudadl.testontwikkeling.nl\/product\/strands-nuuk-e-line-sl-80w\/#primaryimage","url":"https:\/\/www.oudadl.testontwikkeling.nl\/wp-content\/uploads\/2025\/02\/ADL809136.png","contentUrl":"https:\/\/www.oudadl.testontwikkeling.nl\/wp-content\/uploads\/2025\/02\/ADL809136.png","width":800,"height":600,"caption":"Nuuk E-Line SL werklamp - 5000K - geschikt voor 12 en \/ of 24 volt gebruik - Strands 809136 - 18 LED punten - Lichthoek 58 graden - EAN: 7323030191665"},{"@type":"BreadcrumbList","@id":"https:\/\/www.oudadl.testontwikkeling.nl\/product\/strands-nuuk-e-line-sl-80w\/#breadcrumb","itemListElement":[{"@type":"ListItem","position":1,"name":"Home","item":"https:\/\/www.oudadl.testontwikkeling.nl\/"},{"@type":"ListItem","position":2,"name":"Shop","item":"https:\/\/www.oudadl.testontwikkeling.nl\/de\/shop\/"},{"@type":"ListItem","position":3,"name":"Verstralers","item":"https:\/\/www.oudadl.testontwikkeling.nl\/product-categorie\/verstralers\/"},{"@type":"ListItem","position":4,"name":"LED bar","item":"https:\/\/www.oudadl.testontwikkeling.nl\/product-categorie\/verstralers\/led-bar\/"},{"@type":"ListItem","position":5,"name":"Strands Nuuk E-Line SL 80w"}]},{"@type":"WebSite","@id":"https:\/\/www.oudadl.testontwikkeling.nl\/#website","url":"https:\/\/www.oudadl.testontwikkeling.nl\/","name":"All Day Led","description":"","publisher":{"@id":"https:\/\/www.oudadl.testontwikkeling.nl\/#organization"},"potentialAction":[{"@type":"SearchAction","target":{"@type":"EntryPoint","urlTemplate":"https:\/\/www.oudadl.testontwikkeling.nl\/?s={search_term_string}"},"query-input":{"@type":"PropertyValueSpecification","valueRequired":true,"valueName":"search_term_string"}}],"inLanguage":"de"},{"@type":"Organization","@id":"https:\/\/www.oudadl.testontwikkeling.nl\/#organization","name":"All Day Led","url":"https:\/\/www.oudadl.testontwikkeling.nl\/","logo":{"@type":"ImageObject","inLanguage":"de","@id":"https:\/\/www.oudadl.testontwikkeling.nl\/#\/schema\/logo\/image\/","url":"https:\/\/www.oudadl.testontwikkeling.nl\/wp-content\/uploads\/2022\/08\/Logo-ALL-DAY-LED-800x800-zwart-witte-letters.png","contentUrl":"https:\/\/www.oudadl.testontwikkeling.nl\/wp-content\/uploads\/2022\/08\/Logo-ALL-DAY-LED-800x800-zwart-witte-letters.png","width":800,"height":800,"caption":"All Day Led"},"image":{"@id":"https:\/\/www.oudadl.testontwikkeling.nl\/#\/schema\/logo\/image\/"},"sameAs":["https:\/\/www.facebook.com\/alldayled\/","https:\/\/www.instagram.com\/alldayled\/"],"vatID":"NL863960133B01","taxID":"86416545","hasMerchantReturnPolicy":{"@type":"MerchantReturnPolicy","merchantReturnLink":"https:\/\/www.oudadl.testontwikkeling.nl\/de\/verzenden-retourneren\/"}}]},"product_brand":"Strands","product_price_amount":"129.00","product_price_currency":"EUR","og_availability":"instock","product_availability":"instock","product_retailer_item_id":"ADL809136","product_condition":"new"},"_links":{"self":[{"href":"https:\/\/www.oudadl.testontwikkeling.nl\/de\/wp-json\/wp\/v2\/product\/53433","targetHints":{"allow":["GET"]}}],"collection":[{"href":"https:\/\/www.oudadl.testontwikkeling.nl\/de\/wp-json\/wp\/v2\/product"}],"about":[{"href":"https:\/\/www.oudadl.testontwikkeling.nl\/de\/wp-json\/wp\/v2\/types\/product"}],"replies":[{"embeddable":true,"href":"https:\/\/www.oudadl.testontwikkeling.nl\/de\/wp-json\/wp\/v2\/comments?post=53433"}],"wp:featuredmedia":[{"embeddable":true,"href":"https:\/\/www.oudadl.testontwikkeling.nl\/de\/wp-json\/wp\/v2\/media\/54936"}],"wp:attachment":[{"href":"https:\/\/www.oudadl.testontwikkeling.nl\/de\/wp-json\/wp\/v2\/media?parent=53433"}],"wp:term":[{"taxonomy":"product_brand","embeddable":true,"href":"https:\/\/www.oudadl.testontwikkeling.nl\/de\/wp-json\/wp\/v2\/product_brand?post=53433"},{"taxonomy":"product_cat","embeddable":true,"href":"https:\/\/www.oudadl.testontwikkeling.nl\/de\/wp-json\/wp\/v2\/product_cat?post=53433"},{"taxonomy":"product_tag","embeddable":true,"href":"https:\/\/www.oudadl.testontwikkeling.nl\/de\/wp-json\/wp\/v2\/product_tag?post=53433"}],"curies":[{"name":"wp","href":"https:\/\/api.w.org\/{rel}","templated":true}]}}