{"id":53330,"date":"2025-02-13T12:02:59","date_gmt":"2025-02-13T11:02:59","guid":{"rendered":"https:\/\/www.oudadl.testontwikkeling.nl\/?post_type=product&#038;p=53330"},"modified":"2025-10-29T22:20:20","modified_gmt":"2025-10-29T21:20:20","slug":"m-led-markeringslamp-smoke-rood","status":"publish","type":"product","link":"https:\/\/www.oudadl.testontwikkeling.nl\/de\/product\/m-led-markeringslamp-smoke-rood\/","title":{"rendered":"M-LED Positionsleuchte smoke - ROT"},"content":{"rendered":"<p><span style=\"color: #000000;\"><strong>M-LED Positionsleuchte smoke ROT, f\u00fcr 12 und 24 Volt.\u00a0<\/strong><\/span><\/p>\n<p><span style=\"color: #000000;\">Suchen Sie nach einer kompakten Begrenzungsleuchte mit elegantem Aussehen und zuverl\u00e4ssiger Leistung? Dann sind Sie bei der M-LED Positionsleuchte SMOKE ROT genau richtig. Diese vollst\u00e4ndige LED-Begrenzungsleuchte verf\u00fcgt \u00fcber zwei leistungsstarke LED-Punkte, die ein helles Lichtmuster erzeugen. Durch die get\u00f6nte Linse sieht die Lampe stylisch aus, ist aber dennoch gut sichtbar und dank E-Pr\u00fcfzeichen R148 und R10 voll zugelassen. Durch die Mehrspannungssteuerung ist es sowohl f\u00fcr 12- als auch f\u00fcr 24-Volt-Systeme geeignet, ideal f\u00fcr Ihren LKW, Anh\u00e4nger, Wohnmobil oder Arbeitsfahrzeug.<\/span><\/p>\n<p><span style=\"color: #000000;\">Die Markierungsleuchte M-LED ist vollst\u00e4ndig wasserdicht (IP68), sodass Regen, Schlamm oder Staub kein Problem darstellen. Sie erhalten zwei Gummipolster: eines f\u00fcr die ebene Montage und eines f\u00fcr die Montage auf runden Fl\u00e4chen wie beispielsweise Bull Bars, Lampenhalterungen oder Seitenb\u00fcgeln. Dadurch k\u00f6nnen Sie es genau dort platzieren, wo Sie m\u00f6chten. Das 1 Meter lange Anschlusskabel erleichtert die Installation. Erh\u00e4ltlich in drei Rauchfarben: Wei\u00df, Orange und Rot. Kurz gesagt: eine kleine Lampe mit gro\u00dfen M\u00f6glichkeiten.<\/span><\/p>\n<h5><span style=\"color: #000000;\"><strong>Abmessungen:<\/strong><\/span><\/h5>\n<p><span style=\"color: #000000;\">Bevor Sie mit der Montage beginnen, ist es sinnvoll zu pr\u00fcfen, ob die Lampe an den von Ihnen vorgesehenen Ort passt. Deshalb haben wir im Folgenden die genauen Abmessungen der M-LED Positionsleuchte f\u00fcr Sie aufgelistet:<\/span><\/p>\n<ul>\n<li><span style=\"color: #000000;\">Breite: 81 mm<\/span><\/li>\n<li><span style=\"color: #000000;\">H\u00f6he: 26 mm<\/span><\/li>\n<li><span style=\"color: #000000;\">Dicke: 8 mm<\/span><\/li>\n<li><span style=\"color: #000000;\">HoH: 60 mm<\/span><\/li>\n<\/ul>\n<h5><span style=\"color: #000000;\"><strong>Andere Farben:<\/strong><\/span><\/h5>\n<p><span style=\"color: #000000;\">Sie m\u00f6chten lieber keine rote Version? Kein Problem! Diese M-LED Positionsleuchte SMOKE rot mit ECE R148 G\u00fctezeichen ist auch in weiteren Varianten erh\u00e4ltlich:<\/span><\/p>\n<ul>\n<li><a href=\"https:\/\/www.oudadl.testontwikkeling.nl\/de\/produkt\/m-led-markeringslamp-smoke-oranje\/\"><span style=\"color: #000000;\"><strong>M-LED Begrenzungsleuchte smoke orange<\/strong><\/span><\/a><\/li>\n<li><a href=\"https:\/\/www.oudadl.testontwikkeling.nl\/de\/produkt\/m-led-markeringslamp-smoke-wit\/\"><span style=\"color: #000000;\"><strong>M-LED Begrenzungsleuchte smoke wei\u00df<\/strong><\/span><\/a><\/li>\n<\/ul>\n<p><span style=\"color: #000000;\">Ist diese M-LED Positionsleuchte nicht ganz das, was Sie sich vorgestellt haben? Vielleicht passt die Farbe, Form oder das Design nicht ganz zu Ihrem Fahrzeug. Dann werfen Sie einen Blick auf unser umfangreiches Angebot an <a style=\"color: #000000;\" href=\"https:\/\/www.oudadl.testontwikkeling.nl\/de\/merkk\/product-m-led\/\">M-LED-Lampen.<\/a> Es besteht eine gute Chance, dass das, was Sie brauchen, genau das ist, wonach Sie suchen.<br \/>\n<\/span><\/p>","protected":false},"excerpt":{"rendered":"<p>M-LED markeringslamp smoke ROOD, voor 12 &amp; 24 volt gebruik.\u00a0 Ben je op zoek naar een compacte markeringslamp met een strakke uitstraling \u00e9n betrouwbare prestaties? Dan zit je goed met de M-LED markeringslamp smoke ROOD. Deze full LED markeringslamp heeft twee krachtige LED punten die zorgen voor een helder lichtbeeld. Door de smoke lens oogt [&hellip;]<\/p>\n","protected":false},"featured_media":55333,"comment_status":"open","ping_status":"closed","template":"","meta":{"_acf_changed":false,"site-sidebar-layout":"default","site-content-layout":"","ast-site-content-layout":"default","site-content-style":"default","site-sidebar-style":"default","ast-global-header-display":"","ast-banner-title-visibility":"","ast-main-header-display":"","ast-hfb-above-header-display":"","ast-hfb-below-header-display":"","ast-hfb-mobile-header-display":"","site-post-title":"","ast-breadcrumbs-content":"","ast-featured-img":"","footer-sml-layout":"","ast-disable-related-posts":"","theme-transparent-header-meta":"default","adv-header-id-meta":"","stick-header-meta":"","header-above-stick-meta":"","header-main-stick-meta":"","header-below-stick-meta":"","astra-migrate-meta-layouts":"set","ast-page-background-enabled":"default","ast-page-background-meta":{"desktop":{"background-color":"","background-image":"","background-repeat":"repeat","background-position":"center center","background-size":"auto","background-attachment":"scroll","background-type":"","background-media":"","overlay-type":"","overlay-color":"","overlay-opacity":"","overlay-gradient":""},"tablet":{"background-color":"","background-image":"","background-repeat":"repeat","background-position":"center center","background-size":"auto","background-attachment":"scroll","background-type":"","background-media":"","overlay-type":"","overlay-color":"","overlay-opacity":"","overlay-gradient":""},"mobile":{"background-color":"","background-image":"","background-repeat":"repeat","background-position":"center center","background-size":"auto","background-attachment":"scroll","background-type":"","background-media":"","overlay-type":"","overlay-color":"","overlay-opacity":"","overlay-gradient":""}},"ast-content-background-meta":{"desktop":{"background-color":"var(--ast-global-color-5)","background-image":"","background-repeat":"repeat","background-position":"center center","background-size":"auto","background-attachment":"scroll","background-type":"","background-media":"","overlay-type":"","overlay-color":"","overlay-opacity":"","overlay-gradient":""},"tablet":{"background-color":"var(--ast-global-color-5)","background-image":"","background-repeat":"repeat","background-position":"center center","background-size":"auto","background-attachment":"scroll","background-type":"","background-media":"","overlay-type":"","overlay-color":"","overlay-opacity":"","overlay-gradient":""},"mobile":{"background-color":"var(--ast-global-color-5)","background-image":"","background-repeat":"repeat","background-position":"center center","background-size":"auto","background-attachment":"scroll","background-type":"","background-media":"","overlay-type":"","overlay-color":"","overlay-opacity":"","overlay-gradient":""}}},"product_brand":[],"product_cat":[262],"product_tag":[263,2476,5486,5485,7980,2473,2477,2474,2475],"class_list":{"0":"post-53330","1":"product","2":"type-product","3":"status-publish","4":"has-post-thumbnail","6":"product_cat-markeringslampen","7":"product_tag-contourverlichting","8":"product_tag-led-markeringslamp","9":"product_tag-led-markeringslamp-12-volt","10":"product_tag-led-markeringslamp-24-volt","11":"product_tag-m-led-verlichting","12":"product_tag-markeringslamp-aanhanger","13":"product_tag-markeringslamp-camper","14":"product_tag-markeringslamp-trailer","15":"product_tag-markeringslamp-vrachtwagen","16":"pa_merkk-product-m-led","17":"desktop-align-left","18":"tablet-align-left","19":"mobile-align-left","21":"first","22":"instock","23":"taxable","24":"shipping-taxable","25":"purchasable","26":"product-type-simple"},"acf":[],"yoast_head":"<!-- This site is optimized with the Yoast SEO Premium plugin v25.9 (Yoast SEO v27.6) - https:\/\/yoast.com\/product\/yoast-seo-premium-wordpress\/ -->\n<title>M-LED markeringslamp smoke ROOD - All Day Led - geschikt voor 12 &amp; 24 Volt<\/title>\n<meta name=\"description\" content=\"M-LED markeringslamp SMOKE ROOD - LED lamp met 2 LED punten - incl. ECE R148 en R10 keurmerk - voor auto, vrachtwagen, aanhanger, tractor en meer\" \/>\n<meta name=\"robots\" content=\"noindex, follow, max-snippet:-1, max-image-preview:large, max-video-preview:-1\" \/>\n<meta property=\"og:locale\" content=\"de_DE\" \/>\n<meta property=\"og:type\" content=\"article\" \/>\n<meta property=\"og:title\" content=\"M-LED markeringslamp smoke ROOD - All Day Led - geschikt voor 12 &amp; 24 Volt\" \/>\n<meta property=\"og:description\" content=\"M-LED markeringslamp SMOKE ROOD - LED lamp met 2 LED punten - incl. ECE R148 en R10 keurmerk - voor auto, vrachtwagen, aanhanger, tractor en meer\" \/>\n<meta property=\"og:url\" content=\"https:\/\/www.oudadl.testontwikkeling.nl\/de\/produkt\/m-led-markeringslamp-smoke-rood\/\" \/>\n<meta property=\"og:site_name\" content=\"All Day Led\" \/>\n<meta property=\"article:publisher\" content=\"https:\/\/www.facebook.com\/alldayled\/\" \/>\n<meta property=\"article:modified_time\" content=\"2025-10-29T21:20:20+00:00\" \/>\n<meta property=\"og:image\" content=\"https:\/\/www.oudadl.testontwikkeling.nl\/wp-content\/uploads\/2025\/02\/ADL20382-SM-2.png\" \/>\n\t<meta property=\"og:image:width\" content=\"800\" \/>\n\t<meta property=\"og:image:height\" content=\"800\" \/>\n\t<meta property=\"og:image:type\" content=\"image\/png\" \/>\n<meta name=\"twitter:label1\" content=\"Preis\" \/>\n\t<meta name=\"twitter:data1\" content=\"&euro;13,25\" \/>\n\t<meta name=\"twitter:label2\" content=\"Verf\u00fcgbarkeit\" \/>\n\t<meta name=\"twitter:data2\" content=\"Auf Lager\" \/>\n<script type=\"application\/ld+json\" class=\"yoast-schema-graph\">{\"@context\":\"https:\\\/\\\/schema.org\",\"@graph\":[{\"@type\":\"WebPage\",\"@id\":\"https:\\\/\\\/www.oudadl.testontwikkeling.nl\\\/product\\\/m-led-markeringslamp-smoke-rood\\\/\",\"url\":\"https:\\\/\\\/www.oudadl.testontwikkeling.nl\\\/product\\\/m-led-markeringslamp-smoke-rood\\\/\",\"name\":\"M-LED markeringslamp smoke ROOD - All Day Led - geschikt voor 12 & 24 Volt\",\"isPartOf\":{\"@id\":\"https:\\\/\\\/www.oudadl.testontwikkeling.nl\\\/#website\"},\"primaryImageOfPage\":{\"@id\":\"https:\\\/\\\/www.oudadl.testontwikkeling.nl\\\/product\\\/m-led-markeringslamp-smoke-rood\\\/#primaryimage\"},\"image\":{\"@id\":\"https:\\\/\\\/www.oudadl.testontwikkeling.nl\\\/product\\\/m-led-markeringslamp-smoke-rood\\\/#primaryimage\"},\"thumbnailUrl\":\"https:\\\/\\\/www.oudadl.testontwikkeling.nl\\\/wp-content\\\/uploads\\\/2025\\\/02\\\/ADL20382.png\",\"datePublished\":\"2025-02-13T11:02:59+00:00\",\"dateModified\":\"2025-10-29T21:20:20+00:00\",\"description\":\"M-LED markeringslamp SMOKE ROOD - LED lamp met 2 LED punten - incl. ECE R148 en R10 keurmerk - voor auto, vrachtwagen, aanhanger, tractor en meer\",\"breadcrumb\":{\"@id\":\"https:\\\/\\\/www.oudadl.testontwikkeling.nl\\\/product\\\/m-led-markeringslamp-smoke-rood\\\/#breadcrumb\"},\"inLanguage\":\"de\",\"potentialAction\":[{\"@type\":\"ReadAction\",\"target\":[\"https:\\\/\\\/www.oudadl.testontwikkeling.nl\\\/product\\\/m-led-markeringslamp-smoke-rood\\\/\"]}]},{\"@type\":\"ImageObject\",\"inLanguage\":\"de\",\"@id\":\"https:\\\/\\\/www.oudadl.testontwikkeling.nl\\\/product\\\/m-led-markeringslamp-smoke-rood\\\/#primaryimage\",\"url\":\"https:\\\/\\\/www.oudadl.testontwikkeling.nl\\\/wp-content\\\/uploads\\\/2025\\\/02\\\/ADL20382.png\",\"contentUrl\":\"https:\\\/\\\/www.oudadl.testontwikkeling.nl\\\/wp-content\\\/uploads\\\/2025\\\/02\\\/ADL20382.png\",\"width\":800,\"height\":600,\"caption\":\"M-LED markeringslamp - rood - geschikt voor 12 en \\\/ of 24 volt gebruik - ZM382 - 2 LED punten\"},{\"@type\":\"BreadcrumbList\",\"@id\":\"https:\\\/\\\/www.oudadl.testontwikkeling.nl\\\/product\\\/m-led-markeringslamp-smoke-rood\\\/#breadcrumb\",\"itemListElement\":[{\"@type\":\"ListItem\",\"position\":1,\"name\":\"Home\",\"item\":\"https:\\\/\\\/www.oudadl.testontwikkeling.nl\\\/\"},{\"@type\":\"ListItem\",\"position\":2,\"name\":\"Shop\",\"item\":\"https:\\\/\\\/www.oudadl.testontwikkeling.nl\\\/de\\\/shop\\\/\"},{\"@type\":\"ListItem\",\"position\":3,\"name\":\"Positielampen\",\"item\":\"https:\\\/\\\/www.oudadl.testontwikkeling.nl\\\/product-categorie\\\/positielampen\\\/\"},{\"@type\":\"ListItem\",\"position\":4,\"name\":\"Markeringslampen\",\"item\":\"https:\\\/\\\/www.oudadl.testontwikkeling.nl\\\/product-categorie\\\/positielampen\\\/markeringslampen\\\/\"},{\"@type\":\"ListItem\",\"position\":5,\"name\":\"M-LED markeringslamp smoke &#8211; ROOD\"}]},{\"@type\":\"WebSite\",\"@id\":\"https:\\\/\\\/www.oudadl.testontwikkeling.nl\\\/#website\",\"url\":\"https:\\\/\\\/www.oudadl.testontwikkeling.nl\\\/\",\"name\":\"All Day Led\",\"description\":\"\",\"publisher\":{\"@id\":\"https:\\\/\\\/www.oudadl.testontwikkeling.nl\\\/#organization\"},\"potentialAction\":[{\"@type\":\"SearchAction\",\"target\":{\"@type\":\"EntryPoint\",\"urlTemplate\":\"https:\\\/\\\/www.oudadl.testontwikkeling.nl\\\/?s={search_term_string}\"},\"query-input\":{\"@type\":\"PropertyValueSpecification\",\"valueRequired\":true,\"valueName\":\"search_term_string\"}}],\"inLanguage\":\"de\"},{\"@type\":\"Organization\",\"@id\":\"https:\\\/\\\/www.oudadl.testontwikkeling.nl\\\/#organization\",\"name\":\"All Day Led\",\"url\":\"https:\\\/\\\/www.oudadl.testontwikkeling.nl\\\/\",\"logo\":{\"@type\":\"ImageObject\",\"inLanguage\":\"de\",\"@id\":\"https:\\\/\\\/www.oudadl.testontwikkeling.nl\\\/#\\\/schema\\\/logo\\\/image\\\/\",\"url\":\"https:\\\/\\\/www.oudadl.testontwikkeling.nl\\\/wp-content\\\/uploads\\\/2022\\\/08\\\/Logo-ALL-DAY-LED-800x800-zwart-witte-letters.png\",\"contentUrl\":\"https:\\\/\\\/www.oudadl.testontwikkeling.nl\\\/wp-content\\\/uploads\\\/2022\\\/08\\\/Logo-ALL-DAY-LED-800x800-zwart-witte-letters.png\",\"width\":800,\"height\":800,\"caption\":\"All Day Led\"},\"image\":{\"@id\":\"https:\\\/\\\/www.oudadl.testontwikkeling.nl\\\/#\\\/schema\\\/logo\\\/image\\\/\"},\"sameAs\":[\"https:\\\/\\\/www.facebook.com\\\/alldayled\\\/\",\"https:\\\/\\\/www.instagram.com\\\/alldayled\\\/\"],\"vatID\":\"NL863960133B01\",\"taxID\":\"86416545\",\"hasMerchantReturnPolicy\":{\"@type\":\"MerchantReturnPolicy\",\"merchantReturnLink\":\"https:\\\/\\\/www.oudadl.testontwikkeling.nl\\\/de\\\/verzenden-retourneren\\\/\"}}]}<\/script>\n<meta property=\"product:brand\" content=\"M-LED\" \/>\n<meta property=\"product:price:amount\" content=\"13.25\" \/>\n<meta property=\"product:price:currency\" content=\"EUR\" \/>\n<meta property=\"og:availability\" content=\"instock\" \/>\n<meta property=\"product:availability\" content=\"instock\" \/>\n<meta property=\"product:retailer_item_id\" content=\"ADL20382\" \/>\n<meta property=\"product:condition\" content=\"new\" \/>\n<!-- \/ Yoast SEO Premium plugin. -->","yoast_head_json":{"title":"M-LED Positionsleuchte smoke ROT - All Day Led - passend f\u00fcr 12 &amp; 24 Volt","description":"M-LED Positionsleuchte smoke ROT - LED Lampe mit 2 LED Punkten - inkl. ECE R148 und R10 Pr\u00fcfzeichen \u2013 f\u00fcr PKW, LKW, Anh\u00e4nger, Traktor und mehr","robots":{"index":"noindex","follow":"follow","max-snippet":"max-snippet:-1","max-image-preview":"max-image-preview:large","max-video-preview":"max-video-preview:-1"},"og_locale":"de_DE","og_type":"article","og_title":"M-LED markeringslamp smoke ROOD - All Day Led - geschikt voor 12 & 24 Volt","og_description":"M-LED markeringslamp SMOKE ROOD - LED lamp met 2 LED punten - incl. ECE R148 en R10 keurmerk - voor auto, vrachtwagen, aanhanger, tractor en meer","og_url":"https:\/\/www.oudadl.testontwikkeling.nl\/de\/produkt\/m-led-markeringslamp-smoke-rood\/","og_site_name":"All Day Led","article_publisher":"https:\/\/www.facebook.com\/alldayled\/","article_modified_time":"2025-10-29T21:20:20+00:00","og_image":[{"width":800,"height":800,"url":"https:\/\/www.oudadl.testontwikkeling.nl\/wp-content\/uploads\/2025\/02\/ADL20382-SM-2.png","type":"image\/png"}],"twitter_misc":{"Preis":"&euro;13,25","Verf\u00fcgbarkeit":"Auf Lager"},"schema":{"@context":"https:\/\/schema.org","@graph":[{"@type":"WebPage","@id":"https:\/\/www.oudadl.testontwikkeling.nl\/product\/m-led-markeringslamp-smoke-rood\/","url":"https:\/\/www.oudadl.testontwikkeling.nl\/product\/m-led-markeringslamp-smoke-rood\/","name":"M-LED Positionsleuchte smoke ROT - All Day Led - passend f\u00fcr 12 &amp; 24 Volt","isPartOf":{"@id":"https:\/\/www.oudadl.testontwikkeling.nl\/#website"},"primaryImageOfPage":{"@id":"https:\/\/www.oudadl.testontwikkeling.nl\/product\/m-led-markeringslamp-smoke-rood\/#primaryimage"},"image":{"@id":"https:\/\/www.oudadl.testontwikkeling.nl\/product\/m-led-markeringslamp-smoke-rood\/#primaryimage"},"thumbnailUrl":"https:\/\/www.oudadl.testontwikkeling.nl\/wp-content\/uploads\/2025\/02\/ADL20382.png","datePublished":"2025-02-13T11:02:59+00:00","dateModified":"2025-10-29T21:20:20+00:00","description":"M-LED Positionsleuchte smoke ROT - LED Lampe mit 2 LED Punkten - inkl. ECE R148 und R10 Pr\u00fcfzeichen \u2013 f\u00fcr PKW, LKW, Anh\u00e4nger, Traktor und mehr","breadcrumb":{"@id":"https:\/\/www.oudadl.testontwikkeling.nl\/product\/m-led-markeringslamp-smoke-rood\/#breadcrumb"},"inLanguage":"de","potentialAction":[{"@type":"ReadAction","target":["https:\/\/www.oudadl.testontwikkeling.nl\/product\/m-led-markeringslamp-smoke-rood\/"]}]},{"@type":"ImageObject","inLanguage":"de","@id":"https:\/\/www.oudadl.testontwikkeling.nl\/product\/m-led-markeringslamp-smoke-rood\/#primaryimage","url":"https:\/\/www.oudadl.testontwikkeling.nl\/wp-content\/uploads\/2025\/02\/ADL20382.png","contentUrl":"https:\/\/www.oudadl.testontwikkeling.nl\/wp-content\/uploads\/2025\/02\/ADL20382.png","width":800,"height":600,"caption":"M-LED markeringslamp - rood - geschikt voor 12 en \/ of 24 volt gebruik - ZM382 - 2 LED punten"},{"@type":"BreadcrumbList","@id":"https:\/\/www.oudadl.testontwikkeling.nl\/product\/m-led-markeringslamp-smoke-rood\/#breadcrumb","itemListElement":[{"@type":"ListItem","position":1,"name":"Home","item":"https:\/\/www.oudadl.testontwikkeling.nl\/"},{"@type":"ListItem","position":2,"name":"Shop","item":"https:\/\/www.oudadl.testontwikkeling.nl\/de\/shop\/"},{"@type":"ListItem","position":3,"name":"Positielampen","item":"https:\/\/www.oudadl.testontwikkeling.nl\/product-categorie\/positielampen\/"},{"@type":"ListItem","position":4,"name":"Markeringslampen","item":"https:\/\/www.oudadl.testontwikkeling.nl\/product-categorie\/positielampen\/markeringslampen\/"},{"@type":"ListItem","position":5,"name":"M-LED markeringslamp smoke &#8211; ROOD"}]},{"@type":"WebSite","@id":"https:\/\/www.oudadl.testontwikkeling.nl\/#website","url":"https:\/\/www.oudadl.testontwikkeling.nl\/","name":"All Day Led","description":"","publisher":{"@id":"https:\/\/www.oudadl.testontwikkeling.nl\/#organization"},"potentialAction":[{"@type":"SearchAction","target":{"@type":"EntryPoint","urlTemplate":"https:\/\/www.oudadl.testontwikkeling.nl\/?s={search_term_string}"},"query-input":{"@type":"PropertyValueSpecification","valueRequired":true,"valueName":"search_term_string"}}],"inLanguage":"de"},{"@type":"Organization","@id":"https:\/\/www.oudadl.testontwikkeling.nl\/#organization","name":"All Day Led","url":"https:\/\/www.oudadl.testontwikkeling.nl\/","logo":{"@type":"ImageObject","inLanguage":"de","@id":"https:\/\/www.oudadl.testontwikkeling.nl\/#\/schema\/logo\/image\/","url":"https:\/\/www.oudadl.testontwikkeling.nl\/wp-content\/uploads\/2022\/08\/Logo-ALL-DAY-LED-800x800-zwart-witte-letters.png","contentUrl":"https:\/\/www.oudadl.testontwikkeling.nl\/wp-content\/uploads\/2022\/08\/Logo-ALL-DAY-LED-800x800-zwart-witte-letters.png","width":800,"height":800,"caption":"All Day Led"},"image":{"@id":"https:\/\/www.oudadl.testontwikkeling.nl\/#\/schema\/logo\/image\/"},"sameAs":["https:\/\/www.facebook.com\/alldayled\/","https:\/\/www.instagram.com\/alldayled\/"],"vatID":"NL863960133B01","taxID":"86416545","hasMerchantReturnPolicy":{"@type":"MerchantReturnPolicy","merchantReturnLink":"https:\/\/www.oudadl.testontwikkeling.nl\/de\/verzenden-retourneren\/"}}]},"product_brand":"M-LED","product_price_amount":"13.25","product_price_currency":"EUR","og_availability":"instock","product_availability":"instock","product_retailer_item_id":"ADL20382","product_condition":"new"},"_links":{"self":[{"href":"https:\/\/www.oudadl.testontwikkeling.nl\/de\/wp-json\/wp\/v2\/product\/53330","targetHints":{"allow":["GET"]}}],"collection":[{"href":"https:\/\/www.oudadl.testontwikkeling.nl\/de\/wp-json\/wp\/v2\/product"}],"about":[{"href":"https:\/\/www.oudadl.testontwikkeling.nl\/de\/wp-json\/wp\/v2\/types\/product"}],"replies":[{"embeddable":true,"href":"https:\/\/www.oudadl.testontwikkeling.nl\/de\/wp-json\/wp\/v2\/comments?post=53330"}],"wp:featuredmedia":[{"embeddable":true,"href":"https:\/\/www.oudadl.testontwikkeling.nl\/de\/wp-json\/wp\/v2\/media\/55333"}],"wp:attachment":[{"href":"https:\/\/www.oudadl.testontwikkeling.nl\/de\/wp-json\/wp\/v2\/media?parent=53330"}],"wp:term":[{"taxonomy":"product_brand","embeddable":true,"href":"https:\/\/www.oudadl.testontwikkeling.nl\/de\/wp-json\/wp\/v2\/product_brand?post=53330"},{"taxonomy":"product_cat","embeddable":true,"href":"https:\/\/www.oudadl.testontwikkeling.nl\/de\/wp-json\/wp\/v2\/product_cat?post=53330"},{"taxonomy":"product_tag","embeddable":true,"href":"https:\/\/www.oudadl.testontwikkeling.nl\/de\/wp-json\/wp\/v2\/product_tag?post=53330"}],"curies":[{"name":"wp","href":"https:\/\/api.w.org\/{rel}","templated":true}]}}